{"id":178769,"date":"2023-04-04T12:15:16","date_gmt":"2023-04-04T11:15:16","guid":{"rendered":"https:\/\/www.directhealthcaregroup.com\/?page_id=178769"},"modified":"2023-05-16T19:51:04","modified_gmt":"2023-05-16T18:51:04","slug":"178769-2","status":"publish","type":"page","link":"https:\/\/www.directhealthcaregroup.com\/da\/viden-og-evidens\/178769-2\/","title":{"rendered":"7 ugers afpr\u00f8vning med positive resultater"},"content":{"rendered":"\n<h1 class=\"wp-block-heading\"><\/h1>\n\n\n\n<p>Vendlets lejringspudeserie, LEJRELET, der best\u00e5r af 6 puder specialdesignet til lejring og positionsunderst\u00f8ttelse, er i 7 uger blevet afpr\u00f8vet med positive resultater.<\/p>\n\n\n\n<p>18. august 2017<\/p>\n\n\n\n<p>Afpr\u00f8vningen, der havde til form\u00e5l at afd\u00e6kke pudernes tryks\u00e5rsforebyggende egenskaber, foregik p\u00e5 et plejecenter i Berlin, Zentrum f\u00fcr Beatmung und Intensivpflege (ZBI). Og resultaterne var positive! Der var nemlig ingen af de 11 testpersoner der udviklede tryks\u00e5r i l\u00f8bet af testperioden, og \u00e9n person havde endda et eksisterende kategori 3 tryks\u00e5r, som helede op i l\u00f8bet af perioden. Dette p\u00e5 trods af at de alle var vurderet til at v\u00e6re i risiko for at udvikle tryks\u00e5r.<\/p>\n\n\n\n<h2 class=\"wp-block-heading\"><strong>Baggrund for afpr\u00f8vningen<\/strong><\/h2>\n\n\n\n<p>Plejecenterets vurdering af lejringspuderne blev foretaget p\u00e5 baggrund af observationer lavet af centerets&nbsp;h\u00f8jt specialiserede plejepersonale, sygeplejersker og terapeuter ud fra en systematisk testplan, og den&nbsp;endelige vurdering blev foretaget af centerets s\u00e5rspecialist Sebastian Kruschwitz.<\/p>\n\n\n\n<p>Testpersonerne var i alderen mellem 22 og 83 \u00e5r og alle mere eller mindre begr\u00e6nset i deres mobilitet. Alle&nbsp;de 11 testpersoner blev vurderet til at v\u00e6re i risiko for at udvikle&nbsp; tryks\u00e5r, og havde derfor brug for&nbsp;tryks\u00e5rsforebyggende behandling.&nbsp;<\/p>\n\n\n\n<p>Udstyret kun med puderne fra LEJRELET serien udf\u00f8rte personalet de forskellige lejringsmetoder de fandt&nbsp;n\u00f8dvendige for den individuelle borgers plejem\u00e6ssige behov. Foruden tryks\u00e5rsforebyggelse blev&nbsp;lejringspuderne anvendt af ZBI med forskellige andre m\u00e5ls\u00e6tninger for \u00f8je, herunder regulering af&nbsp;muskeltonus, lettelse af \u00e5ndedr\u00e6ttet og til sanseintegration. Personalet oplevede at kunne udf\u00f8re alle de&nbsp;lejringer, de fandt passende for at aflaste den enkelte patient, med de puder der er tilg\u00e6ngelige i LEJRELET&nbsp;serien.<\/p>\n\n\n\n<h2 class=\"wp-block-heading\"><strong>Langt bedre end dyner og t\u00e6pper<\/strong><\/h2>\n\n\n\n<p>Foruden de tryks\u00e5rsforebyggende egenskaber observerede personalet ingen for\u00f8get hudfugtighed ved&nbsp;borgerne under anvendelse af puderne, p\u00e5 trods af sommertemperaturer i perioden. Puderne er nemlig&nbsp;udviklet af et materiale, der lader varme passere igennem, modsat hvad man vil opleve ved brug af&nbsp;almindelige dyner og t\u00e6pper, som netop er designet til at holde p\u00e5 varmen.&nbsp;<\/p>\n\n\n\n<p>Pudernes betr\u00e6k betyder ogs\u00e5, at de ikke glider v\u00e6k, n\u00e5r borgeren er lejret i den \u00f8nskede position. Og&nbsp;dette var ogs\u00e5 en af de fordele som plejepersonalet p\u00e5 ZBI oplevede. Puderne blev hvor de skulle, og&nbsp;lejringen kunne bevares s\u00e5 l\u00e6nge plejepersonalet tillod det. Personalet p\u00e5pegede ogs\u00e5, at puderne tilpassede sig den sengeliggendes krop uden at miste sin position og trykaflastende egenskaber.<\/p>\n\n\n\n<h2 class=\"wp-block-heading\"><strong>Flere anvendelsesmuligheder end lejring<\/strong><\/h2>\n\n\n\n<p>Selvom LEJRELET serien er udviklet specielt til trykaflastning har de dog ogs\u00e5 mange andre anvendelsesmuligheder. Det erfarede plejepersonalet hos ZBI ogs\u00e5.<\/p>\n\n\n\n<p><br>Puderne blev nemlig, foruden positionsunderst\u00f8ttelse, ogs\u00e5 anvendt med andre m\u00e5l for \u00f8je, herunder sanseintegration, underst\u00f8ttelse af bev\u00e6gelsesevnen, til en lettere respiration og til mobiliseringen af sekret. Dermed blev ogs\u00e5 mange forskellige lejringsmetoder afpr\u00f8vet, bl.a. 30 graders sidelejring, 135 graders sidelejring, bobath-lejring og helkropslejring, samt mange flere.<\/p>\n\n\n\n<p>Dette, kombineret med pudernes evne til ikke at glide v\u00e6k, betyder at puderne kan bruges b\u00e5de til tryks\u00e5rsforebyggelse og -behandling, hygiejneprocessor og meget andet.<\/p>\n\n\n\n<h2 class=\"wp-block-heading\"><strong>Klar anbefaling af LEJRELET puderne<\/strong><\/h2>\n\n\n\n<p>Resultaterne af afpr\u00f8vningen var positive! Personalets samlede observationer f\u00f8rte til en klar anbefaling af LEJRELET puderne, som de fandt passende til b\u00e5de institutioner og hjemmepleje. S\u00e6rligt de gode resultater man opn\u00e5ede med hensyn til trykaflastning og den nemme h\u00e5ndtering af puderne var afg\u00f8rende for personalets anbefaling. Der kunne nemlig, efter udl\u00f8bet af testperioden p\u00e5 7 uger, ikke konstateres nogen tryks\u00e5r hos nogen af beboerne.<\/p>\n\n\n\n<p><strong>Fem klare fordele<\/strong><\/p>\n\n\n\n<ol class=\"wp-block-list\"><li>Ingen skader p\u00e5 huden for borgeren i testperioden<\/li><li>Nemme at h\u00e5ndtere og tilpasser sig let borgere<\/li><li>Bliver liggende og glider ikke v\u00e6k ved brug<\/li><li>Ingen \u00f8get hudfugtighed ved brug af puderne<\/li><li>Nemme at reng\u00f8re og desinficere<\/li><\/ol>\n\n\n\n<h2 class=\"wp-block-heading\"><strong>ZBI kort fortalt<\/strong><\/h2>\n\n\n\n<p><a rel=\"noreferrer noopener\" href=\"https:\/\/zbi-gruppe.com\/standorte\/berlin\/\" target=\"_blank\">Zentrum f\u00fcr Beatmung und Intensivpflege<\/a>&nbsp;(ZBI) er et unikt plejecenter placeret i Storkower Bogen i Berlin. Centeret har eksisteret siden 2006 og er specialiseret i plejen af patienter der modtager iltbehandling, patienter med behov for intensiv pleje og patienter i vegetativ eller minimal bevidsthedstilstand. Centeret er s\u00e6rligt kendt for deres individuelt tilrettelagte plejeforl\u00f8b og meget fremadskredne anvendelse af teknologi i plejen.<\/p>\n\n\n\n<h2 class=\"wp-block-heading\"><strong>LEJRELET serien kort fortalt<\/strong><\/h2>\n\n\n\n<p><a href=\"https:\/\/www.directhealthcaregroup.com\/da\/product-type\/lejrelet\/\" target=\"_blank\" rel=\"noreferrer noopener\">LEJRELET<\/a>&nbsp;er en enkel serie af lejrings- og positioneringspuder til sengeliggende. Puderne er udviklet af fysioterapeut Peter Maindal, og er s\u00e6rligt udviklet til at facilitere en enkel og overskuelig lejring for plejepersonalet og borgeren. Pudernes st\u00f8rrelse og facon giver en stor fleksibilitet og de enkelte puder kan anvendes til flere form\u00e5l \u2013 enkeltvis eller i kombination. Puderne er lavet af forskellige former for skum og er betrukket med et unikt betr\u00e6k.<\/p>\n\n\n\n<h4 class=\"wp-block-heading\"><strong>F\u00c5 MERE AT VIDE<\/strong><\/h4>\n\n\n\n<p>ZBI, Berlin 2017:&nbsp;<a href=\"https:\/\/www.directhealthcaregroup.com\/app\/uploads\/test-lejrelet-dk-zbi.pdf\" target=\"_blank\" rel=\"noreferrer noopener\">Dokumentation for den medicinske gevinst af LEJRELET puderne<\/a><\/p>\n","protected":false},"excerpt":{"rendered":"<p>Vendlets lejringspudeserie, LEJRELET, der best\u00e5r af 6 puder specialdesignet til lejring og positionsunderst\u00f8ttelse, er i 7 uger blevet afpr\u00f8vet med positive resultater. 18. august 2017 Afpr\u00f8vningen, der havde til form\u00e5l at afd\u00e6kke pudernes tryks\u00e5rsforebyggende egenskaber, foregik p\u00e5 et plejecenter i Berlin, Zentrum f\u00fcr Beatmung und Intensivpflege (ZBI). Og resultaterne var positive! Der var nemlig ingen &hellip; <a href=\"https:\/\/www.directhealthcaregroup.com\/da\/viden-og-evidens\/178769-2\/\">Continued<\/a><\/p>\n","protected":false},"author":40,"featured_media":178770,"parent":174696,"menu_order":45,"comment_status":"closed","ping_status":"closed","template":"","meta":{"_acf_changed":false,"footnotes":""},"class_list":["post-178769","page","type-page","status-publish","has-post-thumbnail","hentry"],"acf":[],"yoast_head":"<!-- This site is optimized with the Yoast SEO plugin v27.4 - https:\/\/yoast.com\/product\/yoast-seo-wordpress\/ -->\n<title>7 ugers afpr\u00f8vning med positive resultater | DHG<\/title>\n<meta name=\"robots\" content=\"index, follow, max-snippet:-1, max-image-preview:large, max-video-preview:-1\" \/>\n<link rel=\"canonical\" href=\"https:\/\/www.directhealthcaregroup.com\/da\/viden-og-evidens\/178769-2\/\" \/>\n<meta property=\"og:locale\" content=\"da_DK\" \/>\n<meta property=\"og:type\" content=\"article\" \/>\n<meta property=\"og:title\" content=\"7 ugers afpr\u00f8vning med positive resultater | DHG\" \/>\n<meta property=\"og:description\" content=\"Vendlets lejringspudeserie, LEJRELET, der best\u00e5r af 6 puder specialdesignet til lejring og positionsunderst\u00f8ttelse, er i 7 uger blevet afpr\u00f8vet med positive resultater. 18. august 2017 Afpr\u00f8vningen, der havde til form\u00e5l at afd\u00e6kke pudernes tryks\u00e5rsforebyggende egenskaber, foregik p\u00e5 et plejecenter i Berlin, Zentrum f\u00fcr Beatmung und Intensivpflege (ZBI). Og resultaterne var positive! Der var nemlig ingen &hellip; Continued\" \/>\n<meta property=\"og:url\" content=\"https:\/\/www.directhealthcaregroup.com\/da\/viden-og-evidens\/178769-2\/\" \/>\n<meta property=\"og:site_name\" content=\"DHG\" \/>\n<meta property=\"article:modified_time\" content=\"2023-05-16T18:51:04+00:00\" \/>\n<meta property=\"og:image\" content=\"https:\/\/www.directhealthcaregroup.com\/app\/uploads\/7-ugers-afprovning-tb.jpg\" \/>\n\t<meta property=\"og:image:width\" content=\"500\" \/>\n\t<meta property=\"og:image:height\" content=\"125\" \/>\n\t<meta property=\"og:image:type\" content=\"image\/jpeg\" \/>\n<meta name=\"twitter:card\" content=\"summary_large_image\" \/>\n<meta name=\"twitter:label1\" content=\"Est. reading time\" \/>\n\t<meta name=\"twitter:data1\" content=\"4 minutes\" \/>\n<script type=\"application\/ld+json\" class=\"yoast-schema-graph\">{\"@context\":\"https:\\\/\\\/schema.org\",\"@graph\":[{\"@type\":\"WebPage\",\"@id\":\"https:\\\/\\\/www.directhealthcaregroup.com\\\/da\\\/viden-og-evidens\\\/178769-2\\\/\",\"url\":\"https:\\\/\\\/www.directhealthcaregroup.com\\\/da\\\/viden-og-evidens\\\/178769-2\\\/\",\"name\":\"7 ugers afpr\u00f8vning med positive resultater | DHG\",\"isPartOf\":{\"@id\":\"https:\\\/\\\/www.directhealthcaregroup.com\\\/#website\"},\"primaryImageOfPage\":{\"@id\":\"https:\\\/\\\/www.directhealthcaregroup.com\\\/da\\\/viden-og-evidens\\\/178769-2\\\/#primaryimage\"},\"image\":{\"@id\":\"https:\\\/\\\/www.directhealthcaregroup.com\\\/da\\\/viden-og-evidens\\\/178769-2\\\/#primaryimage\"},\"thumbnailUrl\":\"https:\\\/\\\/www.directhealthcaregroup.com\\\/app\\\/uploads\\\/7-ugers-afprovning-tb.jpg\",\"datePublished\":\"2023-04-04T11:15:16+00:00\",\"dateModified\":\"2023-05-16T18:51:04+00:00\",\"breadcrumb\":{\"@id\":\"https:\\\/\\\/www.directhealthcaregroup.com\\\/da\\\/viden-og-evidens\\\/178769-2\\\/#breadcrumb\"},\"inLanguage\":\"da-DK\",\"potentialAction\":[{\"@type\":\"ReadAction\",\"target\":[\"https:\\\/\\\/www.directhealthcaregroup.com\\\/da\\\/viden-og-evidens\\\/178769-2\\\/\"]}]},{\"@type\":\"ImageObject\",\"inLanguage\":\"da-DK\",\"@id\":\"https:\\\/\\\/www.directhealthcaregroup.com\\\/da\\\/viden-og-evidens\\\/178769-2\\\/#primaryimage\",\"url\":\"https:\\\/\\\/www.directhealthcaregroup.com\\\/app\\\/uploads\\\/7-ugers-afprovning-tb.jpg\",\"contentUrl\":\"https:\\\/\\\/www.directhealthcaregroup.com\\\/app\\\/uploads\\\/7-ugers-afprovning-tb.jpg\",\"width\":500,\"height\":125},{\"@type\":\"BreadcrumbList\",\"@id\":\"https:\\\/\\\/www.directhealthcaregroup.com\\\/da\\\/viden-og-evidens\\\/178769-2\\\/#breadcrumb\",\"itemListElement\":[{\"@type\":\"ListItem\",\"position\":1,\"name\":\"Home\",\"item\":\"https:\\\/\\\/www.directhealthcaregroup.com\\\/da\\\/\"},{\"@type\":\"ListItem\",\"position\":2,\"name\":\"VIDEN OG EVIDENS\",\"item\":\"https:\\\/\\\/www.directhealthcaregroup.com\\\/da\\\/viden-og-evidens\\\/\"},{\"@type\":\"ListItem\",\"position\":3,\"name\":\"7 ugers afpr\u00f8vning med positive resultater\"}]},{\"@type\":\"WebSite\",\"@id\":\"https:\\\/\\\/www.directhealthcaregroup.com\\\/#website\",\"url\":\"https:\\\/\\\/www.directhealthcaregroup.com\\\/\",\"name\":\"DHG\",\"description\":\"Moving Health Forward\",\"publisher\":{\"@id\":\"https:\\\/\\\/www.directhealthcaregroup.com\\\/#organization\"},\"potentialAction\":[{\"@type\":\"SearchAction\",\"target\":{\"@type\":\"EntryPoint\",\"urlTemplate\":\"https:\\\/\\\/www.directhealthcaregroup.com\\\/?s={search_term_string}\"},\"query-input\":{\"@type\":\"PropertyValueSpecification\",\"valueRequired\":true,\"valueName\":\"search_term_string\"}}],\"inLanguage\":\"da-DK\"},{\"@type\":\"Organization\",\"@id\":\"https:\\\/\\\/www.directhealthcaregroup.com\\\/#organization\",\"name\":\"Direct Healthcare Group\",\"url\":\"https:\\\/\\\/www.directhealthcaregroup.com\\\/\",\"logo\":{\"@type\":\"ImageObject\",\"inLanguage\":\"da-DK\",\"@id\":\"https:\\\/\\\/www.directhealthcaregroup.com\\\/#\\\/schema\\\/logo\\\/image\\\/\",\"url\":\"https:\\\/\\\/directhealthcaregroup.com\\\/app\\\/uploads\\\/dhg-logo.png\",\"contentUrl\":\"https:\\\/\\\/directhealthcaregroup.com\\\/app\\\/uploads\\\/dhg-logo.png\",\"width\":556,\"height\":240,\"caption\":\"Direct Healthcare Group\"},\"image\":{\"@id\":\"https:\\\/\\\/www.directhealthcaregroup.com\\\/#\\\/schema\\\/logo\\\/image\\\/\"}}]}<\/script>\n<!-- \/ Yoast SEO plugin. -->","yoast_head_json":{"title":"7 ugers afpr\u00f8vning med positive resultater | DHG","robots":{"index":"index","follow":"follow","max-snippet":"max-snippet:-1","max-image-preview":"max-image-preview:large","max-video-preview":"max-video-preview:-1"},"canonical":"https:\/\/www.directhealthcaregroup.com\/da\/viden-og-evidens\/178769-2\/","og_locale":"da_DK","og_type":"article","og_title":"7 ugers afpr\u00f8vning med positive resultater | DHG","og_description":"Vendlets lejringspudeserie, LEJRELET, der best\u00e5r af 6 puder specialdesignet til lejring og positionsunderst\u00f8ttelse, er i 7 uger blevet afpr\u00f8vet med positive resultater. 18. august 2017 Afpr\u00f8vningen, der havde til form\u00e5l at afd\u00e6kke pudernes tryks\u00e5rsforebyggende egenskaber, foregik p\u00e5 et plejecenter i Berlin, Zentrum f\u00fcr Beatmung und Intensivpflege (ZBI). Og resultaterne var positive! Der var nemlig ingen &hellip; Continued","og_url":"https:\/\/www.directhealthcaregroup.com\/da\/viden-og-evidens\/178769-2\/","og_site_name":"DHG","article_modified_time":"2023-05-16T18:51:04+00:00","og_image":[{"width":500,"height":125,"url":"https:\/\/www.directhealthcaregroup.com\/app\/uploads\/7-ugers-afprovning-tb.jpg","type":"image\/jpeg"}],"twitter_card":"summary_large_image","twitter_misc":{"Est. reading time":"4 minutes"},"schema":{"@context":"https:\/\/schema.org","@graph":[{"@type":"WebPage","@id":"https:\/\/www.directhealthcaregroup.com\/da\/viden-og-evidens\/178769-2\/","url":"https:\/\/www.directhealthcaregroup.com\/da\/viden-og-evidens\/178769-2\/","name":"7 ugers afpr\u00f8vning med positive resultater | DHG","isPartOf":{"@id":"https:\/\/www.directhealthcaregroup.com\/#website"},"primaryImageOfPage":{"@id":"https:\/\/www.directhealthcaregroup.com\/da\/viden-og-evidens\/178769-2\/#primaryimage"},"image":{"@id":"https:\/\/www.directhealthcaregroup.com\/da\/viden-og-evidens\/178769-2\/#primaryimage"},"thumbnailUrl":"https:\/\/www.directhealthcaregroup.com\/app\/uploads\/7-ugers-afprovning-tb.jpg","datePublished":"2023-04-04T11:15:16+00:00","dateModified":"2023-05-16T18:51:04+00:00","breadcrumb":{"@id":"https:\/\/www.directhealthcaregroup.com\/da\/viden-og-evidens\/178769-2\/#breadcrumb"},"inLanguage":"da-DK","potentialAction":[{"@type":"ReadAction","target":["https:\/\/www.directhealthcaregroup.com\/da\/viden-og-evidens\/178769-2\/"]}]},{"@type":"ImageObject","inLanguage":"da-DK","@id":"https:\/\/www.directhealthcaregroup.com\/da\/viden-og-evidens\/178769-2\/#primaryimage","url":"https:\/\/www.directhealthcaregroup.com\/app\/uploads\/7-ugers-afprovning-tb.jpg","contentUrl":"https:\/\/www.directhealthcaregroup.com\/app\/uploads\/7-ugers-afprovning-tb.jpg","width":500,"height":125},{"@type":"BreadcrumbList","@id":"https:\/\/www.directhealthcaregroup.com\/da\/viden-og-evidens\/178769-2\/#breadcrumb","itemListElement":[{"@type":"ListItem","position":1,"name":"Home","item":"https:\/\/www.directhealthcaregroup.com\/da\/"},{"@type":"ListItem","position":2,"name":"VIDEN OG EVIDENS","item":"https:\/\/www.directhealthcaregroup.com\/da\/viden-og-evidens\/"},{"@type":"ListItem","position":3,"name":"7 ugers afpr\u00f8vning med positive resultater"}]},{"@type":"WebSite","@id":"https:\/\/www.directhealthcaregroup.com\/#website","url":"https:\/\/www.directhealthcaregroup.com\/","name":"DHG","description":"Moving Health Forward","publisher":{"@id":"https:\/\/www.directhealthcaregroup.com\/#organization"},"potentialAction":[{"@type":"SearchAction","target":{"@type":"EntryPoint","urlTemplate":"https:\/\/www.directhealthcaregroup.com\/?s={search_term_string}"},"query-input":{"@type":"PropertyValueSpecification","valueRequired":true,"valueName":"search_term_string"}}],"inLanguage":"da-DK"},{"@type":"Organization","@id":"https:\/\/www.directhealthcaregroup.com\/#organization","name":"Direct Healthcare Group","url":"https:\/\/www.directhealthcaregroup.com\/","logo":{"@type":"ImageObject","inLanguage":"da-DK","@id":"https:\/\/www.directhealthcaregroup.com\/#\/schema\/logo\/image\/","url":"https:\/\/directhealthcaregroup.com\/app\/uploads\/dhg-logo.png","contentUrl":"https:\/\/directhealthcaregroup.com\/app\/uploads\/dhg-logo.png","width":556,"height":240,"caption":"Direct Healthcare Group"},"image":{"@id":"https:\/\/www.directhealthcaregroup.com\/#\/schema\/logo\/image\/"}}]}},"_links":{"self":[{"href":"https:\/\/www.directhealthcaregroup.com\/da\/wp-json\/wp\/v2\/pages\/178769","targetHints":{"allow":["GET"]}}],"collection":[{"href":"https:\/\/www.directhealthcaregroup.com\/da\/wp-json\/wp\/v2\/pages"}],"about":[{"href":"https:\/\/www.directhealthcaregroup.com\/da\/wp-json\/wp\/v2\/types\/page"}],"author":[{"embeddable":true,"href":"https:\/\/www.directhealthcaregroup.com\/da\/wp-json\/wp\/v2\/users\/40"}],"replies":[{"embeddable":true,"href":"https:\/\/www.directhealthcaregroup.com\/da\/wp-json\/wp\/v2\/comments?post=178769"}],"version-history":[{"count":5,"href":"https:\/\/www.directhealthcaregroup.com\/da\/wp-json\/wp\/v2\/pages\/178769\/revisions"}],"predecessor-version":[{"id":183641,"href":"https:\/\/www.directhealthcaregroup.com\/da\/wp-json\/wp\/v2\/pages\/178769\/revisions\/183641"}],"up":[{"embeddable":true,"href":"https:\/\/www.directhealthcaregroup.com\/da\/wp-json\/wp\/v2\/pages\/174696"}],"wp:featuredmedia":[{"embeddable":true,"href":"https:\/\/www.directhealthcaregroup.com\/da\/wp-json\/wp\/v2\/media\/178770"}],"wp:attachment":[{"href":"https:\/\/www.directhealthcaregroup.com\/da\/wp-json\/wp\/v2\/media?parent=178769"}],"curies":[{"name":"wp","href":"https:\/\/api.w.org\/{rel}","templated":true}]}}