{"id":178828,"date":"2023-04-04T12:21:41","date_gmt":"2023-04-04T11:21:41","guid":{"rendered":"https:\/\/www.directhealthcaregroup.com\/?page_id=178828"},"modified":"2023-05-16T19:51:33","modified_gmt":"2023-05-16T18:51:33","slug":"178828-2","status":"publish","type":"page","link":"https:\/\/www.directhealthcaregroup.com\/da\/viden-og-evidens\/178828-2\/","title":{"rendered":"Den rette velf\u00e6rdsteknologi hj\u00e6lper Bernard"},"content":{"rendered":"\n<h1 class=\"wp-block-heading\"><\/h1>\n\n\n\n<p>Brug af de rette velf\u00e6rdsteknologiske l\u00f8sninger resulterer i h\u00f8jere livskvalitet, bedre pleje og \u00f8konomisk besparelse for kommunen. Det fort\u00e6ller ergoterapeut Gill Creighton.<\/p>\n\n\n\n<p>17. september 2017<\/p>\n\n\n\n<p>Bernard boede med sin kone Francis i et lille r\u00e6kkehus. De var begge i starten af firserne og havde begge problemer med helbredet.<\/p>\n\n\n\n<p>Bernard havde hyppige hospitalsindl\u00e6ggelser og da han vendte hjem fra sin seneste indl\u00e6ggelse, var det ikke l\u00e6ngere muligt for ham at komme op ad trapperne. Han blev derfor tildelt pleje 4 gange om dagen og to gange om natten. Han tilbragte det meste af tiden i sengen eller i en gammel l\u00e6nestol, som var alt for lille til ham. Han blev liftet i forbindelse med alle forflytninger, men det gjorde ham meget nerv\u00f8s.&nbsp;<\/p>\n\n\n\n<p>Desuden var der pladsproblemer, fordi stuen ogs\u00e5 agerede sovev\u00e6relse. Ved hvert bes\u00f8ge m\u00e5tte plejepersonalet flytte m\u00f8bler og seng, og hente liften ind gennem en smal gang. Der var kun begr\u00e6nset plads til at plejepersonalet kunne udf\u00f8re deres arbejde, og liften var sv\u00e6r at man\u00f8vre rundt p\u00e5 gulvt\u00e6ppet. Plejepersonalet klagede ofte over rygsmerter.&nbsp;<\/p>\n\n\n\n<p>P\u00e5 grund af omkostningerne til plejen og arbejdsmilj\u00f8et i huset, blev det foresl\u00e5et at Bernard skulle p\u00e5 plejehjem, hvilket ville v\u00e6re billigere for kommunen. Han og konen var begge imod forslaget. En loftlift skinne blev installeret, sammen med en l\u00e6nestol i den korrekte st\u00f8rrelse med indbygget trykaflastning og et VENDLET V5S system. Kombinationen af dette udstyr bet\u00f8d at der var mindre risiko for at plejepersonalet p\u00e5drog sig arbejdsskader, og det reducerede ogs\u00e5 Bernards angst for at blive liftet. Herudover bet\u00f8d det, at plejen kunne reduceres til 40 minutter om dagen, fordi liften ikke skulle flyttes rundt, og fordi Bernard kunne forflyttes hurtigere og nemmere, og derfor var mindre nerv\u00f8s ved situationen.&nbsp;<\/p>\n\n\n\n<p>Bernard kunne sidde ude i l\u00e6ngere periode i l\u00e6nestolen og der var mindre risiko for udviklingen af tryks\u00e5r. Den \u00f8konomiske besparelse efter udgifterne til udstyret er modregnet var p\u00e5 54.157DKR. om \u00e5ret, og vigtigst af alt \u2013 Bernard kunne blive hjemme.&nbsp;<\/p>\n","protected":false},"excerpt":{"rendered":"<p>Brug af de rette velf\u00e6rdsteknologiske l\u00f8sninger resulterer i h\u00f8jere livskvalitet, bedre pleje og \u00f8konomisk besparelse for kommunen. Det fort\u00e6ller ergoterapeut Gill Creighton. 17. september 2017 Bernard boede med sin kone Francis i et lille r\u00e6kkehus. De var begge i starten af firserne og havde begge problemer med helbredet. Bernard havde hyppige hospitalsindl\u00e6ggelser og da han &hellip; <a href=\"https:\/\/www.directhealthcaregroup.com\/da\/viden-og-evidens\/178828-2\/\">Continued<\/a><\/p>\n","protected":false},"author":40,"featured_media":178829,"parent":174696,"menu_order":46,"comment_status":"closed","ping_status":"closed","template":"","meta":{"_acf_changed":false,"footnotes":""},"class_list":["post-178828","page","type-page","status-publish","has-post-thumbnail","hentry"],"acf":[],"yoast_head":"<!-- This site is optimized with the Yoast SEO plugin v27.4 - https:\/\/yoast.com\/product\/yoast-seo-wordpress\/ -->\n<title>Den rette velf\u00e6rdsteknologi hj\u00e6lper Bernard | DHG<\/title>\n<meta name=\"robots\" content=\"index, follow, max-snippet:-1, max-image-preview:large, max-video-preview:-1\" \/>\n<link rel=\"canonical\" href=\"https:\/\/www.directhealthcaregroup.com\/da\/viden-og-evidens\/178828-2\/\" \/>\n<meta property=\"og:locale\" content=\"da_DK\" \/>\n<meta property=\"og:type\" content=\"article\" \/>\n<meta property=\"og:title\" content=\"Den rette velf\u00e6rdsteknologi hj\u00e6lper Bernard | DHG\" \/>\n<meta property=\"og:description\" content=\"Brug af de rette velf\u00e6rdsteknologiske l\u00f8sninger resulterer i h\u00f8jere livskvalitet, bedre pleje og \u00f8konomisk besparelse for kommunen. Det fort\u00e6ller ergoterapeut Gill Creighton. 17. september 2017 Bernard boede med sin kone Francis i et lille r\u00e6kkehus. De var begge i starten af firserne og havde begge problemer med helbredet. Bernard havde hyppige hospitalsindl\u00e6ggelser og da han &hellip; Continued\" \/>\n<meta property=\"og:url\" content=\"https:\/\/www.directhealthcaregroup.com\/da\/viden-og-evidens\/178828-2\/\" \/>\n<meta property=\"og:site_name\" content=\"DHG\" \/>\n<meta property=\"article:modified_time\" content=\"2023-05-16T18:51:33+00:00\" \/>\n<meta property=\"og:image\" content=\"https:\/\/www.directhealthcaregroup.com\/app\/uploads\/bernard-tb-transformed.jpeg\" \/>\n\t<meta property=\"og:image:width\" content=\"1000\" \/>\n\t<meta property=\"og:image:height\" content=\"250\" \/>\n\t<meta property=\"og:image:type\" content=\"image\/jpeg\" \/>\n<meta name=\"twitter:card\" content=\"summary_large_image\" \/>\n<meta name=\"twitter:label1\" content=\"Est. reading time\" \/>\n\t<meta name=\"twitter:data1\" content=\"2 minutes\" \/>\n<script type=\"application\/ld+json\" class=\"yoast-schema-graph\">{\"@context\":\"https:\\\/\\\/schema.org\",\"@graph\":[{\"@type\":\"WebPage\",\"@id\":\"https:\\\/\\\/www.directhealthcaregroup.com\\\/da\\\/viden-og-evidens\\\/178828-2\\\/\",\"url\":\"https:\\\/\\\/www.directhealthcaregroup.com\\\/da\\\/viden-og-evidens\\\/178828-2\\\/\",\"name\":\"Den rette velf\u00e6rdsteknologi hj\u00e6lper Bernard | DHG\",\"isPartOf\":{\"@id\":\"https:\\\/\\\/www.directhealthcaregroup.com\\\/#website\"},\"primaryImageOfPage\":{\"@id\":\"https:\\\/\\\/www.directhealthcaregroup.com\\\/da\\\/viden-og-evidens\\\/178828-2\\\/#primaryimage\"},\"image\":{\"@id\":\"https:\\\/\\\/www.directhealthcaregroup.com\\\/da\\\/viden-og-evidens\\\/178828-2\\\/#primaryimage\"},\"thumbnailUrl\":\"https:\\\/\\\/www.directhealthcaregroup.com\\\/app\\\/uploads\\\/bernard-tb-transformed.jpeg\",\"datePublished\":\"2023-04-04T11:21:41+00:00\",\"dateModified\":\"2023-05-16T18:51:33+00:00\",\"breadcrumb\":{\"@id\":\"https:\\\/\\\/www.directhealthcaregroup.com\\\/da\\\/viden-og-evidens\\\/178828-2\\\/#breadcrumb\"},\"inLanguage\":\"da-DK\",\"potentialAction\":[{\"@type\":\"ReadAction\",\"target\":[\"https:\\\/\\\/www.directhealthcaregroup.com\\\/da\\\/viden-og-evidens\\\/178828-2\\\/\"]}]},{\"@type\":\"ImageObject\",\"inLanguage\":\"da-DK\",\"@id\":\"https:\\\/\\\/www.directhealthcaregroup.com\\\/da\\\/viden-og-evidens\\\/178828-2\\\/#primaryimage\",\"url\":\"https:\\\/\\\/www.directhealthcaregroup.com\\\/app\\\/uploads\\\/bernard-tb-transformed.jpeg\",\"contentUrl\":\"https:\\\/\\\/www.directhealthcaregroup.com\\\/app\\\/uploads\\\/bernard-tb-transformed.jpeg\",\"width\":1000,\"height\":250},{\"@type\":\"BreadcrumbList\",\"@id\":\"https:\\\/\\\/www.directhealthcaregroup.com\\\/da\\\/viden-og-evidens\\\/178828-2\\\/#breadcrumb\",\"itemListElement\":[{\"@type\":\"ListItem\",\"position\":1,\"name\":\"Home\",\"item\":\"https:\\\/\\\/www.directhealthcaregroup.com\\\/da\\\/\"},{\"@type\":\"ListItem\",\"position\":2,\"name\":\"VIDEN OG EVIDENS\",\"item\":\"https:\\\/\\\/www.directhealthcaregroup.com\\\/da\\\/viden-og-evidens\\\/\"},{\"@type\":\"ListItem\",\"position\":3,\"name\":\"Den rette velf\u00e6rdsteknologi hj\u00e6lper Bernard\"}]},{\"@type\":\"WebSite\",\"@id\":\"https:\\\/\\\/www.directhealthcaregroup.com\\\/#website\",\"url\":\"https:\\\/\\\/www.directhealthcaregroup.com\\\/\",\"name\":\"DHG\",\"description\":\"Moving Health Forward\",\"publisher\":{\"@id\":\"https:\\\/\\\/www.directhealthcaregroup.com\\\/#organization\"},\"potentialAction\":[{\"@type\":\"SearchAction\",\"target\":{\"@type\":\"EntryPoint\",\"urlTemplate\":\"https:\\\/\\\/www.directhealthcaregroup.com\\\/?s={search_term_string}\"},\"query-input\":{\"@type\":\"PropertyValueSpecification\",\"valueRequired\":true,\"valueName\":\"search_term_string\"}}],\"inLanguage\":\"da-DK\"},{\"@type\":\"Organization\",\"@id\":\"https:\\\/\\\/www.directhealthcaregroup.com\\\/#organization\",\"name\":\"Direct Healthcare Group\",\"url\":\"https:\\\/\\\/www.directhealthcaregroup.com\\\/\",\"logo\":{\"@type\":\"ImageObject\",\"inLanguage\":\"da-DK\",\"@id\":\"https:\\\/\\\/www.directhealthcaregroup.com\\\/#\\\/schema\\\/logo\\\/image\\\/\",\"url\":\"https:\\\/\\\/directhealthcaregroup.com\\\/app\\\/uploads\\\/dhg-logo.png\",\"contentUrl\":\"https:\\\/\\\/directhealthcaregroup.com\\\/app\\\/uploads\\\/dhg-logo.png\",\"width\":556,\"height\":240,\"caption\":\"Direct Healthcare Group\"},\"image\":{\"@id\":\"https:\\\/\\\/www.directhealthcaregroup.com\\\/#\\\/schema\\\/logo\\\/image\\\/\"}}]}<\/script>\n<!-- \/ Yoast SEO plugin. -->","yoast_head_json":{"title":"Den rette velf\u00e6rdsteknologi hj\u00e6lper Bernard | DHG","robots":{"index":"index","follow":"follow","max-snippet":"max-snippet:-1","max-image-preview":"max-image-preview:large","max-video-preview":"max-video-preview:-1"},"canonical":"https:\/\/www.directhealthcaregroup.com\/da\/viden-og-evidens\/178828-2\/","og_locale":"da_DK","og_type":"article","og_title":"Den rette velf\u00e6rdsteknologi hj\u00e6lper Bernard | DHG","og_description":"Brug af de rette velf\u00e6rdsteknologiske l\u00f8sninger resulterer i h\u00f8jere livskvalitet, bedre pleje og \u00f8konomisk besparelse for kommunen. Det fort\u00e6ller ergoterapeut Gill Creighton. 17. september 2017 Bernard boede med sin kone Francis i et lille r\u00e6kkehus. De var begge i starten af firserne og havde begge problemer med helbredet. Bernard havde hyppige hospitalsindl\u00e6ggelser og da han &hellip; Continued","og_url":"https:\/\/www.directhealthcaregroup.com\/da\/viden-og-evidens\/178828-2\/","og_site_name":"DHG","article_modified_time":"2023-05-16T18:51:33+00:00","og_image":[{"width":1000,"height":250,"url":"https:\/\/www.directhealthcaregroup.com\/app\/uploads\/bernard-tb-transformed.jpeg","type":"image\/jpeg"}],"twitter_card":"summary_large_image","twitter_misc":{"Est. reading time":"2 minutes"},"schema":{"@context":"https:\/\/schema.org","@graph":[{"@type":"WebPage","@id":"https:\/\/www.directhealthcaregroup.com\/da\/viden-og-evidens\/178828-2\/","url":"https:\/\/www.directhealthcaregroup.com\/da\/viden-og-evidens\/178828-2\/","name":"Den rette velf\u00e6rdsteknologi hj\u00e6lper Bernard | DHG","isPartOf":{"@id":"https:\/\/www.directhealthcaregroup.com\/#website"},"primaryImageOfPage":{"@id":"https:\/\/www.directhealthcaregroup.com\/da\/viden-og-evidens\/178828-2\/#primaryimage"},"image":{"@id":"https:\/\/www.directhealthcaregroup.com\/da\/viden-og-evidens\/178828-2\/#primaryimage"},"thumbnailUrl":"https:\/\/www.directhealthcaregroup.com\/app\/uploads\/bernard-tb-transformed.jpeg","datePublished":"2023-04-04T11:21:41+00:00","dateModified":"2023-05-16T18:51:33+00:00","breadcrumb":{"@id":"https:\/\/www.directhealthcaregroup.com\/da\/viden-og-evidens\/178828-2\/#breadcrumb"},"inLanguage":"da-DK","potentialAction":[{"@type":"ReadAction","target":["https:\/\/www.directhealthcaregroup.com\/da\/viden-og-evidens\/178828-2\/"]}]},{"@type":"ImageObject","inLanguage":"da-DK","@id":"https:\/\/www.directhealthcaregroup.com\/da\/viden-og-evidens\/178828-2\/#primaryimage","url":"https:\/\/www.directhealthcaregroup.com\/app\/uploads\/bernard-tb-transformed.jpeg","contentUrl":"https:\/\/www.directhealthcaregroup.com\/app\/uploads\/bernard-tb-transformed.jpeg","width":1000,"height":250},{"@type":"BreadcrumbList","@id":"https:\/\/www.directhealthcaregroup.com\/da\/viden-og-evidens\/178828-2\/#breadcrumb","itemListElement":[{"@type":"ListItem","position":1,"name":"Home","item":"https:\/\/www.directhealthcaregroup.com\/da\/"},{"@type":"ListItem","position":2,"name":"VIDEN OG EVIDENS","item":"https:\/\/www.directhealthcaregroup.com\/da\/viden-og-evidens\/"},{"@type":"ListItem","position":3,"name":"Den rette velf\u00e6rdsteknologi hj\u00e6lper Bernard"}]},{"@type":"WebSite","@id":"https:\/\/www.directhealthcaregroup.com\/#website","url":"https:\/\/www.directhealthcaregroup.com\/","name":"DHG","description":"Moving Health Forward","publisher":{"@id":"https:\/\/www.directhealthcaregroup.com\/#organization"},"potentialAction":[{"@type":"SearchAction","target":{"@type":"EntryPoint","urlTemplate":"https:\/\/www.directhealthcaregroup.com\/?s={search_term_string}"},"query-input":{"@type":"PropertyValueSpecification","valueRequired":true,"valueName":"search_term_string"}}],"inLanguage":"da-DK"},{"@type":"Organization","@id":"https:\/\/www.directhealthcaregroup.com\/#organization","name":"Direct Healthcare Group","url":"https:\/\/www.directhealthcaregroup.com\/","logo":{"@type":"ImageObject","inLanguage":"da-DK","@id":"https:\/\/www.directhealthcaregroup.com\/#\/schema\/logo\/image\/","url":"https:\/\/directhealthcaregroup.com\/app\/uploads\/dhg-logo.png","contentUrl":"https:\/\/directhealthcaregroup.com\/app\/uploads\/dhg-logo.png","width":556,"height":240,"caption":"Direct Healthcare Group"},"image":{"@id":"https:\/\/www.directhealthcaregroup.com\/#\/schema\/logo\/image\/"}}]}},"_links":{"self":[{"href":"https:\/\/www.directhealthcaregroup.com\/da\/wp-json\/wp\/v2\/pages\/178828","targetHints":{"allow":["GET"]}}],"collection":[{"href":"https:\/\/www.directhealthcaregroup.com\/da\/wp-json\/wp\/v2\/pages"}],"about":[{"href":"https:\/\/www.directhealthcaregroup.com\/da\/wp-json\/wp\/v2\/types\/page"}],"author":[{"embeddable":true,"href":"https:\/\/www.directhealthcaregroup.com\/da\/wp-json\/wp\/v2\/users\/40"}],"replies":[{"embeddable":true,"href":"https:\/\/www.directhealthcaregroup.com\/da\/wp-json\/wp\/v2\/comments?post=178828"}],"version-history":[{"count":3,"href":"https:\/\/www.directhealthcaregroup.com\/da\/wp-json\/wp\/v2\/pages\/178828\/revisions"}],"predecessor-version":[{"id":183642,"href":"https:\/\/www.directhealthcaregroup.com\/da\/wp-json\/wp\/v2\/pages\/178828\/revisions\/183642"}],"up":[{"embeddable":true,"href":"https:\/\/www.directhealthcaregroup.com\/da\/wp-json\/wp\/v2\/pages\/174696"}],"wp:featuredmedia":[{"embeddable":true,"href":"https:\/\/www.directhealthcaregroup.com\/da\/wp-json\/wp\/v2\/media\/178829"}],"wp:attachment":[{"href":"https:\/\/www.directhealthcaregroup.com\/da\/wp-json\/wp\/v2\/media?parent=178828"}],"curies":[{"name":"wp","href":"https:\/\/api.w.org\/{rel}","templated":true}]}}