{"id":178866,"date":"2023-04-04T12:44:26","date_gmt":"2023-04-04T11:44:26","guid":{"rendered":"https:\/\/www.directhealthcaregroup.com\/?page_id=178866"},"modified":"2023-05-16T19:52:37","modified_gmt":"2023-05-16T18:52:37","slug":"178866-2","status":"publish","type":"page","link":"https:\/\/www.directhealthcaregroup.com\/da\/viden-og-evidens\/178866-2\/","title":{"rendered":"Fald i antallet af voldsregistreringer"},"content":{"rendered":"\n<h1 class=\"wp-block-heading\"><\/h1>\n\n\n\n<p>Plejecenter Digterparken i Norddjurs Kommune har gennemf\u00f8rt en effektvurdering af VENDLET V5S. Projektet viser, at VENDLET V5S har en beroligende effekt p\u00e5 borger med demens.<\/p>\n\n\n\n<p>19. oktober 2017<\/p>\n\n\n\n<h2 class=\"wp-block-heading\"><strong>M\u00e5leparametre<\/strong><\/h2>\n\n\n\n<p>Plejecenter Digterparken i Norddjurs Kommune \u00f8nskede&nbsp;at vurdere arbejdsbetingelserne for personalet ved&nbsp;forflytninger i og til\/fra sengen. Samtidig skulle forholdene&nbsp;for borgeren ogs\u00e5 vurderes.&nbsp;<\/p>\n\n\n\n<p>Effektvurdering af VENDLET V5S foregik henover en&nbsp;periode p\u00e5 2 mdr.&nbsp;<\/p>\n\n\n\n<p>Ved en f\u00f8r- og efterm\u00e5ling blev der vurderet p\u00e5 f\u00f8lgende&nbsp;parametre:&nbsp;<\/p>\n\n\n\n<ul class=\"wp-block-list\"><li>Personalets vurdering af det fysiske arbejdsmilj\u00f8<\/li><li>Antallet af vendinger pr. dag<\/li><li>Tidsforbruget<\/li><\/ul>\n\n\n\n<p>Der blev ligeledes m\u00e5lt p\u00e5, om VENDLET har en effekt&nbsp;p\u00e5 udadreagerende adf\u00e6rd hos en dement borger&nbsp;samt udbyttet af intensiv undervisning henover 5 dage.<\/p>\n\n\n\n<h2 class=\"wp-block-heading\"><strong>Forbedret arbejdsmilj\u00f8 og reduceret tidsforbrug<\/strong><\/h2>\n\n\n\n<p>Medarbejderne p\u00e5 Plejecenter Digterparken angiver,&nbsp;at de har f\u00e5et en betydelig reduceret arbejdsbelastning&nbsp;efter VENDLET V5S blev installeret.&nbsp;<\/p>\n\n\n\n<p>Endvidere m\u00e5ltes en stabilisering af forflytningsrutinerne&nbsp;og dermed en nedgang af tidsm\u00e6ssige udsving.&nbsp;Tidsm\u00e6ssigt var der en besparelse p\u00e5 11 minutter i&nbsp;gns. pr. dag hos den ene borger. Det tog personalet&nbsp;9-10 dage at stabilisere tidsforbruget, herefter blev der ikke m\u00e5lt udsving.<\/p>\n\n\n\n<h2 class=\"wp-block-heading\"><strong>Beroligende effekt<\/strong><\/h2>\n\n\n\n<p>En af de deltagende borgere lider af sv\u00e6r vaskul\u00e6r&nbsp;demens og har en udadreagerende adf\u00e6rd. Borgeren&nbsp;har behov for faste rutiner hver dag.&nbsp;<\/p>\n\n\n\n<p>I f\u00f8rm\u00e5lingsperioden var der 4 voldsregistreringer ved&nbsp;den p\u00e5g\u00e6ldende borger. Den efterf\u00f8lgende m\u00e5ned,&nbsp;hvor VENDLET V5S blev benyttet, var der ingen voldsregistreringer.&nbsp;Det vurderes, at det er stabiliseringen i&nbsp;forflytningsprocessen, der g\u00f8r borgeren mere tryg.<\/p>\n\n\n\n<p>Dette stemmer overens med udmeldingen p\u00e5 forflyt.&nbsp;dk om, at de bedste hj\u00e6lpemidler til forflytning af&nbsp;demente er hj\u00e6lpemidler, der:&nbsp;<\/p>\n\n\n\n<ul class=\"wp-block-list\"><li>minimerer antallet af h\u00e5ndteringer,<\/li><li>er lette at genkende,<\/li><li>har stabile bev\u00e6gelser.<\/li><\/ul>\n\n\n\n<p>Det er netop de rolige og stabile bev\u00e6gelser, der&nbsp;kendetegner forflytning med VENDLET-systemet. Det&nbsp;er derfor interessant, at den forventede, beroligende&nbsp;effekt p\u00e5 mennesker med demenssygdomme nu er registreret p\u00e5 Plejecenter Digterparken.<\/p>\n\n\n\n<h2 class=\"wp-block-heading\"><strong>Intensiv undervisning<\/strong><\/h2>\n\n\n\n<p>For at opn\u00e5 s\u00e5 stor effekt som muligt, valgte Norddjurs&nbsp;Kommune at sikre personalet en intensiv undervisning&nbsp;i brugen af VENDLET-systemet.&nbsp;<\/p>\n\n\n\n<p>Selvom halvdelen af personalet allerede havde&nbsp;kendskab til VENDLET fra tidligere borgere, vurderer&nbsp;personalet, at de har haft et stort udbytte af den intensive&nbsp;undervisning.<\/p>\n\n\n\n<hr class=\"wp-block-separator\"\/>\n\n\n\n<p>Hent PDF:<\/p>\n\n\n\n<p>Norddjurs Kommune, Plejecenter Digterparken, 2017:&nbsp;<a href=\"https:\/\/www.directhealthcaregroup.com\/app\/uploads\/plejecenter-digterparken-effektvurdering-af-vendlet-v5s-5.pdf\" target=\"_blank\" rel=\"noreferrer noopener\">Effektvurdering af VENDLET V5S<\/a><\/p>\n","protected":false},"excerpt":{"rendered":"<p>Plejecenter Digterparken i Norddjurs Kommune har gennemf\u00f8rt en effektvurdering af VENDLET V5S. Projektet viser, at VENDLET V5S har en beroligende effekt p\u00e5 borger med demens. 19. oktober 2017 M\u00e5leparametre Plejecenter Digterparken i Norddjurs Kommune \u00f8nskede&nbsp;at vurdere arbejdsbetingelserne for personalet ved&nbsp;forflytninger i og til\/fra sengen. Samtidig skulle forholdene&nbsp;for borgeren ogs\u00e5 vurderes.&nbsp; Effektvurdering af VENDLET V5S foregik &hellip; <a href=\"https:\/\/www.directhealthcaregroup.com\/da\/viden-og-evidens\/178866-2\/\">Continued<\/a><\/p>\n","protected":false},"author":40,"featured_media":178868,"parent":174696,"menu_order":49,"comment_status":"closed","ping_status":"closed","template":"","meta":{"_acf_changed":false,"footnotes":""},"class_list":["post-178866","page","type-page","status-publish","has-post-thumbnail","hentry"],"acf":[],"yoast_head":"<!-- This site is optimized with the Yoast SEO plugin v27.4 - https:\/\/yoast.com\/product\/yoast-seo-wordpress\/ -->\n<title>Fald i antallet af voldsregistreringer | DHG<\/title>\n<meta name=\"robots\" content=\"index, follow, max-snippet:-1, max-image-preview:large, max-video-preview:-1\" \/>\n<link rel=\"canonical\" href=\"https:\/\/www.directhealthcaregroup.com\/da\/viden-og-evidens\/178866-2\/\" \/>\n<meta property=\"og:locale\" content=\"da_DK\" \/>\n<meta property=\"og:type\" content=\"article\" \/>\n<meta property=\"og:title\" content=\"Fald i antallet af voldsregistreringer | DHG\" \/>\n<meta property=\"og:description\" content=\"Plejecenter Digterparken i Norddjurs Kommune har gennemf\u00f8rt en effektvurdering af VENDLET V5S. Projektet viser, at VENDLET V5S har en beroligende effekt p\u00e5 borger med demens. 19. oktober 2017 M\u00e5leparametre Plejecenter Digterparken i Norddjurs Kommune \u00f8nskede&nbsp;at vurdere arbejdsbetingelserne for personalet ved&nbsp;forflytninger i og til\/fra sengen. Samtidig skulle forholdene&nbsp;for borgeren ogs\u00e5 vurderes.&nbsp; Effektvurdering af VENDLET V5S foregik &hellip; Continued\" \/>\n<meta property=\"og:url\" content=\"https:\/\/www.directhealthcaregroup.com\/da\/viden-og-evidens\/178866-2\/\" \/>\n<meta property=\"og:site_name\" content=\"DHG\" \/>\n<meta property=\"article:modified_time\" content=\"2023-05-16T18:52:37+00:00\" \/>\n<meta property=\"og:image\" content=\"https:\/\/www.directhealthcaregroup.com\/app\/uploads\/fald-i-antallet-af-voldsregistreringer-tb-transformed.jpeg\" \/>\n\t<meta property=\"og:image:width\" content=\"1000\" \/>\n\t<meta property=\"og:image:height\" content=\"250\" \/>\n\t<meta property=\"og:image:type\" content=\"image\/jpeg\" \/>\n<meta name=\"twitter:card\" content=\"summary_large_image\" \/>\n<meta name=\"twitter:label1\" content=\"Est. reading time\" \/>\n\t<meta name=\"twitter:data1\" content=\"2 minutes\" \/>\n<script type=\"application\/ld+json\" class=\"yoast-schema-graph\">{\"@context\":\"https:\\\/\\\/schema.org\",\"@graph\":[{\"@type\":\"WebPage\",\"@id\":\"https:\\\/\\\/www.directhealthcaregroup.com\\\/da\\\/viden-og-evidens\\\/178866-2\\\/\",\"url\":\"https:\\\/\\\/www.directhealthcaregroup.com\\\/da\\\/viden-og-evidens\\\/178866-2\\\/\",\"name\":\"Fald i antallet af voldsregistreringer | DHG\",\"isPartOf\":{\"@id\":\"https:\\\/\\\/www.directhealthcaregroup.com\\\/#website\"},\"primaryImageOfPage\":{\"@id\":\"https:\\\/\\\/www.directhealthcaregroup.com\\\/da\\\/viden-og-evidens\\\/178866-2\\\/#primaryimage\"},\"image\":{\"@id\":\"https:\\\/\\\/www.directhealthcaregroup.com\\\/da\\\/viden-og-evidens\\\/178866-2\\\/#primaryimage\"},\"thumbnailUrl\":\"https:\\\/\\\/www.directhealthcaregroup.com\\\/app\\\/uploads\\\/fald-i-antallet-af-voldsregistreringer-tb-transformed.jpeg\",\"datePublished\":\"2023-04-04T11:44:26+00:00\",\"dateModified\":\"2023-05-16T18:52:37+00:00\",\"breadcrumb\":{\"@id\":\"https:\\\/\\\/www.directhealthcaregroup.com\\\/da\\\/viden-og-evidens\\\/178866-2\\\/#breadcrumb\"},\"inLanguage\":\"da-DK\",\"potentialAction\":[{\"@type\":\"ReadAction\",\"target\":[\"https:\\\/\\\/www.directhealthcaregroup.com\\\/da\\\/viden-og-evidens\\\/178866-2\\\/\"]}]},{\"@type\":\"ImageObject\",\"inLanguage\":\"da-DK\",\"@id\":\"https:\\\/\\\/www.directhealthcaregroup.com\\\/da\\\/viden-og-evidens\\\/178866-2\\\/#primaryimage\",\"url\":\"https:\\\/\\\/www.directhealthcaregroup.com\\\/app\\\/uploads\\\/fald-i-antallet-af-voldsregistreringer-tb-transformed.jpeg\",\"contentUrl\":\"https:\\\/\\\/www.directhealthcaregroup.com\\\/app\\\/uploads\\\/fald-i-antallet-af-voldsregistreringer-tb-transformed.jpeg\",\"width\":1000,\"height\":250},{\"@type\":\"BreadcrumbList\",\"@id\":\"https:\\\/\\\/www.directhealthcaregroup.com\\\/da\\\/viden-og-evidens\\\/178866-2\\\/#breadcrumb\",\"itemListElement\":[{\"@type\":\"ListItem\",\"position\":1,\"name\":\"Home\",\"item\":\"https:\\\/\\\/www.directhealthcaregroup.com\\\/da\\\/\"},{\"@type\":\"ListItem\",\"position\":2,\"name\":\"VIDEN OG EVIDENS\",\"item\":\"https:\\\/\\\/www.directhealthcaregroup.com\\\/da\\\/viden-og-evidens\\\/\"},{\"@type\":\"ListItem\",\"position\":3,\"name\":\"Fald i antallet af voldsregistreringer\"}]},{\"@type\":\"WebSite\",\"@id\":\"https:\\\/\\\/www.directhealthcaregroup.com\\\/#website\",\"url\":\"https:\\\/\\\/www.directhealthcaregroup.com\\\/\",\"name\":\"DHG\",\"description\":\"Moving Health Forward\",\"publisher\":{\"@id\":\"https:\\\/\\\/www.directhealthcaregroup.com\\\/#organization\"},\"potentialAction\":[{\"@type\":\"SearchAction\",\"target\":{\"@type\":\"EntryPoint\",\"urlTemplate\":\"https:\\\/\\\/www.directhealthcaregroup.com\\\/?s={search_term_string}\"},\"query-input\":{\"@type\":\"PropertyValueSpecification\",\"valueRequired\":true,\"valueName\":\"search_term_string\"}}],\"inLanguage\":\"da-DK\"},{\"@type\":\"Organization\",\"@id\":\"https:\\\/\\\/www.directhealthcaregroup.com\\\/#organization\",\"name\":\"Direct Healthcare Group\",\"url\":\"https:\\\/\\\/www.directhealthcaregroup.com\\\/\",\"logo\":{\"@type\":\"ImageObject\",\"inLanguage\":\"da-DK\",\"@id\":\"https:\\\/\\\/www.directhealthcaregroup.com\\\/#\\\/schema\\\/logo\\\/image\\\/\",\"url\":\"https:\\\/\\\/directhealthcaregroup.com\\\/app\\\/uploads\\\/dhg-logo.png\",\"contentUrl\":\"https:\\\/\\\/directhealthcaregroup.com\\\/app\\\/uploads\\\/dhg-logo.png\",\"width\":556,\"height\":240,\"caption\":\"Direct Healthcare Group\"},\"image\":{\"@id\":\"https:\\\/\\\/www.directhealthcaregroup.com\\\/#\\\/schema\\\/logo\\\/image\\\/\"}}]}<\/script>\n<!-- \/ Yoast SEO plugin. -->","yoast_head_json":{"title":"Fald i antallet af voldsregistreringer | DHG","robots":{"index":"index","follow":"follow","max-snippet":"max-snippet:-1","max-image-preview":"max-image-preview:large","max-video-preview":"max-video-preview:-1"},"canonical":"https:\/\/www.directhealthcaregroup.com\/da\/viden-og-evidens\/178866-2\/","og_locale":"da_DK","og_type":"article","og_title":"Fald i antallet af voldsregistreringer | DHG","og_description":"Plejecenter Digterparken i Norddjurs Kommune har gennemf\u00f8rt en effektvurdering af VENDLET V5S. Projektet viser, at VENDLET V5S har en beroligende effekt p\u00e5 borger med demens. 19. oktober 2017 M\u00e5leparametre Plejecenter Digterparken i Norddjurs Kommune \u00f8nskede&nbsp;at vurdere arbejdsbetingelserne for personalet ved&nbsp;forflytninger i og til\/fra sengen. Samtidig skulle forholdene&nbsp;for borgeren ogs\u00e5 vurderes.&nbsp; Effektvurdering af VENDLET V5S foregik &hellip; Continued","og_url":"https:\/\/www.directhealthcaregroup.com\/da\/viden-og-evidens\/178866-2\/","og_site_name":"DHG","article_modified_time":"2023-05-16T18:52:37+00:00","og_image":[{"width":1000,"height":250,"url":"https:\/\/www.directhealthcaregroup.com\/app\/uploads\/fald-i-antallet-af-voldsregistreringer-tb-transformed.jpeg","type":"image\/jpeg"}],"twitter_card":"summary_large_image","twitter_misc":{"Est. reading time":"2 minutes"},"schema":{"@context":"https:\/\/schema.org","@graph":[{"@type":"WebPage","@id":"https:\/\/www.directhealthcaregroup.com\/da\/viden-og-evidens\/178866-2\/","url":"https:\/\/www.directhealthcaregroup.com\/da\/viden-og-evidens\/178866-2\/","name":"Fald i antallet af voldsregistreringer | DHG","isPartOf":{"@id":"https:\/\/www.directhealthcaregroup.com\/#website"},"primaryImageOfPage":{"@id":"https:\/\/www.directhealthcaregroup.com\/da\/viden-og-evidens\/178866-2\/#primaryimage"},"image":{"@id":"https:\/\/www.directhealthcaregroup.com\/da\/viden-og-evidens\/178866-2\/#primaryimage"},"thumbnailUrl":"https:\/\/www.directhealthcaregroup.com\/app\/uploads\/fald-i-antallet-af-voldsregistreringer-tb-transformed.jpeg","datePublished":"2023-04-04T11:44:26+00:00","dateModified":"2023-05-16T18:52:37+00:00","breadcrumb":{"@id":"https:\/\/www.directhealthcaregroup.com\/da\/viden-og-evidens\/178866-2\/#breadcrumb"},"inLanguage":"da-DK","potentialAction":[{"@type":"ReadAction","target":["https:\/\/www.directhealthcaregroup.com\/da\/viden-og-evidens\/178866-2\/"]}]},{"@type":"ImageObject","inLanguage":"da-DK","@id":"https:\/\/www.directhealthcaregroup.com\/da\/viden-og-evidens\/178866-2\/#primaryimage","url":"https:\/\/www.directhealthcaregroup.com\/app\/uploads\/fald-i-antallet-af-voldsregistreringer-tb-transformed.jpeg","contentUrl":"https:\/\/www.directhealthcaregroup.com\/app\/uploads\/fald-i-antallet-af-voldsregistreringer-tb-transformed.jpeg","width":1000,"height":250},{"@type":"BreadcrumbList","@id":"https:\/\/www.directhealthcaregroup.com\/da\/viden-og-evidens\/178866-2\/#breadcrumb","itemListElement":[{"@type":"ListItem","position":1,"name":"Home","item":"https:\/\/www.directhealthcaregroup.com\/da\/"},{"@type":"ListItem","position":2,"name":"VIDEN OG EVIDENS","item":"https:\/\/www.directhealthcaregroup.com\/da\/viden-og-evidens\/"},{"@type":"ListItem","position":3,"name":"Fald i antallet af voldsregistreringer"}]},{"@type":"WebSite","@id":"https:\/\/www.directhealthcaregroup.com\/#website","url":"https:\/\/www.directhealthcaregroup.com\/","name":"DHG","description":"Moving Health Forward","publisher":{"@id":"https:\/\/www.directhealthcaregroup.com\/#organization"},"potentialAction":[{"@type":"SearchAction","target":{"@type":"EntryPoint","urlTemplate":"https:\/\/www.directhealthcaregroup.com\/?s={search_term_string}"},"query-input":{"@type":"PropertyValueSpecification","valueRequired":true,"valueName":"search_term_string"}}],"inLanguage":"da-DK"},{"@type":"Organization","@id":"https:\/\/www.directhealthcaregroup.com\/#organization","name":"Direct Healthcare Group","url":"https:\/\/www.directhealthcaregroup.com\/","logo":{"@type":"ImageObject","inLanguage":"da-DK","@id":"https:\/\/www.directhealthcaregroup.com\/#\/schema\/logo\/image\/","url":"https:\/\/directhealthcaregroup.com\/app\/uploads\/dhg-logo.png","contentUrl":"https:\/\/directhealthcaregroup.com\/app\/uploads\/dhg-logo.png","width":556,"height":240,"caption":"Direct Healthcare Group"},"image":{"@id":"https:\/\/www.directhealthcaregroup.com\/#\/schema\/logo\/image\/"}}]}},"_links":{"self":[{"href":"https:\/\/www.directhealthcaregroup.com\/da\/wp-json\/wp\/v2\/pages\/178866","targetHints":{"allow":["GET"]}}],"collection":[{"href":"https:\/\/www.directhealthcaregroup.com\/da\/wp-json\/wp\/v2\/pages"}],"about":[{"href":"https:\/\/www.directhealthcaregroup.com\/da\/wp-json\/wp\/v2\/types\/page"}],"author":[{"embeddable":true,"href":"https:\/\/www.directhealthcaregroup.com\/da\/wp-json\/wp\/v2\/users\/40"}],"replies":[{"embeddable":true,"href":"https:\/\/www.directhealthcaregroup.com\/da\/wp-json\/wp\/v2\/comments?post=178866"}],"version-history":[{"count":4,"href":"https:\/\/www.directhealthcaregroup.com\/da\/wp-json\/wp\/v2\/pages\/178866\/revisions"}],"predecessor-version":[{"id":183643,"href":"https:\/\/www.directhealthcaregroup.com\/da\/wp-json\/wp\/v2\/pages\/178866\/revisions\/183643"}],"up":[{"embeddable":true,"href":"https:\/\/www.directhealthcaregroup.com\/da\/wp-json\/wp\/v2\/pages\/174696"}],"wp:featuredmedia":[{"embeddable":true,"href":"https:\/\/www.directhealthcaregroup.com\/da\/wp-json\/wp\/v2\/media\/178868"}],"wp:attachment":[{"href":"https:\/\/www.directhealthcaregroup.com\/da\/wp-json\/wp\/v2\/media?parent=178866"}],"curies":[{"name":"wp","href":"https:\/\/api.w.org\/{rel}","templated":true}]}}