{"id":178904,"date":"2023-04-04T13:04:10","date_gmt":"2023-04-04T12:04:10","guid":{"rendered":"https:\/\/www.directhealthcaregroup.com\/?page_id=178904"},"modified":"2023-05-16T19:53:46","modified_gmt":"2023-05-16T18:53:46","slug":"178904-2","status":"publish","type":"page","link":"https:\/\/www.directhealthcaregroup.com\/da\/viden-og-evidens\/178904-2\/","title":{"rendered":"Belinda vandt styrken tilbage"},"content":{"rendered":"\n<h1 class=\"wp-block-heading\"><\/h1>\n\n\n\n<p>Britiske ergoterapeut, Gill Creighton, fort\u00e6ller hvordan brugen af et VENDLET system har givet demensramt borger styrken tilbage efter periode med komplet inaktivitet.<\/p>\n\n\n\n<p>27. oktober 2017<\/p>\n\n\n\n<p>Belinda var 73 \u00e5r gammel og boede i et stort hus i udkanten af en lille by. Hun havde en fultidsplejer og en deltidsplejer der begge boede hos hende. Belinda havde forv\u00e6rrende demens, men selvom hun var skr\u00f8belig kunne hun godt g\u00e5 p\u00e5 trapper og klare alle forflytninger med minimal hj\u00e6lp.&nbsp;<\/p>\n\n\n\n<p>Men da Belinda udviklede mavesmerter blev hun indlagt p\u00e5 hospitalet, hvor hun blev plejet i sengen i ca. 6 uger. Da hun igen vendte hjem, tog hun ikke l\u00e6ngere selv initiativ til at flytte sig ud af sengen, og tog ikke godt i mod det n\u00e5r hendes plejepersonale r\u00f8rte hende eller fors\u00f8gte at vende hende om p\u00e5 siden for at foretage personlig hygiejne. Hun skreg og var verbalt aggressiv ved selv den mindste ber\u00f8ring. Hendes hukommelse var ogs\u00e5 blevet v\u00e6rre og hun blev mere og mere forvirret, og fik sv\u00e6rt ved at genkende folk hun havde set blot f\u00e5 minutter forinden.&nbsp;<\/p>\n\n\n\n<p>For plejepersonalet blev det derfor ogs\u00e5 sv\u00e6rere og sv\u00e6rere at pleje hende. Det var umuligt at bruge loftlift til forflytninger, da Belinda ikke ville have sejlet lagt ind under hende. Derfor blev det besluttet at hun skulle plejes 100% i sengen. Et glidelagen blev overvejet, men ville stadigt kr\u00e6ve flere ber\u00f8ringer end Belinda ville tolerere. Derfor blev et VENDLET V5S system installeret. Selvom Belinda stadigt protesterede i mod ber\u00f8ringer og personlig pleje, kunne hun nu klare sig med f\u00e6rre plejere og antallet af ber\u00f8ringer blev ogs\u00e5 s\u00e6nket, hvilket ogs\u00e5 var til fordel for personalet. Plejen blev dermed hurtigere, nemmere og mindre stressende for alle involverede.<\/p>\n\n\n\n<p>Efter ca. 3 m\u00e5neder meddelte en af plejerne, at Belinda selv var begyndt at tage initiativ til bev\u00e6gelse igen, og man\u00f8vrede rundt i sengen p\u00e5 egen h\u00e5nd. Efter at have v\u00e6ret bundet til sengen og immobil i flere m\u00e5neder, var der ingen umiddelbar grund til at Belinda var begyndt at bev\u00e6ge sig igen. Det er dog sandsynligt at VENDLET systemet, der f\u00f8lger almindelige bev\u00e6gelser, havde hjulpet Belinda til at genl\u00e6re hvordan hun kunne bev\u00e6ge sig i sengen.&nbsp;<\/p>\n","protected":false},"excerpt":{"rendered":"<p>Britiske ergoterapeut, Gill Creighton, fort\u00e6ller hvordan brugen af et VENDLET system har givet demensramt borger styrken tilbage efter periode med komplet inaktivitet. 27. oktober 2017 Belinda var 73 \u00e5r gammel og boede i et stort hus i udkanten af en lille by. Hun havde en fultidsplejer og en deltidsplejer der begge boede hos hende. Belinda &hellip; <a href=\"https:\/\/www.directhealthcaregroup.com\/da\/viden-og-evidens\/178904-2\/\">Continued<\/a><\/p>\n","protected":false},"author":40,"featured_media":178905,"parent":174696,"menu_order":50,"comment_status":"closed","ping_status":"closed","template":"","meta":{"_acf_changed":false,"footnotes":""},"class_list":["post-178904","page","type-page","status-publish","has-post-thumbnail","hentry"],"acf":[],"yoast_head":"<!-- This site is optimized with the Yoast SEO plugin v27.4 - https:\/\/yoast.com\/product\/yoast-seo-wordpress\/ -->\n<title>Belinda vandt styrken tilbage | DHG<\/title>\n<meta name=\"robots\" content=\"index, follow, max-snippet:-1, max-image-preview:large, max-video-preview:-1\" \/>\n<link rel=\"canonical\" href=\"https:\/\/www.directhealthcaregroup.com\/da\/viden-og-evidens\/178904-2\/\" \/>\n<meta property=\"og:locale\" content=\"da_DK\" \/>\n<meta property=\"og:type\" content=\"article\" \/>\n<meta property=\"og:title\" content=\"Belinda vandt styrken tilbage | DHG\" \/>\n<meta property=\"og:description\" content=\"Britiske ergoterapeut, Gill Creighton, fort\u00e6ller hvordan brugen af et VENDLET system har givet demensramt borger styrken tilbage efter periode med komplet inaktivitet. 27. oktober 2017 Belinda var 73 \u00e5r gammel og boede i et stort hus i udkanten af en lille by. Hun havde en fultidsplejer og en deltidsplejer der begge boede hos hende. Belinda &hellip; Continued\" \/>\n<meta property=\"og:url\" content=\"https:\/\/www.directhealthcaregroup.com\/da\/viden-og-evidens\/178904-2\/\" \/>\n<meta property=\"og:site_name\" content=\"DHG\" \/>\n<meta property=\"article:modified_time\" content=\"2023-05-16T18:53:46+00:00\" \/>\n<meta property=\"og:image\" content=\"https:\/\/www.directhealthcaregroup.com\/app\/uploads\/belinda-tb-transformed.jpeg\" \/>\n\t<meta property=\"og:image:width\" content=\"1000\" \/>\n\t<meta property=\"og:image:height\" content=\"250\" \/>\n\t<meta property=\"og:image:type\" content=\"image\/jpeg\" \/>\n<meta name=\"twitter:card\" content=\"summary_large_image\" \/>\n<meta name=\"twitter:label1\" content=\"Est. reading time\" \/>\n\t<meta name=\"twitter:data1\" content=\"2 minutes\" \/>\n<script type=\"application\/ld+json\" class=\"yoast-schema-graph\">{\"@context\":\"https:\\\/\\\/schema.org\",\"@graph\":[{\"@type\":\"WebPage\",\"@id\":\"https:\\\/\\\/www.directhealthcaregroup.com\\\/da\\\/viden-og-evidens\\\/178904-2\\\/\",\"url\":\"https:\\\/\\\/www.directhealthcaregroup.com\\\/da\\\/viden-og-evidens\\\/178904-2\\\/\",\"name\":\"Belinda vandt styrken tilbage | DHG\",\"isPartOf\":{\"@id\":\"https:\\\/\\\/www.directhealthcaregroup.com\\\/#website\"},\"primaryImageOfPage\":{\"@id\":\"https:\\\/\\\/www.directhealthcaregroup.com\\\/da\\\/viden-og-evidens\\\/178904-2\\\/#primaryimage\"},\"image\":{\"@id\":\"https:\\\/\\\/www.directhealthcaregroup.com\\\/da\\\/viden-og-evidens\\\/178904-2\\\/#primaryimage\"},\"thumbnailUrl\":\"https:\\\/\\\/www.directhealthcaregroup.com\\\/app\\\/uploads\\\/belinda-tb-transformed.jpeg\",\"datePublished\":\"2023-04-04T12:04:10+00:00\",\"dateModified\":\"2023-05-16T18:53:46+00:00\",\"breadcrumb\":{\"@id\":\"https:\\\/\\\/www.directhealthcaregroup.com\\\/da\\\/viden-og-evidens\\\/178904-2\\\/#breadcrumb\"},\"inLanguage\":\"da-DK\",\"potentialAction\":[{\"@type\":\"ReadAction\",\"target\":[\"https:\\\/\\\/www.directhealthcaregroup.com\\\/da\\\/viden-og-evidens\\\/178904-2\\\/\"]}]},{\"@type\":\"ImageObject\",\"inLanguage\":\"da-DK\",\"@id\":\"https:\\\/\\\/www.directhealthcaregroup.com\\\/da\\\/viden-og-evidens\\\/178904-2\\\/#primaryimage\",\"url\":\"https:\\\/\\\/www.directhealthcaregroup.com\\\/app\\\/uploads\\\/belinda-tb-transformed.jpeg\",\"contentUrl\":\"https:\\\/\\\/www.directhealthcaregroup.com\\\/app\\\/uploads\\\/belinda-tb-transformed.jpeg\",\"width\":1000,\"height\":250},{\"@type\":\"BreadcrumbList\",\"@id\":\"https:\\\/\\\/www.directhealthcaregroup.com\\\/da\\\/viden-og-evidens\\\/178904-2\\\/#breadcrumb\",\"itemListElement\":[{\"@type\":\"ListItem\",\"position\":1,\"name\":\"Home\",\"item\":\"https:\\\/\\\/www.directhealthcaregroup.com\\\/da\\\/\"},{\"@type\":\"ListItem\",\"position\":2,\"name\":\"VIDEN OG EVIDENS\",\"item\":\"https:\\\/\\\/www.directhealthcaregroup.com\\\/da\\\/viden-og-evidens\\\/\"},{\"@type\":\"ListItem\",\"position\":3,\"name\":\"Belinda vandt styrken tilbage\"}]},{\"@type\":\"WebSite\",\"@id\":\"https:\\\/\\\/www.directhealthcaregroup.com\\\/#website\",\"url\":\"https:\\\/\\\/www.directhealthcaregroup.com\\\/\",\"name\":\"DHG\",\"description\":\"Moving Health Forward\",\"publisher\":{\"@id\":\"https:\\\/\\\/www.directhealthcaregroup.com\\\/#organization\"},\"potentialAction\":[{\"@type\":\"SearchAction\",\"target\":{\"@type\":\"EntryPoint\",\"urlTemplate\":\"https:\\\/\\\/www.directhealthcaregroup.com\\\/?s={search_term_string}\"},\"query-input\":{\"@type\":\"PropertyValueSpecification\",\"valueRequired\":true,\"valueName\":\"search_term_string\"}}],\"inLanguage\":\"da-DK\"},{\"@type\":\"Organization\",\"@id\":\"https:\\\/\\\/www.directhealthcaregroup.com\\\/#organization\",\"name\":\"Direct Healthcare Group\",\"url\":\"https:\\\/\\\/www.directhealthcaregroup.com\\\/\",\"logo\":{\"@type\":\"ImageObject\",\"inLanguage\":\"da-DK\",\"@id\":\"https:\\\/\\\/www.directhealthcaregroup.com\\\/#\\\/schema\\\/logo\\\/image\\\/\",\"url\":\"https:\\\/\\\/directhealthcaregroup.com\\\/app\\\/uploads\\\/dhg-logo.png\",\"contentUrl\":\"https:\\\/\\\/directhealthcaregroup.com\\\/app\\\/uploads\\\/dhg-logo.png\",\"width\":556,\"height\":240,\"caption\":\"Direct Healthcare Group\"},\"image\":{\"@id\":\"https:\\\/\\\/www.directhealthcaregroup.com\\\/#\\\/schema\\\/logo\\\/image\\\/\"}}]}<\/script>\n<!-- \/ Yoast SEO plugin. -->","yoast_head_json":{"title":"Belinda vandt styrken tilbage | DHG","robots":{"index":"index","follow":"follow","max-snippet":"max-snippet:-1","max-image-preview":"max-image-preview:large","max-video-preview":"max-video-preview:-1"},"canonical":"https:\/\/www.directhealthcaregroup.com\/da\/viden-og-evidens\/178904-2\/","og_locale":"da_DK","og_type":"article","og_title":"Belinda vandt styrken tilbage | DHG","og_description":"Britiske ergoterapeut, Gill Creighton, fort\u00e6ller hvordan brugen af et VENDLET system har givet demensramt borger styrken tilbage efter periode med komplet inaktivitet. 27. oktober 2017 Belinda var 73 \u00e5r gammel og boede i et stort hus i udkanten af en lille by. Hun havde en fultidsplejer og en deltidsplejer der begge boede hos hende. Belinda &hellip; Continued","og_url":"https:\/\/www.directhealthcaregroup.com\/da\/viden-og-evidens\/178904-2\/","og_site_name":"DHG","article_modified_time":"2023-05-16T18:53:46+00:00","og_image":[{"width":1000,"height":250,"url":"https:\/\/www.directhealthcaregroup.com\/app\/uploads\/belinda-tb-transformed.jpeg","type":"image\/jpeg"}],"twitter_card":"summary_large_image","twitter_misc":{"Est. reading time":"2 minutes"},"schema":{"@context":"https:\/\/schema.org","@graph":[{"@type":"WebPage","@id":"https:\/\/www.directhealthcaregroup.com\/da\/viden-og-evidens\/178904-2\/","url":"https:\/\/www.directhealthcaregroup.com\/da\/viden-og-evidens\/178904-2\/","name":"Belinda vandt styrken tilbage | DHG","isPartOf":{"@id":"https:\/\/www.directhealthcaregroup.com\/#website"},"primaryImageOfPage":{"@id":"https:\/\/www.directhealthcaregroup.com\/da\/viden-og-evidens\/178904-2\/#primaryimage"},"image":{"@id":"https:\/\/www.directhealthcaregroup.com\/da\/viden-og-evidens\/178904-2\/#primaryimage"},"thumbnailUrl":"https:\/\/www.directhealthcaregroup.com\/app\/uploads\/belinda-tb-transformed.jpeg","datePublished":"2023-04-04T12:04:10+00:00","dateModified":"2023-05-16T18:53:46+00:00","breadcrumb":{"@id":"https:\/\/www.directhealthcaregroup.com\/da\/viden-og-evidens\/178904-2\/#breadcrumb"},"inLanguage":"da-DK","potentialAction":[{"@type":"ReadAction","target":["https:\/\/www.directhealthcaregroup.com\/da\/viden-og-evidens\/178904-2\/"]}]},{"@type":"ImageObject","inLanguage":"da-DK","@id":"https:\/\/www.directhealthcaregroup.com\/da\/viden-og-evidens\/178904-2\/#primaryimage","url":"https:\/\/www.directhealthcaregroup.com\/app\/uploads\/belinda-tb-transformed.jpeg","contentUrl":"https:\/\/www.directhealthcaregroup.com\/app\/uploads\/belinda-tb-transformed.jpeg","width":1000,"height":250},{"@type":"BreadcrumbList","@id":"https:\/\/www.directhealthcaregroup.com\/da\/viden-og-evidens\/178904-2\/#breadcrumb","itemListElement":[{"@type":"ListItem","position":1,"name":"Home","item":"https:\/\/www.directhealthcaregroup.com\/da\/"},{"@type":"ListItem","position":2,"name":"VIDEN OG EVIDENS","item":"https:\/\/www.directhealthcaregroup.com\/da\/viden-og-evidens\/"},{"@type":"ListItem","position":3,"name":"Belinda vandt styrken tilbage"}]},{"@type":"WebSite","@id":"https:\/\/www.directhealthcaregroup.com\/#website","url":"https:\/\/www.directhealthcaregroup.com\/","name":"DHG","description":"Moving Health Forward","publisher":{"@id":"https:\/\/www.directhealthcaregroup.com\/#organization"},"potentialAction":[{"@type":"SearchAction","target":{"@type":"EntryPoint","urlTemplate":"https:\/\/www.directhealthcaregroup.com\/?s={search_term_string}"},"query-input":{"@type":"PropertyValueSpecification","valueRequired":true,"valueName":"search_term_string"}}],"inLanguage":"da-DK"},{"@type":"Organization","@id":"https:\/\/www.directhealthcaregroup.com\/#organization","name":"Direct Healthcare Group","url":"https:\/\/www.directhealthcaregroup.com\/","logo":{"@type":"ImageObject","inLanguage":"da-DK","@id":"https:\/\/www.directhealthcaregroup.com\/#\/schema\/logo\/image\/","url":"https:\/\/directhealthcaregroup.com\/app\/uploads\/dhg-logo.png","contentUrl":"https:\/\/directhealthcaregroup.com\/app\/uploads\/dhg-logo.png","width":556,"height":240,"caption":"Direct Healthcare Group"},"image":{"@id":"https:\/\/www.directhealthcaregroup.com\/#\/schema\/logo\/image\/"}}]}},"_links":{"self":[{"href":"https:\/\/www.directhealthcaregroup.com\/da\/wp-json\/wp\/v2\/pages\/178904","targetHints":{"allow":["GET"]}}],"collection":[{"href":"https:\/\/www.directhealthcaregroup.com\/da\/wp-json\/wp\/v2\/pages"}],"about":[{"href":"https:\/\/www.directhealthcaregroup.com\/da\/wp-json\/wp\/v2\/types\/page"}],"author":[{"embeddable":true,"href":"https:\/\/www.directhealthcaregroup.com\/da\/wp-json\/wp\/v2\/users\/40"}],"replies":[{"embeddable":true,"href":"https:\/\/www.directhealthcaregroup.com\/da\/wp-json\/wp\/v2\/comments?post=178904"}],"version-history":[{"count":3,"href":"https:\/\/www.directhealthcaregroup.com\/da\/wp-json\/wp\/v2\/pages\/178904\/revisions"}],"predecessor-version":[{"id":183644,"href":"https:\/\/www.directhealthcaregroup.com\/da\/wp-json\/wp\/v2\/pages\/178904\/revisions\/183644"}],"up":[{"embeddable":true,"href":"https:\/\/www.directhealthcaregroup.com\/da\/wp-json\/wp\/v2\/pages\/174696"}],"wp:featuredmedia":[{"embeddable":true,"href":"https:\/\/www.directhealthcaregroup.com\/da\/wp-json\/wp\/v2\/media\/178905"}],"wp:attachment":[{"href":"https:\/\/www.directhealthcaregroup.com\/da\/wp-json\/wp\/v2\/media?parent=178904"}],"curies":[{"name":"wp","href":"https:\/\/api.w.org\/{rel}","templated":true}]}}