{"id":178930,"date":"2023-04-04T13:32:36","date_gmt":"2023-04-04T12:32:36","guid":{"rendered":"https:\/\/www.directhealthcaregroup.com\/?page_id=178930"},"modified":"2023-05-16T19:54:28","modified_gmt":"2023-05-16T18:54:28","slug":"178930-2","status":"publish","type":"page","link":"https:\/\/www.directhealthcaregroup.com\/da\/viden-og-evidens\/178930-2\/","title":{"rendered":"Teknologi i sundhedsv\u00e6senet: Ikke en trussel"},"content":{"rendered":"\n<h1 class=\"wp-block-heading\"><\/h1>\n\n\n\n<p>Flere \u00e6ldre borgere og f\u00e6rre til at give pleje og omsorg. Det er nogle af de udfordringer, som velf\u00e6rdsteknologien fortsat skal s\u00f8ge at l\u00f8se. Velf\u00e6rdsteknologien er under fortsat stor udvikling, og l\u00f8sninger til patienth\u00e5ndtering har v\u00e6ret i rivende udvikling igennem de seneste \u00e5r.<\/p>\n\n\n\n<p>8. november 2017<\/p>\n\n\n\n<p>Af: Ergoterapeut, Pia Beck<\/p>\n\n\n\n<p>Vi h\u00f8rer j\u00e6vnligt i medierne om den demografiske udvikling. Men det kan v\u00e6re vanskeligt at gennemskue, hvad det egentligt betyder for pleje- og sundhedssektoren.<\/p>\n\n\n\n<p>Den seneste befolkningsfremskrivning fra&nbsp;<a rel=\"noreferrer noopener\" href=\"https:\/\/www.dst.dk\/da\/\" target=\"_blank\">Danmarks Statistik<\/a>&nbsp;viser, at befolkningsgruppen over 80 \u00e5r i 2030 vil udg\u00f8re 59 pct. flere end i dag, svarende til yderligere 160.000 personer over 80 \u00e5r. Dette skal ses i sammenh\u00e6ng med, at hele befolkningen kun forventes at vokse med 3,8 pct. til godt 6.040.000 personer i 2030. Dermed vil de 80+-\u00e5rige i 2030 udg\u00f8re mere end 7 pct. af befolkningen. I dag udg\u00f8r de 4,7 pct.<\/p>\n\n\n\n<p>Der tegner sig dermed et billede af massive udfordringer p\u00e5 social og sundhedsomr\u00e5det, og sammenholdt med de store vanskeligheder sektoren har med at fastholde og rekruttere medarbejdere til faget, er der ingen tvivl om, at der er brug for velf\u00e6rdsteknologiske l\u00f8sninger til at im\u00f8dekomme disse udfordringer.<\/p>\n\n\n\n<p>Flere sp\u00e6ndende projekter har bragt ny og brugbar viden med sig, og det, der sker nu, er at disse spredte projekter har givet s\u00e5 megen erfaring, at nogle af disse teknologier skal implementeres i st\u00f8rre skala i hele landet. De modne velf\u00e6rdsteknologier har nemlig vist sig at v\u00e6re s\u00e6rdeles brugbare redskaber, der kan sikre ordentlig kvalitet i fremtidens pleje, samtidigt med, at det giver mulighed for at forbedre arbejdsmilj\u00f8et betydeligt.<\/p>\n\n\n\n<p>Denne udvikling inden for velf\u00e6rdsteknologi har stor betydning for sundhedspersonalets arbejde i praksis. Velf\u00e6rdsteknologi er g\u00e5et fra at v\u00e6re italesat som en ren spare\u00f8velse til nu at v\u00e6re en n\u00f8dvendighed, hvis samfundets demografiske udvikling skal kunne h\u00e5ndteres inden for social- og sundhedsomr\u00e5det.<\/p>\n\n\n\n<p>Implementeres velf\u00e6rdsteknologi p\u00e5 den rigtige m\u00e5de, vil borgeren ogs\u00e5 opleve \u00f8gede muligheder for at bevare et selvst\u00e6ndigt liv og h\u00f8jere v\u00e6rdighed i plejesituationen. Dette g\u00f8res f.eks., n\u00e5r det er muligt at arbejde 1:1 med borgeren, og dermed skabe mere n\u00e6rv\u00e6r og bedre kommunikation, hvilket kan&nbsp;medf\u00f8re \u00f8get livskvalitet.<\/p>\n\n\n\n<p>Velf\u00e6rdsteknologi m\u00e5 derfor ikke ses som en trussel mod den gode og omsorgsfulde pleje, men skal i stedet opfattes som en mulighed for at forbedre plejen, skabe n\u00e6rv\u00e6r og samtidigt skabe bedre arbejdsmilj\u00f8.<\/p>\n","protected":false},"excerpt":{"rendered":"<p>Flere \u00e6ldre borgere og f\u00e6rre til at give pleje og omsorg. Det er nogle af de udfordringer, som velf\u00e6rdsteknologien fortsat skal s\u00f8ge at l\u00f8se. Velf\u00e6rdsteknologien er under fortsat stor udvikling, og l\u00f8sninger til patienth\u00e5ndtering har v\u00e6ret i rivende udvikling igennem de seneste \u00e5r. 8. november 2017 Af: Ergoterapeut, Pia Beck Vi h\u00f8rer j\u00e6vnligt i medierne &hellip; <a href=\"https:\/\/www.directhealthcaregroup.com\/da\/viden-og-evidens\/178930-2\/\">Continued<\/a><\/p>\n","protected":false},"author":40,"featured_media":178931,"parent":174696,"menu_order":50,"comment_status":"closed","ping_status":"closed","template":"","meta":{"_acf_changed":false,"footnotes":""},"class_list":["post-178930","page","type-page","status-publish","has-post-thumbnail","hentry"],"acf":[],"yoast_head":"<!-- This site is optimized with the Yoast SEO plugin v27.4 - https:\/\/yoast.com\/product\/yoast-seo-wordpress\/ -->\n<title>Teknologi i sundhedsv\u00e6senet: Ikke en trussel | DHG<\/title>\n<meta name=\"robots\" content=\"index, follow, max-snippet:-1, max-image-preview:large, max-video-preview:-1\" \/>\n<link rel=\"canonical\" href=\"https:\/\/www.directhealthcaregroup.com\/da\/viden-og-evidens\/178930-2\/\" \/>\n<meta property=\"og:locale\" content=\"da_DK\" \/>\n<meta property=\"og:type\" content=\"article\" \/>\n<meta property=\"og:title\" content=\"Teknologi i sundhedsv\u00e6senet: Ikke en trussel | DHG\" \/>\n<meta property=\"og:description\" content=\"Flere \u00e6ldre borgere og f\u00e6rre til at give pleje og omsorg. Det er nogle af de udfordringer, som velf\u00e6rdsteknologien fortsat skal s\u00f8ge at l\u00f8se. Velf\u00e6rdsteknologien er under fortsat stor udvikling, og l\u00f8sninger til patienth\u00e5ndtering har v\u00e6ret i rivende udvikling igennem de seneste \u00e5r. 8. november 2017 Af: Ergoterapeut, Pia Beck Vi h\u00f8rer j\u00e6vnligt i medierne &hellip; Continued\" \/>\n<meta property=\"og:url\" content=\"https:\/\/www.directhealthcaregroup.com\/da\/viden-og-evidens\/178930-2\/\" \/>\n<meta property=\"og:site_name\" content=\"DHG\" \/>\n<meta property=\"article:modified_time\" content=\"2023-05-16T18:54:28+00:00\" \/>\n<meta property=\"og:image\" content=\"https:\/\/www.directhealthcaregroup.com\/app\/uploads\/teknologi-i-sundhedsvaesnet-tb-transformed.jpeg\" \/>\n\t<meta property=\"og:image:width\" content=\"1000\" \/>\n\t<meta property=\"og:image:height\" content=\"250\" \/>\n\t<meta property=\"og:image:type\" content=\"image\/jpeg\" \/>\n<meta name=\"twitter:card\" content=\"summary_large_image\" \/>\n<meta name=\"twitter:label1\" content=\"Est. reading time\" \/>\n\t<meta name=\"twitter:data1\" content=\"2 minutes\" \/>\n<script type=\"application\/ld+json\" class=\"yoast-schema-graph\">{\"@context\":\"https:\\\/\\\/schema.org\",\"@graph\":[{\"@type\":\"WebPage\",\"@id\":\"https:\\\/\\\/www.directhealthcaregroup.com\\\/da\\\/viden-og-evidens\\\/178930-2\\\/\",\"url\":\"https:\\\/\\\/www.directhealthcaregroup.com\\\/da\\\/viden-og-evidens\\\/178930-2\\\/\",\"name\":\"Teknologi i sundhedsv\u00e6senet: Ikke en trussel | DHG\",\"isPartOf\":{\"@id\":\"https:\\\/\\\/www.directhealthcaregroup.com\\\/#website\"},\"primaryImageOfPage\":{\"@id\":\"https:\\\/\\\/www.directhealthcaregroup.com\\\/da\\\/viden-og-evidens\\\/178930-2\\\/#primaryimage\"},\"image\":{\"@id\":\"https:\\\/\\\/www.directhealthcaregroup.com\\\/da\\\/viden-og-evidens\\\/178930-2\\\/#primaryimage\"},\"thumbnailUrl\":\"https:\\\/\\\/www.directhealthcaregroup.com\\\/app\\\/uploads\\\/teknologi-i-sundhedsvaesnet-tb-transformed.jpeg\",\"datePublished\":\"2023-04-04T12:32:36+00:00\",\"dateModified\":\"2023-05-16T18:54:28+00:00\",\"breadcrumb\":{\"@id\":\"https:\\\/\\\/www.directhealthcaregroup.com\\\/da\\\/viden-og-evidens\\\/178930-2\\\/#breadcrumb\"},\"inLanguage\":\"da-DK\",\"potentialAction\":[{\"@type\":\"ReadAction\",\"target\":[\"https:\\\/\\\/www.directhealthcaregroup.com\\\/da\\\/viden-og-evidens\\\/178930-2\\\/\"]}]},{\"@type\":\"ImageObject\",\"inLanguage\":\"da-DK\",\"@id\":\"https:\\\/\\\/www.directhealthcaregroup.com\\\/da\\\/viden-og-evidens\\\/178930-2\\\/#primaryimage\",\"url\":\"https:\\\/\\\/www.directhealthcaregroup.com\\\/app\\\/uploads\\\/teknologi-i-sundhedsvaesnet-tb-transformed.jpeg\",\"contentUrl\":\"https:\\\/\\\/www.directhealthcaregroup.com\\\/app\\\/uploads\\\/teknologi-i-sundhedsvaesnet-tb-transformed.jpeg\",\"width\":1000,\"height\":250},{\"@type\":\"BreadcrumbList\",\"@id\":\"https:\\\/\\\/www.directhealthcaregroup.com\\\/da\\\/viden-og-evidens\\\/178930-2\\\/#breadcrumb\",\"itemListElement\":[{\"@type\":\"ListItem\",\"position\":1,\"name\":\"Home\",\"item\":\"https:\\\/\\\/www.directhealthcaregroup.com\\\/da\\\/\"},{\"@type\":\"ListItem\",\"position\":2,\"name\":\"VIDEN OG EVIDENS\",\"item\":\"https:\\\/\\\/www.directhealthcaregroup.com\\\/da\\\/viden-og-evidens\\\/\"},{\"@type\":\"ListItem\",\"position\":3,\"name\":\"Teknologi i sundhedsv\u00e6senet: Ikke en trussel\"}]},{\"@type\":\"WebSite\",\"@id\":\"https:\\\/\\\/www.directhealthcaregroup.com\\\/#website\",\"url\":\"https:\\\/\\\/www.directhealthcaregroup.com\\\/\",\"name\":\"DHG\",\"description\":\"Moving Health Forward\",\"publisher\":{\"@id\":\"https:\\\/\\\/www.directhealthcaregroup.com\\\/#organization\"},\"potentialAction\":[{\"@type\":\"SearchAction\",\"target\":{\"@type\":\"EntryPoint\",\"urlTemplate\":\"https:\\\/\\\/www.directhealthcaregroup.com\\\/?s={search_term_string}\"},\"query-input\":{\"@type\":\"PropertyValueSpecification\",\"valueRequired\":true,\"valueName\":\"search_term_string\"}}],\"inLanguage\":\"da-DK\"},{\"@type\":\"Organization\",\"@id\":\"https:\\\/\\\/www.directhealthcaregroup.com\\\/#organization\",\"name\":\"Direct Healthcare Group\",\"url\":\"https:\\\/\\\/www.directhealthcaregroup.com\\\/\",\"logo\":{\"@type\":\"ImageObject\",\"inLanguage\":\"da-DK\",\"@id\":\"https:\\\/\\\/www.directhealthcaregroup.com\\\/#\\\/schema\\\/logo\\\/image\\\/\",\"url\":\"https:\\\/\\\/directhealthcaregroup.com\\\/app\\\/uploads\\\/dhg-logo.png\",\"contentUrl\":\"https:\\\/\\\/directhealthcaregroup.com\\\/app\\\/uploads\\\/dhg-logo.png\",\"width\":556,\"height\":240,\"caption\":\"Direct Healthcare Group\"},\"image\":{\"@id\":\"https:\\\/\\\/www.directhealthcaregroup.com\\\/#\\\/schema\\\/logo\\\/image\\\/\"}}]}<\/script>\n<!-- \/ Yoast SEO plugin. -->","yoast_head_json":{"title":"Teknologi i sundhedsv\u00e6senet: Ikke en trussel | DHG","robots":{"index":"index","follow":"follow","max-snippet":"max-snippet:-1","max-image-preview":"max-image-preview:large","max-video-preview":"max-video-preview:-1"},"canonical":"https:\/\/www.directhealthcaregroup.com\/da\/viden-og-evidens\/178930-2\/","og_locale":"da_DK","og_type":"article","og_title":"Teknologi i sundhedsv\u00e6senet: Ikke en trussel | DHG","og_description":"Flere \u00e6ldre borgere og f\u00e6rre til at give pleje og omsorg. Det er nogle af de udfordringer, som velf\u00e6rdsteknologien fortsat skal s\u00f8ge at l\u00f8se. Velf\u00e6rdsteknologien er under fortsat stor udvikling, og l\u00f8sninger til patienth\u00e5ndtering har v\u00e6ret i rivende udvikling igennem de seneste \u00e5r. 8. november 2017 Af: Ergoterapeut, Pia Beck Vi h\u00f8rer j\u00e6vnligt i medierne &hellip; Continued","og_url":"https:\/\/www.directhealthcaregroup.com\/da\/viden-og-evidens\/178930-2\/","og_site_name":"DHG","article_modified_time":"2023-05-16T18:54:28+00:00","og_image":[{"width":1000,"height":250,"url":"https:\/\/www.directhealthcaregroup.com\/app\/uploads\/teknologi-i-sundhedsvaesnet-tb-transformed.jpeg","type":"image\/jpeg"}],"twitter_card":"summary_large_image","twitter_misc":{"Est. reading time":"2 minutes"},"schema":{"@context":"https:\/\/schema.org","@graph":[{"@type":"WebPage","@id":"https:\/\/www.directhealthcaregroup.com\/da\/viden-og-evidens\/178930-2\/","url":"https:\/\/www.directhealthcaregroup.com\/da\/viden-og-evidens\/178930-2\/","name":"Teknologi i sundhedsv\u00e6senet: Ikke en trussel | DHG","isPartOf":{"@id":"https:\/\/www.directhealthcaregroup.com\/#website"},"primaryImageOfPage":{"@id":"https:\/\/www.directhealthcaregroup.com\/da\/viden-og-evidens\/178930-2\/#primaryimage"},"image":{"@id":"https:\/\/www.directhealthcaregroup.com\/da\/viden-og-evidens\/178930-2\/#primaryimage"},"thumbnailUrl":"https:\/\/www.directhealthcaregroup.com\/app\/uploads\/teknologi-i-sundhedsvaesnet-tb-transformed.jpeg","datePublished":"2023-04-04T12:32:36+00:00","dateModified":"2023-05-16T18:54:28+00:00","breadcrumb":{"@id":"https:\/\/www.directhealthcaregroup.com\/da\/viden-og-evidens\/178930-2\/#breadcrumb"},"inLanguage":"da-DK","potentialAction":[{"@type":"ReadAction","target":["https:\/\/www.directhealthcaregroup.com\/da\/viden-og-evidens\/178930-2\/"]}]},{"@type":"ImageObject","inLanguage":"da-DK","@id":"https:\/\/www.directhealthcaregroup.com\/da\/viden-og-evidens\/178930-2\/#primaryimage","url":"https:\/\/www.directhealthcaregroup.com\/app\/uploads\/teknologi-i-sundhedsvaesnet-tb-transformed.jpeg","contentUrl":"https:\/\/www.directhealthcaregroup.com\/app\/uploads\/teknologi-i-sundhedsvaesnet-tb-transformed.jpeg","width":1000,"height":250},{"@type":"BreadcrumbList","@id":"https:\/\/www.directhealthcaregroup.com\/da\/viden-og-evidens\/178930-2\/#breadcrumb","itemListElement":[{"@type":"ListItem","position":1,"name":"Home","item":"https:\/\/www.directhealthcaregroup.com\/da\/"},{"@type":"ListItem","position":2,"name":"VIDEN OG EVIDENS","item":"https:\/\/www.directhealthcaregroup.com\/da\/viden-og-evidens\/"},{"@type":"ListItem","position":3,"name":"Teknologi i sundhedsv\u00e6senet: Ikke en trussel"}]},{"@type":"WebSite","@id":"https:\/\/www.directhealthcaregroup.com\/#website","url":"https:\/\/www.directhealthcaregroup.com\/","name":"DHG","description":"Moving Health Forward","publisher":{"@id":"https:\/\/www.directhealthcaregroup.com\/#organization"},"potentialAction":[{"@type":"SearchAction","target":{"@type":"EntryPoint","urlTemplate":"https:\/\/www.directhealthcaregroup.com\/?s={search_term_string}"},"query-input":{"@type":"PropertyValueSpecification","valueRequired":true,"valueName":"search_term_string"}}],"inLanguage":"da-DK"},{"@type":"Organization","@id":"https:\/\/www.directhealthcaregroup.com\/#organization","name":"Direct Healthcare Group","url":"https:\/\/www.directhealthcaregroup.com\/","logo":{"@type":"ImageObject","inLanguage":"da-DK","@id":"https:\/\/www.directhealthcaregroup.com\/#\/schema\/logo\/image\/","url":"https:\/\/directhealthcaregroup.com\/app\/uploads\/dhg-logo.png","contentUrl":"https:\/\/directhealthcaregroup.com\/app\/uploads\/dhg-logo.png","width":556,"height":240,"caption":"Direct Healthcare Group"},"image":{"@id":"https:\/\/www.directhealthcaregroup.com\/#\/schema\/logo\/image\/"}}]}},"_links":{"self":[{"href":"https:\/\/www.directhealthcaregroup.com\/da\/wp-json\/wp\/v2\/pages\/178930","targetHints":{"allow":["GET"]}}],"collection":[{"href":"https:\/\/www.directhealthcaregroup.com\/da\/wp-json\/wp\/v2\/pages"}],"about":[{"href":"https:\/\/www.directhealthcaregroup.com\/da\/wp-json\/wp\/v2\/types\/page"}],"author":[{"embeddable":true,"href":"https:\/\/www.directhealthcaregroup.com\/da\/wp-json\/wp\/v2\/users\/40"}],"replies":[{"embeddable":true,"href":"https:\/\/www.directhealthcaregroup.com\/da\/wp-json\/wp\/v2\/comments?post=178930"}],"version-history":[{"count":3,"href":"https:\/\/www.directhealthcaregroup.com\/da\/wp-json\/wp\/v2\/pages\/178930\/revisions"}],"predecessor-version":[{"id":183645,"href":"https:\/\/www.directhealthcaregroup.com\/da\/wp-json\/wp\/v2\/pages\/178930\/revisions\/183645"}],"up":[{"embeddable":true,"href":"https:\/\/www.directhealthcaregroup.com\/da\/wp-json\/wp\/v2\/pages\/174696"}],"wp:featuredmedia":[{"embeddable":true,"href":"https:\/\/www.directhealthcaregroup.com\/da\/wp-json\/wp\/v2\/media\/178931"}],"wp:attachment":[{"href":"https:\/\/www.directhealthcaregroup.com\/da\/wp-json\/wp\/v2\/media?parent=178930"}],"curies":[{"name":"wp","href":"https:\/\/api.w.org\/{rel}","templated":true}]}}