{"id":178967,"date":"2023-04-04T13:46:56","date_gmt":"2023-04-04T12:46:56","guid":{"rendered":"https:\/\/www.directhealthcaregroup.com\/?page_id=178967"},"modified":"2023-05-16T19:55:08","modified_gmt":"2023-05-16T18:55:08","slug":"178967-2","status":"publish","type":"page","link":"https:\/\/www.directhealthcaregroup.com\/da\/viden-og-evidens\/178967-2\/","title":{"rendered":"John og Mary genvandt uafh\u00e6ngigheden"},"content":{"rendered":"\n<h1 class=\"wp-block-heading\"><\/h1>\n\n\n\n<p>De britiske ergoterapeuter Gill Creighton og Vicky Cole fra West Berkshore Council, UK, har beskrevet, hvordan en st\u00e6rkt plejekr\u00e6vende mand og hans kone genvandt uafh\u00e6ngigheden i deres liv efter implementeringen af VENDLET V5.<\/p>\n\n\n\n<p>15. december 2017<\/p>\n\n\n\n<p>Den 67-\u00e5rige mand, som Gill Creighton og Vicky&nbsp;Coles kalder John, har v\u00e6ret pensioneret siden midten&nbsp;af 1980\u2019erne p\u00e5 grund af helbredsm\u00e6ssige problemer.&nbsp;Tidligere arbejdede han f\u00f8rst i fl\u00e5den og senere&nbsp;i&nbsp;politiet.&nbsp;<\/p>\n\n\n\n<p>John har en bi-polar lidelse og psykotiske perioder.&nbsp;Han har en vedvarende alvorlig depression og lider af&nbsp;angst. Han har type II diabetes og perifer neuropati.&nbsp;John har forringet hudintegritet og f\u00e5r let tryks\u00e5r.&nbsp;<\/p>\n\n\n\n<p>Johns kone, som her bliver kaldt Mary, har i mange \u00e5r&nbsp;passet John selv. Men Mary har udviklet gigt i h\u00e6nder&nbsp;og kn\u00e6 og har ogs\u00e5 problemer med ryggen. I januar&nbsp;2013 fik John akut diarr\u00e9, og&nbsp;Mary havde brug for&nbsp;hj\u00e6lp til personlig pleje og behandling af Johns hud.&nbsp;Hj\u00e6lpen kom i form af tre plejere tre gange dagligt.&nbsp;<\/p>\n\n\n\n<p>B\u00e5de John og Mary er meget private mennesker, og&nbsp;den intense hj\u00e6lp havde en d\u00e5rlig virkning p\u00e5 dem&nbsp;begge. Den kontrol, de havde haft over deres liv, blev&nbsp;taget v\u00e6k. Desuden var l\u00f8sningen dyr og plejeforholdene&nbsp;var ikke optimale.&nbsp;<\/p>\n\n\n\n<p>John havde allerede en bred vifte af udstyr, herunder en seng, en stol og en loftshejs, men kun manuelle&nbsp;glidelagner.<\/p>\n\n\n\n<h3 class=\"wp-block-heading\"><strong>Ved vurderingen af VENDLET V5 blev&nbsp;f\u00f8lgende betragtet i forhold til Johns situation:<\/strong><\/h3>\n\n\n\n<ul class=\"wp-block-list\"><li>Mindre manuel h\u00e5ndtering betyder mindre risiko&nbsp;for skade og smerte<\/li><li>Nemmere og mere enkle forflytninger udf\u00f8rt af f\u00e6rre&nbsp;plejere \u00f8ger det mentale velf\u00e6rd (det er meget&nbsp;uv\u00e6rdigt, n\u00e5r der er behov for mange plejere til at&nbsp;udf\u00f8re personlig pleje)<\/li><li>Tre plejere tre gange om dagen &#8211; det er et voldeligt&nbsp;indbrud i familiens privatliv<\/li><li>Det reducerede behov for pleje giver st\u00f8rre overskud&nbsp;og mulighed for at bruge ressourcer p\u00e5 andre&nbsp;ting<\/li><li>St\u00f8rre fleksibilitet med hensyn til, hvorn\u00e5r ekstern&nbsp;hj\u00e6lp skal komme, hvilket giver John og Mary&nbsp;st\u00f8rre kontrol over deres eget liv<\/li><li>Den reducerede afh\u00e6ngighed g\u00f8r det muligt for&nbsp;borgere at forblive l\u00e6ngere tid i deres eget hjem<\/li><li>K\u00f8b af VENDLET V5 giver mulighed for en bedre,&nbsp;roligere og mere effektiv service.<\/li><\/ul>\n\n\n\n<p>Ud over de menneskelige og personlige forbedringer&nbsp;for John gav implementeringen ogs\u00e5 en stor omkostningsbesparelse&nbsp;for kommunen. Behovet for tre plejere&nbsp;tre gange om dagen blev reduceret til en plejer to&nbsp;gange om dagen. Dette reducerede den daglige pris&nbsp;fra \u00a3 113 til kun \u00a3 23.&nbsp;<\/p>\n\n\n\n<p>En uge efter implementeringen af VENDLET V5 sagde&nbsp;Mary: \u201dFantastisk. Virkelig fantastisk. Det er alt jeg kan&nbsp;sige &#8211; det er bare fantastisk.\u201d&nbsp;<\/p>\n\n\n\n<h3 class=\"wp-block-heading\"><strong>Fire uger efter installationen af VENDLET V5 var status:<\/strong><\/h3>\n\n\n\n<ul class=\"wp-block-list\"><li>John var i meget bedre hum\u00f8r og mere tilfreds med sin nuv\u00e6rende situation<\/li><li>John var mere villig til at engagere sig<\/li><li>Mary havde mere tid til sig selv og muligheden for&nbsp;at bruge tid p\u00e5 ting, hun gerne ville<\/li><li>Der var mere fred i huset, og John og Marys liv var&nbsp;mere normalt<\/li><li>Der er nu et meget godt forhold mellem plejerne&nbsp;og John &amp; Mary.<\/li><\/ul>\n\n\n\n<p>Den overordnede konklusion er, at implementeringen&nbsp;af VENDLET V5 har haft en stor indvirkning p\u00e5 den&nbsp;pleje, der gives til John og p\u00e5 Johns og Marys livskvalitet.&nbsp;Samtidig var de \u00f8konomiske besparelser ved at&nbsp;implementere VENDLET V5 betydelige.<\/p>\n","protected":false},"excerpt":{"rendered":"<p>De britiske ergoterapeuter Gill Creighton og Vicky Cole fra West Berkshore Council, UK, har beskrevet, hvordan en st\u00e6rkt plejekr\u00e6vende mand og hans kone genvandt uafh\u00e6ngigheden i deres liv efter implementeringen af VENDLET V5. 15. december 2017 Den 67-\u00e5rige mand, som Gill Creighton og Vicky&nbsp;Coles kalder John, har v\u00e6ret pensioneret siden midten&nbsp;af 1980\u2019erne p\u00e5 grund af &hellip; <a href=\"https:\/\/www.directhealthcaregroup.com\/da\/viden-og-evidens\/178967-2\/\">Continued<\/a><\/p>\n","protected":false},"author":40,"featured_media":178968,"parent":174696,"menu_order":51,"comment_status":"closed","ping_status":"closed","template":"","meta":{"_acf_changed":false,"footnotes":""},"class_list":["post-178967","page","type-page","status-publish","has-post-thumbnail","hentry"],"acf":[],"yoast_head":"<!-- This site is optimized with the Yoast SEO plugin v27.4 - https:\/\/yoast.com\/product\/yoast-seo-wordpress\/ -->\n<title>John og Mary genvandt uafh\u00e6ngigheden | DHG<\/title>\n<meta name=\"robots\" content=\"index, follow, max-snippet:-1, max-image-preview:large, max-video-preview:-1\" \/>\n<link rel=\"canonical\" href=\"https:\/\/www.directhealthcaregroup.com\/da\/viden-og-evidens\/178967-2\/\" \/>\n<meta property=\"og:locale\" content=\"da_DK\" \/>\n<meta property=\"og:type\" content=\"article\" \/>\n<meta property=\"og:title\" content=\"John og Mary genvandt uafh\u00e6ngigheden | DHG\" \/>\n<meta property=\"og:description\" content=\"De britiske ergoterapeuter Gill Creighton og Vicky Cole fra West Berkshore Council, UK, har beskrevet, hvordan en st\u00e6rkt plejekr\u00e6vende mand og hans kone genvandt uafh\u00e6ngigheden i deres liv efter implementeringen af VENDLET V5. 15. december 2017 Den 67-\u00e5rige mand, som Gill Creighton og Vicky&nbsp;Coles kalder John, har v\u00e6ret pensioneret siden midten&nbsp;af 1980\u2019erne p\u00e5 grund af &hellip; Continued\" \/>\n<meta property=\"og:url\" content=\"https:\/\/www.directhealthcaregroup.com\/da\/viden-og-evidens\/178967-2\/\" \/>\n<meta property=\"og:site_name\" content=\"DHG\" \/>\n<meta property=\"article:modified_time\" content=\"2023-05-16T18:55:08+00:00\" \/>\n<meta property=\"og:image\" content=\"https:\/\/www.directhealthcaregroup.com\/app\/uploads\/john-og-mary-tb-transformed.jpeg\" \/>\n\t<meta property=\"og:image:width\" content=\"1000\" \/>\n\t<meta property=\"og:image:height\" content=\"250\" \/>\n\t<meta property=\"og:image:type\" content=\"image\/jpeg\" \/>\n<meta name=\"twitter:card\" content=\"summary_large_image\" \/>\n<meta name=\"twitter:label1\" content=\"Est. reading time\" \/>\n\t<meta name=\"twitter:data1\" content=\"3 minutes\" \/>\n<script type=\"application\/ld+json\" class=\"yoast-schema-graph\">{\"@context\":\"https:\\\/\\\/schema.org\",\"@graph\":[{\"@type\":\"WebPage\",\"@id\":\"https:\\\/\\\/www.directhealthcaregroup.com\\\/da\\\/viden-og-evidens\\\/178967-2\\\/\",\"url\":\"https:\\\/\\\/www.directhealthcaregroup.com\\\/da\\\/viden-og-evidens\\\/178967-2\\\/\",\"name\":\"John og Mary genvandt uafh\u00e6ngigheden | DHG\",\"isPartOf\":{\"@id\":\"https:\\\/\\\/www.directhealthcaregroup.com\\\/#website\"},\"primaryImageOfPage\":{\"@id\":\"https:\\\/\\\/www.directhealthcaregroup.com\\\/da\\\/viden-og-evidens\\\/178967-2\\\/#primaryimage\"},\"image\":{\"@id\":\"https:\\\/\\\/www.directhealthcaregroup.com\\\/da\\\/viden-og-evidens\\\/178967-2\\\/#primaryimage\"},\"thumbnailUrl\":\"https:\\\/\\\/www.directhealthcaregroup.com\\\/app\\\/uploads\\\/john-og-mary-tb-transformed.jpeg\",\"datePublished\":\"2023-04-04T12:46:56+00:00\",\"dateModified\":\"2023-05-16T18:55:08+00:00\",\"breadcrumb\":{\"@id\":\"https:\\\/\\\/www.directhealthcaregroup.com\\\/da\\\/viden-og-evidens\\\/178967-2\\\/#breadcrumb\"},\"inLanguage\":\"da-DK\",\"potentialAction\":[{\"@type\":\"ReadAction\",\"target\":[\"https:\\\/\\\/www.directhealthcaregroup.com\\\/da\\\/viden-og-evidens\\\/178967-2\\\/\"]}]},{\"@type\":\"ImageObject\",\"inLanguage\":\"da-DK\",\"@id\":\"https:\\\/\\\/www.directhealthcaregroup.com\\\/da\\\/viden-og-evidens\\\/178967-2\\\/#primaryimage\",\"url\":\"https:\\\/\\\/www.directhealthcaregroup.com\\\/app\\\/uploads\\\/john-og-mary-tb-transformed.jpeg\",\"contentUrl\":\"https:\\\/\\\/www.directhealthcaregroup.com\\\/app\\\/uploads\\\/john-og-mary-tb-transformed.jpeg\",\"width\":1000,\"height\":250},{\"@type\":\"BreadcrumbList\",\"@id\":\"https:\\\/\\\/www.directhealthcaregroup.com\\\/da\\\/viden-og-evidens\\\/178967-2\\\/#breadcrumb\",\"itemListElement\":[{\"@type\":\"ListItem\",\"position\":1,\"name\":\"Home\",\"item\":\"https:\\\/\\\/www.directhealthcaregroup.com\\\/da\\\/\"},{\"@type\":\"ListItem\",\"position\":2,\"name\":\"VIDEN OG EVIDENS\",\"item\":\"https:\\\/\\\/www.directhealthcaregroup.com\\\/da\\\/viden-og-evidens\\\/\"},{\"@type\":\"ListItem\",\"position\":3,\"name\":\"John og Mary genvandt uafh\u00e6ngigheden\"}]},{\"@type\":\"WebSite\",\"@id\":\"https:\\\/\\\/www.directhealthcaregroup.com\\\/#website\",\"url\":\"https:\\\/\\\/www.directhealthcaregroup.com\\\/\",\"name\":\"DHG\",\"description\":\"Moving Health Forward\",\"publisher\":{\"@id\":\"https:\\\/\\\/www.directhealthcaregroup.com\\\/#organization\"},\"potentialAction\":[{\"@type\":\"SearchAction\",\"target\":{\"@type\":\"EntryPoint\",\"urlTemplate\":\"https:\\\/\\\/www.directhealthcaregroup.com\\\/?s={search_term_string}\"},\"query-input\":{\"@type\":\"PropertyValueSpecification\",\"valueRequired\":true,\"valueName\":\"search_term_string\"}}],\"inLanguage\":\"da-DK\"},{\"@type\":\"Organization\",\"@id\":\"https:\\\/\\\/www.directhealthcaregroup.com\\\/#organization\",\"name\":\"Direct Healthcare Group\",\"url\":\"https:\\\/\\\/www.directhealthcaregroup.com\\\/\",\"logo\":{\"@type\":\"ImageObject\",\"inLanguage\":\"da-DK\",\"@id\":\"https:\\\/\\\/www.directhealthcaregroup.com\\\/#\\\/schema\\\/logo\\\/image\\\/\",\"url\":\"https:\\\/\\\/directhealthcaregroup.com\\\/app\\\/uploads\\\/dhg-logo.png\",\"contentUrl\":\"https:\\\/\\\/directhealthcaregroup.com\\\/app\\\/uploads\\\/dhg-logo.png\",\"width\":556,\"height\":240,\"caption\":\"Direct Healthcare Group\"},\"image\":{\"@id\":\"https:\\\/\\\/www.directhealthcaregroup.com\\\/#\\\/schema\\\/logo\\\/image\\\/\"}}]}<\/script>\n<!-- \/ Yoast SEO plugin. -->","yoast_head_json":{"title":"John og Mary genvandt uafh\u00e6ngigheden | DHG","robots":{"index":"index","follow":"follow","max-snippet":"max-snippet:-1","max-image-preview":"max-image-preview:large","max-video-preview":"max-video-preview:-1"},"canonical":"https:\/\/www.directhealthcaregroup.com\/da\/viden-og-evidens\/178967-2\/","og_locale":"da_DK","og_type":"article","og_title":"John og Mary genvandt uafh\u00e6ngigheden | DHG","og_description":"De britiske ergoterapeuter Gill Creighton og Vicky Cole fra West Berkshore Council, UK, har beskrevet, hvordan en st\u00e6rkt plejekr\u00e6vende mand og hans kone genvandt uafh\u00e6ngigheden i deres liv efter implementeringen af VENDLET V5. 15. december 2017 Den 67-\u00e5rige mand, som Gill Creighton og Vicky&nbsp;Coles kalder John, har v\u00e6ret pensioneret siden midten&nbsp;af 1980\u2019erne p\u00e5 grund af &hellip; Continued","og_url":"https:\/\/www.directhealthcaregroup.com\/da\/viden-og-evidens\/178967-2\/","og_site_name":"DHG","article_modified_time":"2023-05-16T18:55:08+00:00","og_image":[{"width":1000,"height":250,"url":"https:\/\/www.directhealthcaregroup.com\/app\/uploads\/john-og-mary-tb-transformed.jpeg","type":"image\/jpeg"}],"twitter_card":"summary_large_image","twitter_misc":{"Est. reading time":"3 minutes"},"schema":{"@context":"https:\/\/schema.org","@graph":[{"@type":"WebPage","@id":"https:\/\/www.directhealthcaregroup.com\/da\/viden-og-evidens\/178967-2\/","url":"https:\/\/www.directhealthcaregroup.com\/da\/viden-og-evidens\/178967-2\/","name":"John og Mary genvandt uafh\u00e6ngigheden | DHG","isPartOf":{"@id":"https:\/\/www.directhealthcaregroup.com\/#website"},"primaryImageOfPage":{"@id":"https:\/\/www.directhealthcaregroup.com\/da\/viden-og-evidens\/178967-2\/#primaryimage"},"image":{"@id":"https:\/\/www.directhealthcaregroup.com\/da\/viden-og-evidens\/178967-2\/#primaryimage"},"thumbnailUrl":"https:\/\/www.directhealthcaregroup.com\/app\/uploads\/john-og-mary-tb-transformed.jpeg","datePublished":"2023-04-04T12:46:56+00:00","dateModified":"2023-05-16T18:55:08+00:00","breadcrumb":{"@id":"https:\/\/www.directhealthcaregroup.com\/da\/viden-og-evidens\/178967-2\/#breadcrumb"},"inLanguage":"da-DK","potentialAction":[{"@type":"ReadAction","target":["https:\/\/www.directhealthcaregroup.com\/da\/viden-og-evidens\/178967-2\/"]}]},{"@type":"ImageObject","inLanguage":"da-DK","@id":"https:\/\/www.directhealthcaregroup.com\/da\/viden-og-evidens\/178967-2\/#primaryimage","url":"https:\/\/www.directhealthcaregroup.com\/app\/uploads\/john-og-mary-tb-transformed.jpeg","contentUrl":"https:\/\/www.directhealthcaregroup.com\/app\/uploads\/john-og-mary-tb-transformed.jpeg","width":1000,"height":250},{"@type":"BreadcrumbList","@id":"https:\/\/www.directhealthcaregroup.com\/da\/viden-og-evidens\/178967-2\/#breadcrumb","itemListElement":[{"@type":"ListItem","position":1,"name":"Home","item":"https:\/\/www.directhealthcaregroup.com\/da\/"},{"@type":"ListItem","position":2,"name":"VIDEN OG EVIDENS","item":"https:\/\/www.directhealthcaregroup.com\/da\/viden-og-evidens\/"},{"@type":"ListItem","position":3,"name":"John og Mary genvandt uafh\u00e6ngigheden"}]},{"@type":"WebSite","@id":"https:\/\/www.directhealthcaregroup.com\/#website","url":"https:\/\/www.directhealthcaregroup.com\/","name":"DHG","description":"Moving Health Forward","publisher":{"@id":"https:\/\/www.directhealthcaregroup.com\/#organization"},"potentialAction":[{"@type":"SearchAction","target":{"@type":"EntryPoint","urlTemplate":"https:\/\/www.directhealthcaregroup.com\/?s={search_term_string}"},"query-input":{"@type":"PropertyValueSpecification","valueRequired":true,"valueName":"search_term_string"}}],"inLanguage":"da-DK"},{"@type":"Organization","@id":"https:\/\/www.directhealthcaregroup.com\/#organization","name":"Direct Healthcare Group","url":"https:\/\/www.directhealthcaregroup.com\/","logo":{"@type":"ImageObject","inLanguage":"da-DK","@id":"https:\/\/www.directhealthcaregroup.com\/#\/schema\/logo\/image\/","url":"https:\/\/directhealthcaregroup.com\/app\/uploads\/dhg-logo.png","contentUrl":"https:\/\/directhealthcaregroup.com\/app\/uploads\/dhg-logo.png","width":556,"height":240,"caption":"Direct Healthcare Group"},"image":{"@id":"https:\/\/www.directhealthcaregroup.com\/#\/schema\/logo\/image\/"}}]}},"_links":{"self":[{"href":"https:\/\/www.directhealthcaregroup.com\/da\/wp-json\/wp\/v2\/pages\/178967","targetHints":{"allow":["GET"]}}],"collection":[{"href":"https:\/\/www.directhealthcaregroup.com\/da\/wp-json\/wp\/v2\/pages"}],"about":[{"href":"https:\/\/www.directhealthcaregroup.com\/da\/wp-json\/wp\/v2\/types\/page"}],"author":[{"embeddable":true,"href":"https:\/\/www.directhealthcaregroup.com\/da\/wp-json\/wp\/v2\/users\/40"}],"replies":[{"embeddable":true,"href":"https:\/\/www.directhealthcaregroup.com\/da\/wp-json\/wp\/v2\/comments?post=178967"}],"version-history":[{"count":3,"href":"https:\/\/www.directhealthcaregroup.com\/da\/wp-json\/wp\/v2\/pages\/178967\/revisions"}],"predecessor-version":[{"id":183646,"href":"https:\/\/www.directhealthcaregroup.com\/da\/wp-json\/wp\/v2\/pages\/178967\/revisions\/183646"}],"up":[{"embeddable":true,"href":"https:\/\/www.directhealthcaregroup.com\/da\/wp-json\/wp\/v2\/pages\/174696"}],"wp:featuredmedia":[{"embeddable":true,"href":"https:\/\/www.directhealthcaregroup.com\/da\/wp-json\/wp\/v2\/media\/178968"}],"wp:attachment":[{"href":"https:\/\/www.directhealthcaregroup.com\/da\/wp-json\/wp\/v2\/media?parent=178967"}],"curies":[{"name":"wp","href":"https:\/\/api.w.org\/{rel}","templated":true}]}}