{"id":179472,"date":"2023-04-19T09:38:26","date_gmt":"2023-04-19T08:38:26","guid":{"rendered":"https:\/\/www.directhealthcaregroup.com\/?page_id=179472"},"modified":"2023-05-16T19:55:46","modified_gmt":"2023-05-16T18:55:46","slug":"179472-2","status":"publish","type":"page","link":"https:\/\/www.directhealthcaregroup.com\/da\/viden-og-evidens\/179472-2\/","title":{"rendered":"National evaluering af vendesystemer"},"content":{"rendered":"\n<h1 class=\"wp-block-heading\"><\/h1>\n\n\n\n<p>En ny unders\u00f8gelse fra Teknologisk Institut viser, at brugen af VENDLET systemer kan medf\u00f8re f\u00e6rre arbejdsskader hos personalet, bedre komfort hos borgeren samt en \u00f8konomisk besparelse for kommunen. Unders\u00f8gelsen, der er gennemf\u00f8rt i perioden januar 2016 til marts 2018, har haft til form\u00e5l at evaluere effekten af elektriske vendesystemer p\u00e5 borgeren, personalet og \u00f8konomien.<\/p>\n\n\n\n<p>1. januar 2018<\/p>\n\n\n\n<h2 class=\"wp-block-heading\"><strong>Projektets ramme og metode<\/strong><\/h2>\n\n\n\n<p>Unders\u00f8gelsen er foretaget af Teknologisk Institut i samarbejde med 4 kommuner; Aabenraa (projektleder), Viborg, Ish\u00f8j og K\u00f8benhavn. De fire kommuner vurderes at udg\u00f8re et repr\u00e6sentativt udsnit af alle danske kommuner, hvorfor resultaterne ogs\u00e5 kan overf\u00f8res til andre kommuner. De fire kommuner havde i forvejen alle bekendtskab med elektriske vendesystemer. I alt indgik 328 elektroniske vendesystemer i evalueringen, hvoraf 320 var VENDLET systemer.<\/p>\n\n\n\n<p>Effekten af systemerne blev m\u00e5lt vha. 4 forskellige indikatorer; organisation, teknologi, borger og \u00f8konomi, som blev m\u00e5lt gennem interviews, sp\u00f8rgeskemaer og tidsregistreringer.<\/p>\n\n\n\n<p>Evalueringen blev bygget op af f\u00f8r-, under- og efterm\u00e5linger. Ved hj\u00e6lp af disse m\u00e5linger kunne situationen uden elektriske vendesystemer sammenlignes med situationen efter indf\u00f8relsen af elektriske vendesystemer. Midtvejsm\u00e5lingen hjalp herudover med at belyse, hvorn\u00e5r i processen effekterne af mekanisk forflytning begyndte at vise sig.<\/p>\n\n\n\n<h2 class=\"wp-block-heading\"><strong>Medarbejdertrivsel forbedres<\/strong><\/h2>\n\n\n\n<p>Projektet viser at brugen af et elektrisk vendesystem til forflytning medvirker til en reduceret fysisk belastning af personalet, og at risikoen for at udvikle arbejdsskader dermed er reduceret. Elektriske vendesystemer har alts\u00e5 en forebyggende effekt, n\u00e5r det kommer til nedslidning af medarbejderne.<\/p>\n\n\n\n<p>Herudover viste projektet at brugen af elektrisk vendesystem havde en positiv effekt p\u00e5 personalets generelle fysiske velbefindende ved sengepleje og p\u00e5 deres tr\u00e6thed efter arbejde. Personalet f\u00f8lte sig s\u00e5ledes mindre tr\u00e6tte efter arbejde, og vendesystemet havde ogs\u00e5 en positiv effekt p\u00e5 personalets hum\u00f8r og trivsel, formentligt fordi de ikke var overbelastede fysisk.<\/p>\n\n\n\n<p>Med baggrund heri konkluderer projektet, at kommunerne med fordel kan bruge anvendelse af elektriske vendesystemer til at tiltr\u00e6kke personale. Systemet kan nemlig f\u00f8re til gevinster s\u00e5som reduceret fysisk belastning, f\u00e6rre sygedage og forbedret arbejdsmilj\u00f8 for plejepersonalet. Dette er alt sammen med til at g\u00f8re sektoren mere attraktiv, og medf\u00f8rer en langt h\u00f8jere medarbejdertilfredshed. Og d\u00e9t er k\u00e6rkomment i de mange kommuner, der lige nu higer efter mere personale i sundhedssektoren.<\/p>\n\n\n\n<h2 class=\"wp-block-heading\"><strong>Tidlig implementering er bedst<\/strong><\/h2>\n\n\n\n<p>Projektet understreger at en tidlig implementering medf\u00f8rer st\u00f8rst fordele b\u00e5de for borger og personale. De fleste fordele h\u00f8stes nemlig, n\u00e5r personalet er bekendte med teknologien, og n\u00e5r borgeren er blevet tryg ved den mekaniske forflytning. Derfor b\u00f8r man ikke implementere VENDLET som sidste udvej, men langt f\u00f8r.<\/p>\n\n\n\n<p>Den nationale evalueringsrapport s\u00e6tter dermed sp\u00f8rgsm\u00e5lstegn ved den nuv\u00e6rende bevillingspraksis.<\/p>\n\n\n\n<p>Implementeres teknologien for sent, er der nemlig risiko for, at gevinsterne g\u00e5r tabt. Derfor opfordrer projektet til, at der kigges p\u00e5 borgerens langsigtede behov fremfor at afpr\u00f8ve billigere hj\u00e6lpemidler af f\u00f8rst.<\/p>\n\n\n\n<p>Projektet viste desuden, at investeringen i VENDLET betaler sig tilbage i det syvende \u00e5r. Derfor b\u00f8r den \u00f8konomiske investering ikke v\u00e6re det b\u00e6rende i beslutningen om, hvorvidt et mekanisk forflytningssystem b\u00f8r bevilliges.&nbsp;<\/p>\n\n\n\n<h2 class=\"wp-block-heading\"><strong>Borgeren f\u00e5r bedre kvalitet<\/strong><\/h2>\n\n\n\n<p>I alt indgik 16 borgere i vurderingen af plejekvaliteten. Borgernes tilfredshed blev m\u00e5lt p\u00e5 forskellige parametre. Projektet viser, at mekanisk forflytning har betydelige positive effekter p\u00e5 borgerens fysiske og psykiske velbefindende.<\/p>\n\n\n\n<p>Brugen af mekanisk forflytning viste sig ogs\u00e5 at have en positiv effekt p\u00e5 borgernes smerter. Ingen af borgerne havde smerter ved forflytning ved projektets slutm\u00e5ling, imens over 50% havde smerter ved brug af manuel forflytning.<\/p>\n\n\n\n<p>En af \u00e5rsagerne hertil er, at den mekanisk forflytning er mere sk\u00e5nsom og underst\u00f8tter hele borgerens krop. Dette er mere trygt for borgeren. Derfor modarbejder borgerne ikke personalet, er ikke vrede og r\u00e5ber av, men er derimod helt rolige. Projektet viste at dette ogs\u00e5 har positive effekter p\u00e5 borgernes hum\u00f8r.<\/p>\n\n\n\n<h2 class=\"wp-block-heading\"><strong>Kommunikationen forbedres<\/strong><\/h2>\n\n\n\n<p>Herudover viste det sig, at den mekanisk forflytning havde en positiv effekt p\u00e5 kommunikationen mellem borger og personale. Personalet aflastes og har dermed mere overskud til borgeren, imens borger og medarbejder bedre kan snakke sammen, n\u00e5r der kun er en medarbejder i forflytningssituationen. Dette betyder, at personalet ikke kommer til at tale henover hovedet p\u00e5 borgeren, og at de bedre kan forklare borgeren, hvad der skal til at ske.&nbsp;<\/p>\n\n\n\n<h2 class=\"wp-block-heading\"><strong>Se eller gense vores webinar<\/strong><\/h2>\n\n\n\n<p>Du kan nu se eller gense vores webinar om den nationale evaluering, der blev aholdt d. 28. maj 2019. Her gik vores CEO, Peter Maindal, i dybden med projektet.<\/p>\n\n\n\n<figure class=\"wp-block-embed-youtube wp-block-embed is-type-video is-provider-youtube wp-embed-aspect-16-9 wp-has-aspect-ratio\"><div class=\"wp-block-embed__wrapper\">\n<iframe loading=\"lazy\" title=\"National evaluering af vendesystemer\" width=\"500\" height=\"281\" src=\"https:\/\/www.youtube.com\/embed\/qQjA-NBTt3g?feature=oembed\" frameborder=\"0\" allow=\"accelerometer; autoplay; clipboard-write; encrypted-media; gyroscope; picture-in-picture; web-share\" referrerpolicy=\"strict-origin-when-cross-origin\" allowfullscreen><\/iframe>\n<\/div><\/figure>\n\n\n\n<p><strong>Hent PDF:<\/strong><a rel=\"noreferrer noopener\" href=\"https:\/\/www.vendlet.dk\/media\/qhllrq1v\/evaluering-af-elektroniske-vendesystemer-2018.pdf\" target=\"_blank\">&nbsp;<\/a><a href=\"https:\/\/www.directhealthcaregroup.com\/app\/uploads\/evaluering-af-elektroniske-vendesystemer-2018-1.pdf\" target=\"_blank\" rel=\"noreferrer noopener\">Anvendelse af elektroniske vendesystemer til forebyggelse af tryks\u00e5r og arbejdsskader<\/a><\/p>\n","protected":false},"excerpt":{"rendered":"<p>En ny unders\u00f8gelse fra Teknologisk Institut viser, at brugen af VENDLET systemer kan medf\u00f8re f\u00e6rre arbejdsskader hos personalet, bedre komfort hos borgeren samt en \u00f8konomisk besparelse for kommunen. Unders\u00f8gelsen, der er gennemf\u00f8rt i perioden januar 2016 til marts 2018, har haft til form\u00e5l at evaluere effekten af elektriske vendesystemer p\u00e5 borgeren, personalet og \u00f8konomien. 1. &hellip; <a href=\"https:\/\/www.directhealthcaregroup.com\/da\/viden-og-evidens\/179472-2\/\">Continued<\/a><\/p>\n","protected":false},"author":40,"featured_media":179473,"parent":174696,"menu_order":52,"comment_status":"closed","ping_status":"closed","template":"","meta":{"_acf_changed":false,"footnotes":""},"class_list":["post-179472","page","type-page","status-publish","has-post-thumbnail","hentry"],"acf":[],"yoast_head":"<!-- This site is optimized with the Yoast SEO plugin v27.4 - https:\/\/yoast.com\/product\/yoast-seo-wordpress\/ -->\n<title>National evaluering af vendesystemer | DHG<\/title>\n<meta name=\"robots\" content=\"index, follow, max-snippet:-1, max-image-preview:large, max-video-preview:-1\" \/>\n<link rel=\"canonical\" href=\"https:\/\/www.directhealthcaregroup.com\/da\/viden-og-evidens\/179472-2\/\" \/>\n<meta property=\"og:locale\" content=\"da_DK\" \/>\n<meta property=\"og:type\" content=\"article\" \/>\n<meta property=\"og:title\" content=\"National evaluering af vendesystemer | DHG\" \/>\n<meta property=\"og:description\" content=\"En ny unders\u00f8gelse fra Teknologisk Institut viser, at brugen af VENDLET systemer kan medf\u00f8re f\u00e6rre arbejdsskader hos personalet, bedre komfort hos borgeren samt en \u00f8konomisk besparelse for kommunen. Unders\u00f8gelsen, der er gennemf\u00f8rt i perioden januar 2016 til marts 2018, har haft til form\u00e5l at evaluere effekten af elektriske vendesystemer p\u00e5 borgeren, personalet og \u00f8konomien. 1. &hellip; Continued\" \/>\n<meta property=\"og:url\" content=\"https:\/\/www.directhealthcaregroup.com\/da\/viden-og-evidens\/179472-2\/\" \/>\n<meta property=\"og:site_name\" content=\"DHG\" \/>\n<meta property=\"article:modified_time\" content=\"2023-05-16T18:55:46+00:00\" \/>\n<meta property=\"og:image\" content=\"https:\/\/www.directhealthcaregroup.com\/app\/uploads\/national-evaluering-tb-transformed.jpeg\" \/>\n\t<meta property=\"og:image:width\" content=\"2000\" \/>\n\t<meta property=\"og:image:height\" content=\"500\" \/>\n\t<meta property=\"og:image:type\" content=\"image\/jpeg\" \/>\n<meta name=\"twitter:card\" content=\"summary_large_image\" \/>\n<meta name=\"twitter:label1\" content=\"Est. reading time\" \/>\n\t<meta name=\"twitter:data1\" content=\"4 minutes\" \/>\n<script type=\"application\/ld+json\" class=\"yoast-schema-graph\">{\"@context\":\"https:\\\/\\\/schema.org\",\"@graph\":[{\"@type\":\"WebPage\",\"@id\":\"https:\\\/\\\/www.directhealthcaregroup.com\\\/da\\\/viden-og-evidens\\\/179472-2\\\/\",\"url\":\"https:\\\/\\\/www.directhealthcaregroup.com\\\/da\\\/viden-og-evidens\\\/179472-2\\\/\",\"name\":\"National evaluering af vendesystemer | DHG\",\"isPartOf\":{\"@id\":\"https:\\\/\\\/www.directhealthcaregroup.com\\\/#website\"},\"primaryImageOfPage\":{\"@id\":\"https:\\\/\\\/www.directhealthcaregroup.com\\\/da\\\/viden-og-evidens\\\/179472-2\\\/#primaryimage\"},\"image\":{\"@id\":\"https:\\\/\\\/www.directhealthcaregroup.com\\\/da\\\/viden-og-evidens\\\/179472-2\\\/#primaryimage\"},\"thumbnailUrl\":\"https:\\\/\\\/www.directhealthcaregroup.com\\\/app\\\/uploads\\\/national-evaluering-tb-transformed.jpeg\",\"datePublished\":\"2023-04-19T08:38:26+00:00\",\"dateModified\":\"2023-05-16T18:55:46+00:00\",\"breadcrumb\":{\"@id\":\"https:\\\/\\\/www.directhealthcaregroup.com\\\/da\\\/viden-og-evidens\\\/179472-2\\\/#breadcrumb\"},\"inLanguage\":\"da-DK\",\"potentialAction\":[{\"@type\":\"ReadAction\",\"target\":[\"https:\\\/\\\/www.directhealthcaregroup.com\\\/da\\\/viden-og-evidens\\\/179472-2\\\/\"]}]},{\"@type\":\"ImageObject\",\"inLanguage\":\"da-DK\",\"@id\":\"https:\\\/\\\/www.directhealthcaregroup.com\\\/da\\\/viden-og-evidens\\\/179472-2\\\/#primaryimage\",\"url\":\"https:\\\/\\\/www.directhealthcaregroup.com\\\/app\\\/uploads\\\/national-evaluering-tb-transformed.jpeg\",\"contentUrl\":\"https:\\\/\\\/www.directhealthcaregroup.com\\\/app\\\/uploads\\\/national-evaluering-tb-transformed.jpeg\",\"width\":2000,\"height\":500},{\"@type\":\"BreadcrumbList\",\"@id\":\"https:\\\/\\\/www.directhealthcaregroup.com\\\/da\\\/viden-og-evidens\\\/179472-2\\\/#breadcrumb\",\"itemListElement\":[{\"@type\":\"ListItem\",\"position\":1,\"name\":\"Home\",\"item\":\"https:\\\/\\\/www.directhealthcaregroup.com\\\/da\\\/\"},{\"@type\":\"ListItem\",\"position\":2,\"name\":\"VIDEN OG EVIDENS\",\"item\":\"https:\\\/\\\/www.directhealthcaregroup.com\\\/da\\\/viden-og-evidens\\\/\"},{\"@type\":\"ListItem\",\"position\":3,\"name\":\"National evaluering af vendesystemer\"}]},{\"@type\":\"WebSite\",\"@id\":\"https:\\\/\\\/www.directhealthcaregroup.com\\\/#website\",\"url\":\"https:\\\/\\\/www.directhealthcaregroup.com\\\/\",\"name\":\"DHG\",\"description\":\"Moving Health Forward\",\"publisher\":{\"@id\":\"https:\\\/\\\/www.directhealthcaregroup.com\\\/#organization\"},\"potentialAction\":[{\"@type\":\"SearchAction\",\"target\":{\"@type\":\"EntryPoint\",\"urlTemplate\":\"https:\\\/\\\/www.directhealthcaregroup.com\\\/?s={search_term_string}\"},\"query-input\":{\"@type\":\"PropertyValueSpecification\",\"valueRequired\":true,\"valueName\":\"search_term_string\"}}],\"inLanguage\":\"da-DK\"},{\"@type\":\"Organization\",\"@id\":\"https:\\\/\\\/www.directhealthcaregroup.com\\\/#organization\",\"name\":\"Direct Healthcare Group\",\"url\":\"https:\\\/\\\/www.directhealthcaregroup.com\\\/\",\"logo\":{\"@type\":\"ImageObject\",\"inLanguage\":\"da-DK\",\"@id\":\"https:\\\/\\\/www.directhealthcaregroup.com\\\/#\\\/schema\\\/logo\\\/image\\\/\",\"url\":\"https:\\\/\\\/directhealthcaregroup.com\\\/app\\\/uploads\\\/dhg-logo.png\",\"contentUrl\":\"https:\\\/\\\/directhealthcaregroup.com\\\/app\\\/uploads\\\/dhg-logo.png\",\"width\":556,\"height\":240,\"caption\":\"Direct Healthcare Group\"},\"image\":{\"@id\":\"https:\\\/\\\/www.directhealthcaregroup.com\\\/#\\\/schema\\\/logo\\\/image\\\/\"}}]}<\/script>\n<!-- \/ Yoast SEO plugin. -->","yoast_head_json":{"title":"National evaluering af vendesystemer | DHG","robots":{"index":"index","follow":"follow","max-snippet":"max-snippet:-1","max-image-preview":"max-image-preview:large","max-video-preview":"max-video-preview:-1"},"canonical":"https:\/\/www.directhealthcaregroup.com\/da\/viden-og-evidens\/179472-2\/","og_locale":"da_DK","og_type":"article","og_title":"National evaluering af vendesystemer | DHG","og_description":"En ny unders\u00f8gelse fra Teknologisk Institut viser, at brugen af VENDLET systemer kan medf\u00f8re f\u00e6rre arbejdsskader hos personalet, bedre komfort hos borgeren samt en \u00f8konomisk besparelse for kommunen. Unders\u00f8gelsen, der er gennemf\u00f8rt i perioden januar 2016 til marts 2018, har haft til form\u00e5l at evaluere effekten af elektriske vendesystemer p\u00e5 borgeren, personalet og \u00f8konomien. 1. &hellip; Continued","og_url":"https:\/\/www.directhealthcaregroup.com\/da\/viden-og-evidens\/179472-2\/","og_site_name":"DHG","article_modified_time":"2023-05-16T18:55:46+00:00","og_image":[{"width":2000,"height":500,"url":"https:\/\/www.directhealthcaregroup.com\/app\/uploads\/national-evaluering-tb-transformed.jpeg","type":"image\/jpeg"}],"twitter_card":"summary_large_image","twitter_misc":{"Est. reading time":"4 minutes"},"schema":{"@context":"https:\/\/schema.org","@graph":[{"@type":"WebPage","@id":"https:\/\/www.directhealthcaregroup.com\/da\/viden-og-evidens\/179472-2\/","url":"https:\/\/www.directhealthcaregroup.com\/da\/viden-og-evidens\/179472-2\/","name":"National evaluering af vendesystemer | DHG","isPartOf":{"@id":"https:\/\/www.directhealthcaregroup.com\/#website"},"primaryImageOfPage":{"@id":"https:\/\/www.directhealthcaregroup.com\/da\/viden-og-evidens\/179472-2\/#primaryimage"},"image":{"@id":"https:\/\/www.directhealthcaregroup.com\/da\/viden-og-evidens\/179472-2\/#primaryimage"},"thumbnailUrl":"https:\/\/www.directhealthcaregroup.com\/app\/uploads\/national-evaluering-tb-transformed.jpeg","datePublished":"2023-04-19T08:38:26+00:00","dateModified":"2023-05-16T18:55:46+00:00","breadcrumb":{"@id":"https:\/\/www.directhealthcaregroup.com\/da\/viden-og-evidens\/179472-2\/#breadcrumb"},"inLanguage":"da-DK","potentialAction":[{"@type":"ReadAction","target":["https:\/\/www.directhealthcaregroup.com\/da\/viden-og-evidens\/179472-2\/"]}]},{"@type":"ImageObject","inLanguage":"da-DK","@id":"https:\/\/www.directhealthcaregroup.com\/da\/viden-og-evidens\/179472-2\/#primaryimage","url":"https:\/\/www.directhealthcaregroup.com\/app\/uploads\/national-evaluering-tb-transformed.jpeg","contentUrl":"https:\/\/www.directhealthcaregroup.com\/app\/uploads\/national-evaluering-tb-transformed.jpeg","width":2000,"height":500},{"@type":"BreadcrumbList","@id":"https:\/\/www.directhealthcaregroup.com\/da\/viden-og-evidens\/179472-2\/#breadcrumb","itemListElement":[{"@type":"ListItem","position":1,"name":"Home","item":"https:\/\/www.directhealthcaregroup.com\/da\/"},{"@type":"ListItem","position":2,"name":"VIDEN OG EVIDENS","item":"https:\/\/www.directhealthcaregroup.com\/da\/viden-og-evidens\/"},{"@type":"ListItem","position":3,"name":"National evaluering af vendesystemer"}]},{"@type":"WebSite","@id":"https:\/\/www.directhealthcaregroup.com\/#website","url":"https:\/\/www.directhealthcaregroup.com\/","name":"DHG","description":"Moving Health Forward","publisher":{"@id":"https:\/\/www.directhealthcaregroup.com\/#organization"},"potentialAction":[{"@type":"SearchAction","target":{"@type":"EntryPoint","urlTemplate":"https:\/\/www.directhealthcaregroup.com\/?s={search_term_string}"},"query-input":{"@type":"PropertyValueSpecification","valueRequired":true,"valueName":"search_term_string"}}],"inLanguage":"da-DK"},{"@type":"Organization","@id":"https:\/\/www.directhealthcaregroup.com\/#organization","name":"Direct Healthcare Group","url":"https:\/\/www.directhealthcaregroup.com\/","logo":{"@type":"ImageObject","inLanguage":"da-DK","@id":"https:\/\/www.directhealthcaregroup.com\/#\/schema\/logo\/image\/","url":"https:\/\/directhealthcaregroup.com\/app\/uploads\/dhg-logo.png","contentUrl":"https:\/\/directhealthcaregroup.com\/app\/uploads\/dhg-logo.png","width":556,"height":240,"caption":"Direct Healthcare Group"},"image":{"@id":"https:\/\/www.directhealthcaregroup.com\/#\/schema\/logo\/image\/"}}]}},"_links":{"self":[{"href":"https:\/\/www.directhealthcaregroup.com\/da\/wp-json\/wp\/v2\/pages\/179472","targetHints":{"allow":["GET"]}}],"collection":[{"href":"https:\/\/www.directhealthcaregroup.com\/da\/wp-json\/wp\/v2\/pages"}],"about":[{"href":"https:\/\/www.directhealthcaregroup.com\/da\/wp-json\/wp\/v2\/types\/page"}],"author":[{"embeddable":true,"href":"https:\/\/www.directhealthcaregroup.com\/da\/wp-json\/wp\/v2\/users\/40"}],"replies":[{"embeddable":true,"href":"https:\/\/www.directhealthcaregroup.com\/da\/wp-json\/wp\/v2\/comments?post=179472"}],"version-history":[{"count":3,"href":"https:\/\/www.directhealthcaregroup.com\/da\/wp-json\/wp\/v2\/pages\/179472\/revisions"}],"predecessor-version":[{"id":183647,"href":"https:\/\/www.directhealthcaregroup.com\/da\/wp-json\/wp\/v2\/pages\/179472\/revisions\/183647"}],"up":[{"embeddable":true,"href":"https:\/\/www.directhealthcaregroup.com\/da\/wp-json\/wp\/v2\/pages\/174696"}],"wp:featuredmedia":[{"embeddable":true,"href":"https:\/\/www.directhealthcaregroup.com\/da\/wp-json\/wp\/v2\/media\/179473"}],"wp:attachment":[{"href":"https:\/\/www.directhealthcaregroup.com\/da\/wp-json\/wp\/v2\/media?parent=179472"}],"curies":[{"name":"wp","href":"https:\/\/api.w.org\/{rel}","templated":true}]}}