{"id":179548,"date":"2023-04-19T09:57:58","date_gmt":"2023-04-19T08:57:58","guid":{"rendered":"https:\/\/www.directhealthcaregroup.com\/?page_id=179548"},"modified":"2023-05-16T19:57:04","modified_gmt":"2023-05-16T18:57:04","slug":"179548-2","status":"publish","type":"page","link":"https:\/\/www.directhealthcaregroup.com\/da\/viden-og-evidens\/179548-2\/","title":{"rendered":"Plejehjem kan nu varetage plejen af en bariatrisk borger"},"content":{"rendered":"\n<h1 class=\"wp-block-heading\"><\/h1>\n\n\n\n<p>Et plejehjem i England, Soham Lodge, har med hj\u00e6lp af VENDLET kunne varetage plejen af en bariatrisk beboer. En opgave de ikke var trygge ved f\u00f8r.<\/p>\n\n\n\n<p>26. juni 2018<\/p>\n\n\n\n<p><em>Feedback fra plejehjemmets leder<\/em><\/p>\n\n\n\n<p>VENDLET gjorde det muligt for&nbsp;<a rel=\"noreferrer noopener\" href=\"http:\/\/sohamlodge.co.uk\/\" target=\"_blank\">Soham Lodge<\/a>&nbsp;at im\u00f8dekomme behovene hos en bariatrisk beboer &#8211; noget vi, af flere \u00e5rsager, aldrig kunne have overvejet tidligere.<\/p>\n\n\n\n<p>For det f\u00f8rste, p\u00e5 grund af beboerens st\u00f8rrelse var vedkommende n\u00e6sten fuldst\u00e6ndig sengeliggende, havde stor risiko for tryks\u00e5r og skulle vendes regelm\u00e6ssigt. Uden VENDLET ville risikoen for rygskader for mit personale have v\u00e6ret alt for stor.<\/p>\n\n\n\n<p>For det andet, uden VENDLET, ville det have taget fire til fem plejere at vende borgeren manuelt &#8211; dyrebare ressourcer, som jeg simpelthen ikke kunne dedikere til \u00e9n beboer.<\/p>\n\n\n\n<p>Udover de praktiske forhold ville manuel h\u00e5ndtering, i det omfang det ville have v\u00e6ret n\u00f8dvendigt i dette tilf\u00e6lde, ikke have v\u00e6ret v\u00e6rdigt for beboeren og ikke noget, jeg vil have, at nogen af \u200b\u200bmine beboere skal udst\u00e5.<\/p>\n\n\n\n<p>Imidlertid fjernede VENDLET alle disse udfordringer.<\/p>\n\n\n\n<p>Med VENDLETs motorkraft tager det kun \u00e9n person at vende beboeren, hvilket betyder, at jeg kan str\u00e6kke mine ressourcer yderligere. Det eliminerer ogs\u00e5 risikoen for rygskade, da VENDLET fuldst\u00e6ndigt udrydder behovet for manuel h\u00e5ndtering. Udover det har jeg det godt med at kunne yde en langt mere v\u00e6rdig pleje for borgeren.<\/p>\n\n\n\n<p>Nu hvor jeg har set, hvor godt VENDLET kan im\u00f8dekomme bariatriske patienters behov, er jeg mere tryg ved at have denne borgertype p\u00e5 Soham.<\/p>\n\n\n\n<p>Jeg var overrasket over at opdage, at prisen p\u00e5 en VENDLET per dag er mindre end en times l\u00f8n for en medarbejder. I betragtning af de nye muligheder, som VENDLET har givet os giver den samlede \u00f8konomiske mening for os her p\u00e5 Soham.<\/p>\n\n\n\n<p>Jeg overvejer nu andre anvendelsesmuligheder for VENDLET, herunder palliativ pleje. Forflytning af smertepr\u00e6gede beboere, har altid v\u00e6ret meget sv\u00e6rt og stressende, b\u00e5de for patienterne selv og plejepersonalet. Dette kunne v\u00e6re meget lettet med VENDLET. I stedet for at to plejere vender en person manuelt, hvilket ville v\u00e6re fire smertefulde trykpunkter, fordeler Vendlet trykket j\u00e6vnt, hvilket massivt reducerer smerten. Det ville ogs\u00e5 v\u00e6re muligt for mit personale at vende folk om natten uden at v\u00e6kke dem fuldt ud, da bev\u00e6gelsen er s\u00e5 kontrolleret og ikke-p\u00e5tr\u00e6ngende.<\/p>\n\n\n\n<p>Alt i alt er jeg meget tilfreds med VENDLET. Det har gjort det muligt for os at pleje et bredere udvalg af beboere, sikkert og komfortabelt, og har allerede betalt for sig selv. Jeg ser frem til at indf\u00f8re flere systemer her p\u00e5 Soham.<\/p>\n\n\n\n<p>David lidford<\/p>\n\n\n\n<p>Leder, Soham Lodge Plejehjem<\/p>\n","protected":false},"excerpt":{"rendered":"<p>Et plejehjem i England, Soham Lodge, har med hj\u00e6lp af VENDLET kunne varetage plejen af en bariatrisk beboer. En opgave de ikke var trygge ved f\u00f8r. 26. juni 2018 Feedback fra plejehjemmets leder VENDLET gjorde det muligt for&nbsp;Soham Lodge&nbsp;at im\u00f8dekomme behovene hos en bariatrisk beboer &#8211; noget vi, af flere \u00e5rsager, aldrig kunne have overvejet &hellip; <a href=\"https:\/\/www.directhealthcaregroup.com\/da\/viden-og-evidens\/179548-2\/\">Continued<\/a><\/p>\n","protected":false},"author":40,"featured_media":179551,"parent":174696,"menu_order":54,"comment_status":"closed","ping_status":"closed","template":"","meta":{"_acf_changed":false,"footnotes":""},"class_list":["post-179548","page","type-page","status-publish","has-post-thumbnail","hentry"],"acf":[],"yoast_head":"<!-- This site is optimized with the Yoast SEO plugin v27.4 - https:\/\/yoast.com\/product\/yoast-seo-wordpress\/ -->\n<title>Plejehjem kan nu varetage plejen af en bariatrisk borger | DHG<\/title>\n<meta name=\"robots\" content=\"index, follow, max-snippet:-1, max-image-preview:large, max-video-preview:-1\" \/>\n<link rel=\"canonical\" href=\"https:\/\/www.directhealthcaregroup.com\/da\/viden-og-evidens\/179548-2\/\" \/>\n<meta property=\"og:locale\" content=\"da_DK\" \/>\n<meta property=\"og:type\" content=\"article\" \/>\n<meta property=\"og:title\" content=\"Plejehjem kan nu varetage plejen af en bariatrisk borger | DHG\" \/>\n<meta property=\"og:description\" content=\"Et plejehjem i England, Soham Lodge, har med hj\u00e6lp af VENDLET kunne varetage plejen af en bariatrisk beboer. En opgave de ikke var trygge ved f\u00f8r. 26. juni 2018 Feedback fra plejehjemmets leder VENDLET gjorde det muligt for&nbsp;Soham Lodge&nbsp;at im\u00f8dekomme behovene hos en bariatrisk beboer &#8211; noget vi, af flere \u00e5rsager, aldrig kunne have overvejet &hellip; Continued\" \/>\n<meta property=\"og:url\" content=\"https:\/\/www.directhealthcaregroup.com\/da\/viden-og-evidens\/179548-2\/\" \/>\n<meta property=\"og:site_name\" content=\"DHG\" \/>\n<meta property=\"article:modified_time\" content=\"2023-05-16T18:57:04+00:00\" \/>\n<meta property=\"og:image\" content=\"https:\/\/www.directhealthcaregroup.com\/app\/uploads\/soham-lodge-tb-transformed.jpeg\" \/>\n\t<meta property=\"og:image:width\" content=\"2000\" \/>\n\t<meta property=\"og:image:height\" content=\"500\" \/>\n\t<meta property=\"og:image:type\" content=\"image\/jpeg\" \/>\n<meta name=\"twitter:card\" content=\"summary_large_image\" \/>\n<meta name=\"twitter:label1\" content=\"Est. reading time\" \/>\n\t<meta name=\"twitter:data1\" content=\"2 minutes\" \/>\n<script type=\"application\/ld+json\" class=\"yoast-schema-graph\">{\"@context\":\"https:\\\/\\\/schema.org\",\"@graph\":[{\"@type\":\"WebPage\",\"@id\":\"https:\\\/\\\/www.directhealthcaregroup.com\\\/da\\\/viden-og-evidens\\\/179548-2\\\/\",\"url\":\"https:\\\/\\\/www.directhealthcaregroup.com\\\/da\\\/viden-og-evidens\\\/179548-2\\\/\",\"name\":\"Plejehjem kan nu varetage plejen af en bariatrisk borger | DHG\",\"isPartOf\":{\"@id\":\"https:\\\/\\\/www.directhealthcaregroup.com\\\/#website\"},\"primaryImageOfPage\":{\"@id\":\"https:\\\/\\\/www.directhealthcaregroup.com\\\/da\\\/viden-og-evidens\\\/179548-2\\\/#primaryimage\"},\"image\":{\"@id\":\"https:\\\/\\\/www.directhealthcaregroup.com\\\/da\\\/viden-og-evidens\\\/179548-2\\\/#primaryimage\"},\"thumbnailUrl\":\"https:\\\/\\\/www.directhealthcaregroup.com\\\/app\\\/uploads\\\/soham-lodge-tb-transformed.jpeg\",\"datePublished\":\"2023-04-19T08:57:58+00:00\",\"dateModified\":\"2023-05-16T18:57:04+00:00\",\"breadcrumb\":{\"@id\":\"https:\\\/\\\/www.directhealthcaregroup.com\\\/da\\\/viden-og-evidens\\\/179548-2\\\/#breadcrumb\"},\"inLanguage\":\"da-DK\",\"potentialAction\":[{\"@type\":\"ReadAction\",\"target\":[\"https:\\\/\\\/www.directhealthcaregroup.com\\\/da\\\/viden-og-evidens\\\/179548-2\\\/\"]}]},{\"@type\":\"ImageObject\",\"inLanguage\":\"da-DK\",\"@id\":\"https:\\\/\\\/www.directhealthcaregroup.com\\\/da\\\/viden-og-evidens\\\/179548-2\\\/#primaryimage\",\"url\":\"https:\\\/\\\/www.directhealthcaregroup.com\\\/app\\\/uploads\\\/soham-lodge-tb-transformed.jpeg\",\"contentUrl\":\"https:\\\/\\\/www.directhealthcaregroup.com\\\/app\\\/uploads\\\/soham-lodge-tb-transformed.jpeg\",\"width\":2000,\"height\":500},{\"@type\":\"BreadcrumbList\",\"@id\":\"https:\\\/\\\/www.directhealthcaregroup.com\\\/da\\\/viden-og-evidens\\\/179548-2\\\/#breadcrumb\",\"itemListElement\":[{\"@type\":\"ListItem\",\"position\":1,\"name\":\"Home\",\"item\":\"https:\\\/\\\/www.directhealthcaregroup.com\\\/da\\\/\"},{\"@type\":\"ListItem\",\"position\":2,\"name\":\"VIDEN OG EVIDENS\",\"item\":\"https:\\\/\\\/www.directhealthcaregroup.com\\\/da\\\/viden-og-evidens\\\/\"},{\"@type\":\"ListItem\",\"position\":3,\"name\":\"Plejehjem kan nu varetage plejen af en bariatrisk borger\"}]},{\"@type\":\"WebSite\",\"@id\":\"https:\\\/\\\/www.directhealthcaregroup.com\\\/#website\",\"url\":\"https:\\\/\\\/www.directhealthcaregroup.com\\\/\",\"name\":\"DHG\",\"description\":\"Moving Health Forward\",\"publisher\":{\"@id\":\"https:\\\/\\\/www.directhealthcaregroup.com\\\/#organization\"},\"potentialAction\":[{\"@type\":\"SearchAction\",\"target\":{\"@type\":\"EntryPoint\",\"urlTemplate\":\"https:\\\/\\\/www.directhealthcaregroup.com\\\/?s={search_term_string}\"},\"query-input\":{\"@type\":\"PropertyValueSpecification\",\"valueRequired\":true,\"valueName\":\"search_term_string\"}}],\"inLanguage\":\"da-DK\"},{\"@type\":\"Organization\",\"@id\":\"https:\\\/\\\/www.directhealthcaregroup.com\\\/#organization\",\"name\":\"Direct Healthcare Group\",\"url\":\"https:\\\/\\\/www.directhealthcaregroup.com\\\/\",\"logo\":{\"@type\":\"ImageObject\",\"inLanguage\":\"da-DK\",\"@id\":\"https:\\\/\\\/www.directhealthcaregroup.com\\\/#\\\/schema\\\/logo\\\/image\\\/\",\"url\":\"https:\\\/\\\/directhealthcaregroup.com\\\/app\\\/uploads\\\/dhg-logo.png\",\"contentUrl\":\"https:\\\/\\\/directhealthcaregroup.com\\\/app\\\/uploads\\\/dhg-logo.png\",\"width\":556,\"height\":240,\"caption\":\"Direct Healthcare Group\"},\"image\":{\"@id\":\"https:\\\/\\\/www.directhealthcaregroup.com\\\/#\\\/schema\\\/logo\\\/image\\\/\"}}]}<\/script>\n<!-- \/ Yoast SEO plugin. -->","yoast_head_json":{"title":"Plejehjem kan nu varetage plejen af en bariatrisk borger | DHG","robots":{"index":"index","follow":"follow","max-snippet":"max-snippet:-1","max-image-preview":"max-image-preview:large","max-video-preview":"max-video-preview:-1"},"canonical":"https:\/\/www.directhealthcaregroup.com\/da\/viden-og-evidens\/179548-2\/","og_locale":"da_DK","og_type":"article","og_title":"Plejehjem kan nu varetage plejen af en bariatrisk borger | DHG","og_description":"Et plejehjem i England, Soham Lodge, har med hj\u00e6lp af VENDLET kunne varetage plejen af en bariatrisk beboer. En opgave de ikke var trygge ved f\u00f8r. 26. juni 2018 Feedback fra plejehjemmets leder VENDLET gjorde det muligt for&nbsp;Soham Lodge&nbsp;at im\u00f8dekomme behovene hos en bariatrisk beboer &#8211; noget vi, af flere \u00e5rsager, aldrig kunne have overvejet &hellip; Continued","og_url":"https:\/\/www.directhealthcaregroup.com\/da\/viden-og-evidens\/179548-2\/","og_site_name":"DHG","article_modified_time":"2023-05-16T18:57:04+00:00","og_image":[{"width":2000,"height":500,"url":"https:\/\/www.directhealthcaregroup.com\/app\/uploads\/soham-lodge-tb-transformed.jpeg","type":"image\/jpeg"}],"twitter_card":"summary_large_image","twitter_misc":{"Est. reading time":"2 minutes"},"schema":{"@context":"https:\/\/schema.org","@graph":[{"@type":"WebPage","@id":"https:\/\/www.directhealthcaregroup.com\/da\/viden-og-evidens\/179548-2\/","url":"https:\/\/www.directhealthcaregroup.com\/da\/viden-og-evidens\/179548-2\/","name":"Plejehjem kan nu varetage plejen af en bariatrisk borger | DHG","isPartOf":{"@id":"https:\/\/www.directhealthcaregroup.com\/#website"},"primaryImageOfPage":{"@id":"https:\/\/www.directhealthcaregroup.com\/da\/viden-og-evidens\/179548-2\/#primaryimage"},"image":{"@id":"https:\/\/www.directhealthcaregroup.com\/da\/viden-og-evidens\/179548-2\/#primaryimage"},"thumbnailUrl":"https:\/\/www.directhealthcaregroup.com\/app\/uploads\/soham-lodge-tb-transformed.jpeg","datePublished":"2023-04-19T08:57:58+00:00","dateModified":"2023-05-16T18:57:04+00:00","breadcrumb":{"@id":"https:\/\/www.directhealthcaregroup.com\/da\/viden-og-evidens\/179548-2\/#breadcrumb"},"inLanguage":"da-DK","potentialAction":[{"@type":"ReadAction","target":["https:\/\/www.directhealthcaregroup.com\/da\/viden-og-evidens\/179548-2\/"]}]},{"@type":"ImageObject","inLanguage":"da-DK","@id":"https:\/\/www.directhealthcaregroup.com\/da\/viden-og-evidens\/179548-2\/#primaryimage","url":"https:\/\/www.directhealthcaregroup.com\/app\/uploads\/soham-lodge-tb-transformed.jpeg","contentUrl":"https:\/\/www.directhealthcaregroup.com\/app\/uploads\/soham-lodge-tb-transformed.jpeg","width":2000,"height":500},{"@type":"BreadcrumbList","@id":"https:\/\/www.directhealthcaregroup.com\/da\/viden-og-evidens\/179548-2\/#breadcrumb","itemListElement":[{"@type":"ListItem","position":1,"name":"Home","item":"https:\/\/www.directhealthcaregroup.com\/da\/"},{"@type":"ListItem","position":2,"name":"VIDEN OG EVIDENS","item":"https:\/\/www.directhealthcaregroup.com\/da\/viden-og-evidens\/"},{"@type":"ListItem","position":3,"name":"Plejehjem kan nu varetage plejen af en bariatrisk borger"}]},{"@type":"WebSite","@id":"https:\/\/www.directhealthcaregroup.com\/#website","url":"https:\/\/www.directhealthcaregroup.com\/","name":"DHG","description":"Moving Health Forward","publisher":{"@id":"https:\/\/www.directhealthcaregroup.com\/#organization"},"potentialAction":[{"@type":"SearchAction","target":{"@type":"EntryPoint","urlTemplate":"https:\/\/www.directhealthcaregroup.com\/?s={search_term_string}"},"query-input":{"@type":"PropertyValueSpecification","valueRequired":true,"valueName":"search_term_string"}}],"inLanguage":"da-DK"},{"@type":"Organization","@id":"https:\/\/www.directhealthcaregroup.com\/#organization","name":"Direct Healthcare Group","url":"https:\/\/www.directhealthcaregroup.com\/","logo":{"@type":"ImageObject","inLanguage":"da-DK","@id":"https:\/\/www.directhealthcaregroup.com\/#\/schema\/logo\/image\/","url":"https:\/\/directhealthcaregroup.com\/app\/uploads\/dhg-logo.png","contentUrl":"https:\/\/directhealthcaregroup.com\/app\/uploads\/dhg-logo.png","width":556,"height":240,"caption":"Direct Healthcare Group"},"image":{"@id":"https:\/\/www.directhealthcaregroup.com\/#\/schema\/logo\/image\/"}}]}},"_links":{"self":[{"href":"https:\/\/www.directhealthcaregroup.com\/da\/wp-json\/wp\/v2\/pages\/179548","targetHints":{"allow":["GET"]}}],"collection":[{"href":"https:\/\/www.directhealthcaregroup.com\/da\/wp-json\/wp\/v2\/pages"}],"about":[{"href":"https:\/\/www.directhealthcaregroup.com\/da\/wp-json\/wp\/v2\/types\/page"}],"author":[{"embeddable":true,"href":"https:\/\/www.directhealthcaregroup.com\/da\/wp-json\/wp\/v2\/users\/40"}],"replies":[{"embeddable":true,"href":"https:\/\/www.directhealthcaregroup.com\/da\/wp-json\/wp\/v2\/comments?post=179548"}],"version-history":[{"count":3,"href":"https:\/\/www.directhealthcaregroup.com\/da\/wp-json\/wp\/v2\/pages\/179548\/revisions"}],"predecessor-version":[{"id":183649,"href":"https:\/\/www.directhealthcaregroup.com\/da\/wp-json\/wp\/v2\/pages\/179548\/revisions\/183649"}],"up":[{"embeddable":true,"href":"https:\/\/www.directhealthcaregroup.com\/da\/wp-json\/wp\/v2\/pages\/174696"}],"wp:featuredmedia":[{"embeddable":true,"href":"https:\/\/www.directhealthcaregroup.com\/da\/wp-json\/wp\/v2\/media\/179551"}],"wp:attachment":[{"href":"https:\/\/www.directhealthcaregroup.com\/da\/wp-json\/wp\/v2\/media?parent=179548"}],"curies":[{"name":"wp","href":"https:\/\/api.w.org\/{rel}","templated":true}]}}