{"id":179586,"date":"2023-04-19T10:22:29","date_gmt":"2023-04-19T09:22:29","guid":{"rendered":"https:\/\/www.directhealthcaregroup.com\/?page_id=179586"},"modified":"2023-05-16T19:57:33","modified_gmt":"2023-05-16T18:57:33","slug":"179586-2","status":"publish","type":"page","link":"https:\/\/www.directhealthcaregroup.com\/da\/viden-og-evidens\/179586-2\/","title":{"rendered":"Nicks kone bliver aflastet af VENDLET"},"content":{"rendered":"\n<h1 class=\"wp-block-heading\"><\/h1>\n\n\n\n<p>Ved brug af VENDLET undg\u00e5r Nick at blive hevet og trukket i om morgenen, og hans kone undg\u00e5r at overbelaste sig selv, n\u00e5r hun plejer sin mand.<\/p>\n\n\n\n<p>10. august 2018<\/p>\n\n\n\n<p><em>Feedback fra brugeren<\/em><\/p>\n\n\n\n<p>Nick har v\u00e6ret handicappet i mange \u00e5r; han er 34 \u00e5r gammel og forflytningen, som f\u00f8rhen blev foretaget af hans kone, Lucy, og hans tre plejere, var en udfordring han skulle overkomme hver dag. Efter at have f\u00e5et VENDLET bliver b\u00e5de han selv og hans kone aflastet. Her er deres tilbagemelding:<\/p>\n\n\n\n<p>Efter modtagelse af det vidunderlige VENDLET system t\u00e6nkte vi, at det ville v\u00e6re passende at skrive tak for det bedste stykke plejeudstyr, vi har haft gl\u00e6den af at bruge!&nbsp;<br>\u201cN\u00e5r jeg modtog personlig&nbsp;pleje om morgenen, blev plejerne n\u00f8dt til&nbsp;at hive og tr\u00e6kke i mig. Nu skal de bare trykke p\u00e5 en knap og guide mig \u2013 det er fantastisk,\u201d siger Nick og forts\u00e6tter: \u201dJeg er ikke blevet vendt om p\u00e5 min venstre side i \u00e5revis, da det er min mindre duelige side. Det var en \u00f8jen\u00e5bner.\u201d<\/p>\n\n\n\n<p>Jeg (Lucy) n\u00e6vnte for en ergoterapeut, at jeg havde meget sv\u00e6rt ved at vende Nick. Da Nick ikke er i stand til at klare sig selv p\u00e5 daglig basis, havde vi minimum to plejebes\u00f8g hver dag. Jeg var bekymret, for hvordan det kunne lade sig g\u00f8re at have Nick derhjemme uden at \u00f8ge antallet af plejebes\u00f8g.&nbsp;<\/p>\n\n\n\n<p>Jeg m\u00e5 sige, at det har sk\u00e5net min ryg og mine arme at bruge VENDLET systemet. Det er s\u00e5 let at bruge.&nbsp;<\/p>\n\n\n\n<p>Systemet vender ikke bare Nick, men kan ogs\u00e5 bruges til at f\u00e5 ham h\u00f8jere op i sengen, n\u00e5r han er gledet ned. Da jeg ikke helt kunne mestre&nbsp;systemet i f\u00f8rste omgang, kom der en ud til vores hjem og viste mig det igen. Det er s\u00e5 let nu!<\/p>\n\n\n\n<p>Takket v\u00e6re dette stykke udstyr kan min mand blive i vores hjem med mig og vores datter. Jeg beh\u00f8ver ikke at bekymre mig om at blive n\u00f8dt til at \u00f8ge plejen og Nick f\u00e5r en v\u00e6rdigere oplevelse. Systemet er en essentiel del af vores daglige liv.<\/p>\n\n\n\n<p>Alle burde have adgang til dette!<\/p>\n\n\n\n<p>Tak.<\/p>\n\n\n\n<p>Nick og Lucy<\/p>\n","protected":false},"excerpt":{"rendered":"<p>Ved brug af VENDLET undg\u00e5r Nick at blive hevet og trukket i om morgenen, og hans kone undg\u00e5r at overbelaste sig selv, n\u00e5r hun plejer sin mand. 10. august 2018 Feedback fra brugeren Nick har v\u00e6ret handicappet i mange \u00e5r; han er 34 \u00e5r gammel og forflytningen, som f\u00f8rhen blev foretaget af hans kone, Lucy, &hellip; <a href=\"https:\/\/www.directhealthcaregroup.com\/da\/viden-og-evidens\/179586-2\/\">Continued<\/a><\/p>\n","protected":false},"author":40,"featured_media":179587,"parent":174696,"menu_order":55,"comment_status":"closed","ping_status":"closed","template":"","meta":{"_acf_changed":false,"footnotes":""},"class_list":["post-179586","page","type-page","status-publish","has-post-thumbnail","hentry"],"acf":[],"yoast_head":"<!-- This site is optimized with the Yoast SEO plugin v27.4 - https:\/\/yoast.com\/product\/yoast-seo-wordpress\/ -->\n<title>Nicks kone bliver aflastet af VENDLET | DHG<\/title>\n<meta name=\"robots\" content=\"index, follow, max-snippet:-1, max-image-preview:large, max-video-preview:-1\" \/>\n<link rel=\"canonical\" href=\"https:\/\/www.directhealthcaregroup.com\/da\/viden-og-evidens\/179586-2\/\" \/>\n<meta property=\"og:locale\" content=\"da_DK\" \/>\n<meta property=\"og:type\" content=\"article\" \/>\n<meta property=\"og:title\" content=\"Nicks kone bliver aflastet af VENDLET | DHG\" \/>\n<meta property=\"og:description\" content=\"Ved brug af VENDLET undg\u00e5r Nick at blive hevet og trukket i om morgenen, og hans kone undg\u00e5r at overbelaste sig selv, n\u00e5r hun plejer sin mand. 10. august 2018 Feedback fra brugeren Nick har v\u00e6ret handicappet i mange \u00e5r; han er 34 \u00e5r gammel og forflytningen, som f\u00f8rhen blev foretaget af hans kone, Lucy, &hellip; Continued\" \/>\n<meta property=\"og:url\" content=\"https:\/\/www.directhealthcaregroup.com\/da\/viden-og-evidens\/179586-2\/\" \/>\n<meta property=\"og:site_name\" content=\"DHG\" \/>\n<meta property=\"article:modified_time\" content=\"2023-05-16T18:57:33+00:00\" \/>\n<meta property=\"og:image\" content=\"https:\/\/www.directhealthcaregroup.com\/app\/uploads\/nick-tb-transformed.jpeg\" \/>\n\t<meta property=\"og:image:width\" content=\"2000\" \/>\n\t<meta property=\"og:image:height\" content=\"500\" \/>\n\t<meta property=\"og:image:type\" content=\"image\/jpeg\" \/>\n<meta name=\"twitter:card\" content=\"summary_large_image\" \/>\n<meta name=\"twitter:label1\" content=\"Est. reading time\" \/>\n\t<meta name=\"twitter:data1\" content=\"2 minutes\" \/>\n<script type=\"application\/ld+json\" class=\"yoast-schema-graph\">{\"@context\":\"https:\\\/\\\/schema.org\",\"@graph\":[{\"@type\":\"WebPage\",\"@id\":\"https:\\\/\\\/www.directhealthcaregroup.com\\\/da\\\/viden-og-evidens\\\/179586-2\\\/\",\"url\":\"https:\\\/\\\/www.directhealthcaregroup.com\\\/da\\\/viden-og-evidens\\\/179586-2\\\/\",\"name\":\"Nicks kone bliver aflastet af VENDLET | DHG\",\"isPartOf\":{\"@id\":\"https:\\\/\\\/www.directhealthcaregroup.com\\\/#website\"},\"primaryImageOfPage\":{\"@id\":\"https:\\\/\\\/www.directhealthcaregroup.com\\\/da\\\/viden-og-evidens\\\/179586-2\\\/#primaryimage\"},\"image\":{\"@id\":\"https:\\\/\\\/www.directhealthcaregroup.com\\\/da\\\/viden-og-evidens\\\/179586-2\\\/#primaryimage\"},\"thumbnailUrl\":\"https:\\\/\\\/www.directhealthcaregroup.com\\\/app\\\/uploads\\\/nick-tb-transformed.jpeg\",\"datePublished\":\"2023-04-19T09:22:29+00:00\",\"dateModified\":\"2023-05-16T18:57:33+00:00\",\"breadcrumb\":{\"@id\":\"https:\\\/\\\/www.directhealthcaregroup.com\\\/da\\\/viden-og-evidens\\\/179586-2\\\/#breadcrumb\"},\"inLanguage\":\"da-DK\",\"potentialAction\":[{\"@type\":\"ReadAction\",\"target\":[\"https:\\\/\\\/www.directhealthcaregroup.com\\\/da\\\/viden-og-evidens\\\/179586-2\\\/\"]}]},{\"@type\":\"ImageObject\",\"inLanguage\":\"da-DK\",\"@id\":\"https:\\\/\\\/www.directhealthcaregroup.com\\\/da\\\/viden-og-evidens\\\/179586-2\\\/#primaryimage\",\"url\":\"https:\\\/\\\/www.directhealthcaregroup.com\\\/app\\\/uploads\\\/nick-tb-transformed.jpeg\",\"contentUrl\":\"https:\\\/\\\/www.directhealthcaregroup.com\\\/app\\\/uploads\\\/nick-tb-transformed.jpeg\",\"width\":2000,\"height\":500},{\"@type\":\"BreadcrumbList\",\"@id\":\"https:\\\/\\\/www.directhealthcaregroup.com\\\/da\\\/viden-og-evidens\\\/179586-2\\\/#breadcrumb\",\"itemListElement\":[{\"@type\":\"ListItem\",\"position\":1,\"name\":\"Home\",\"item\":\"https:\\\/\\\/www.directhealthcaregroup.com\\\/da\\\/\"},{\"@type\":\"ListItem\",\"position\":2,\"name\":\"VIDEN OG EVIDENS\",\"item\":\"https:\\\/\\\/www.directhealthcaregroup.com\\\/da\\\/viden-og-evidens\\\/\"},{\"@type\":\"ListItem\",\"position\":3,\"name\":\"Nicks kone bliver aflastet af VENDLET\"}]},{\"@type\":\"WebSite\",\"@id\":\"https:\\\/\\\/www.directhealthcaregroup.com\\\/#website\",\"url\":\"https:\\\/\\\/www.directhealthcaregroup.com\\\/\",\"name\":\"DHG\",\"description\":\"Moving Health Forward\",\"publisher\":{\"@id\":\"https:\\\/\\\/www.directhealthcaregroup.com\\\/#organization\"},\"potentialAction\":[{\"@type\":\"SearchAction\",\"target\":{\"@type\":\"EntryPoint\",\"urlTemplate\":\"https:\\\/\\\/www.directhealthcaregroup.com\\\/?s={search_term_string}\"},\"query-input\":{\"@type\":\"PropertyValueSpecification\",\"valueRequired\":true,\"valueName\":\"search_term_string\"}}],\"inLanguage\":\"da-DK\"},{\"@type\":\"Organization\",\"@id\":\"https:\\\/\\\/www.directhealthcaregroup.com\\\/#organization\",\"name\":\"Direct Healthcare Group\",\"url\":\"https:\\\/\\\/www.directhealthcaregroup.com\\\/\",\"logo\":{\"@type\":\"ImageObject\",\"inLanguage\":\"da-DK\",\"@id\":\"https:\\\/\\\/www.directhealthcaregroup.com\\\/#\\\/schema\\\/logo\\\/image\\\/\",\"url\":\"https:\\\/\\\/directhealthcaregroup.com\\\/app\\\/uploads\\\/dhg-logo.png\",\"contentUrl\":\"https:\\\/\\\/directhealthcaregroup.com\\\/app\\\/uploads\\\/dhg-logo.png\",\"width\":556,\"height\":240,\"caption\":\"Direct Healthcare Group\"},\"image\":{\"@id\":\"https:\\\/\\\/www.directhealthcaregroup.com\\\/#\\\/schema\\\/logo\\\/image\\\/\"}}]}<\/script>\n<!-- \/ Yoast SEO plugin. -->","yoast_head_json":{"title":"Nicks kone bliver aflastet af VENDLET | DHG","robots":{"index":"index","follow":"follow","max-snippet":"max-snippet:-1","max-image-preview":"max-image-preview:large","max-video-preview":"max-video-preview:-1"},"canonical":"https:\/\/www.directhealthcaregroup.com\/da\/viden-og-evidens\/179586-2\/","og_locale":"da_DK","og_type":"article","og_title":"Nicks kone bliver aflastet af VENDLET | DHG","og_description":"Ved brug af VENDLET undg\u00e5r Nick at blive hevet og trukket i om morgenen, og hans kone undg\u00e5r at overbelaste sig selv, n\u00e5r hun plejer sin mand. 10. august 2018 Feedback fra brugeren Nick har v\u00e6ret handicappet i mange \u00e5r; han er 34 \u00e5r gammel og forflytningen, som f\u00f8rhen blev foretaget af hans kone, Lucy, &hellip; Continued","og_url":"https:\/\/www.directhealthcaregroup.com\/da\/viden-og-evidens\/179586-2\/","og_site_name":"DHG","article_modified_time":"2023-05-16T18:57:33+00:00","og_image":[{"width":2000,"height":500,"url":"https:\/\/www.directhealthcaregroup.com\/app\/uploads\/nick-tb-transformed.jpeg","type":"image\/jpeg"}],"twitter_card":"summary_large_image","twitter_misc":{"Est. reading time":"2 minutes"},"schema":{"@context":"https:\/\/schema.org","@graph":[{"@type":"WebPage","@id":"https:\/\/www.directhealthcaregroup.com\/da\/viden-og-evidens\/179586-2\/","url":"https:\/\/www.directhealthcaregroup.com\/da\/viden-og-evidens\/179586-2\/","name":"Nicks kone bliver aflastet af VENDLET | DHG","isPartOf":{"@id":"https:\/\/www.directhealthcaregroup.com\/#website"},"primaryImageOfPage":{"@id":"https:\/\/www.directhealthcaregroup.com\/da\/viden-og-evidens\/179586-2\/#primaryimage"},"image":{"@id":"https:\/\/www.directhealthcaregroup.com\/da\/viden-og-evidens\/179586-2\/#primaryimage"},"thumbnailUrl":"https:\/\/www.directhealthcaregroup.com\/app\/uploads\/nick-tb-transformed.jpeg","datePublished":"2023-04-19T09:22:29+00:00","dateModified":"2023-05-16T18:57:33+00:00","breadcrumb":{"@id":"https:\/\/www.directhealthcaregroup.com\/da\/viden-og-evidens\/179586-2\/#breadcrumb"},"inLanguage":"da-DK","potentialAction":[{"@type":"ReadAction","target":["https:\/\/www.directhealthcaregroup.com\/da\/viden-og-evidens\/179586-2\/"]}]},{"@type":"ImageObject","inLanguage":"da-DK","@id":"https:\/\/www.directhealthcaregroup.com\/da\/viden-og-evidens\/179586-2\/#primaryimage","url":"https:\/\/www.directhealthcaregroup.com\/app\/uploads\/nick-tb-transformed.jpeg","contentUrl":"https:\/\/www.directhealthcaregroup.com\/app\/uploads\/nick-tb-transformed.jpeg","width":2000,"height":500},{"@type":"BreadcrumbList","@id":"https:\/\/www.directhealthcaregroup.com\/da\/viden-og-evidens\/179586-2\/#breadcrumb","itemListElement":[{"@type":"ListItem","position":1,"name":"Home","item":"https:\/\/www.directhealthcaregroup.com\/da\/"},{"@type":"ListItem","position":2,"name":"VIDEN OG EVIDENS","item":"https:\/\/www.directhealthcaregroup.com\/da\/viden-og-evidens\/"},{"@type":"ListItem","position":3,"name":"Nicks kone bliver aflastet af VENDLET"}]},{"@type":"WebSite","@id":"https:\/\/www.directhealthcaregroup.com\/#website","url":"https:\/\/www.directhealthcaregroup.com\/","name":"DHG","description":"Moving Health Forward","publisher":{"@id":"https:\/\/www.directhealthcaregroup.com\/#organization"},"potentialAction":[{"@type":"SearchAction","target":{"@type":"EntryPoint","urlTemplate":"https:\/\/www.directhealthcaregroup.com\/?s={search_term_string}"},"query-input":{"@type":"PropertyValueSpecification","valueRequired":true,"valueName":"search_term_string"}}],"inLanguage":"da-DK"},{"@type":"Organization","@id":"https:\/\/www.directhealthcaregroup.com\/#organization","name":"Direct Healthcare Group","url":"https:\/\/www.directhealthcaregroup.com\/","logo":{"@type":"ImageObject","inLanguage":"da-DK","@id":"https:\/\/www.directhealthcaregroup.com\/#\/schema\/logo\/image\/","url":"https:\/\/directhealthcaregroup.com\/app\/uploads\/dhg-logo.png","contentUrl":"https:\/\/directhealthcaregroup.com\/app\/uploads\/dhg-logo.png","width":556,"height":240,"caption":"Direct Healthcare Group"},"image":{"@id":"https:\/\/www.directhealthcaregroup.com\/#\/schema\/logo\/image\/"}}]}},"_links":{"self":[{"href":"https:\/\/www.directhealthcaregroup.com\/da\/wp-json\/wp\/v2\/pages\/179586","targetHints":{"allow":["GET"]}}],"collection":[{"href":"https:\/\/www.directhealthcaregroup.com\/da\/wp-json\/wp\/v2\/pages"}],"about":[{"href":"https:\/\/www.directhealthcaregroup.com\/da\/wp-json\/wp\/v2\/types\/page"}],"author":[{"embeddable":true,"href":"https:\/\/www.directhealthcaregroup.com\/da\/wp-json\/wp\/v2\/users\/40"}],"replies":[{"embeddable":true,"href":"https:\/\/www.directhealthcaregroup.com\/da\/wp-json\/wp\/v2\/comments?post=179586"}],"version-history":[{"count":3,"href":"https:\/\/www.directhealthcaregroup.com\/da\/wp-json\/wp\/v2\/pages\/179586\/revisions"}],"predecessor-version":[{"id":183650,"href":"https:\/\/www.directhealthcaregroup.com\/da\/wp-json\/wp\/v2\/pages\/179586\/revisions\/183650"}],"up":[{"embeddable":true,"href":"https:\/\/www.directhealthcaregroup.com\/da\/wp-json\/wp\/v2\/pages\/174696"}],"wp:featuredmedia":[{"embeddable":true,"href":"https:\/\/www.directhealthcaregroup.com\/da\/wp-json\/wp\/v2\/media\/179587"}],"wp:attachment":[{"href":"https:\/\/www.directhealthcaregroup.com\/da\/wp-json\/wp\/v2\/media?parent=179586"}],"curies":[{"name":"wp","href":"https:\/\/api.w.org\/{rel}","templated":true}]}}