{"id":179612,"date":"2023-04-19T10:28:14","date_gmt":"2023-04-19T09:28:14","guid":{"rendered":"https:\/\/www.directhealthcaregroup.com\/?page_id=179612"},"modified":"2023-05-16T19:58:03","modified_gmt":"2023-05-16T18:58:03","slug":"179612-2","status":"publish","type":"page","link":"https:\/\/www.directhealthcaregroup.com\/da\/viden-og-evidens\/179612-2\/","title":{"rendered":"Brug af LEJRELET har nedbragt smerteniveau"},"content":{"rendered":"\n<h1 class=\"wp-block-heading\"><\/h1>\n\n\n\n<p>Sara deler historien om, hvordan hendes mor oplever f\u00e6rre smerter ved brug af LEJRELET puderne.<\/p>\n\n\n\n<p>12. september 2018<\/p>\n\n\n\n<p><em>Brugerudtalelse&nbsp;fra Sara<\/em><\/p>\n\n\n\n<p>Min mor er 90 \u00e5r gammel og komplet sengeliggende. Hun f\u00f8ler sig svimmel hver gang hun bliver forflyttet, fordi bev\u00e6gelserne er for meget for hende. Hun fik indstalleret en&nbsp;tryks\u00e5rsforebyggende madras for at forbedre cirkulation og beskytte hendes hud, men det er ikke l\u00e6ngere tilstr\u00e6kkeligt til at forhindre tryks\u00e5r. Hendes hud omkring hendes haleben, ryg, skulderblade, albuer og h\u00e6le begyndte&nbsp;at vise tegn p\u00e5 irritation og&nbsp;r\u00f8dme. Sm\u00e5 s\u00e5r begyndte ogs\u00e5 at vise sig, hvilket gav min mor \u00f8gede&nbsp;smerter. Sammen med en ergoterapeut begyndte vi at lede efter en m\u00e5de at aflaste min mors hud og derved reducere hendes smerter.<\/p>\n\n\n\n<p>En konsulent fra Vendlet blev spurgt ind til mulighederne inden for sk\u00e5nsomme repositionerings metoder. Efter nogle afpr\u00f8vninger viste det sig at puderne Pad Low og Oval fra LEJRELET-serien var den bedste l\u00f8sning. Begge puder giver lige den rette m\u00e6ngde positionering til, at vi kan aflaste hendes hud, og samtidigt holde hende komfortabel&nbsp;og afslappet uden at rykke hende for meget. Pad Low og Oval er virkeligt nemme at bruge og&nbsp;en god positionering opn\u00e5s med kun en lille&nbsp;indsats.<\/p>\n\n\n\n<p>Min mors hud viser v\u00e6sentlige forbedringer, og tryks\u00e5rene hun allerede har er mindre r\u00f8de og mindre smertefulde. Sammenlignet med den regul\u00e6re repositioneringsmetode, hvor hun blev vendt p\u00e5 siden, er det meget lettere at pleje hende med puderne, og hendes hud er ikke s\u00e5 udsat for at blive hevet i og strukket.<\/p>\n\n\n\n<p>At bruge puderne f\u00f8ltes naturligt med det samme, og der var ingen tilpasningsperiode. De f\u00f8ltes straks mere behagelige for min mor selvom repositioneringen foreg\u00e5r oftere.<\/p>\n","protected":false},"excerpt":{"rendered":"<p>Sara deler historien om, hvordan hendes mor oplever f\u00e6rre smerter ved brug af LEJRELET puderne. 12. september 2018 Brugerudtalelse&nbsp;fra Sara Min mor er 90 \u00e5r gammel og komplet sengeliggende. Hun f\u00f8ler sig svimmel hver gang hun bliver forflyttet, fordi bev\u00e6gelserne er for meget for hende. Hun fik indstalleret en&nbsp;tryks\u00e5rsforebyggende madras for at forbedre cirkulation og &hellip; <a href=\"https:\/\/www.directhealthcaregroup.com\/da\/viden-og-evidens\/179612-2\/\">Continued<\/a><\/p>\n","protected":false},"author":40,"featured_media":179614,"parent":174696,"menu_order":56,"comment_status":"closed","ping_status":"closed","template":"","meta":{"_acf_changed":false,"footnotes":""},"class_list":["post-179612","page","type-page","status-publish","has-post-thumbnail","hentry"],"acf":[],"yoast_head":"<!-- This site is optimized with the Yoast SEO plugin v27.4 - https:\/\/yoast.com\/product\/yoast-seo-wordpress\/ -->\n<title>Brug af LEJRELET har nedbragt smerteniveau | DHG<\/title>\n<meta name=\"robots\" content=\"index, follow, max-snippet:-1, max-image-preview:large, max-video-preview:-1\" \/>\n<link rel=\"canonical\" href=\"https:\/\/www.directhealthcaregroup.com\/da\/viden-og-evidens\/179612-2\/\" \/>\n<meta property=\"og:locale\" content=\"da_DK\" \/>\n<meta property=\"og:type\" content=\"article\" \/>\n<meta property=\"og:title\" content=\"Brug af LEJRELET har nedbragt smerteniveau | DHG\" \/>\n<meta property=\"og:description\" content=\"Sara deler historien om, hvordan hendes mor oplever f\u00e6rre smerter ved brug af LEJRELET puderne. 12. september 2018 Brugerudtalelse&nbsp;fra Sara Min mor er 90 \u00e5r gammel og komplet sengeliggende. Hun f\u00f8ler sig svimmel hver gang hun bliver forflyttet, fordi bev\u00e6gelserne er for meget for hende. Hun fik indstalleret en&nbsp;tryks\u00e5rsforebyggende madras for at forbedre cirkulation og &hellip; Continued\" \/>\n<meta property=\"og:url\" content=\"https:\/\/www.directhealthcaregroup.com\/da\/viden-og-evidens\/179612-2\/\" \/>\n<meta property=\"og:site_name\" content=\"DHG\" \/>\n<meta property=\"article:modified_time\" content=\"2023-05-16T18:58:03+00:00\" \/>\n<meta property=\"og:image\" content=\"https:\/\/www.directhealthcaregroup.com\/app\/uploads\/holding-hands-patient-in-bed-tb-transformed.jpeg\" \/>\n\t<meta property=\"og:image:width\" content=\"2000\" \/>\n\t<meta property=\"og:image:height\" content=\"500\" \/>\n\t<meta property=\"og:image:type\" content=\"image\/jpeg\" \/>\n<meta name=\"twitter:card\" content=\"summary_large_image\" \/>\n<meta name=\"twitter:label1\" content=\"Est. reading time\" \/>\n\t<meta name=\"twitter:data1\" content=\"2 minutes\" \/>\n<script type=\"application\/ld+json\" class=\"yoast-schema-graph\">{\"@context\":\"https:\\\/\\\/schema.org\",\"@graph\":[{\"@type\":\"WebPage\",\"@id\":\"https:\\\/\\\/www.directhealthcaregroup.com\\\/da\\\/viden-og-evidens\\\/179612-2\\\/\",\"url\":\"https:\\\/\\\/www.directhealthcaregroup.com\\\/da\\\/viden-og-evidens\\\/179612-2\\\/\",\"name\":\"Brug af LEJRELET har nedbragt smerteniveau | DHG\",\"isPartOf\":{\"@id\":\"https:\\\/\\\/www.directhealthcaregroup.com\\\/#website\"},\"primaryImageOfPage\":{\"@id\":\"https:\\\/\\\/www.directhealthcaregroup.com\\\/da\\\/viden-og-evidens\\\/179612-2\\\/#primaryimage\"},\"image\":{\"@id\":\"https:\\\/\\\/www.directhealthcaregroup.com\\\/da\\\/viden-og-evidens\\\/179612-2\\\/#primaryimage\"},\"thumbnailUrl\":\"https:\\\/\\\/www.directhealthcaregroup.com\\\/app\\\/uploads\\\/holding-hands-patient-in-bed-tb-transformed.jpeg\",\"datePublished\":\"2023-04-19T09:28:14+00:00\",\"dateModified\":\"2023-05-16T18:58:03+00:00\",\"breadcrumb\":{\"@id\":\"https:\\\/\\\/www.directhealthcaregroup.com\\\/da\\\/viden-og-evidens\\\/179612-2\\\/#breadcrumb\"},\"inLanguage\":\"da-DK\",\"potentialAction\":[{\"@type\":\"ReadAction\",\"target\":[\"https:\\\/\\\/www.directhealthcaregroup.com\\\/da\\\/viden-og-evidens\\\/179612-2\\\/\"]}]},{\"@type\":\"ImageObject\",\"inLanguage\":\"da-DK\",\"@id\":\"https:\\\/\\\/www.directhealthcaregroup.com\\\/da\\\/viden-og-evidens\\\/179612-2\\\/#primaryimage\",\"url\":\"https:\\\/\\\/www.directhealthcaregroup.com\\\/app\\\/uploads\\\/holding-hands-patient-in-bed-tb-transformed.jpeg\",\"contentUrl\":\"https:\\\/\\\/www.directhealthcaregroup.com\\\/app\\\/uploads\\\/holding-hands-patient-in-bed-tb-transformed.jpeg\",\"width\":2000,\"height\":500},{\"@type\":\"BreadcrumbList\",\"@id\":\"https:\\\/\\\/www.directhealthcaregroup.com\\\/da\\\/viden-og-evidens\\\/179612-2\\\/#breadcrumb\",\"itemListElement\":[{\"@type\":\"ListItem\",\"position\":1,\"name\":\"Home\",\"item\":\"https:\\\/\\\/www.directhealthcaregroup.com\\\/da\\\/\"},{\"@type\":\"ListItem\",\"position\":2,\"name\":\"VIDEN OG EVIDENS\",\"item\":\"https:\\\/\\\/www.directhealthcaregroup.com\\\/da\\\/viden-og-evidens\\\/\"},{\"@type\":\"ListItem\",\"position\":3,\"name\":\"Brug af LEJRELET har nedbragt smerteniveau\"}]},{\"@type\":\"WebSite\",\"@id\":\"https:\\\/\\\/www.directhealthcaregroup.com\\\/#website\",\"url\":\"https:\\\/\\\/www.directhealthcaregroup.com\\\/\",\"name\":\"DHG\",\"description\":\"Moving Health Forward\",\"publisher\":{\"@id\":\"https:\\\/\\\/www.directhealthcaregroup.com\\\/#organization\"},\"potentialAction\":[{\"@type\":\"SearchAction\",\"target\":{\"@type\":\"EntryPoint\",\"urlTemplate\":\"https:\\\/\\\/www.directhealthcaregroup.com\\\/?s={search_term_string}\"},\"query-input\":{\"@type\":\"PropertyValueSpecification\",\"valueRequired\":true,\"valueName\":\"search_term_string\"}}],\"inLanguage\":\"da-DK\"},{\"@type\":\"Organization\",\"@id\":\"https:\\\/\\\/www.directhealthcaregroup.com\\\/#organization\",\"name\":\"Direct Healthcare Group\",\"url\":\"https:\\\/\\\/www.directhealthcaregroup.com\\\/\",\"logo\":{\"@type\":\"ImageObject\",\"inLanguage\":\"da-DK\",\"@id\":\"https:\\\/\\\/www.directhealthcaregroup.com\\\/#\\\/schema\\\/logo\\\/image\\\/\",\"url\":\"https:\\\/\\\/directhealthcaregroup.com\\\/app\\\/uploads\\\/dhg-logo.png\",\"contentUrl\":\"https:\\\/\\\/directhealthcaregroup.com\\\/app\\\/uploads\\\/dhg-logo.png\",\"width\":556,\"height\":240,\"caption\":\"Direct Healthcare Group\"},\"image\":{\"@id\":\"https:\\\/\\\/www.directhealthcaregroup.com\\\/#\\\/schema\\\/logo\\\/image\\\/\"}}]}<\/script>\n<!-- \/ Yoast SEO plugin. -->","yoast_head_json":{"title":"Brug af LEJRELET har nedbragt smerteniveau | DHG","robots":{"index":"index","follow":"follow","max-snippet":"max-snippet:-1","max-image-preview":"max-image-preview:large","max-video-preview":"max-video-preview:-1"},"canonical":"https:\/\/www.directhealthcaregroup.com\/da\/viden-og-evidens\/179612-2\/","og_locale":"da_DK","og_type":"article","og_title":"Brug af LEJRELET har nedbragt smerteniveau | DHG","og_description":"Sara deler historien om, hvordan hendes mor oplever f\u00e6rre smerter ved brug af LEJRELET puderne. 12. september 2018 Brugerudtalelse&nbsp;fra Sara Min mor er 90 \u00e5r gammel og komplet sengeliggende. Hun f\u00f8ler sig svimmel hver gang hun bliver forflyttet, fordi bev\u00e6gelserne er for meget for hende. Hun fik indstalleret en&nbsp;tryks\u00e5rsforebyggende madras for at forbedre cirkulation og &hellip; Continued","og_url":"https:\/\/www.directhealthcaregroup.com\/da\/viden-og-evidens\/179612-2\/","og_site_name":"DHG","article_modified_time":"2023-05-16T18:58:03+00:00","og_image":[{"width":2000,"height":500,"url":"https:\/\/www.directhealthcaregroup.com\/app\/uploads\/holding-hands-patient-in-bed-tb-transformed.jpeg","type":"image\/jpeg"}],"twitter_card":"summary_large_image","twitter_misc":{"Est. reading time":"2 minutes"},"schema":{"@context":"https:\/\/schema.org","@graph":[{"@type":"WebPage","@id":"https:\/\/www.directhealthcaregroup.com\/da\/viden-og-evidens\/179612-2\/","url":"https:\/\/www.directhealthcaregroup.com\/da\/viden-og-evidens\/179612-2\/","name":"Brug af LEJRELET har nedbragt smerteniveau | DHG","isPartOf":{"@id":"https:\/\/www.directhealthcaregroup.com\/#website"},"primaryImageOfPage":{"@id":"https:\/\/www.directhealthcaregroup.com\/da\/viden-og-evidens\/179612-2\/#primaryimage"},"image":{"@id":"https:\/\/www.directhealthcaregroup.com\/da\/viden-og-evidens\/179612-2\/#primaryimage"},"thumbnailUrl":"https:\/\/www.directhealthcaregroup.com\/app\/uploads\/holding-hands-patient-in-bed-tb-transformed.jpeg","datePublished":"2023-04-19T09:28:14+00:00","dateModified":"2023-05-16T18:58:03+00:00","breadcrumb":{"@id":"https:\/\/www.directhealthcaregroup.com\/da\/viden-og-evidens\/179612-2\/#breadcrumb"},"inLanguage":"da-DK","potentialAction":[{"@type":"ReadAction","target":["https:\/\/www.directhealthcaregroup.com\/da\/viden-og-evidens\/179612-2\/"]}]},{"@type":"ImageObject","inLanguage":"da-DK","@id":"https:\/\/www.directhealthcaregroup.com\/da\/viden-og-evidens\/179612-2\/#primaryimage","url":"https:\/\/www.directhealthcaregroup.com\/app\/uploads\/holding-hands-patient-in-bed-tb-transformed.jpeg","contentUrl":"https:\/\/www.directhealthcaregroup.com\/app\/uploads\/holding-hands-patient-in-bed-tb-transformed.jpeg","width":2000,"height":500},{"@type":"BreadcrumbList","@id":"https:\/\/www.directhealthcaregroup.com\/da\/viden-og-evidens\/179612-2\/#breadcrumb","itemListElement":[{"@type":"ListItem","position":1,"name":"Home","item":"https:\/\/www.directhealthcaregroup.com\/da\/"},{"@type":"ListItem","position":2,"name":"VIDEN OG EVIDENS","item":"https:\/\/www.directhealthcaregroup.com\/da\/viden-og-evidens\/"},{"@type":"ListItem","position":3,"name":"Brug af LEJRELET har nedbragt smerteniveau"}]},{"@type":"WebSite","@id":"https:\/\/www.directhealthcaregroup.com\/#website","url":"https:\/\/www.directhealthcaregroup.com\/","name":"DHG","description":"Moving Health Forward","publisher":{"@id":"https:\/\/www.directhealthcaregroup.com\/#organization"},"potentialAction":[{"@type":"SearchAction","target":{"@type":"EntryPoint","urlTemplate":"https:\/\/www.directhealthcaregroup.com\/?s={search_term_string}"},"query-input":{"@type":"PropertyValueSpecification","valueRequired":true,"valueName":"search_term_string"}}],"inLanguage":"da-DK"},{"@type":"Organization","@id":"https:\/\/www.directhealthcaregroup.com\/#organization","name":"Direct Healthcare Group","url":"https:\/\/www.directhealthcaregroup.com\/","logo":{"@type":"ImageObject","inLanguage":"da-DK","@id":"https:\/\/www.directhealthcaregroup.com\/#\/schema\/logo\/image\/","url":"https:\/\/directhealthcaregroup.com\/app\/uploads\/dhg-logo.png","contentUrl":"https:\/\/directhealthcaregroup.com\/app\/uploads\/dhg-logo.png","width":556,"height":240,"caption":"Direct Healthcare Group"},"image":{"@id":"https:\/\/www.directhealthcaregroup.com\/#\/schema\/logo\/image\/"}}]}},"_links":{"self":[{"href":"https:\/\/www.directhealthcaregroup.com\/da\/wp-json\/wp\/v2\/pages\/179612","targetHints":{"allow":["GET"]}}],"collection":[{"href":"https:\/\/www.directhealthcaregroup.com\/da\/wp-json\/wp\/v2\/pages"}],"about":[{"href":"https:\/\/www.directhealthcaregroup.com\/da\/wp-json\/wp\/v2\/types\/page"}],"author":[{"embeddable":true,"href":"https:\/\/www.directhealthcaregroup.com\/da\/wp-json\/wp\/v2\/users\/40"}],"replies":[{"embeddable":true,"href":"https:\/\/www.directhealthcaregroup.com\/da\/wp-json\/wp\/v2\/comments?post=179612"}],"version-history":[{"count":3,"href":"https:\/\/www.directhealthcaregroup.com\/da\/wp-json\/wp\/v2\/pages\/179612\/revisions"}],"predecessor-version":[{"id":183651,"href":"https:\/\/www.directhealthcaregroup.com\/da\/wp-json\/wp\/v2\/pages\/179612\/revisions\/183651"}],"up":[{"embeddable":true,"href":"https:\/\/www.directhealthcaregroup.com\/da\/wp-json\/wp\/v2\/pages\/174696"}],"wp:featuredmedia":[{"embeddable":true,"href":"https:\/\/www.directhealthcaregroup.com\/da\/wp-json\/wp\/v2\/media\/179614"}],"wp:attachment":[{"href":"https:\/\/www.directhealthcaregroup.com\/da\/wp-json\/wp\/v2\/media?parent=179612"}],"curies":[{"name":"wp","href":"https:\/\/api.w.org\/{rel}","templated":true}]}}