{"id":179666,"date":"2023-04-19T11:38:29","date_gmt":"2023-04-19T10:38:29","guid":{"rendered":"https:\/\/www.directhealthcaregroup.com\/?page_id=179666"},"modified":"2023-05-16T19:59:15","modified_gmt":"2023-05-16T18:59:15","slug":"179666-2","status":"publish","type":"page","link":"https:\/\/www.directhealthcaregroup.com\/da\/viden-og-evidens\/179666-2\/","title":{"rendered":"Pauls far aflastes af VENDLET"},"content":{"rendered":"\n<h1 class=\"wp-block-heading\"><\/h1>\n\n\n\n<p>VENDLET brugt til pleje af scleroseramt ung mand.<\/p>\n\n\n\n<p>14. november 2018<\/p>\n\n\n\n<p><em>Feedback fra borgerens far<\/em><\/p>\n\n\n\n<p>Efter at have haft VENDLET V5 systemet i 3 m\u00e5neder kan jeg fort\u00e6lle at systemet har gjort en k\u00e6mpe forskel for b\u00e5de min s\u00f8n og mig selv.&nbsp;<\/p>\n\n\n\n<p>Min s\u00f8n p\u00e5 36 \u00e5r lider af multipel sklerose, og har ingen funktion i benene under hoften og kun begr\u00e6nset funktion i hans venstre arm og h\u00e5nd. Som enlig fors\u00f8rger har det altid v\u00e6ret sv\u00e6rt at lifte ham for at foretager personlig pleje.<\/p>\n\n\n\n<p>Det blev desuden yderligere besv\u00e6rliggjort fordi han typisk ville f\u00e5 to eller tre spasmer imens jeg placerede sejlet under ham, hvilket resulterede i at han faldt tilbage.<\/p>\n\n\n\n<p>For at aflaste mig valgte min s\u00f8n at f\u00e5 bes\u00f8g af eksternt plejepersonale tre morgener hver uge. Plejen blev foretaget af to plejere og varede i en time. Jeg var dog stadigt n\u00f8dt til at flytte m\u00f8blerne og tr\u00e6kke sengen v\u00e6k fra v\u00e6ggen, fordi der skulle st\u00e5 en plejer p\u00e5 hver side af sengen, og sovev\u00e6relset er sm\u00e5t.&nbsp;<\/p>\n\n\n\n<p>Efter monteringen af VENDLET systemet blev jeg opl\u00e6rt i brugen af det, og vi har nu kunne nedbringe den eksterne pleje fra to plejere til \u00e9n plejer tre morgener i ugen, og jeg beh\u00f8ver ikke l\u00e6ngere at flytte m\u00f8bler rundt, hvilket ogs\u00e5 g\u00f8r min s\u00f8n glad!&nbsp;<\/p>\n\n\n\n<p>P\u00e5 grund af spasmerne plejer min s\u00f8n at glide ned i sengen s\u00e5 hans f\u00f8dder r\u00f8r sengegavlen, hvilket er skyld i en del smerter for ham. F\u00f8r vi fik VENDLET systemet ville jeg typisk have liftet ham for at flytte ham op i sengen igen. Nu, hvor jeg kan flytte ham op i sengen ved hj\u00e6lp af det mekaniske vendelagen, er det ikke l\u00e6ngere n\u00f8dvendigt at bruge liften til det!<\/p>\n\n\n\n<p>VENDLET systemet g\u00f8r det muligt for en plejer at udf\u00f8re alt personlig pleje, hvilket er med til at \u00f8ge v\u00e6rdigheden for den der modtager plejen.<\/p>\n","protected":false},"excerpt":{"rendered":"<p>VENDLET brugt til pleje af scleroseramt ung mand. 14. november 2018 Feedback fra borgerens far Efter at have haft VENDLET V5 systemet i 3 m\u00e5neder kan jeg fort\u00e6lle at systemet har gjort en k\u00e6mpe forskel for b\u00e5de min s\u00f8n og mig selv.&nbsp; Min s\u00f8n p\u00e5 36 \u00e5r lider af multipel sklerose, og har ingen funktion &hellip; <a href=\"https:\/\/www.directhealthcaregroup.com\/da\/viden-og-evidens\/179666-2\/\">Continued<\/a><\/p>\n","protected":false},"author":40,"featured_media":179667,"parent":174696,"menu_order":58,"comment_status":"closed","ping_status":"closed","template":"","meta":{"_acf_changed":false,"footnotes":""},"class_list":["post-179666","page","type-page","status-publish","has-post-thumbnail","hentry"],"acf":[],"yoast_head":"<!-- This site is optimized with the Yoast SEO plugin v27.4 - https:\/\/yoast.com\/product\/yoast-seo-wordpress\/ -->\n<title>Pauls far aflastes af VENDLET | DHG<\/title>\n<meta name=\"robots\" content=\"index, follow, max-snippet:-1, max-image-preview:large, max-video-preview:-1\" \/>\n<link rel=\"canonical\" href=\"https:\/\/www.directhealthcaregroup.com\/da\/viden-og-evidens\/179666-2\/\" \/>\n<meta property=\"og:locale\" content=\"da_DK\" \/>\n<meta property=\"og:type\" content=\"article\" \/>\n<meta property=\"og:title\" content=\"Pauls far aflastes af VENDLET | DHG\" \/>\n<meta property=\"og:description\" content=\"VENDLET brugt til pleje af scleroseramt ung mand. 14. november 2018 Feedback fra borgerens far Efter at have haft VENDLET V5 systemet i 3 m\u00e5neder kan jeg fort\u00e6lle at systemet har gjort en k\u00e6mpe forskel for b\u00e5de min s\u00f8n og mig selv.&nbsp; Min s\u00f8n p\u00e5 36 \u00e5r lider af multipel sklerose, og har ingen funktion &hellip; Continued\" \/>\n<meta property=\"og:url\" content=\"https:\/\/www.directhealthcaregroup.com\/da\/viden-og-evidens\/179666-2\/\" \/>\n<meta property=\"og:site_name\" content=\"DHG\" \/>\n<meta property=\"article:modified_time\" content=\"2023-05-16T18:59:15+00:00\" \/>\n<meta property=\"og:image\" content=\"https:\/\/www.directhealthcaregroup.com\/app\/uploads\/paul-tb-transformed.jpeg\" \/>\n\t<meta property=\"og:image:width\" content=\"2000\" \/>\n\t<meta property=\"og:image:height\" content=\"500\" \/>\n\t<meta property=\"og:image:type\" content=\"image\/jpeg\" \/>\n<meta name=\"twitter:card\" content=\"summary_large_image\" \/>\n<meta name=\"twitter:label1\" content=\"Est. reading time\" \/>\n\t<meta name=\"twitter:data1\" content=\"2 minutes\" \/>\n<script type=\"application\/ld+json\" class=\"yoast-schema-graph\">{\"@context\":\"https:\\\/\\\/schema.org\",\"@graph\":[{\"@type\":\"WebPage\",\"@id\":\"https:\\\/\\\/www.directhealthcaregroup.com\\\/da\\\/viden-og-evidens\\\/179666-2\\\/\",\"url\":\"https:\\\/\\\/www.directhealthcaregroup.com\\\/da\\\/viden-og-evidens\\\/179666-2\\\/\",\"name\":\"Pauls far aflastes af VENDLET | DHG\",\"isPartOf\":{\"@id\":\"https:\\\/\\\/www.directhealthcaregroup.com\\\/#website\"},\"primaryImageOfPage\":{\"@id\":\"https:\\\/\\\/www.directhealthcaregroup.com\\\/da\\\/viden-og-evidens\\\/179666-2\\\/#primaryimage\"},\"image\":{\"@id\":\"https:\\\/\\\/www.directhealthcaregroup.com\\\/da\\\/viden-og-evidens\\\/179666-2\\\/#primaryimage\"},\"thumbnailUrl\":\"https:\\\/\\\/www.directhealthcaregroup.com\\\/app\\\/uploads\\\/paul-tb-transformed.jpeg\",\"datePublished\":\"2023-04-19T10:38:29+00:00\",\"dateModified\":\"2023-05-16T18:59:15+00:00\",\"breadcrumb\":{\"@id\":\"https:\\\/\\\/www.directhealthcaregroup.com\\\/da\\\/viden-og-evidens\\\/179666-2\\\/#breadcrumb\"},\"inLanguage\":\"da-DK\",\"potentialAction\":[{\"@type\":\"ReadAction\",\"target\":[\"https:\\\/\\\/www.directhealthcaregroup.com\\\/da\\\/viden-og-evidens\\\/179666-2\\\/\"]}]},{\"@type\":\"ImageObject\",\"inLanguage\":\"da-DK\",\"@id\":\"https:\\\/\\\/www.directhealthcaregroup.com\\\/da\\\/viden-og-evidens\\\/179666-2\\\/#primaryimage\",\"url\":\"https:\\\/\\\/www.directhealthcaregroup.com\\\/app\\\/uploads\\\/paul-tb-transformed.jpeg\",\"contentUrl\":\"https:\\\/\\\/www.directhealthcaregroup.com\\\/app\\\/uploads\\\/paul-tb-transformed.jpeg\",\"width\":2000,\"height\":500},{\"@type\":\"BreadcrumbList\",\"@id\":\"https:\\\/\\\/www.directhealthcaregroup.com\\\/da\\\/viden-og-evidens\\\/179666-2\\\/#breadcrumb\",\"itemListElement\":[{\"@type\":\"ListItem\",\"position\":1,\"name\":\"Home\",\"item\":\"https:\\\/\\\/www.directhealthcaregroup.com\\\/da\\\/\"},{\"@type\":\"ListItem\",\"position\":2,\"name\":\"VIDEN OG EVIDENS\",\"item\":\"https:\\\/\\\/www.directhealthcaregroup.com\\\/da\\\/viden-og-evidens\\\/\"},{\"@type\":\"ListItem\",\"position\":3,\"name\":\"Pauls far aflastes af VENDLET\"}]},{\"@type\":\"WebSite\",\"@id\":\"https:\\\/\\\/www.directhealthcaregroup.com\\\/#website\",\"url\":\"https:\\\/\\\/www.directhealthcaregroup.com\\\/\",\"name\":\"DHG\",\"description\":\"Moving Health Forward\",\"publisher\":{\"@id\":\"https:\\\/\\\/www.directhealthcaregroup.com\\\/#organization\"},\"potentialAction\":[{\"@type\":\"SearchAction\",\"target\":{\"@type\":\"EntryPoint\",\"urlTemplate\":\"https:\\\/\\\/www.directhealthcaregroup.com\\\/?s={search_term_string}\"},\"query-input\":{\"@type\":\"PropertyValueSpecification\",\"valueRequired\":true,\"valueName\":\"search_term_string\"}}],\"inLanguage\":\"da-DK\"},{\"@type\":\"Organization\",\"@id\":\"https:\\\/\\\/www.directhealthcaregroup.com\\\/#organization\",\"name\":\"Direct Healthcare Group\",\"url\":\"https:\\\/\\\/www.directhealthcaregroup.com\\\/\",\"logo\":{\"@type\":\"ImageObject\",\"inLanguage\":\"da-DK\",\"@id\":\"https:\\\/\\\/www.directhealthcaregroup.com\\\/#\\\/schema\\\/logo\\\/image\\\/\",\"url\":\"https:\\\/\\\/directhealthcaregroup.com\\\/app\\\/uploads\\\/dhg-logo.png\",\"contentUrl\":\"https:\\\/\\\/directhealthcaregroup.com\\\/app\\\/uploads\\\/dhg-logo.png\",\"width\":556,\"height\":240,\"caption\":\"Direct Healthcare Group\"},\"image\":{\"@id\":\"https:\\\/\\\/www.directhealthcaregroup.com\\\/#\\\/schema\\\/logo\\\/image\\\/\"}}]}<\/script>\n<!-- \/ Yoast SEO plugin. -->","yoast_head_json":{"title":"Pauls far aflastes af VENDLET | DHG","robots":{"index":"index","follow":"follow","max-snippet":"max-snippet:-1","max-image-preview":"max-image-preview:large","max-video-preview":"max-video-preview:-1"},"canonical":"https:\/\/www.directhealthcaregroup.com\/da\/viden-og-evidens\/179666-2\/","og_locale":"da_DK","og_type":"article","og_title":"Pauls far aflastes af VENDLET | DHG","og_description":"VENDLET brugt til pleje af scleroseramt ung mand. 14. november 2018 Feedback fra borgerens far Efter at have haft VENDLET V5 systemet i 3 m\u00e5neder kan jeg fort\u00e6lle at systemet har gjort en k\u00e6mpe forskel for b\u00e5de min s\u00f8n og mig selv.&nbsp; Min s\u00f8n p\u00e5 36 \u00e5r lider af multipel sklerose, og har ingen funktion &hellip; Continued","og_url":"https:\/\/www.directhealthcaregroup.com\/da\/viden-og-evidens\/179666-2\/","og_site_name":"DHG","article_modified_time":"2023-05-16T18:59:15+00:00","og_image":[{"width":2000,"height":500,"url":"https:\/\/www.directhealthcaregroup.com\/app\/uploads\/paul-tb-transformed.jpeg","type":"image\/jpeg"}],"twitter_card":"summary_large_image","twitter_misc":{"Est. reading time":"2 minutes"},"schema":{"@context":"https:\/\/schema.org","@graph":[{"@type":"WebPage","@id":"https:\/\/www.directhealthcaregroup.com\/da\/viden-og-evidens\/179666-2\/","url":"https:\/\/www.directhealthcaregroup.com\/da\/viden-og-evidens\/179666-2\/","name":"Pauls far aflastes af VENDLET | DHG","isPartOf":{"@id":"https:\/\/www.directhealthcaregroup.com\/#website"},"primaryImageOfPage":{"@id":"https:\/\/www.directhealthcaregroup.com\/da\/viden-og-evidens\/179666-2\/#primaryimage"},"image":{"@id":"https:\/\/www.directhealthcaregroup.com\/da\/viden-og-evidens\/179666-2\/#primaryimage"},"thumbnailUrl":"https:\/\/www.directhealthcaregroup.com\/app\/uploads\/paul-tb-transformed.jpeg","datePublished":"2023-04-19T10:38:29+00:00","dateModified":"2023-05-16T18:59:15+00:00","breadcrumb":{"@id":"https:\/\/www.directhealthcaregroup.com\/da\/viden-og-evidens\/179666-2\/#breadcrumb"},"inLanguage":"da-DK","potentialAction":[{"@type":"ReadAction","target":["https:\/\/www.directhealthcaregroup.com\/da\/viden-og-evidens\/179666-2\/"]}]},{"@type":"ImageObject","inLanguage":"da-DK","@id":"https:\/\/www.directhealthcaregroup.com\/da\/viden-og-evidens\/179666-2\/#primaryimage","url":"https:\/\/www.directhealthcaregroup.com\/app\/uploads\/paul-tb-transformed.jpeg","contentUrl":"https:\/\/www.directhealthcaregroup.com\/app\/uploads\/paul-tb-transformed.jpeg","width":2000,"height":500},{"@type":"BreadcrumbList","@id":"https:\/\/www.directhealthcaregroup.com\/da\/viden-og-evidens\/179666-2\/#breadcrumb","itemListElement":[{"@type":"ListItem","position":1,"name":"Home","item":"https:\/\/www.directhealthcaregroup.com\/da\/"},{"@type":"ListItem","position":2,"name":"VIDEN OG EVIDENS","item":"https:\/\/www.directhealthcaregroup.com\/da\/viden-og-evidens\/"},{"@type":"ListItem","position":3,"name":"Pauls far aflastes af VENDLET"}]},{"@type":"WebSite","@id":"https:\/\/www.directhealthcaregroup.com\/#website","url":"https:\/\/www.directhealthcaregroup.com\/","name":"DHG","description":"Moving Health Forward","publisher":{"@id":"https:\/\/www.directhealthcaregroup.com\/#organization"},"potentialAction":[{"@type":"SearchAction","target":{"@type":"EntryPoint","urlTemplate":"https:\/\/www.directhealthcaregroup.com\/?s={search_term_string}"},"query-input":{"@type":"PropertyValueSpecification","valueRequired":true,"valueName":"search_term_string"}}],"inLanguage":"da-DK"},{"@type":"Organization","@id":"https:\/\/www.directhealthcaregroup.com\/#organization","name":"Direct Healthcare Group","url":"https:\/\/www.directhealthcaregroup.com\/","logo":{"@type":"ImageObject","inLanguage":"da-DK","@id":"https:\/\/www.directhealthcaregroup.com\/#\/schema\/logo\/image\/","url":"https:\/\/directhealthcaregroup.com\/app\/uploads\/dhg-logo.png","contentUrl":"https:\/\/directhealthcaregroup.com\/app\/uploads\/dhg-logo.png","width":556,"height":240,"caption":"Direct Healthcare Group"},"image":{"@id":"https:\/\/www.directhealthcaregroup.com\/#\/schema\/logo\/image\/"}}]}},"_links":{"self":[{"href":"https:\/\/www.directhealthcaregroup.com\/da\/wp-json\/wp\/v2\/pages\/179666","targetHints":{"allow":["GET"]}}],"collection":[{"href":"https:\/\/www.directhealthcaregroup.com\/da\/wp-json\/wp\/v2\/pages"}],"about":[{"href":"https:\/\/www.directhealthcaregroup.com\/da\/wp-json\/wp\/v2\/types\/page"}],"author":[{"embeddable":true,"href":"https:\/\/www.directhealthcaregroup.com\/da\/wp-json\/wp\/v2\/users\/40"}],"replies":[{"embeddable":true,"href":"https:\/\/www.directhealthcaregroup.com\/da\/wp-json\/wp\/v2\/comments?post=179666"}],"version-history":[{"count":3,"href":"https:\/\/www.directhealthcaregroup.com\/da\/wp-json\/wp\/v2\/pages\/179666\/revisions"}],"predecessor-version":[{"id":183653,"href":"https:\/\/www.directhealthcaregroup.com\/da\/wp-json\/wp\/v2\/pages\/179666\/revisions\/183653"}],"up":[{"embeddable":true,"href":"https:\/\/www.directhealthcaregroup.com\/da\/wp-json\/wp\/v2\/pages\/174696"}],"wp:featuredmedia":[{"embeddable":true,"href":"https:\/\/www.directhealthcaregroup.com\/da\/wp-json\/wp\/v2\/media\/179667"}],"wp:attachment":[{"href":"https:\/\/www.directhealthcaregroup.com\/da\/wp-json\/wp\/v2\/media?parent=179666"}],"curies":[{"name":"wp","href":"https:\/\/api.w.org\/{rel}","templated":true}]}}