{"id":179731,"date":"2023-04-19T12:45:35","date_gmt":"2023-04-19T11:45:35","guid":{"rendered":"https:\/\/www.directhealthcaregroup.com\/?page_id=179731"},"modified":"2023-05-16T20:00:45","modified_gmt":"2023-05-16T19:00:45","slug":"179731-2","status":"publish","type":"page","link":"https:\/\/www.directhealthcaregroup.com\/da\/viden-og-evidens\/179731-2\/","title":{"rendered":"Sam f\u00e5r en blidere og mere v\u00e6rdig pleje"},"content":{"rendered":"\n<h1 class=\"wp-block-heading\"><\/h1>\n\n\n\n<p>Sam Higgins er 24 \u00e5r og bor med sin mor i England. Sam blev i en ung alder diagnosticeret med en akut form for epilepsi. Senere blev han diagnosticeret med en r\u00e6kke yderligere udviklingsforstyrrelser, herunder autisme og skoliose. Gennem \u00e5rene forv\u00e6rredes hans mobilitetsevne, og han bruger nu lange perioder i sengen.<\/p>\n\n\n\n<p>8. januar 2019<\/p>\n\n\n\n<p>Sams daglige anfald p\u00e5virker ogs\u00e5 hans kontinens, hvilket betyder, at plejepersonalet ofte skal skifte senget\u00f8j. P\u00e5 grund af Sams st\u00f8rrelse var det en vanskelig opgave for to plejere at udf\u00f8re manuelt. Om natten, hvor Sam kun har f\u00e5et tildelt \u00e9n hj\u00e6lper, blev opgaven derfor n\u00e6sten umulig. Dette p\u00e5virkede ikke kun Sams v\u00e6rdighed og komfort, men udgjorde ogs\u00e5 en meget alvorlig trussel mod hans helbred. I 2015 udviklede Sam cellulitis. Heldigvis blev det opdaget tidligt.<\/p>\n\n\n\n<p>I 2018 lancerede Sams familie en kampagne for at rejse de n\u00f8dvendige midler til en st\u00f8rre, mere komfortabel seng og et VENDLET system. Med hj\u00e6lp fra deres lokalsamfund opn\u00e5ede Higgins-familien deres m\u00e5l og fik installeret en ny seng og VENDLET systemet.<\/p>\n\n\n\n<p>Sams familie har beskrevet VENDLET som &#8220;livsforandrende&#8221;.<\/p>\n\n\n\n<p>Coral Thompson, der er en af Sams sygeplejersker, beskriver den betydning VENDLET har haft p\u00e5 Sams velv\u00e6re:<\/p>\n\n\n\n<p>&#8220;Hej, jeg hedder Coral, og jeg er en af \u200b\u200bSams plejere. Jeg har nu arbejdet med Sam i syv \u00e5r.<\/p>\n\n\n\n<p>Forflytning og h\u00e5ndtering af Sam kan til tider v\u00e6re meget udfordrende, men VENDLET systemet har gjort en enorm positiv forskel for b\u00e5de Sam og hans team. Det fremmer en blidere og mere v\u00e6rdig pleje, og det mindsker risikoen for infektion og trykrelaterede v\u00e6vsskader.<\/p>\n\n\n\n<p>Sengen giver Sam mere plads og frihed til at bev\u00e6ge sig. Samtidigt har VENDLET systemet gjort en stor forskel i den m\u00e5de, vi forflytter Sam. Systemet skaber en roligere atmosf\u00e6re og opretholder Sams v\u00e6rdighed hele vejen igennem.<\/p>\n\n\n\n<p>Jeg arbejder ogs\u00e5 som sygeplejerske i den private sektor, og jeg tror, \u200b\u200bat VENDLET systemet kunne give en meget behageligere m\u00e5de at passe p\u00e5 personer med varierende handicap og alder.&#8221;<\/p>\n\n\n\n<p><strong>Se videoen med Sam og Coral her:<\/strong><\/p>\n\n\n\n<figure class=\"wp-block-embed-youtube wp-block-embed is-type-video is-provider-youtube wp-embed-aspect-16-9 wp-has-aspect-ratio\"><div class=\"wp-block-embed__wrapper\">\n<iframe loading=\"lazy\" title=\"Sam\" width=\"500\" height=\"281\" src=\"https:\/\/www.youtube.com\/embed\/SuO5pQ2wytY?feature=oembed\" frameborder=\"0\" allow=\"accelerometer; autoplay; clipboard-write; encrypted-media; gyroscope; picture-in-picture; web-share\" referrerpolicy=\"strict-origin-when-cross-origin\" allowfullscreen><\/iframe>\n<\/div><\/figure>\n","protected":false},"excerpt":{"rendered":"<p>Sam Higgins er 24 \u00e5r og bor med sin mor i England. Sam blev i en ung alder diagnosticeret med en akut form for epilepsi. Senere blev han diagnosticeret med en r\u00e6kke yderligere udviklingsforstyrrelser, herunder autisme og skoliose. Gennem \u00e5rene forv\u00e6rredes hans mobilitetsevne, og han bruger nu lange perioder i sengen. 8. januar 2019 Sams &hellip; <a href=\"https:\/\/www.directhealthcaregroup.com\/da\/viden-og-evidens\/179731-2\/\">Continued<\/a><\/p>\n","protected":false},"author":40,"featured_media":179732,"parent":174696,"menu_order":60,"comment_status":"closed","ping_status":"closed","template":"","meta":{"_acf_changed":false,"footnotes":""},"class_list":["post-179731","page","type-page","status-publish","has-post-thumbnail","hentry"],"acf":[],"yoast_head":"<!-- This site is optimized with the Yoast SEO plugin v27.4 - https:\/\/yoast.com\/product\/yoast-seo-wordpress\/ -->\n<title>Sam f\u00e5r en blidere og mere v\u00e6rdig pleje | DHG<\/title>\n<meta name=\"robots\" content=\"index, follow, max-snippet:-1, max-image-preview:large, max-video-preview:-1\" \/>\n<link rel=\"canonical\" href=\"https:\/\/www.directhealthcaregroup.com\/da\/viden-og-evidens\/179731-2\/\" \/>\n<meta property=\"og:locale\" content=\"da_DK\" \/>\n<meta property=\"og:type\" content=\"article\" \/>\n<meta property=\"og:title\" content=\"Sam f\u00e5r en blidere og mere v\u00e6rdig pleje | DHG\" \/>\n<meta property=\"og:description\" content=\"Sam Higgins er 24 \u00e5r og bor med sin mor i England. Sam blev i en ung alder diagnosticeret med en akut form for epilepsi. Senere blev han diagnosticeret med en r\u00e6kke yderligere udviklingsforstyrrelser, herunder autisme og skoliose. Gennem \u00e5rene forv\u00e6rredes hans mobilitetsevne, og han bruger nu lange perioder i sengen. 8. januar 2019 Sams &hellip; Continued\" \/>\n<meta property=\"og:url\" content=\"https:\/\/www.directhealthcaregroup.com\/da\/viden-og-evidens\/179731-2\/\" \/>\n<meta property=\"og:site_name\" content=\"DHG\" \/>\n<meta property=\"article:modified_time\" content=\"2023-05-16T19:00:45+00:00\" \/>\n<meta property=\"og:image\" content=\"https:\/\/www.directhealthcaregroup.com\/app\/uploads\/sam-and-coral-tb.jpg\" \/>\n\t<meta property=\"og:image:width\" content=\"500\" \/>\n\t<meta property=\"og:image:height\" content=\"125\" \/>\n\t<meta property=\"og:image:type\" content=\"image\/jpeg\" \/>\n<meta name=\"twitter:card\" content=\"summary_large_image\" \/>\n<meta name=\"twitter:label1\" content=\"Est. reading time\" \/>\n\t<meta name=\"twitter:data1\" content=\"2 minutes\" \/>\n<script type=\"application\/ld+json\" class=\"yoast-schema-graph\">{\"@context\":\"https:\\\/\\\/schema.org\",\"@graph\":[{\"@type\":\"WebPage\",\"@id\":\"https:\\\/\\\/www.directhealthcaregroup.com\\\/da\\\/viden-og-evidens\\\/179731-2\\\/\",\"url\":\"https:\\\/\\\/www.directhealthcaregroup.com\\\/da\\\/viden-og-evidens\\\/179731-2\\\/\",\"name\":\"Sam f\u00e5r en blidere og mere v\u00e6rdig pleje | DHG\",\"isPartOf\":{\"@id\":\"https:\\\/\\\/www.directhealthcaregroup.com\\\/#website\"},\"primaryImageOfPage\":{\"@id\":\"https:\\\/\\\/www.directhealthcaregroup.com\\\/da\\\/viden-og-evidens\\\/179731-2\\\/#primaryimage\"},\"image\":{\"@id\":\"https:\\\/\\\/www.directhealthcaregroup.com\\\/da\\\/viden-og-evidens\\\/179731-2\\\/#primaryimage\"},\"thumbnailUrl\":\"https:\\\/\\\/www.directhealthcaregroup.com\\\/app\\\/uploads\\\/sam-and-coral-tb.jpg\",\"datePublished\":\"2023-04-19T11:45:35+00:00\",\"dateModified\":\"2023-05-16T19:00:45+00:00\",\"breadcrumb\":{\"@id\":\"https:\\\/\\\/www.directhealthcaregroup.com\\\/da\\\/viden-og-evidens\\\/179731-2\\\/#breadcrumb\"},\"inLanguage\":\"da-DK\",\"potentialAction\":[{\"@type\":\"ReadAction\",\"target\":[\"https:\\\/\\\/www.directhealthcaregroup.com\\\/da\\\/viden-og-evidens\\\/179731-2\\\/\"]}]},{\"@type\":\"ImageObject\",\"inLanguage\":\"da-DK\",\"@id\":\"https:\\\/\\\/www.directhealthcaregroup.com\\\/da\\\/viden-og-evidens\\\/179731-2\\\/#primaryimage\",\"url\":\"https:\\\/\\\/www.directhealthcaregroup.com\\\/app\\\/uploads\\\/sam-and-coral-tb.jpg\",\"contentUrl\":\"https:\\\/\\\/www.directhealthcaregroup.com\\\/app\\\/uploads\\\/sam-and-coral-tb.jpg\",\"width\":500,\"height\":125},{\"@type\":\"BreadcrumbList\",\"@id\":\"https:\\\/\\\/www.directhealthcaregroup.com\\\/da\\\/viden-og-evidens\\\/179731-2\\\/#breadcrumb\",\"itemListElement\":[{\"@type\":\"ListItem\",\"position\":1,\"name\":\"Home\",\"item\":\"https:\\\/\\\/www.directhealthcaregroup.com\\\/da\\\/\"},{\"@type\":\"ListItem\",\"position\":2,\"name\":\"VIDEN OG EVIDENS\",\"item\":\"https:\\\/\\\/www.directhealthcaregroup.com\\\/da\\\/viden-og-evidens\\\/\"},{\"@type\":\"ListItem\",\"position\":3,\"name\":\"Sam f\u00e5r en blidere og mere v\u00e6rdig pleje\"}]},{\"@type\":\"WebSite\",\"@id\":\"https:\\\/\\\/www.directhealthcaregroup.com\\\/#website\",\"url\":\"https:\\\/\\\/www.directhealthcaregroup.com\\\/\",\"name\":\"DHG\",\"description\":\"Moving Health Forward\",\"publisher\":{\"@id\":\"https:\\\/\\\/www.directhealthcaregroup.com\\\/#organization\"},\"potentialAction\":[{\"@type\":\"SearchAction\",\"target\":{\"@type\":\"EntryPoint\",\"urlTemplate\":\"https:\\\/\\\/www.directhealthcaregroup.com\\\/?s={search_term_string}\"},\"query-input\":{\"@type\":\"PropertyValueSpecification\",\"valueRequired\":true,\"valueName\":\"search_term_string\"}}],\"inLanguage\":\"da-DK\"},{\"@type\":\"Organization\",\"@id\":\"https:\\\/\\\/www.directhealthcaregroup.com\\\/#organization\",\"name\":\"Direct Healthcare Group\",\"url\":\"https:\\\/\\\/www.directhealthcaregroup.com\\\/\",\"logo\":{\"@type\":\"ImageObject\",\"inLanguage\":\"da-DK\",\"@id\":\"https:\\\/\\\/www.directhealthcaregroup.com\\\/#\\\/schema\\\/logo\\\/image\\\/\",\"url\":\"https:\\\/\\\/directhealthcaregroup.com\\\/app\\\/uploads\\\/dhg-logo.png\",\"contentUrl\":\"https:\\\/\\\/directhealthcaregroup.com\\\/app\\\/uploads\\\/dhg-logo.png\",\"width\":556,\"height\":240,\"caption\":\"Direct Healthcare Group\"},\"image\":{\"@id\":\"https:\\\/\\\/www.directhealthcaregroup.com\\\/#\\\/schema\\\/logo\\\/image\\\/\"}}]}<\/script>\n<!-- \/ Yoast SEO plugin. -->","yoast_head_json":{"title":"Sam f\u00e5r en blidere og mere v\u00e6rdig pleje | DHG","robots":{"index":"index","follow":"follow","max-snippet":"max-snippet:-1","max-image-preview":"max-image-preview:large","max-video-preview":"max-video-preview:-1"},"canonical":"https:\/\/www.directhealthcaregroup.com\/da\/viden-og-evidens\/179731-2\/","og_locale":"da_DK","og_type":"article","og_title":"Sam f\u00e5r en blidere og mere v\u00e6rdig pleje | DHG","og_description":"Sam Higgins er 24 \u00e5r og bor med sin mor i England. Sam blev i en ung alder diagnosticeret med en akut form for epilepsi. Senere blev han diagnosticeret med en r\u00e6kke yderligere udviklingsforstyrrelser, herunder autisme og skoliose. Gennem \u00e5rene forv\u00e6rredes hans mobilitetsevne, og han bruger nu lange perioder i sengen. 8. januar 2019 Sams &hellip; Continued","og_url":"https:\/\/www.directhealthcaregroup.com\/da\/viden-og-evidens\/179731-2\/","og_site_name":"DHG","article_modified_time":"2023-05-16T19:00:45+00:00","og_image":[{"width":500,"height":125,"url":"https:\/\/www.directhealthcaregroup.com\/app\/uploads\/sam-and-coral-tb.jpg","type":"image\/jpeg"}],"twitter_card":"summary_large_image","twitter_misc":{"Est. reading time":"2 minutes"},"schema":{"@context":"https:\/\/schema.org","@graph":[{"@type":"WebPage","@id":"https:\/\/www.directhealthcaregroup.com\/da\/viden-og-evidens\/179731-2\/","url":"https:\/\/www.directhealthcaregroup.com\/da\/viden-og-evidens\/179731-2\/","name":"Sam f\u00e5r en blidere og mere v\u00e6rdig pleje | DHG","isPartOf":{"@id":"https:\/\/www.directhealthcaregroup.com\/#website"},"primaryImageOfPage":{"@id":"https:\/\/www.directhealthcaregroup.com\/da\/viden-og-evidens\/179731-2\/#primaryimage"},"image":{"@id":"https:\/\/www.directhealthcaregroup.com\/da\/viden-og-evidens\/179731-2\/#primaryimage"},"thumbnailUrl":"https:\/\/www.directhealthcaregroup.com\/app\/uploads\/sam-and-coral-tb.jpg","datePublished":"2023-04-19T11:45:35+00:00","dateModified":"2023-05-16T19:00:45+00:00","breadcrumb":{"@id":"https:\/\/www.directhealthcaregroup.com\/da\/viden-og-evidens\/179731-2\/#breadcrumb"},"inLanguage":"da-DK","potentialAction":[{"@type":"ReadAction","target":["https:\/\/www.directhealthcaregroup.com\/da\/viden-og-evidens\/179731-2\/"]}]},{"@type":"ImageObject","inLanguage":"da-DK","@id":"https:\/\/www.directhealthcaregroup.com\/da\/viden-og-evidens\/179731-2\/#primaryimage","url":"https:\/\/www.directhealthcaregroup.com\/app\/uploads\/sam-and-coral-tb.jpg","contentUrl":"https:\/\/www.directhealthcaregroup.com\/app\/uploads\/sam-and-coral-tb.jpg","width":500,"height":125},{"@type":"BreadcrumbList","@id":"https:\/\/www.directhealthcaregroup.com\/da\/viden-og-evidens\/179731-2\/#breadcrumb","itemListElement":[{"@type":"ListItem","position":1,"name":"Home","item":"https:\/\/www.directhealthcaregroup.com\/da\/"},{"@type":"ListItem","position":2,"name":"VIDEN OG EVIDENS","item":"https:\/\/www.directhealthcaregroup.com\/da\/viden-og-evidens\/"},{"@type":"ListItem","position":3,"name":"Sam f\u00e5r en blidere og mere v\u00e6rdig pleje"}]},{"@type":"WebSite","@id":"https:\/\/www.directhealthcaregroup.com\/#website","url":"https:\/\/www.directhealthcaregroup.com\/","name":"DHG","description":"Moving Health Forward","publisher":{"@id":"https:\/\/www.directhealthcaregroup.com\/#organization"},"potentialAction":[{"@type":"SearchAction","target":{"@type":"EntryPoint","urlTemplate":"https:\/\/www.directhealthcaregroup.com\/?s={search_term_string}"},"query-input":{"@type":"PropertyValueSpecification","valueRequired":true,"valueName":"search_term_string"}}],"inLanguage":"da-DK"},{"@type":"Organization","@id":"https:\/\/www.directhealthcaregroup.com\/#organization","name":"Direct Healthcare Group","url":"https:\/\/www.directhealthcaregroup.com\/","logo":{"@type":"ImageObject","inLanguage":"da-DK","@id":"https:\/\/www.directhealthcaregroup.com\/#\/schema\/logo\/image\/","url":"https:\/\/directhealthcaregroup.com\/app\/uploads\/dhg-logo.png","contentUrl":"https:\/\/directhealthcaregroup.com\/app\/uploads\/dhg-logo.png","width":556,"height":240,"caption":"Direct Healthcare Group"},"image":{"@id":"https:\/\/www.directhealthcaregroup.com\/#\/schema\/logo\/image\/"}}]}},"_links":{"self":[{"href":"https:\/\/www.directhealthcaregroup.com\/da\/wp-json\/wp\/v2\/pages\/179731","targetHints":{"allow":["GET"]}}],"collection":[{"href":"https:\/\/www.directhealthcaregroup.com\/da\/wp-json\/wp\/v2\/pages"}],"about":[{"href":"https:\/\/www.directhealthcaregroup.com\/da\/wp-json\/wp\/v2\/types\/page"}],"author":[{"embeddable":true,"href":"https:\/\/www.directhealthcaregroup.com\/da\/wp-json\/wp\/v2\/users\/40"}],"replies":[{"embeddable":true,"href":"https:\/\/www.directhealthcaregroup.com\/da\/wp-json\/wp\/v2\/comments?post=179731"}],"version-history":[{"count":3,"href":"https:\/\/www.directhealthcaregroup.com\/da\/wp-json\/wp\/v2\/pages\/179731\/revisions"}],"predecessor-version":[{"id":183655,"href":"https:\/\/www.directhealthcaregroup.com\/da\/wp-json\/wp\/v2\/pages\/179731\/revisions\/183655"}],"up":[{"embeddable":true,"href":"https:\/\/www.directhealthcaregroup.com\/da\/wp-json\/wp\/v2\/pages\/174696"}],"wp:featuredmedia":[{"embeddable":true,"href":"https:\/\/www.directhealthcaregroup.com\/da\/wp-json\/wp\/v2\/media\/179732"}],"wp:attachment":[{"href":"https:\/\/www.directhealthcaregroup.com\/da\/wp-json\/wp\/v2\/media?parent=179731"}],"curies":[{"name":"wp","href":"https:\/\/api.w.org\/{rel}","templated":true}]}}