{"id":179760,"date":"2023-04-19T13:24:28","date_gmt":"2023-04-19T12:24:28","guid":{"rendered":"https:\/\/www.directhealthcaregroup.com\/?page_id=179760"},"modified":"2023-05-16T20:01:20","modified_gmt":"2023-05-16T19:01:20","slug":"179760-2","status":"publish","type":"page","link":"https:\/\/www.directhealthcaregroup.com\/da\/viden-og-evidens\/179760-2\/","title":{"rendered":"Elektrisk vendelagen forhindrer nedslidning"},"content":{"rendered":"\n<h1 class=\"wp-block-heading\"><\/h1>\n\n\n\n<p>Mange medarbejdere i sundheds- og plejesektoren oplever at v\u00e6re tr\u00e6tte og have smerter efter arbejde. Faktisk er antallet af medarbejdere, der lider af muskel- og skeletbesv\u00e6r (MSB), if\u00f8lge FOA, stigende. Tages de lavere normeringer og den demografiske udvikling, hvor der bliver flere og flere \u00e6ldre, i betragtning, er det ikke sv\u00e6rt at forst\u00e5. Kravene til pleje- og sundhedspersonalet er nemlig st\u00f8dt stigende, og arbejdet er fysisk h\u00e5rdt.<\/p>\n\n\n\n<p>8. januar 2019<\/p>\n\n\n\n<p>Af: Ergoterapeut, Pia Beck<\/p>\n\n\n\n<p>Det der dog kan v\u00e6re sv\u00e6rt at forst\u00e5 er, at der, i lyset af de mange arbejdsskader og h\u00f8je sygefrav\u00e6r, ikke ses p\u00e5, hvordan arbejdsmilj\u00f8et i sektoren kan forbedres. For flere og flere studier viser nemlig at brugen af teknologi fremfor manuelle hj\u00e6lpemidler, kan v\u00e6re med til at forbedre arbejdsmilj\u00f8et og forebygge nedslidning.<br><\/p>\n\n\n\n<h2 class=\"wp-block-heading\"><strong>Sengepleje medf\u00f8rer h\u00f8j arbejdsbelastning<\/strong><\/h2>\n\n\n\n<p>Arbejdet ved plejesengen udg\u00f8r en betydelig del af mange sundhedsprofessionelles arbejdsdag. Det er derfor ogs\u00e5 skyld i en stor del af den samlede fysiske belastning, personalet oplever i l\u00f8bet af dagen. Kan den fysiske arbejdsbelastning i disse processer reduceres, er vi derfor rigtigt langt med at forbedre arbejdsmilj\u00f8et for personalet.<\/p>\n\n\n\n<p>Men selvom vi skriver \u00e5r 2019, er vores forflytningskultur ikke fulgt med den teknologiske udvikling. Vi accepterer stadigt, i alt for h\u00f8j grad, at nedslidning af bev\u00e6geapparatet er en del af det at arbejde i sundheds- og plejesektoren. Men hvorfor? Den teknologiske udvikling inden for velf\u00e6rd og hj\u00e6lpemidler er s\u00e5 langt, at vi i h\u00f8j grad kan forebygge det.<\/p>\n\n\n\n<p>Men vi udnytter ikke i tilstr\u00e6kkeliggrad mulighederne. Ligesom med loftliften i 80\u2019erne er der mange barrierer for at indf\u00f8re ny teknologi. Ikke desto mindre er det n\u00f8dvendigt, hvis vi vil forebygge nedslidning, arbejdsskader og sygefrav\u00e6r hos medarbejderne. D\u00e9t underbygges nu af&nbsp;<a href=\"https:\/\/www.directhealthcaregroup.com\/app\/uploads\/evaluering-af-elektroniske-vendesystemer-2018-1.pdf\" target=\"_blank\" rel=\"noreferrer noopener\">en&nbsp;ny evalueringsrapport<\/a>, der har unders\u00f8gt effekten af med elektroniske vendesystemer.<br><\/p>\n\n\n\n<h2 class=\"wp-block-heading\"><strong>Mere overskud til omsorg<\/strong><\/h2>\n\n\n\n<p>Evalueringen, der er foretaget af Teknologisk Institut, viser, at indf\u00f8relsen af elektroniske vendesystemer i borgerplejen medf\u00f8rer reduceret fysisk belastning, f\u00e6rre sygedage og forbedret arbejdsmilj\u00f8 for plejepersonalet. Det betyder, at elektroniske vendesystemer har en forebyggende effekt, n\u00e5r det kommer til nedslidning af medarbejderne.<\/p>\n\n\n\n<p>Efter indf\u00f8relse af VENDLET havde ingen af medarbejderne smerter ved sengepleje, og de var mindre tr\u00e6tte efter arbejde. Og det havde ogs\u00e5 positive effekter p\u00e5 personalets hum\u00f8r og trivsel.<\/p>\n\n\n\n<p>Dette skyldes ikke mindst, at forflytning og vending i sengen ikke l\u00e6ngere kr\u00e6vede kraftanstrengelse, men ogs\u00e5 at personalet havde mulighed, for at v\u00e6re \u00e9n omkring borgeren. Det bet\u00f8d en mindre travl hverdag fordi det ekstra s\u00e6t h\u00e6nder, der normalt skulle have deltaget i forflytningen, kan varetage andre opgaver.<\/p>\n\n\n\n<p>Og d\u00e9t fremh\u00e6vede b\u00e5de borgere og personale som noget positivt. De oplevede nemlig at have en bedre kontakt med hinanden. Det lettede relationen mellem borger og personale, og gjorde det muligt for borgeren at f\u00f8lge med i forflytningen.<\/p>\n\n\n\n<p>Den \u00f8gede plejekvalitet hos borgeren var ogs\u00e5 noget af det medarbejderne, der deltog i projektet, fremh\u00e6vede som v\u00e6rdiskabende for deres hverdag. For f\u00e6rre smerter og mindre tr\u00e6thed giver overskud til omsorg.<br><\/p>\n\n\n\n<h2 class=\"wp-block-heading\"><strong>H\u00f8r i videoen, hvordan de arbejder med elektroniske vendesystemer p\u00e5 Richtsens Plejecenter i T\u00f8nder.<\/strong><\/h2>\n\n\n\n<figure class=\"wp-block-embed-youtube wp-block-embed is-type-video is-provider-youtube wp-embed-aspect-16-9 wp-has-aspect-ratio\"><div class=\"wp-block-embed__wrapper\">\n<iframe loading=\"lazy\" title=\"Forflytningsvejleder Vendesystemerne skal hurtigere ud\" width=\"500\" height=\"281\" src=\"https:\/\/www.youtube.com\/embed\/hl0XqJt1zyE?feature=oembed\" frameborder=\"0\" allow=\"accelerometer; autoplay; clipboard-write; encrypted-media; gyroscope; picture-in-picture; web-share\" referrerpolicy=\"strict-origin-when-cross-origin\" allowfullscreen><\/iframe>\n<\/div><\/figure>\n","protected":false},"excerpt":{"rendered":"<p>Mange medarbejdere i sundheds- og plejesektoren oplever at v\u00e6re tr\u00e6tte og have smerter efter arbejde. Faktisk er antallet af medarbejdere, der lider af muskel- og skeletbesv\u00e6r (MSB), if\u00f8lge FOA, stigende. Tages de lavere normeringer og den demografiske udvikling, hvor der bliver flere og flere \u00e6ldre, i betragtning, er det ikke sv\u00e6rt at forst\u00e5. Kravene til &hellip; <a href=\"https:\/\/www.directhealthcaregroup.com\/da\/viden-og-evidens\/179760-2\/\">Continued<\/a><\/p>\n","protected":false},"author":40,"featured_media":179761,"parent":174696,"menu_order":61,"comment_status":"closed","ping_status":"closed","template":"","meta":{"_acf_changed":false,"footnotes":""},"class_list":["post-179760","page","type-page","status-publish","has-post-thumbnail","hentry"],"acf":[],"yoast_head":"<!-- This site is optimized with the Yoast SEO plugin v27.4 - https:\/\/yoast.com\/product\/yoast-seo-wordpress\/ -->\n<title>Elektrisk vendelagen forhindrer nedslidning | DHG<\/title>\n<meta name=\"robots\" content=\"index, follow, max-snippet:-1, max-image-preview:large, max-video-preview:-1\" \/>\n<link rel=\"canonical\" href=\"https:\/\/www.directhealthcaregroup.com\/da\/viden-og-evidens\/179760-2\/\" \/>\n<meta property=\"og:locale\" content=\"da_DK\" \/>\n<meta property=\"og:type\" content=\"article\" \/>\n<meta property=\"og:title\" content=\"Elektrisk vendelagen forhindrer nedslidning | DHG\" \/>\n<meta property=\"og:description\" content=\"Mange medarbejdere i sundheds- og plejesektoren oplever at v\u00e6re tr\u00e6tte og have smerter efter arbejde. Faktisk er antallet af medarbejdere, der lider af muskel- og skeletbesv\u00e6r (MSB), if\u00f8lge FOA, stigende. Tages de lavere normeringer og den demografiske udvikling, hvor der bliver flere og flere \u00e6ldre, i betragtning, er det ikke sv\u00e6rt at forst\u00e5. Kravene til &hellip; Continued\" \/>\n<meta property=\"og:url\" content=\"https:\/\/www.directhealthcaregroup.com\/da\/viden-og-evidens\/179760-2\/\" \/>\n<meta property=\"og:site_name\" content=\"DHG\" \/>\n<meta property=\"article:modified_time\" content=\"2023-05-16T19:01:20+00:00\" \/>\n<meta property=\"og:image\" content=\"https:\/\/www.directhealthcaregroup.com\/app\/uploads\/elektrisk-vendelagen-forhindrer-nedslidning-tb-transformed.jpeg\" \/>\n\t<meta property=\"og:image:width\" content=\"2000\" \/>\n\t<meta property=\"og:image:height\" content=\"500\" \/>\n\t<meta property=\"og:image:type\" content=\"image\/jpeg\" \/>\n<meta name=\"twitter:card\" content=\"summary_large_image\" \/>\n<meta name=\"twitter:label1\" content=\"Est. reading time\" \/>\n\t<meta name=\"twitter:data1\" content=\"3 minutes\" \/>\n<script type=\"application\/ld+json\" class=\"yoast-schema-graph\">{\"@context\":\"https:\\\/\\\/schema.org\",\"@graph\":[{\"@type\":\"WebPage\",\"@id\":\"https:\\\/\\\/www.directhealthcaregroup.com\\\/da\\\/viden-og-evidens\\\/179760-2\\\/\",\"url\":\"https:\\\/\\\/www.directhealthcaregroup.com\\\/da\\\/viden-og-evidens\\\/179760-2\\\/\",\"name\":\"Elektrisk vendelagen forhindrer nedslidning | DHG\",\"isPartOf\":{\"@id\":\"https:\\\/\\\/www.directhealthcaregroup.com\\\/#website\"},\"primaryImageOfPage\":{\"@id\":\"https:\\\/\\\/www.directhealthcaregroup.com\\\/da\\\/viden-og-evidens\\\/179760-2\\\/#primaryimage\"},\"image\":{\"@id\":\"https:\\\/\\\/www.directhealthcaregroup.com\\\/da\\\/viden-og-evidens\\\/179760-2\\\/#primaryimage\"},\"thumbnailUrl\":\"https:\\\/\\\/www.directhealthcaregroup.com\\\/app\\\/uploads\\\/elektrisk-vendelagen-forhindrer-nedslidning-tb-transformed.jpeg\",\"datePublished\":\"2023-04-19T12:24:28+00:00\",\"dateModified\":\"2023-05-16T19:01:20+00:00\",\"breadcrumb\":{\"@id\":\"https:\\\/\\\/www.directhealthcaregroup.com\\\/da\\\/viden-og-evidens\\\/179760-2\\\/#breadcrumb\"},\"inLanguage\":\"da-DK\",\"potentialAction\":[{\"@type\":\"ReadAction\",\"target\":[\"https:\\\/\\\/www.directhealthcaregroup.com\\\/da\\\/viden-og-evidens\\\/179760-2\\\/\"]}]},{\"@type\":\"ImageObject\",\"inLanguage\":\"da-DK\",\"@id\":\"https:\\\/\\\/www.directhealthcaregroup.com\\\/da\\\/viden-og-evidens\\\/179760-2\\\/#primaryimage\",\"url\":\"https:\\\/\\\/www.directhealthcaregroup.com\\\/app\\\/uploads\\\/elektrisk-vendelagen-forhindrer-nedslidning-tb-transformed.jpeg\",\"contentUrl\":\"https:\\\/\\\/www.directhealthcaregroup.com\\\/app\\\/uploads\\\/elektrisk-vendelagen-forhindrer-nedslidning-tb-transformed.jpeg\",\"width\":2000,\"height\":500},{\"@type\":\"BreadcrumbList\",\"@id\":\"https:\\\/\\\/www.directhealthcaregroup.com\\\/da\\\/viden-og-evidens\\\/179760-2\\\/#breadcrumb\",\"itemListElement\":[{\"@type\":\"ListItem\",\"position\":1,\"name\":\"Home\",\"item\":\"https:\\\/\\\/www.directhealthcaregroup.com\\\/da\\\/\"},{\"@type\":\"ListItem\",\"position\":2,\"name\":\"VIDEN OG EVIDENS\",\"item\":\"https:\\\/\\\/www.directhealthcaregroup.com\\\/da\\\/viden-og-evidens\\\/\"},{\"@type\":\"ListItem\",\"position\":3,\"name\":\"Elektrisk vendelagen forhindrer nedslidning\"}]},{\"@type\":\"WebSite\",\"@id\":\"https:\\\/\\\/www.directhealthcaregroup.com\\\/#website\",\"url\":\"https:\\\/\\\/www.directhealthcaregroup.com\\\/\",\"name\":\"DHG\",\"description\":\"Moving Health Forward\",\"publisher\":{\"@id\":\"https:\\\/\\\/www.directhealthcaregroup.com\\\/#organization\"},\"potentialAction\":[{\"@type\":\"SearchAction\",\"target\":{\"@type\":\"EntryPoint\",\"urlTemplate\":\"https:\\\/\\\/www.directhealthcaregroup.com\\\/?s={search_term_string}\"},\"query-input\":{\"@type\":\"PropertyValueSpecification\",\"valueRequired\":true,\"valueName\":\"search_term_string\"}}],\"inLanguage\":\"da-DK\"},{\"@type\":\"Organization\",\"@id\":\"https:\\\/\\\/www.directhealthcaregroup.com\\\/#organization\",\"name\":\"Direct Healthcare Group\",\"url\":\"https:\\\/\\\/www.directhealthcaregroup.com\\\/\",\"logo\":{\"@type\":\"ImageObject\",\"inLanguage\":\"da-DK\",\"@id\":\"https:\\\/\\\/www.directhealthcaregroup.com\\\/#\\\/schema\\\/logo\\\/image\\\/\",\"url\":\"https:\\\/\\\/directhealthcaregroup.com\\\/app\\\/uploads\\\/dhg-logo.png\",\"contentUrl\":\"https:\\\/\\\/directhealthcaregroup.com\\\/app\\\/uploads\\\/dhg-logo.png\",\"width\":556,\"height\":240,\"caption\":\"Direct Healthcare Group\"},\"image\":{\"@id\":\"https:\\\/\\\/www.directhealthcaregroup.com\\\/#\\\/schema\\\/logo\\\/image\\\/\"}}]}<\/script>\n<!-- \/ Yoast SEO plugin. -->","yoast_head_json":{"title":"Elektrisk vendelagen forhindrer nedslidning | DHG","robots":{"index":"index","follow":"follow","max-snippet":"max-snippet:-1","max-image-preview":"max-image-preview:large","max-video-preview":"max-video-preview:-1"},"canonical":"https:\/\/www.directhealthcaregroup.com\/da\/viden-og-evidens\/179760-2\/","og_locale":"da_DK","og_type":"article","og_title":"Elektrisk vendelagen forhindrer nedslidning | DHG","og_description":"Mange medarbejdere i sundheds- og plejesektoren oplever at v\u00e6re tr\u00e6tte og have smerter efter arbejde. Faktisk er antallet af medarbejdere, der lider af muskel- og skeletbesv\u00e6r (MSB), if\u00f8lge FOA, stigende. Tages de lavere normeringer og den demografiske udvikling, hvor der bliver flere og flere \u00e6ldre, i betragtning, er det ikke sv\u00e6rt at forst\u00e5. Kravene til &hellip; Continued","og_url":"https:\/\/www.directhealthcaregroup.com\/da\/viden-og-evidens\/179760-2\/","og_site_name":"DHG","article_modified_time":"2023-05-16T19:01:20+00:00","og_image":[{"width":2000,"height":500,"url":"https:\/\/www.directhealthcaregroup.com\/app\/uploads\/elektrisk-vendelagen-forhindrer-nedslidning-tb-transformed.jpeg","type":"image\/jpeg"}],"twitter_card":"summary_large_image","twitter_misc":{"Est. reading time":"3 minutes"},"schema":{"@context":"https:\/\/schema.org","@graph":[{"@type":"WebPage","@id":"https:\/\/www.directhealthcaregroup.com\/da\/viden-og-evidens\/179760-2\/","url":"https:\/\/www.directhealthcaregroup.com\/da\/viden-og-evidens\/179760-2\/","name":"Elektrisk vendelagen forhindrer nedslidning | DHG","isPartOf":{"@id":"https:\/\/www.directhealthcaregroup.com\/#website"},"primaryImageOfPage":{"@id":"https:\/\/www.directhealthcaregroup.com\/da\/viden-og-evidens\/179760-2\/#primaryimage"},"image":{"@id":"https:\/\/www.directhealthcaregroup.com\/da\/viden-og-evidens\/179760-2\/#primaryimage"},"thumbnailUrl":"https:\/\/www.directhealthcaregroup.com\/app\/uploads\/elektrisk-vendelagen-forhindrer-nedslidning-tb-transformed.jpeg","datePublished":"2023-04-19T12:24:28+00:00","dateModified":"2023-05-16T19:01:20+00:00","breadcrumb":{"@id":"https:\/\/www.directhealthcaregroup.com\/da\/viden-og-evidens\/179760-2\/#breadcrumb"},"inLanguage":"da-DK","potentialAction":[{"@type":"ReadAction","target":["https:\/\/www.directhealthcaregroup.com\/da\/viden-og-evidens\/179760-2\/"]}]},{"@type":"ImageObject","inLanguage":"da-DK","@id":"https:\/\/www.directhealthcaregroup.com\/da\/viden-og-evidens\/179760-2\/#primaryimage","url":"https:\/\/www.directhealthcaregroup.com\/app\/uploads\/elektrisk-vendelagen-forhindrer-nedslidning-tb-transformed.jpeg","contentUrl":"https:\/\/www.directhealthcaregroup.com\/app\/uploads\/elektrisk-vendelagen-forhindrer-nedslidning-tb-transformed.jpeg","width":2000,"height":500},{"@type":"BreadcrumbList","@id":"https:\/\/www.directhealthcaregroup.com\/da\/viden-og-evidens\/179760-2\/#breadcrumb","itemListElement":[{"@type":"ListItem","position":1,"name":"Home","item":"https:\/\/www.directhealthcaregroup.com\/da\/"},{"@type":"ListItem","position":2,"name":"VIDEN OG EVIDENS","item":"https:\/\/www.directhealthcaregroup.com\/da\/viden-og-evidens\/"},{"@type":"ListItem","position":3,"name":"Elektrisk vendelagen forhindrer nedslidning"}]},{"@type":"WebSite","@id":"https:\/\/www.directhealthcaregroup.com\/#website","url":"https:\/\/www.directhealthcaregroup.com\/","name":"DHG","description":"Moving Health Forward","publisher":{"@id":"https:\/\/www.directhealthcaregroup.com\/#organization"},"potentialAction":[{"@type":"SearchAction","target":{"@type":"EntryPoint","urlTemplate":"https:\/\/www.directhealthcaregroup.com\/?s={search_term_string}"},"query-input":{"@type":"PropertyValueSpecification","valueRequired":true,"valueName":"search_term_string"}}],"inLanguage":"da-DK"},{"@type":"Organization","@id":"https:\/\/www.directhealthcaregroup.com\/#organization","name":"Direct Healthcare Group","url":"https:\/\/www.directhealthcaregroup.com\/","logo":{"@type":"ImageObject","inLanguage":"da-DK","@id":"https:\/\/www.directhealthcaregroup.com\/#\/schema\/logo\/image\/","url":"https:\/\/directhealthcaregroup.com\/app\/uploads\/dhg-logo.png","contentUrl":"https:\/\/directhealthcaregroup.com\/app\/uploads\/dhg-logo.png","width":556,"height":240,"caption":"Direct Healthcare Group"},"image":{"@id":"https:\/\/www.directhealthcaregroup.com\/#\/schema\/logo\/image\/"}}]}},"_links":{"self":[{"href":"https:\/\/www.directhealthcaregroup.com\/da\/wp-json\/wp\/v2\/pages\/179760","targetHints":{"allow":["GET"]}}],"collection":[{"href":"https:\/\/www.directhealthcaregroup.com\/da\/wp-json\/wp\/v2\/pages"}],"about":[{"href":"https:\/\/www.directhealthcaregroup.com\/da\/wp-json\/wp\/v2\/types\/page"}],"author":[{"embeddable":true,"href":"https:\/\/www.directhealthcaregroup.com\/da\/wp-json\/wp\/v2\/users\/40"}],"replies":[{"embeddable":true,"href":"https:\/\/www.directhealthcaregroup.com\/da\/wp-json\/wp\/v2\/comments?post=179760"}],"version-history":[{"count":4,"href":"https:\/\/www.directhealthcaregroup.com\/da\/wp-json\/wp\/v2\/pages\/179760\/revisions"}],"predecessor-version":[{"id":183656,"href":"https:\/\/www.directhealthcaregroup.com\/da\/wp-json\/wp\/v2\/pages\/179760\/revisions\/183656"}],"up":[{"embeddable":true,"href":"https:\/\/www.directhealthcaregroup.com\/da\/wp-json\/wp\/v2\/pages\/174696"}],"wp:featuredmedia":[{"embeddable":true,"href":"https:\/\/www.directhealthcaregroup.com\/da\/wp-json\/wp\/v2\/media\/179761"}],"wp:attachment":[{"href":"https:\/\/www.directhealthcaregroup.com\/da\/wp-json\/wp\/v2\/media?parent=179760"}],"curies":[{"name":"wp","href":"https:\/\/api.w.org\/{rel}","templated":true}]}}