{"id":179785,"date":"2023-04-19T13:38:37","date_gmt":"2023-04-19T12:38:37","guid":{"rendered":"https:\/\/www.directhealthcaregroup.com\/?page_id=179785"},"modified":"2023-05-16T20:01:50","modified_gmt":"2023-05-16T19:01:50","slug":"179785-2","status":"publish","type":"page","link":"https:\/\/www.directhealthcaregroup.com\/da\/viden-og-evidens\/179785-2\/","title":{"rendered":"Helen genvandt uafh\u00e6ngigheden"},"content":{"rendered":"\n<h1 class=\"wp-block-heading\"><\/h1>\n\n\n\n<p>VENDLET giver \u00f8get uafh\u00e6ngighed og v\u00e6rdigheden tilbage for ung kvinde.<\/p>\n\n\n\n<p>17. januar 2019<\/p>\n\n\n\n<p><em>Feedback fra borgeren selv.<\/em><\/p>\n\n\n\n<p>Mit navn er Helen Fincham, jeg er 23 \u00e5r gammel og fra Wales. Jeg er kvadriplegiker grundet en sj\u00e6lden neurologisk sygdom, der indtraf for snart to \u00e5r siden. Siden jeg blev lam, er jeg desv\u00e6rre ogs\u00e5 blevet meget afh\u00e6ngig af hj\u00e6lp fra plejepersonale flere gange om dagen. F\u00f8r i tiden ogs\u00e5 i l\u00f8bet af nattetimerne.<\/p>\n\n\n\n<p>Jeg researchede lidt p\u00e5 internettet og faldt over VENDLET-systemet, som giver mig mulighed for at vende mig selv.<\/p>\n\n\n\n<p>Jeg kunne ikke v\u00e6re mere tilfreds med VENDLET systemet. Jeg plejede at v\u00e6re afh\u00e6ngig af hj\u00e6lp i l\u00f8bet af natten, hvilket forstyrrede den smule s\u00f8vn jeg fik, hvis jeg da overhovedet fik noget, fordi jeg l\u00e5 i sengen og ventede p\u00e5, at der kom nogen og \u00e5bnede min d\u00f8r. Jeg vidste ikke, hvad tid de kom, og det gjorde mig urolig. Det fik de konsekvenser, at jeg i l\u00f8bet af dagen var s\u00e5 tr\u00e6t, at de mindste ting gjorde mig helt udmattet, og at jeg derfor gik glip af tid med venner og familie.&nbsp;<\/p>\n\n\n\n<p>Jeg elsker systemet s\u00e5 meget, fordi det har givet mig meget mere kontrol, en bedre nattes\u00f8vn, mere uafh\u00e6ngighed og min v\u00e6rdighed tilbage.&nbsp;<\/p>\n\n\n\n<p>Jeg har nu friheden til at vende mig selv n\u00e5r jeg har lyst &#8211; uden hj\u00e6lp fra andre! Jeg kan ogs\u00e5 vende mig oftere s\u00e5 jeg bedre kan aflaste tryk og forebygge at noget skulle ske.&nbsp;<\/p>\n\n\n\n<p>Det er et meget nemt system at bruge, og man kan positionere sig selv, som man vil i sengen. Det hj\u00e6lper ogs\u00e5 mine plejere, der sparer tid og energi fordi, de undg\u00e5r de tunge manuelle forflytninger, og risikoen for at der sker noget med nogen af os, er betydeligt mindre.&nbsp;<\/p>\n\n\n\n<p>Alle, der er st\u00f8dt p\u00e5 VENDLET systemet hjemme hos mig, er meget imponerede over hvad det kan. Jeg er s\u00e5 glad for mit k\u00f8b og ville aldrig lave det om.&nbsp;<\/p>\n","protected":false},"excerpt":{"rendered":"<p>VENDLET giver \u00f8get uafh\u00e6ngighed og v\u00e6rdigheden tilbage for ung kvinde. 17. januar 2019 Feedback fra borgeren selv. Mit navn er Helen Fincham, jeg er 23 \u00e5r gammel og fra Wales. Jeg er kvadriplegiker grundet en sj\u00e6lden neurologisk sygdom, der indtraf for snart to \u00e5r siden. Siden jeg blev lam, er jeg desv\u00e6rre ogs\u00e5 blevet meget &hellip; <a href=\"https:\/\/www.directhealthcaregroup.com\/da\/viden-og-evidens\/179785-2\/\">Continued<\/a><\/p>\n","protected":false},"author":40,"featured_media":179786,"parent":174696,"menu_order":62,"comment_status":"closed","ping_status":"closed","template":"","meta":{"_acf_changed":false,"footnotes":""},"class_list":["post-179785","page","type-page","status-publish","has-post-thumbnail","hentry"],"acf":[],"yoast_head":"<!-- This site is optimized with the Yoast SEO plugin v27.4 - https:\/\/yoast.com\/product\/yoast-seo-wordpress\/ -->\n<title>Helen genvandt uafh\u00e6ngigheden | DHG<\/title>\n<meta name=\"robots\" content=\"index, follow, max-snippet:-1, max-image-preview:large, max-video-preview:-1\" \/>\n<link rel=\"canonical\" href=\"https:\/\/www.directhealthcaregroup.com\/da\/viden-og-evidens\/179785-2\/\" \/>\n<meta property=\"og:locale\" content=\"da_DK\" \/>\n<meta property=\"og:type\" content=\"article\" \/>\n<meta property=\"og:title\" content=\"Helen genvandt uafh\u00e6ngigheden | DHG\" \/>\n<meta property=\"og:description\" content=\"VENDLET giver \u00f8get uafh\u00e6ngighed og v\u00e6rdigheden tilbage for ung kvinde. 17. januar 2019 Feedback fra borgeren selv. Mit navn er Helen Fincham, jeg er 23 \u00e5r gammel og fra Wales. Jeg er kvadriplegiker grundet en sj\u00e6lden neurologisk sygdom, der indtraf for snart to \u00e5r siden. Siden jeg blev lam, er jeg desv\u00e6rre ogs\u00e5 blevet meget &hellip; Continued\" \/>\n<meta property=\"og:url\" content=\"https:\/\/www.directhealthcaregroup.com\/da\/viden-og-evidens\/179785-2\/\" \/>\n<meta property=\"og:site_name\" content=\"DHG\" \/>\n<meta property=\"article:modified_time\" content=\"2023-05-16T19:01:50+00:00\" \/>\n<meta property=\"og:image\" content=\"https:\/\/www.directhealthcaregroup.com\/app\/uploads\/helen-tb-transformed.jpeg\" \/>\n\t<meta property=\"og:image:width\" content=\"2000\" \/>\n\t<meta property=\"og:image:height\" content=\"500\" \/>\n\t<meta property=\"og:image:type\" content=\"image\/jpeg\" \/>\n<meta name=\"twitter:card\" content=\"summary_large_image\" \/>\n<meta name=\"twitter:label1\" content=\"Est. reading time\" \/>\n\t<meta name=\"twitter:data1\" content=\"2 minutes\" \/>\n<script type=\"application\/ld+json\" class=\"yoast-schema-graph\">{\"@context\":\"https:\\\/\\\/schema.org\",\"@graph\":[{\"@type\":\"WebPage\",\"@id\":\"https:\\\/\\\/www.directhealthcaregroup.com\\\/da\\\/viden-og-evidens\\\/179785-2\\\/\",\"url\":\"https:\\\/\\\/www.directhealthcaregroup.com\\\/da\\\/viden-og-evidens\\\/179785-2\\\/\",\"name\":\"Helen genvandt uafh\u00e6ngigheden | DHG\",\"isPartOf\":{\"@id\":\"https:\\\/\\\/www.directhealthcaregroup.com\\\/#website\"},\"primaryImageOfPage\":{\"@id\":\"https:\\\/\\\/www.directhealthcaregroup.com\\\/da\\\/viden-og-evidens\\\/179785-2\\\/#primaryimage\"},\"image\":{\"@id\":\"https:\\\/\\\/www.directhealthcaregroup.com\\\/da\\\/viden-og-evidens\\\/179785-2\\\/#primaryimage\"},\"thumbnailUrl\":\"https:\\\/\\\/www.directhealthcaregroup.com\\\/app\\\/uploads\\\/helen-tb-transformed.jpeg\",\"datePublished\":\"2023-04-19T12:38:37+00:00\",\"dateModified\":\"2023-05-16T19:01:50+00:00\",\"breadcrumb\":{\"@id\":\"https:\\\/\\\/www.directhealthcaregroup.com\\\/da\\\/viden-og-evidens\\\/179785-2\\\/#breadcrumb\"},\"inLanguage\":\"da-DK\",\"potentialAction\":[{\"@type\":\"ReadAction\",\"target\":[\"https:\\\/\\\/www.directhealthcaregroup.com\\\/da\\\/viden-og-evidens\\\/179785-2\\\/\"]}]},{\"@type\":\"ImageObject\",\"inLanguage\":\"da-DK\",\"@id\":\"https:\\\/\\\/www.directhealthcaregroup.com\\\/da\\\/viden-og-evidens\\\/179785-2\\\/#primaryimage\",\"url\":\"https:\\\/\\\/www.directhealthcaregroup.com\\\/app\\\/uploads\\\/helen-tb-transformed.jpeg\",\"contentUrl\":\"https:\\\/\\\/www.directhealthcaregroup.com\\\/app\\\/uploads\\\/helen-tb-transformed.jpeg\",\"width\":2000,\"height\":500},{\"@type\":\"BreadcrumbList\",\"@id\":\"https:\\\/\\\/www.directhealthcaregroup.com\\\/da\\\/viden-og-evidens\\\/179785-2\\\/#breadcrumb\",\"itemListElement\":[{\"@type\":\"ListItem\",\"position\":1,\"name\":\"Home\",\"item\":\"https:\\\/\\\/www.directhealthcaregroup.com\\\/da\\\/\"},{\"@type\":\"ListItem\",\"position\":2,\"name\":\"VIDEN OG EVIDENS\",\"item\":\"https:\\\/\\\/www.directhealthcaregroup.com\\\/da\\\/viden-og-evidens\\\/\"},{\"@type\":\"ListItem\",\"position\":3,\"name\":\"Helen genvandt uafh\u00e6ngigheden\"}]},{\"@type\":\"WebSite\",\"@id\":\"https:\\\/\\\/www.directhealthcaregroup.com\\\/#website\",\"url\":\"https:\\\/\\\/www.directhealthcaregroup.com\\\/\",\"name\":\"DHG\",\"description\":\"Moving Health Forward\",\"publisher\":{\"@id\":\"https:\\\/\\\/www.directhealthcaregroup.com\\\/#organization\"},\"potentialAction\":[{\"@type\":\"SearchAction\",\"target\":{\"@type\":\"EntryPoint\",\"urlTemplate\":\"https:\\\/\\\/www.directhealthcaregroup.com\\\/?s={search_term_string}\"},\"query-input\":{\"@type\":\"PropertyValueSpecification\",\"valueRequired\":true,\"valueName\":\"search_term_string\"}}],\"inLanguage\":\"da-DK\"},{\"@type\":\"Organization\",\"@id\":\"https:\\\/\\\/www.directhealthcaregroup.com\\\/#organization\",\"name\":\"Direct Healthcare Group\",\"url\":\"https:\\\/\\\/www.directhealthcaregroup.com\\\/\",\"logo\":{\"@type\":\"ImageObject\",\"inLanguage\":\"da-DK\",\"@id\":\"https:\\\/\\\/www.directhealthcaregroup.com\\\/#\\\/schema\\\/logo\\\/image\\\/\",\"url\":\"https:\\\/\\\/directhealthcaregroup.com\\\/app\\\/uploads\\\/dhg-logo.png\",\"contentUrl\":\"https:\\\/\\\/directhealthcaregroup.com\\\/app\\\/uploads\\\/dhg-logo.png\",\"width\":556,\"height\":240,\"caption\":\"Direct Healthcare Group\"},\"image\":{\"@id\":\"https:\\\/\\\/www.directhealthcaregroup.com\\\/#\\\/schema\\\/logo\\\/image\\\/\"}}]}<\/script>\n<!-- \/ Yoast SEO plugin. -->","yoast_head_json":{"title":"Helen genvandt uafh\u00e6ngigheden | DHG","robots":{"index":"index","follow":"follow","max-snippet":"max-snippet:-1","max-image-preview":"max-image-preview:large","max-video-preview":"max-video-preview:-1"},"canonical":"https:\/\/www.directhealthcaregroup.com\/da\/viden-og-evidens\/179785-2\/","og_locale":"da_DK","og_type":"article","og_title":"Helen genvandt uafh\u00e6ngigheden | DHG","og_description":"VENDLET giver \u00f8get uafh\u00e6ngighed og v\u00e6rdigheden tilbage for ung kvinde. 17. januar 2019 Feedback fra borgeren selv. Mit navn er Helen Fincham, jeg er 23 \u00e5r gammel og fra Wales. Jeg er kvadriplegiker grundet en sj\u00e6lden neurologisk sygdom, der indtraf for snart to \u00e5r siden. Siden jeg blev lam, er jeg desv\u00e6rre ogs\u00e5 blevet meget &hellip; Continued","og_url":"https:\/\/www.directhealthcaregroup.com\/da\/viden-og-evidens\/179785-2\/","og_site_name":"DHG","article_modified_time":"2023-05-16T19:01:50+00:00","og_image":[{"width":2000,"height":500,"url":"https:\/\/www.directhealthcaregroup.com\/app\/uploads\/helen-tb-transformed.jpeg","type":"image\/jpeg"}],"twitter_card":"summary_large_image","twitter_misc":{"Est. reading time":"2 minutes"},"schema":{"@context":"https:\/\/schema.org","@graph":[{"@type":"WebPage","@id":"https:\/\/www.directhealthcaregroup.com\/da\/viden-og-evidens\/179785-2\/","url":"https:\/\/www.directhealthcaregroup.com\/da\/viden-og-evidens\/179785-2\/","name":"Helen genvandt uafh\u00e6ngigheden | DHG","isPartOf":{"@id":"https:\/\/www.directhealthcaregroup.com\/#website"},"primaryImageOfPage":{"@id":"https:\/\/www.directhealthcaregroup.com\/da\/viden-og-evidens\/179785-2\/#primaryimage"},"image":{"@id":"https:\/\/www.directhealthcaregroup.com\/da\/viden-og-evidens\/179785-2\/#primaryimage"},"thumbnailUrl":"https:\/\/www.directhealthcaregroup.com\/app\/uploads\/helen-tb-transformed.jpeg","datePublished":"2023-04-19T12:38:37+00:00","dateModified":"2023-05-16T19:01:50+00:00","breadcrumb":{"@id":"https:\/\/www.directhealthcaregroup.com\/da\/viden-og-evidens\/179785-2\/#breadcrumb"},"inLanguage":"da-DK","potentialAction":[{"@type":"ReadAction","target":["https:\/\/www.directhealthcaregroup.com\/da\/viden-og-evidens\/179785-2\/"]}]},{"@type":"ImageObject","inLanguage":"da-DK","@id":"https:\/\/www.directhealthcaregroup.com\/da\/viden-og-evidens\/179785-2\/#primaryimage","url":"https:\/\/www.directhealthcaregroup.com\/app\/uploads\/helen-tb-transformed.jpeg","contentUrl":"https:\/\/www.directhealthcaregroup.com\/app\/uploads\/helen-tb-transformed.jpeg","width":2000,"height":500},{"@type":"BreadcrumbList","@id":"https:\/\/www.directhealthcaregroup.com\/da\/viden-og-evidens\/179785-2\/#breadcrumb","itemListElement":[{"@type":"ListItem","position":1,"name":"Home","item":"https:\/\/www.directhealthcaregroup.com\/da\/"},{"@type":"ListItem","position":2,"name":"VIDEN OG EVIDENS","item":"https:\/\/www.directhealthcaregroup.com\/da\/viden-og-evidens\/"},{"@type":"ListItem","position":3,"name":"Helen genvandt uafh\u00e6ngigheden"}]},{"@type":"WebSite","@id":"https:\/\/www.directhealthcaregroup.com\/#website","url":"https:\/\/www.directhealthcaregroup.com\/","name":"DHG","description":"Moving Health Forward","publisher":{"@id":"https:\/\/www.directhealthcaregroup.com\/#organization"},"potentialAction":[{"@type":"SearchAction","target":{"@type":"EntryPoint","urlTemplate":"https:\/\/www.directhealthcaregroup.com\/?s={search_term_string}"},"query-input":{"@type":"PropertyValueSpecification","valueRequired":true,"valueName":"search_term_string"}}],"inLanguage":"da-DK"},{"@type":"Organization","@id":"https:\/\/www.directhealthcaregroup.com\/#organization","name":"Direct Healthcare Group","url":"https:\/\/www.directhealthcaregroup.com\/","logo":{"@type":"ImageObject","inLanguage":"da-DK","@id":"https:\/\/www.directhealthcaregroup.com\/#\/schema\/logo\/image\/","url":"https:\/\/directhealthcaregroup.com\/app\/uploads\/dhg-logo.png","contentUrl":"https:\/\/directhealthcaregroup.com\/app\/uploads\/dhg-logo.png","width":556,"height":240,"caption":"Direct Healthcare Group"},"image":{"@id":"https:\/\/www.directhealthcaregroup.com\/#\/schema\/logo\/image\/"}}]}},"_links":{"self":[{"href":"https:\/\/www.directhealthcaregroup.com\/da\/wp-json\/wp\/v2\/pages\/179785","targetHints":{"allow":["GET"]}}],"collection":[{"href":"https:\/\/www.directhealthcaregroup.com\/da\/wp-json\/wp\/v2\/pages"}],"about":[{"href":"https:\/\/www.directhealthcaregroup.com\/da\/wp-json\/wp\/v2\/types\/page"}],"author":[{"embeddable":true,"href":"https:\/\/www.directhealthcaregroup.com\/da\/wp-json\/wp\/v2\/users\/40"}],"replies":[{"embeddable":true,"href":"https:\/\/www.directhealthcaregroup.com\/da\/wp-json\/wp\/v2\/comments?post=179785"}],"version-history":[{"count":3,"href":"https:\/\/www.directhealthcaregroup.com\/da\/wp-json\/wp\/v2\/pages\/179785\/revisions"}],"predecessor-version":[{"id":183657,"href":"https:\/\/www.directhealthcaregroup.com\/da\/wp-json\/wp\/v2\/pages\/179785\/revisions\/183657"}],"up":[{"embeddable":true,"href":"https:\/\/www.directhealthcaregroup.com\/da\/wp-json\/wp\/v2\/pages\/174696"}],"wp:featuredmedia":[{"embeddable":true,"href":"https:\/\/www.directhealthcaregroup.com\/da\/wp-json\/wp\/v2\/media\/179786"}],"wp:attachment":[{"href":"https:\/\/www.directhealthcaregroup.com\/da\/wp-json\/wp\/v2\/media?parent=179785"}],"curies":[{"name":"wp","href":"https:\/\/api.w.org\/{rel}","templated":true}]}}