{"id":179811,"date":"2023-04-19T13:44:14","date_gmt":"2023-04-19T12:44:14","guid":{"rendered":"https:\/\/www.directhealthcaregroup.com\/?page_id=179811"},"modified":"2023-05-16T20:02:24","modified_gmt":"2023-05-16T19:02:24","slug":"179811-2","status":"publish","type":"page","link":"https:\/\/www.directhealthcaregroup.com\/da\/viden-og-evidens\/179811-2\/","title":{"rendered":"Hvad er fedme og bariatri?"},"content":{"rendered":"\n<h1 class=\"wp-block-heading\"><\/h1>\n\n\n\n<p>Antallet af sv\u00e6rt overv\u00e6gtige vokser, og der kommer flere bariatriske patienter og borgere p\u00e5 vores plejehjem og sygehuse. N\u00e5r vi snakker om disse borgere, bliver mange begreber brugt. Men hvad betyder de egentligt?<\/p>\n\n\n\n<p>5. februar 2019<\/p>\n\n\n\n<p>Af: Ergoterapeut, Pia Beck<\/p>\n\n\n\n<p>I forbindelse med min undervisning i bariatri, oplever jeg j\u00e6vnligt, at deltagerne omtaler denne gruppe borgere p\u00e5 mange forskellige m\u00e5der. Nogle anvender de faglige begreber som f.eks. \u201dPatienten p\u00e5 aflastningsstuen er overv\u00e6gtig, ja faktisk sv\u00e6rt overv\u00e6gtig\u201d, eller \u201dDer er to bariatriske borgere p\u00e5 min rute.\u201d<\/p>\n\n\n\n<p>Andre har ikke taget de faglige begreber til sig endnu, og kan komme til at bruge neds\u00e6ttende begreber. Det skyldes, set med mine \u00f8jne, en usikkerhed om, hvad begreberne betyder.<\/p>\n\n\n\n<p>Usikkerhed om begreberne, og manglende forst\u00e5elsen for, hvordan det kan komme s\u00e5 vidt, kan ogs\u00e5 f\u00f8re til en vis ber\u00f8ringsangst og etiske dilemmaer blandt personalet. Derfor er det vigtigt at f\u00e5 begreberne p\u00e5 plads!<br><\/p>\n\n\n\n<h2 class=\"wp-block-heading\"><strong>Body mass index, er det nok?<\/strong><\/h2>\n\n\n\n<p>Til at klassificere, i hvilken grad et menneske er overv\u00e6gtigt eller fed, anvendes som udgangspunkt kropsmasseindeks forkortet BMI (body mass index).<\/p>\n\n\n\n<p>BMI udregnes p\u00e5 baggrund af det enkelte individs h\u00f8jde og v\u00e6gt, hvor f\u00f8lgende formel anvendes: BMI = kropsv\u00e6gten i kg\/ (h\u00f8jden i meter)<sup>2<\/sup>.<\/p>\n\n\n\n<p>Det er dog vigtigt at v\u00e6re opm\u00e6rksom p\u00e5, at BMI ikke giver et nuanceret billede af virkeligheden. Afvigelser fra en normal v\u00e6gt skyldes ikke n\u00f8dvendigvis en \u00e6ndring af legemets indhold af fedt, men kan ogs\u00e5 skyldes \u00e6ndringer af muskelmassen og v\u00e6skeindholdet.<\/p>\n\n\n\n<p>S\u00e5ledes kan en gravid kvinde, en muskul\u00f8s bodybuilder eller en person med v\u00e6skeansamling i kroppen fejlagtigt blive klassificeret som fed ved brug af BMI.<\/p>\n\n\n\n<p>Denne usikkerhed g\u00f8r, at man i stigende grad foretr\u00e6kker at anvende forholdet mellem taljem\u00e5l og hoftem\u00e5l som indikator for, om overv\u00e6gten er helbredstruende hos det enkelte menneske.<\/p>\n\n\n\n<p>Ved at anvende disse m\u00e5l, er det ogs\u00e5 muligt at afsl\u00f8re, om mennesker med et BMI-tal som normalv\u00e6gtige i virkeligheden er overv\u00e6gtige. F.eks. kan et menneske med \u00e6bleform, hvor al fedtet sidder lige p\u00e5 maven, kan godt have en normal BMI, selvom de har meget af det farlige fedt omkring maven.<\/p>\n\n\n\n<figure class=\"wp-block-image size-large\"><img loading=\"lazy\" decoding=\"async\" width=\"911\" height=\"185\" src=\"https:\/\/www.directhealthcaregroup.com\/app\/uploads\/Skaermbillede-2023-04-19-144133.png\" alt=\"\" class=\"wp-image-179823\" srcset=\"https:\/\/www.directhealthcaregroup.com\/app\/uploads\/Skaermbillede-2023-04-19-144133.png 911w, https:\/\/www.directhealthcaregroup.com\/app\/uploads\/Skaermbillede-2023-04-19-144133-300x61.png 300w, https:\/\/www.directhealthcaregroup.com\/app\/uploads\/Skaermbillede-2023-04-19-144133-768x156.png 768w, https:\/\/www.directhealthcaregroup.com\/app\/uploads\/Skaermbillede-2023-04-19-144133-320x65.png 320w, https:\/\/www.directhealthcaregroup.com\/app\/uploads\/Skaermbillede-2023-04-19-144133-800x162.png 800w\" sizes=\"auto, (max-width: 911px) 100vw, 911px\" \/><\/figure>\n\n\n\n<h2 class=\"wp-block-heading\"><strong>Hvad er fedme?<\/strong><\/h2>\n\n\n\n<p>Sundhedsstyrelsen definerer fedme som en tilstand, hvor m\u00e6ngden af fedt i kroppen er for\u00f8get i en s\u00e5dan grad, at det f\u00e5r helbredsm\u00e6ssige konsekvenser. D\u00e5rlig kondition, \u00e5nden\u00f8d, forh\u00f8jet blodtryk, slidgigt, hjertekar sygdomme og flere andre komplikationer er ofte forbundet med fedme.<\/p>\n\n\n\n<p>Fedme er vel nok det mest kendte ord, for mennesker med store m\u00e6ngder fedt i deres krop. Men begrebet fedme, eller det at v\u00e6re fed, har gennem \u00e5rene f\u00e5et en negativ konnotation, hvorfor ord som plus size, stor, adip\u00f8s, eller overv\u00e6gtig bliver brugt i et stadigt st\u00f8rre omfang i daglig tale.<\/p>\n\n\n\n<p>Dette store register af ord for den samme betegnelse, mener jeg kan medvirke til uhensigtsm\u00e6ssige forl\u00f8b i pleje og omsorgen af denne gruppe mennesker, fordi det er uklart pr\u00e6cist hvad betegnelser som \u2019plus size\u2019 d\u00e6kker over, og hvilken opgave det egentlig er man skal ind til.<\/p>\n\n\n\n<p>Jeg mener derfor, det m\u00e5 v\u00e6re \u00f8nskeligt, at begrebet bariatri bliver fuldt ud implementeret og integreret i sprogbruget om mennesker, der ud fra sundhedsstyrelsens definition, kategoriseres som fede.<br><\/p>\n\n\n\n<p><br><strong>L\u00e6s ogs\u00e5:<\/strong>&nbsp;<a href=\"https:\/\/www.directhealthcaregroup.com\/da\/viden-og-evidens\/176433-2\/\" target=\"_blank\" rel=\"noreferrer noopener\">Sikker forflytning af bariatriske personer<\/a><\/p>\n\n\n\n<h2 class=\"wp-block-heading\"><strong>Hvad betyder bariatri?<\/strong><\/h2>\n\n\n\n<p>Begrebet bariatri blev for f\u00f8rste gang introduceret i Danmark i 2005. Bariatri eller bariatrisk er en mere pr\u00e6cis og neutral betegnelse, der kan rumme de mange fysiske, psykiske, sociale og praktiske aspekter relateret til fede mennesker.<\/p>\n\n\n\n<p>Bariatri er den gr\u00e6ske betegnelse for tyngde, og er den samlede betegnelse for det medicinske omr\u00e5de, der besk\u00e6ftiger sig med \u00e5rsager til, samt forebyggelse og behandling af sv\u00e6r overv\u00e6gt. En bariatrisk borger eller patient har en BMI st\u00f8rre end 35, med fedme relaterede sygdomme, som f.eks. hjerte-kar-sygdomme, diabetes og slidgigt.<\/p>\n\n\n\n<p>Min overbevisning er, at dette lidt nyere begreb er det bedst d\u00e6kkende og mest neutrale ord at bruge, n\u00e5r man omtaler borgere eller patienter, der er sv\u00e6rt overv\u00e6gtige eller fede.<\/p>\n","protected":false},"excerpt":{"rendered":"<p>Antallet af sv\u00e6rt overv\u00e6gtige vokser, og der kommer flere bariatriske patienter og borgere p\u00e5 vores plejehjem og sygehuse. N\u00e5r vi snakker om disse borgere, bliver mange begreber brugt. Men hvad betyder de egentligt? 5. februar 2019 Af: Ergoterapeut, Pia Beck I forbindelse med min undervisning i bariatri, oplever jeg j\u00e6vnligt, at deltagerne omtaler denne gruppe &hellip; <a href=\"https:\/\/www.directhealthcaregroup.com\/da\/viden-og-evidens\/179811-2\/\">Continued<\/a><\/p>\n","protected":false},"author":40,"featured_media":179812,"parent":174696,"menu_order":63,"comment_status":"closed","ping_status":"closed","template":"","meta":{"_acf_changed":false,"footnotes":""},"class_list":["post-179811","page","type-page","status-publish","has-post-thumbnail","hentry"],"acf":[],"yoast_head":"<!-- This site is optimized with the Yoast SEO plugin v27.4 - https:\/\/yoast.com\/product\/yoast-seo-wordpress\/ -->\n<title>Hvad er fedme og bariatri? | DHG<\/title>\n<meta name=\"robots\" content=\"index, follow, max-snippet:-1, max-image-preview:large, max-video-preview:-1\" \/>\n<link rel=\"canonical\" href=\"https:\/\/www.directhealthcaregroup.com\/da\/viden-og-evidens\/179811-2\/\" \/>\n<meta property=\"og:locale\" content=\"da_DK\" \/>\n<meta property=\"og:type\" content=\"article\" \/>\n<meta property=\"og:title\" content=\"Hvad er fedme og bariatri? | DHG\" \/>\n<meta property=\"og:description\" content=\"Antallet af sv\u00e6rt overv\u00e6gtige vokser, og der kommer flere bariatriske patienter og borgere p\u00e5 vores plejehjem og sygehuse. N\u00e5r vi snakker om disse borgere, bliver mange begreber brugt. Men hvad betyder de egentligt? 5. februar 2019 Af: Ergoterapeut, Pia Beck I forbindelse med min undervisning i bariatri, oplever jeg j\u00e6vnligt, at deltagerne omtaler denne gruppe &hellip; Continued\" \/>\n<meta property=\"og:url\" content=\"https:\/\/www.directhealthcaregroup.com\/da\/viden-og-evidens\/179811-2\/\" \/>\n<meta property=\"og:site_name\" content=\"DHG\" \/>\n<meta property=\"article:modified_time\" content=\"2023-05-16T19:02:24+00:00\" \/>\n<meta property=\"og:image\" content=\"https:\/\/www.directhealthcaregroup.com\/app\/uploads\/hvad-er-fedme-og-bariatri-tb.jpg\" \/>\n\t<meta property=\"og:image:width\" content=\"500\" \/>\n\t<meta property=\"og:image:height\" content=\"125\" \/>\n\t<meta property=\"og:image:type\" content=\"image\/jpeg\" \/>\n<meta name=\"twitter:card\" content=\"summary_large_image\" \/>\n<meta name=\"twitter:label1\" content=\"Est. reading time\" \/>\n\t<meta name=\"twitter:data1\" content=\"4 minutes\" \/>\n<script type=\"application\/ld+json\" class=\"yoast-schema-graph\">{\"@context\":\"https:\\\/\\\/schema.org\",\"@graph\":[{\"@type\":\"WebPage\",\"@id\":\"https:\\\/\\\/www.directhealthcaregroup.com\\\/da\\\/viden-og-evidens\\\/179811-2\\\/\",\"url\":\"https:\\\/\\\/www.directhealthcaregroup.com\\\/da\\\/viden-og-evidens\\\/179811-2\\\/\",\"name\":\"Hvad er fedme og bariatri? | DHG\",\"isPartOf\":{\"@id\":\"https:\\\/\\\/www.directhealthcaregroup.com\\\/#website\"},\"primaryImageOfPage\":{\"@id\":\"https:\\\/\\\/www.directhealthcaregroup.com\\\/da\\\/viden-og-evidens\\\/179811-2\\\/#primaryimage\"},\"image\":{\"@id\":\"https:\\\/\\\/www.directhealthcaregroup.com\\\/da\\\/viden-og-evidens\\\/179811-2\\\/#primaryimage\"},\"thumbnailUrl\":\"https:\\\/\\\/www.directhealthcaregroup.com\\\/app\\\/uploads\\\/hvad-er-fedme-og-bariatri-tb.jpg\",\"datePublished\":\"2023-04-19T12:44:14+00:00\",\"dateModified\":\"2023-05-16T19:02:24+00:00\",\"breadcrumb\":{\"@id\":\"https:\\\/\\\/www.directhealthcaregroup.com\\\/da\\\/viden-og-evidens\\\/179811-2\\\/#breadcrumb\"},\"inLanguage\":\"da-DK\",\"potentialAction\":[{\"@type\":\"ReadAction\",\"target\":[\"https:\\\/\\\/www.directhealthcaregroup.com\\\/da\\\/viden-og-evidens\\\/179811-2\\\/\"]}]},{\"@type\":\"ImageObject\",\"inLanguage\":\"da-DK\",\"@id\":\"https:\\\/\\\/www.directhealthcaregroup.com\\\/da\\\/viden-og-evidens\\\/179811-2\\\/#primaryimage\",\"url\":\"https:\\\/\\\/www.directhealthcaregroup.com\\\/app\\\/uploads\\\/hvad-er-fedme-og-bariatri-tb.jpg\",\"contentUrl\":\"https:\\\/\\\/www.directhealthcaregroup.com\\\/app\\\/uploads\\\/hvad-er-fedme-og-bariatri-tb.jpg\",\"width\":500,\"height\":125},{\"@type\":\"BreadcrumbList\",\"@id\":\"https:\\\/\\\/www.directhealthcaregroup.com\\\/da\\\/viden-og-evidens\\\/179811-2\\\/#breadcrumb\",\"itemListElement\":[{\"@type\":\"ListItem\",\"position\":1,\"name\":\"Home\",\"item\":\"https:\\\/\\\/www.directhealthcaregroup.com\\\/da\\\/\"},{\"@type\":\"ListItem\",\"position\":2,\"name\":\"VIDEN OG EVIDENS\",\"item\":\"https:\\\/\\\/www.directhealthcaregroup.com\\\/da\\\/viden-og-evidens\\\/\"},{\"@type\":\"ListItem\",\"position\":3,\"name\":\"Hvad er fedme og bariatri?\"}]},{\"@type\":\"WebSite\",\"@id\":\"https:\\\/\\\/www.directhealthcaregroup.com\\\/#website\",\"url\":\"https:\\\/\\\/www.directhealthcaregroup.com\\\/\",\"name\":\"DHG\",\"description\":\"Moving Health Forward\",\"publisher\":{\"@id\":\"https:\\\/\\\/www.directhealthcaregroup.com\\\/#organization\"},\"potentialAction\":[{\"@type\":\"SearchAction\",\"target\":{\"@type\":\"EntryPoint\",\"urlTemplate\":\"https:\\\/\\\/www.directhealthcaregroup.com\\\/?s={search_term_string}\"},\"query-input\":{\"@type\":\"PropertyValueSpecification\",\"valueRequired\":true,\"valueName\":\"search_term_string\"}}],\"inLanguage\":\"da-DK\"},{\"@type\":\"Organization\",\"@id\":\"https:\\\/\\\/www.directhealthcaregroup.com\\\/#organization\",\"name\":\"Direct Healthcare Group\",\"url\":\"https:\\\/\\\/www.directhealthcaregroup.com\\\/\",\"logo\":{\"@type\":\"ImageObject\",\"inLanguage\":\"da-DK\",\"@id\":\"https:\\\/\\\/www.directhealthcaregroup.com\\\/#\\\/schema\\\/logo\\\/image\\\/\",\"url\":\"https:\\\/\\\/directhealthcaregroup.com\\\/app\\\/uploads\\\/dhg-logo.png\",\"contentUrl\":\"https:\\\/\\\/directhealthcaregroup.com\\\/app\\\/uploads\\\/dhg-logo.png\",\"width\":556,\"height\":240,\"caption\":\"Direct Healthcare Group\"},\"image\":{\"@id\":\"https:\\\/\\\/www.directhealthcaregroup.com\\\/#\\\/schema\\\/logo\\\/image\\\/\"}}]}<\/script>\n<!-- \/ Yoast SEO plugin. -->","yoast_head_json":{"title":"Hvad er fedme og bariatri? | DHG","robots":{"index":"index","follow":"follow","max-snippet":"max-snippet:-1","max-image-preview":"max-image-preview:large","max-video-preview":"max-video-preview:-1"},"canonical":"https:\/\/www.directhealthcaregroup.com\/da\/viden-og-evidens\/179811-2\/","og_locale":"da_DK","og_type":"article","og_title":"Hvad er fedme og bariatri? | DHG","og_description":"Antallet af sv\u00e6rt overv\u00e6gtige vokser, og der kommer flere bariatriske patienter og borgere p\u00e5 vores plejehjem og sygehuse. N\u00e5r vi snakker om disse borgere, bliver mange begreber brugt. Men hvad betyder de egentligt? 5. februar 2019 Af: Ergoterapeut, Pia Beck I forbindelse med min undervisning i bariatri, oplever jeg j\u00e6vnligt, at deltagerne omtaler denne gruppe &hellip; Continued","og_url":"https:\/\/www.directhealthcaregroup.com\/da\/viden-og-evidens\/179811-2\/","og_site_name":"DHG","article_modified_time":"2023-05-16T19:02:24+00:00","og_image":[{"width":500,"height":125,"url":"https:\/\/www.directhealthcaregroup.com\/app\/uploads\/hvad-er-fedme-og-bariatri-tb.jpg","type":"image\/jpeg"}],"twitter_card":"summary_large_image","twitter_misc":{"Est. reading time":"4 minutes"},"schema":{"@context":"https:\/\/schema.org","@graph":[{"@type":"WebPage","@id":"https:\/\/www.directhealthcaregroup.com\/da\/viden-og-evidens\/179811-2\/","url":"https:\/\/www.directhealthcaregroup.com\/da\/viden-og-evidens\/179811-2\/","name":"Hvad er fedme og bariatri? | DHG","isPartOf":{"@id":"https:\/\/www.directhealthcaregroup.com\/#website"},"primaryImageOfPage":{"@id":"https:\/\/www.directhealthcaregroup.com\/da\/viden-og-evidens\/179811-2\/#primaryimage"},"image":{"@id":"https:\/\/www.directhealthcaregroup.com\/da\/viden-og-evidens\/179811-2\/#primaryimage"},"thumbnailUrl":"https:\/\/www.directhealthcaregroup.com\/app\/uploads\/hvad-er-fedme-og-bariatri-tb.jpg","datePublished":"2023-04-19T12:44:14+00:00","dateModified":"2023-05-16T19:02:24+00:00","breadcrumb":{"@id":"https:\/\/www.directhealthcaregroup.com\/da\/viden-og-evidens\/179811-2\/#breadcrumb"},"inLanguage":"da-DK","potentialAction":[{"@type":"ReadAction","target":["https:\/\/www.directhealthcaregroup.com\/da\/viden-og-evidens\/179811-2\/"]}]},{"@type":"ImageObject","inLanguage":"da-DK","@id":"https:\/\/www.directhealthcaregroup.com\/da\/viden-og-evidens\/179811-2\/#primaryimage","url":"https:\/\/www.directhealthcaregroup.com\/app\/uploads\/hvad-er-fedme-og-bariatri-tb.jpg","contentUrl":"https:\/\/www.directhealthcaregroup.com\/app\/uploads\/hvad-er-fedme-og-bariatri-tb.jpg","width":500,"height":125},{"@type":"BreadcrumbList","@id":"https:\/\/www.directhealthcaregroup.com\/da\/viden-og-evidens\/179811-2\/#breadcrumb","itemListElement":[{"@type":"ListItem","position":1,"name":"Home","item":"https:\/\/www.directhealthcaregroup.com\/da\/"},{"@type":"ListItem","position":2,"name":"VIDEN OG EVIDENS","item":"https:\/\/www.directhealthcaregroup.com\/da\/viden-og-evidens\/"},{"@type":"ListItem","position":3,"name":"Hvad er fedme og bariatri?"}]},{"@type":"WebSite","@id":"https:\/\/www.directhealthcaregroup.com\/#website","url":"https:\/\/www.directhealthcaregroup.com\/","name":"DHG","description":"Moving Health Forward","publisher":{"@id":"https:\/\/www.directhealthcaregroup.com\/#organization"},"potentialAction":[{"@type":"SearchAction","target":{"@type":"EntryPoint","urlTemplate":"https:\/\/www.directhealthcaregroup.com\/?s={search_term_string}"},"query-input":{"@type":"PropertyValueSpecification","valueRequired":true,"valueName":"search_term_string"}}],"inLanguage":"da-DK"},{"@type":"Organization","@id":"https:\/\/www.directhealthcaregroup.com\/#organization","name":"Direct Healthcare Group","url":"https:\/\/www.directhealthcaregroup.com\/","logo":{"@type":"ImageObject","inLanguage":"da-DK","@id":"https:\/\/www.directhealthcaregroup.com\/#\/schema\/logo\/image\/","url":"https:\/\/directhealthcaregroup.com\/app\/uploads\/dhg-logo.png","contentUrl":"https:\/\/directhealthcaregroup.com\/app\/uploads\/dhg-logo.png","width":556,"height":240,"caption":"Direct Healthcare Group"},"image":{"@id":"https:\/\/www.directhealthcaregroup.com\/#\/schema\/logo\/image\/"}}]}},"_links":{"self":[{"href":"https:\/\/www.directhealthcaregroup.com\/da\/wp-json\/wp\/v2\/pages\/179811","targetHints":{"allow":["GET"]}}],"collection":[{"href":"https:\/\/www.directhealthcaregroup.com\/da\/wp-json\/wp\/v2\/pages"}],"about":[{"href":"https:\/\/www.directhealthcaregroup.com\/da\/wp-json\/wp\/v2\/types\/page"}],"author":[{"embeddable":true,"href":"https:\/\/www.directhealthcaregroup.com\/da\/wp-json\/wp\/v2\/users\/40"}],"replies":[{"embeddable":true,"href":"https:\/\/www.directhealthcaregroup.com\/da\/wp-json\/wp\/v2\/comments?post=179811"}],"version-history":[{"count":3,"href":"https:\/\/www.directhealthcaregroup.com\/da\/wp-json\/wp\/v2\/pages\/179811\/revisions"}],"predecessor-version":[{"id":183658,"href":"https:\/\/www.directhealthcaregroup.com\/da\/wp-json\/wp\/v2\/pages\/179811\/revisions\/183658"}],"up":[{"embeddable":true,"href":"https:\/\/www.directhealthcaregroup.com\/da\/wp-json\/wp\/v2\/pages\/174696"}],"wp:featuredmedia":[{"embeddable":true,"href":"https:\/\/www.directhealthcaregroup.com\/da\/wp-json\/wp\/v2\/media\/179812"}],"wp:attachment":[{"href":"https:\/\/www.directhealthcaregroup.com\/da\/wp-json\/wp\/v2\/media?parent=179811"}],"curies":[{"name":"wp","href":"https:\/\/api.w.org\/{rel}","templated":true}]}}