{"id":179873,"date":"2023-04-19T14:13:32","date_gmt":"2023-04-19T13:13:32","guid":{"rendered":"https:\/\/www.directhealthcaregroup.com\/?page_id=179873"},"modified":"2023-05-16T20:03:25","modified_gmt":"2023-05-16T19:03:25","slug":"179873-2","status":"publish","type":"page","link":"https:\/\/www.directhealthcaregroup.com\/da\/viden-og-evidens\/179873-2\/","title":{"rendered":"Hvor er v\u00e6rdigheden ved sengepleje?"},"content":{"rendered":"\n<h1 class=\"wp-block-heading\"><\/h1>\n\n\n\n<p>Du kender det nok. En gnavende samvittighed og uro breder sig i kroppen. Du og din kollega skal ind og forflytte en borger, der altid r\u00e5ber av, av, av eller m\u00e5ske sl\u00e5r ud med armene, n\u00e5r I skal vende ham eller hende. Lave normeringer og nedsk\u00e6ringer betyder, at der ikke er tid til at forbedre situationen, for I l\u00f8ber allerede st\u00e6rkt. Det er en situation, der bare skal overst\u00e5s, men du ville \u00f8nske det ikke var s\u00e5dan, og at du kunne give borgeren den omsorg, du br\u00e6nder for.<\/p>\n\n\n\n<p>5. marts 2019<\/p>\n\n\n\n<p>Af: Ergoterapeut, Pia Beck<\/p>\n\n\n\n<p>D\u00e9t er situationen hos mange borgere i en tid, hvor v\u00e6rdighed ellers er et n\u00f8gleord mange steder. Men er det v\u00e6rdigt for borger og personale?<br><\/p>\n\n\n\n<h2 class=\"wp-block-heading\"><strong>Forflytning er utrygt for borgeren<\/strong><\/h2>\n\n\n\n<p>Hvor vi f\u00f8r snakkede om l\u00f8fteteknik, snakker vi i dag om forflytningsteknik. Det betyder, at vi ikke l\u00e6ngere l\u00f8fter borgeren, men at vi nu tr\u00e6kker og skubber, n\u00e5r vi skal foretage en vending eller forflytning. Det g\u00f8r vi, fordi tr\u00e6k og skub menes at v\u00e6re mere sk\u00e5nsomt for b\u00e5de borger og personale.<\/p>\n\n\n\n<p>Men forflytning med glidestykker, hvor borgerne bliver hevet og skubbet, n\u00e5r de m\u00e5ske i forvejen er plaget af smerter eller er kognitivt udfordret, kan v\u00e6re rigtigt ubehageligt. Hertil kommer, at borgeren kan m\u00e6rke, hvordan personalet m\u00e5 anstrenge sig for at h\u00e5ndtere dem, eller at borgeren oplever at blive talt henover hovedet.<\/p>\n\n\n\n<p>For mange borgere kan det v\u00e6re sv\u00e6rt at udtrykke utilfredshed eller smerter ved plejen. Har borgeren intet sprog, kan det resultere i, at de r\u00e5ber op eller er udadreagerende. Det er ikke v\u00e6rdigt for borgeren, og har ikke mindst en negativ effekt p\u00e5 personalets psykiske arbejdsmilj\u00f8.<br><\/p>\n\n\n\n<h2 class=\"wp-block-heading\"><strong>En mere sk\u00e5nsom forflytning<\/strong><\/h2>\n\n\n\n<p>Selvom den manuelle h\u00e5ndtering er h\u00e5rd for borgeren, er det alt for ofte f\u00f8rst, n\u00e5r arbejdet med borgeren bliver meget tungt for personalet, at implementering af et elektronisk vendesystem kommer p\u00e5 tale. Men rigtigt mange borgergrupper ville drage nytte af at f\u00e5 et elektronisk vendesystem langt f\u00f8r. Flere unders\u00f8gelser har nemlig vist, at mekanisk forflytningen er mere sk\u00e5nsom, har en beroligende effekt p\u00e5 udadreagerende borgere og skaber en bedre kontakt mellem borger og personale. D\u00e9t bakkes nu op af en&nbsp;<a href=\"https:\/\/www.directhealthcaregroup.com\/app\/uploads\/evaluering-af-elektroniske-vendesystemer-2018-1.pdf\" target=\"_blank\" rel=\"noreferrer noopener\">national evaluering af elektroniske vendesystemer<\/a>, der er foretaget af Teknologisk Institut.<\/p>\n\n\n\n<p>Evaluering viser, at brugen af elektroniske vendelagner har store fordele for borgerens fysiske og psykiske velbefindende ved forflytning. Ved anvendelse af&nbsp;<a href=\"https:\/\/www.directhealthcaregroup.com\/da\/product-type\/vendlet\/\" target=\"_blank\" rel=\"noreferrer noopener\">VENDLET&nbsp;<\/a>oplevede ingen borgere at have smerter ved forflytningen og borgere, der f\u00f8r r\u00e5bte og gjorde modstand ved vendinger, var nu rolige.<\/p>\n\n\n\n<p>Med den mekaniske forflytning oplever borgeren nemlig, at de ikke bliver hevet og trukket i, som de g\u00f8r ved manuel forflytning, fordi hele borgerens krop underst\u00f8ttes af lagnet. Det er mere behageligt p\u00e5 huden, og projektet fra Teknologisk Institut viste da ogs\u00e5, at elektroniske vendesystemer kan reducere shear og friktion. Vendesystemet kan derfor forebygge forekomsten af tryks\u00e5r, hvilket&nbsp;<a href=\"https:\/\/www.directhealthcaregroup.com\/da\/viden-og-evidens\/178593-2\/\" target=\"_blank\" rel=\"noreferrer noopener\">et tidligere studie<\/a>&nbsp;ogs\u00e5 konkluderer. P\u00e5 den m\u00e5de er systemet mere sk\u00e5nsomt, men har ogs\u00e5 betydelige fordele for borgerens livskvalitet.<\/p>\n\n\n\n<figure class=\"wp-block-embed-youtube wp-block-embed is-type-video is-provider-youtube wp-embed-aspect-16-9 wp-has-aspect-ratio\"><div class=\"wp-block-embed__wrapper\">\n<iframe loading=\"lazy\" title=\"Forflytningsvejleder og SSA Vi skal holde i mange \u00e5r\" width=\"500\" height=\"281\" src=\"https:\/\/www.youtube.com\/embed\/Fmm0qswlK_c?feature=oembed\" frameborder=\"0\" allow=\"accelerometer; autoplay; clipboard-write; encrypted-media; gyroscope; picture-in-picture; web-share\" referrerpolicy=\"strict-origin-when-cross-origin\" allowfullscreen><\/iframe>\n<\/div><\/figure>\n\n\n\n<h2 class=\"wp-block-heading\"><strong>Flere gode dage<\/strong><\/h2>\n\n\n\n<p>For de borgere, der deltog i projektet, bet\u00f8d det elektroniske vendesystem, at de var mere rolige og trygge ved forflytningen. Unders\u00f8gelsen viste nemlig, at de borgere der typisk r\u00e5bte op eller var udadreagerende ved sengepleje, var mere rolige. En borger var endda begyndt at grine fremfor at skrige, n\u00e5r hun blev forflyttet.<\/p>\n\n\n\n<p>Denne beroligende effekt bet\u00f8d ogs\u00e5, at borgerne havde flere gode dage, hvor de var i bedre hum\u00f8r, hvilket ogs\u00e5 havde positive konsekvenser for interaktionen mellem borger og personale. Hele 91 % af borgerne, der deltog i unders\u00f8gelsen, oplevede nemlig at have en bedre kommunikation med personalet.<\/p>\n\n\n\n<p>Foruden den beroligende effekt, g\u00f8r systemet det ogs\u00e5 muligt at g\u00e5 fra 2 til 1 medarbejder. Det betyder, at personalet ikke kommer til at snakke henover hovedet p\u00e5 borgeren, og at borgerne f\u00f8lte sig mere inddraget i forflytningen.<br><\/p>\n\n\n\n<h2 class=\"wp-block-heading\"><strong>V\u00e6rdigheden tilbage<\/strong><\/h2>\n\n\n\n<p>Foruden den beroligende effekt, f\u00e6rre smerter og reduceret risiko for tryks\u00e5r, havde vendesystemet ogs\u00e5 positive effekter p\u00e5 borgernes oplevede plejekvalitet og livskvalitet. 100 % af borgerne, der deltog i projektet, var tilfredse med den personlige pleje i sengen (en stigning p\u00e5 75 procentpoint) og 91 % oplevede at have en god livskvalitet ved sengepleje (en stigning p\u00e5 47 procentpoint).<\/p>\n\n\n\n<p>Men ogs\u00e5 personalet oplevede et betydeligt bedre arbejdsmilj\u00f8 med reduceret risiko for arbejdsskader.<\/p>\n\n\n\n<p>Det betyder, at den mekaniske forflytning overordnet set er mere v\u00e6rdig for begge parter; borgeren h\u00e5ndteres p\u00e5 en sk\u00e5nsom og v\u00e6rdig m\u00e5de med fokus p\u00e5 omsorg og relationsskabende ber\u00f8ringer, imens personalet ikke overbelastes hverken fysisk eller psykisk.<\/p>\n\n\n\n<p>Evalueringen fra Teknologisk Institut anbefaler, at der skabes en ensartet metodik i identificeringen af borgere, som er i m\u00e5lgruppen ved f.eks. at h\u00e6nge nedenst\u00e5ende skema op i personalerummet:<\/p>\n\n\n\n<figure class=\"wp-block-image size-large\"><img loading=\"lazy\" decoding=\"async\" width=\"905\" height=\"297\" src=\"https:\/\/www.directhealthcaregroup.com\/app\/uploads\/Skaermbillede-2023-04-19-151215.png\" alt=\"\" class=\"wp-image-179885\" srcset=\"https:\/\/www.directhealthcaregroup.com\/app\/uploads\/Skaermbillede-2023-04-19-151215.png 905w, https:\/\/www.directhealthcaregroup.com\/app\/uploads\/Skaermbillede-2023-04-19-151215-300x98.png 300w, https:\/\/www.directhealthcaregroup.com\/app\/uploads\/Skaermbillede-2023-04-19-151215-768x252.png 768w, https:\/\/www.directhealthcaregroup.com\/app\/uploads\/Skaermbillede-2023-04-19-151215-320x105.png 320w, https:\/\/www.directhealthcaregroup.com\/app\/uploads\/Skaermbillede-2023-04-19-151215-800x263.png 800w\" sizes=\"auto, (max-width: 905px) 100vw, 905px\" \/><\/figure>\n","protected":false},"excerpt":{"rendered":"<p>Du kender det nok. En gnavende samvittighed og uro breder sig i kroppen. Du og din kollega skal ind og forflytte en borger, der altid r\u00e5ber av, av, av eller m\u00e5ske sl\u00e5r ud med armene, n\u00e5r I skal vende ham eller hende. Lave normeringer og nedsk\u00e6ringer betyder, at der ikke er tid til at forbedre &hellip; <a href=\"https:\/\/www.directhealthcaregroup.com\/da\/viden-og-evidens\/179873-2\/\">Continued<\/a><\/p>\n","protected":false},"author":40,"featured_media":179874,"parent":174696,"menu_order":64,"comment_status":"closed","ping_status":"closed","template":"","meta":{"_acf_changed":false,"footnotes":""},"class_list":["post-179873","page","type-page","status-publish","has-post-thumbnail","hentry"],"acf":[],"yoast_head":"<!-- This site is optimized with the Yoast SEO plugin v27.4 - https:\/\/yoast.com\/product\/yoast-seo-wordpress\/ -->\n<title>Hvor er v\u00e6rdigheden ved sengepleje? | DHG<\/title>\n<meta name=\"robots\" content=\"index, follow, max-snippet:-1, max-image-preview:large, max-video-preview:-1\" \/>\n<link rel=\"canonical\" href=\"https:\/\/www.directhealthcaregroup.com\/da\/viden-og-evidens\/179873-2\/\" \/>\n<meta property=\"og:locale\" content=\"da_DK\" \/>\n<meta property=\"og:type\" content=\"article\" \/>\n<meta property=\"og:title\" content=\"Hvor er v\u00e6rdigheden ved sengepleje? | DHG\" \/>\n<meta property=\"og:description\" content=\"Du kender det nok. En gnavende samvittighed og uro breder sig i kroppen. Du og din kollega skal ind og forflytte en borger, der altid r\u00e5ber av, av, av eller m\u00e5ske sl\u00e5r ud med armene, n\u00e5r I skal vende ham eller hende. Lave normeringer og nedsk\u00e6ringer betyder, at der ikke er tid til at forbedre &hellip; Continued\" \/>\n<meta property=\"og:url\" content=\"https:\/\/www.directhealthcaregroup.com\/da\/viden-og-evidens\/179873-2\/\" \/>\n<meta property=\"og:site_name\" content=\"DHG\" \/>\n<meta property=\"article:modified_time\" content=\"2023-05-16T19:03:25+00:00\" \/>\n<meta property=\"og:image\" content=\"https:\/\/www.directhealthcaregroup.com\/app\/uploads\/hvor-er-vaerdigheden-ved-sengepleje-tb.jpg\" \/>\n\t<meta property=\"og:image:width\" content=\"500\" \/>\n\t<meta property=\"og:image:height\" content=\"125\" \/>\n\t<meta property=\"og:image:type\" content=\"image\/jpeg\" \/>\n<meta name=\"twitter:card\" content=\"summary_large_image\" \/>\n<meta name=\"twitter:label1\" content=\"Est. reading time\" \/>\n\t<meta name=\"twitter:data1\" content=\"4 minutes\" \/>\n<script type=\"application\/ld+json\" class=\"yoast-schema-graph\">{\"@context\":\"https:\\\/\\\/schema.org\",\"@graph\":[{\"@type\":\"WebPage\",\"@id\":\"https:\\\/\\\/www.directhealthcaregroup.com\\\/da\\\/viden-og-evidens\\\/179873-2\\\/\",\"url\":\"https:\\\/\\\/www.directhealthcaregroup.com\\\/da\\\/viden-og-evidens\\\/179873-2\\\/\",\"name\":\"Hvor er v\u00e6rdigheden ved sengepleje? | DHG\",\"isPartOf\":{\"@id\":\"https:\\\/\\\/www.directhealthcaregroup.com\\\/#website\"},\"primaryImageOfPage\":{\"@id\":\"https:\\\/\\\/www.directhealthcaregroup.com\\\/da\\\/viden-og-evidens\\\/179873-2\\\/#primaryimage\"},\"image\":{\"@id\":\"https:\\\/\\\/www.directhealthcaregroup.com\\\/da\\\/viden-og-evidens\\\/179873-2\\\/#primaryimage\"},\"thumbnailUrl\":\"https:\\\/\\\/www.directhealthcaregroup.com\\\/app\\\/uploads\\\/hvor-er-vaerdigheden-ved-sengepleje-tb.jpg\",\"datePublished\":\"2023-04-19T13:13:32+00:00\",\"dateModified\":\"2023-05-16T19:03:25+00:00\",\"breadcrumb\":{\"@id\":\"https:\\\/\\\/www.directhealthcaregroup.com\\\/da\\\/viden-og-evidens\\\/179873-2\\\/#breadcrumb\"},\"inLanguage\":\"da-DK\",\"potentialAction\":[{\"@type\":\"ReadAction\",\"target\":[\"https:\\\/\\\/www.directhealthcaregroup.com\\\/da\\\/viden-og-evidens\\\/179873-2\\\/\"]}]},{\"@type\":\"ImageObject\",\"inLanguage\":\"da-DK\",\"@id\":\"https:\\\/\\\/www.directhealthcaregroup.com\\\/da\\\/viden-og-evidens\\\/179873-2\\\/#primaryimage\",\"url\":\"https:\\\/\\\/www.directhealthcaregroup.com\\\/app\\\/uploads\\\/hvor-er-vaerdigheden-ved-sengepleje-tb.jpg\",\"contentUrl\":\"https:\\\/\\\/www.directhealthcaregroup.com\\\/app\\\/uploads\\\/hvor-er-vaerdigheden-ved-sengepleje-tb.jpg\",\"width\":500,\"height\":125},{\"@type\":\"BreadcrumbList\",\"@id\":\"https:\\\/\\\/www.directhealthcaregroup.com\\\/da\\\/viden-og-evidens\\\/179873-2\\\/#breadcrumb\",\"itemListElement\":[{\"@type\":\"ListItem\",\"position\":1,\"name\":\"Home\",\"item\":\"https:\\\/\\\/www.directhealthcaregroup.com\\\/da\\\/\"},{\"@type\":\"ListItem\",\"position\":2,\"name\":\"VIDEN OG EVIDENS\",\"item\":\"https:\\\/\\\/www.directhealthcaregroup.com\\\/da\\\/viden-og-evidens\\\/\"},{\"@type\":\"ListItem\",\"position\":3,\"name\":\"Hvor er v\u00e6rdigheden ved sengepleje?\"}]},{\"@type\":\"WebSite\",\"@id\":\"https:\\\/\\\/www.directhealthcaregroup.com\\\/#website\",\"url\":\"https:\\\/\\\/www.directhealthcaregroup.com\\\/\",\"name\":\"DHG\",\"description\":\"Moving Health Forward\",\"publisher\":{\"@id\":\"https:\\\/\\\/www.directhealthcaregroup.com\\\/#organization\"},\"potentialAction\":[{\"@type\":\"SearchAction\",\"target\":{\"@type\":\"EntryPoint\",\"urlTemplate\":\"https:\\\/\\\/www.directhealthcaregroup.com\\\/?s={search_term_string}\"},\"query-input\":{\"@type\":\"PropertyValueSpecification\",\"valueRequired\":true,\"valueName\":\"search_term_string\"}}],\"inLanguage\":\"da-DK\"},{\"@type\":\"Organization\",\"@id\":\"https:\\\/\\\/www.directhealthcaregroup.com\\\/#organization\",\"name\":\"Direct Healthcare Group\",\"url\":\"https:\\\/\\\/www.directhealthcaregroup.com\\\/\",\"logo\":{\"@type\":\"ImageObject\",\"inLanguage\":\"da-DK\",\"@id\":\"https:\\\/\\\/www.directhealthcaregroup.com\\\/#\\\/schema\\\/logo\\\/image\\\/\",\"url\":\"https:\\\/\\\/directhealthcaregroup.com\\\/app\\\/uploads\\\/dhg-logo.png\",\"contentUrl\":\"https:\\\/\\\/directhealthcaregroup.com\\\/app\\\/uploads\\\/dhg-logo.png\",\"width\":556,\"height\":240,\"caption\":\"Direct Healthcare Group\"},\"image\":{\"@id\":\"https:\\\/\\\/www.directhealthcaregroup.com\\\/#\\\/schema\\\/logo\\\/image\\\/\"}}]}<\/script>\n<!-- \/ Yoast SEO plugin. -->","yoast_head_json":{"title":"Hvor er v\u00e6rdigheden ved sengepleje? | DHG","robots":{"index":"index","follow":"follow","max-snippet":"max-snippet:-1","max-image-preview":"max-image-preview:large","max-video-preview":"max-video-preview:-1"},"canonical":"https:\/\/www.directhealthcaregroup.com\/da\/viden-og-evidens\/179873-2\/","og_locale":"da_DK","og_type":"article","og_title":"Hvor er v\u00e6rdigheden ved sengepleje? | DHG","og_description":"Du kender det nok. En gnavende samvittighed og uro breder sig i kroppen. Du og din kollega skal ind og forflytte en borger, der altid r\u00e5ber av, av, av eller m\u00e5ske sl\u00e5r ud med armene, n\u00e5r I skal vende ham eller hende. Lave normeringer og nedsk\u00e6ringer betyder, at der ikke er tid til at forbedre &hellip; Continued","og_url":"https:\/\/www.directhealthcaregroup.com\/da\/viden-og-evidens\/179873-2\/","og_site_name":"DHG","article_modified_time":"2023-05-16T19:03:25+00:00","og_image":[{"width":500,"height":125,"url":"https:\/\/www.directhealthcaregroup.com\/app\/uploads\/hvor-er-vaerdigheden-ved-sengepleje-tb.jpg","type":"image\/jpeg"}],"twitter_card":"summary_large_image","twitter_misc":{"Est. reading time":"4 minutes"},"schema":{"@context":"https:\/\/schema.org","@graph":[{"@type":"WebPage","@id":"https:\/\/www.directhealthcaregroup.com\/da\/viden-og-evidens\/179873-2\/","url":"https:\/\/www.directhealthcaregroup.com\/da\/viden-og-evidens\/179873-2\/","name":"Hvor er v\u00e6rdigheden ved sengepleje? | DHG","isPartOf":{"@id":"https:\/\/www.directhealthcaregroup.com\/#website"},"primaryImageOfPage":{"@id":"https:\/\/www.directhealthcaregroup.com\/da\/viden-og-evidens\/179873-2\/#primaryimage"},"image":{"@id":"https:\/\/www.directhealthcaregroup.com\/da\/viden-og-evidens\/179873-2\/#primaryimage"},"thumbnailUrl":"https:\/\/www.directhealthcaregroup.com\/app\/uploads\/hvor-er-vaerdigheden-ved-sengepleje-tb.jpg","datePublished":"2023-04-19T13:13:32+00:00","dateModified":"2023-05-16T19:03:25+00:00","breadcrumb":{"@id":"https:\/\/www.directhealthcaregroup.com\/da\/viden-og-evidens\/179873-2\/#breadcrumb"},"inLanguage":"da-DK","potentialAction":[{"@type":"ReadAction","target":["https:\/\/www.directhealthcaregroup.com\/da\/viden-og-evidens\/179873-2\/"]}]},{"@type":"ImageObject","inLanguage":"da-DK","@id":"https:\/\/www.directhealthcaregroup.com\/da\/viden-og-evidens\/179873-2\/#primaryimage","url":"https:\/\/www.directhealthcaregroup.com\/app\/uploads\/hvor-er-vaerdigheden-ved-sengepleje-tb.jpg","contentUrl":"https:\/\/www.directhealthcaregroup.com\/app\/uploads\/hvor-er-vaerdigheden-ved-sengepleje-tb.jpg","width":500,"height":125},{"@type":"BreadcrumbList","@id":"https:\/\/www.directhealthcaregroup.com\/da\/viden-og-evidens\/179873-2\/#breadcrumb","itemListElement":[{"@type":"ListItem","position":1,"name":"Home","item":"https:\/\/www.directhealthcaregroup.com\/da\/"},{"@type":"ListItem","position":2,"name":"VIDEN OG EVIDENS","item":"https:\/\/www.directhealthcaregroup.com\/da\/viden-og-evidens\/"},{"@type":"ListItem","position":3,"name":"Hvor er v\u00e6rdigheden ved sengepleje?"}]},{"@type":"WebSite","@id":"https:\/\/www.directhealthcaregroup.com\/#website","url":"https:\/\/www.directhealthcaregroup.com\/","name":"DHG","description":"Moving Health Forward","publisher":{"@id":"https:\/\/www.directhealthcaregroup.com\/#organization"},"potentialAction":[{"@type":"SearchAction","target":{"@type":"EntryPoint","urlTemplate":"https:\/\/www.directhealthcaregroup.com\/?s={search_term_string}"},"query-input":{"@type":"PropertyValueSpecification","valueRequired":true,"valueName":"search_term_string"}}],"inLanguage":"da-DK"},{"@type":"Organization","@id":"https:\/\/www.directhealthcaregroup.com\/#organization","name":"Direct Healthcare Group","url":"https:\/\/www.directhealthcaregroup.com\/","logo":{"@type":"ImageObject","inLanguage":"da-DK","@id":"https:\/\/www.directhealthcaregroup.com\/#\/schema\/logo\/image\/","url":"https:\/\/directhealthcaregroup.com\/app\/uploads\/dhg-logo.png","contentUrl":"https:\/\/directhealthcaregroup.com\/app\/uploads\/dhg-logo.png","width":556,"height":240,"caption":"Direct Healthcare Group"},"image":{"@id":"https:\/\/www.directhealthcaregroup.com\/#\/schema\/logo\/image\/"}}]}},"_links":{"self":[{"href":"https:\/\/www.directhealthcaregroup.com\/da\/wp-json\/wp\/v2\/pages\/179873","targetHints":{"allow":["GET"]}}],"collection":[{"href":"https:\/\/www.directhealthcaregroup.com\/da\/wp-json\/wp\/v2\/pages"}],"about":[{"href":"https:\/\/www.directhealthcaregroup.com\/da\/wp-json\/wp\/v2\/types\/page"}],"author":[{"embeddable":true,"href":"https:\/\/www.directhealthcaregroup.com\/da\/wp-json\/wp\/v2\/users\/40"}],"replies":[{"embeddable":true,"href":"https:\/\/www.directhealthcaregroup.com\/da\/wp-json\/wp\/v2\/comments?post=179873"}],"version-history":[{"count":3,"href":"https:\/\/www.directhealthcaregroup.com\/da\/wp-json\/wp\/v2\/pages\/179873\/revisions"}],"predecessor-version":[{"id":183660,"href":"https:\/\/www.directhealthcaregroup.com\/da\/wp-json\/wp\/v2\/pages\/179873\/revisions\/183660"}],"up":[{"embeddable":true,"href":"https:\/\/www.directhealthcaregroup.com\/da\/wp-json\/wp\/v2\/pages\/174696"}],"wp:featuredmedia":[{"embeddable":true,"href":"https:\/\/www.directhealthcaregroup.com\/da\/wp-json\/wp\/v2\/media\/179874"}],"wp:attachment":[{"href":"https:\/\/www.directhealthcaregroup.com\/da\/wp-json\/wp\/v2\/media?parent=179873"}],"curies":[{"name":"wp","href":"https:\/\/api.w.org\/{rel}","templated":true}]}}