{"id":179955,"date":"2023-04-21T08:13:26","date_gmt":"2023-04-21T07:13:26","guid":{"rendered":"https:\/\/www.directhealthcaregroup.com\/?page_id=179955"},"modified":"2023-05-16T20:03:56","modified_gmt":"2023-05-16T19:03:56","slug":"179955-2","status":"publish","type":"page","link":"https:\/\/www.directhealthcaregroup.com\/da\/viden-og-evidens\/179955-2\/","title":{"rendered":"Fordelene ved elektriske vendelagner til forflytning"},"content":{"rendered":"\n<h1 class=\"wp-block-heading\"><\/h1>\n\n\n\n<p>N\u00e5r vi snakker om forflytning af borgere og patienter i det danske sundhedsv\u00e6sen er der stadigt ofte fokus p\u00e5 den manuelle forflytning. Dette p\u00e5 trods af sundhedsv\u00e6snets store fokus p\u00e5 teknologi og digitalisering. Der investeres i gulve, der kan registrere, n\u00e5r en borger er faldet, virtual reality briller, der kan give borgeren opfattelsen af at v\u00e6re i et andet fysisk rum, og intelligente bleer, der sikrer mere v\u00e6rdighed i forbindelse med inkontinens.<\/p>\n\n\n\n<p>6. marts 2019<\/p>\n\n\n\n<p>Af: Ergoterapeut, Pia Beck<\/p>\n\n\n\n<p>P\u00e5 forflytningsomr\u00e5det h\u00e6nger mange dog stadigt lidt i bremsen. De mange muskel- og skeletlidelser og arbejdsskader i sundhedssektoren tilskrives blot, at personalet bruger forkert teknik fremfor at se p\u00e5 om de rette hj\u00e6lpemidler bliver brugt.<\/p>\n\n\n\n<p>For selvom kroppen er et kraftfuldt v\u00e6rkt\u00f8j, er det langtfra alt den kan holde til. Overbelastning i forbindelse med l\u00f8ft, tr\u00e6k og skub belaster i h\u00f8j grad bev\u00e6geapparatet. Her kan elektriske vendesystemer med fordel bruges til at sk\u00e5ne personalet. Herudover har elektriske vendesystemet ogs\u00e5 mange andre fordele for b\u00e5de medarbejdere, borgere og \u00f8konomien i sundhedsv\u00e6snet.<br><\/p>\n\n\n\n<h2 class=\"wp-block-heading\"><strong>Bedre arbejdsmilj\u00f8 og arbejdsgl\u00e6de<\/strong><\/h2>\n\n\n\n<p>For medarbejderne der er direkte involveret i omsorgs- og plejearbejde p\u00e5 sygehuse, plejehjem og institutioner kan den mekaniske forflytning v\u00e6re med til at forbedre arbejdsmilj\u00f8et. Disse n\u00f8glemedarbejdere foretager nemlig mange re-positioneringer og forflytninger i l\u00f8bet af en arbejdsdag, og netop disse bev\u00e6gelser med tunge l\u00f8ft, tr\u00e6k og skub er en stor skyldner, n\u00e5r det kommer til muskel- og skeletbesv\u00e6r.<\/p>\n\n\n\n<p>Her skaber den mekaniske forflytning bedre arbejdsmilj\u00f8 og en st\u00f8rre arbejdsgl\u00e6de bl.a. fordi medarbejderen har f\u00e6rre smerter, er mindre fysisk belastet og har mindre travlt. Ved at benytte mekanisk forflytning er det muligt at forhindre nedslidning. Foruden at afhj\u00e6lpe det store rekrutteringsproblem i sundheds- og plejesektoren er det ogs\u00e5 en investering i medarbejdernes arbejdsmilj\u00f8 og helbred. Det kan nemlig have en positiv effekt p\u00e5 fastholdelse og tiltr\u00e6kning af medarbejdere i sundhedssektoren.<\/p>\n\n\n\n<p>For de unge, der s\u00f8ger ind i sektoren, er vokset op med teknologien og har en forventning om, at det bliver brugt i praksis. Derfor kan det v\u00e6re afskr\u00e6kkende, at sektoren i praksis ikke er s\u00e5 innovativ og fremsynet, og at den manglende brug af teknologi kan f\u00f8re til et h\u00e5rdt, nedslidende arbejdsliv.<br><\/p>\n\n\n\n<h2 class=\"wp-block-heading\"><strong>Borgeren er mere komfortabel<\/strong><\/h2>\n\n\n\n<p>For borgeren kan den manuelle forflytning skabe utryghed og ubehag &#8211; is\u00e6r for de borgere der har smerter, rum-retningsforstyrrelser eller kognitive udfordringer. Med mekanisk forflytning oplever mange borgere en mere behagelig og sk\u00e5nsom forflytning, idet de ikke bliver hevet eller trukket i, der er ingen der griber fat i dem, og der er ingen pludselige bev\u00e6gelser.<\/p>\n\n\n\n<p>Vendlets mekaniske vendesystem har for eksempel vist sig at v\u00e6re s\u00e6rligt egnet til demensramte borgere, borgere med smerter, til den palliative indsats, til immobile borgere og til bariatriske borgere. Dette har de s\u00e6rligt oplevet i Hiller\u00f8d Kommune, hvor VENDLET er godkendt&nbsp;som <a href=\"https:\/\/www.directhealthcaregroup.com\/da\/viden-og-evidens\/180030-2\/\" target=\"_blank\" rel=\"noreferrer noopener\">APV-hj\u00e6lpemiddel<\/a>.<\/p>\n\n\n\n<p>Den roligere forflytning skaber ogs\u00e5 et forbedret psykisk arbejdsmilj\u00f8 for personalet. N\u00e5r borgeren er mere rolig under forflytningen, oplever personalet mindre modstand, n\u00e5r der eksempelvis skal g\u00f8res klar til nedre hygiejne.<br><\/p>\n\n\n\n<h2 class=\"wp-block-heading\"><strong>Man kan v\u00e6re \u00e9n i forflytningen<\/strong><\/h2>\n\n\n\n<p>Det har ogs\u00e5 fordele for effektiviteten at anvende mekaniske hj\u00e6lpemidler i forflytningssituationer. Forflytning med&nbsp;VENDLET&nbsp;er nemlig betydeligt mindre komplekst end forflytning med manuelle hj\u00e6lpemidler. Det betyder, at det i mange situationer er nok at v\u00e6re en medarbejder til forflytning af en borger. P\u00e5 den m\u00e5de undg\u00e5r du at skulle vente p\u00e5 en kollega. Det sparer tid og frig\u00f8r din kollega til at udf\u00f8re andre opgaver. At v\u00e6re en omkring borgeren betyder ogs\u00e5, at du kan v\u00e6re mere n\u00e6rv\u00e6rende over for borgeren, og at du f\u00e5r mere overskud til at give omsorg.<\/p>\n\n\n\n<p>Teknologien er til for at aflaste og afhj\u00e6lpe. Derfor er det vigtigt, at den sundhedsprofessionelle er opm\u00e6rksom p\u00e5 behovet for hj\u00e6lpemidler \u2013 ogs\u00e5 i forflytningssituationerne! Det er ikke kun til gavn for den enkelte og dennes kollegaer, men ogs\u00e5 for de borgere, de br\u00e6nder for at hj\u00e6lpe.<br><\/p>\n\n\n\n<h2 class=\"wp-block-heading\"><strong>Fordelene ved elektrisk vendelagen<\/strong><\/h2>\n\n\n\n<figure class=\"wp-block-image size-large\"><img loading=\"lazy\" decoding=\"async\" width=\"1024\" height=\"266\" src=\"https:\/\/www.directhealthcaregroup.com\/app\/uploads\/Udklip-1024x266.png\" alt=\"\" class=\"wp-image-179956\" srcset=\"https:\/\/www.directhealthcaregroup.com\/app\/uploads\/Udklip-1024x266.png 1024w, https:\/\/www.directhealthcaregroup.com\/app\/uploads\/Udklip-300x78.png 300w, https:\/\/www.directhealthcaregroup.com\/app\/uploads\/Udklip-768x199.png 768w, https:\/\/www.directhealthcaregroup.com\/app\/uploads\/Udklip-320x83.png 320w, https:\/\/www.directhealthcaregroup.com\/app\/uploads\/Udklip-800x208.png 800w, https:\/\/www.directhealthcaregroup.com\/app\/uploads\/Udklip.png 1391w\" sizes=\"auto, (max-width: 1024px) 100vw, 1024px\" \/><\/figure>\n","protected":false},"excerpt":{"rendered":"<p>N\u00e5r vi snakker om forflytning af borgere og patienter i det danske sundhedsv\u00e6sen er der stadigt ofte fokus p\u00e5 den manuelle forflytning. Dette p\u00e5 trods af sundhedsv\u00e6snets store fokus p\u00e5 teknologi og digitalisering. Der investeres i gulve, der kan registrere, n\u00e5r en borger er faldet, virtual reality briller, der kan give borgeren opfattelsen af at &hellip; <a href=\"https:\/\/www.directhealthcaregroup.com\/da\/viden-og-evidens\/179955-2\/\">Continued<\/a><\/p>\n","protected":false},"author":40,"featured_media":179967,"parent":174696,"menu_order":65,"comment_status":"closed","ping_status":"closed","template":"","meta":{"_acf_changed":false,"footnotes":""},"class_list":["post-179955","page","type-page","status-publish","has-post-thumbnail","hentry"],"acf":[],"yoast_head":"<!-- This site is optimized with the Yoast SEO plugin v27.4 - https:\/\/yoast.com\/product\/yoast-seo-wordpress\/ -->\n<title>Fordelene ved elektriske vendelagner til forflytning | DHG<\/title>\n<meta name=\"robots\" content=\"index, follow, max-snippet:-1, max-image-preview:large, max-video-preview:-1\" \/>\n<link rel=\"canonical\" href=\"https:\/\/www.directhealthcaregroup.com\/da\/viden-og-evidens\/179955-2\/\" \/>\n<meta property=\"og:locale\" content=\"da_DK\" \/>\n<meta property=\"og:type\" content=\"article\" \/>\n<meta property=\"og:title\" content=\"Fordelene ved elektriske vendelagner til forflytning | DHG\" \/>\n<meta property=\"og:description\" content=\"N\u00e5r vi snakker om forflytning af borgere og patienter i det danske sundhedsv\u00e6sen er der stadigt ofte fokus p\u00e5 den manuelle forflytning. Dette p\u00e5 trods af sundhedsv\u00e6snets store fokus p\u00e5 teknologi og digitalisering. Der investeres i gulve, der kan registrere, n\u00e5r en borger er faldet, virtual reality briller, der kan give borgeren opfattelsen af at &hellip; Continued\" \/>\n<meta property=\"og:url\" content=\"https:\/\/www.directhealthcaregroup.com\/da\/viden-og-evidens\/179955-2\/\" \/>\n<meta property=\"og:site_name\" content=\"DHG\" \/>\n<meta property=\"article:modified_time\" content=\"2023-05-16T19:03:56+00:00\" \/>\n<meta property=\"og:image\" content=\"https:\/\/www.directhealthcaregroup.com\/app\/uploads\/fordelene-ved-mekanisk-forflytning-tb-transformed.jpeg\" \/>\n\t<meta property=\"og:image:width\" content=\"2000\" \/>\n\t<meta property=\"og:image:height\" content=\"500\" \/>\n\t<meta property=\"og:image:type\" content=\"image\/jpeg\" \/>\n<meta name=\"twitter:card\" content=\"summary_large_image\" \/>\n<meta name=\"twitter:label1\" content=\"Est. reading time\" \/>\n\t<meta name=\"twitter:data1\" content=\"4 minutes\" \/>\n<script type=\"application\/ld+json\" class=\"yoast-schema-graph\">{\"@context\":\"https:\\\/\\\/schema.org\",\"@graph\":[{\"@type\":\"WebPage\",\"@id\":\"https:\\\/\\\/www.directhealthcaregroup.com\\\/da\\\/viden-og-evidens\\\/179955-2\\\/\",\"url\":\"https:\\\/\\\/www.directhealthcaregroup.com\\\/da\\\/viden-og-evidens\\\/179955-2\\\/\",\"name\":\"Fordelene ved elektriske vendelagner til forflytning | DHG\",\"isPartOf\":{\"@id\":\"https:\\\/\\\/www.directhealthcaregroup.com\\\/#website\"},\"primaryImageOfPage\":{\"@id\":\"https:\\\/\\\/www.directhealthcaregroup.com\\\/da\\\/viden-og-evidens\\\/179955-2\\\/#primaryimage\"},\"image\":{\"@id\":\"https:\\\/\\\/www.directhealthcaregroup.com\\\/da\\\/viden-og-evidens\\\/179955-2\\\/#primaryimage\"},\"thumbnailUrl\":\"https:\\\/\\\/www.directhealthcaregroup.com\\\/app\\\/uploads\\\/fordelene-ved-mekanisk-forflytning-tb-transformed.jpeg\",\"datePublished\":\"2023-04-21T07:13:26+00:00\",\"dateModified\":\"2023-05-16T19:03:56+00:00\",\"breadcrumb\":{\"@id\":\"https:\\\/\\\/www.directhealthcaregroup.com\\\/da\\\/viden-og-evidens\\\/179955-2\\\/#breadcrumb\"},\"inLanguage\":\"da-DK\",\"potentialAction\":[{\"@type\":\"ReadAction\",\"target\":[\"https:\\\/\\\/www.directhealthcaregroup.com\\\/da\\\/viden-og-evidens\\\/179955-2\\\/\"]}]},{\"@type\":\"ImageObject\",\"inLanguage\":\"da-DK\",\"@id\":\"https:\\\/\\\/www.directhealthcaregroup.com\\\/da\\\/viden-og-evidens\\\/179955-2\\\/#primaryimage\",\"url\":\"https:\\\/\\\/www.directhealthcaregroup.com\\\/app\\\/uploads\\\/fordelene-ved-mekanisk-forflytning-tb-transformed.jpeg\",\"contentUrl\":\"https:\\\/\\\/www.directhealthcaregroup.com\\\/app\\\/uploads\\\/fordelene-ved-mekanisk-forflytning-tb-transformed.jpeg\",\"width\":2000,\"height\":500},{\"@type\":\"BreadcrumbList\",\"@id\":\"https:\\\/\\\/www.directhealthcaregroup.com\\\/da\\\/viden-og-evidens\\\/179955-2\\\/#breadcrumb\",\"itemListElement\":[{\"@type\":\"ListItem\",\"position\":1,\"name\":\"Home\",\"item\":\"https:\\\/\\\/www.directhealthcaregroup.com\\\/da\\\/\"},{\"@type\":\"ListItem\",\"position\":2,\"name\":\"VIDEN OG EVIDENS\",\"item\":\"https:\\\/\\\/www.directhealthcaregroup.com\\\/da\\\/viden-og-evidens\\\/\"},{\"@type\":\"ListItem\",\"position\":3,\"name\":\"Fordelene ved elektriske vendelagner til forflytning\"}]},{\"@type\":\"WebSite\",\"@id\":\"https:\\\/\\\/www.directhealthcaregroup.com\\\/#website\",\"url\":\"https:\\\/\\\/www.directhealthcaregroup.com\\\/\",\"name\":\"DHG\",\"description\":\"Moving Health Forward\",\"publisher\":{\"@id\":\"https:\\\/\\\/www.directhealthcaregroup.com\\\/#organization\"},\"potentialAction\":[{\"@type\":\"SearchAction\",\"target\":{\"@type\":\"EntryPoint\",\"urlTemplate\":\"https:\\\/\\\/www.directhealthcaregroup.com\\\/?s={search_term_string}\"},\"query-input\":{\"@type\":\"PropertyValueSpecification\",\"valueRequired\":true,\"valueName\":\"search_term_string\"}}],\"inLanguage\":\"da-DK\"},{\"@type\":\"Organization\",\"@id\":\"https:\\\/\\\/www.directhealthcaregroup.com\\\/#organization\",\"name\":\"Direct Healthcare Group\",\"url\":\"https:\\\/\\\/www.directhealthcaregroup.com\\\/\",\"logo\":{\"@type\":\"ImageObject\",\"inLanguage\":\"da-DK\",\"@id\":\"https:\\\/\\\/www.directhealthcaregroup.com\\\/#\\\/schema\\\/logo\\\/image\\\/\",\"url\":\"https:\\\/\\\/directhealthcaregroup.com\\\/app\\\/uploads\\\/dhg-logo.png\",\"contentUrl\":\"https:\\\/\\\/directhealthcaregroup.com\\\/app\\\/uploads\\\/dhg-logo.png\",\"width\":556,\"height\":240,\"caption\":\"Direct Healthcare Group\"},\"image\":{\"@id\":\"https:\\\/\\\/www.directhealthcaregroup.com\\\/#\\\/schema\\\/logo\\\/image\\\/\"}}]}<\/script>\n<!-- \/ Yoast SEO plugin. -->","yoast_head_json":{"title":"Fordelene ved elektriske vendelagner til forflytning | DHG","robots":{"index":"index","follow":"follow","max-snippet":"max-snippet:-1","max-image-preview":"max-image-preview:large","max-video-preview":"max-video-preview:-1"},"canonical":"https:\/\/www.directhealthcaregroup.com\/da\/viden-og-evidens\/179955-2\/","og_locale":"da_DK","og_type":"article","og_title":"Fordelene ved elektriske vendelagner til forflytning | DHG","og_description":"N\u00e5r vi snakker om forflytning af borgere og patienter i det danske sundhedsv\u00e6sen er der stadigt ofte fokus p\u00e5 den manuelle forflytning. Dette p\u00e5 trods af sundhedsv\u00e6snets store fokus p\u00e5 teknologi og digitalisering. Der investeres i gulve, der kan registrere, n\u00e5r en borger er faldet, virtual reality briller, der kan give borgeren opfattelsen af at &hellip; Continued","og_url":"https:\/\/www.directhealthcaregroup.com\/da\/viden-og-evidens\/179955-2\/","og_site_name":"DHG","article_modified_time":"2023-05-16T19:03:56+00:00","og_image":[{"width":2000,"height":500,"url":"https:\/\/www.directhealthcaregroup.com\/app\/uploads\/fordelene-ved-mekanisk-forflytning-tb-transformed.jpeg","type":"image\/jpeg"}],"twitter_card":"summary_large_image","twitter_misc":{"Est. reading time":"4 minutes"},"schema":{"@context":"https:\/\/schema.org","@graph":[{"@type":"WebPage","@id":"https:\/\/www.directhealthcaregroup.com\/da\/viden-og-evidens\/179955-2\/","url":"https:\/\/www.directhealthcaregroup.com\/da\/viden-og-evidens\/179955-2\/","name":"Fordelene ved elektriske vendelagner til forflytning | DHG","isPartOf":{"@id":"https:\/\/www.directhealthcaregroup.com\/#website"},"primaryImageOfPage":{"@id":"https:\/\/www.directhealthcaregroup.com\/da\/viden-og-evidens\/179955-2\/#primaryimage"},"image":{"@id":"https:\/\/www.directhealthcaregroup.com\/da\/viden-og-evidens\/179955-2\/#primaryimage"},"thumbnailUrl":"https:\/\/www.directhealthcaregroup.com\/app\/uploads\/fordelene-ved-mekanisk-forflytning-tb-transformed.jpeg","datePublished":"2023-04-21T07:13:26+00:00","dateModified":"2023-05-16T19:03:56+00:00","breadcrumb":{"@id":"https:\/\/www.directhealthcaregroup.com\/da\/viden-og-evidens\/179955-2\/#breadcrumb"},"inLanguage":"da-DK","potentialAction":[{"@type":"ReadAction","target":["https:\/\/www.directhealthcaregroup.com\/da\/viden-og-evidens\/179955-2\/"]}]},{"@type":"ImageObject","inLanguage":"da-DK","@id":"https:\/\/www.directhealthcaregroup.com\/da\/viden-og-evidens\/179955-2\/#primaryimage","url":"https:\/\/www.directhealthcaregroup.com\/app\/uploads\/fordelene-ved-mekanisk-forflytning-tb-transformed.jpeg","contentUrl":"https:\/\/www.directhealthcaregroup.com\/app\/uploads\/fordelene-ved-mekanisk-forflytning-tb-transformed.jpeg","width":2000,"height":500},{"@type":"BreadcrumbList","@id":"https:\/\/www.directhealthcaregroup.com\/da\/viden-og-evidens\/179955-2\/#breadcrumb","itemListElement":[{"@type":"ListItem","position":1,"name":"Home","item":"https:\/\/www.directhealthcaregroup.com\/da\/"},{"@type":"ListItem","position":2,"name":"VIDEN OG EVIDENS","item":"https:\/\/www.directhealthcaregroup.com\/da\/viden-og-evidens\/"},{"@type":"ListItem","position":3,"name":"Fordelene ved elektriske vendelagner til forflytning"}]},{"@type":"WebSite","@id":"https:\/\/www.directhealthcaregroup.com\/#website","url":"https:\/\/www.directhealthcaregroup.com\/","name":"DHG","description":"Moving Health Forward","publisher":{"@id":"https:\/\/www.directhealthcaregroup.com\/#organization"},"potentialAction":[{"@type":"SearchAction","target":{"@type":"EntryPoint","urlTemplate":"https:\/\/www.directhealthcaregroup.com\/?s={search_term_string}"},"query-input":{"@type":"PropertyValueSpecification","valueRequired":true,"valueName":"search_term_string"}}],"inLanguage":"da-DK"},{"@type":"Organization","@id":"https:\/\/www.directhealthcaregroup.com\/#organization","name":"Direct Healthcare Group","url":"https:\/\/www.directhealthcaregroup.com\/","logo":{"@type":"ImageObject","inLanguage":"da-DK","@id":"https:\/\/www.directhealthcaregroup.com\/#\/schema\/logo\/image\/","url":"https:\/\/directhealthcaregroup.com\/app\/uploads\/dhg-logo.png","contentUrl":"https:\/\/directhealthcaregroup.com\/app\/uploads\/dhg-logo.png","width":556,"height":240,"caption":"Direct Healthcare Group"},"image":{"@id":"https:\/\/www.directhealthcaregroup.com\/#\/schema\/logo\/image\/"}}]}},"_links":{"self":[{"href":"https:\/\/www.directhealthcaregroup.com\/da\/wp-json\/wp\/v2\/pages\/179955","targetHints":{"allow":["GET"]}}],"collection":[{"href":"https:\/\/www.directhealthcaregroup.com\/da\/wp-json\/wp\/v2\/pages"}],"about":[{"href":"https:\/\/www.directhealthcaregroup.com\/da\/wp-json\/wp\/v2\/types\/page"}],"author":[{"embeddable":true,"href":"https:\/\/www.directhealthcaregroup.com\/da\/wp-json\/wp\/v2\/users\/40"}],"replies":[{"embeddable":true,"href":"https:\/\/www.directhealthcaregroup.com\/da\/wp-json\/wp\/v2\/comments?post=179955"}],"version-history":[{"count":3,"href":"https:\/\/www.directhealthcaregroup.com\/da\/wp-json\/wp\/v2\/pages\/179955\/revisions"}],"predecessor-version":[{"id":183661,"href":"https:\/\/www.directhealthcaregroup.com\/da\/wp-json\/wp\/v2\/pages\/179955\/revisions\/183661"}],"up":[{"embeddable":true,"href":"https:\/\/www.directhealthcaregroup.com\/da\/wp-json\/wp\/v2\/pages\/174696"}],"wp:featuredmedia":[{"embeddable":true,"href":"https:\/\/www.directhealthcaregroup.com\/da\/wp-json\/wp\/v2\/media\/179967"}],"wp:attachment":[{"href":"https:\/\/www.directhealthcaregroup.com\/da\/wp-json\/wp\/v2\/media?parent=179955"}],"curies":[{"name":"wp","href":"https:\/\/api.w.org\/{rel}","templated":true}]}}