{"id":179993,"date":"2023-04-21T08:24:43","date_gmt":"2023-04-21T07:24:43","guid":{"rendered":"https:\/\/www.directhealthcaregroup.com\/?page_id=179993"},"modified":"2023-05-16T20:04:27","modified_gmt":"2023-05-16T19:04:27","slug":"179993-2","status":"publish","type":"page","link":"https:\/\/www.directhealthcaregroup.com\/da\/viden-og-evidens\/179993-2\/","title":{"rendered":"Lejringskatalog til inspiration"},"content":{"rendered":"\n<h1 class=\"wp-block-heading\"><\/h1>\n\n\n\n<p>En tv\u00e6rfaglig gruppe med fysioterapeut Lotte Bagge i spidsen, har udarbejdet et lejringskatalog, som skal hj\u00e6lpe frontpersonalet i forhold til konkrete problemstillinger og give ny inspiration til lejring af sengeliggende. Kataloget indeholder fotos og beskrivelser af en r\u00e6kke lejringer, der kan afhj\u00e6lpe problemstillinger som trykskader, trykfordeling, aflastning af h\u00e6le mv.<\/p>\n\n\n\n<p>12. marts 2019<\/p>\n\n\n\n<h2 class=\"wp-block-heading\"><strong>Seminar som inspiration<\/strong><\/h2>\n\n\n\n<p>Medarbejdere hos Faaborg-Midtfyn Kommune har bl.a. f\u00e5et inspiration p\u00e5 nogle af Vendlets lejringsseminarer, hvor vi l\u00e6gger v\u00e6gt p\u00e5, at udgangspunktet for en god lejring er stabilitet.&nbsp;<\/p>\n\n\n\n<p>Hvis du ikke f\u00f8ler stabilitet, f\u00f8ler du ikke tryghed. Hvis du ikke er tryg, kan du ikke slappe af. Og det er foruds\u00e6tningen for, at tonus og arousal kan neds\u00e6ttes tilstr\u00e6kkeligt til, at du kan hvile og sove. Og s\u00f8vn er foruds\u00e6tningen for, at din krop restituerer, at du f\u00e5r appetit og at din krop kan hele. Det giver dig fornyet energi og overskud.<\/p>\n\n\n\n<p>I Faaborg-Midtfyn Kommune er det endvidere m\u00e5let, at skabe lejringer, der trykfordeler med en st\u00f8rre underst\u00f8ttelsesflade og modvirke shear, friktion og forskydningskr\u00e6fter. Samtidig skal lejringen aflaste udsatte knoglepunkter p\u00e5 kroppen, s\u00e5 borgeren undg\u00e5r trykskader.&nbsp;<\/p>\n\n\n\n<h2 class=\"wp-block-heading\"><strong>Valgte produkter<\/strong><\/h2>\n\n\n\n<p>Ergo- og fysioterapeuter fra Faaborg-Midtfyn Kommune har \u00f8nsket enkle, reng\u00f8ringsvenlige og stabile lejringspuder. M\u00e5let er, at den enkelte borger skal aflastes og st\u00f8ttes optimalt.<\/p>\n\n\n\n<p>\u201dVi har haft et inspirerende samarbejde med flere leverand\u00f8rer, herunder Vendlet\u201d, siger Faaborg-Midtfyn Kommunes fysioterapeut Lotte Bagge. \u201dDe har stillet stor viden og erfaring til r\u00e5dighed og givet os mulighed for at afpr\u00f8ve mange produkter\u201d.<\/p>\n\n\n\n<p>De valgte lejringspuder er prim\u00e6rt puderne i LEJRELET serien, som er udviklet af Vendlets direkt\u00f8r og fysioterapeut, Peter Maindal. \u201dJeg er vildt stolt over, at vi er med til at s\u00e6tte lejring af sengeliggende mennesker p\u00e5 dagsordenen\u201d, siger Peter Maindal. \u201dAt vi samtidig har f\u00e5et udviklet nogle rigtig gode puder, der er enkle og overskuelige at arbejde med og som giver stabilitet, trykfordeling og aflastning, synes jeg, er rigtigt dejligt\u201d.<\/p>\n\n\n\n<h2 class=\"wp-block-heading\"><strong>Pr\u00f8v dig frem<\/strong><\/h2>\n\n\n\n<p>Gruppen bag Faaborg-Midtfyns Kommunes lejringskatalog &nbsp;l\u00e6gger v\u00e6gt p\u00e5, at de har valgt \u00e9n m\u00e5de at g\u00f8re det p\u00e5, men at der ogs\u00e5 er mange andre m\u00e5der og teorier at lejre efter.&nbsp;<\/p>\n\n\n\n<p>\u201dDet l\u00e6gger vi ogs\u00e5 meget v\u00e6gt p\u00e5, p\u00e5 vores seminarer\u201d, fort\u00e6ller Vendlets undervisningskonsulent og ergoterapeut, Pia Beck, og forts\u00e6tter:&nbsp;\u201dDet er egentlig kun fantasien, der s\u00e6tter gr\u00e6nserne. Hvis du har fokus p\u00e5 at skabe stabilitet og underst\u00f8ttelse og sikrer, at borgeren s\u00e5 vidt muligt placeres i neutral stilling, s\u00e5 er det bare med at pr\u00f8ve sig frem,\u201d siger hun.<\/p>\n\n\n\n<div class=\"wp-block-buttons is-layout-flex wp-block-buttons-is-layout-flex\">\n<div class=\"wp-block-button\"><a class=\"wp-block-button__link has-black-color has-text-color has-background\" href=\"https:\/\/www.directhealthcaregroup.com\/app\/uploads\/lejringskatalog-faaborg-midtfyn-kommune.pdf\" style=\"border-radius:50px;background-color:#38b6ac\" target=\"_blank\" rel=\"noreferrer noopener\"><strong>Hent Faaborg-Midtfyns lejringskatalog<\/strong><\/a><\/div>\n<\/div>\n","protected":false},"excerpt":{"rendered":"<p>En tv\u00e6rfaglig gruppe med fysioterapeut Lotte Bagge i spidsen, har udarbejdet et lejringskatalog, som skal hj\u00e6lpe frontpersonalet i forhold til konkrete problemstillinger og give ny inspiration til lejring af sengeliggende. Kataloget indeholder fotos og beskrivelser af en r\u00e6kke lejringer, der kan afhj\u00e6lpe problemstillinger som trykskader, trykfordeling, aflastning af h\u00e6le mv. 12. marts 2019 Seminar som &hellip; <a href=\"https:\/\/www.directhealthcaregroup.com\/da\/viden-og-evidens\/179993-2\/\">Continued<\/a><\/p>\n","protected":false},"author":40,"featured_media":180005,"parent":174696,"menu_order":66,"comment_status":"closed","ping_status":"closed","template":"","meta":{"_acf_changed":false,"footnotes":""},"class_list":["post-179993","page","type-page","status-publish","has-post-thumbnail","hentry"],"acf":[],"yoast_head":"<!-- This site is optimized with the Yoast SEO plugin v27.4 - https:\/\/yoast.com\/product\/yoast-seo-wordpress\/ -->\n<title>Lejringskatalog til inspiration | DHG<\/title>\n<meta name=\"robots\" content=\"index, follow, max-snippet:-1, max-image-preview:large, max-video-preview:-1\" \/>\n<link rel=\"canonical\" href=\"https:\/\/www.directhealthcaregroup.com\/da\/viden-og-evidens\/179993-2\/\" \/>\n<meta property=\"og:locale\" content=\"da_DK\" \/>\n<meta property=\"og:type\" content=\"article\" \/>\n<meta property=\"og:title\" content=\"Lejringskatalog til inspiration | DHG\" \/>\n<meta property=\"og:description\" content=\"En tv\u00e6rfaglig gruppe med fysioterapeut Lotte Bagge i spidsen, har udarbejdet et lejringskatalog, som skal hj\u00e6lpe frontpersonalet i forhold til konkrete problemstillinger og give ny inspiration til lejring af sengeliggende. Kataloget indeholder fotos og beskrivelser af en r\u00e6kke lejringer, der kan afhj\u00e6lpe problemstillinger som trykskader, trykfordeling, aflastning af h\u00e6le mv. 12. marts 2019 Seminar som &hellip; Continued\" \/>\n<meta property=\"og:url\" content=\"https:\/\/www.directhealthcaregroup.com\/da\/viden-og-evidens\/179993-2\/\" \/>\n<meta property=\"og:site_name\" content=\"DHG\" \/>\n<meta property=\"article:modified_time\" content=\"2023-05-16T19:04:27+00:00\" \/>\n<meta property=\"og:image\" content=\"https:\/\/www.directhealthcaregroup.com\/app\/uploads\/faaborg-midtfyn-billede-tb-transformed.jpeg\" \/>\n\t<meta property=\"og:image:width\" content=\"2000\" \/>\n\t<meta property=\"og:image:height\" content=\"500\" \/>\n\t<meta property=\"og:image:type\" content=\"image\/jpeg\" \/>\n<meta name=\"twitter:card\" content=\"summary_large_image\" \/>\n<meta name=\"twitter:label1\" content=\"Est. reading time\" \/>\n\t<meta name=\"twitter:data1\" content=\"2 minutes\" \/>\n<script type=\"application\/ld+json\" class=\"yoast-schema-graph\">{\"@context\":\"https:\\\/\\\/schema.org\",\"@graph\":[{\"@type\":\"WebPage\",\"@id\":\"https:\\\/\\\/www.directhealthcaregroup.com\\\/da\\\/viden-og-evidens\\\/179993-2\\\/\",\"url\":\"https:\\\/\\\/www.directhealthcaregroup.com\\\/da\\\/viden-og-evidens\\\/179993-2\\\/\",\"name\":\"Lejringskatalog til inspiration | DHG\",\"isPartOf\":{\"@id\":\"https:\\\/\\\/www.directhealthcaregroup.com\\\/#website\"},\"primaryImageOfPage\":{\"@id\":\"https:\\\/\\\/www.directhealthcaregroup.com\\\/da\\\/viden-og-evidens\\\/179993-2\\\/#primaryimage\"},\"image\":{\"@id\":\"https:\\\/\\\/www.directhealthcaregroup.com\\\/da\\\/viden-og-evidens\\\/179993-2\\\/#primaryimage\"},\"thumbnailUrl\":\"https:\\\/\\\/www.directhealthcaregroup.com\\\/app\\\/uploads\\\/faaborg-midtfyn-billede-tb-transformed.jpeg\",\"datePublished\":\"2023-04-21T07:24:43+00:00\",\"dateModified\":\"2023-05-16T19:04:27+00:00\",\"breadcrumb\":{\"@id\":\"https:\\\/\\\/www.directhealthcaregroup.com\\\/da\\\/viden-og-evidens\\\/179993-2\\\/#breadcrumb\"},\"inLanguage\":\"da-DK\",\"potentialAction\":[{\"@type\":\"ReadAction\",\"target\":[\"https:\\\/\\\/www.directhealthcaregroup.com\\\/da\\\/viden-og-evidens\\\/179993-2\\\/\"]}]},{\"@type\":\"ImageObject\",\"inLanguage\":\"da-DK\",\"@id\":\"https:\\\/\\\/www.directhealthcaregroup.com\\\/da\\\/viden-og-evidens\\\/179993-2\\\/#primaryimage\",\"url\":\"https:\\\/\\\/www.directhealthcaregroup.com\\\/app\\\/uploads\\\/faaborg-midtfyn-billede-tb-transformed.jpeg\",\"contentUrl\":\"https:\\\/\\\/www.directhealthcaregroup.com\\\/app\\\/uploads\\\/faaborg-midtfyn-billede-tb-transformed.jpeg\",\"width\":2000,\"height\":500},{\"@type\":\"BreadcrumbList\",\"@id\":\"https:\\\/\\\/www.directhealthcaregroup.com\\\/da\\\/viden-og-evidens\\\/179993-2\\\/#breadcrumb\",\"itemListElement\":[{\"@type\":\"ListItem\",\"position\":1,\"name\":\"Home\",\"item\":\"https:\\\/\\\/www.directhealthcaregroup.com\\\/da\\\/\"},{\"@type\":\"ListItem\",\"position\":2,\"name\":\"VIDEN OG EVIDENS\",\"item\":\"https:\\\/\\\/www.directhealthcaregroup.com\\\/da\\\/viden-og-evidens\\\/\"},{\"@type\":\"ListItem\",\"position\":3,\"name\":\"Lejringskatalog til inspiration\"}]},{\"@type\":\"WebSite\",\"@id\":\"https:\\\/\\\/www.directhealthcaregroup.com\\\/#website\",\"url\":\"https:\\\/\\\/www.directhealthcaregroup.com\\\/\",\"name\":\"DHG\",\"description\":\"Moving Health Forward\",\"publisher\":{\"@id\":\"https:\\\/\\\/www.directhealthcaregroup.com\\\/#organization\"},\"potentialAction\":[{\"@type\":\"SearchAction\",\"target\":{\"@type\":\"EntryPoint\",\"urlTemplate\":\"https:\\\/\\\/www.directhealthcaregroup.com\\\/?s={search_term_string}\"},\"query-input\":{\"@type\":\"PropertyValueSpecification\",\"valueRequired\":true,\"valueName\":\"search_term_string\"}}],\"inLanguage\":\"da-DK\"},{\"@type\":\"Organization\",\"@id\":\"https:\\\/\\\/www.directhealthcaregroup.com\\\/#organization\",\"name\":\"Direct Healthcare Group\",\"url\":\"https:\\\/\\\/www.directhealthcaregroup.com\\\/\",\"logo\":{\"@type\":\"ImageObject\",\"inLanguage\":\"da-DK\",\"@id\":\"https:\\\/\\\/www.directhealthcaregroup.com\\\/#\\\/schema\\\/logo\\\/image\\\/\",\"url\":\"https:\\\/\\\/directhealthcaregroup.com\\\/app\\\/uploads\\\/dhg-logo.png\",\"contentUrl\":\"https:\\\/\\\/directhealthcaregroup.com\\\/app\\\/uploads\\\/dhg-logo.png\",\"width\":556,\"height\":240,\"caption\":\"Direct Healthcare Group\"},\"image\":{\"@id\":\"https:\\\/\\\/www.directhealthcaregroup.com\\\/#\\\/schema\\\/logo\\\/image\\\/\"}}]}<\/script>\n<!-- \/ Yoast SEO plugin. -->","yoast_head_json":{"title":"Lejringskatalog til inspiration | DHG","robots":{"index":"index","follow":"follow","max-snippet":"max-snippet:-1","max-image-preview":"max-image-preview:large","max-video-preview":"max-video-preview:-1"},"canonical":"https:\/\/www.directhealthcaregroup.com\/da\/viden-og-evidens\/179993-2\/","og_locale":"da_DK","og_type":"article","og_title":"Lejringskatalog til inspiration | DHG","og_description":"En tv\u00e6rfaglig gruppe med fysioterapeut Lotte Bagge i spidsen, har udarbejdet et lejringskatalog, som skal hj\u00e6lpe frontpersonalet i forhold til konkrete problemstillinger og give ny inspiration til lejring af sengeliggende. Kataloget indeholder fotos og beskrivelser af en r\u00e6kke lejringer, der kan afhj\u00e6lpe problemstillinger som trykskader, trykfordeling, aflastning af h\u00e6le mv. 12. marts 2019 Seminar som &hellip; Continued","og_url":"https:\/\/www.directhealthcaregroup.com\/da\/viden-og-evidens\/179993-2\/","og_site_name":"DHG","article_modified_time":"2023-05-16T19:04:27+00:00","og_image":[{"width":2000,"height":500,"url":"https:\/\/www.directhealthcaregroup.com\/app\/uploads\/faaborg-midtfyn-billede-tb-transformed.jpeg","type":"image\/jpeg"}],"twitter_card":"summary_large_image","twitter_misc":{"Est. reading time":"2 minutes"},"schema":{"@context":"https:\/\/schema.org","@graph":[{"@type":"WebPage","@id":"https:\/\/www.directhealthcaregroup.com\/da\/viden-og-evidens\/179993-2\/","url":"https:\/\/www.directhealthcaregroup.com\/da\/viden-og-evidens\/179993-2\/","name":"Lejringskatalog til inspiration | DHG","isPartOf":{"@id":"https:\/\/www.directhealthcaregroup.com\/#website"},"primaryImageOfPage":{"@id":"https:\/\/www.directhealthcaregroup.com\/da\/viden-og-evidens\/179993-2\/#primaryimage"},"image":{"@id":"https:\/\/www.directhealthcaregroup.com\/da\/viden-og-evidens\/179993-2\/#primaryimage"},"thumbnailUrl":"https:\/\/www.directhealthcaregroup.com\/app\/uploads\/faaborg-midtfyn-billede-tb-transformed.jpeg","datePublished":"2023-04-21T07:24:43+00:00","dateModified":"2023-05-16T19:04:27+00:00","breadcrumb":{"@id":"https:\/\/www.directhealthcaregroup.com\/da\/viden-og-evidens\/179993-2\/#breadcrumb"},"inLanguage":"da-DK","potentialAction":[{"@type":"ReadAction","target":["https:\/\/www.directhealthcaregroup.com\/da\/viden-og-evidens\/179993-2\/"]}]},{"@type":"ImageObject","inLanguage":"da-DK","@id":"https:\/\/www.directhealthcaregroup.com\/da\/viden-og-evidens\/179993-2\/#primaryimage","url":"https:\/\/www.directhealthcaregroup.com\/app\/uploads\/faaborg-midtfyn-billede-tb-transformed.jpeg","contentUrl":"https:\/\/www.directhealthcaregroup.com\/app\/uploads\/faaborg-midtfyn-billede-tb-transformed.jpeg","width":2000,"height":500},{"@type":"BreadcrumbList","@id":"https:\/\/www.directhealthcaregroup.com\/da\/viden-og-evidens\/179993-2\/#breadcrumb","itemListElement":[{"@type":"ListItem","position":1,"name":"Home","item":"https:\/\/www.directhealthcaregroup.com\/da\/"},{"@type":"ListItem","position":2,"name":"VIDEN OG EVIDENS","item":"https:\/\/www.directhealthcaregroup.com\/da\/viden-og-evidens\/"},{"@type":"ListItem","position":3,"name":"Lejringskatalog til inspiration"}]},{"@type":"WebSite","@id":"https:\/\/www.directhealthcaregroup.com\/#website","url":"https:\/\/www.directhealthcaregroup.com\/","name":"DHG","description":"Moving Health Forward","publisher":{"@id":"https:\/\/www.directhealthcaregroup.com\/#organization"},"potentialAction":[{"@type":"SearchAction","target":{"@type":"EntryPoint","urlTemplate":"https:\/\/www.directhealthcaregroup.com\/?s={search_term_string}"},"query-input":{"@type":"PropertyValueSpecification","valueRequired":true,"valueName":"search_term_string"}}],"inLanguage":"da-DK"},{"@type":"Organization","@id":"https:\/\/www.directhealthcaregroup.com\/#organization","name":"Direct Healthcare Group","url":"https:\/\/www.directhealthcaregroup.com\/","logo":{"@type":"ImageObject","inLanguage":"da-DK","@id":"https:\/\/www.directhealthcaregroup.com\/#\/schema\/logo\/image\/","url":"https:\/\/directhealthcaregroup.com\/app\/uploads\/dhg-logo.png","contentUrl":"https:\/\/directhealthcaregroup.com\/app\/uploads\/dhg-logo.png","width":556,"height":240,"caption":"Direct Healthcare Group"},"image":{"@id":"https:\/\/www.directhealthcaregroup.com\/#\/schema\/logo\/image\/"}}]}},"_links":{"self":[{"href":"https:\/\/www.directhealthcaregroup.com\/da\/wp-json\/wp\/v2\/pages\/179993","targetHints":{"allow":["GET"]}}],"collection":[{"href":"https:\/\/www.directhealthcaregroup.com\/da\/wp-json\/wp\/v2\/pages"}],"about":[{"href":"https:\/\/www.directhealthcaregroup.com\/da\/wp-json\/wp\/v2\/types\/page"}],"author":[{"embeddable":true,"href":"https:\/\/www.directhealthcaregroup.com\/da\/wp-json\/wp\/v2\/users\/40"}],"replies":[{"embeddable":true,"href":"https:\/\/www.directhealthcaregroup.com\/da\/wp-json\/wp\/v2\/comments?post=179993"}],"version-history":[{"count":3,"href":"https:\/\/www.directhealthcaregroup.com\/da\/wp-json\/wp\/v2\/pages\/179993\/revisions"}],"predecessor-version":[{"id":183662,"href":"https:\/\/www.directhealthcaregroup.com\/da\/wp-json\/wp\/v2\/pages\/179993\/revisions\/183662"}],"up":[{"embeddable":true,"href":"https:\/\/www.directhealthcaregroup.com\/da\/wp-json\/wp\/v2\/pages\/174696"}],"wp:featuredmedia":[{"embeddable":true,"href":"https:\/\/www.directhealthcaregroup.com\/da\/wp-json\/wp\/v2\/media\/180005"}],"wp:attachment":[{"href":"https:\/\/www.directhealthcaregroup.com\/da\/wp-json\/wp\/v2\/media?parent=179993"}],"curies":[{"name":"wp","href":"https:\/\/api.w.org\/{rel}","templated":true}]}}