{"id":180030,"date":"2023-04-21T09:25:24","date_gmt":"2023-04-21T08:25:24","guid":{"rendered":"https:\/\/www.directhealthcaregroup.com\/?page_id=180030"},"modified":"2023-05-16T20:05:00","modified_gmt":"2023-05-16T19:05:00","slug":"180030-2","status":"publish","type":"page","link":"https:\/\/www.directhealthcaregroup.com\/da\/viden-og-evidens\/180030-2\/","title":{"rendered":"En omkring borgeren"},"content":{"rendered":"\n<h1 class=\"wp-block-heading\"><\/h1>\n\n\n\n<p>Et projekt, der er gennemf\u00f8rt i Hiller\u00f8d Kommune, har unders\u00f8gt, om man ved hj\u00e6lp af forflytningshj\u00e6lpemidler kan g\u00e5 fra 2 til 1 omkring borgeren. I alt er 7 hj\u00e6lpemidler udvalgt til at indg\u00e5 i projektet, herunder VENDLET V5S.<\/p>\n\n\n\n<p>14. april 2019<\/p>\n\n\n\n<h2 class=\"wp-block-heading\"><strong>Pilotprojektet<\/strong><\/h2>\n\n\n\n<p>Hiller\u00f8d projektet, der er udrullet i praksis fra januar til marts 2018, tog udgangspunkt i et tidligere pilotprojekt ogs\u00e5 kaldet \u2019En omkring borgeren\u2019. Pilotprojektet blev gennemf\u00f8rt p\u00e5 Plejecenter Bauneparken med det form\u00e5l at afd\u00e6kke, hvorvidt man ved at underst\u00f8tte pleje- og forflytningssituationer med relevant velf\u00e6rdsteknologiske hj\u00e6lpemidler kunne reducere antallet af medarbejdere omkring borgeren i de enkelte plejesituationer.<\/p>\n\n\n\n<p><strong>M\u00e5let med projektet var at<\/strong><\/p>\n\n\n\n<ol class=\"wp-block-list\"><li>forbedre plejekvaliteten for borgeren<\/li><li>forbedre arbejdsmilj\u00f8et for medarbejderen<\/li><li>\u00f8ge effektiviteten<\/li><\/ol>\n\n\n\n<p>Projektet havde sit udspring i \u00d8konomiaftalen \u201dAftale om kommunernes \u00f8konomi for 2014\u201d, hvor der blev lagt s\u00e6rligt v\u00e6gt p\u00e5 anvendelsen af velf\u00e6rdsteknologi. Her var et af indsatsomr\u00e5derne at optimere driften omkring forflytning. Pilotprojektet \u00c9n omkring borgeren skulle i lille skala afd\u00e6kke hvordan m\u00e5lene kunne opn\u00e5s, og samle erfaringer til en st\u00f8rre udrulning, som er foreg\u00e5et i starten af 2018.&nbsp;<\/p>\n\n\n\n<h2 class=\"wp-block-heading\"><strong>Fremgangsm\u00e5den<\/strong><\/h2>\n\n\n\n<p>Til udrulning fik projektet adgang til midler fra v\u00e6rdighedspuljen. Midlerne skulle bruges til indk\u00f8b af de velf\u00e6rdsteknologiske hj\u00e6lpemidler. Projektet blev gennemf\u00f8rt p\u00e5 fire forskellige lokaliteter, som hver fik et bel\u00f8b at indk\u00f8be hj\u00e6lpemidler for.<\/p>\n\n\n\n<p>I alt er 7 hj\u00e6lpemidler, herunder VENDLET V5S blevet afpr\u00f8vet hos 27 borgere og i 30 forflytnings- og plejesituationer, hvor man har v\u00e6ret vant til at v\u00e6re 2 plejere. Tre ud af de syv hj\u00e6lpemidler der indgik i projektet blev mere indk\u00f8bt end de andre, herunder VENDLET systemet.<\/p>\n\n\n\n<p>Der er blevet foretaget tidsm\u00e5linger f\u00f8r og efter implementeringen af hj\u00e6lpemidlerne af hver forflytningssituation. F\u00f8r m\u00e5lingerne blev foretaget med udgangspunkt i den normale pleje- og forflytningsrutine for den enkelte borger, imens efter m\u00e5lingerne blev m\u00e5lt n\u00e5r personalet var blevet bekendte med hj\u00e6lpemidlerne, og der igen var opst\u00e5et en ny rutine.<\/p>\n\n\n\n<h2 class=\"wp-block-heading\"><strong>S\u00e6rligt om VENDLET<\/strong><\/h2>\n\n\n\n<p>Efter pilotprojektets afslutning var VENDLET systemet det hj\u00e6lpemiddel som personalet var mest begejstrede for. De medarbejdere der benyttede VENDLET havde et klart \u00f8nske om at systemet blev en almindelig del af plejepraksis.<\/p>\n\n\n\n<p>Ogs\u00e5 ved projektets udrulning har VENDLET vakt begejstring. Personalet fort\u00e6ller at VENDLET er let at betjene, og at borgeren oplever en h\u00f8jere grad af tryghed, og er mere tilb\u00f8jelig til at deltage i forflytningen. Med brugen af VENDLET opleves der en bedre kontakt til borgeren, samt et generelt kvalitetsl\u00f8ft af plejen. Forflytning af sengeliggende med VENDLET blev vurderet til at medf\u00f8re bedre arbejdsmilj\u00f8, bedre komfort for borgeren og bedre udnyttelse af plejepersonalets tid.<\/p>\n\n\n\n<p>Personalet oplevede at VENDLET var fysisk aflastende, s\u00e6rligt for ryg, arme og skuldre, og at de med brugen af VENDLET kunne \u00f8ge kvaliteten af den pleje de gav borgeren, da der under forflytningen er god kontakt til borgeren. Personalet vurderede ogs\u00e5, at brug af VENDLET medf\u00f8rer en blidere forflytning, mindre friktion og dermed kan v\u00e6re med til at forebygge v\u00e6vsskader.<\/p>\n\n\n\n<figure class=\"wp-block-embed-youtube wp-block-embed is-type-video is-provider-youtube wp-embed-aspect-16-9 wp-has-aspect-ratio\"><div class=\"wp-block-embed__wrapper\">\n<iframe loading=\"lazy\" title=\"En omkring borgeren\" width=\"500\" height=\"281\" src=\"https:\/\/www.youtube.com\/embed\/Wy1cayJJNsY?feature=oembed\" frameborder=\"0\" allow=\"accelerometer; autoplay; clipboard-write; encrypted-media; gyroscope; picture-in-picture; web-share\" referrerpolicy=\"strict-origin-when-cross-origin\" allowfullscreen><\/iframe>\n<\/div><\/figure>\n\n\n\n<h2 class=\"wp-block-heading\"><strong>Hj\u00e6lpemidler f\u00f8rer til \u00f8get effektivitet<\/strong><\/h2>\n\n\n\n<p>Plejecentrene i Hiller\u00f8d har oplevet en klar forbedring i effektiviteten. I 16 forflytnings- og plejesituationer lykkedes det medarbejdere at g\u00e5 fra 2 til 1 hj\u00e6lpere omkring borgeren, og i 12 situationer kunne man delvist g\u00e5 fra 2 til en. I kun 2 situationer var det ikke muligt at g\u00e5 fra 2 til 1.<\/p>\n\n\n\n<p>I alt f\u00f8rer denne \u00f8gede effektivitet til en tidsm\u00e6ssig gevinst p\u00e5 77 timer per uge p\u00e5 de 30 forflytningssituationer der er blevet m\u00e5lt. Projektet udregnede desuden en nettogevinst p\u00e5 73 minutter per uge per borger der anvender VENDLET.<\/p>\n\n\n\n<p>Herudover har udrulningen af projektet betydet, at man i flere situationer end de der indgik i projektet, ogs\u00e5 er begyndt at v\u00e6re 1 hj\u00e6lper frem for 2.&nbsp;<\/p>\n\n\n\n<h2 class=\"wp-block-heading\"><strong>Forbedringer for personale og borger<\/strong><\/h2>\n\n\n\n<p>Der var bred enighed om, at de st\u00f8rste gevinster ved projektet var den \u00f8gede fleksibilitet i planl\u00e6gningen af medarbejdernes arbejde, et forbedret arbejdsmilj\u00f8 for medarbejderne, samt en forbedret kvalitet for borgerne.<\/p>\n\n\n\n<p>Af personalet blev VENDLET s\u00e6rligt fremh\u00e6vet idet medarbejderne slap for tunge vendinger i sengen, og blev aflastet i skulder, h\u00e5ndled og ryg. At g\u00e5 fra to til en medarbejder medf\u00f8rte ogs\u00e5 st\u00f8rre fleksibilitet i personalets arbejde, da de ikke l\u00e6ngere var afh\u00e6ngige af hinanden, og at der dermed blev sk\u00e5ret ned p\u00e5 ventetiden.<\/p>\n\n\n\n<p>Ogs\u00e5 borgerne oplevede en bedre kvalitet i forflytnings- og plejesituationerne. S\u00e6rligt kan n\u00e6vnes at borgerne f\u00f8lte sig mere medinddraget i forflytningen, og dermed kunne hj\u00e6lpe mere til selv. Dette styrker b\u00e5de borgerens selvst\u00e6ndighed og kan medvirke til fysisk og psykisk rehabilitering. Herudover var borgerne mere tilfredse med, at der kun var en hj\u00e6lper at tale med, og at samtalen dermed kunne foreg\u00e5 mere i \u00f8jenh\u00f8jde borger og hj\u00e6lper i mellem.<\/p>\n\n\n\n<p>Det er kommet bag p\u00e5 medarbejderne, at det at g\u00e5 fra 2 til 1 hj\u00e6lper medf\u00f8rer s\u00e5 meget kvalitet for borgeren. Projektet har derfor ogs\u00e5 medf\u00f8rt at de medarbejdere der har deltaget i projektet er blevet mere opm\u00e6rksomme p\u00e5 ikke at tale hen over hovedet p\u00e5 borgeren i forflytnings- og plejesituationer og samtidigt inddrage borgeren i forflytningen.<\/p>\n\n\n\n<h2 class=\"wp-block-heading\"><strong>Fremtidsudsigter<\/strong><\/h2>\n\n\n\n<p>De 7 hj\u00e6lpemidler der har indg\u00e5et i projektet er blevet godkendt som APV-hj\u00e6lpemidler. Det betyder at de fem plejecentre i Hiller\u00f8d Kommune hurtigere kan f\u00e5 adgang til hj\u00e6lpemidlerne, da de ikke skal bevilliges som personlige hj\u00e6lpemidler, men kan bestilles af en forflytningsvejleder. Dette betyder, at der g\u00e5r kortere tid, hvor personalet skal arbejde i d\u00e5rlige arbejdsstillinger fordi de selv kan vurdere at der er behov for yderligere hj\u00e6lpemidler.<\/p>\n\n\n\n<p>Det er projektgruppens vurdering at der findes endnu flere borgere, der kan g\u00e5 fra to til en hj\u00e6lper i forflytnings- og plejesituationer. Dette vil betyde en yderligere tidsm\u00e6ssige besparelse og bedre kvalitet af plejen.<\/p>\n\n\n\n<hr class=\"wp-block-separator\"\/>\n\n\n\n<p><strong>Hent PDF:<\/strong><\/p>\n\n\n\n<p>Se rapporten fra Hiller\u00f8d Kommune:&nbsp;<a href=\"https:\/\/www.directhealthcaregroup.com\/app\/uploads\/slutevalueringn_eomkring_borgeren_04-06-2018_faerdig.pdf\" target=\"_blank\" rel=\"noreferrer noopener\">Afslutningsrapport for Projekt \u00c9n omkring borgeren<\/a><\/p>\n\n\n\n<p>Se Pilotprojektet fra Hiller\u00f8d Kommune:&nbsp;<a rel=\"noreferrer noopener\" href=\"https:\/\/www.vendlet.dk\/media\/3vfl4phu\/hilleroed-kommune-en-omkring-borgeren.pdf?File=%2fFiles%2fFiles%2fVendlet%2fNyheder%2fHilleroed-Kommune-En-omkring-borgeren.pdf\" target=\"_blank\">P<\/a><a href=\"https:\/\/www.directhealthcaregroup.com\/app\/uploads\/hilleroed-kommune-en-omkring-borgeren.pdf\" target=\"_blank\" rel=\"noreferrer noopener\">ilotprojekt: \u00c9n omkring borgeren<\/a><\/p>\n","protected":false},"excerpt":{"rendered":"<p>Et projekt, der er gennemf\u00f8rt i Hiller\u00f8d Kommune, har unders\u00f8gt, om man ved hj\u00e6lp af forflytningshj\u00e6lpemidler kan g\u00e5 fra 2 til 1 omkring borgeren. I alt er 7 hj\u00e6lpemidler udvalgt til at indg\u00e5 i projektet, herunder VENDLET V5S. 14. april 2019 Pilotprojektet Hiller\u00f8d projektet, der er udrullet i praksis fra januar til marts 2018, tog &hellip; <a href=\"https:\/\/www.directhealthcaregroup.com\/da\/viden-og-evidens\/180030-2\/\">Continued<\/a><\/p>\n","protected":false},"author":40,"featured_media":180054,"parent":174696,"menu_order":67,"comment_status":"closed","ping_status":"closed","template":"","meta":{"_acf_changed":false,"footnotes":""},"class_list":["post-180030","page","type-page","status-publish","has-post-thumbnail","hentry"],"acf":[],"yoast_head":"<!-- This site is optimized with the Yoast SEO plugin v27.4 - https:\/\/yoast.com\/product\/yoast-seo-wordpress\/ -->\n<title>En omkring borgeren | DHG<\/title>\n<meta name=\"robots\" content=\"index, follow, max-snippet:-1, max-image-preview:large, max-video-preview:-1\" \/>\n<link rel=\"canonical\" href=\"https:\/\/www.directhealthcaregroup.com\/da\/viden-og-evidens\/180030-2\/\" \/>\n<meta property=\"og:locale\" content=\"da_DK\" \/>\n<meta property=\"og:type\" content=\"article\" \/>\n<meta property=\"og:title\" content=\"En omkring borgeren | DHG\" \/>\n<meta property=\"og:description\" content=\"Et projekt, der er gennemf\u00f8rt i Hiller\u00f8d Kommune, har unders\u00f8gt, om man ved hj\u00e6lp af forflytningshj\u00e6lpemidler kan g\u00e5 fra 2 til 1 omkring borgeren. I alt er 7 hj\u00e6lpemidler udvalgt til at indg\u00e5 i projektet, herunder VENDLET V5S. 14. april 2019 Pilotprojektet Hiller\u00f8d projektet, der er udrullet i praksis fra januar til marts 2018, tog &hellip; Continued\" \/>\n<meta property=\"og:url\" content=\"https:\/\/www.directhealthcaregroup.com\/da\/viden-og-evidens\/180030-2\/\" \/>\n<meta property=\"og:site_name\" content=\"DHG\" \/>\n<meta property=\"article:modified_time\" content=\"2023-05-16T19:05:00+00:00\" \/>\n<meta property=\"og:image\" content=\"https:\/\/www.directhealthcaregroup.com\/app\/uploads\/en-omkring-borgeren-tb-DjfAxLLcQ-transformed.jpeg\" \/>\n\t<meta property=\"og:image:width\" content=\"2000\" \/>\n\t<meta property=\"og:image:height\" content=\"500\" \/>\n\t<meta property=\"og:image:type\" content=\"image\/jpeg\" \/>\n<meta name=\"twitter:card\" content=\"summary_large_image\" \/>\n<meta name=\"twitter:label1\" content=\"Est. reading time\" \/>\n\t<meta name=\"twitter:data1\" content=\"5 minutes\" \/>\n<script type=\"application\/ld+json\" class=\"yoast-schema-graph\">{\"@context\":\"https:\\\/\\\/schema.org\",\"@graph\":[{\"@type\":\"WebPage\",\"@id\":\"https:\\\/\\\/www.directhealthcaregroup.com\\\/da\\\/viden-og-evidens\\\/180030-2\\\/\",\"url\":\"https:\\\/\\\/www.directhealthcaregroup.com\\\/da\\\/viden-og-evidens\\\/180030-2\\\/\",\"name\":\"En omkring borgeren | DHG\",\"isPartOf\":{\"@id\":\"https:\\\/\\\/www.directhealthcaregroup.com\\\/#website\"},\"primaryImageOfPage\":{\"@id\":\"https:\\\/\\\/www.directhealthcaregroup.com\\\/da\\\/viden-og-evidens\\\/180030-2\\\/#primaryimage\"},\"image\":{\"@id\":\"https:\\\/\\\/www.directhealthcaregroup.com\\\/da\\\/viden-og-evidens\\\/180030-2\\\/#primaryimage\"},\"thumbnailUrl\":\"https:\\\/\\\/www.directhealthcaregroup.com\\\/app\\\/uploads\\\/en-omkring-borgeren-tb-DjfAxLLcQ-transformed.jpeg\",\"datePublished\":\"2023-04-21T08:25:24+00:00\",\"dateModified\":\"2023-05-16T19:05:00+00:00\",\"breadcrumb\":{\"@id\":\"https:\\\/\\\/www.directhealthcaregroup.com\\\/da\\\/viden-og-evidens\\\/180030-2\\\/#breadcrumb\"},\"inLanguage\":\"da-DK\",\"potentialAction\":[{\"@type\":\"ReadAction\",\"target\":[\"https:\\\/\\\/www.directhealthcaregroup.com\\\/da\\\/viden-og-evidens\\\/180030-2\\\/\"]}]},{\"@type\":\"ImageObject\",\"inLanguage\":\"da-DK\",\"@id\":\"https:\\\/\\\/www.directhealthcaregroup.com\\\/da\\\/viden-og-evidens\\\/180030-2\\\/#primaryimage\",\"url\":\"https:\\\/\\\/www.directhealthcaregroup.com\\\/app\\\/uploads\\\/en-omkring-borgeren-tb-DjfAxLLcQ-transformed.jpeg\",\"contentUrl\":\"https:\\\/\\\/www.directhealthcaregroup.com\\\/app\\\/uploads\\\/en-omkring-borgeren-tb-DjfAxLLcQ-transformed.jpeg\",\"width\":2000,\"height\":500},{\"@type\":\"BreadcrumbList\",\"@id\":\"https:\\\/\\\/www.directhealthcaregroup.com\\\/da\\\/viden-og-evidens\\\/180030-2\\\/#breadcrumb\",\"itemListElement\":[{\"@type\":\"ListItem\",\"position\":1,\"name\":\"Home\",\"item\":\"https:\\\/\\\/www.directhealthcaregroup.com\\\/da\\\/\"},{\"@type\":\"ListItem\",\"position\":2,\"name\":\"VIDEN OG EVIDENS\",\"item\":\"https:\\\/\\\/www.directhealthcaregroup.com\\\/da\\\/viden-og-evidens\\\/\"},{\"@type\":\"ListItem\",\"position\":3,\"name\":\"En omkring borgeren\"}]},{\"@type\":\"WebSite\",\"@id\":\"https:\\\/\\\/www.directhealthcaregroup.com\\\/#website\",\"url\":\"https:\\\/\\\/www.directhealthcaregroup.com\\\/\",\"name\":\"DHG\",\"description\":\"Moving Health Forward\",\"publisher\":{\"@id\":\"https:\\\/\\\/www.directhealthcaregroup.com\\\/#organization\"},\"potentialAction\":[{\"@type\":\"SearchAction\",\"target\":{\"@type\":\"EntryPoint\",\"urlTemplate\":\"https:\\\/\\\/www.directhealthcaregroup.com\\\/?s={search_term_string}\"},\"query-input\":{\"@type\":\"PropertyValueSpecification\",\"valueRequired\":true,\"valueName\":\"search_term_string\"}}],\"inLanguage\":\"da-DK\"},{\"@type\":\"Organization\",\"@id\":\"https:\\\/\\\/www.directhealthcaregroup.com\\\/#organization\",\"name\":\"Direct Healthcare Group\",\"url\":\"https:\\\/\\\/www.directhealthcaregroup.com\\\/\",\"logo\":{\"@type\":\"ImageObject\",\"inLanguage\":\"da-DK\",\"@id\":\"https:\\\/\\\/www.directhealthcaregroup.com\\\/#\\\/schema\\\/logo\\\/image\\\/\",\"url\":\"https:\\\/\\\/directhealthcaregroup.com\\\/app\\\/uploads\\\/dhg-logo.png\",\"contentUrl\":\"https:\\\/\\\/directhealthcaregroup.com\\\/app\\\/uploads\\\/dhg-logo.png\",\"width\":556,\"height\":240,\"caption\":\"Direct Healthcare Group\"},\"image\":{\"@id\":\"https:\\\/\\\/www.directhealthcaregroup.com\\\/#\\\/schema\\\/logo\\\/image\\\/\"}}]}<\/script>\n<!-- \/ Yoast SEO plugin. -->","yoast_head_json":{"title":"En omkring borgeren | DHG","robots":{"index":"index","follow":"follow","max-snippet":"max-snippet:-1","max-image-preview":"max-image-preview:large","max-video-preview":"max-video-preview:-1"},"canonical":"https:\/\/www.directhealthcaregroup.com\/da\/viden-og-evidens\/180030-2\/","og_locale":"da_DK","og_type":"article","og_title":"En omkring borgeren | DHG","og_description":"Et projekt, der er gennemf\u00f8rt i Hiller\u00f8d Kommune, har unders\u00f8gt, om man ved hj\u00e6lp af forflytningshj\u00e6lpemidler kan g\u00e5 fra 2 til 1 omkring borgeren. I alt er 7 hj\u00e6lpemidler udvalgt til at indg\u00e5 i projektet, herunder VENDLET V5S. 14. april 2019 Pilotprojektet Hiller\u00f8d projektet, der er udrullet i praksis fra januar til marts 2018, tog &hellip; Continued","og_url":"https:\/\/www.directhealthcaregroup.com\/da\/viden-og-evidens\/180030-2\/","og_site_name":"DHG","article_modified_time":"2023-05-16T19:05:00+00:00","og_image":[{"width":2000,"height":500,"url":"https:\/\/www.directhealthcaregroup.com\/app\/uploads\/en-omkring-borgeren-tb-DjfAxLLcQ-transformed.jpeg","type":"image\/jpeg"}],"twitter_card":"summary_large_image","twitter_misc":{"Est. reading time":"5 minutes"},"schema":{"@context":"https:\/\/schema.org","@graph":[{"@type":"WebPage","@id":"https:\/\/www.directhealthcaregroup.com\/da\/viden-og-evidens\/180030-2\/","url":"https:\/\/www.directhealthcaregroup.com\/da\/viden-og-evidens\/180030-2\/","name":"En omkring borgeren | DHG","isPartOf":{"@id":"https:\/\/www.directhealthcaregroup.com\/#website"},"primaryImageOfPage":{"@id":"https:\/\/www.directhealthcaregroup.com\/da\/viden-og-evidens\/180030-2\/#primaryimage"},"image":{"@id":"https:\/\/www.directhealthcaregroup.com\/da\/viden-og-evidens\/180030-2\/#primaryimage"},"thumbnailUrl":"https:\/\/www.directhealthcaregroup.com\/app\/uploads\/en-omkring-borgeren-tb-DjfAxLLcQ-transformed.jpeg","datePublished":"2023-04-21T08:25:24+00:00","dateModified":"2023-05-16T19:05:00+00:00","breadcrumb":{"@id":"https:\/\/www.directhealthcaregroup.com\/da\/viden-og-evidens\/180030-2\/#breadcrumb"},"inLanguage":"da-DK","potentialAction":[{"@type":"ReadAction","target":["https:\/\/www.directhealthcaregroup.com\/da\/viden-og-evidens\/180030-2\/"]}]},{"@type":"ImageObject","inLanguage":"da-DK","@id":"https:\/\/www.directhealthcaregroup.com\/da\/viden-og-evidens\/180030-2\/#primaryimage","url":"https:\/\/www.directhealthcaregroup.com\/app\/uploads\/en-omkring-borgeren-tb-DjfAxLLcQ-transformed.jpeg","contentUrl":"https:\/\/www.directhealthcaregroup.com\/app\/uploads\/en-omkring-borgeren-tb-DjfAxLLcQ-transformed.jpeg","width":2000,"height":500},{"@type":"BreadcrumbList","@id":"https:\/\/www.directhealthcaregroup.com\/da\/viden-og-evidens\/180030-2\/#breadcrumb","itemListElement":[{"@type":"ListItem","position":1,"name":"Home","item":"https:\/\/www.directhealthcaregroup.com\/da\/"},{"@type":"ListItem","position":2,"name":"VIDEN OG EVIDENS","item":"https:\/\/www.directhealthcaregroup.com\/da\/viden-og-evidens\/"},{"@type":"ListItem","position":3,"name":"En omkring borgeren"}]},{"@type":"WebSite","@id":"https:\/\/www.directhealthcaregroup.com\/#website","url":"https:\/\/www.directhealthcaregroup.com\/","name":"DHG","description":"Moving Health Forward","publisher":{"@id":"https:\/\/www.directhealthcaregroup.com\/#organization"},"potentialAction":[{"@type":"SearchAction","target":{"@type":"EntryPoint","urlTemplate":"https:\/\/www.directhealthcaregroup.com\/?s={search_term_string}"},"query-input":{"@type":"PropertyValueSpecification","valueRequired":true,"valueName":"search_term_string"}}],"inLanguage":"da-DK"},{"@type":"Organization","@id":"https:\/\/www.directhealthcaregroup.com\/#organization","name":"Direct Healthcare Group","url":"https:\/\/www.directhealthcaregroup.com\/","logo":{"@type":"ImageObject","inLanguage":"da-DK","@id":"https:\/\/www.directhealthcaregroup.com\/#\/schema\/logo\/image\/","url":"https:\/\/directhealthcaregroup.com\/app\/uploads\/dhg-logo.png","contentUrl":"https:\/\/directhealthcaregroup.com\/app\/uploads\/dhg-logo.png","width":556,"height":240,"caption":"Direct Healthcare Group"},"image":{"@id":"https:\/\/www.directhealthcaregroup.com\/#\/schema\/logo\/image\/"}}]}},"_links":{"self":[{"href":"https:\/\/www.directhealthcaregroup.com\/da\/wp-json\/wp\/v2\/pages\/180030","targetHints":{"allow":["GET"]}}],"collection":[{"href":"https:\/\/www.directhealthcaregroup.com\/da\/wp-json\/wp\/v2\/pages"}],"about":[{"href":"https:\/\/www.directhealthcaregroup.com\/da\/wp-json\/wp\/v2\/types\/page"}],"author":[{"embeddable":true,"href":"https:\/\/www.directhealthcaregroup.com\/da\/wp-json\/wp\/v2\/users\/40"}],"replies":[{"embeddable":true,"href":"https:\/\/www.directhealthcaregroup.com\/da\/wp-json\/wp\/v2\/comments?post=180030"}],"version-history":[{"count":3,"href":"https:\/\/www.directhealthcaregroup.com\/da\/wp-json\/wp\/v2\/pages\/180030\/revisions"}],"predecessor-version":[{"id":183663,"href":"https:\/\/www.directhealthcaregroup.com\/da\/wp-json\/wp\/v2\/pages\/180030\/revisions\/183663"}],"up":[{"embeddable":true,"href":"https:\/\/www.directhealthcaregroup.com\/da\/wp-json\/wp\/v2\/pages\/174696"}],"wp:featuredmedia":[{"embeddable":true,"href":"https:\/\/www.directhealthcaregroup.com\/da\/wp-json\/wp\/v2\/media\/180054"}],"wp:attachment":[{"href":"https:\/\/www.directhealthcaregroup.com\/da\/wp-json\/wp\/v2\/media?parent=180030"}],"curies":[{"name":"wp","href":"https:\/\/api.w.org\/{rel}","templated":true}]}}