{"id":180167,"date":"2023-04-21T10:09:14","date_gmt":"2023-04-21T09:09:14","guid":{"rendered":"https:\/\/www.directhealthcaregroup.com\/?page_id=180167"},"modified":"2023-05-16T20:13:41","modified_gmt":"2023-05-16T19:13:41","slug":"180167-2","status":"publish","type":"page","link":"https:\/\/www.directhealthcaregroup.com\/da\/viden-og-evidens\/180167-2\/","title":{"rendered":"En demensterapeut fort\u00e6ller"},"content":{"rendered":"\n<h1 class=\"wp-block-heading\"><\/h1>\n\n\n\n<p>En borger med sv\u00e6r Alzheimer, der tidligere blev forflyttet med manuelle hj\u00e6lpemidler, trives bedre, og har f\u00e5et mere energi til de daglige aktiviteter, efter at have f\u00e5et et VENDLET system. Samtidig er arbejdsmilj\u00f8et forbedret.<\/p>\n\n\n\n<p>1. maj 2019<\/p>\n\n\n\n<p>Af: Demensterapeut Heidi Tomkins<\/p>\n\n\n\n<p>Jeg arbejder som demensterapeut i demensteamet i Billund Kommune. Min prim\u00e6re funktion er vurdering af sanseintegration og kognitiv udredning hos borgere med demens p\u00e5 de almene plejecentre.<\/p>\n\n\n\n<p>Oftest har jeg de \u201dustabile\u201d forl\u00f8b, s\u00e5som de der er pr\u00e6gede af udadreagerende adf\u00e6rd, hvilket oftest sker ved forkert tilgang, krav tilpasning o. lign.<\/p>\n\n\n\n<p>Et forl\u00f8b jeg gerne vil uddybe, handler om en borger med sv\u00e6r Alzheimer.<\/p>\n\n\n\n<p>Efter henvendelse fra personalet kom borgeren i et forl\u00f8b hos demensteamet. Kontaktpersonen havde taget kontakt til fysioterapeuten for at f\u00e5 et VENDLET system, da borgeren ikke kunne samarbejde under morgenplejen.<\/p>\n\n\n\n<p>For at f\u00e5 et meget bredere perspektiv af, hvad borgerens og personalets behov er, valgte jeg at tage kontakt til Fysioterapeuten i forhold til APV samt ans\u00f8gningen om en VENDLET.<\/p>\n\n\n\n<p>Under selve observationen havde fysioterapeuten fokus p\u00e5 ergonomi, og jeg havde fokus p\u00e5 brugen af borgerens kognitive ressourcer. Efter ca. 20 minutter var personalet ikke f\u00e6rdige med morgenplejen, og borgeren begyndte at reagere verbalt og fysisk og var til sidst gr\u00e5dlabil.<\/p>\n\n\n\n<p>Efterf\u00f8lgende satte vi os ned sammen for at finde den gode l\u00f8sning.<\/p>\n\n\n\n<p>Personalet havde brug for en l\u00f8sning, der kunne forbedre arbejdsmilj\u00f8et, og borgeren havde behov for at spare p\u00e5 sine kognitive ressourcer ved morgenplejen, s\u00e5 han havde ressourcer til de andre betydningsfulde aktiviteter resten af dagen. Ligeledes havde borgeren brug for en stille og rolig morgenpleje uden for meget snak.<\/p>\n\n\n\n<p>VENDLET blev implementeret med det resultat, at morgenplejen blev struktureret med fokus p\u00e5 gode relationer mellem borger og personale og mindre stimuli. Personalet fik samtidig mulighed for at arbejde med god ergonomi.<\/p>\n","protected":false},"excerpt":{"rendered":"<p>En borger med sv\u00e6r Alzheimer, der tidligere blev forflyttet med manuelle hj\u00e6lpemidler, trives bedre, og har f\u00e5et mere energi til de daglige aktiviteter, efter at have f\u00e5et et VENDLET system. Samtidig er arbejdsmilj\u00f8et forbedret. 1. maj 2019 Af: Demensterapeut Heidi Tomkins Jeg arbejder som demensterapeut i demensteamet i Billund Kommune. Min prim\u00e6re funktion er vurdering &hellip; <a href=\"https:\/\/www.directhealthcaregroup.com\/da\/viden-og-evidens\/180167-2\/\">Continued<\/a><\/p>\n","protected":false},"author":40,"featured_media":180168,"parent":174696,"menu_order":70,"comment_status":"closed","ping_status":"closed","template":"","meta":{"_acf_changed":false,"footnotes":""},"class_list":["post-180167","page","type-page","status-publish","has-post-thumbnail","hentry"],"acf":[],"yoast_head":"<!-- This site is optimized with the Yoast SEO plugin v27.4 - https:\/\/yoast.com\/product\/yoast-seo-wordpress\/ -->\n<title>En demensterapeut fort\u00e6ller | DHG<\/title>\n<meta name=\"robots\" content=\"index, follow, max-snippet:-1, max-image-preview:large, max-video-preview:-1\" \/>\n<link rel=\"canonical\" href=\"https:\/\/www.directhealthcaregroup.com\/da\/viden-og-evidens\/180167-2\/\" \/>\n<meta property=\"og:locale\" content=\"da_DK\" \/>\n<meta property=\"og:type\" content=\"article\" \/>\n<meta property=\"og:title\" content=\"En demensterapeut fort\u00e6ller | DHG\" \/>\n<meta property=\"og:description\" content=\"En borger med sv\u00e6r Alzheimer, der tidligere blev forflyttet med manuelle hj\u00e6lpemidler, trives bedre, og har f\u00e5et mere energi til de daglige aktiviteter, efter at have f\u00e5et et VENDLET system. Samtidig er arbejdsmilj\u00f8et forbedret. 1. maj 2019 Af: Demensterapeut Heidi Tomkins Jeg arbejder som demensterapeut i demensteamet i Billund Kommune. Min prim\u00e6re funktion er vurdering &hellip; Continued\" \/>\n<meta property=\"og:url\" content=\"https:\/\/www.directhealthcaregroup.com\/da\/viden-og-evidens\/180167-2\/\" \/>\n<meta property=\"og:site_name\" content=\"DHG\" \/>\n<meta property=\"article:modified_time\" content=\"2023-05-16T19:13:41+00:00\" \/>\n<meta property=\"og:image\" content=\"https:\/\/www.directhealthcaregroup.com\/app\/uploads\/forflytning-af-demensramte-borgere-tb-transformed.jpeg\" \/>\n\t<meta property=\"og:image:width\" content=\"2000\" \/>\n\t<meta property=\"og:image:height\" content=\"500\" \/>\n\t<meta property=\"og:image:type\" content=\"image\/jpeg\" \/>\n<meta name=\"twitter:card\" content=\"summary_large_image\" \/>\n<meta name=\"twitter:label1\" content=\"Est. reading time\" \/>\n\t<meta name=\"twitter:data1\" content=\"2 minutes\" \/>\n<script type=\"application\/ld+json\" class=\"yoast-schema-graph\">{\"@context\":\"https:\\\/\\\/schema.org\",\"@graph\":[{\"@type\":\"WebPage\",\"@id\":\"https:\\\/\\\/www.directhealthcaregroup.com\\\/da\\\/viden-og-evidens\\\/180167-2\\\/\",\"url\":\"https:\\\/\\\/www.directhealthcaregroup.com\\\/da\\\/viden-og-evidens\\\/180167-2\\\/\",\"name\":\"En demensterapeut fort\u00e6ller | DHG\",\"isPartOf\":{\"@id\":\"https:\\\/\\\/www.directhealthcaregroup.com\\\/#website\"},\"primaryImageOfPage\":{\"@id\":\"https:\\\/\\\/www.directhealthcaregroup.com\\\/da\\\/viden-og-evidens\\\/180167-2\\\/#primaryimage\"},\"image\":{\"@id\":\"https:\\\/\\\/www.directhealthcaregroup.com\\\/da\\\/viden-og-evidens\\\/180167-2\\\/#primaryimage\"},\"thumbnailUrl\":\"https:\\\/\\\/www.directhealthcaregroup.com\\\/app\\\/uploads\\\/forflytning-af-demensramte-borgere-tb-transformed.jpeg\",\"datePublished\":\"2023-04-21T09:09:14+00:00\",\"dateModified\":\"2023-05-16T19:13:41+00:00\",\"breadcrumb\":{\"@id\":\"https:\\\/\\\/www.directhealthcaregroup.com\\\/da\\\/viden-og-evidens\\\/180167-2\\\/#breadcrumb\"},\"inLanguage\":\"da-DK\",\"potentialAction\":[{\"@type\":\"ReadAction\",\"target\":[\"https:\\\/\\\/www.directhealthcaregroup.com\\\/da\\\/viden-og-evidens\\\/180167-2\\\/\"]}]},{\"@type\":\"ImageObject\",\"inLanguage\":\"da-DK\",\"@id\":\"https:\\\/\\\/www.directhealthcaregroup.com\\\/da\\\/viden-og-evidens\\\/180167-2\\\/#primaryimage\",\"url\":\"https:\\\/\\\/www.directhealthcaregroup.com\\\/app\\\/uploads\\\/forflytning-af-demensramte-borgere-tb-transformed.jpeg\",\"contentUrl\":\"https:\\\/\\\/www.directhealthcaregroup.com\\\/app\\\/uploads\\\/forflytning-af-demensramte-borgere-tb-transformed.jpeg\",\"width\":2000,\"height\":500},{\"@type\":\"BreadcrumbList\",\"@id\":\"https:\\\/\\\/www.directhealthcaregroup.com\\\/da\\\/viden-og-evidens\\\/180167-2\\\/#breadcrumb\",\"itemListElement\":[{\"@type\":\"ListItem\",\"position\":1,\"name\":\"Home\",\"item\":\"https:\\\/\\\/www.directhealthcaregroup.com\\\/da\\\/\"},{\"@type\":\"ListItem\",\"position\":2,\"name\":\"VIDEN OG EVIDENS\",\"item\":\"https:\\\/\\\/www.directhealthcaregroup.com\\\/da\\\/viden-og-evidens\\\/\"},{\"@type\":\"ListItem\",\"position\":3,\"name\":\"En demensterapeut fort\u00e6ller\"}]},{\"@type\":\"WebSite\",\"@id\":\"https:\\\/\\\/www.directhealthcaregroup.com\\\/#website\",\"url\":\"https:\\\/\\\/www.directhealthcaregroup.com\\\/\",\"name\":\"DHG\",\"description\":\"Moving Health Forward\",\"publisher\":{\"@id\":\"https:\\\/\\\/www.directhealthcaregroup.com\\\/#organization\"},\"potentialAction\":[{\"@type\":\"SearchAction\",\"target\":{\"@type\":\"EntryPoint\",\"urlTemplate\":\"https:\\\/\\\/www.directhealthcaregroup.com\\\/?s={search_term_string}\"},\"query-input\":{\"@type\":\"PropertyValueSpecification\",\"valueRequired\":true,\"valueName\":\"search_term_string\"}}],\"inLanguage\":\"da-DK\"},{\"@type\":\"Organization\",\"@id\":\"https:\\\/\\\/www.directhealthcaregroup.com\\\/#organization\",\"name\":\"Direct Healthcare Group\",\"url\":\"https:\\\/\\\/www.directhealthcaregroup.com\\\/\",\"logo\":{\"@type\":\"ImageObject\",\"inLanguage\":\"da-DK\",\"@id\":\"https:\\\/\\\/www.directhealthcaregroup.com\\\/#\\\/schema\\\/logo\\\/image\\\/\",\"url\":\"https:\\\/\\\/directhealthcaregroup.com\\\/app\\\/uploads\\\/dhg-logo.png\",\"contentUrl\":\"https:\\\/\\\/directhealthcaregroup.com\\\/app\\\/uploads\\\/dhg-logo.png\",\"width\":556,\"height\":240,\"caption\":\"Direct Healthcare Group\"},\"image\":{\"@id\":\"https:\\\/\\\/www.directhealthcaregroup.com\\\/#\\\/schema\\\/logo\\\/image\\\/\"}}]}<\/script>\n<!-- \/ Yoast SEO plugin. -->","yoast_head_json":{"title":"En demensterapeut fort\u00e6ller | DHG","robots":{"index":"index","follow":"follow","max-snippet":"max-snippet:-1","max-image-preview":"max-image-preview:large","max-video-preview":"max-video-preview:-1"},"canonical":"https:\/\/www.directhealthcaregroup.com\/da\/viden-og-evidens\/180167-2\/","og_locale":"da_DK","og_type":"article","og_title":"En demensterapeut fort\u00e6ller | DHG","og_description":"En borger med sv\u00e6r Alzheimer, der tidligere blev forflyttet med manuelle hj\u00e6lpemidler, trives bedre, og har f\u00e5et mere energi til de daglige aktiviteter, efter at have f\u00e5et et VENDLET system. Samtidig er arbejdsmilj\u00f8et forbedret. 1. maj 2019 Af: Demensterapeut Heidi Tomkins Jeg arbejder som demensterapeut i demensteamet i Billund Kommune. Min prim\u00e6re funktion er vurdering &hellip; Continued","og_url":"https:\/\/www.directhealthcaregroup.com\/da\/viden-og-evidens\/180167-2\/","og_site_name":"DHG","article_modified_time":"2023-05-16T19:13:41+00:00","og_image":[{"width":2000,"height":500,"url":"https:\/\/www.directhealthcaregroup.com\/app\/uploads\/forflytning-af-demensramte-borgere-tb-transformed.jpeg","type":"image\/jpeg"}],"twitter_card":"summary_large_image","twitter_misc":{"Est. reading time":"2 minutes"},"schema":{"@context":"https:\/\/schema.org","@graph":[{"@type":"WebPage","@id":"https:\/\/www.directhealthcaregroup.com\/da\/viden-og-evidens\/180167-2\/","url":"https:\/\/www.directhealthcaregroup.com\/da\/viden-og-evidens\/180167-2\/","name":"En demensterapeut fort\u00e6ller | DHG","isPartOf":{"@id":"https:\/\/www.directhealthcaregroup.com\/#website"},"primaryImageOfPage":{"@id":"https:\/\/www.directhealthcaregroup.com\/da\/viden-og-evidens\/180167-2\/#primaryimage"},"image":{"@id":"https:\/\/www.directhealthcaregroup.com\/da\/viden-og-evidens\/180167-2\/#primaryimage"},"thumbnailUrl":"https:\/\/www.directhealthcaregroup.com\/app\/uploads\/forflytning-af-demensramte-borgere-tb-transformed.jpeg","datePublished":"2023-04-21T09:09:14+00:00","dateModified":"2023-05-16T19:13:41+00:00","breadcrumb":{"@id":"https:\/\/www.directhealthcaregroup.com\/da\/viden-og-evidens\/180167-2\/#breadcrumb"},"inLanguage":"da-DK","potentialAction":[{"@type":"ReadAction","target":["https:\/\/www.directhealthcaregroup.com\/da\/viden-og-evidens\/180167-2\/"]}]},{"@type":"ImageObject","inLanguage":"da-DK","@id":"https:\/\/www.directhealthcaregroup.com\/da\/viden-og-evidens\/180167-2\/#primaryimage","url":"https:\/\/www.directhealthcaregroup.com\/app\/uploads\/forflytning-af-demensramte-borgere-tb-transformed.jpeg","contentUrl":"https:\/\/www.directhealthcaregroup.com\/app\/uploads\/forflytning-af-demensramte-borgere-tb-transformed.jpeg","width":2000,"height":500},{"@type":"BreadcrumbList","@id":"https:\/\/www.directhealthcaregroup.com\/da\/viden-og-evidens\/180167-2\/#breadcrumb","itemListElement":[{"@type":"ListItem","position":1,"name":"Home","item":"https:\/\/www.directhealthcaregroup.com\/da\/"},{"@type":"ListItem","position":2,"name":"VIDEN OG EVIDENS","item":"https:\/\/www.directhealthcaregroup.com\/da\/viden-og-evidens\/"},{"@type":"ListItem","position":3,"name":"En demensterapeut fort\u00e6ller"}]},{"@type":"WebSite","@id":"https:\/\/www.directhealthcaregroup.com\/#website","url":"https:\/\/www.directhealthcaregroup.com\/","name":"DHG","description":"Moving Health Forward","publisher":{"@id":"https:\/\/www.directhealthcaregroup.com\/#organization"},"potentialAction":[{"@type":"SearchAction","target":{"@type":"EntryPoint","urlTemplate":"https:\/\/www.directhealthcaregroup.com\/?s={search_term_string}"},"query-input":{"@type":"PropertyValueSpecification","valueRequired":true,"valueName":"search_term_string"}}],"inLanguage":"da-DK"},{"@type":"Organization","@id":"https:\/\/www.directhealthcaregroup.com\/#organization","name":"Direct Healthcare Group","url":"https:\/\/www.directhealthcaregroup.com\/","logo":{"@type":"ImageObject","inLanguage":"da-DK","@id":"https:\/\/www.directhealthcaregroup.com\/#\/schema\/logo\/image\/","url":"https:\/\/directhealthcaregroup.com\/app\/uploads\/dhg-logo.png","contentUrl":"https:\/\/directhealthcaregroup.com\/app\/uploads\/dhg-logo.png","width":556,"height":240,"caption":"Direct Healthcare Group"},"image":{"@id":"https:\/\/www.directhealthcaregroup.com\/#\/schema\/logo\/image\/"}}]}},"_links":{"self":[{"href":"https:\/\/www.directhealthcaregroup.com\/da\/wp-json\/wp\/v2\/pages\/180167","targetHints":{"allow":["GET"]}}],"collection":[{"href":"https:\/\/www.directhealthcaregroup.com\/da\/wp-json\/wp\/v2\/pages"}],"about":[{"href":"https:\/\/www.directhealthcaregroup.com\/da\/wp-json\/wp\/v2\/types\/page"}],"author":[{"embeddable":true,"href":"https:\/\/www.directhealthcaregroup.com\/da\/wp-json\/wp\/v2\/users\/40"}],"replies":[{"embeddable":true,"href":"https:\/\/www.directhealthcaregroup.com\/da\/wp-json\/wp\/v2\/comments?post=180167"}],"version-history":[{"count":3,"href":"https:\/\/www.directhealthcaregroup.com\/da\/wp-json\/wp\/v2\/pages\/180167\/revisions"}],"predecessor-version":[{"id":183667,"href":"https:\/\/www.directhealthcaregroup.com\/da\/wp-json\/wp\/v2\/pages\/180167\/revisions\/183667"}],"up":[{"embeddable":true,"href":"https:\/\/www.directhealthcaregroup.com\/da\/wp-json\/wp\/v2\/pages\/174696"}],"wp:featuredmedia":[{"embeddable":true,"href":"https:\/\/www.directhealthcaregroup.com\/da\/wp-json\/wp\/v2\/media\/180168"}],"wp:attachment":[{"href":"https:\/\/www.directhealthcaregroup.com\/da\/wp-json\/wp\/v2\/media?parent=180167"}],"curies":[{"name":"wp","href":"https:\/\/api.w.org\/{rel}","templated":true}]}}