{"id":180192,"date":"2023-04-21T10:16:27","date_gmt":"2023-04-21T09:16:27","guid":{"rendered":"https:\/\/www.directhealthcaregroup.com\/?page_id=180192"},"modified":"2023-05-16T20:14:24","modified_gmt":"2023-05-16T19:14:24","slug":"180192-2","status":"publish","type":"page","link":"https:\/\/www.directhealthcaregroup.com\/da\/viden-og-evidens\/180192-2\/","title":{"rendered":"Hvad er god lejring?"},"content":{"rendered":"\n<h1 class=\"wp-block-heading\"><\/h1>\n\n\n\n<p>Lejring betyder meget for den sengeliggende og for plejearbejdet. Desv\u00e6rre er der mange, der er usikre p\u00e5, hvordan man griber det an, og p\u00e5 hvordan man skaber en god lejring.<\/p>\n\n\n\n<p>16. maj 2019<\/p>\n\n\n\n<p>Af: Ergoterapeut, Pia Beck<\/p>\n\n\n\n<p>Der findes ikke et entydigt svar p\u00e5, hvad god lejring er. Det vil altid v\u00e6re situationsbestemt. Sp\u00f8rgsm\u00e5let er derfor, hvad du \u00f8nsker at opn\u00e5 med lejringen?&nbsp;<\/p>\n\n\n\n<p>Lejring kan nemlig benyttes i mange forskellige situationer, f.eks. til trykaflastning og smertelindring, til at give tryghed og komfort, i forbindelse med unders\u00f8gelses- eller hygiejnesituationer og meget andet.<\/p>\n\n\n\n<p>Der kan anvendes mange forskellige typer af puder og teknikker til lejringen, men \u00e9n ting er f\u00e6lles i alle situationer: Lejringen skal v\u00e6re stabil<\/p>\n\n\n\n<h2 class=\"wp-block-heading\"><strong>Skab stabilitet<\/strong><\/h2>\n\n\n\n<p>En helt grundl\u00e6ggende foruds\u00e6tning for, at borgeren f\u00f8ler tryghed og komfort er, at de oplever at ligge stabilt, og at lejringen ikke bev\u00e6ger sig under dem. F\u00f8les det som om puden, de er lejret med, glider v\u00e6k, vil borgeren typisk v\u00e6re ansp\u00e6ndt i fors\u00f8get p\u00e5 at blive liggende.<\/p>\n\n\n\n<p>Pr\u00f8v selv at st\u00e5 p\u00e5 et ben med lukkede \u00f8jne. De fleste vil opleve at v\u00e6re ansp\u00e6ndte og koncentrerede om at holde balancen, da kroppen ikke er stabil.&nbsp;I det \u00f8jeblik man st\u00f8tter p\u00e5 begge ben \u00f8ges stabiliteten og kroppen vil v\u00e6re knap s\u00e5 ansp\u00e6ndt.<\/p>\n\n\n\n<p>S\u00e6tter man sig p\u00e5 en stol med arml\u00e6n og rygl\u00e6n \u00f8ges underst\u00f8ttelsesfladen og stabiliteten endnu mere. Derved skabes der basis for endnu bedre komfort, tryghed og afslapning.&nbsp;<\/p>\n\n\n\n<p>N\u00f8jagtigt samme forhold g\u00f8r sig g\u00e6ldende i den liggende stilling.<\/p>\n\n\n\n<p>Pr\u00f8v at ligge dig p\u00e5 ryggen p\u00e5 gulvet med armene ned langs siden. Det opleves stabilt og trygt. Vend dig derefter om p\u00e5 siden med samlede strakte ben og fors\u00f8g fortsat at holde armene langs siden. De fleste vil opleve dette som ustabilt, utrygt og ikke s\u00e6rligt komfortabelt.&nbsp;<\/p>\n\n\n\n<p>Udgangspunktet for god lejring er derfor at skabe stabilitet for den sengeliggende. Stabilitet sikres ved at skabe st\u00f8rst mulig underst\u00f8ttelsesflade.<\/p>\n\n\n\n<p>Dette opn\u00e5s ved den m\u00e5de den sengeliggende lejres p\u00e5 og ved at anvende hensigtsm\u00e6ssige lejringspuder, der ikke glider v\u00e6k eller mister formen.<\/p>\n\n\n\n<h3 class=\"wp-block-heading\"><strong>Form\u00e5let med lejring<\/strong><\/h3>\n\n\n\n<figure class=\"wp-block-image size-large\"><img loading=\"lazy\" decoding=\"async\" width=\"425\" height=\"473\" src=\"https:\/\/www.directhealthcaregroup.com\/app\/uploads\/1-2.png\" alt=\"\" class=\"wp-image-180193\" srcset=\"https:\/\/www.directhealthcaregroup.com\/app\/uploads\/1-2.png 425w, https:\/\/www.directhealthcaregroup.com\/app\/uploads\/1-2-270x300.png 270w, https:\/\/www.directhealthcaregroup.com\/app\/uploads\/1-2-320x356.png 320w, https:\/\/www.directhealthcaregroup.com\/app\/uploads\/1-2-200x223.png 200w\" sizes=\"auto, (max-width: 425px) 100vw, 425px\" \/><\/figure>\n\n\n\n<p>N\u00e5r du lejrer den sengeliggende stabilt, skaber du basis for, at den sengeliggende f\u00f8ler sig tryg. F\u00f8ler den sengeliggende sig tryg, vil han\/hun ogs\u00e5 f\u00f8le sig mere afslappet. Er den sengeliggende afslappet mindskes tonus og arousel niveauet, hvilket igen giver basis for god hvile og s\u00f8vn.<\/p>\n\n\n\n<figure class=\"wp-block-image size-large\"><img loading=\"lazy\" decoding=\"async\" width=\"1024\" height=\"226\" src=\"https:\/\/www.directhealthcaregroup.com\/app\/uploads\/2-1-1024x226.png\" alt=\"\" class=\"wp-image-180204\" srcset=\"https:\/\/www.directhealthcaregroup.com\/app\/uploads\/2-1-1024x226.png 1024w, https:\/\/www.directhealthcaregroup.com\/app\/uploads\/2-1-300x66.png 300w, https:\/\/www.directhealthcaregroup.com\/app\/uploads\/2-1-768x169.png 768w, https:\/\/www.directhealthcaregroup.com\/app\/uploads\/2-1-320x70.png 320w, https:\/\/www.directhealthcaregroup.com\/app\/uploads\/2-1-800x176.png 800w, https:\/\/www.directhealthcaregroup.com\/app\/uploads\/2-1.png 1444w\" sizes=\"auto, (max-width: 1024px) 100vw, 1024px\" \/><\/figure>\n\n\n\n<h2 class=\"wp-block-heading\"><strong>Hold det enkelt<\/strong><\/h2>\n\n\n\n<p>Lejring bliver desv\u00e6rre ofte gjort til noget vanskeligt og kr\u00e6vende. Det er uheldigt, da lejring derfor ikke bliver en naturlig del af plejearbejdet.<\/p>\n\n\n\n<p>Men hvis du holder fokus p\u00e5 at skabe stabilitet og stor underst\u00f8ttelsesflade, vil du i langt de fleste tilf\u00e6lde kunne skabe en god, sikker og vellykket lejring for den sengeliggende.&nbsp;<\/p>\n\n\n\n<p>N\u00e5r du arbejder med gode, velegnede lejringspuder, bliver det mere enkelt og du sikrer dig, at borgeren stadigt ligger i samme stilling, n\u00e5r du er g\u00e5et. Har du de rette lejringspuder, undg\u00e5r du ogs\u00e5 at skulle bruge mange dyner eller puder for at skabe samme stabilitet. S\u00e5dan undg\u00e5r du ogs\u00e5, at borgeren f\u00e5r det for varmt.<\/p>\n\n\n\n<p>Lejring beh\u00f8ver ikke at v\u00e6re specielt avanceret. Fokus\u00e9r p\u00e5 stabilitet, og du vil kunne g\u00f8re en stor forskel for dine sengeliggende borgere.<\/p>\n\n\n\n<p><br><strong>L\u00e6s ogs\u00e5:<\/strong>&nbsp;<a href=\"https:\/\/www.directhealthcaregroup.com\/da\/viden-og-evidens\/177530-2\/\" target=\"_blank\" rel=\"noreferrer noopener\">To lejringer til mennesker med demens<\/a><\/p>\n\n\n\n<h3 class=\"wp-block-heading\"><strong>4 r\u00e5d til god lejring<\/strong><\/h3>\n\n\n\n<ul class=\"wp-block-list\"><li>Definer form\u00e5let med lejringen, inden du g\u00e5r i gang<\/li><li>Skab stabilitet<\/li><li>Brug egnet materiale&nbsp;der ikke flytter sig<\/li><li>Undg\u00e5 at bruge for mange puder, s\u00e5 f\u00e5r borgeren det ikke for varmt<\/li><\/ul>\n","protected":false},"excerpt":{"rendered":"<p>Lejring betyder meget for den sengeliggende og for plejearbejdet. Desv\u00e6rre er der mange, der er usikre p\u00e5, hvordan man griber det an, og p\u00e5 hvordan man skaber en god lejring. 16. maj 2019 Af: Ergoterapeut, Pia Beck Der findes ikke et entydigt svar p\u00e5, hvad god lejring er. Det vil altid v\u00e6re situationsbestemt. Sp\u00f8rgsm\u00e5let er &hellip; <a href=\"https:\/\/www.directhealthcaregroup.com\/da\/viden-og-evidens\/180192-2\/\">Continued<\/a><\/p>\n","protected":false},"author":40,"featured_media":180215,"parent":174696,"menu_order":71,"comment_status":"closed","ping_status":"closed","template":"","meta":{"_acf_changed":false,"footnotes":""},"class_list":["post-180192","page","type-page","status-publish","has-post-thumbnail","hentry"],"acf":[],"yoast_head":"<!-- This site is optimized with the Yoast SEO plugin v27.4 - https:\/\/yoast.com\/product\/yoast-seo-wordpress\/ -->\n<title>Hvad er god lejring? | DHG<\/title>\n<meta name=\"robots\" content=\"index, follow, max-snippet:-1, max-image-preview:large, max-video-preview:-1\" \/>\n<link rel=\"canonical\" href=\"https:\/\/www.directhealthcaregroup.com\/da\/viden-og-evidens\/180192-2\/\" \/>\n<meta property=\"og:locale\" content=\"da_DK\" \/>\n<meta property=\"og:type\" content=\"article\" \/>\n<meta property=\"og:title\" content=\"Hvad er god lejring? | DHG\" \/>\n<meta property=\"og:description\" content=\"Lejring betyder meget for den sengeliggende og for plejearbejdet. Desv\u00e6rre er der mange, der er usikre p\u00e5, hvordan man griber det an, og p\u00e5 hvordan man skaber en god lejring. 16. maj 2019 Af: Ergoterapeut, Pia Beck Der findes ikke et entydigt svar p\u00e5, hvad god lejring er. Det vil altid v\u00e6re situationsbestemt. Sp\u00f8rgsm\u00e5let er &hellip; Continued\" \/>\n<meta property=\"og:url\" content=\"https:\/\/www.directhealthcaregroup.com\/da\/viden-og-evidens\/180192-2\/\" \/>\n<meta property=\"og:site_name\" content=\"DHG\" \/>\n<meta property=\"article:modified_time\" content=\"2023-05-16T19:14:24+00:00\" \/>\n<meta property=\"og:image\" content=\"https:\/\/www.directhealthcaregroup.com\/app\/uploads\/hvad-er-god-lejring-tb-transformed.jpeg\" \/>\n\t<meta property=\"og:image:width\" content=\"2000\" \/>\n\t<meta property=\"og:image:height\" content=\"500\" \/>\n\t<meta property=\"og:image:type\" content=\"image\/jpeg\" \/>\n<meta name=\"twitter:card\" content=\"summary_large_image\" \/>\n<meta name=\"twitter:label1\" content=\"Est. reading time\" \/>\n\t<meta name=\"twitter:data1\" content=\"3 minutes\" \/>\n<script type=\"application\/ld+json\" class=\"yoast-schema-graph\">{\"@context\":\"https:\\\/\\\/schema.org\",\"@graph\":[{\"@type\":\"WebPage\",\"@id\":\"https:\\\/\\\/www.directhealthcaregroup.com\\\/da\\\/viden-og-evidens\\\/180192-2\\\/\",\"url\":\"https:\\\/\\\/www.directhealthcaregroup.com\\\/da\\\/viden-og-evidens\\\/180192-2\\\/\",\"name\":\"Hvad er god lejring? | DHG\",\"isPartOf\":{\"@id\":\"https:\\\/\\\/www.directhealthcaregroup.com\\\/#website\"},\"primaryImageOfPage\":{\"@id\":\"https:\\\/\\\/www.directhealthcaregroup.com\\\/da\\\/viden-og-evidens\\\/180192-2\\\/#primaryimage\"},\"image\":{\"@id\":\"https:\\\/\\\/www.directhealthcaregroup.com\\\/da\\\/viden-og-evidens\\\/180192-2\\\/#primaryimage\"},\"thumbnailUrl\":\"https:\\\/\\\/www.directhealthcaregroup.com\\\/app\\\/uploads\\\/hvad-er-god-lejring-tb-transformed.jpeg\",\"datePublished\":\"2023-04-21T09:16:27+00:00\",\"dateModified\":\"2023-05-16T19:14:24+00:00\",\"breadcrumb\":{\"@id\":\"https:\\\/\\\/www.directhealthcaregroup.com\\\/da\\\/viden-og-evidens\\\/180192-2\\\/#breadcrumb\"},\"inLanguage\":\"da-DK\",\"potentialAction\":[{\"@type\":\"ReadAction\",\"target\":[\"https:\\\/\\\/www.directhealthcaregroup.com\\\/da\\\/viden-og-evidens\\\/180192-2\\\/\"]}]},{\"@type\":\"ImageObject\",\"inLanguage\":\"da-DK\",\"@id\":\"https:\\\/\\\/www.directhealthcaregroup.com\\\/da\\\/viden-og-evidens\\\/180192-2\\\/#primaryimage\",\"url\":\"https:\\\/\\\/www.directhealthcaregroup.com\\\/app\\\/uploads\\\/hvad-er-god-lejring-tb-transformed.jpeg\",\"contentUrl\":\"https:\\\/\\\/www.directhealthcaregroup.com\\\/app\\\/uploads\\\/hvad-er-god-lejring-tb-transformed.jpeg\",\"width\":2000,\"height\":500},{\"@type\":\"BreadcrumbList\",\"@id\":\"https:\\\/\\\/www.directhealthcaregroup.com\\\/da\\\/viden-og-evidens\\\/180192-2\\\/#breadcrumb\",\"itemListElement\":[{\"@type\":\"ListItem\",\"position\":1,\"name\":\"Home\",\"item\":\"https:\\\/\\\/www.directhealthcaregroup.com\\\/da\\\/\"},{\"@type\":\"ListItem\",\"position\":2,\"name\":\"VIDEN OG EVIDENS\",\"item\":\"https:\\\/\\\/www.directhealthcaregroup.com\\\/da\\\/viden-og-evidens\\\/\"},{\"@type\":\"ListItem\",\"position\":3,\"name\":\"Hvad er god lejring?\"}]},{\"@type\":\"WebSite\",\"@id\":\"https:\\\/\\\/www.directhealthcaregroup.com\\\/#website\",\"url\":\"https:\\\/\\\/www.directhealthcaregroup.com\\\/\",\"name\":\"DHG\",\"description\":\"Moving Health Forward\",\"publisher\":{\"@id\":\"https:\\\/\\\/www.directhealthcaregroup.com\\\/#organization\"},\"potentialAction\":[{\"@type\":\"SearchAction\",\"target\":{\"@type\":\"EntryPoint\",\"urlTemplate\":\"https:\\\/\\\/www.directhealthcaregroup.com\\\/?s={search_term_string}\"},\"query-input\":{\"@type\":\"PropertyValueSpecification\",\"valueRequired\":true,\"valueName\":\"search_term_string\"}}],\"inLanguage\":\"da-DK\"},{\"@type\":\"Organization\",\"@id\":\"https:\\\/\\\/www.directhealthcaregroup.com\\\/#organization\",\"name\":\"Direct Healthcare Group\",\"url\":\"https:\\\/\\\/www.directhealthcaregroup.com\\\/\",\"logo\":{\"@type\":\"ImageObject\",\"inLanguage\":\"da-DK\",\"@id\":\"https:\\\/\\\/www.directhealthcaregroup.com\\\/#\\\/schema\\\/logo\\\/image\\\/\",\"url\":\"https:\\\/\\\/directhealthcaregroup.com\\\/app\\\/uploads\\\/dhg-logo.png\",\"contentUrl\":\"https:\\\/\\\/directhealthcaregroup.com\\\/app\\\/uploads\\\/dhg-logo.png\",\"width\":556,\"height\":240,\"caption\":\"Direct Healthcare Group\"},\"image\":{\"@id\":\"https:\\\/\\\/www.directhealthcaregroup.com\\\/#\\\/schema\\\/logo\\\/image\\\/\"}}]}<\/script>\n<!-- \/ Yoast SEO plugin. -->","yoast_head_json":{"title":"Hvad er god lejring? | DHG","robots":{"index":"index","follow":"follow","max-snippet":"max-snippet:-1","max-image-preview":"max-image-preview:large","max-video-preview":"max-video-preview:-1"},"canonical":"https:\/\/www.directhealthcaregroup.com\/da\/viden-og-evidens\/180192-2\/","og_locale":"da_DK","og_type":"article","og_title":"Hvad er god lejring? | DHG","og_description":"Lejring betyder meget for den sengeliggende og for plejearbejdet. Desv\u00e6rre er der mange, der er usikre p\u00e5, hvordan man griber det an, og p\u00e5 hvordan man skaber en god lejring. 16. maj 2019 Af: Ergoterapeut, Pia Beck Der findes ikke et entydigt svar p\u00e5, hvad god lejring er. Det vil altid v\u00e6re situationsbestemt. Sp\u00f8rgsm\u00e5let er &hellip; Continued","og_url":"https:\/\/www.directhealthcaregroup.com\/da\/viden-og-evidens\/180192-2\/","og_site_name":"DHG","article_modified_time":"2023-05-16T19:14:24+00:00","og_image":[{"width":2000,"height":500,"url":"https:\/\/www.directhealthcaregroup.com\/app\/uploads\/hvad-er-god-lejring-tb-transformed.jpeg","type":"image\/jpeg"}],"twitter_card":"summary_large_image","twitter_misc":{"Est. reading time":"3 minutes"},"schema":{"@context":"https:\/\/schema.org","@graph":[{"@type":"WebPage","@id":"https:\/\/www.directhealthcaregroup.com\/da\/viden-og-evidens\/180192-2\/","url":"https:\/\/www.directhealthcaregroup.com\/da\/viden-og-evidens\/180192-2\/","name":"Hvad er god lejring? | DHG","isPartOf":{"@id":"https:\/\/www.directhealthcaregroup.com\/#website"},"primaryImageOfPage":{"@id":"https:\/\/www.directhealthcaregroup.com\/da\/viden-og-evidens\/180192-2\/#primaryimage"},"image":{"@id":"https:\/\/www.directhealthcaregroup.com\/da\/viden-og-evidens\/180192-2\/#primaryimage"},"thumbnailUrl":"https:\/\/www.directhealthcaregroup.com\/app\/uploads\/hvad-er-god-lejring-tb-transformed.jpeg","datePublished":"2023-04-21T09:16:27+00:00","dateModified":"2023-05-16T19:14:24+00:00","breadcrumb":{"@id":"https:\/\/www.directhealthcaregroup.com\/da\/viden-og-evidens\/180192-2\/#breadcrumb"},"inLanguage":"da-DK","potentialAction":[{"@type":"ReadAction","target":["https:\/\/www.directhealthcaregroup.com\/da\/viden-og-evidens\/180192-2\/"]}]},{"@type":"ImageObject","inLanguage":"da-DK","@id":"https:\/\/www.directhealthcaregroup.com\/da\/viden-og-evidens\/180192-2\/#primaryimage","url":"https:\/\/www.directhealthcaregroup.com\/app\/uploads\/hvad-er-god-lejring-tb-transformed.jpeg","contentUrl":"https:\/\/www.directhealthcaregroup.com\/app\/uploads\/hvad-er-god-lejring-tb-transformed.jpeg","width":2000,"height":500},{"@type":"BreadcrumbList","@id":"https:\/\/www.directhealthcaregroup.com\/da\/viden-og-evidens\/180192-2\/#breadcrumb","itemListElement":[{"@type":"ListItem","position":1,"name":"Home","item":"https:\/\/www.directhealthcaregroup.com\/da\/"},{"@type":"ListItem","position":2,"name":"VIDEN OG EVIDENS","item":"https:\/\/www.directhealthcaregroup.com\/da\/viden-og-evidens\/"},{"@type":"ListItem","position":3,"name":"Hvad er god lejring?"}]},{"@type":"WebSite","@id":"https:\/\/www.directhealthcaregroup.com\/#website","url":"https:\/\/www.directhealthcaregroup.com\/","name":"DHG","description":"Moving Health Forward","publisher":{"@id":"https:\/\/www.directhealthcaregroup.com\/#organization"},"potentialAction":[{"@type":"SearchAction","target":{"@type":"EntryPoint","urlTemplate":"https:\/\/www.directhealthcaregroup.com\/?s={search_term_string}"},"query-input":{"@type":"PropertyValueSpecification","valueRequired":true,"valueName":"search_term_string"}}],"inLanguage":"da-DK"},{"@type":"Organization","@id":"https:\/\/www.directhealthcaregroup.com\/#organization","name":"Direct Healthcare Group","url":"https:\/\/www.directhealthcaregroup.com\/","logo":{"@type":"ImageObject","inLanguage":"da-DK","@id":"https:\/\/www.directhealthcaregroup.com\/#\/schema\/logo\/image\/","url":"https:\/\/directhealthcaregroup.com\/app\/uploads\/dhg-logo.png","contentUrl":"https:\/\/directhealthcaregroup.com\/app\/uploads\/dhg-logo.png","width":556,"height":240,"caption":"Direct Healthcare Group"},"image":{"@id":"https:\/\/www.directhealthcaregroup.com\/#\/schema\/logo\/image\/"}}]}},"_links":{"self":[{"href":"https:\/\/www.directhealthcaregroup.com\/da\/wp-json\/wp\/v2\/pages\/180192","targetHints":{"allow":["GET"]}}],"collection":[{"href":"https:\/\/www.directhealthcaregroup.com\/da\/wp-json\/wp\/v2\/pages"}],"about":[{"href":"https:\/\/www.directhealthcaregroup.com\/da\/wp-json\/wp\/v2\/types\/page"}],"author":[{"embeddable":true,"href":"https:\/\/www.directhealthcaregroup.com\/da\/wp-json\/wp\/v2\/users\/40"}],"replies":[{"embeddable":true,"href":"https:\/\/www.directhealthcaregroup.com\/da\/wp-json\/wp\/v2\/comments?post=180192"}],"version-history":[{"count":4,"href":"https:\/\/www.directhealthcaregroup.com\/da\/wp-json\/wp\/v2\/pages\/180192\/revisions"}],"predecessor-version":[{"id":183668,"href":"https:\/\/www.directhealthcaregroup.com\/da\/wp-json\/wp\/v2\/pages\/180192\/revisions\/183668"}],"up":[{"embeddable":true,"href":"https:\/\/www.directhealthcaregroup.com\/da\/wp-json\/wp\/v2\/pages\/174696"}],"wp:featuredmedia":[{"embeddable":true,"href":"https:\/\/www.directhealthcaregroup.com\/da\/wp-json\/wp\/v2\/media\/180215"}],"wp:attachment":[{"href":"https:\/\/www.directhealthcaregroup.com\/da\/wp-json\/wp\/v2\/media?parent=180192"}],"curies":[{"name":"wp","href":"https:\/\/api.w.org\/{rel}","templated":true}]}}