{"id":180268,"date":"2023-04-21T11:28:49","date_gmt":"2023-04-21T10:28:49","guid":{"rendered":"https:\/\/www.directhealthcaregroup.com\/?page_id=180268"},"modified":"2023-05-16T20:15:29","modified_gmt":"2023-05-16T19:15:29","slug":"180268-2","status":"publish","type":"page","link":"https:\/\/www.directhealthcaregroup.com\/da\/viden-og-evidens\/180268-2\/","title":{"rendered":"Forflytning af borgere med demens"},"content":{"rendered":"\n<h1 class=\"wp-block-heading\"><\/h1>\n\n\n\n<p>Rigtigt mange oplever, at demensramte borgere har sv\u00e6rt ved at forst\u00e5, hvad der skal til at ske, n\u00e5r de skal modtage pleje i sengen.<\/p>\n\n\n\n<p>20. maj 2019<\/p>\n\n\n\n<p>Af: Ergoterapeut, Pia Beck<\/p>\n\n\n\n<p>En af udfordringerne er, at det ikke er det samme personale, der varetager forflytningen hver gang, og at forflytningerne derfor ikke er genkendelige for borgeren. Som resultat bliver borgeren forvirret og frustreret over ikke at forst\u00e5, hvad der skal ske. Derfor kan denne borgergruppe drage store fordele af at blive forflyttet med et elektrisk vendesystem. I denne artikel f\u00e5r du derfor svar p\u00e5, hvorfor du b\u00f8r anvende elektrisk vendesystem til demensramte borgere, samt 4 gode r\u00e5d til at g\u00f8re det godt!<br><\/p>\n\n\n\n<h2 class=\"wp-block-heading\"><strong>Hvorfor bruge elektriske vendesystemer hos borgere med demens?<\/strong><\/h2>\n\n\n\n<p>Vi h\u00f8rer nogle gange, at borgere med kognitive forstyrrelser s\u00e5som demens, ikke b\u00f8r forflyttes med elektriske vendesystemer, fordi de ikke forst\u00e5r, hvad der skal til at ske, n\u00e5r lagnet bev\u00e6ger sig. Men lige som f\u00f8rste gang en borger skal forflyttes med manuelle hj\u00e6lpemidler, kr\u00e6ver den mekaniske forflytning ogs\u00e5 tilv\u00e6nning. Det underkender dog ikke de mange fordele systemet har for de demensramte borgere.<\/p>\n\n\n\n<p><strong>Helt konkret kan det elektriske vendesystem<\/strong><\/p>\n\n\n\n<ul class=\"wp-block-list\"><li>Berolige og d\u00e6mpe udadreagerende adf\u00e6rd (verbalt eller fysisk)<\/li><li>Skabe genkendelighed fra gang til gang \u2013 varierer ikke afh\u00e6ngigt af medarbejderen<\/li><li>Skabe mulighed for at v\u00e6re \u00e9n medarbejder fremfor to i forflytningssituationen<\/li><li>F\u00f8re til f\u00e6rre ber\u00f8ringer og ingen pludselige bev\u00e6gelser som ryk, skub og tr\u00e6k<br><\/li><\/ul>\n\n\n\n<h2 class=\"wp-block-heading\"><strong>Genkendelighed fra gang til gang<\/strong><\/h2>\n\n\n\n<p>Med det elektriske vendesystem er forflytningen ens hver gang, uanset hvem der betjener systemet. Det betyder, at borgeren med demens hurtigere l\u00e6rer systemet at kende, og at deres krop v\u00e6nner sig til bev\u00e6gelserne. N\u00e5r lagnet bev\u00e6ger sig, registrerer kroppen at f\u00f8lelsen er velkendt og ikke farlig. Denne genkendelighed betyder at anledningerne til frustration hos borgeren minimeres.<br><\/p>\n\n\n\n<h2 class=\"wp-block-heading\"><strong>F\u00f8lger kroppens naturlige bev\u00e6gem\u00f8nstre<\/strong><\/h2>\n\n\n\n<p>Forflytningen med et elektrisk vendesystem har desuden en anden fordel. Systemet g\u00f8r det nemlig muligt at lave en forflytning der f\u00f8lger kroppens naturlige bev\u00e6gem\u00f8nstre, n\u00e5r man vender sig om p\u00e5 siden. I den manuelle forflytning ligger vi ofte borgerens arme over kors og s\u00e6tter benet op med foden i madrassen, imens borgeren stadigt ligger p\u00e5 ryggen. S\u00e5dan er der alts\u00e5 ikke mange, der starter med at l\u00e6gge sig, for at vende sig om p\u00e5 siden. G\u00f8r du?<\/p>\n\n\n\n<p>Med den elektroniske forflytning er bev\u00e6gelsen mere naturlig, om end den aldrig helt kan efterligne den m\u00e5de man vender sig selv, hvis man har fuld funktionsevne. Men sideforskydningen af armen og lagnet der omfavner hele kroppen, er med til at skabe stabiliteten for borgeren fra starten. Dermed f\u00f8lger forflytningen kroppens naturlige bev\u00e6gem\u00f8nstre mest muligt.<br><\/p>\n\n\n\n<h2 class=\"wp-block-heading\"><strong>Tryghedsskabende og sk\u00e5nsom forflytning<\/strong><\/h2>\n\n\n\n<p>For borgere med demens kan det v\u00e6re forvirrende, at der bliver hevet og skubbet i dem. Men med det elektriske vendesystem kan du i stedet n\u00f8jes med at guide borgerens arme og ben, og kun bruge h\u00e6nderne til tryghedsskabende ber\u00f8ringer. Det er ogs\u00e5 muligt helt at undlade at r\u00f8re borgeren i de tilf\u00e6lde hvor borgeren ikke \u00f8nsker ber\u00f8ring.<\/p>\n\n\n\n<p>Flere studier har vist, at den elektroniske forflytning er mere glidende og mere sk\u00e5nsom end den manuelle forflytning &#8211; noget der er s\u00e6rligt relevant, n\u00e5r det kommer til borgere med demens.<\/p>\n\n\n\n<p>Arbejder I med den nyeste VENDLET model, giver dette dig ydermere mulighed for at justere tempoet med vores tre hastighedsindstillinger. Det laveste tempo (skildpadden) er s\u00e6rligt velegnet til borgere med demens, hjerneskade eller andre kognitive udfordringer. Det lavere tempo g\u00f8r det nemlig nemmere for borgeren af f\u00f8lge med.<\/p>\n\n\n\n<p><strong>L\u00e6s ogs\u00e5:<\/strong>&nbsp;<a href=\"https:\/\/www.directhealthcaregroup.com\/da\/viden-og-evidens\/176433-2\/\" target=\"_blank\" rel=\"noreferrer noopener\">Sikker forflytning af bariatriske personer<\/a><\/p>\n\n\n\n<h2 class=\"wp-block-heading\"><strong>4 r\u00e5d til forflytning af demente borgere<\/strong><\/h2>\n\n\n\n<p><strong>1:<\/strong>&nbsp;<strong>V\u00e6r to personer i starten, men kun en s\u00e5 snart det er muligt.<\/strong>&nbsp;I starten kan det v\u00e6re rart at v\u00e6re to forflyttere for at st\u00f8tte hinanden, men ogs\u00e5 for at g\u00f8re borgeren tryg. Den ene plejer kan fokusere p\u00e5 at forflytte borgeren, imens den anden fokuserer p\u00e5 at skabe trygheden. Med tiden vil det ved langt de fleste borgere blive muligt at v\u00e6re \u00e9n plejer, n\u00e5r borgeren kender systemets bev\u00e6gelser. Dette g\u00e6lder ogs\u00e5 for demente borgere. Dette er en fordel fordi det, at der er to medarbejdere let, skaber forvirring og utryghed for den demente borger, fordi der er flere lyde og bev\u00e6gelser, de skal fors\u00f8ge at forholde sig til.<\/p>\n\n\n\n<p><strong>2: V\u00e6r rolig og snak mindst muligt.&nbsp;<\/strong>Mange demensramte borgere har sv\u00e6rt ved at h\u00e5ndtere alt for meget snak, da de hurtigt bliver frustrerede over ikke at forst\u00e5, hvad der bliver sagt. Medarbejderne kan komme til at snakke mere end borgeren kan h\u00e5ndtere, fordi de skal koordinere forflytningen. Med den elektriske forflytning er det ikke n\u00f8dvendigt for medarbejderne at koordinere med hinanden, hvorfor det er muligt at holde snakken til et minimum, og dermed minimere de elementer, der kan udl\u00f8se forvirring og frustration hos den demensramte borger.<\/p>\n\n\n\n<p><strong>3: Brug lejringspuder, hvor det er n\u00f8dvendigt.<\/strong>&nbsp;Det kan v\u00e6re en god ide at bruge lejringspuder, hvis en demensramt borger er udadreagerende, har brug for kropsafgr\u00e6nsning eller taktile stimuli. Puderne kan i disse situationer skabe yderligere tryghed for borgeren i forflytningssituationen, og kan ogs\u00e5 s\u00f8rge for at de ligger behageligt.<\/p>\n\n\n\n<p><strong>4: Brug begge h\u00e6nder.<\/strong>&nbsp;Vi ser nogle gange, at de der forflytter med VENDLET glemmer at bruge den h\u00e5nd der bruger h\u00e5ndbetjeningen. Men husk, at dette ogs\u00e5 er en aktiv h\u00e5nd. Anvend bagsiden af h\u00e5nden til tryghedsskabende ber\u00f8ringer. Hvis borgeren har brug for det.<\/p>\n\n\n\n<p>Vi h\u00e5ber, at du kan bruge disse fire r\u00e5d i dit arbejde med demensramte borgere. Har du sp\u00f8rgsm\u00e5l, er du altid velkommen til at kontakte os.<\/p>\n","protected":false},"excerpt":{"rendered":"<p>Rigtigt mange oplever, at demensramte borgere har sv\u00e6rt ved at forst\u00e5, hvad der skal til at ske, n\u00e5r de skal modtage pleje i sengen. 20. maj 2019 Af: Ergoterapeut, Pia Beck En af udfordringerne er, at det ikke er det samme personale, der varetager forflytningen hver gang, og at forflytningerne derfor ikke er genkendelige for &hellip; <a href=\"https:\/\/www.directhealthcaregroup.com\/da\/viden-og-evidens\/180268-2\/\">Continued<\/a><\/p>\n","protected":false},"author":40,"featured_media":180168,"parent":174696,"menu_order":73,"comment_status":"closed","ping_status":"closed","template":"","meta":{"_acf_changed":false,"footnotes":""},"class_list":["post-180268","page","type-page","status-publish","has-post-thumbnail","hentry"],"acf":[],"yoast_head":"<!-- This site is optimized with the Yoast SEO plugin v27.4 - https:\/\/yoast.com\/product\/yoast-seo-wordpress\/ -->\n<title>Forflytning af borgere med demens | DHG<\/title>\n<meta name=\"robots\" content=\"index, follow, max-snippet:-1, max-image-preview:large, max-video-preview:-1\" \/>\n<link rel=\"canonical\" href=\"https:\/\/www.directhealthcaregroup.com\/da\/viden-og-evidens\/180268-2\/\" \/>\n<meta property=\"og:locale\" content=\"da_DK\" \/>\n<meta property=\"og:type\" content=\"article\" \/>\n<meta property=\"og:title\" content=\"Forflytning af borgere med demens | DHG\" \/>\n<meta property=\"og:description\" content=\"Rigtigt mange oplever, at demensramte borgere har sv\u00e6rt ved at forst\u00e5, hvad der skal til at ske, n\u00e5r de skal modtage pleje i sengen. 20. maj 2019 Af: Ergoterapeut, Pia Beck En af udfordringerne er, at det ikke er det samme personale, der varetager forflytningen hver gang, og at forflytningerne derfor ikke er genkendelige for &hellip; Continued\" \/>\n<meta property=\"og:url\" content=\"https:\/\/www.directhealthcaregroup.com\/da\/viden-og-evidens\/180268-2\/\" \/>\n<meta property=\"og:site_name\" content=\"DHG\" \/>\n<meta property=\"article:modified_time\" content=\"2023-05-16T19:15:29+00:00\" \/>\n<meta property=\"og:image\" content=\"https:\/\/www.directhealthcaregroup.com\/app\/uploads\/forflytning-af-demensramte-borgere-tb-transformed.jpeg\" \/>\n\t<meta property=\"og:image:width\" content=\"2000\" \/>\n\t<meta property=\"og:image:height\" content=\"500\" \/>\n\t<meta property=\"og:image:type\" content=\"image\/jpeg\" \/>\n<meta name=\"twitter:card\" content=\"summary_large_image\" \/>\n<meta name=\"twitter:label1\" content=\"Est. reading time\" \/>\n\t<meta name=\"twitter:data1\" content=\"5 minutes\" \/>\n<script type=\"application\/ld+json\" class=\"yoast-schema-graph\">{\"@context\":\"https:\\\/\\\/schema.org\",\"@graph\":[{\"@type\":\"WebPage\",\"@id\":\"https:\\\/\\\/www.directhealthcaregroup.com\\\/da\\\/viden-og-evidens\\\/180268-2\\\/\",\"url\":\"https:\\\/\\\/www.directhealthcaregroup.com\\\/da\\\/viden-og-evidens\\\/180268-2\\\/\",\"name\":\"Forflytning af borgere med demens | DHG\",\"isPartOf\":{\"@id\":\"https:\\\/\\\/www.directhealthcaregroup.com\\\/#website\"},\"primaryImageOfPage\":{\"@id\":\"https:\\\/\\\/www.directhealthcaregroup.com\\\/da\\\/viden-og-evidens\\\/180268-2\\\/#primaryimage\"},\"image\":{\"@id\":\"https:\\\/\\\/www.directhealthcaregroup.com\\\/da\\\/viden-og-evidens\\\/180268-2\\\/#primaryimage\"},\"thumbnailUrl\":\"https:\\\/\\\/www.directhealthcaregroup.com\\\/app\\\/uploads\\\/forflytning-af-demensramte-borgere-tb-transformed.jpeg\",\"datePublished\":\"2023-04-21T10:28:49+00:00\",\"dateModified\":\"2023-05-16T19:15:29+00:00\",\"breadcrumb\":{\"@id\":\"https:\\\/\\\/www.directhealthcaregroup.com\\\/da\\\/viden-og-evidens\\\/180268-2\\\/#breadcrumb\"},\"inLanguage\":\"da-DK\",\"potentialAction\":[{\"@type\":\"ReadAction\",\"target\":[\"https:\\\/\\\/www.directhealthcaregroup.com\\\/da\\\/viden-og-evidens\\\/180268-2\\\/\"]}]},{\"@type\":\"ImageObject\",\"inLanguage\":\"da-DK\",\"@id\":\"https:\\\/\\\/www.directhealthcaregroup.com\\\/da\\\/viden-og-evidens\\\/180268-2\\\/#primaryimage\",\"url\":\"https:\\\/\\\/www.directhealthcaregroup.com\\\/app\\\/uploads\\\/forflytning-af-demensramte-borgere-tb-transformed.jpeg\",\"contentUrl\":\"https:\\\/\\\/www.directhealthcaregroup.com\\\/app\\\/uploads\\\/forflytning-af-demensramte-borgere-tb-transformed.jpeg\",\"width\":2000,\"height\":500},{\"@type\":\"BreadcrumbList\",\"@id\":\"https:\\\/\\\/www.directhealthcaregroup.com\\\/da\\\/viden-og-evidens\\\/180268-2\\\/#breadcrumb\",\"itemListElement\":[{\"@type\":\"ListItem\",\"position\":1,\"name\":\"Home\",\"item\":\"https:\\\/\\\/www.directhealthcaregroup.com\\\/da\\\/\"},{\"@type\":\"ListItem\",\"position\":2,\"name\":\"VIDEN OG EVIDENS\",\"item\":\"https:\\\/\\\/www.directhealthcaregroup.com\\\/da\\\/viden-og-evidens\\\/\"},{\"@type\":\"ListItem\",\"position\":3,\"name\":\"Forflytning af borgere med demens\"}]},{\"@type\":\"WebSite\",\"@id\":\"https:\\\/\\\/www.directhealthcaregroup.com\\\/#website\",\"url\":\"https:\\\/\\\/www.directhealthcaregroup.com\\\/\",\"name\":\"DHG\",\"description\":\"Moving Health Forward\",\"publisher\":{\"@id\":\"https:\\\/\\\/www.directhealthcaregroup.com\\\/#organization\"},\"potentialAction\":[{\"@type\":\"SearchAction\",\"target\":{\"@type\":\"EntryPoint\",\"urlTemplate\":\"https:\\\/\\\/www.directhealthcaregroup.com\\\/?s={search_term_string}\"},\"query-input\":{\"@type\":\"PropertyValueSpecification\",\"valueRequired\":true,\"valueName\":\"search_term_string\"}}],\"inLanguage\":\"da-DK\"},{\"@type\":\"Organization\",\"@id\":\"https:\\\/\\\/www.directhealthcaregroup.com\\\/#organization\",\"name\":\"Direct Healthcare Group\",\"url\":\"https:\\\/\\\/www.directhealthcaregroup.com\\\/\",\"logo\":{\"@type\":\"ImageObject\",\"inLanguage\":\"da-DK\",\"@id\":\"https:\\\/\\\/www.directhealthcaregroup.com\\\/#\\\/schema\\\/logo\\\/image\\\/\",\"url\":\"https:\\\/\\\/directhealthcaregroup.com\\\/app\\\/uploads\\\/dhg-logo.png\",\"contentUrl\":\"https:\\\/\\\/directhealthcaregroup.com\\\/app\\\/uploads\\\/dhg-logo.png\",\"width\":556,\"height\":240,\"caption\":\"Direct Healthcare Group\"},\"image\":{\"@id\":\"https:\\\/\\\/www.directhealthcaregroup.com\\\/#\\\/schema\\\/logo\\\/image\\\/\"}}]}<\/script>\n<!-- \/ Yoast SEO plugin. -->","yoast_head_json":{"title":"Forflytning af borgere med demens | DHG","robots":{"index":"index","follow":"follow","max-snippet":"max-snippet:-1","max-image-preview":"max-image-preview:large","max-video-preview":"max-video-preview:-1"},"canonical":"https:\/\/www.directhealthcaregroup.com\/da\/viden-og-evidens\/180268-2\/","og_locale":"da_DK","og_type":"article","og_title":"Forflytning af borgere med demens | DHG","og_description":"Rigtigt mange oplever, at demensramte borgere har sv\u00e6rt ved at forst\u00e5, hvad der skal til at ske, n\u00e5r de skal modtage pleje i sengen. 20. maj 2019 Af: Ergoterapeut, Pia Beck En af udfordringerne er, at det ikke er det samme personale, der varetager forflytningen hver gang, og at forflytningerne derfor ikke er genkendelige for &hellip; Continued","og_url":"https:\/\/www.directhealthcaregroup.com\/da\/viden-og-evidens\/180268-2\/","og_site_name":"DHG","article_modified_time":"2023-05-16T19:15:29+00:00","og_image":[{"width":2000,"height":500,"url":"https:\/\/www.directhealthcaregroup.com\/app\/uploads\/forflytning-af-demensramte-borgere-tb-transformed.jpeg","type":"image\/jpeg"}],"twitter_card":"summary_large_image","twitter_misc":{"Est. reading time":"5 minutes"},"schema":{"@context":"https:\/\/schema.org","@graph":[{"@type":"WebPage","@id":"https:\/\/www.directhealthcaregroup.com\/da\/viden-og-evidens\/180268-2\/","url":"https:\/\/www.directhealthcaregroup.com\/da\/viden-og-evidens\/180268-2\/","name":"Forflytning af borgere med demens | DHG","isPartOf":{"@id":"https:\/\/www.directhealthcaregroup.com\/#website"},"primaryImageOfPage":{"@id":"https:\/\/www.directhealthcaregroup.com\/da\/viden-og-evidens\/180268-2\/#primaryimage"},"image":{"@id":"https:\/\/www.directhealthcaregroup.com\/da\/viden-og-evidens\/180268-2\/#primaryimage"},"thumbnailUrl":"https:\/\/www.directhealthcaregroup.com\/app\/uploads\/forflytning-af-demensramte-borgere-tb-transformed.jpeg","datePublished":"2023-04-21T10:28:49+00:00","dateModified":"2023-05-16T19:15:29+00:00","breadcrumb":{"@id":"https:\/\/www.directhealthcaregroup.com\/da\/viden-og-evidens\/180268-2\/#breadcrumb"},"inLanguage":"da-DK","potentialAction":[{"@type":"ReadAction","target":["https:\/\/www.directhealthcaregroup.com\/da\/viden-og-evidens\/180268-2\/"]}]},{"@type":"ImageObject","inLanguage":"da-DK","@id":"https:\/\/www.directhealthcaregroup.com\/da\/viden-og-evidens\/180268-2\/#primaryimage","url":"https:\/\/www.directhealthcaregroup.com\/app\/uploads\/forflytning-af-demensramte-borgere-tb-transformed.jpeg","contentUrl":"https:\/\/www.directhealthcaregroup.com\/app\/uploads\/forflytning-af-demensramte-borgere-tb-transformed.jpeg","width":2000,"height":500},{"@type":"BreadcrumbList","@id":"https:\/\/www.directhealthcaregroup.com\/da\/viden-og-evidens\/180268-2\/#breadcrumb","itemListElement":[{"@type":"ListItem","position":1,"name":"Home","item":"https:\/\/www.directhealthcaregroup.com\/da\/"},{"@type":"ListItem","position":2,"name":"VIDEN OG EVIDENS","item":"https:\/\/www.directhealthcaregroup.com\/da\/viden-og-evidens\/"},{"@type":"ListItem","position":3,"name":"Forflytning af borgere med demens"}]},{"@type":"WebSite","@id":"https:\/\/www.directhealthcaregroup.com\/#website","url":"https:\/\/www.directhealthcaregroup.com\/","name":"DHG","description":"Moving Health Forward","publisher":{"@id":"https:\/\/www.directhealthcaregroup.com\/#organization"},"potentialAction":[{"@type":"SearchAction","target":{"@type":"EntryPoint","urlTemplate":"https:\/\/www.directhealthcaregroup.com\/?s={search_term_string}"},"query-input":{"@type":"PropertyValueSpecification","valueRequired":true,"valueName":"search_term_string"}}],"inLanguage":"da-DK"},{"@type":"Organization","@id":"https:\/\/www.directhealthcaregroup.com\/#organization","name":"Direct Healthcare Group","url":"https:\/\/www.directhealthcaregroup.com\/","logo":{"@type":"ImageObject","inLanguage":"da-DK","@id":"https:\/\/www.directhealthcaregroup.com\/#\/schema\/logo\/image\/","url":"https:\/\/directhealthcaregroup.com\/app\/uploads\/dhg-logo.png","contentUrl":"https:\/\/directhealthcaregroup.com\/app\/uploads\/dhg-logo.png","width":556,"height":240,"caption":"Direct Healthcare Group"},"image":{"@id":"https:\/\/www.directhealthcaregroup.com\/#\/schema\/logo\/image\/"}}]}},"_links":{"self":[{"href":"https:\/\/www.directhealthcaregroup.com\/da\/wp-json\/wp\/v2\/pages\/180268","targetHints":{"allow":["GET"]}}],"collection":[{"href":"https:\/\/www.directhealthcaregroup.com\/da\/wp-json\/wp\/v2\/pages"}],"about":[{"href":"https:\/\/www.directhealthcaregroup.com\/da\/wp-json\/wp\/v2\/types\/page"}],"author":[{"embeddable":true,"href":"https:\/\/www.directhealthcaregroup.com\/da\/wp-json\/wp\/v2\/users\/40"}],"replies":[{"embeddable":true,"href":"https:\/\/www.directhealthcaregroup.com\/da\/wp-json\/wp\/v2\/comments?post=180268"}],"version-history":[{"count":4,"href":"https:\/\/www.directhealthcaregroup.com\/da\/wp-json\/wp\/v2\/pages\/180268\/revisions"}],"predecessor-version":[{"id":183670,"href":"https:\/\/www.directhealthcaregroup.com\/da\/wp-json\/wp\/v2\/pages\/180268\/revisions\/183670"}],"up":[{"embeddable":true,"href":"https:\/\/www.directhealthcaregroup.com\/da\/wp-json\/wp\/v2\/pages\/174696"}],"wp:featuredmedia":[{"embeddable":true,"href":"https:\/\/www.directhealthcaregroup.com\/da\/wp-json\/wp\/v2\/media\/180168"}],"wp:attachment":[{"href":"https:\/\/www.directhealthcaregroup.com\/da\/wp-json\/wp\/v2\/media?parent=180268"}],"curies":[{"name":"wp","href":"https:\/\/api.w.org\/{rel}","templated":true}]}}