{"id":180293,"date":"2023-04-21T11:31:05","date_gmt":"2023-04-21T10:31:05","guid":{"rendered":"https:\/\/www.directhealthcaregroup.com\/?page_id=180293"},"modified":"2023-05-16T20:14:55","modified_gmt":"2023-05-16T19:14:55","slug":"180293-2","status":"publish","type":"page","link":"https:\/\/www.directhealthcaregroup.com\/da\/viden-og-evidens\/180293-2\/","title":{"rendered":"M\u00f8det med den bariatriske patient"},"content":{"rendered":"\n<h1 class=\"wp-block-heading\"><\/h1>\n\n\n\n<p>M\u00f8det med den sv\u00e6rt overv\u00e6gtige kan v\u00e6re vanskeligt for mange sundhedsprofessionelle. Manglende erfaring og viden p\u00e5 omr\u00e5det lader nemlig vores personlige fordomme p\u00e5virke relationen med den bariatriske patient.<\/p>\n\n\n\n<p>11. juni 2019<\/p>\n\n\n\n<p>Af: Ergoterapeut, Pia Beck<\/p>\n\n\n\n<p>Igennem mit arbejde som ergoterapeut siden 2003, og via bestyrelses- og r\u00e5dsarbejde, har jeg efterh\u00e5nden samlet ganske mange erfaringer med pleje og h\u00e5ndtering af den bariatriske borger. N\u00e5r jeg i denne forbindelse har v\u00e6ret ude at undervise i bariatri og forflytning af sv\u00e6rt overv\u00e6gtige, har jeg oplevet, at m\u00f8det med den sv\u00e6rt overv\u00e6gtige borger i mange situationer kan udfordre de sundhedsprofessionelles fordomme og p\u00e5 den m\u00e5de s\u00e6tte fagligheden p\u00e5 spil.<\/p>\n\n\n\n<p>For at im\u00f8dekomme denne udfordring, giver jeg dig mine bedste r\u00e5d til arbejdet med den bariatriske borger i artiklen her.<br><\/p>\n\n\n\n<h2 class=\"wp-block-heading\">Vi tager fordommene med<\/h2>\n\n\n\n<p>En af \u00e5rsagerne til, at m\u00f8det med den bariatriske borger eller patient kan blive sv\u00e6rt, er, at vi som sundhedsprofessionelle kan komme til at tage vores personlige fordomme med ind i relationen med den bariatriske borger.<\/p>\n\n\n\n<p>Her tr\u00e6nger vores menneskelige nysgerrighed sig p\u00e5 med sp\u00f8rgsm\u00e5l s\u00e5som; Er de kede af at se ud som de g\u00f8r? Hvorfor er de ikke stoppet med at spise? Hvordan er det g\u00e5et s\u00e5 galt? Har den sv\u00e6rt overv\u00e6gtige et aktivt sexliv?<\/p>\n\n\n\n<p>Alle disse sp\u00f8rgsm\u00e5l opst\u00e5r som regel ud af en manglende viden, og dermed en manglende forst\u00e5else for borgerens situation, samt det faktum at sv\u00e6r overv\u00e6gt fortsat er et tabu og bliver betragtet som socialt uacceptabelt i vores kultur. Men ikke desto mindre udfordrer de bariatriske borgere ofte vores faglighed og professionalisme.<\/p>\n\n\n\n<p>Og selvom vi ikke stiller sp\u00f8rgsm\u00e5lene, s\u00e5 kan vores ansigtsudtryk, kropssprog og ordvalg alligevel blive p\u00e5virkede af disse personlige fordomme.<br><\/p>\n\n\n\n<h2 class=\"wp-block-heading\">Manglende motivation<\/h2>\n\n\n\n<p>En&nbsp;<a rel=\"noreferrer noopener\" href=\"https:\/\/sund.ku.dk\/nyheder\/2018\/12\/studie-danske-laeger-har-fordomme-om-personer-med-svaer-overvaegt\/\" target=\"_blank\">unders\u00f8gelse fra 2018<\/a>&nbsp;blandt praktiserende l\u00e6ger viste, \u201d\u2026at l\u00e6gerne lettere forbinder personer med sv\u00e6r overv\u00e6gt med ord, der signalerer dovenskab og manglende motivation, end med ord, som signalerer de modsatte karaktertr\u00e6k.\u201d<\/p>\n\n\n\n<p>Selvom samme unders\u00f8gelse viste, at de sv\u00e6rt overv\u00e6gtige fik en lige s\u00e5 god behandling som andre patienter, kan denne holdning ikke andet end at g\u00e5 udover relationen mellem patient og sundhedsprofessionel. Det samme g\u00f8r sig g\u00e6ldende p\u00e5 tv\u00e6rs af de sundhedsfaglige fag.<\/p>\n\n\n\n<p>Samtidigt oplever det sundhedsfaglige personale ogs\u00e5, at deres opgaver bliver sv\u00e6rere at l\u00f8se. Der mangler ressourcer til de tunge l\u00f8ft, der skal bruges flere kr\u00e6fter p\u00e5 at flytte v\u00e6v for at kunne komme til, og der kan v\u00e6re ubehagelige kropslugte. Det kan f\u00f8re til frustration og manglende motivation for arbejdet med den bariatriske patient, og det bliver sv\u00e6rt at undg\u00e5, at lade denne frustration g\u00e5 udover relationen til patienten.<br><\/p>\n\n\n\n<h2 class=\"wp-block-heading\">En kompleks lidelse<\/h2>\n\n\n\n<p>Som sundhedsprofessionel arbejder vi med en forskningsbaseret og professionsrettet viden, som er erhvervet gennem sundhedsvidenskab, naturvidenskab samt humanvidenskab.&nbsp;Men m\u00e6ngden af empirisk og klinisk viden om denne gruppe borgere, er stadig sparsom. Viden om at kunne h\u00e5ndtere, kommunikere, behandle og rehabilitere og ikke mindst om, hvilke f\u00f8lgelidelser der kan opst\u00e5 som f\u00f8lge af sv\u00e6r overv\u00e6gt.<\/p>\n\n\n\n<p>Samtidigt mangler mange sundhedsprofessionelle simpelthen erfaring med at arbejde med bariatriske patienter. For selvom antallet af sv\u00e6rt overv\u00e6gtige er stigende, er det endnu ikke alle sundhedsprofessionelle, der har arbejdet med patientgruppen, eller har m\u00e5ske kun har gjort det ganske f\u00e5 gange.<\/p>\n\n\n\n<p>Dermed opbygges der heller ikke en rutine i arbejdet, og de gode refleksioner over sp\u00f8rgsm\u00e5l som; har jeg de rette hj\u00e6lpemidler til at udf\u00f8re opgaven, hvilket udstyr skal jeg have med ind p\u00e5 stuen til den opgave jeg skal udf\u00f8re, hvilke ord skal jeg bruge, n\u00e5r jeg snakker om patientens v\u00e6gt o.lign. udebliver.<\/p>\n\n\n\n<p>For at im\u00f8dekomme nogle af disse udfordringer og tvivlssp\u00f8rgsm\u00e5l, der kan v\u00e6re, n\u00e5r du skal arbejde med en bariatrisk borger, er det vigtigt med en god forberedelse, der kan hj\u00e6lpe dig med at tilsides\u00e6tte dine fordomme og g\u00f8re plads til den faglige relation.<br><\/p>\n\n\n\n<h2 class=\"wp-block-heading\">Mine bedste r\u00e5d til m\u00f8det med bariatriske borgere<\/h2>\n\n\n\n<p>Igennem min tid som underviser i ergonomi og bariatri har jeg samlet gode erfaringer med m\u00f8det med den bariatriske patient. Derfor giver jeg dig her mine bedste r\u00e5d til, hvordan du forholder dig, hvis du er uvant med at varetage plejeopgaver af den bariatriske patient:<\/p>\n\n\n\n<ul class=\"wp-block-list\"><li>Hold \u00f8jenkontakten \u2013 kig p\u00e5 mennesket<\/li><li>Sp\u00f8rg patienten hvad de kan selv \u2013 ofte kan bariatriske mennesker mere, end man tror, da deres krop med tiden finder s\u00e6regne m\u00e5der at bev\u00e6ge sig p\u00e5<\/li><li>Vid, at der kan v\u00e6re mange \u00e5rsager til sv\u00e6r overv\u00e6gt, og at det ikke er patientens egen skyld \u2013 de kan ikke bare stoppe med at spise<\/li><li>Forbered dig grundigt p\u00e5 den opgave du skal l\u00f8se, s\u00e5 patienten ikke oplever dig som uforberedt eller t\u00f8vende<\/li><li>Hav de rette hj\u00e6lpemidler til r\u00e5dighed \u2013 der b\u00f8r altid v\u00e6re et elektronisk vendesystem, n\u00e5r du skal forflytte en sv\u00e6rt overv\u00e6gtig borger eller patient<\/li><\/ul>\n","protected":false},"excerpt":{"rendered":"<p>M\u00f8det med den sv\u00e6rt overv\u00e6gtige kan v\u00e6re vanskeligt for mange sundhedsprofessionelle. Manglende erfaring og viden p\u00e5 omr\u00e5det lader nemlig vores personlige fordomme p\u00e5virke relationen med den bariatriske patient. 11. juni 2019 Af: Ergoterapeut, Pia Beck Igennem mit arbejde som ergoterapeut siden 2003, og via bestyrelses- og r\u00e5dsarbejde, har jeg efterh\u00e5nden samlet ganske mange erfaringer med &hellip; <a href=\"https:\/\/www.directhealthcaregroup.com\/da\/viden-og-evidens\/180293-2\/\">Continued<\/a><\/p>\n","protected":false},"author":40,"featured_media":180294,"parent":174696,"menu_order":74,"comment_status":"closed","ping_status":"closed","template":"","meta":{"_acf_changed":false,"footnotes":""},"class_list":["post-180293","page","type-page","status-publish","has-post-thumbnail","hentry"],"acf":[],"yoast_head":"<!-- This site is optimized with the Yoast SEO plugin v27.4 - https:\/\/yoast.com\/product\/yoast-seo-wordpress\/ -->\n<title>M\u00f8det med den bariatriske patient | DHG<\/title>\n<meta name=\"robots\" content=\"index, follow, max-snippet:-1, max-image-preview:large, max-video-preview:-1\" \/>\n<link rel=\"canonical\" href=\"https:\/\/www.directhealthcaregroup.com\/da\/viden-og-evidens\/180293-2\/\" \/>\n<meta property=\"og:locale\" content=\"da_DK\" \/>\n<meta property=\"og:type\" content=\"article\" \/>\n<meta property=\"og:title\" content=\"M\u00f8det med den bariatriske patient | DHG\" \/>\n<meta property=\"og:description\" content=\"M\u00f8det med den sv\u00e6rt overv\u00e6gtige kan v\u00e6re vanskeligt for mange sundhedsprofessionelle. Manglende erfaring og viden p\u00e5 omr\u00e5det lader nemlig vores personlige fordomme p\u00e5virke relationen med den bariatriske patient. 11. juni 2019 Af: Ergoterapeut, Pia Beck Igennem mit arbejde som ergoterapeut siden 2003, og via bestyrelses- og r\u00e5dsarbejde, har jeg efterh\u00e5nden samlet ganske mange erfaringer med &hellip; Continued\" \/>\n<meta property=\"og:url\" content=\"https:\/\/www.directhealthcaregroup.com\/da\/viden-og-evidens\/180293-2\/\" \/>\n<meta property=\"og:site_name\" content=\"DHG\" \/>\n<meta property=\"article:modified_time\" content=\"2023-05-16T19:14:55+00:00\" \/>\n<meta property=\"og:image\" content=\"https:\/\/www.directhealthcaregroup.com\/app\/uploads\/modet-med-den-bariatriske-patient-tb.jpg\" \/>\n\t<meta property=\"og:image:width\" content=\"500\" \/>\n\t<meta property=\"og:image:height\" content=\"125\" \/>\n\t<meta property=\"og:image:type\" content=\"image\/jpeg\" \/>\n<meta name=\"twitter:card\" content=\"summary_large_image\" \/>\n<meta name=\"twitter:label1\" content=\"Est. reading time\" \/>\n\t<meta name=\"twitter:data1\" content=\"4 minutes\" \/>\n<script type=\"application\/ld+json\" class=\"yoast-schema-graph\">{\"@context\":\"https:\\\/\\\/schema.org\",\"@graph\":[{\"@type\":\"WebPage\",\"@id\":\"https:\\\/\\\/www.directhealthcaregroup.com\\\/da\\\/viden-og-evidens\\\/180293-2\\\/\",\"url\":\"https:\\\/\\\/www.directhealthcaregroup.com\\\/da\\\/viden-og-evidens\\\/180293-2\\\/\",\"name\":\"M\u00f8det med den bariatriske patient | DHG\",\"isPartOf\":{\"@id\":\"https:\\\/\\\/www.directhealthcaregroup.com\\\/#website\"},\"primaryImageOfPage\":{\"@id\":\"https:\\\/\\\/www.directhealthcaregroup.com\\\/da\\\/viden-og-evidens\\\/180293-2\\\/#primaryimage\"},\"image\":{\"@id\":\"https:\\\/\\\/www.directhealthcaregroup.com\\\/da\\\/viden-og-evidens\\\/180293-2\\\/#primaryimage\"},\"thumbnailUrl\":\"https:\\\/\\\/www.directhealthcaregroup.com\\\/app\\\/uploads\\\/modet-med-den-bariatriske-patient-tb.jpg\",\"datePublished\":\"2023-04-21T10:31:05+00:00\",\"dateModified\":\"2023-05-16T19:14:55+00:00\",\"breadcrumb\":{\"@id\":\"https:\\\/\\\/www.directhealthcaregroup.com\\\/da\\\/viden-og-evidens\\\/180293-2\\\/#breadcrumb\"},\"inLanguage\":\"da-DK\",\"potentialAction\":[{\"@type\":\"ReadAction\",\"target\":[\"https:\\\/\\\/www.directhealthcaregroup.com\\\/da\\\/viden-og-evidens\\\/180293-2\\\/\"]}]},{\"@type\":\"ImageObject\",\"inLanguage\":\"da-DK\",\"@id\":\"https:\\\/\\\/www.directhealthcaregroup.com\\\/da\\\/viden-og-evidens\\\/180293-2\\\/#primaryimage\",\"url\":\"https:\\\/\\\/www.directhealthcaregroup.com\\\/app\\\/uploads\\\/modet-med-den-bariatriske-patient-tb.jpg\",\"contentUrl\":\"https:\\\/\\\/www.directhealthcaregroup.com\\\/app\\\/uploads\\\/modet-med-den-bariatriske-patient-tb.jpg\",\"width\":500,\"height\":125},{\"@type\":\"BreadcrumbList\",\"@id\":\"https:\\\/\\\/www.directhealthcaregroup.com\\\/da\\\/viden-og-evidens\\\/180293-2\\\/#breadcrumb\",\"itemListElement\":[{\"@type\":\"ListItem\",\"position\":1,\"name\":\"Home\",\"item\":\"https:\\\/\\\/www.directhealthcaregroup.com\\\/da\\\/\"},{\"@type\":\"ListItem\",\"position\":2,\"name\":\"VIDEN OG EVIDENS\",\"item\":\"https:\\\/\\\/www.directhealthcaregroup.com\\\/da\\\/viden-og-evidens\\\/\"},{\"@type\":\"ListItem\",\"position\":3,\"name\":\"M\u00f8det med den bariatriske patient\"}]},{\"@type\":\"WebSite\",\"@id\":\"https:\\\/\\\/www.directhealthcaregroup.com\\\/#website\",\"url\":\"https:\\\/\\\/www.directhealthcaregroup.com\\\/\",\"name\":\"DHG\",\"description\":\"Moving Health Forward\",\"publisher\":{\"@id\":\"https:\\\/\\\/www.directhealthcaregroup.com\\\/#organization\"},\"potentialAction\":[{\"@type\":\"SearchAction\",\"target\":{\"@type\":\"EntryPoint\",\"urlTemplate\":\"https:\\\/\\\/www.directhealthcaregroup.com\\\/?s={search_term_string}\"},\"query-input\":{\"@type\":\"PropertyValueSpecification\",\"valueRequired\":true,\"valueName\":\"search_term_string\"}}],\"inLanguage\":\"da-DK\"},{\"@type\":\"Organization\",\"@id\":\"https:\\\/\\\/www.directhealthcaregroup.com\\\/#organization\",\"name\":\"Direct Healthcare Group\",\"url\":\"https:\\\/\\\/www.directhealthcaregroup.com\\\/\",\"logo\":{\"@type\":\"ImageObject\",\"inLanguage\":\"da-DK\",\"@id\":\"https:\\\/\\\/www.directhealthcaregroup.com\\\/#\\\/schema\\\/logo\\\/image\\\/\",\"url\":\"https:\\\/\\\/directhealthcaregroup.com\\\/app\\\/uploads\\\/dhg-logo.png\",\"contentUrl\":\"https:\\\/\\\/directhealthcaregroup.com\\\/app\\\/uploads\\\/dhg-logo.png\",\"width\":556,\"height\":240,\"caption\":\"Direct Healthcare Group\"},\"image\":{\"@id\":\"https:\\\/\\\/www.directhealthcaregroup.com\\\/#\\\/schema\\\/logo\\\/image\\\/\"}}]}<\/script>\n<!-- \/ Yoast SEO plugin. -->","yoast_head_json":{"title":"M\u00f8det med den bariatriske patient | DHG","robots":{"index":"index","follow":"follow","max-snippet":"max-snippet:-1","max-image-preview":"max-image-preview:large","max-video-preview":"max-video-preview:-1"},"canonical":"https:\/\/www.directhealthcaregroup.com\/da\/viden-og-evidens\/180293-2\/","og_locale":"da_DK","og_type":"article","og_title":"M\u00f8det med den bariatriske patient | DHG","og_description":"M\u00f8det med den sv\u00e6rt overv\u00e6gtige kan v\u00e6re vanskeligt for mange sundhedsprofessionelle. Manglende erfaring og viden p\u00e5 omr\u00e5det lader nemlig vores personlige fordomme p\u00e5virke relationen med den bariatriske patient. 11. juni 2019 Af: Ergoterapeut, Pia Beck Igennem mit arbejde som ergoterapeut siden 2003, og via bestyrelses- og r\u00e5dsarbejde, har jeg efterh\u00e5nden samlet ganske mange erfaringer med &hellip; Continued","og_url":"https:\/\/www.directhealthcaregroup.com\/da\/viden-og-evidens\/180293-2\/","og_site_name":"DHG","article_modified_time":"2023-05-16T19:14:55+00:00","og_image":[{"width":500,"height":125,"url":"https:\/\/www.directhealthcaregroup.com\/app\/uploads\/modet-med-den-bariatriske-patient-tb.jpg","type":"image\/jpeg"}],"twitter_card":"summary_large_image","twitter_misc":{"Est. reading time":"4 minutes"},"schema":{"@context":"https:\/\/schema.org","@graph":[{"@type":"WebPage","@id":"https:\/\/www.directhealthcaregroup.com\/da\/viden-og-evidens\/180293-2\/","url":"https:\/\/www.directhealthcaregroup.com\/da\/viden-og-evidens\/180293-2\/","name":"M\u00f8det med den bariatriske patient | DHG","isPartOf":{"@id":"https:\/\/www.directhealthcaregroup.com\/#website"},"primaryImageOfPage":{"@id":"https:\/\/www.directhealthcaregroup.com\/da\/viden-og-evidens\/180293-2\/#primaryimage"},"image":{"@id":"https:\/\/www.directhealthcaregroup.com\/da\/viden-og-evidens\/180293-2\/#primaryimage"},"thumbnailUrl":"https:\/\/www.directhealthcaregroup.com\/app\/uploads\/modet-med-den-bariatriske-patient-tb.jpg","datePublished":"2023-04-21T10:31:05+00:00","dateModified":"2023-05-16T19:14:55+00:00","breadcrumb":{"@id":"https:\/\/www.directhealthcaregroup.com\/da\/viden-og-evidens\/180293-2\/#breadcrumb"},"inLanguage":"da-DK","potentialAction":[{"@type":"ReadAction","target":["https:\/\/www.directhealthcaregroup.com\/da\/viden-og-evidens\/180293-2\/"]}]},{"@type":"ImageObject","inLanguage":"da-DK","@id":"https:\/\/www.directhealthcaregroup.com\/da\/viden-og-evidens\/180293-2\/#primaryimage","url":"https:\/\/www.directhealthcaregroup.com\/app\/uploads\/modet-med-den-bariatriske-patient-tb.jpg","contentUrl":"https:\/\/www.directhealthcaregroup.com\/app\/uploads\/modet-med-den-bariatriske-patient-tb.jpg","width":500,"height":125},{"@type":"BreadcrumbList","@id":"https:\/\/www.directhealthcaregroup.com\/da\/viden-og-evidens\/180293-2\/#breadcrumb","itemListElement":[{"@type":"ListItem","position":1,"name":"Home","item":"https:\/\/www.directhealthcaregroup.com\/da\/"},{"@type":"ListItem","position":2,"name":"VIDEN OG EVIDENS","item":"https:\/\/www.directhealthcaregroup.com\/da\/viden-og-evidens\/"},{"@type":"ListItem","position":3,"name":"M\u00f8det med den bariatriske patient"}]},{"@type":"WebSite","@id":"https:\/\/www.directhealthcaregroup.com\/#website","url":"https:\/\/www.directhealthcaregroup.com\/","name":"DHG","description":"Moving Health Forward","publisher":{"@id":"https:\/\/www.directhealthcaregroup.com\/#organization"},"potentialAction":[{"@type":"SearchAction","target":{"@type":"EntryPoint","urlTemplate":"https:\/\/www.directhealthcaregroup.com\/?s={search_term_string}"},"query-input":{"@type":"PropertyValueSpecification","valueRequired":true,"valueName":"search_term_string"}}],"inLanguage":"da-DK"},{"@type":"Organization","@id":"https:\/\/www.directhealthcaregroup.com\/#organization","name":"Direct Healthcare Group","url":"https:\/\/www.directhealthcaregroup.com\/","logo":{"@type":"ImageObject","inLanguage":"da-DK","@id":"https:\/\/www.directhealthcaregroup.com\/#\/schema\/logo\/image\/","url":"https:\/\/directhealthcaregroup.com\/app\/uploads\/dhg-logo.png","contentUrl":"https:\/\/directhealthcaregroup.com\/app\/uploads\/dhg-logo.png","width":556,"height":240,"caption":"Direct Healthcare Group"},"image":{"@id":"https:\/\/www.directhealthcaregroup.com\/#\/schema\/logo\/image\/"}}]}},"_links":{"self":[{"href":"https:\/\/www.directhealthcaregroup.com\/da\/wp-json\/wp\/v2\/pages\/180293","targetHints":{"allow":["GET"]}}],"collection":[{"href":"https:\/\/www.directhealthcaregroup.com\/da\/wp-json\/wp\/v2\/pages"}],"about":[{"href":"https:\/\/www.directhealthcaregroup.com\/da\/wp-json\/wp\/v2\/types\/page"}],"author":[{"embeddable":true,"href":"https:\/\/www.directhealthcaregroup.com\/da\/wp-json\/wp\/v2\/users\/40"}],"replies":[{"embeddable":true,"href":"https:\/\/www.directhealthcaregroup.com\/da\/wp-json\/wp\/v2\/comments?post=180293"}],"version-history":[{"count":2,"href":"https:\/\/www.directhealthcaregroup.com\/da\/wp-json\/wp\/v2\/pages\/180293\/revisions"}],"predecessor-version":[{"id":183669,"href":"https:\/\/www.directhealthcaregroup.com\/da\/wp-json\/wp\/v2\/pages\/180293\/revisions\/183669"}],"up":[{"embeddable":true,"href":"https:\/\/www.directhealthcaregroup.com\/da\/wp-json\/wp\/v2\/pages\/174696"}],"wp:featuredmedia":[{"embeddable":true,"href":"https:\/\/www.directhealthcaregroup.com\/da\/wp-json\/wp\/v2\/media\/180294"}],"wp:attachment":[{"href":"https:\/\/www.directhealthcaregroup.com\/da\/wp-json\/wp\/v2\/media?parent=180293"}],"curies":[{"name":"wp","href":"https:\/\/api.w.org\/{rel}","templated":true}]}}