{"id":180318,"date":"2023-04-21T11:35:22","date_gmt":"2023-04-21T10:35:22","guid":{"rendered":"https:\/\/www.directhealthcaregroup.com\/?page_id=180318"},"modified":"2023-05-16T20:16:46","modified_gmt":"2023-05-16T19:16:46","slug":"180318-2","status":"publish","type":"page","link":"https:\/\/www.directhealthcaregroup.com\/da\/viden-og-evidens\/180318-2\/","title":{"rendered":"Hvad er lejring?"},"content":{"rendered":"\n<h2 class=\"wp-block-heading\"><\/h2>\n\n\n\n<p>Det kan m\u00e5ske lyde som et banalt sp\u00f8rgsm\u00e5l, men der findes mange forskellige holdninger til det. Faktisk oplever jeg at deltagerne p\u00e5 vores lejringsseminar ofte har sv\u00e6rt ved at svare p\u00e5, hvad det helt n\u00f8jagtigt er.<\/p>\n\n\n\n<p>Jeg definerer lejring som&nbsp;den m\u00e5de, hvorp\u00e5 en borger eller patient ligges i sengen.&nbsp;Det vil sige, at den m\u00e5de du placerer borgeren i sengen, er en form for lejring. Ogs\u00e5 selv om det ikke involverer forskellige former for puder, kiler mv.<\/p>\n\n\n\n<p>Begrebet positionering anvendes ofte som om, der er tale om noget andet end lejring. Det kan v\u00e6re med til at skabe lidt begrebsforvirring. Positionering handler nemlig ogs\u00e5 om at placere den sengeliggende i bestemte stillinger\/positioner.&nbsp;<\/p>\n\n\n\n<p>Set med mine&nbsp;\u00f8jne, er der alts\u00e5 tale om to forskellige ord for samme opgave: At placere den sengeliggende i hensigtsm\u00e6ssige stillinger. Uanset om vi bruger ordet lejring eller positionering, er der alts\u00e5 tale om det samme.<br><\/p>\n\n\n\n<h2 class=\"wp-block-heading\"><strong>Hvad er form\u00e5let med lejring?<\/strong><\/h2>\n\n\n\n<p>N\u00e5r der arbejdes med lejring, b\u00f8r form\u00e5let med lejringen g\u00f8res klart fra starten. Hvad lejringen skal g\u00f8re, eller hvilket problem det skal afhj\u00e6lpe, har nemlig afg\u00f8rende betydning for, hvordan lejringen tager sig ud.<\/p>\n\n\n\n<p>Der kan nemlig v\u00e6re mange forskellige form\u00e5l med lejring. Det kan dreje sig om at skabe komfort for borgeren eller skabe kropsafgr\u00e6nsning. Det kan handle om trykaflastning lokalt eller generel underst\u00f8ttelse af kroppen. Det kan ogs\u00e5 handle om smertelindring eller om at skabe bedre grundlag for respiration. Endelig handler det ogs\u00e5 om at lejre den sengeliggende hensigtsm\u00e6ssigt i forbindelse med forskellige procedurer i sengen \u2013 f.eks. ved nedre hygiejne.&nbsp;<\/p>\n\n\n\n<p><strong>L\u00e6s ogs\u00e5:<\/strong>&nbsp;<a href=\"https:\/\/www.directhealthcaregroup.com\/da\/viden-og-evidens\/180192-2\/\" target=\"_blank\" rel=\"noreferrer noopener\">Hvad er god lejring?<\/a><\/p>\n\n\n\n<p>Der er mange flere eksempler p\u00e5 form\u00e5l med lejring og ofte vil det v\u00e6re en kombination af flere. Samlet set handler lejring om at skabe den bedste pleje og gode forhold for den sengeliggende.<br><\/p>\n\n\n\n<h2 class=\"wp-block-heading\"><strong>Lejringens betydning<\/strong><\/h2>\n\n\n\n<p>Lejring har afg\u00f8rende betydning, ikke kun for patientens velv\u00e6re og komfort, men i s\u00e6rdeleshed ogs\u00e5 i forbindelse med behandlings- eller helingsprocesser.<\/p>\n\n\n\n<p>Uhensigtsm\u00e6ssig lejring kan f\u00e5 indflydelse p\u00e5 sygdomsudviklingen, og borgerens behov for lejring b\u00f8r derfor altid vurderes individuelt.<\/p>\n\n\n\n<p>Derfor mener jeg&nbsp;at, at lejring af permanent&nbsp;sengeliggende b\u00f8r v\u00e6re&nbsp;et fokusomr\u00e5de p\u00e5 niveau med s\u00e5r, inkontinens og ern\u00e6ring!<\/p>\n\n\n\n<div class=\"wp-block-image\"><figure class=\"aligncenter size-large\"><img loading=\"lazy\" decoding=\"async\" width=\"409\" height=\"459\" src=\"https:\/\/www.directhealthcaregroup.com\/app\/uploads\/Udklip-1.png\" alt=\"\" class=\"wp-image-180320\" srcset=\"https:\/\/www.directhealthcaregroup.com\/app\/uploads\/Udklip-1.png 409w, https:\/\/www.directhealthcaregroup.com\/app\/uploads\/Udklip-1-267x300.png 267w, https:\/\/www.directhealthcaregroup.com\/app\/uploads\/Udklip-1-320x359.png 320w, https:\/\/www.directhealthcaregroup.com\/app\/uploads\/Udklip-1-199x223.png 199w\" sizes=\"auto, (max-width: 409px) 100vw, 409px\" \/><\/figure><\/div>\n","protected":false},"excerpt":{"rendered":"<p>Det kan m\u00e5ske lyde som et banalt sp\u00f8rgsm\u00e5l, men der findes mange forskellige holdninger til det. Faktisk oplever jeg at deltagerne p\u00e5 vores lejringsseminar ofte har sv\u00e6rt ved at svare p\u00e5, hvad det helt n\u00f8jagtigt er. Jeg definerer lejring som&nbsp;den m\u00e5de, hvorp\u00e5 en borger eller patient ligges i sengen.&nbsp;Det vil sige, at den m\u00e5de du &hellip; <a href=\"https:\/\/www.directhealthcaregroup.com\/da\/viden-og-evidens\/180318-2\/\">Continued<\/a><\/p>\n","protected":false},"author":40,"featured_media":180354,"parent":174696,"menu_order":75,"comment_status":"closed","ping_status":"closed","template":"","meta":{"_acf_changed":false,"footnotes":""},"class_list":["post-180318","page","type-page","status-publish","has-post-thumbnail","hentry"],"acf":[],"yoast_head":"<!-- This site is optimized with the Yoast SEO plugin v27.4 - https:\/\/yoast.com\/product\/yoast-seo-wordpress\/ -->\n<title>Hvad er lejring? | DHG<\/title>\n<meta name=\"robots\" content=\"index, follow, max-snippet:-1, max-image-preview:large, max-video-preview:-1\" \/>\n<link rel=\"canonical\" href=\"https:\/\/www.directhealthcaregroup.com\/da\/viden-og-evidens\/180318-2\/\" \/>\n<meta property=\"og:locale\" content=\"da_DK\" \/>\n<meta property=\"og:type\" content=\"article\" \/>\n<meta property=\"og:title\" content=\"Hvad er lejring? | DHG\" \/>\n<meta property=\"og:description\" content=\"Det kan m\u00e5ske lyde som et banalt sp\u00f8rgsm\u00e5l, men der findes mange forskellige holdninger til det. Faktisk oplever jeg at deltagerne p\u00e5 vores lejringsseminar ofte har sv\u00e6rt ved at svare p\u00e5, hvad det helt n\u00f8jagtigt er. Jeg definerer lejring som&nbsp;den m\u00e5de, hvorp\u00e5 en borger eller patient ligges i sengen.&nbsp;Det vil sige, at den m\u00e5de du &hellip; Continued\" \/>\n<meta property=\"og:url\" content=\"https:\/\/www.directhealthcaregroup.com\/da\/viden-og-evidens\/180318-2\/\" \/>\n<meta property=\"og:site_name\" content=\"DHG\" \/>\n<meta property=\"article:modified_time\" content=\"2023-05-16T19:16:46+00:00\" \/>\n<meta property=\"og:image\" content=\"https:\/\/www.directhealthcaregroup.com\/app\/uploads\/ved-du-nok-om-lejring-tb.jpg\" \/>\n\t<meta property=\"og:image:width\" content=\"500\" \/>\n\t<meta property=\"og:image:height\" content=\"125\" \/>\n\t<meta property=\"og:image:type\" content=\"image\/jpeg\" \/>\n<meta name=\"twitter:card\" content=\"summary_large_image\" \/>\n<meta name=\"twitter:label1\" content=\"Est. reading time\" \/>\n\t<meta name=\"twitter:data1\" content=\"2 minutes\" \/>\n<script type=\"application\/ld+json\" class=\"yoast-schema-graph\">{\"@context\":\"https:\\\/\\\/schema.org\",\"@graph\":[{\"@type\":\"WebPage\",\"@id\":\"https:\\\/\\\/www.directhealthcaregroup.com\\\/da\\\/viden-og-evidens\\\/180318-2\\\/\",\"url\":\"https:\\\/\\\/www.directhealthcaregroup.com\\\/da\\\/viden-og-evidens\\\/180318-2\\\/\",\"name\":\"Hvad er lejring? | DHG\",\"isPartOf\":{\"@id\":\"https:\\\/\\\/www.directhealthcaregroup.com\\\/#website\"},\"primaryImageOfPage\":{\"@id\":\"https:\\\/\\\/www.directhealthcaregroup.com\\\/da\\\/viden-og-evidens\\\/180318-2\\\/#primaryimage\"},\"image\":{\"@id\":\"https:\\\/\\\/www.directhealthcaregroup.com\\\/da\\\/viden-og-evidens\\\/180318-2\\\/#primaryimage\"},\"thumbnailUrl\":\"https:\\\/\\\/www.directhealthcaregroup.com\\\/app\\\/uploads\\\/ved-du-nok-om-lejring-tb.jpg\",\"datePublished\":\"2023-04-21T10:35:22+00:00\",\"dateModified\":\"2023-05-16T19:16:46+00:00\",\"breadcrumb\":{\"@id\":\"https:\\\/\\\/www.directhealthcaregroup.com\\\/da\\\/viden-og-evidens\\\/180318-2\\\/#breadcrumb\"},\"inLanguage\":\"da-DK\",\"potentialAction\":[{\"@type\":\"ReadAction\",\"target\":[\"https:\\\/\\\/www.directhealthcaregroup.com\\\/da\\\/viden-og-evidens\\\/180318-2\\\/\"]}]},{\"@type\":\"ImageObject\",\"inLanguage\":\"da-DK\",\"@id\":\"https:\\\/\\\/www.directhealthcaregroup.com\\\/da\\\/viden-og-evidens\\\/180318-2\\\/#primaryimage\",\"url\":\"https:\\\/\\\/www.directhealthcaregroup.com\\\/app\\\/uploads\\\/ved-du-nok-om-lejring-tb.jpg\",\"contentUrl\":\"https:\\\/\\\/www.directhealthcaregroup.com\\\/app\\\/uploads\\\/ved-du-nok-om-lejring-tb.jpg\",\"width\":500,\"height\":125},{\"@type\":\"BreadcrumbList\",\"@id\":\"https:\\\/\\\/www.directhealthcaregroup.com\\\/da\\\/viden-og-evidens\\\/180318-2\\\/#breadcrumb\",\"itemListElement\":[{\"@type\":\"ListItem\",\"position\":1,\"name\":\"Home\",\"item\":\"https:\\\/\\\/www.directhealthcaregroup.com\\\/da\\\/\"},{\"@type\":\"ListItem\",\"position\":2,\"name\":\"VIDEN OG EVIDENS\",\"item\":\"https:\\\/\\\/www.directhealthcaregroup.com\\\/da\\\/viden-og-evidens\\\/\"},{\"@type\":\"ListItem\",\"position\":3,\"name\":\"Hvad er lejring?\"}]},{\"@type\":\"WebSite\",\"@id\":\"https:\\\/\\\/www.directhealthcaregroup.com\\\/#website\",\"url\":\"https:\\\/\\\/www.directhealthcaregroup.com\\\/\",\"name\":\"DHG\",\"description\":\"Moving Health Forward\",\"publisher\":{\"@id\":\"https:\\\/\\\/www.directhealthcaregroup.com\\\/#organization\"},\"potentialAction\":[{\"@type\":\"SearchAction\",\"target\":{\"@type\":\"EntryPoint\",\"urlTemplate\":\"https:\\\/\\\/www.directhealthcaregroup.com\\\/?s={search_term_string}\"},\"query-input\":{\"@type\":\"PropertyValueSpecification\",\"valueRequired\":true,\"valueName\":\"search_term_string\"}}],\"inLanguage\":\"da-DK\"},{\"@type\":\"Organization\",\"@id\":\"https:\\\/\\\/www.directhealthcaregroup.com\\\/#organization\",\"name\":\"Direct Healthcare Group\",\"url\":\"https:\\\/\\\/www.directhealthcaregroup.com\\\/\",\"logo\":{\"@type\":\"ImageObject\",\"inLanguage\":\"da-DK\",\"@id\":\"https:\\\/\\\/www.directhealthcaregroup.com\\\/#\\\/schema\\\/logo\\\/image\\\/\",\"url\":\"https:\\\/\\\/directhealthcaregroup.com\\\/app\\\/uploads\\\/dhg-logo.png\",\"contentUrl\":\"https:\\\/\\\/directhealthcaregroup.com\\\/app\\\/uploads\\\/dhg-logo.png\",\"width\":556,\"height\":240,\"caption\":\"Direct Healthcare Group\"},\"image\":{\"@id\":\"https:\\\/\\\/www.directhealthcaregroup.com\\\/#\\\/schema\\\/logo\\\/image\\\/\"}}]}<\/script>\n<!-- \/ Yoast SEO plugin. -->","yoast_head_json":{"title":"Hvad er lejring? | DHG","robots":{"index":"index","follow":"follow","max-snippet":"max-snippet:-1","max-image-preview":"max-image-preview:large","max-video-preview":"max-video-preview:-1"},"canonical":"https:\/\/www.directhealthcaregroup.com\/da\/viden-og-evidens\/180318-2\/","og_locale":"da_DK","og_type":"article","og_title":"Hvad er lejring? | DHG","og_description":"Det kan m\u00e5ske lyde som et banalt sp\u00f8rgsm\u00e5l, men der findes mange forskellige holdninger til det. Faktisk oplever jeg at deltagerne p\u00e5 vores lejringsseminar ofte har sv\u00e6rt ved at svare p\u00e5, hvad det helt n\u00f8jagtigt er. Jeg definerer lejring som&nbsp;den m\u00e5de, hvorp\u00e5 en borger eller patient ligges i sengen.&nbsp;Det vil sige, at den m\u00e5de du &hellip; Continued","og_url":"https:\/\/www.directhealthcaregroup.com\/da\/viden-og-evidens\/180318-2\/","og_site_name":"DHG","article_modified_time":"2023-05-16T19:16:46+00:00","og_image":[{"width":500,"height":125,"url":"https:\/\/www.directhealthcaregroup.com\/app\/uploads\/ved-du-nok-om-lejring-tb.jpg","type":"image\/jpeg"}],"twitter_card":"summary_large_image","twitter_misc":{"Est. reading time":"2 minutes"},"schema":{"@context":"https:\/\/schema.org","@graph":[{"@type":"WebPage","@id":"https:\/\/www.directhealthcaregroup.com\/da\/viden-og-evidens\/180318-2\/","url":"https:\/\/www.directhealthcaregroup.com\/da\/viden-og-evidens\/180318-2\/","name":"Hvad er lejring? | DHG","isPartOf":{"@id":"https:\/\/www.directhealthcaregroup.com\/#website"},"primaryImageOfPage":{"@id":"https:\/\/www.directhealthcaregroup.com\/da\/viden-og-evidens\/180318-2\/#primaryimage"},"image":{"@id":"https:\/\/www.directhealthcaregroup.com\/da\/viden-og-evidens\/180318-2\/#primaryimage"},"thumbnailUrl":"https:\/\/www.directhealthcaregroup.com\/app\/uploads\/ved-du-nok-om-lejring-tb.jpg","datePublished":"2023-04-21T10:35:22+00:00","dateModified":"2023-05-16T19:16:46+00:00","breadcrumb":{"@id":"https:\/\/www.directhealthcaregroup.com\/da\/viden-og-evidens\/180318-2\/#breadcrumb"},"inLanguage":"da-DK","potentialAction":[{"@type":"ReadAction","target":["https:\/\/www.directhealthcaregroup.com\/da\/viden-og-evidens\/180318-2\/"]}]},{"@type":"ImageObject","inLanguage":"da-DK","@id":"https:\/\/www.directhealthcaregroup.com\/da\/viden-og-evidens\/180318-2\/#primaryimage","url":"https:\/\/www.directhealthcaregroup.com\/app\/uploads\/ved-du-nok-om-lejring-tb.jpg","contentUrl":"https:\/\/www.directhealthcaregroup.com\/app\/uploads\/ved-du-nok-om-lejring-tb.jpg","width":500,"height":125},{"@type":"BreadcrumbList","@id":"https:\/\/www.directhealthcaregroup.com\/da\/viden-og-evidens\/180318-2\/#breadcrumb","itemListElement":[{"@type":"ListItem","position":1,"name":"Home","item":"https:\/\/www.directhealthcaregroup.com\/da\/"},{"@type":"ListItem","position":2,"name":"VIDEN OG EVIDENS","item":"https:\/\/www.directhealthcaregroup.com\/da\/viden-og-evidens\/"},{"@type":"ListItem","position":3,"name":"Hvad er lejring?"}]},{"@type":"WebSite","@id":"https:\/\/www.directhealthcaregroup.com\/#website","url":"https:\/\/www.directhealthcaregroup.com\/","name":"DHG","description":"Moving Health Forward","publisher":{"@id":"https:\/\/www.directhealthcaregroup.com\/#organization"},"potentialAction":[{"@type":"SearchAction","target":{"@type":"EntryPoint","urlTemplate":"https:\/\/www.directhealthcaregroup.com\/?s={search_term_string}"},"query-input":{"@type":"PropertyValueSpecification","valueRequired":true,"valueName":"search_term_string"}}],"inLanguage":"da-DK"},{"@type":"Organization","@id":"https:\/\/www.directhealthcaregroup.com\/#organization","name":"Direct Healthcare Group","url":"https:\/\/www.directhealthcaregroup.com\/","logo":{"@type":"ImageObject","inLanguage":"da-DK","@id":"https:\/\/www.directhealthcaregroup.com\/#\/schema\/logo\/image\/","url":"https:\/\/directhealthcaregroup.com\/app\/uploads\/dhg-logo.png","contentUrl":"https:\/\/directhealthcaregroup.com\/app\/uploads\/dhg-logo.png","width":556,"height":240,"caption":"Direct Healthcare Group"},"image":{"@id":"https:\/\/www.directhealthcaregroup.com\/#\/schema\/logo\/image\/"}}]}},"_links":{"self":[{"href":"https:\/\/www.directhealthcaregroup.com\/da\/wp-json\/wp\/v2\/pages\/180318","targetHints":{"allow":["GET"]}}],"collection":[{"href":"https:\/\/www.directhealthcaregroup.com\/da\/wp-json\/wp\/v2\/pages"}],"about":[{"href":"https:\/\/www.directhealthcaregroup.com\/da\/wp-json\/wp\/v2\/types\/page"}],"author":[{"embeddable":true,"href":"https:\/\/www.directhealthcaregroup.com\/da\/wp-json\/wp\/v2\/users\/40"}],"replies":[{"embeddable":true,"href":"https:\/\/www.directhealthcaregroup.com\/da\/wp-json\/wp\/v2\/comments?post=180318"}],"version-history":[{"count":3,"href":"https:\/\/www.directhealthcaregroup.com\/da\/wp-json\/wp\/v2\/pages\/180318\/revisions"}],"predecessor-version":[{"id":183672,"href":"https:\/\/www.directhealthcaregroup.com\/da\/wp-json\/wp\/v2\/pages\/180318\/revisions\/183672"}],"up":[{"embeddable":true,"href":"https:\/\/www.directhealthcaregroup.com\/da\/wp-json\/wp\/v2\/pages\/174696"}],"wp:featuredmedia":[{"embeddable":true,"href":"https:\/\/www.directhealthcaregroup.com\/da\/wp-json\/wp\/v2\/media\/180354"}],"wp:attachment":[{"href":"https:\/\/www.directhealthcaregroup.com\/da\/wp-json\/wp\/v2\/media?parent=180318"}],"curies":[{"name":"wp","href":"https:\/\/api.w.org\/{rel}","templated":true}]}}