{"id":180377,"date":"2023-04-21T12:14:46","date_gmt":"2023-04-21T11:14:46","guid":{"rendered":"https:\/\/www.directhealthcaregroup.com\/?page_id=180377"},"modified":"2023-05-17T06:18:36","modified_gmt":"2023-05-17T05:18:36","slug":"180377-2","status":"publish","type":"page","link":"https:\/\/www.directhealthcaregroup.com\/da\/viden-og-evidens\/180377-2\/","title":{"rendered":"Maria har cerebral parese"},"content":{"rendered":"\n<h1 class=\"wp-block-heading\"><\/h1>\n\n\n\n<p>Maria, der har Cerebral Parese, fik for tre \u00e5r siden et VENDLET system. Det er hun glad for, for det er b\u00e5de mere behageligt for hende selv og for personalet. Det betyder meget for hende.<\/p>\n\n\n\n<p>23. juli 2019<\/p>\n\n\n\n<p>Maria blev f\u00f8dt med Cerebral Parese og har aldrig kunne g\u00e5. Det betyder, at hun har brug for hj\u00e6lp i l\u00f8bet af dagen bl.a., n\u00e5r det kommer til forflytning og vending i sengen.<\/p>\n\n\n\n<p>Maria har boet p\u00e5 bostedet Jonstrupvang i snart 9 \u00e5r. Her g\u00e5r de meget op i at have teknologier, der b\u00e5de sikrer medarbejdernes arbejdsmilj\u00f8 og beboernes livskvalitet.<\/p>\n\n\n\n<p>\u201dJeg er rigtigt glad for at v\u00e6re her. For det er rigtigt rart at f\u00e5 den rigtige hj\u00e6lp,\u201d fort\u00e6ller Maria p\u00e5 38 \u00e5r. I sin lejlighed har Maria en del teknologi, der g\u00f8r det muligt for hende selv at \u00e5bne d\u00f8re og skabe. Det giver hende en frihed i hverdagen.<\/p>\n\n\n\n<p>For tre \u00e5r siden fik Maria s\u00e5 et VENDLET system. \u201dDet er fint nok at blive vendt manuelt, men det er bedre det her. S\u00e5 har man styr p\u00e5 tingene og f\u00e5r ikke et chok. Og s\u00e5 er det ikke s\u00e5 h\u00e5rdt for personalet,\u201d siger Maria om, hvorfor hun er glad for VENDLET systemet.<\/p>\n\n\n\n<p>\u201dMed de manuelle metoder varierer forflytningen meget, alt efter hvilket personale der udf\u00f8rer den,\u201d fort\u00e6ller Morten, der er p\u00e6dagog p\u00e5 Jonstrupvang: \u201dS\u00e5 jeg tror at tryghedselementet i VENDLET har betydning for Maria, fordi forflytningen er ens hver gang.\u201d<\/p>\n\n\n\n<p>P\u00e5 Jonstrupvang anvender de i vid udstr\u00e6kning VENDLET, n\u00e5r beboerne ikke l\u00e6ngere selv kan vende sig om p\u00e5 siden. Men det tager ikke kompetencerne fra beboeren, fort\u00e6ller Morten: \u201dDer er mange, der selv kan hj\u00e6lpe til i forflytningen, hvor VENDLET systemet er mere en facilitator, og beboeren selv kommer om p\u00e5 siden,\u201d fort\u00e6ller Morten.<\/p>\n\n\n\n<p>Med VENDLET systemet er det ogs\u00e5 muligt kun at v\u00e6re et personale ved forflytningen af Maria. Det foretr\u00e6kker Maria ogs\u00e5: \u201dHvis der er to herinde, s\u00e5 skal man aftale det med mig. Jeg foretr\u00e6kker, n\u00e5r der bare er en herinde, som jeg kan guide rundt med. Hvis der er to herinde, kan jeg ikke finde ud af det,\u201d siger Maria.<\/p>\n\n\n\n<p><strong>Se mere i videoen her:<\/strong><\/p>\n\n\n\n<figure class=\"wp-block-embed-youtube wp-block-embed is-type-video is-provider-youtube wp-embed-aspect-16-9 wp-has-aspect-ratio\"><div class=\"wp-block-embed__wrapper\">\n<iframe loading=\"lazy\" title=\"Maria Det er bedre med VENDLET\" width=\"500\" height=\"281\" src=\"https:\/\/www.youtube.com\/embed\/Kzu2JhRazco?feature=oembed\" frameborder=\"0\" allow=\"accelerometer; autoplay; clipboard-write; encrypted-media; gyroscope; picture-in-picture; web-share\" referrerpolicy=\"strict-origin-when-cross-origin\" allowfullscreen><\/iframe>\n<\/div><\/figure>\n","protected":false},"excerpt":{"rendered":"<p>Maria, der har Cerebral Parese, fik for tre \u00e5r siden et VENDLET system. Det er hun glad for, for det er b\u00e5de mere behageligt for hende selv og for personalet. Det betyder meget for hende. 23. juli 2019 Maria blev f\u00f8dt med Cerebral Parese og har aldrig kunne g\u00e5. Det betyder, at hun har brug &hellip; <a href=\"https:\/\/www.directhealthcaregroup.com\/da\/viden-og-evidens\/180377-2\/\">Continued<\/a><\/p>\n","protected":false},"author":40,"featured_media":180378,"parent":174696,"menu_order":76,"comment_status":"closed","ping_status":"closed","template":"","meta":{"_acf_changed":false,"footnotes":""},"class_list":["post-180377","page","type-page","status-publish","has-post-thumbnail","hentry"],"acf":[],"yoast_head":"<!-- This site is optimized with the Yoast SEO plugin v27.4 - https:\/\/yoast.com\/product\/yoast-seo-wordpress\/ -->\n<title>Maria har cerebral parese | DHG<\/title>\n<meta name=\"robots\" content=\"index, follow, max-snippet:-1, max-image-preview:large, max-video-preview:-1\" \/>\n<link rel=\"canonical\" href=\"https:\/\/www.directhealthcaregroup.com\/da\/viden-og-evidens\/180377-2\/\" \/>\n<meta property=\"og:locale\" content=\"da_DK\" \/>\n<meta property=\"og:type\" content=\"article\" \/>\n<meta property=\"og:title\" content=\"Maria har cerebral parese | DHG\" \/>\n<meta property=\"og:description\" content=\"Maria, der har Cerebral Parese, fik for tre \u00e5r siden et VENDLET system. Det er hun glad for, for det er b\u00e5de mere behageligt for hende selv og for personalet. Det betyder meget for hende. 23. juli 2019 Maria blev f\u00f8dt med Cerebral Parese og har aldrig kunne g\u00e5. Det betyder, at hun har brug &hellip; Continued\" \/>\n<meta property=\"og:url\" content=\"https:\/\/www.directhealthcaregroup.com\/da\/viden-og-evidens\/180377-2\/\" \/>\n<meta property=\"og:site_name\" content=\"DHG\" \/>\n<meta property=\"article:modified_time\" content=\"2023-05-17T05:18:36+00:00\" \/>\n<meta property=\"og:image\" content=\"https:\/\/www.directhealthcaregroup.com\/app\/uploads\/maria-tb.jpg\" \/>\n\t<meta property=\"og:image:width\" content=\"500\" \/>\n\t<meta property=\"og:image:height\" content=\"125\" \/>\n\t<meta property=\"og:image:type\" content=\"image\/jpeg\" \/>\n<meta name=\"twitter:card\" content=\"summary_large_image\" \/>\n<meta name=\"twitter:label1\" content=\"Est. reading time\" \/>\n\t<meta name=\"twitter:data1\" content=\"2 minutes\" \/>\n<script type=\"application\/ld+json\" class=\"yoast-schema-graph\">{\"@context\":\"https:\\\/\\\/schema.org\",\"@graph\":[{\"@type\":\"WebPage\",\"@id\":\"https:\\\/\\\/www.directhealthcaregroup.com\\\/da\\\/viden-og-evidens\\\/180377-2\\\/\",\"url\":\"https:\\\/\\\/www.directhealthcaregroup.com\\\/da\\\/viden-og-evidens\\\/180377-2\\\/\",\"name\":\"Maria har cerebral parese | DHG\",\"isPartOf\":{\"@id\":\"https:\\\/\\\/www.directhealthcaregroup.com\\\/#website\"},\"primaryImageOfPage\":{\"@id\":\"https:\\\/\\\/www.directhealthcaregroup.com\\\/da\\\/viden-og-evidens\\\/180377-2\\\/#primaryimage\"},\"image\":{\"@id\":\"https:\\\/\\\/www.directhealthcaregroup.com\\\/da\\\/viden-og-evidens\\\/180377-2\\\/#primaryimage\"},\"thumbnailUrl\":\"https:\\\/\\\/www.directhealthcaregroup.com\\\/app\\\/uploads\\\/maria-tb.jpg\",\"datePublished\":\"2023-04-21T11:14:46+00:00\",\"dateModified\":\"2023-05-17T05:18:36+00:00\",\"breadcrumb\":{\"@id\":\"https:\\\/\\\/www.directhealthcaregroup.com\\\/da\\\/viden-og-evidens\\\/180377-2\\\/#breadcrumb\"},\"inLanguage\":\"da-DK\",\"potentialAction\":[{\"@type\":\"ReadAction\",\"target\":[\"https:\\\/\\\/www.directhealthcaregroup.com\\\/da\\\/viden-og-evidens\\\/180377-2\\\/\"]}]},{\"@type\":\"ImageObject\",\"inLanguage\":\"da-DK\",\"@id\":\"https:\\\/\\\/www.directhealthcaregroup.com\\\/da\\\/viden-og-evidens\\\/180377-2\\\/#primaryimage\",\"url\":\"https:\\\/\\\/www.directhealthcaregroup.com\\\/app\\\/uploads\\\/maria-tb.jpg\",\"contentUrl\":\"https:\\\/\\\/www.directhealthcaregroup.com\\\/app\\\/uploads\\\/maria-tb.jpg\",\"width\":500,\"height\":125},{\"@type\":\"BreadcrumbList\",\"@id\":\"https:\\\/\\\/www.directhealthcaregroup.com\\\/da\\\/viden-og-evidens\\\/180377-2\\\/#breadcrumb\",\"itemListElement\":[{\"@type\":\"ListItem\",\"position\":1,\"name\":\"Home\",\"item\":\"https:\\\/\\\/www.directhealthcaregroup.com\\\/da\\\/\"},{\"@type\":\"ListItem\",\"position\":2,\"name\":\"VIDEN OG EVIDENS\",\"item\":\"https:\\\/\\\/www.directhealthcaregroup.com\\\/da\\\/viden-og-evidens\\\/\"},{\"@type\":\"ListItem\",\"position\":3,\"name\":\"Maria har cerebral parese\"}]},{\"@type\":\"WebSite\",\"@id\":\"https:\\\/\\\/www.directhealthcaregroup.com\\\/#website\",\"url\":\"https:\\\/\\\/www.directhealthcaregroup.com\\\/\",\"name\":\"DHG\",\"description\":\"Moving Health Forward\",\"publisher\":{\"@id\":\"https:\\\/\\\/www.directhealthcaregroup.com\\\/#organization\"},\"potentialAction\":[{\"@type\":\"SearchAction\",\"target\":{\"@type\":\"EntryPoint\",\"urlTemplate\":\"https:\\\/\\\/www.directhealthcaregroup.com\\\/?s={search_term_string}\"},\"query-input\":{\"@type\":\"PropertyValueSpecification\",\"valueRequired\":true,\"valueName\":\"search_term_string\"}}],\"inLanguage\":\"da-DK\"},{\"@type\":\"Organization\",\"@id\":\"https:\\\/\\\/www.directhealthcaregroup.com\\\/#organization\",\"name\":\"Direct Healthcare Group\",\"url\":\"https:\\\/\\\/www.directhealthcaregroup.com\\\/\",\"logo\":{\"@type\":\"ImageObject\",\"inLanguage\":\"da-DK\",\"@id\":\"https:\\\/\\\/www.directhealthcaregroup.com\\\/#\\\/schema\\\/logo\\\/image\\\/\",\"url\":\"https:\\\/\\\/directhealthcaregroup.com\\\/app\\\/uploads\\\/dhg-logo.png\",\"contentUrl\":\"https:\\\/\\\/directhealthcaregroup.com\\\/app\\\/uploads\\\/dhg-logo.png\",\"width\":556,\"height\":240,\"caption\":\"Direct Healthcare Group\"},\"image\":{\"@id\":\"https:\\\/\\\/www.directhealthcaregroup.com\\\/#\\\/schema\\\/logo\\\/image\\\/\"}}]}<\/script>\n<!-- \/ Yoast SEO plugin. -->","yoast_head_json":{"title":"Maria har cerebral parese | DHG","robots":{"index":"index","follow":"follow","max-snippet":"max-snippet:-1","max-image-preview":"max-image-preview:large","max-video-preview":"max-video-preview:-1"},"canonical":"https:\/\/www.directhealthcaregroup.com\/da\/viden-og-evidens\/180377-2\/","og_locale":"da_DK","og_type":"article","og_title":"Maria har cerebral parese | DHG","og_description":"Maria, der har Cerebral Parese, fik for tre \u00e5r siden et VENDLET system. Det er hun glad for, for det er b\u00e5de mere behageligt for hende selv og for personalet. Det betyder meget for hende. 23. juli 2019 Maria blev f\u00f8dt med Cerebral Parese og har aldrig kunne g\u00e5. Det betyder, at hun har brug &hellip; Continued","og_url":"https:\/\/www.directhealthcaregroup.com\/da\/viden-og-evidens\/180377-2\/","og_site_name":"DHG","article_modified_time":"2023-05-17T05:18:36+00:00","og_image":[{"width":500,"height":125,"url":"https:\/\/www.directhealthcaregroup.com\/app\/uploads\/maria-tb.jpg","type":"image\/jpeg"}],"twitter_card":"summary_large_image","twitter_misc":{"Est. reading time":"2 minutes"},"schema":{"@context":"https:\/\/schema.org","@graph":[{"@type":"WebPage","@id":"https:\/\/www.directhealthcaregroup.com\/da\/viden-og-evidens\/180377-2\/","url":"https:\/\/www.directhealthcaregroup.com\/da\/viden-og-evidens\/180377-2\/","name":"Maria har cerebral parese | DHG","isPartOf":{"@id":"https:\/\/www.directhealthcaregroup.com\/#website"},"primaryImageOfPage":{"@id":"https:\/\/www.directhealthcaregroup.com\/da\/viden-og-evidens\/180377-2\/#primaryimage"},"image":{"@id":"https:\/\/www.directhealthcaregroup.com\/da\/viden-og-evidens\/180377-2\/#primaryimage"},"thumbnailUrl":"https:\/\/www.directhealthcaregroup.com\/app\/uploads\/maria-tb.jpg","datePublished":"2023-04-21T11:14:46+00:00","dateModified":"2023-05-17T05:18:36+00:00","breadcrumb":{"@id":"https:\/\/www.directhealthcaregroup.com\/da\/viden-og-evidens\/180377-2\/#breadcrumb"},"inLanguage":"da-DK","potentialAction":[{"@type":"ReadAction","target":["https:\/\/www.directhealthcaregroup.com\/da\/viden-og-evidens\/180377-2\/"]}]},{"@type":"ImageObject","inLanguage":"da-DK","@id":"https:\/\/www.directhealthcaregroup.com\/da\/viden-og-evidens\/180377-2\/#primaryimage","url":"https:\/\/www.directhealthcaregroup.com\/app\/uploads\/maria-tb.jpg","contentUrl":"https:\/\/www.directhealthcaregroup.com\/app\/uploads\/maria-tb.jpg","width":500,"height":125},{"@type":"BreadcrumbList","@id":"https:\/\/www.directhealthcaregroup.com\/da\/viden-og-evidens\/180377-2\/#breadcrumb","itemListElement":[{"@type":"ListItem","position":1,"name":"Home","item":"https:\/\/www.directhealthcaregroup.com\/da\/"},{"@type":"ListItem","position":2,"name":"VIDEN OG EVIDENS","item":"https:\/\/www.directhealthcaregroup.com\/da\/viden-og-evidens\/"},{"@type":"ListItem","position":3,"name":"Maria har cerebral parese"}]},{"@type":"WebSite","@id":"https:\/\/www.directhealthcaregroup.com\/#website","url":"https:\/\/www.directhealthcaregroup.com\/","name":"DHG","description":"Moving Health Forward","publisher":{"@id":"https:\/\/www.directhealthcaregroup.com\/#organization"},"potentialAction":[{"@type":"SearchAction","target":{"@type":"EntryPoint","urlTemplate":"https:\/\/www.directhealthcaregroup.com\/?s={search_term_string}"},"query-input":{"@type":"PropertyValueSpecification","valueRequired":true,"valueName":"search_term_string"}}],"inLanguage":"da-DK"},{"@type":"Organization","@id":"https:\/\/www.directhealthcaregroup.com\/#organization","name":"Direct Healthcare Group","url":"https:\/\/www.directhealthcaregroup.com\/","logo":{"@type":"ImageObject","inLanguage":"da-DK","@id":"https:\/\/www.directhealthcaregroup.com\/#\/schema\/logo\/image\/","url":"https:\/\/directhealthcaregroup.com\/app\/uploads\/dhg-logo.png","contentUrl":"https:\/\/directhealthcaregroup.com\/app\/uploads\/dhg-logo.png","width":556,"height":240,"caption":"Direct Healthcare Group"},"image":{"@id":"https:\/\/www.directhealthcaregroup.com\/#\/schema\/logo\/image\/"}}]}},"_links":{"self":[{"href":"https:\/\/www.directhealthcaregroup.com\/da\/wp-json\/wp\/v2\/pages\/180377","targetHints":{"allow":["GET"]}}],"collection":[{"href":"https:\/\/www.directhealthcaregroup.com\/da\/wp-json\/wp\/v2\/pages"}],"about":[{"href":"https:\/\/www.directhealthcaregroup.com\/da\/wp-json\/wp\/v2\/types\/page"}],"author":[{"embeddable":true,"href":"https:\/\/www.directhealthcaregroup.com\/da\/wp-json\/wp\/v2\/users\/40"}],"replies":[{"embeddable":true,"href":"https:\/\/www.directhealthcaregroup.com\/da\/wp-json\/wp\/v2\/comments?post=180377"}],"version-history":[{"count":3,"href":"https:\/\/www.directhealthcaregroup.com\/da\/wp-json\/wp\/v2\/pages\/180377\/revisions"}],"predecessor-version":[{"id":183691,"href":"https:\/\/www.directhealthcaregroup.com\/da\/wp-json\/wp\/v2\/pages\/180377\/revisions\/183691"}],"up":[{"embeddable":true,"href":"https:\/\/www.directhealthcaregroup.com\/da\/wp-json\/wp\/v2\/pages\/174696"}],"wp:featuredmedia":[{"embeddable":true,"href":"https:\/\/www.directhealthcaregroup.com\/da\/wp-json\/wp\/v2\/media\/180378"}],"wp:attachment":[{"href":"https:\/\/www.directhealthcaregroup.com\/da\/wp-json\/wp\/v2\/media?parent=180377"}],"curies":[{"name":"wp","href":"https:\/\/api.w.org\/{rel}","templated":true}]}}