{"id":180405,"date":"2023-04-21T12:21:35","date_gmt":"2023-04-21T11:21:35","guid":{"rendered":"https:\/\/www.directhealthcaregroup.com\/?page_id=180405"},"modified":"2023-05-17T06:19:54","modified_gmt":"2023-05-17T05:19:54","slug":"180405-2","status":"publish","type":"page","link":"https:\/\/www.directhealthcaregroup.com\/da\/viden-og-evidens\/180405-2\/","title":{"rendered":"Hvorfor er lejring vigtigt?"},"content":{"rendered":"\n<h1 class=\"wp-block-heading\"><\/h1>\n\n\n\n<p>Vi fokuserer traditionelt meget p\u00e5 den siddende stilling og er meget opm\u00e6rksomme p\u00e5, hvorledes borgere sidder i deres k\u00f8restole og hvilestole. Det er der ikke noget som helst forkert i. Desv\u00e6rre er der bare ikke samme fokus p\u00e5 den liggende stilling.<\/p>\n\n\n\n<p>25. juli 2019<\/p>\n\n\n\n<p>Af: Ergoterapeut, Pia Beck<\/p>\n\n\n\n<p>Set hen over et d\u00f8gn er det ikke unormalt, at en borger tilbringer 16 timer i sengen og 8 timer ude af sengen f.eks. i den siddende stilling.<\/p>\n\n\n\n<p>N\u00e5r en d\u00f8gnrytme betragtes p\u00e5 denne m\u00e5de, bliver det indlysende, at den liggende stilling er s\u00e6rdeles betydningsfuld.<br><\/p>\n\n\n\n<h2 class=\"wp-block-heading\"><strong>Hvorn\u00e5r bruges lejring?<\/strong><\/h2>\n\n\n\n<p>Det er relevant at tale om lejring i forhold til stort set alle plejekr\u00e6vende borgere eller patienter.<\/p>\n\n\n\n<p>Det g\u00f8r sig ikke mindst g\u00e6ldende hos borgere med nedsat mobilitet og\/eller sensibilitet, borgere med deformiteter, spasticitet og smerter, borgere med tryks\u00e5r eller som er i risiko for udvikling af tryks\u00e5r, borgere med kognitive forstyrrelser og borgere, der er urolige og ustabile, samt borgere der er i risiko for at udvikle asymmetrier pga. begr\u00e6nsede bev\u00e6gem\u00f8nstre. Hertil kommer de borgere der har kortvarigt behov for lejring, f.eks. borgere der er blevet opereret, har br\u00e6kket ben eller arme, samt gravide.<\/p>\n\n\n\n<p>Som det fremg\u00e5r, er der tale om rigtig mange situationer, hvor lejring med stor fordel b\u00f8r indg\u00e5 i den forebyggende og behandlende indsats.<\/p>\n\n\n\n<p><strong>L\u00e6s ogs\u00e5:<\/strong>&nbsp;<a href=\"https:\/\/www.directhealthcaregroup.com\/da\/viden-og-evidens\/180268-2\/\" target=\"_blank\" rel=\"noreferrer noopener\">Forflytning af demensramte borgere<\/a><\/p>\n\n\n\n<figure class=\"wp-block-image size-large\"><img loading=\"lazy\" decoding=\"async\" width=\"870\" height=\"345\" src=\"https:\/\/www.directhealthcaregroup.com\/app\/uploads\/Udklip-2.png\" alt=\"\" class=\"wp-image-180418\" srcset=\"https:\/\/www.directhealthcaregroup.com\/app\/uploads\/Udklip-2.png 870w, https:\/\/www.directhealthcaregroup.com\/app\/uploads\/Udklip-2-300x119.png 300w, https:\/\/www.directhealthcaregroup.com\/app\/uploads\/Udklip-2-768x305.png 768w, https:\/\/www.directhealthcaregroup.com\/app\/uploads\/Udklip-2-320x127.png 320w, https:\/\/www.directhealthcaregroup.com\/app\/uploads\/Udklip-2-800x317.png 800w\" sizes=\"auto, (max-width: 870px) 100vw, 870px\" \/><\/figure>\n\n\n\n<h2 class=\"wp-block-heading\"><strong>Hvad kan lejring g\u00f8re?<\/strong><\/h2>\n\n\n\n<p>Lejring i den liggende stilling kan b\u00e5de v\u00e6re med til at skabe komfort og til at behandle borgeren alt efter vedkommendes behov.<\/p>\n\n\n\n<p>Forestil dig en borger der har s\u00e5r p\u00e5 korsbenet og s\u00e6deknuden i venstre side. Denne borger vil have en mobilitetsl\u00f8sning, hvor der er taget hensyn til disse s\u00e5r og hvor man har fors\u00f8gt at opbygge en sidestilling, der skaber stabilitet og aflastning.&nbsp;<\/p>\n\n\n\n<p>Borgeren vil ogs\u00e5 typisk ligge p\u00e5 en trykaflastende madras, f.eks. en vekseltrykmadras. Derved vil mange mene, at der er gjort en god indsats. Faktum er imidlertid, at s\u00e5ret under s\u00e6deknuden kommer fra den siddende stilling, mens s\u00e5ret p\u00e5 korsbenet kommer fra den liggende stilling.&nbsp;<\/p>\n\n\n\n<p>Dette viser tydeligt, at man er n\u00f8dt til at forholde sig til at lave en ordentlig aflastning af korsbenet i den liggende stilling. En trykaflastende madras g\u00f8r det ikke alene \u2013 slet ikke n\u00e5r den lange tid, borgeren tilbringer i sengen tages i betragtning.<\/p>\n\n\n\n<p>Indarbejdes lejring i en situation som denne, vil det v\u00e6re muligt ogs\u00e5 i den liggende stilling at arbejde med stabilitet og aflastning af omr\u00e5der med s\u00e5r, som vil medf\u00f8re, at borgeren hurtigere kommer i bedring, og yderligere v\u00e6vsskader forebygges.<br><\/p>\n\n\n\n<h2 class=\"wp-block-heading\"><strong>Derfor er lejring vigtigt<\/strong><\/h2>\n\n\n\n<p>N\u00e5r der arbejdes aktivt med lejring, er det muligt at give den sengeliggende borger stabilitet og tryghed. Uanset hvilken situation borgeren er i, vil disse faktorer have en stor indflydelse p\u00e5 borgerens oplevede velv\u00e6re og komfort.<\/p>\n\n\n\n<p>Som det fremg\u00e5r, har lejring ogs\u00e5 klar indflydelse p\u00e5, hvorledes forskellige patologiske forhold kan udvikle sig. B\u00e5de som en del af den behandlende indsats men absolut ogs\u00e5 som en del af den forebyggende indsats.<\/p>\n\n\n\n<p>Det er muligt at lejre en borger i positioner, der g\u00f8r f.eks. p\u00e5kl\u00e6dningsprocesser og hygiejneprocesser lettere for plejepersonalet. Kombineres dette med en lejring, der skaber tryghed og stabilitet hos f.eks. den udadreagerende borger, bliver borgeren mere rolig, hvorved personalets arbejdsvilk\u00e5r forbedres.<\/p>\n\n\n\n<p>En god lejring kan i nogle situationer ligefrem medf\u00f8re, at man kan udf\u00f8re&nbsp;nedre hygiejne alene, hvorved man frig\u00f8r en kollega til andre opgaver. Dette har ogs\u00e5 en etisk betydning i forhold til den sengeliggendes v\u00e6rdighed.<\/p>\n","protected":false},"excerpt":{"rendered":"<p>Vi fokuserer traditionelt meget p\u00e5 den siddende stilling og er meget opm\u00e6rksomme p\u00e5, hvorledes borgere sidder i deres k\u00f8restole og hvilestole. Det er der ikke noget som helst forkert i. Desv\u00e6rre er der bare ikke samme fokus p\u00e5 den liggende stilling. 25. juli 2019 Af: Ergoterapeut, Pia Beck Set hen over et d\u00f8gn er det &hellip; <a href=\"https:\/\/www.directhealthcaregroup.com\/da\/viden-og-evidens\/180405-2\/\">Continued<\/a><\/p>\n","protected":false},"author":40,"featured_media":180406,"parent":174696,"menu_order":77,"comment_status":"closed","ping_status":"closed","template":"","meta":{"_acf_changed":false,"footnotes":""},"class_list":["post-180405","page","type-page","status-publish","has-post-thumbnail","hentry"],"acf":[],"yoast_head":"<!-- This site is optimized with the Yoast SEO plugin v27.4 - https:\/\/yoast.com\/product\/yoast-seo-wordpress\/ -->\n<title>Hvorfor er lejring vigtigt? | DHG<\/title>\n<meta name=\"robots\" content=\"index, follow, max-snippet:-1, max-image-preview:large, max-video-preview:-1\" \/>\n<link rel=\"canonical\" href=\"https:\/\/www.directhealthcaregroup.com\/da\/viden-og-evidens\/180405-2\/\" \/>\n<meta property=\"og:locale\" content=\"da_DK\" \/>\n<meta property=\"og:type\" content=\"article\" \/>\n<meta property=\"og:title\" content=\"Hvorfor er lejring vigtigt? | DHG\" \/>\n<meta property=\"og:description\" content=\"Vi fokuserer traditionelt meget p\u00e5 den siddende stilling og er meget opm\u00e6rksomme p\u00e5, hvorledes borgere sidder i deres k\u00f8restole og hvilestole. Det er der ikke noget som helst forkert i. Desv\u00e6rre er der bare ikke samme fokus p\u00e5 den liggende stilling. 25. juli 2019 Af: Ergoterapeut, Pia Beck Set hen over et d\u00f8gn er det &hellip; Continued\" \/>\n<meta property=\"og:url\" content=\"https:\/\/www.directhealthcaregroup.com\/da\/viden-og-evidens\/180405-2\/\" \/>\n<meta property=\"og:site_name\" content=\"DHG\" \/>\n<meta property=\"article:modified_time\" content=\"2023-05-17T05:19:54+00:00\" \/>\n<meta property=\"og:image\" content=\"https:\/\/www.directhealthcaregroup.com\/app\/uploads\/hvorfor-er-lejring-vigtigt-tb.jpg\" \/>\n\t<meta property=\"og:image:width\" content=\"500\" \/>\n\t<meta property=\"og:image:height\" content=\"125\" \/>\n\t<meta property=\"og:image:type\" content=\"image\/jpeg\" \/>\n<meta name=\"twitter:card\" content=\"summary_large_image\" \/>\n<meta name=\"twitter:label1\" content=\"Est. reading time\" \/>\n\t<meta name=\"twitter:data1\" content=\"3 minutes\" \/>\n<script type=\"application\/ld+json\" class=\"yoast-schema-graph\">{\"@context\":\"https:\\\/\\\/schema.org\",\"@graph\":[{\"@type\":\"WebPage\",\"@id\":\"https:\\\/\\\/www.directhealthcaregroup.com\\\/da\\\/viden-og-evidens\\\/180405-2\\\/\",\"url\":\"https:\\\/\\\/www.directhealthcaregroup.com\\\/da\\\/viden-og-evidens\\\/180405-2\\\/\",\"name\":\"Hvorfor er lejring vigtigt? | DHG\",\"isPartOf\":{\"@id\":\"https:\\\/\\\/www.directhealthcaregroup.com\\\/#website\"},\"primaryImageOfPage\":{\"@id\":\"https:\\\/\\\/www.directhealthcaregroup.com\\\/da\\\/viden-og-evidens\\\/180405-2\\\/#primaryimage\"},\"image\":{\"@id\":\"https:\\\/\\\/www.directhealthcaregroup.com\\\/da\\\/viden-og-evidens\\\/180405-2\\\/#primaryimage\"},\"thumbnailUrl\":\"https:\\\/\\\/www.directhealthcaregroup.com\\\/app\\\/uploads\\\/hvorfor-er-lejring-vigtigt-tb.jpg\",\"datePublished\":\"2023-04-21T11:21:35+00:00\",\"dateModified\":\"2023-05-17T05:19:54+00:00\",\"breadcrumb\":{\"@id\":\"https:\\\/\\\/www.directhealthcaregroup.com\\\/da\\\/viden-og-evidens\\\/180405-2\\\/#breadcrumb\"},\"inLanguage\":\"da-DK\",\"potentialAction\":[{\"@type\":\"ReadAction\",\"target\":[\"https:\\\/\\\/www.directhealthcaregroup.com\\\/da\\\/viden-og-evidens\\\/180405-2\\\/\"]}]},{\"@type\":\"ImageObject\",\"inLanguage\":\"da-DK\",\"@id\":\"https:\\\/\\\/www.directhealthcaregroup.com\\\/da\\\/viden-og-evidens\\\/180405-2\\\/#primaryimage\",\"url\":\"https:\\\/\\\/www.directhealthcaregroup.com\\\/app\\\/uploads\\\/hvorfor-er-lejring-vigtigt-tb.jpg\",\"contentUrl\":\"https:\\\/\\\/www.directhealthcaregroup.com\\\/app\\\/uploads\\\/hvorfor-er-lejring-vigtigt-tb.jpg\",\"width\":500,\"height\":125},{\"@type\":\"BreadcrumbList\",\"@id\":\"https:\\\/\\\/www.directhealthcaregroup.com\\\/da\\\/viden-og-evidens\\\/180405-2\\\/#breadcrumb\",\"itemListElement\":[{\"@type\":\"ListItem\",\"position\":1,\"name\":\"Home\",\"item\":\"https:\\\/\\\/www.directhealthcaregroup.com\\\/da\\\/\"},{\"@type\":\"ListItem\",\"position\":2,\"name\":\"VIDEN OG EVIDENS\",\"item\":\"https:\\\/\\\/www.directhealthcaregroup.com\\\/da\\\/viden-og-evidens\\\/\"},{\"@type\":\"ListItem\",\"position\":3,\"name\":\"Hvorfor er lejring vigtigt?\"}]},{\"@type\":\"WebSite\",\"@id\":\"https:\\\/\\\/www.directhealthcaregroup.com\\\/#website\",\"url\":\"https:\\\/\\\/www.directhealthcaregroup.com\\\/\",\"name\":\"DHG\",\"description\":\"Moving Health Forward\",\"publisher\":{\"@id\":\"https:\\\/\\\/www.directhealthcaregroup.com\\\/#organization\"},\"potentialAction\":[{\"@type\":\"SearchAction\",\"target\":{\"@type\":\"EntryPoint\",\"urlTemplate\":\"https:\\\/\\\/www.directhealthcaregroup.com\\\/?s={search_term_string}\"},\"query-input\":{\"@type\":\"PropertyValueSpecification\",\"valueRequired\":true,\"valueName\":\"search_term_string\"}}],\"inLanguage\":\"da-DK\"},{\"@type\":\"Organization\",\"@id\":\"https:\\\/\\\/www.directhealthcaregroup.com\\\/#organization\",\"name\":\"Direct Healthcare Group\",\"url\":\"https:\\\/\\\/www.directhealthcaregroup.com\\\/\",\"logo\":{\"@type\":\"ImageObject\",\"inLanguage\":\"da-DK\",\"@id\":\"https:\\\/\\\/www.directhealthcaregroup.com\\\/#\\\/schema\\\/logo\\\/image\\\/\",\"url\":\"https:\\\/\\\/directhealthcaregroup.com\\\/app\\\/uploads\\\/dhg-logo.png\",\"contentUrl\":\"https:\\\/\\\/directhealthcaregroup.com\\\/app\\\/uploads\\\/dhg-logo.png\",\"width\":556,\"height\":240,\"caption\":\"Direct Healthcare Group\"},\"image\":{\"@id\":\"https:\\\/\\\/www.directhealthcaregroup.com\\\/#\\\/schema\\\/logo\\\/image\\\/\"}}]}<\/script>\n<!-- \/ Yoast SEO plugin. -->","yoast_head_json":{"title":"Hvorfor er lejring vigtigt? | DHG","robots":{"index":"index","follow":"follow","max-snippet":"max-snippet:-1","max-image-preview":"max-image-preview:large","max-video-preview":"max-video-preview:-1"},"canonical":"https:\/\/www.directhealthcaregroup.com\/da\/viden-og-evidens\/180405-2\/","og_locale":"da_DK","og_type":"article","og_title":"Hvorfor er lejring vigtigt? | DHG","og_description":"Vi fokuserer traditionelt meget p\u00e5 den siddende stilling og er meget opm\u00e6rksomme p\u00e5, hvorledes borgere sidder i deres k\u00f8restole og hvilestole. Det er der ikke noget som helst forkert i. Desv\u00e6rre er der bare ikke samme fokus p\u00e5 den liggende stilling. 25. juli 2019 Af: Ergoterapeut, Pia Beck Set hen over et d\u00f8gn er det &hellip; Continued","og_url":"https:\/\/www.directhealthcaregroup.com\/da\/viden-og-evidens\/180405-2\/","og_site_name":"DHG","article_modified_time":"2023-05-17T05:19:54+00:00","og_image":[{"width":500,"height":125,"url":"https:\/\/www.directhealthcaregroup.com\/app\/uploads\/hvorfor-er-lejring-vigtigt-tb.jpg","type":"image\/jpeg"}],"twitter_card":"summary_large_image","twitter_misc":{"Est. reading time":"3 minutes"},"schema":{"@context":"https:\/\/schema.org","@graph":[{"@type":"WebPage","@id":"https:\/\/www.directhealthcaregroup.com\/da\/viden-og-evidens\/180405-2\/","url":"https:\/\/www.directhealthcaregroup.com\/da\/viden-og-evidens\/180405-2\/","name":"Hvorfor er lejring vigtigt? | DHG","isPartOf":{"@id":"https:\/\/www.directhealthcaregroup.com\/#website"},"primaryImageOfPage":{"@id":"https:\/\/www.directhealthcaregroup.com\/da\/viden-og-evidens\/180405-2\/#primaryimage"},"image":{"@id":"https:\/\/www.directhealthcaregroup.com\/da\/viden-og-evidens\/180405-2\/#primaryimage"},"thumbnailUrl":"https:\/\/www.directhealthcaregroup.com\/app\/uploads\/hvorfor-er-lejring-vigtigt-tb.jpg","datePublished":"2023-04-21T11:21:35+00:00","dateModified":"2023-05-17T05:19:54+00:00","breadcrumb":{"@id":"https:\/\/www.directhealthcaregroup.com\/da\/viden-og-evidens\/180405-2\/#breadcrumb"},"inLanguage":"da-DK","potentialAction":[{"@type":"ReadAction","target":["https:\/\/www.directhealthcaregroup.com\/da\/viden-og-evidens\/180405-2\/"]}]},{"@type":"ImageObject","inLanguage":"da-DK","@id":"https:\/\/www.directhealthcaregroup.com\/da\/viden-og-evidens\/180405-2\/#primaryimage","url":"https:\/\/www.directhealthcaregroup.com\/app\/uploads\/hvorfor-er-lejring-vigtigt-tb.jpg","contentUrl":"https:\/\/www.directhealthcaregroup.com\/app\/uploads\/hvorfor-er-lejring-vigtigt-tb.jpg","width":500,"height":125},{"@type":"BreadcrumbList","@id":"https:\/\/www.directhealthcaregroup.com\/da\/viden-og-evidens\/180405-2\/#breadcrumb","itemListElement":[{"@type":"ListItem","position":1,"name":"Home","item":"https:\/\/www.directhealthcaregroup.com\/da\/"},{"@type":"ListItem","position":2,"name":"VIDEN OG EVIDENS","item":"https:\/\/www.directhealthcaregroup.com\/da\/viden-og-evidens\/"},{"@type":"ListItem","position":3,"name":"Hvorfor er lejring vigtigt?"}]},{"@type":"WebSite","@id":"https:\/\/www.directhealthcaregroup.com\/#website","url":"https:\/\/www.directhealthcaregroup.com\/","name":"DHG","description":"Moving Health Forward","publisher":{"@id":"https:\/\/www.directhealthcaregroup.com\/#organization"},"potentialAction":[{"@type":"SearchAction","target":{"@type":"EntryPoint","urlTemplate":"https:\/\/www.directhealthcaregroup.com\/?s={search_term_string}"},"query-input":{"@type":"PropertyValueSpecification","valueRequired":true,"valueName":"search_term_string"}}],"inLanguage":"da-DK"},{"@type":"Organization","@id":"https:\/\/www.directhealthcaregroup.com\/#organization","name":"Direct Healthcare Group","url":"https:\/\/www.directhealthcaregroup.com\/","logo":{"@type":"ImageObject","inLanguage":"da-DK","@id":"https:\/\/www.directhealthcaregroup.com\/#\/schema\/logo\/image\/","url":"https:\/\/directhealthcaregroup.com\/app\/uploads\/dhg-logo.png","contentUrl":"https:\/\/directhealthcaregroup.com\/app\/uploads\/dhg-logo.png","width":556,"height":240,"caption":"Direct Healthcare Group"},"image":{"@id":"https:\/\/www.directhealthcaregroup.com\/#\/schema\/logo\/image\/"}}]}},"_links":{"self":[{"href":"https:\/\/www.directhealthcaregroup.com\/da\/wp-json\/wp\/v2\/pages\/180405","targetHints":{"allow":["GET"]}}],"collection":[{"href":"https:\/\/www.directhealthcaregroup.com\/da\/wp-json\/wp\/v2\/pages"}],"about":[{"href":"https:\/\/www.directhealthcaregroup.com\/da\/wp-json\/wp\/v2\/types\/page"}],"author":[{"embeddable":true,"href":"https:\/\/www.directhealthcaregroup.com\/da\/wp-json\/wp\/v2\/users\/40"}],"replies":[{"embeddable":true,"href":"https:\/\/www.directhealthcaregroup.com\/da\/wp-json\/wp\/v2\/comments?post=180405"}],"version-history":[{"count":4,"href":"https:\/\/www.directhealthcaregroup.com\/da\/wp-json\/wp\/v2\/pages\/180405\/revisions"}],"predecessor-version":[{"id":183692,"href":"https:\/\/www.directhealthcaregroup.com\/da\/wp-json\/wp\/v2\/pages\/180405\/revisions\/183692"}],"up":[{"embeddable":true,"href":"https:\/\/www.directhealthcaregroup.com\/da\/wp-json\/wp\/v2\/pages\/174696"}],"wp:featuredmedia":[{"embeddable":true,"href":"https:\/\/www.directhealthcaregroup.com\/da\/wp-json\/wp\/v2\/media\/180406"}],"wp:attachment":[{"href":"https:\/\/www.directhealthcaregroup.com\/da\/wp-json\/wp\/v2\/media?parent=180405"}],"curies":[{"name":"wp","href":"https:\/\/api.w.org\/{rel}","templated":true}]}}