{"id":180442,"date":"2023-04-21T12:56:55","date_gmt":"2023-04-21T11:56:55","guid":{"rendered":"https:\/\/www.directhealthcaregroup.com\/?page_id=180442"},"modified":"2023-05-17T06:20:46","modified_gmt":"2023-05-17T05:20:46","slug":"180442-2","status":"publish","type":"page","link":"https:\/\/www.directhealthcaregroup.com\/da\/viden-og-evidens\/180442-2\/","title":{"rendered":"Lejring og respiration"},"content":{"rendered":"\n<h1 class=\"wp-block-heading\"><\/h1>\n\n\n\n<p>Lejring kan have stor indflydelse p\u00e5 borgere med respiratoriske udfordringer. Faktisk spiller lejring og lungefysioterapi rigtigt godt sammen. Bliv klogere p\u00e5, hvordan du kan behandle respiratoriske problemer med lejring.<\/p>\n\n\n\n<p>7. august 2019<\/p>\n\n\n\n<p>Af: Fysioterapeut, Henrik Jager<\/p>\n\n\n\n<p>Lejring i den liggende stilling bliver prim\u00e6rt anvendt til at skabe komfort for borgeren, som trykaflastning og som smerteforebyggelse. Lejring bliver ogs\u00e5 anvendt til at optimere det fysiske arbejdsmilj\u00f8 for plejepersonalet i forbindelse med plejen af sengeliggende. Men der mangler fokus p\u00e5 lejring af borgere med respiratoriske udfordringer.<br><\/p>\n\n\n\n<h2 class=\"wp-block-heading\"><strong>Sekret samles i lungerne<\/strong><\/h2>\n\n\n\n<p>Det er normal praksis, at borgere med respiratoriske udfordringer ligger med hovedg\u00e6rdet eleveret i ca. 30\u2070 grader. N\u00e5r borgeren sidder eller halvt ligger, vil tyngdekraften presse sekret, der befinder sig i lungerne, ned i bunden af lungev\u00e6vet. Derved oplever borgeren mindre hoste og en generelt mere fri vejrtr\u00e6kning, fordi de kun bruger den \u00f8verste del af lungen.<\/p>\n\n\n\n<p>Men det p\u00e5virker ogs\u00e5 lungernes evne til at arbejde. Det g\u00e6lder is\u00e6r i de nederste lungeafsnit, hvor sekret som n\u00e6vnt samles og fylder alveoles\u00e6kkene op. Dette kan med tiden v\u00e6re \u00e5rsag til, at det nederste lungev\u00e6v mister sin elasticitet, og d\u00e9t kan blive et problem.<\/p>\n\n\n\n<p><strong>L\u00e6s ogs\u00e5:<\/strong>&nbsp;<a href=\"https:\/\/www.directhealthcaregroup.com\/da\/viden-og-evidens\/178258-2\/\" target=\"_blank\" rel=\"noreferrer noopener\">APV-lejring til nedre hygiejne<\/a><br><\/p>\n\n\n\n<h2 class=\"wp-block-heading\"><strong>Lungerne skal ventileres<\/strong><\/h2>\n\n\n\n<p>I lungefysioterapien arbejder vi med begreberne lagenn\u00e6r og lagenfjern. Lagenn\u00e6r er den side, der ligger ned mod lagnet\/madrassen, og lagenfjern er den side, der vender v\u00e6k fra lagnet\/madrassen. Disse 2 begreber har stor betydning for sengeliggende mennesker med respiratoriske problemer.<\/p>\n\n\n\n<p>Hvis borgeren ligger i sideleje, vil den m\u00e6ngde sekret, der befinder sig i det lagenfjerne lungev\u00e6v, have nemmere ved at blive udskilt. Samtidig vil alveoles\u00e6kkene i de nederste afsnit i det lagenfjerne lungev\u00e6v blive bev\u00e6get mere igennem. P\u00e5 den m\u00e5de opretholdes elasticiteten i alveoles\u00e6kkene.<\/p>\n\n\n\n<p>Det er vigtigt, at lungev\u00e6vet p\u00e5 denne m\u00e5de f\u00e5r mulighed for at blive ventileret og bev\u00e6get. Derfor har arbejdet med sidelejring og vending fra side til side stor betydning for de respiratoriske udsatte borgere.<br><\/p>\n\n\n\n<h2 class=\"wp-block-heading\"><strong>Lejring som behandling<\/strong><\/h2>\n\n\n\n<p>Lejring i sideleje kan v\u00e6re en god metode til at f\u00e5 ventileret hele lungen. Ogs\u00e5 de dele af lungen som borgeren typisk ikke anvender, fordi de ikke bryder sig om at komme helt ned at ligge. I nogle tilf\u00e6lde skyldes dette en bekymring for, at borgeren falder over i bugleje, hvor vejrtr\u00e6kningen bliver yderligere udfordret. Det er derfor vigtigt, at borgeren oplever sidelejringen som tryg og stabil, da utryghed kan have en negativ indvirkning p\u00e5 respirationen og dermed forv\u00e6rre sygdomsbilledet.<\/p>\n\n\n\n<p>Ved at anvende lejringsprodukter, der er udviklet til at skabe stabilitet, vil det v\u00e6re muligt at underst\u00f8tte og optimere behandlingen af respiratoriske lidelser.<\/p>\n\n\n\n<p><strong>L\u00e6s ogs\u00e5:<\/strong>&nbsp;<a href=\"https:\/\/www.directhealthcaregroup.com\/wp\/wp-admin\/post.php?post=180318&amp;action=edit\" target=\"_blank\" rel=\"noreferrer noopener\">Ved du nok om lejring?<\/a><br><\/p>\n\n\n\n<h2 class=\"wp-block-heading\"><strong>Lejringssmetoder<\/strong><\/h2>\n\n\n\n<p>Praksiserfaring tyder p\u00e5, at lungeudfordringer&nbsp;kan forebygges ved at arbejde m\u00e5lrettet og kontinuerligt med lejring. I videoen herunder kan du se fire lejringsmetoder til personer med respiratoriske udfordringer.<\/p>\n\n\n\n<p>Lejringerne kan bruges til en lang r\u00e6kke lungeudfordringer s\u00e5som lungebet\u00e6ndelse, KOL og Cystisk Fibrose.<\/p>\n\n\n\n<figure class=\"wp-block-embed-youtube wp-block-embed is-type-video is-provider-youtube wp-embed-aspect-16-9 wp-has-aspect-ratio\"><div class=\"wp-block-embed__wrapper\">\n<iframe loading=\"lazy\" title=\"4 tips til lejring af personer med respiratoriske udfordringer\" width=\"500\" height=\"281\" src=\"https:\/\/www.youtube.com\/embed\/PFgZXN6tfbA?feature=oembed\" frameborder=\"0\" allow=\"accelerometer; autoplay; clipboard-write; encrypted-media; gyroscope; picture-in-picture; web-share\" referrerpolicy=\"strict-origin-when-cross-origin\" allowfullscreen><\/iframe>\n<\/div><\/figure>\n","protected":false},"excerpt":{"rendered":"<p>Lejring kan have stor indflydelse p\u00e5 borgere med respiratoriske udfordringer. Faktisk spiller lejring og lungefysioterapi rigtigt godt sammen. Bliv klogere p\u00e5, hvordan du kan behandle respiratoriske problemer med lejring. 7. august 2019 Af: Fysioterapeut, Henrik Jager Lejring i den liggende stilling bliver prim\u00e6rt anvendt til at skabe komfort for borgeren, som trykaflastning og som smerteforebyggelse. &hellip; <a href=\"https:\/\/www.directhealthcaregroup.com\/da\/viden-og-evidens\/180442-2\/\">Continued<\/a><\/p>\n","protected":false},"author":40,"featured_media":180448,"parent":174696,"menu_order":78,"comment_status":"closed","ping_status":"closed","template":"","meta":{"_acf_changed":false,"footnotes":""},"class_list":["post-180442","page","type-page","status-publish","has-post-thumbnail","hentry"],"acf":[],"yoast_head":"<!-- This site is optimized with the Yoast SEO plugin v27.4 - https:\/\/yoast.com\/product\/yoast-seo-wordpress\/ -->\n<title>Lejring og respiration | DHG<\/title>\n<meta name=\"robots\" content=\"index, follow, max-snippet:-1, max-image-preview:large, max-video-preview:-1\" \/>\n<link rel=\"canonical\" href=\"https:\/\/www.directhealthcaregroup.com\/da\/viden-og-evidens\/180442-2\/\" \/>\n<meta property=\"og:locale\" content=\"da_DK\" \/>\n<meta property=\"og:type\" content=\"article\" \/>\n<meta property=\"og:title\" content=\"Lejring og respiration | DHG\" \/>\n<meta property=\"og:description\" content=\"Lejring kan have stor indflydelse p\u00e5 borgere med respiratoriske udfordringer. Faktisk spiller lejring og lungefysioterapi rigtigt godt sammen. Bliv klogere p\u00e5, hvordan du kan behandle respiratoriske problemer med lejring. 7. august 2019 Af: Fysioterapeut, Henrik Jager Lejring i den liggende stilling bliver prim\u00e6rt anvendt til at skabe komfort for borgeren, som trykaflastning og som smerteforebyggelse. &hellip; Continued\" \/>\n<meta property=\"og:url\" content=\"https:\/\/www.directhealthcaregroup.com\/da\/viden-og-evidens\/180442-2\/\" \/>\n<meta property=\"og:site_name\" content=\"DHG\" \/>\n<meta property=\"article:modified_time\" content=\"2023-05-17T05:20:46+00:00\" \/>\n<meta property=\"og:image\" content=\"https:\/\/www.directhealthcaregroup.com\/app\/uploads\/lejring-og-respiration-tb.jpg\" \/>\n\t<meta property=\"og:image:width\" content=\"500\" \/>\n\t<meta property=\"og:image:height\" content=\"125\" \/>\n\t<meta property=\"og:image:type\" content=\"image\/jpeg\" \/>\n<meta name=\"twitter:card\" content=\"summary_large_image\" \/>\n<meta name=\"twitter:label1\" content=\"Est. reading time\" \/>\n\t<meta name=\"twitter:data1\" content=\"3 minutes\" \/>\n<script type=\"application\/ld+json\" class=\"yoast-schema-graph\">{\"@context\":\"https:\\\/\\\/schema.org\",\"@graph\":[{\"@type\":\"WebPage\",\"@id\":\"https:\\\/\\\/www.directhealthcaregroup.com\\\/da\\\/viden-og-evidens\\\/180442-2\\\/\",\"url\":\"https:\\\/\\\/www.directhealthcaregroup.com\\\/da\\\/viden-og-evidens\\\/180442-2\\\/\",\"name\":\"Lejring og respiration | DHG\",\"isPartOf\":{\"@id\":\"https:\\\/\\\/www.directhealthcaregroup.com\\\/#website\"},\"primaryImageOfPage\":{\"@id\":\"https:\\\/\\\/www.directhealthcaregroup.com\\\/da\\\/viden-og-evidens\\\/180442-2\\\/#primaryimage\"},\"image\":{\"@id\":\"https:\\\/\\\/www.directhealthcaregroup.com\\\/da\\\/viden-og-evidens\\\/180442-2\\\/#primaryimage\"},\"thumbnailUrl\":\"https:\\\/\\\/www.directhealthcaregroup.com\\\/app\\\/uploads\\\/lejring-og-respiration-tb.jpg\",\"datePublished\":\"2023-04-21T11:56:55+00:00\",\"dateModified\":\"2023-05-17T05:20:46+00:00\",\"breadcrumb\":{\"@id\":\"https:\\\/\\\/www.directhealthcaregroup.com\\\/da\\\/viden-og-evidens\\\/180442-2\\\/#breadcrumb\"},\"inLanguage\":\"da-DK\",\"potentialAction\":[{\"@type\":\"ReadAction\",\"target\":[\"https:\\\/\\\/www.directhealthcaregroup.com\\\/da\\\/viden-og-evidens\\\/180442-2\\\/\"]}]},{\"@type\":\"ImageObject\",\"inLanguage\":\"da-DK\",\"@id\":\"https:\\\/\\\/www.directhealthcaregroup.com\\\/da\\\/viden-og-evidens\\\/180442-2\\\/#primaryimage\",\"url\":\"https:\\\/\\\/www.directhealthcaregroup.com\\\/app\\\/uploads\\\/lejring-og-respiration-tb.jpg\",\"contentUrl\":\"https:\\\/\\\/www.directhealthcaregroup.com\\\/app\\\/uploads\\\/lejring-og-respiration-tb.jpg\",\"width\":500,\"height\":125},{\"@type\":\"BreadcrumbList\",\"@id\":\"https:\\\/\\\/www.directhealthcaregroup.com\\\/da\\\/viden-og-evidens\\\/180442-2\\\/#breadcrumb\",\"itemListElement\":[{\"@type\":\"ListItem\",\"position\":1,\"name\":\"Home\",\"item\":\"https:\\\/\\\/www.directhealthcaregroup.com\\\/da\\\/\"},{\"@type\":\"ListItem\",\"position\":2,\"name\":\"VIDEN OG EVIDENS\",\"item\":\"https:\\\/\\\/www.directhealthcaregroup.com\\\/da\\\/viden-og-evidens\\\/\"},{\"@type\":\"ListItem\",\"position\":3,\"name\":\"Lejring og respiration\"}]},{\"@type\":\"WebSite\",\"@id\":\"https:\\\/\\\/www.directhealthcaregroup.com\\\/#website\",\"url\":\"https:\\\/\\\/www.directhealthcaregroup.com\\\/\",\"name\":\"DHG\",\"description\":\"Moving Health Forward\",\"publisher\":{\"@id\":\"https:\\\/\\\/www.directhealthcaregroup.com\\\/#organization\"},\"potentialAction\":[{\"@type\":\"SearchAction\",\"target\":{\"@type\":\"EntryPoint\",\"urlTemplate\":\"https:\\\/\\\/www.directhealthcaregroup.com\\\/?s={search_term_string}\"},\"query-input\":{\"@type\":\"PropertyValueSpecification\",\"valueRequired\":true,\"valueName\":\"search_term_string\"}}],\"inLanguage\":\"da-DK\"},{\"@type\":\"Organization\",\"@id\":\"https:\\\/\\\/www.directhealthcaregroup.com\\\/#organization\",\"name\":\"Direct Healthcare Group\",\"url\":\"https:\\\/\\\/www.directhealthcaregroup.com\\\/\",\"logo\":{\"@type\":\"ImageObject\",\"inLanguage\":\"da-DK\",\"@id\":\"https:\\\/\\\/www.directhealthcaregroup.com\\\/#\\\/schema\\\/logo\\\/image\\\/\",\"url\":\"https:\\\/\\\/directhealthcaregroup.com\\\/app\\\/uploads\\\/dhg-logo.png\",\"contentUrl\":\"https:\\\/\\\/directhealthcaregroup.com\\\/app\\\/uploads\\\/dhg-logo.png\",\"width\":556,\"height\":240,\"caption\":\"Direct Healthcare Group\"},\"image\":{\"@id\":\"https:\\\/\\\/www.directhealthcaregroup.com\\\/#\\\/schema\\\/logo\\\/image\\\/\"}}]}<\/script>\n<!-- \/ Yoast SEO plugin. -->","yoast_head_json":{"title":"Lejring og respiration | DHG","robots":{"index":"index","follow":"follow","max-snippet":"max-snippet:-1","max-image-preview":"max-image-preview:large","max-video-preview":"max-video-preview:-1"},"canonical":"https:\/\/www.directhealthcaregroup.com\/da\/viden-og-evidens\/180442-2\/","og_locale":"da_DK","og_type":"article","og_title":"Lejring og respiration | DHG","og_description":"Lejring kan have stor indflydelse p\u00e5 borgere med respiratoriske udfordringer. Faktisk spiller lejring og lungefysioterapi rigtigt godt sammen. Bliv klogere p\u00e5, hvordan du kan behandle respiratoriske problemer med lejring. 7. august 2019 Af: Fysioterapeut, Henrik Jager Lejring i den liggende stilling bliver prim\u00e6rt anvendt til at skabe komfort for borgeren, som trykaflastning og som smerteforebyggelse. &hellip; Continued","og_url":"https:\/\/www.directhealthcaregroup.com\/da\/viden-og-evidens\/180442-2\/","og_site_name":"DHG","article_modified_time":"2023-05-17T05:20:46+00:00","og_image":[{"width":500,"height":125,"url":"https:\/\/www.directhealthcaregroup.com\/app\/uploads\/lejring-og-respiration-tb.jpg","type":"image\/jpeg"}],"twitter_card":"summary_large_image","twitter_misc":{"Est. reading time":"3 minutes"},"schema":{"@context":"https:\/\/schema.org","@graph":[{"@type":"WebPage","@id":"https:\/\/www.directhealthcaregroup.com\/da\/viden-og-evidens\/180442-2\/","url":"https:\/\/www.directhealthcaregroup.com\/da\/viden-og-evidens\/180442-2\/","name":"Lejring og respiration | DHG","isPartOf":{"@id":"https:\/\/www.directhealthcaregroup.com\/#website"},"primaryImageOfPage":{"@id":"https:\/\/www.directhealthcaregroup.com\/da\/viden-og-evidens\/180442-2\/#primaryimage"},"image":{"@id":"https:\/\/www.directhealthcaregroup.com\/da\/viden-og-evidens\/180442-2\/#primaryimage"},"thumbnailUrl":"https:\/\/www.directhealthcaregroup.com\/app\/uploads\/lejring-og-respiration-tb.jpg","datePublished":"2023-04-21T11:56:55+00:00","dateModified":"2023-05-17T05:20:46+00:00","breadcrumb":{"@id":"https:\/\/www.directhealthcaregroup.com\/da\/viden-og-evidens\/180442-2\/#breadcrumb"},"inLanguage":"da-DK","potentialAction":[{"@type":"ReadAction","target":["https:\/\/www.directhealthcaregroup.com\/da\/viden-og-evidens\/180442-2\/"]}]},{"@type":"ImageObject","inLanguage":"da-DK","@id":"https:\/\/www.directhealthcaregroup.com\/da\/viden-og-evidens\/180442-2\/#primaryimage","url":"https:\/\/www.directhealthcaregroup.com\/app\/uploads\/lejring-og-respiration-tb.jpg","contentUrl":"https:\/\/www.directhealthcaregroup.com\/app\/uploads\/lejring-og-respiration-tb.jpg","width":500,"height":125},{"@type":"BreadcrumbList","@id":"https:\/\/www.directhealthcaregroup.com\/da\/viden-og-evidens\/180442-2\/#breadcrumb","itemListElement":[{"@type":"ListItem","position":1,"name":"Home","item":"https:\/\/www.directhealthcaregroup.com\/da\/"},{"@type":"ListItem","position":2,"name":"VIDEN OG EVIDENS","item":"https:\/\/www.directhealthcaregroup.com\/da\/viden-og-evidens\/"},{"@type":"ListItem","position":3,"name":"Lejring og respiration"}]},{"@type":"WebSite","@id":"https:\/\/www.directhealthcaregroup.com\/#website","url":"https:\/\/www.directhealthcaregroup.com\/","name":"DHG","description":"Moving Health Forward","publisher":{"@id":"https:\/\/www.directhealthcaregroup.com\/#organization"},"potentialAction":[{"@type":"SearchAction","target":{"@type":"EntryPoint","urlTemplate":"https:\/\/www.directhealthcaregroup.com\/?s={search_term_string}"},"query-input":{"@type":"PropertyValueSpecification","valueRequired":true,"valueName":"search_term_string"}}],"inLanguage":"da-DK"},{"@type":"Organization","@id":"https:\/\/www.directhealthcaregroup.com\/#organization","name":"Direct Healthcare Group","url":"https:\/\/www.directhealthcaregroup.com\/","logo":{"@type":"ImageObject","inLanguage":"da-DK","@id":"https:\/\/www.directhealthcaregroup.com\/#\/schema\/logo\/image\/","url":"https:\/\/directhealthcaregroup.com\/app\/uploads\/dhg-logo.png","contentUrl":"https:\/\/directhealthcaregroup.com\/app\/uploads\/dhg-logo.png","width":556,"height":240,"caption":"Direct Healthcare Group"},"image":{"@id":"https:\/\/www.directhealthcaregroup.com\/#\/schema\/logo\/image\/"}}]}},"_links":{"self":[{"href":"https:\/\/www.directhealthcaregroup.com\/da\/wp-json\/wp\/v2\/pages\/180442","targetHints":{"allow":["GET"]}}],"collection":[{"href":"https:\/\/www.directhealthcaregroup.com\/da\/wp-json\/wp\/v2\/pages"}],"about":[{"href":"https:\/\/www.directhealthcaregroup.com\/da\/wp-json\/wp\/v2\/types\/page"}],"author":[{"embeddable":true,"href":"https:\/\/www.directhealthcaregroup.com\/da\/wp-json\/wp\/v2\/users\/40"}],"replies":[{"embeddable":true,"href":"https:\/\/www.directhealthcaregroup.com\/da\/wp-json\/wp\/v2\/comments?post=180442"}],"version-history":[{"count":6,"href":"https:\/\/www.directhealthcaregroup.com\/da\/wp-json\/wp\/v2\/pages\/180442\/revisions"}],"predecessor-version":[{"id":183693,"href":"https:\/\/www.directhealthcaregroup.com\/da\/wp-json\/wp\/v2\/pages\/180442\/revisions\/183693"}],"up":[{"embeddable":true,"href":"https:\/\/www.directhealthcaregroup.com\/da\/wp-json\/wp\/v2\/pages\/174696"}],"wp:featuredmedia":[{"embeddable":true,"href":"https:\/\/www.directhealthcaregroup.com\/da\/wp-json\/wp\/v2\/media\/180448"}],"wp:attachment":[{"href":"https:\/\/www.directhealthcaregroup.com\/da\/wp-json\/wp\/v2\/media?parent=180442"}],"curies":[{"name":"wp","href":"https:\/\/api.w.org\/{rel}","templated":true}]}}