{"id":180524,"date":"2023-04-24T07:20:22","date_gmt":"2023-04-24T06:20:22","guid":{"rendered":"https:\/\/www.directhealthcaregroup.com\/?page_id=180524"},"modified":"2023-05-16T19:45:12","modified_gmt":"2023-05-16T18:45:12","slug":"180524-2","status":"publish","type":"page","link":"https:\/\/www.directhealthcaregroup.com\/da\/viden-og-evidens\/180524-2\/","title":{"rendered":"Lejringsgennemgang forbedrer arbejdsmilj\u00f8et"},"content":{"rendered":"\n<h1 class=\"wp-block-heading\"><\/h1>\n\n\n\n<p>P\u00e5 institutionen Sydbo har en lejringsgennemgang af alle borgere f\u00f8rt til et forbedret arbejdsmilj\u00f8 i morgenplejen. Lejring handler nemlig ikke kun om borgernes komfort, det handler i h\u00f8j grad ogs\u00e5 om plejepersonalets arbejdsmilj\u00f8.<\/p>\n\n\n\n<p>16. december 2015<\/p>\n\n\n\n<p><em>Udsagn fra Sydbo \u2013 en del af Handicapcenter Syd\u00f8stfyn<\/em><\/p>\n\n\n\n<p>I forbindelse med den nedre hygiejne i morgenplejen, har personalet typisk brug for at holde igen p\u00e5 borgerens hofte med den ene h\u00e5nd. Samtidig arbejder de med den anden h\u00e5nd, hvilket kan give vrid og store belastninger i skuldre, arme og ryg. Dette g\u00e6lder is\u00e6r ved meget ressourcesvage borgere, der typisk ikke er i stand til at holde sig selv, eller hvis borgeren er urolig eller udadreagerende.<\/p>\n\n\n\n<p>Handicapcenter Syd\u00f8stfyn, afd. Sydbo, der er et botilbud for borgere med varig nedsat fysisk og psykisk funktionsneds\u00e6ttelse, har erfaret, at Arbejdstilsynet har givet p\u00e5bud til institutioner, der har s\u00e5danne arbejdsgange. \u201dJeg t\u00e6nkte, at vi m\u00e5tte t\u00e6nke forebyggende og s\u00e6tte i gang med at l\u00f8se udfordringen med denne arbejdsstilling,\u201d fort\u00e6ller Cathrine Pedersen, der er fysioterapeut hos Sydbo.<\/p>\n\n\n\n<p>De besluttede derfor at gennemg\u00e5 samtlige borgere med henblik p\u00e5 at sikre personalets arbejdsmilj\u00f8. Samtidig kiggede de ogs\u00e5 p\u00e5 borgerens komfort, s\u00e5 det blev en 360 graders lejringsvurdering af de enkelte borgere.&nbsp;<\/p>\n\n\n\n<p>Sydbo vurderede, at LEJRELET puderne fra Vendlet ville v\u00e6re ideelle til APV-situationerne men ogs\u00e5 til komfortlejringer: \u201dDe er designet p\u00e5 en m\u00e5de, s\u00e5 de er nemme at holde rene, de bliver liggende, hvor de placeres, og de holder formen,\u201d fort\u00e6ller Cathrine.<\/p>\n\n\n\n<p>Gennemgangen af de enkelte borger skete sammen med en konsulent fra Vendlet, og det gav anledning til nogle sp\u00e6ndende udfordringer og refleksioner: \u201dAt g\u00f8re det p\u00e5 den m\u00e5de gav os ro og tid til at finde frem til det, der er det mest optimale for den enkelte borger,\u201d fort\u00e6ller fysioterapeuten Cathrine og forts\u00e6tter: \u201dVi n\u00e5ede frem til nogle gode lejringer, der tager hensyn til den enkelte borgers bev\u00e6geindskr\u00e6nkninger, deformiteter, spasticitet osv.,\u201d siger hun.<\/p>\n\n\n\n<p>Sydbos fysioterapeut har herudfra udarbejdet lejringsbeskrivelser til alle borgere med billeder og tekst, s\u00e5 det bliver enkelt for hele personalegruppen af benytte puderne.<\/p>\n\n\n\n<p>N\u00e5r hele personalegruppen er introduceret til lejringen af de enkelte borgere, er det personalets f\u00e6lles ansvar, at metoder og produkter bliver anvendt korrekt.&nbsp;\u201dJeg er fortr\u00f8stningsfuld og sikker p\u00e5 vores lille projekt, med hj\u00e6lp fra Vendlet, ender med at blive en succes for b\u00e5de borgerne og personalet,\u201d siger Cathrine.<\/p>\n\n\n\n<p>Alle APV lejringspuder er betalt af Handicapcenter Syd\u00f8stfyn, men puder til komfortlejring betales af borgerne selv. Heldigvis har Sydbo form\u00e5et at f\u00e5 skaffet langt de fleste af de puder, de \u00f8nskede.<\/p>\n","protected":false},"excerpt":{"rendered":"<p>P\u00e5 institutionen Sydbo har en lejringsgennemgang af alle borgere f\u00f8rt til et forbedret arbejdsmilj\u00f8 i morgenplejen. Lejring handler nemlig ikke kun om borgernes komfort, det handler i h\u00f8j grad ogs\u00e5 om plejepersonalets arbejdsmilj\u00f8. 16. december 2015 Udsagn fra Sydbo \u2013 en del af Handicapcenter Syd\u00f8stfyn I forbindelse med den nedre hygiejne i morgenplejen, har personalet &hellip; <a href=\"https:\/\/www.directhealthcaregroup.com\/da\/viden-og-evidens\/180524-2\/\">Continued<\/a><\/p>\n","protected":false},"author":40,"featured_media":180537,"parent":174696,"menu_order":109,"comment_status":"closed","ping_status":"closed","template":"","meta":{"_acf_changed":false,"footnotes":""},"class_list":["post-180524","page","type-page","status-publish","has-post-thumbnail","hentry"],"acf":[],"yoast_head":"<!-- This site is optimized with the Yoast SEO plugin v27.4 - https:\/\/yoast.com\/product\/yoast-seo-wordpress\/ -->\n<title>Lejringsgennemgang forbedrer arbejdsmilj\u00f8et | DHG<\/title>\n<meta name=\"robots\" content=\"index, follow, max-snippet:-1, max-image-preview:large, max-video-preview:-1\" \/>\n<link rel=\"canonical\" href=\"https:\/\/www.directhealthcaregroup.com\/da\/viden-og-evidens\/180524-2\/\" \/>\n<meta property=\"og:locale\" content=\"da_DK\" \/>\n<meta property=\"og:type\" content=\"article\" \/>\n<meta property=\"og:title\" content=\"Lejringsgennemgang forbedrer arbejdsmilj\u00f8et | DHG\" \/>\n<meta property=\"og:description\" content=\"P\u00e5 institutionen Sydbo har en lejringsgennemgang af alle borgere f\u00f8rt til et forbedret arbejdsmilj\u00f8 i morgenplejen. Lejring handler nemlig ikke kun om borgernes komfort, det handler i h\u00f8j grad ogs\u00e5 om plejepersonalets arbejdsmilj\u00f8. 16. december 2015 Udsagn fra Sydbo \u2013 en del af Handicapcenter Syd\u00f8stfyn I forbindelse med den nedre hygiejne i morgenplejen, har personalet &hellip; Continued\" \/>\n<meta property=\"og:url\" content=\"https:\/\/www.directhealthcaregroup.com\/da\/viden-og-evidens\/180524-2\/\" \/>\n<meta property=\"og:site_name\" content=\"DHG\" \/>\n<meta property=\"article:modified_time\" content=\"2023-05-16T18:45:12+00:00\" \/>\n<meta property=\"og:image\" content=\"https:\/\/www.directhealthcaregroup.com\/app\/uploads\/lejring-til-nedre-hygiejne-tb-1.jpg\" \/>\n\t<meta property=\"og:image:width\" content=\"500\" \/>\n\t<meta property=\"og:image:height\" content=\"125\" \/>\n\t<meta property=\"og:image:type\" content=\"image\/jpeg\" \/>\n<meta name=\"twitter:card\" content=\"summary_large_image\" \/>\n<meta name=\"twitter:label1\" content=\"Est. reading time\" \/>\n\t<meta name=\"twitter:data1\" content=\"2 minutes\" \/>\n<script type=\"application\/ld+json\" class=\"yoast-schema-graph\">{\"@context\":\"https:\\\/\\\/schema.org\",\"@graph\":[{\"@type\":\"WebPage\",\"@id\":\"https:\\\/\\\/www.directhealthcaregroup.com\\\/da\\\/viden-og-evidens\\\/180524-2\\\/\",\"url\":\"https:\\\/\\\/www.directhealthcaregroup.com\\\/da\\\/viden-og-evidens\\\/180524-2\\\/\",\"name\":\"Lejringsgennemgang forbedrer arbejdsmilj\u00f8et | DHG\",\"isPartOf\":{\"@id\":\"https:\\\/\\\/www.directhealthcaregroup.com\\\/#website\"},\"primaryImageOfPage\":{\"@id\":\"https:\\\/\\\/www.directhealthcaregroup.com\\\/da\\\/viden-og-evidens\\\/180524-2\\\/#primaryimage\"},\"image\":{\"@id\":\"https:\\\/\\\/www.directhealthcaregroup.com\\\/da\\\/viden-og-evidens\\\/180524-2\\\/#primaryimage\"},\"thumbnailUrl\":\"https:\\\/\\\/www.directhealthcaregroup.com\\\/app\\\/uploads\\\/lejring-til-nedre-hygiejne-tb-1.jpg\",\"datePublished\":\"2023-04-24T06:20:22+00:00\",\"dateModified\":\"2023-05-16T18:45:12+00:00\",\"breadcrumb\":{\"@id\":\"https:\\\/\\\/www.directhealthcaregroup.com\\\/da\\\/viden-og-evidens\\\/180524-2\\\/#breadcrumb\"},\"inLanguage\":\"da-DK\",\"potentialAction\":[{\"@type\":\"ReadAction\",\"target\":[\"https:\\\/\\\/www.directhealthcaregroup.com\\\/da\\\/viden-og-evidens\\\/180524-2\\\/\"]}]},{\"@type\":\"ImageObject\",\"inLanguage\":\"da-DK\",\"@id\":\"https:\\\/\\\/www.directhealthcaregroup.com\\\/da\\\/viden-og-evidens\\\/180524-2\\\/#primaryimage\",\"url\":\"https:\\\/\\\/www.directhealthcaregroup.com\\\/app\\\/uploads\\\/lejring-til-nedre-hygiejne-tb-1.jpg\",\"contentUrl\":\"https:\\\/\\\/www.directhealthcaregroup.com\\\/app\\\/uploads\\\/lejring-til-nedre-hygiejne-tb-1.jpg\",\"width\":500,\"height\":125},{\"@type\":\"BreadcrumbList\",\"@id\":\"https:\\\/\\\/www.directhealthcaregroup.com\\\/da\\\/viden-og-evidens\\\/180524-2\\\/#breadcrumb\",\"itemListElement\":[{\"@type\":\"ListItem\",\"position\":1,\"name\":\"Home\",\"item\":\"https:\\\/\\\/www.directhealthcaregroup.com\\\/da\\\/\"},{\"@type\":\"ListItem\",\"position\":2,\"name\":\"VIDEN OG EVIDENS\",\"item\":\"https:\\\/\\\/www.directhealthcaregroup.com\\\/da\\\/viden-og-evidens\\\/\"},{\"@type\":\"ListItem\",\"position\":3,\"name\":\"Lejringsgennemgang forbedrer arbejdsmilj\u00f8et\"}]},{\"@type\":\"WebSite\",\"@id\":\"https:\\\/\\\/www.directhealthcaregroup.com\\\/#website\",\"url\":\"https:\\\/\\\/www.directhealthcaregroup.com\\\/\",\"name\":\"DHG\",\"description\":\"Moving Health Forward\",\"publisher\":{\"@id\":\"https:\\\/\\\/www.directhealthcaregroup.com\\\/#organization\"},\"potentialAction\":[{\"@type\":\"SearchAction\",\"target\":{\"@type\":\"EntryPoint\",\"urlTemplate\":\"https:\\\/\\\/www.directhealthcaregroup.com\\\/?s={search_term_string}\"},\"query-input\":{\"@type\":\"PropertyValueSpecification\",\"valueRequired\":true,\"valueName\":\"search_term_string\"}}],\"inLanguage\":\"da-DK\"},{\"@type\":\"Organization\",\"@id\":\"https:\\\/\\\/www.directhealthcaregroup.com\\\/#organization\",\"name\":\"Direct Healthcare Group\",\"url\":\"https:\\\/\\\/www.directhealthcaregroup.com\\\/\",\"logo\":{\"@type\":\"ImageObject\",\"inLanguage\":\"da-DK\",\"@id\":\"https:\\\/\\\/www.directhealthcaregroup.com\\\/#\\\/schema\\\/logo\\\/image\\\/\",\"url\":\"https:\\\/\\\/directhealthcaregroup.com\\\/app\\\/uploads\\\/dhg-logo.png\",\"contentUrl\":\"https:\\\/\\\/directhealthcaregroup.com\\\/app\\\/uploads\\\/dhg-logo.png\",\"width\":556,\"height\":240,\"caption\":\"Direct Healthcare Group\"},\"image\":{\"@id\":\"https:\\\/\\\/www.directhealthcaregroup.com\\\/#\\\/schema\\\/logo\\\/image\\\/\"}}]}<\/script>\n<!-- \/ Yoast SEO plugin. -->","yoast_head_json":{"title":"Lejringsgennemgang forbedrer arbejdsmilj\u00f8et | DHG","robots":{"index":"index","follow":"follow","max-snippet":"max-snippet:-1","max-image-preview":"max-image-preview:large","max-video-preview":"max-video-preview:-1"},"canonical":"https:\/\/www.directhealthcaregroup.com\/da\/viden-og-evidens\/180524-2\/","og_locale":"da_DK","og_type":"article","og_title":"Lejringsgennemgang forbedrer arbejdsmilj\u00f8et | DHG","og_description":"P\u00e5 institutionen Sydbo har en lejringsgennemgang af alle borgere f\u00f8rt til et forbedret arbejdsmilj\u00f8 i morgenplejen. Lejring handler nemlig ikke kun om borgernes komfort, det handler i h\u00f8j grad ogs\u00e5 om plejepersonalets arbejdsmilj\u00f8. 16. december 2015 Udsagn fra Sydbo \u2013 en del af Handicapcenter Syd\u00f8stfyn I forbindelse med den nedre hygiejne i morgenplejen, har personalet &hellip; Continued","og_url":"https:\/\/www.directhealthcaregroup.com\/da\/viden-og-evidens\/180524-2\/","og_site_name":"DHG","article_modified_time":"2023-05-16T18:45:12+00:00","og_image":[{"width":500,"height":125,"url":"https:\/\/www.directhealthcaregroup.com\/app\/uploads\/lejring-til-nedre-hygiejne-tb-1.jpg","type":"image\/jpeg"}],"twitter_card":"summary_large_image","twitter_misc":{"Est. reading time":"2 minutes"},"schema":{"@context":"https:\/\/schema.org","@graph":[{"@type":"WebPage","@id":"https:\/\/www.directhealthcaregroup.com\/da\/viden-og-evidens\/180524-2\/","url":"https:\/\/www.directhealthcaregroup.com\/da\/viden-og-evidens\/180524-2\/","name":"Lejringsgennemgang forbedrer arbejdsmilj\u00f8et | DHG","isPartOf":{"@id":"https:\/\/www.directhealthcaregroup.com\/#website"},"primaryImageOfPage":{"@id":"https:\/\/www.directhealthcaregroup.com\/da\/viden-og-evidens\/180524-2\/#primaryimage"},"image":{"@id":"https:\/\/www.directhealthcaregroup.com\/da\/viden-og-evidens\/180524-2\/#primaryimage"},"thumbnailUrl":"https:\/\/www.directhealthcaregroup.com\/app\/uploads\/lejring-til-nedre-hygiejne-tb-1.jpg","datePublished":"2023-04-24T06:20:22+00:00","dateModified":"2023-05-16T18:45:12+00:00","breadcrumb":{"@id":"https:\/\/www.directhealthcaregroup.com\/da\/viden-og-evidens\/180524-2\/#breadcrumb"},"inLanguage":"da-DK","potentialAction":[{"@type":"ReadAction","target":["https:\/\/www.directhealthcaregroup.com\/da\/viden-og-evidens\/180524-2\/"]}]},{"@type":"ImageObject","inLanguage":"da-DK","@id":"https:\/\/www.directhealthcaregroup.com\/da\/viden-og-evidens\/180524-2\/#primaryimage","url":"https:\/\/www.directhealthcaregroup.com\/app\/uploads\/lejring-til-nedre-hygiejne-tb-1.jpg","contentUrl":"https:\/\/www.directhealthcaregroup.com\/app\/uploads\/lejring-til-nedre-hygiejne-tb-1.jpg","width":500,"height":125},{"@type":"BreadcrumbList","@id":"https:\/\/www.directhealthcaregroup.com\/da\/viden-og-evidens\/180524-2\/#breadcrumb","itemListElement":[{"@type":"ListItem","position":1,"name":"Home","item":"https:\/\/www.directhealthcaregroup.com\/da\/"},{"@type":"ListItem","position":2,"name":"VIDEN OG EVIDENS","item":"https:\/\/www.directhealthcaregroup.com\/da\/viden-og-evidens\/"},{"@type":"ListItem","position":3,"name":"Lejringsgennemgang forbedrer arbejdsmilj\u00f8et"}]},{"@type":"WebSite","@id":"https:\/\/www.directhealthcaregroup.com\/#website","url":"https:\/\/www.directhealthcaregroup.com\/","name":"DHG","description":"Moving Health Forward","publisher":{"@id":"https:\/\/www.directhealthcaregroup.com\/#organization"},"potentialAction":[{"@type":"SearchAction","target":{"@type":"EntryPoint","urlTemplate":"https:\/\/www.directhealthcaregroup.com\/?s={search_term_string}"},"query-input":{"@type":"PropertyValueSpecification","valueRequired":true,"valueName":"search_term_string"}}],"inLanguage":"da-DK"},{"@type":"Organization","@id":"https:\/\/www.directhealthcaregroup.com\/#organization","name":"Direct Healthcare Group","url":"https:\/\/www.directhealthcaregroup.com\/","logo":{"@type":"ImageObject","inLanguage":"da-DK","@id":"https:\/\/www.directhealthcaregroup.com\/#\/schema\/logo\/image\/","url":"https:\/\/directhealthcaregroup.com\/app\/uploads\/dhg-logo.png","contentUrl":"https:\/\/directhealthcaregroup.com\/app\/uploads\/dhg-logo.png","width":556,"height":240,"caption":"Direct Healthcare Group"},"image":{"@id":"https:\/\/www.directhealthcaregroup.com\/#\/schema\/logo\/image\/"}}]}},"_links":{"self":[{"href":"https:\/\/www.directhealthcaregroup.com\/da\/wp-json\/wp\/v2\/pages\/180524","targetHints":{"allow":["GET"]}}],"collection":[{"href":"https:\/\/www.directhealthcaregroup.com\/da\/wp-json\/wp\/v2\/pages"}],"about":[{"href":"https:\/\/www.directhealthcaregroup.com\/da\/wp-json\/wp\/v2\/types\/page"}],"author":[{"embeddable":true,"href":"https:\/\/www.directhealthcaregroup.com\/da\/wp-json\/wp\/v2\/users\/40"}],"replies":[{"embeddable":true,"href":"https:\/\/www.directhealthcaregroup.com\/da\/wp-json\/wp\/v2\/comments?post=180524"}],"version-history":[{"count":3,"href":"https:\/\/www.directhealthcaregroup.com\/da\/wp-json\/wp\/v2\/pages\/180524\/revisions"}],"predecessor-version":[{"id":183634,"href":"https:\/\/www.directhealthcaregroup.com\/da\/wp-json\/wp\/v2\/pages\/180524\/revisions\/183634"}],"up":[{"embeddable":true,"href":"https:\/\/www.directhealthcaregroup.com\/da\/wp-json\/wp\/v2\/pages\/174696"}],"wp:featuredmedia":[{"embeddable":true,"href":"https:\/\/www.directhealthcaregroup.com\/da\/wp-json\/wp\/v2\/media\/180537"}],"wp:attachment":[{"href":"https:\/\/www.directhealthcaregroup.com\/da\/wp-json\/wp\/v2\/media?parent=180524"}],"curies":[{"name":"wp","href":"https:\/\/api.w.org\/{rel}","templated":true}]}}