{"id":182847,"date":"2023-06-13T14:28:52","date_gmt":"2023-06-13T13:28:52","guid":{"rendered":"https:\/\/www.directhealthcaregroup.com\/?page_id=182847"},"modified":"2025-12-17T11:51:34","modified_gmt":"2025-12-17T11:51:34","slug":"om-ethos","status":"publish","type":"page","link":"https:\/\/www.directhealthcaregroup.com\/da\/om-ethos\/","title":{"rendered":"Om Ethos"},"content":{"rendered":"\n<figure class=\"wp-block-image size-full\"><img decoding=\"async\" src=\"https:\/\/www.directhealthcaregroup.com\/app\/uploads\/Workplace_education_1_large_banner-Ethos-1-scaled.jpg\" alt=\"\" class=\"wp-image-162237\"\/><\/figure>\n\n\n\n<div style=\"height:16px\" aria-hidden=\"true\" class=\"wp-block-spacer\"><\/div>\n\n\n\n<p>Hos DHG mener vi, at faglighed er grundstenen for den bedste pleje. Derfor har vi sammensat et unikt uddannelsestilbud, der styrker din viden om hj\u00e6lpemidler og deres optimale anvendelse i hverdagen. Jo mere du ved, desto bedre kan du sikre h\u00f8j kvalitet og effektivitet i plejen af borgere og patienter.<\/p>\n\n\n\n<p>Vores Ethos Education Programme kombinerer praktisk indsigt med teoretisk viden og er fyldt med v\u00e6rdifulde tips og tricks, der kan implementeres direkte i dit daglige arbejde. Vi g\u00e5r i dybden med, hvorfor hj\u00e6lpemidler er vigtige, og hvordan de bruges bedst \u2013 til gavn for b\u00e5de dig og de borgere\/patienter du m\u00f8der i din hverdag.<\/p>\n\n\n\n<p>Vores undervisningstilbud, i form af temadage og webinarer er for alle med interesse for omr\u00e5det, og er til gavn for b\u00e5de ledere, medarbejdere, studerende og p\u00e5r\u00f8rende. Vores undervisning tager udgangspunkt i nyeste forskning og viden, der knytter sig til mennesker, der har brug for hj\u00e6lp, og ber\u00f8rer emnerne p\u00e5 en m\u00e5de der giver inspiration, faglig udvikling og gode diskussioner. Vi garanterer et fagligt frirum, hvor refleksion og erfaringsudveksling st\u00e5r i centrum.<\/p>\n\n\n\n<p>Lad os sammen styrke fagligheden \u2013 for en mere kvalificeret og meningsfuld pleje!<\/p>\n\n\n\n<p class=\"has-black-color has-text-color has-background\" style=\"background-color:#38b6ac\">Vores viden sikrer, at kvaliteten i pleje og omsorgsarbejdet bliver l\u00f8ftet til et h\u00f8jere niveau. Og at den fysiske og generelle belastning for plejepersonalet bliver begr\u00e6nset som muligt.<\/p>\n\n\n\n<h2 class=\"wp-block-heading has-text-align-center\"><strong>F\u00c5 MERE VIDEN<\/strong><\/h2>\n\n\n\n<p>Vi er gennem mange \u00e5r, afholdt undervisningsseancer, for terapeuter, sygeplejersker, SoSu personale samt andre, der arbejder i pleje- og sundhedssektoren. Vores undervisning omhandler emner relateret til vores fokusomr\u00e5de, som er forflytning, genoptr\u00e6ning og pleje og omsorg af plejekr\u00e6vende mennesker. Undervisningen er som udgangspunkt teoretisk, men vi im\u00f8dekommer naturligvis Jeres \u00f8nsker, hvis i \u00f8nsker praktiske workshops.  <\/p>\n\n\n\n<div class=\"wp-block-buttons is-content-justification-center is-layout-flex wp-container-core-buttons-is-layout-16018d1d wp-block-buttons-is-layout-flex\">\n<div class=\"wp-block-button is-style-outline is-style-outline--1\"><a class=\"wp-block-button__link has-black-color has-text-color has-background wp-element-button\" href=\"https:\/\/www.directhealthcaregroup.com\/app\/uploads\/Ethos-program-2026_final.pdf\" style=\"background-color:#38b6ac\"><strong>L\u00e6s vores fulde undervisnings- og uddannelsestilbud for 202<\/strong>6<strong> her.<\/strong><\/a><\/div>\n<\/div>\n\n\n\n<div style=\"height:20px\" aria-hidden=\"true\" class=\"wp-block-spacer\"><\/div>\n\n\n<div class=\"wp-block-image\">\n<figure class=\"aligncenter size-large is-resized\"><img loading=\"lazy\" decoding=\"async\" width=\"493\" height=\"371\" src=\"https:\/\/www.directhealthcaregroup.com\/app\/uploads\/Pia-Beck.jpg\" alt=\"\" class=\"wp-image-173418\" style=\"width:186px\" srcset=\"https:\/\/www.directhealthcaregroup.com\/app\/uploads\/Pia-Beck.jpg 493w, https:\/\/www.directhealthcaregroup.com\/app\/uploads\/Pia-Beck-300x226.jpg 300w, https:\/\/www.directhealthcaregroup.com\/app\/uploads\/Pia-Beck-320x241.jpg 320w, https:\/\/www.directhealthcaregroup.com\/app\/uploads\/Pia-Beck-296x223.jpg 296w\" sizes=\"auto, (max-width: 493px) 100vw, 493px\" \/><\/figure>\n<\/div>\n\n\n<h3 class=\"wp-block-heading has-text-align-center\"><strong>Pia Beck | DHG Educational Manager<\/strong><\/h3>\n\n\n\n<p>Pia har mere end 20 \u00e5rs erfaring p\u00e5 hj\u00e6lpemiddelomr\u00e5det og har stor erfaring inden for forflytnings- og lejringsomr\u00e5det. Det v\u00e6rende sig b\u00e5de den teoretiske og kliniske del. Pia har et stort kendskab til komplekse lejrings- og forflytningsudfordringer og bringer b\u00e5de sin teoretiske viden og praktiske erfaring i spil, for at l\u00f8se lige netop jeres udfordringer.<\/p>\n\n\n\n<p>Pia har de sidste 10 \u00e5r st\u00e5et i spidsen for en lang r\u00e6kke seminarer og workshops, hvor deltagerne har repr\u00e6senteret et bredt udsnit af de sundhedsprofessionelle uddannelser, vi har i Danmark. Derudover er Pia ofte med som r\u00e5dgiver i komplekse borgersager, og har derfor indg\u00e5ende kendskab til de daglige udfordringer, der kan udspille sig i arbejdet med plejekr\u00e6vende sengeliggende mennesker, der har brug for hj\u00e6lp.<\/p>\n\n\n\n<p class=\"has-text-align-center\"><br>Pia Beck kan kontaktes p\u00e5:<br><strong>Mobil:<\/strong>&nbsp;+ 45 61 24 14 04<br><strong>Email:<\/strong>&nbsp;<a rel=\"noreferrer noopener\" href=\"mailto:pia.beck@directhealthcaregroup.com\" target=\"_blank\">pia.beck@directhealthcaregroup.com<\/a><\/p>\n","protected":false},"excerpt":{"rendered":"<p>Hos DHG mener vi, at faglighed er grundstenen for den bedste pleje. Derfor har vi sammensat et unikt uddannelsestilbud, der styrker din viden om hj\u00e6lpemidler og deres optimale anvendelse i hverdagen. Jo mere du ved, desto bedre kan du sikre h\u00f8j kvalitet og effektivitet i plejen af borgere og patienter. Vores Ethos Education Programme kombinerer &hellip; <a href=\"https:\/\/www.directhealthcaregroup.com\/da\/om-ethos\/\">Continued<\/a><\/p>\n","protected":false},"author":40,"featured_media":0,"parent":0,"menu_order":0,"comment_status":"closed","ping_status":"closed","template":"","meta":{"_acf_changed":false,"footnotes":""},"class_list":["post-182847","page","type-page","status-publish","hentry"],"acf":[],"yoast_head":"<!-- This site is optimized with the Yoast SEO plugin v26.6 - https:\/\/yoast.com\/wordpress\/plugins\/seo\/ -->\n<title>Om Ethos | DHG<\/title>\n<meta name=\"description\" content=\"Hos DHG tror vi p\u00e5 faglighed frem for alt. Med Ethos Education programmet deler vi vores viden og faglighed.\" \/>\n<meta name=\"robots\" content=\"index, follow, max-snippet:-1, max-image-preview:large, max-video-preview:-1\" \/>\n<link rel=\"canonical\" href=\"https:\/\/www.directhealthcaregroup.com\/da\/om-ethos\/\" \/>\n<meta property=\"og:locale\" content=\"da_DK\" \/>\n<meta property=\"og:type\" content=\"article\" \/>\n<meta property=\"og:title\" content=\"Om Ethos | DHG\" \/>\n<meta property=\"og:description\" content=\"Hos DHG tror vi p\u00e5 faglighed frem for alt. Med Ethos Education programmet deler vi vores viden og faglighed.\" \/>\n<meta property=\"og:url\" content=\"https:\/\/www.directhealthcaregroup.com\/da\/om-ethos\/\" \/>\n<meta property=\"og:site_name\" content=\"DHG\" \/>\n<meta property=\"article:modified_time\" content=\"2025-12-17T11:51:34+00:00\" \/>\n<meta property=\"og:image\" content=\"https:\/\/www.directhealthcaregroup.com\/app\/uploads\/Workplace_education_1_large_banner-Ethos-1-scaled.jpg\" \/>\n\t<meta property=\"og:image:width\" content=\"1\" \/>\n\t<meta property=\"og:image:height\" content=\"1\" \/>\n\t<meta property=\"og:image:type\" content=\"image\/jpeg\" \/>\n<meta name=\"twitter:card\" content=\"summary_large_image\" \/>\n<meta name=\"twitter:label1\" content=\"Est. reading time\" \/>\n\t<meta name=\"twitter:data1\" content=\"3 minutes\" \/>\n<script type=\"application\/ld+json\" class=\"yoast-schema-graph\">{\"@context\":\"https:\/\/schema.org\",\"@graph\":[{\"@type\":\"WebPage\",\"@id\":\"https:\/\/www.directhealthcaregroup.com\/da\/om-ethos\/\",\"url\":\"https:\/\/www.directhealthcaregroup.com\/da\/om-ethos\/\",\"name\":\"Om Ethos | DHG\",\"isPartOf\":{\"@id\":\"https:\/\/www.directhealthcaregroup.com\/#website\"},\"primaryImageOfPage\":{\"@id\":\"https:\/\/www.directhealthcaregroup.com\/da\/om-ethos\/#primaryimage\"},\"image\":{\"@id\":\"https:\/\/www.directhealthcaregroup.com\/da\/om-ethos\/#primaryimage\"},\"thumbnailUrl\":\"https:\/\/www.directhealthcaregroup.com\/app\/uploads\/Workplace_education_1_large_banner-Ethos-1-scaled.jpg\",\"datePublished\":\"2023-06-13T13:28:52+00:00\",\"dateModified\":\"2025-12-17T11:51:34+00:00\",\"description\":\"Hos DHG tror vi p\u00e5 faglighed frem for alt. Med Ethos Education programmet deler vi vores viden og faglighed.\",\"breadcrumb\":{\"@id\":\"https:\/\/www.directhealthcaregroup.com\/da\/om-ethos\/#breadcrumb\"},\"inLanguage\":\"da-DK\",\"potentialAction\":[{\"@type\":\"ReadAction\",\"target\":[\"https:\/\/www.directhealthcaregroup.com\/da\/om-ethos\/\"]}]},{\"@type\":\"ImageObject\",\"inLanguage\":\"da-DK\",\"@id\":\"https:\/\/www.directhealthcaregroup.com\/da\/om-ethos\/#primaryimage\",\"url\":\"https:\/\/www.directhealthcaregroup.com\/app\/uploads\/Workplace_education_1_large_banner-Ethos-1-scaled.jpg\",\"contentUrl\":\"https:\/\/www.directhealthcaregroup.com\/app\/uploads\/Workplace_education_1_large_banner-Ethos-1-scaled.jpg\"},{\"@type\":\"BreadcrumbList\",\"@id\":\"https:\/\/www.directhealthcaregroup.com\/da\/om-ethos\/#breadcrumb\",\"itemListElement\":[{\"@type\":\"ListItem\",\"position\":1,\"name\":\"Home\",\"item\":\"https:\/\/www.directhealthcaregroup.com\/da\/\"},{\"@type\":\"ListItem\",\"position\":2,\"name\":\"Om Ethos\"}]},{\"@type\":\"WebSite\",\"@id\":\"https:\/\/www.directhealthcaregroup.com\/#website\",\"url\":\"https:\/\/www.directhealthcaregroup.com\/\",\"name\":\"DHG\",\"description\":\"Moving Health Forward\",\"publisher\":{\"@id\":\"https:\/\/www.directhealthcaregroup.com\/#organization\"},\"potentialAction\":[{\"@type\":\"SearchAction\",\"target\":{\"@type\":\"EntryPoint\",\"urlTemplate\":\"https:\/\/www.directhealthcaregroup.com\/?s={search_term_string}\"},\"query-input\":{\"@type\":\"PropertyValueSpecification\",\"valueRequired\":true,\"valueName\":\"search_term_string\"}}],\"inLanguage\":\"da-DK\"},{\"@type\":\"Organization\",\"@id\":\"https:\/\/www.directhealthcaregroup.com\/#organization\",\"name\":\"Direct Healthcare Group\",\"url\":\"https:\/\/www.directhealthcaregroup.com\/\",\"logo\":{\"@type\":\"ImageObject\",\"inLanguage\":\"da-DK\",\"@id\":\"https:\/\/www.directhealthcaregroup.com\/#\/schema\/logo\/image\/\",\"url\":\"https:\/\/directhealthcaregroup.com\/app\/uploads\/dhg-logo.png\",\"contentUrl\":\"https:\/\/directhealthcaregroup.com\/app\/uploads\/dhg-logo.png\",\"width\":556,\"height\":240,\"caption\":\"Direct Healthcare Group\"},\"image\":{\"@id\":\"https:\/\/www.directhealthcaregroup.com\/#\/schema\/logo\/image\/\"}}]}<\/script>\n<!-- \/ Yoast SEO plugin. -->","yoast_head_json":{"title":"Om Ethos | DHG","description":"Hos DHG tror vi p\u00e5 faglighed frem for alt. Med Ethos Education programmet deler vi vores viden og faglighed.","robots":{"index":"index","follow":"follow","max-snippet":"max-snippet:-1","max-image-preview":"max-image-preview:large","max-video-preview":"max-video-preview:-1"},"canonical":"https:\/\/www.directhealthcaregroup.com\/da\/om-ethos\/","og_locale":"da_DK","og_type":"article","og_title":"Om Ethos | DHG","og_description":"Hos DHG tror vi p\u00e5 faglighed frem for alt. Med Ethos Education programmet deler vi vores viden og faglighed.","og_url":"https:\/\/www.directhealthcaregroup.com\/da\/om-ethos\/","og_site_name":"DHG","article_modified_time":"2025-12-17T11:51:34+00:00","og_image":[{"url":"https:\/\/www.directhealthcaregroup.com\/app\/uploads\/Workplace_education_1_large_banner-Ethos-1-scaled.jpg","width":1,"height":1,"type":"image\/jpeg"}],"twitter_card":"summary_large_image","twitter_misc":{"Est. reading time":"3 minutes"},"schema":{"@context":"https:\/\/schema.org","@graph":[{"@type":"WebPage","@id":"https:\/\/www.directhealthcaregroup.com\/da\/om-ethos\/","url":"https:\/\/www.directhealthcaregroup.com\/da\/om-ethos\/","name":"Om Ethos | DHG","isPartOf":{"@id":"https:\/\/www.directhealthcaregroup.com\/#website"},"primaryImageOfPage":{"@id":"https:\/\/www.directhealthcaregroup.com\/da\/om-ethos\/#primaryimage"},"image":{"@id":"https:\/\/www.directhealthcaregroup.com\/da\/om-ethos\/#primaryimage"},"thumbnailUrl":"https:\/\/www.directhealthcaregroup.com\/app\/uploads\/Workplace_education_1_large_banner-Ethos-1-scaled.jpg","datePublished":"2023-06-13T13:28:52+00:00","dateModified":"2025-12-17T11:51:34+00:00","description":"Hos DHG tror vi p\u00e5 faglighed frem for alt. Med Ethos Education programmet deler vi vores viden og faglighed.","breadcrumb":{"@id":"https:\/\/www.directhealthcaregroup.com\/da\/om-ethos\/#breadcrumb"},"inLanguage":"da-DK","potentialAction":[{"@type":"ReadAction","target":["https:\/\/www.directhealthcaregroup.com\/da\/om-ethos\/"]}]},{"@type":"ImageObject","inLanguage":"da-DK","@id":"https:\/\/www.directhealthcaregroup.com\/da\/om-ethos\/#primaryimage","url":"https:\/\/www.directhealthcaregroup.com\/app\/uploads\/Workplace_education_1_large_banner-Ethos-1-scaled.jpg","contentUrl":"https:\/\/www.directhealthcaregroup.com\/app\/uploads\/Workplace_education_1_large_banner-Ethos-1-scaled.jpg"},{"@type":"BreadcrumbList","@id":"https:\/\/www.directhealthcaregroup.com\/da\/om-ethos\/#breadcrumb","itemListElement":[{"@type":"ListItem","position":1,"name":"Home","item":"https:\/\/www.directhealthcaregroup.com\/da\/"},{"@type":"ListItem","position":2,"name":"Om Ethos"}]},{"@type":"WebSite","@id":"https:\/\/www.directhealthcaregroup.com\/#website","url":"https:\/\/www.directhealthcaregroup.com\/","name":"DHG","description":"Moving Health Forward","publisher":{"@id":"https:\/\/www.directhealthcaregroup.com\/#organization"},"potentialAction":[{"@type":"SearchAction","target":{"@type":"EntryPoint","urlTemplate":"https:\/\/www.directhealthcaregroup.com\/?s={search_term_string}"},"query-input":{"@type":"PropertyValueSpecification","valueRequired":true,"valueName":"search_term_string"}}],"inLanguage":"da-DK"},{"@type":"Organization","@id":"https:\/\/www.directhealthcaregroup.com\/#organization","name":"Direct Healthcare Group","url":"https:\/\/www.directhealthcaregroup.com\/","logo":{"@type":"ImageObject","inLanguage":"da-DK","@id":"https:\/\/www.directhealthcaregroup.com\/#\/schema\/logo\/image\/","url":"https:\/\/directhealthcaregroup.com\/app\/uploads\/dhg-logo.png","contentUrl":"https:\/\/directhealthcaregroup.com\/app\/uploads\/dhg-logo.png","width":556,"height":240,"caption":"Direct Healthcare Group"},"image":{"@id":"https:\/\/www.directhealthcaregroup.com\/#\/schema\/logo\/image\/"}}]}},"_links":{"self":[{"href":"https:\/\/www.directhealthcaregroup.com\/da\/wp-json\/wp\/v2\/pages\/182847","targetHints":{"allow":["GET"]}}],"collection":[{"href":"https:\/\/www.directhealthcaregroup.com\/da\/wp-json\/wp\/v2\/pages"}],"about":[{"href":"https:\/\/www.directhealthcaregroup.com\/da\/wp-json\/wp\/v2\/types\/page"}],"author":[{"embeddable":true,"href":"https:\/\/www.directhealthcaregroup.com\/da\/wp-json\/wp\/v2\/users\/40"}],"replies":[{"embeddable":true,"href":"https:\/\/www.directhealthcaregroup.com\/da\/wp-json\/wp\/v2\/comments?post=182847"}],"version-history":[{"count":10,"href":"https:\/\/www.directhealthcaregroup.com\/da\/wp-json\/wp\/v2\/pages\/182847\/revisions"}],"predecessor-version":[{"id":253361,"href":"https:\/\/www.directhealthcaregroup.com\/da\/wp-json\/wp\/v2\/pages\/182847\/revisions\/253361"}],"wp:attachment":[{"href":"https:\/\/www.directhealthcaregroup.com\/da\/wp-json\/wp\/v2\/media?parent=182847"}],"curies":[{"name":"wp","href":"https:\/\/api.w.org\/{rel}","templated":true}]}}