{"id":183162,"date":"2023-05-15T12:10:24","date_gmt":"2023-05-15T11:10:24","guid":{"rendered":"https:\/\/www.directhealthcaregroup.com\/?page_id=183162"},"modified":"2023-05-15T12:10:27","modified_gmt":"2023-05-15T11:10:27","slug":"ofte-stillede-spoergsmaal-om-lejrelet","status":"publish","type":"page","link":"https:\/\/www.directhealthcaregroup.com\/da\/ofte-stillede-spoergsmaal-om-lejrelet\/","title":{"rendered":"Ofte stillede sp\u00f8rgsm\u00e5l om LEJRELET"},"content":{"rendered":"\n<h4 class=\"wp-block-heading\"><strong>Hvad er betr\u00e6kket p\u00e5 lejringspuderne lavet af?<\/strong><\/h4>\n\n\n\n<p>Betr\u00e6kket p\u00e5 lejringspuderne er lavet af et materiale, der hedder Polyurethane coated polyester, som er et let polyesterstof med en flammeh\u00e6mmende polyurethanbel\u00e6gning p\u00e5 begge sider, som derefter er behandlet med et vandafvisende middel.<\/p>\n\n\n\n<h4 class=\"wp-block-heading\"><strong>Hvad er der inde i LEJRELET puderne?<\/strong><\/h4>\n\n\n\n<p>LEJRELET\u00a0<a href=\"https:\/\/www.directhealthcaregroup.com\/da\/products\/lejrelet-tube-125\/\" target=\"_blank\" rel=\"noreferrer noopener\">Tube 125<\/a>,\u00a0<a href=\"https:\/\/www.directhealthcaregroup.com\/da\/products\/lejrelet-tube-250\/\" target=\"_blank\" rel=\"noreferrer noopener\">Tube 250<\/a>,\u00a0<a href=\"https:\/\/www.directhealthcaregroup.com\/da\/products\/lejrelet-pad-low\/\" target=\"_blank\" rel=\"noreferrer noopener\">Pad Low<\/a>\u00a0og<a href=\"https:\/\/www.vendlet.dk\/produkter\/lejrelet\/lejrelet-oval\">\u00a0<\/a><a href=\"https:\/\/www.directhealthcaregroup.com\/da\/products\/lejrelet-oval\/\" target=\"_blank\" rel=\"noreferrer noopener\">Oval<\/a> er alle fyldt med 100% viscoelastisk skum. Det er trykaflastende, giver en stor underst\u00f8ttelsesflade og h\u00f8j komfort, fordi fyldet former sig i den \u00f8nskede stilling.<\/p>\n\n\n\n<p>LEJRELET\u00a0<a href=\"https:\/\/www.directhealthcaregroup.com\/da\/products\/lejrelet-wedge\/\" target=\"_blank\" rel=\"noreferrer noopener\">Wedge<\/a>\u00a0og\u00a0<a href=\"https:\/\/www.directhealthcaregroup.com\/da\/products\/lejrelet-pad-high\/\" target=\"_blank\" rel=\"noreferrer noopener\">Pad High<\/a>\u00a0er begge fremstillet med en kerne af polyurethane skum belagt med viscoelastisk skum. Denne kombination giver puderne en st\u00f8rre stabilitet og fasthed, samt en effektiv trykaflastende egenskab.<\/p>\n\n\n\n<h4 class=\"wp-block-heading\"><strong>Kan jeg tage betr\u00e6kket af LEJRELET puderne?<\/strong><\/h4>\n\n\n\n<p>Nej, det kan du ikke. Alle betr\u00e6k er svejst eller syet sammen. Den eneste model med lynl\u00e5s i betr\u00e6kket er LEJRELET Pad High. Der er lynl\u00e5s i denne pude pga. et konstruktionsm\u00e6ssigt hensyn. Det er ikke meningen at betr\u00e6kket skal tages af, og vi s\u00e6lger ikke ekstra betr\u00e6k til denne pude separat.<\/p>\n\n\n\n<h4 class=\"wp-block-heading\"><strong>Kan jeg l\u00e6gge et almindeligt pudebetr\u00e6k p\u00e5 lejringspuderne?<\/strong><\/h4>\n\n\n\n<p>Vi anbefaler, at du ikke l\u00e6gger pudebetr\u00e6k p\u00e5 lejringspuderne, fordi det reducerer pudernes skridsikre og \u00e5ndbare egenskaber, hvilket kan v\u00e6re med til at opbygge varme og skabe maceration. Eventuelle folder i et pudebetr\u00e6k vil ogs\u00e5 reducere positioneringspudernes trykaflastende egenskaber. Herudover er LEJRELET pudernes eget betr\u00e6k str\u00e6kbart i alle retninger, hvilket giver skummet mulighed for at give optimal aflastning. L\u00e6gger du pudebetr\u00e6k p\u00e5, vil du miste meget af denne effekt!<\/p>\n\n\n\n<h4 class=\"wp-block-heading\"><strong>Er LEJRELET puderne skridsikre?<\/strong><\/h4>\n\n\n\n<p>Ja, det er de. Betr\u00e6kket p\u00e5 lejringspuderne skrider ikke mod lagnet. Dette sikrer, at lejringen forbliver stabil og at borgeren dermed kan ligge i den \u00f8nskede position, ogs\u00e5 efter du er g\u00e5et.<\/p>\n\n\n\n<h4 class=\"wp-block-heading\"><strong>Hvordan kan lejringspuderne v\u00e6re b\u00e5de vandt\u00e6tte og \u00e5ndbare?<\/strong><\/h4>\n\n\n\n<p>Vandt\u00e6tte\/\u00e5ndbare membraner, som det LEJRELET pudernes betr\u00e6k er lavet af, har mikroskopiske porer, der er for sm\u00e5 til, at vandmolekyler i fast form (vand) kan tr\u00e6nge igennem, men store nok til at vandmolekyler i luftform (vanddamp) kan tr\u00e6nge igennem. N\u00e5r man sveder, vil den fugtige luft kroppen afgiver dermed godt kunne tr\u00e6nge gennem porerne i betr\u00e6kket, men h\u00e6lder du vand p\u00e5 puden, kan dette ikke tr\u00e6nge igennem.<\/p>\n\n\n\n<h4 class=\"wp-block-heading\"><strong>Hvad betyder det, at betr\u00e6kket p\u00e5 LEJRELET puderne er bio-kompatibelt?<\/strong><\/h4>\n\n\n\n<p>Det betyder, at LEJRELET pudernes betr\u00e6k overholder ISO 10993-5. Dette betyder, at betr\u00e6kket ikke er skadeligt for huden, og at det dermed er velegnet til plejesituationer.<\/p>\n\n\n\n<h4 class=\"wp-block-heading\"><strong>Hvad betyder det, at betr\u00e6kket p\u00e5 lejringspuderne er Oeko-tex, class 1?<\/strong><\/h4>\n\n\n\n<p>Det betyder, at betr\u00e6kket ikke indeholder stoffer, der er kr\u00e6ftfremkaldende, hormonforstyrrende eller p\u00e5 anden m\u00e5de er sundhedsskadelige.<\/p>\n\n\n\n<h4 class=\"wp-block-heading\"><strong>Hvad betyder det, at betr\u00e6kket p\u00e5 LEJRELET puderne er brandh\u00e6mmende?<\/strong><\/h4>\n\n\n\n<p>Betr\u00e6kket p\u00e5 lejringspuderne er testet ift. 2 standarder (BS 7175 og EN 597), der beskriver situationer, hvor en brand kunne opst\u00e5. P\u00e5 baggrund af disse test kan det dokumenteres, at betr\u00e6kket kan t\u00e5le, at man taber en cigaret eller en br\u00e6ndende t\u00e6ndstik p\u00e5 det, uden at det begynder at br\u00e6nde.<\/p>\n\n\n\n<h4 class=\"wp-block-heading\"><strong>Hvad betyder det, at betr\u00e6kket p\u00e5 lejringspuderne er antibakterielt behandlet?<\/strong><\/h4>\n\n\n\n<p>Det betyder, at det er behandlet med et stof, der forhindrer bakterier i at s\u00e6tte sig og vokse p\u00e5 overfladen. Dette er s\u00e6rligt fordelagtigt i plejesituationer.<\/p>\n\n\n\n<h4 class=\"wp-block-heading\"><strong>Hvad betyder det, at betr\u00e6kket p\u00e5 LEJRELET puderne er st\u00f8vmide-t\u00e6t?<\/strong><\/h4>\n\n\n\n<p>Det betyder, at betr\u00e6kkets struktur er s\u00e5 t\u00e6t, at der ikke kan tr\u00e6nge st\u00f8vmider ind i puden. Lejringspudernes betr\u00e6k er dermed ikke behandlet mod st\u00f8vmider.<\/p>\n\n\n\n<h4 class=\"wp-block-heading\"><strong>Hvordan g\u00f8r jeg LEJRELET puderne rene?<\/strong><\/h4>\n\n\n\n<p>LEJRELET lejringspuderne kan aft\u00f8rres med s\u00e6bevand og desinficerende v\u00e6sker eller overh\u00e6ldes med kogende vand. Vi anbefaler, at du ikke maskinvasker positioneringspuderne, da der kan tr\u00e6nge vand ind ved syningerne, hvorefter skummet skal bruge lang tid p\u00e5 at t\u00f8rre.<\/p>\n\n\n\n<h4 class=\"wp-block-heading\"><strong>Kan jeg maskinvaske LEJRELET puderne?<\/strong><\/h4>\n\n\n\n<p>Vi anbefaler, at du ikke maskinvasker LEJRELET puderne, da der kan tr\u00e6nge vand ind ved syningerne hvorefter skummet skal bruge lang tid p\u00e5 at t\u00f8rre.<\/p>\n\n\n\n<h4 class=\"wp-block-heading\"><strong>Er det OK at bruge lejringspuderne til flere borgere?<\/strong><\/h4>\n\n\n\n<p>Ja. Lejringspuderne er behandlet med et antibakterielt middel og kan t\u00f8rres af med s\u00e6bevand eller desinficerende v\u00e6sker, n\u00e5r de skal reng\u00f8res. Det g\u00f8r dem egnede til milj\u00f8er, hvor der kan komme kropsv\u00e6sker p\u00e5 puderne. Reng\u00f8res lejringspuderne ordentligt imellem brug, kan de ogs\u00e5 bruges til flere borgere &#8211; ligesom med madrasser, der bliver brugt igen og igen.<\/p>\n\n\n\n<h4 class=\"wp-block-heading\"><strong>Hvilke puder kan jeg bruge til v\u00e6vsaflastning?<\/strong><\/h4>\n\n\n\n<p>Alle vores lejringspuder har\u00a0v\u00e6vsaflastende egenskaber. Du kan derfor bruge alle vores positioneringspuder til forskellige former for v\u00e6vsaflastning. Hvilken pude du b\u00f8r anvende, afh\u00e6nger af hvor tryks\u00e5ret eller v\u00e6vsskaden befinder sig, samt borgerens mobilitet. I\u00a0<a href=\"https:\/\/youtu.be\/-62owimv1Sc\" target=\"_blank\" rel=\"noreferrer noopener\">denne video<\/a>\u00a0kan du se forskellige eksempler p\u00e5 v\u00e6vsaflastende lejringer.<\/p>\n\n\n\n<h4 class=\"wp-block-heading\"><strong>Hvilke lejringspuder kan jeg bruge til at lave kn\u00e6-kn\u00e6k?<\/strong><\/h4>\n\n\n\n<p>Vi anbefaler, at du laver kn\u00e6-kn\u00e6k med lejringspuder frem for med sengens profilerende egenskaber, fordi dimensionerne af plejesengens kn\u00e6-kn\u00e6k sj\u00e6ldent passer til den enkelte borger, og derfor\u00a0kommer kn\u00e6kn\u00e6kket ikke til at v\u00e6re der, hvor borgers kn\u00e6hase b\u00f8jer. Vi anbefaler, at du anvender\u00a0<a href=\"https:\/\/www.directhealthcaregroup.com\/da\/products\/lejrelet-pad-high\/\" target=\"_blank\" rel=\"noreferrer noopener\">LEJRELET Pad high<\/a>\u00a0og\u00a0<a href=\"https:\/\/www.directhealthcaregroup.com\/da\/products\/lejrelet-wedge\/\" target=\"_blank\" rel=\"noreferrer noopener\">LEJRELET Wedge<\/a>\u00a0til at skabe kn\u00e6kn\u00e6kket.<\/p>\n\n\n\n<h4 class=\"wp-block-heading\"><strong>Hvilke lejringspuder kan jeg bruge til nedre hygiejne situationer?<\/strong><\/h4>\n\n\n\n<p>For at skabe bedst mulig plads til at udf\u00f8re nedre hygiejne kan du med fordel benytte lejringspuden\u00a0<a href=\"https:\/\/www.vendlet.dk\/produkter\/lejrelet\/lejrelet-pad-high\">LEJR<\/a><a href=\"https:\/\/www.directhealthcaregroup.com\/da\/products\/lejrelet-pad-high\/\" target=\"_blank\" rel=\"noreferrer noopener\">ELET Pad High<\/a>. Denne lejringspude er s\u00e6rligt designet s\u00e5 borgers hofteled kan slappe af, n\u00e5r benet ligges op p\u00e5 puden. Har borger udfordringer med at ligge stabilt eller er vedkommende udadreagerende, kan <a href=\"https:\/\/www.directhealthcaregroup.com\/da\/products\/lejrelet-pad-high\/\" target=\"_blank\" rel=\"noreferrer noopener\">LEJRELET Pad high <\/a>kombineres med\u00a0<a href=\"https:\/\/www.directhealthcaregroup.com\/da\/products\/lejrelet-wedge\/\" target=\"_blank\" rel=\"noreferrer noopener\">LEJRELET Wedge<\/a>.<\/p>\n\n\n\n<h4 class=\"wp-block-heading\"><strong>Er der evidens for pudernes trykaflastende egenskaber?<\/strong><\/h4>\n\n\n\n<p>I Direct Healthcare Group mener vi, at der altid skal v\u00e6re et evidensbaseret grundlag bag det vi foretager os.\u00a0Ser man p\u00e5 v\u00e6vsaflastning p\u00e5 denne m\u00e5de, bliver det ogs\u00e5 tydeligt, hvor fjollet det er, at den sundhedsfaglige praksis ofte anvender dyner og puder til lejring og v\u00e6vsaflastning. HELDIGVIS er der evidens for vores lejringspuder.\u00a0<a href=\"https:\/\/www.directhealthcaregroup.com\/da\/viden-og-evidens\/178769-2\/\" target=\"_blank\" rel=\"noreferrer noopener\">De er nemlig blevet afpr\u00f8vet af et tysk plejecenter med speciale i v\u00e6vsskader.<\/a><\/p>\n","protected":false},"excerpt":{"rendered":"<p>Hvad er betr\u00e6kket p\u00e5 lejringspuderne lavet af? Betr\u00e6kket p\u00e5 lejringspuderne er lavet af et materiale, der hedder Polyurethane coated polyester, som er et let polyesterstof med en flammeh\u00e6mmende polyurethanbel\u00e6gning p\u00e5 begge sider, som derefter er behandlet med et vandafvisende middel. Hvad er der inde i LEJRELET puderne? LEJRELET\u00a0Tube 125,\u00a0Tube 250,\u00a0Pad Low\u00a0og\u00a0Oval er alle fyldt med &hellip; <a href=\"https:\/\/www.directhealthcaregroup.com\/da\/ofte-stillede-spoergsmaal-om-lejrelet\/\">Continued<\/a><\/p>\n","protected":false},"author":40,"featured_media":0,"parent":0,"menu_order":0,"comment_status":"closed","ping_status":"closed","template":"","meta":{"_acf_changed":false,"footnotes":""},"class_list":["post-183162","page","type-page","status-publish","hentry"],"acf":[],"yoast_head":"<!-- This site is optimized with the Yoast SEO plugin v27.4 - https:\/\/yoast.com\/product\/yoast-seo-wordpress\/ -->\n<title>Ofte stillede sp\u00f8rgsm\u00e5l om LEJRELET | DHG<\/title>\n<meta name=\"description\" content=\"Find svar p\u00e5 ofte stillede sp\u00f8rgsm\u00e5l om Vendlets hj\u00e6lpemidler.\" \/>\n<meta name=\"robots\" content=\"index, follow, max-snippet:-1, max-image-preview:large, max-video-preview:-1\" \/>\n<link rel=\"canonical\" href=\"https:\/\/www.directhealthcaregroup.com\/da\/ofte-stillede-spoergsmaal-om-lejrelet\/\" \/>\n<meta property=\"og:locale\" content=\"da_DK\" \/>\n<meta property=\"og:type\" content=\"article\" \/>\n<meta property=\"og:title\" content=\"Ofte stillede sp\u00f8rgsm\u00e5l om LEJRELET | DHG\" \/>\n<meta property=\"og:description\" content=\"Find svar p\u00e5 ofte stillede sp\u00f8rgsm\u00e5l om Vendlets hj\u00e6lpemidler.\" \/>\n<meta property=\"og:url\" content=\"https:\/\/www.directhealthcaregroup.com\/da\/ofte-stillede-spoergsmaal-om-lejrelet\/\" \/>\n<meta property=\"og:site_name\" content=\"DHG\" \/>\n<meta property=\"article:modified_time\" content=\"2023-05-15T11:10:27+00:00\" \/>\n<meta name=\"twitter:card\" content=\"summary_large_image\" \/>\n<meta name=\"twitter:label1\" content=\"Est. reading time\" \/>\n\t<meta name=\"twitter:data1\" content=\"5 minutes\" \/>\n<script type=\"application\/ld+json\" class=\"yoast-schema-graph\">{\"@context\":\"https:\\\/\\\/schema.org\",\"@graph\":[{\"@type\":\"WebPage\",\"@id\":\"https:\\\/\\\/www.directhealthcaregroup.com\\\/da\\\/ofte-stillede-spoergsmaal-om-lejrelet\\\/\",\"url\":\"https:\\\/\\\/www.directhealthcaregroup.com\\\/da\\\/ofte-stillede-spoergsmaal-om-lejrelet\\\/\",\"name\":\"Ofte stillede sp\u00f8rgsm\u00e5l om LEJRELET | DHG\",\"isPartOf\":{\"@id\":\"https:\\\/\\\/www.directhealthcaregroup.com\\\/#website\"},\"datePublished\":\"2023-05-15T11:10:24+00:00\",\"dateModified\":\"2023-05-15T11:10:27+00:00\",\"description\":\"Find svar p\u00e5 ofte stillede sp\u00f8rgsm\u00e5l om Vendlets hj\u00e6lpemidler.\",\"breadcrumb\":{\"@id\":\"https:\\\/\\\/www.directhealthcaregroup.com\\\/da\\\/ofte-stillede-spoergsmaal-om-lejrelet\\\/#breadcrumb\"},\"inLanguage\":\"da-DK\",\"potentialAction\":[{\"@type\":\"ReadAction\",\"target\":[\"https:\\\/\\\/www.directhealthcaregroup.com\\\/da\\\/ofte-stillede-spoergsmaal-om-lejrelet\\\/\"]}]},{\"@type\":\"BreadcrumbList\",\"@id\":\"https:\\\/\\\/www.directhealthcaregroup.com\\\/da\\\/ofte-stillede-spoergsmaal-om-lejrelet\\\/#breadcrumb\",\"itemListElement\":[{\"@type\":\"ListItem\",\"position\":1,\"name\":\"Home\",\"item\":\"https:\\\/\\\/www.directhealthcaregroup.com\\\/da\\\/\"},{\"@type\":\"ListItem\",\"position\":2,\"name\":\"Ofte stillede sp\u00f8rgsm\u00e5l om LEJRELET\"}]},{\"@type\":\"WebSite\",\"@id\":\"https:\\\/\\\/www.directhealthcaregroup.com\\\/#website\",\"url\":\"https:\\\/\\\/www.directhealthcaregroup.com\\\/\",\"name\":\"DHG\",\"description\":\"Moving Health Forward\",\"publisher\":{\"@id\":\"https:\\\/\\\/www.directhealthcaregroup.com\\\/#organization\"},\"potentialAction\":[{\"@type\":\"SearchAction\",\"target\":{\"@type\":\"EntryPoint\",\"urlTemplate\":\"https:\\\/\\\/www.directhealthcaregroup.com\\\/?s={search_term_string}\"},\"query-input\":{\"@type\":\"PropertyValueSpecification\",\"valueRequired\":true,\"valueName\":\"search_term_string\"}}],\"inLanguage\":\"da-DK\"},{\"@type\":\"Organization\",\"@id\":\"https:\\\/\\\/www.directhealthcaregroup.com\\\/#organization\",\"name\":\"Direct Healthcare Group\",\"url\":\"https:\\\/\\\/www.directhealthcaregroup.com\\\/\",\"logo\":{\"@type\":\"ImageObject\",\"inLanguage\":\"da-DK\",\"@id\":\"https:\\\/\\\/www.directhealthcaregroup.com\\\/#\\\/schema\\\/logo\\\/image\\\/\",\"url\":\"https:\\\/\\\/directhealthcaregroup.com\\\/app\\\/uploads\\\/dhg-logo.png\",\"contentUrl\":\"https:\\\/\\\/directhealthcaregroup.com\\\/app\\\/uploads\\\/dhg-logo.png\",\"width\":556,\"height\":240,\"caption\":\"Direct Healthcare Group\"},\"image\":{\"@id\":\"https:\\\/\\\/www.directhealthcaregroup.com\\\/#\\\/schema\\\/logo\\\/image\\\/\"}}]}<\/script>\n<!-- \/ Yoast SEO plugin. -->","yoast_head_json":{"title":"Ofte stillede sp\u00f8rgsm\u00e5l om LEJRELET | DHG","description":"Find svar p\u00e5 ofte stillede sp\u00f8rgsm\u00e5l om Vendlets hj\u00e6lpemidler.","robots":{"index":"index","follow":"follow","max-snippet":"max-snippet:-1","max-image-preview":"max-image-preview:large","max-video-preview":"max-video-preview:-1"},"canonical":"https:\/\/www.directhealthcaregroup.com\/da\/ofte-stillede-spoergsmaal-om-lejrelet\/","og_locale":"da_DK","og_type":"article","og_title":"Ofte stillede sp\u00f8rgsm\u00e5l om LEJRELET | DHG","og_description":"Find svar p\u00e5 ofte stillede sp\u00f8rgsm\u00e5l om Vendlets hj\u00e6lpemidler.","og_url":"https:\/\/www.directhealthcaregroup.com\/da\/ofte-stillede-spoergsmaal-om-lejrelet\/","og_site_name":"DHG","article_modified_time":"2023-05-15T11:10:27+00:00","twitter_card":"summary_large_image","twitter_misc":{"Est. reading time":"5 minutes"},"schema":{"@context":"https:\/\/schema.org","@graph":[{"@type":"WebPage","@id":"https:\/\/www.directhealthcaregroup.com\/da\/ofte-stillede-spoergsmaal-om-lejrelet\/","url":"https:\/\/www.directhealthcaregroup.com\/da\/ofte-stillede-spoergsmaal-om-lejrelet\/","name":"Ofte stillede sp\u00f8rgsm\u00e5l om LEJRELET | DHG","isPartOf":{"@id":"https:\/\/www.directhealthcaregroup.com\/#website"},"datePublished":"2023-05-15T11:10:24+00:00","dateModified":"2023-05-15T11:10:27+00:00","description":"Find svar p\u00e5 ofte stillede sp\u00f8rgsm\u00e5l om Vendlets hj\u00e6lpemidler.","breadcrumb":{"@id":"https:\/\/www.directhealthcaregroup.com\/da\/ofte-stillede-spoergsmaal-om-lejrelet\/#breadcrumb"},"inLanguage":"da-DK","potentialAction":[{"@type":"ReadAction","target":["https:\/\/www.directhealthcaregroup.com\/da\/ofte-stillede-spoergsmaal-om-lejrelet\/"]}]},{"@type":"BreadcrumbList","@id":"https:\/\/www.directhealthcaregroup.com\/da\/ofte-stillede-spoergsmaal-om-lejrelet\/#breadcrumb","itemListElement":[{"@type":"ListItem","position":1,"name":"Home","item":"https:\/\/www.directhealthcaregroup.com\/da\/"},{"@type":"ListItem","position":2,"name":"Ofte stillede sp\u00f8rgsm\u00e5l om LEJRELET"}]},{"@type":"WebSite","@id":"https:\/\/www.directhealthcaregroup.com\/#website","url":"https:\/\/www.directhealthcaregroup.com\/","name":"DHG","description":"Moving Health Forward","publisher":{"@id":"https:\/\/www.directhealthcaregroup.com\/#organization"},"potentialAction":[{"@type":"SearchAction","target":{"@type":"EntryPoint","urlTemplate":"https:\/\/www.directhealthcaregroup.com\/?s={search_term_string}"},"query-input":{"@type":"PropertyValueSpecification","valueRequired":true,"valueName":"search_term_string"}}],"inLanguage":"da-DK"},{"@type":"Organization","@id":"https:\/\/www.directhealthcaregroup.com\/#organization","name":"Direct Healthcare Group","url":"https:\/\/www.directhealthcaregroup.com\/","logo":{"@type":"ImageObject","inLanguage":"da-DK","@id":"https:\/\/www.directhealthcaregroup.com\/#\/schema\/logo\/image\/","url":"https:\/\/directhealthcaregroup.com\/app\/uploads\/dhg-logo.png","contentUrl":"https:\/\/directhealthcaregroup.com\/app\/uploads\/dhg-logo.png","width":556,"height":240,"caption":"Direct Healthcare Group"},"image":{"@id":"https:\/\/www.directhealthcaregroup.com\/#\/schema\/logo\/image\/"}}]}},"_links":{"self":[{"href":"https:\/\/www.directhealthcaregroup.com\/da\/wp-json\/wp\/v2\/pages\/183162","targetHints":{"allow":["GET"]}}],"collection":[{"href":"https:\/\/www.directhealthcaregroup.com\/da\/wp-json\/wp\/v2\/pages"}],"about":[{"href":"https:\/\/www.directhealthcaregroup.com\/da\/wp-json\/wp\/v2\/types\/page"}],"author":[{"embeddable":true,"href":"https:\/\/www.directhealthcaregroup.com\/da\/wp-json\/wp\/v2\/users\/40"}],"replies":[{"embeddable":true,"href":"https:\/\/www.directhealthcaregroup.com\/da\/wp-json\/wp\/v2\/comments?post=183162"}],"version-history":[{"count":1,"href":"https:\/\/www.directhealthcaregroup.com\/da\/wp-json\/wp\/v2\/pages\/183162\/revisions"}],"predecessor-version":[{"id":183163,"href":"https:\/\/www.directhealthcaregroup.com\/da\/wp-json\/wp\/v2\/pages\/183162\/revisions\/183163"}],"wp:attachment":[{"href":"https:\/\/www.directhealthcaregroup.com\/da\/wp-json\/wp\/v2\/media?parent=183162"}],"curies":[{"name":"wp","href":"https:\/\/api.w.org\/{rel}","templated":true}]}}