{"id":185950,"date":"2023-06-13T12:04:52","date_gmt":"2023-06-13T11:04:52","guid":{"rendered":"https:\/\/www.directhealthcaregroup.com\/?page_id=185950"},"modified":"2024-12-20T13:46:31","modified_gmt":"2024-12-20T13:46:31","slug":"konsulent-konsultation","status":"publish","type":"page","link":"https:\/\/www.directhealthcaregroup.com\/da\/konsulent-konsultation\/","title":{"rendered":"Konsulent konsultation"},"content":{"rendered":"\n<p>Har I borgere eller patienter, der er sv\u00e6re at lejre eller forflytte? Eller har I blot brug for inspiration og vejledning til det arbejde? S\u00e5 f\u00e5 en af DHG\u00b4s sundhedsfaglige konsulenter ud til en konsultation.<br><\/p>\n\n\n\n<p><\/p>\n\n\n\n<h4 class=\"wp-block-heading has-text-align-center has-large-font-size has-black-color has-text-color\"><strong>Hvad er en konsulent konsultation?<\/strong><\/h4>\n\n\n\n<p class=\"has-black-color has-text-color\">Vi hj\u00e6lper jer med at finde de optimale l\u00f8sninger hos de patienter, borgere eller beboere I har sv\u00e6rt ved at lejre og\/eller forflytte. Vores sundhedsfaglige konsulenter har mange \u00e5rs erfaring og sammen med jer vil de afpr\u00f8ve forskellige l\u00f8sningsmuligheder med udgangspunkt i jeres udfordringer.<\/p>\n\n\n\n<p class=\"has-black-color has-text-color\"><br>I v\u00e6lger selv, om der skal v\u00e6re fokus p\u00e5 \u00e9n borger, eller om vi skal g\u00e5 til flere forskellige. Vi tager vores egne lejringspuder og forflytningsl\u00f8sninger med, s\u00e5 vi kan pr\u00f8ve nye ting af, men I er ikke forpligtigede til at k\u00f8be.<br>Efter konsultationen vil I blive kl\u00e6dt godt p\u00e5 til at udnytte de mange muligheder vores produkter har.<\/p>\n\n\n\n<p class=\"has-black-color has-text-color\"><br>Der skal mindst v\u00e6re \u00e9n medarbejder, med kendskab til borgeren\/patientens udfordringer, tilstede ved konsultationen, men jo flere I er, jo mere f\u00e5r I ud af det. <\/p>\n\n\n\n<p>Er I interesseret i at booke en konsulent konsultation? S\u00e5 kontakt den lokale faglige konsulent for at f\u00e5 en snak om jeres behov og hvad vi kan tilbyde jer.<\/p>\n\n\n\n<p>Prisen for en konsulent konsultation er 1270 DKK + k\u00f8rsel.<\/p>\n\n\n\n<div style=\"height:100px\" aria-hidden=\"true\" class=\"wp-block-spacer\"><\/div>\n\n\n\n<h2 class=\"wp-block-heading has-text-align-center has-large-font-size\"><strong>Kontakt din sundhedsfaglige konsulent<\/strong><\/h2>\n\n\n\n<p><\/p>\n\n\n<div class=\"wp-block-image\">\n<figure class=\"aligncenter size-large is-resized\"><img loading=\"lazy\" decoding=\"async\" width=\"940\" height=\"520\" src=\"https:\/\/www.directhealthcaregroup.com\/app\/uploads\/Henrik-Jager-2021-1.jpg\" alt=\"\" class=\"wp-image-173266\" style=\"width:235px;height:130px\" srcset=\"https:\/\/www.directhealthcaregroup.com\/app\/uploads\/Henrik-Jager-2021-1.jpg 940w, https:\/\/www.directhealthcaregroup.com\/app\/uploads\/Henrik-Jager-2021-1-300x166.jpg 300w, https:\/\/www.directhealthcaregroup.com\/app\/uploads\/Henrik-Jager-2021-1-768x425.jpg 768w, https:\/\/www.directhealthcaregroup.com\/app\/uploads\/Henrik-Jager-2021-1-320x177.jpg 320w, https:\/\/www.directhealthcaregroup.com\/app\/uploads\/Henrik-Jager-2021-1-800x443.jpg 800w\" sizes=\"auto, (max-width: 940px) 100vw, 940px\" \/><\/figure>\n<\/div>\n\n\n<p class=\"has-text-align-center\"><strong>Henrik Jager Rasmussen<\/strong><br>Account Manager &amp; fysioterapeut<br>Region Nord\/Midt<br><strong>Tlf.:<\/strong>&nbsp;+45 41 99 10 38<br><strong>Mail:<\/strong>&nbsp;<a rel=\"noreferrer noopener\" href=\"mailto:henrik.jager.rasmussen@directhealthcaregroup.com\" target=\"_blank\">henrik.jager.rasmussen@directhealthcaregroup.com<\/a><\/p>\n","protected":false},"excerpt":{"rendered":"<p>Har I borgere eller patienter, der er sv\u00e6re at lejre eller forflytte? Eller har I blot brug for inspiration og vejledning til det arbejde? S\u00e5 f\u00e5 en af DHG\u00b4s sundhedsfaglige konsulenter ud til en konsultation. Hvad er en konsulent konsultation? Vi hj\u00e6lper jer med at finde de optimale l\u00f8sninger hos de patienter, borgere eller beboere &hellip; <a href=\"https:\/\/www.directhealthcaregroup.com\/da\/konsulent-konsultation\/\">Continued<\/a><\/p>\n","protected":false},"author":40,"featured_media":0,"parent":0,"menu_order":0,"comment_status":"closed","ping_status":"closed","template":"","meta":{"_acf_changed":false,"footnotes":""},"class_list":["post-185950","page","type-page","status-publish","hentry"],"acf":[],"yoast_head":"<!-- This site is optimized with the Yoast SEO plugin v26.6 - https:\/\/yoast.com\/wordpress\/plugins\/seo\/ -->\n<title>Konsulent konsultation | DHG<\/title>\n<meta name=\"description\" content=\"Konsulent konsultation - Find de optimale l\u00f8sninger hos de patienter, borgere eller beboere I har sv\u00e6rt ved at lejre og\/eller forflytte.\" \/>\n<meta name=\"robots\" content=\"index, follow, max-snippet:-1, max-image-preview:large, max-video-preview:-1\" \/>\n<link rel=\"canonical\" href=\"https:\/\/www.directhealthcaregroup.com\/da\/konsulent-konsultation\/\" \/>\n<meta property=\"og:locale\" content=\"da_DK\" \/>\n<meta property=\"og:type\" content=\"article\" \/>\n<meta property=\"og:title\" content=\"Konsulent konsultation | DHG\" \/>\n<meta property=\"og:description\" content=\"Konsulent konsultation - Find de optimale l\u00f8sninger hos de patienter, borgere eller beboere I har sv\u00e6rt ved at lejre og\/eller forflytte.\" \/>\n<meta property=\"og:url\" content=\"https:\/\/www.directhealthcaregroup.com\/da\/konsulent-konsultation\/\" \/>\n<meta property=\"og:site_name\" content=\"DHG\" \/>\n<meta property=\"article:modified_time\" content=\"2024-12-20T13:46:31+00:00\" \/>\n<meta property=\"og:image\" content=\"https:\/\/www.directhealthcaregroup.com\/app\/uploads\/Henrik-Jager-2021-1.jpg\" \/>\n<meta name=\"twitter:card\" content=\"summary_large_image\" \/>\n<meta name=\"twitter:label1\" content=\"Est. reading time\" \/>\n\t<meta name=\"twitter:data1\" content=\"1 minute\" \/>\n<script type=\"application\/ld+json\" class=\"yoast-schema-graph\">{\"@context\":\"https:\/\/schema.org\",\"@graph\":[{\"@type\":\"WebPage\",\"@id\":\"https:\/\/www.directhealthcaregroup.com\/da\/konsulent-konsultation\/\",\"url\":\"https:\/\/www.directhealthcaregroup.com\/da\/konsulent-konsultation\/\",\"name\":\"Konsulent konsultation | DHG\",\"isPartOf\":{\"@id\":\"https:\/\/www.directhealthcaregroup.com\/#website\"},\"primaryImageOfPage\":{\"@id\":\"https:\/\/www.directhealthcaregroup.com\/da\/konsulent-konsultation\/#primaryimage\"},\"image\":{\"@id\":\"https:\/\/www.directhealthcaregroup.com\/da\/konsulent-konsultation\/#primaryimage\"},\"thumbnailUrl\":\"https:\/\/www.directhealthcaregroup.com\/app\/uploads\/Henrik-Jager-2021-1.jpg\",\"datePublished\":\"2023-06-13T11:04:52+00:00\",\"dateModified\":\"2024-12-20T13:46:31+00:00\",\"description\":\"Konsulent konsultation - Find de optimale l\u00f8sninger hos de patienter, borgere eller beboere I har sv\u00e6rt ved at lejre og\/eller forflytte.\",\"breadcrumb\":{\"@id\":\"https:\/\/www.directhealthcaregroup.com\/da\/konsulent-konsultation\/#breadcrumb\"},\"inLanguage\":\"da-DK\",\"potentialAction\":[{\"@type\":\"ReadAction\",\"target\":[\"https:\/\/www.directhealthcaregroup.com\/da\/konsulent-konsultation\/\"]}]},{\"@type\":\"ImageObject\",\"inLanguage\":\"da-DK\",\"@id\":\"https:\/\/www.directhealthcaregroup.com\/da\/konsulent-konsultation\/#primaryimage\",\"url\":\"https:\/\/www.directhealthcaregroup.com\/app\/uploads\/Henrik-Jager-2021-1.jpg\",\"contentUrl\":\"https:\/\/www.directhealthcaregroup.com\/app\/uploads\/Henrik-Jager-2021-1.jpg\"},{\"@type\":\"BreadcrumbList\",\"@id\":\"https:\/\/www.directhealthcaregroup.com\/da\/konsulent-konsultation\/#breadcrumb\",\"itemListElement\":[{\"@type\":\"ListItem\",\"position\":1,\"name\":\"Home\",\"item\":\"https:\/\/www.directhealthcaregroup.com\/da\/\"},{\"@type\":\"ListItem\",\"position\":2,\"name\":\"Konsulent konsultation\"}]},{\"@type\":\"WebSite\",\"@id\":\"https:\/\/www.directhealthcaregroup.com\/#website\",\"url\":\"https:\/\/www.directhealthcaregroup.com\/\",\"name\":\"DHG\",\"description\":\"Moving Health Forward\",\"publisher\":{\"@id\":\"https:\/\/www.directhealthcaregroup.com\/#organization\"},\"potentialAction\":[{\"@type\":\"SearchAction\",\"target\":{\"@type\":\"EntryPoint\",\"urlTemplate\":\"https:\/\/www.directhealthcaregroup.com\/?s={search_term_string}\"},\"query-input\":{\"@type\":\"PropertyValueSpecification\",\"valueRequired\":true,\"valueName\":\"search_term_string\"}}],\"inLanguage\":\"da-DK\"},{\"@type\":\"Organization\",\"@id\":\"https:\/\/www.directhealthcaregroup.com\/#organization\",\"name\":\"Direct Healthcare Group\",\"url\":\"https:\/\/www.directhealthcaregroup.com\/\",\"logo\":{\"@type\":\"ImageObject\",\"inLanguage\":\"da-DK\",\"@id\":\"https:\/\/www.directhealthcaregroup.com\/#\/schema\/logo\/image\/\",\"url\":\"https:\/\/directhealthcaregroup.com\/app\/uploads\/dhg-logo.png\",\"contentUrl\":\"https:\/\/directhealthcaregroup.com\/app\/uploads\/dhg-logo.png\",\"width\":556,\"height\":240,\"caption\":\"Direct Healthcare Group\"},\"image\":{\"@id\":\"https:\/\/www.directhealthcaregroup.com\/#\/schema\/logo\/image\/\"}}]}<\/script>\n<!-- \/ Yoast SEO plugin. -->","yoast_head_json":{"title":"Konsulent konsultation | DHG","description":"Konsulent konsultation - Find de optimale l\u00f8sninger hos de patienter, borgere eller beboere I har sv\u00e6rt ved at lejre og\/eller forflytte.","robots":{"index":"index","follow":"follow","max-snippet":"max-snippet:-1","max-image-preview":"max-image-preview:large","max-video-preview":"max-video-preview:-1"},"canonical":"https:\/\/www.directhealthcaregroup.com\/da\/konsulent-konsultation\/","og_locale":"da_DK","og_type":"article","og_title":"Konsulent konsultation | DHG","og_description":"Konsulent konsultation - Find de optimale l\u00f8sninger hos de patienter, borgere eller beboere I har sv\u00e6rt ved at lejre og\/eller forflytte.","og_url":"https:\/\/www.directhealthcaregroup.com\/da\/konsulent-konsultation\/","og_site_name":"DHG","article_modified_time":"2024-12-20T13:46:31+00:00","og_image":[{"url":"https:\/\/www.directhealthcaregroup.com\/app\/uploads\/Henrik-Jager-2021-1.jpg","type":"","width":"","height":""}],"twitter_card":"summary_large_image","twitter_misc":{"Est. reading time":"1 minute"},"schema":{"@context":"https:\/\/schema.org","@graph":[{"@type":"WebPage","@id":"https:\/\/www.directhealthcaregroup.com\/da\/konsulent-konsultation\/","url":"https:\/\/www.directhealthcaregroup.com\/da\/konsulent-konsultation\/","name":"Konsulent konsultation | DHG","isPartOf":{"@id":"https:\/\/www.directhealthcaregroup.com\/#website"},"primaryImageOfPage":{"@id":"https:\/\/www.directhealthcaregroup.com\/da\/konsulent-konsultation\/#primaryimage"},"image":{"@id":"https:\/\/www.directhealthcaregroup.com\/da\/konsulent-konsultation\/#primaryimage"},"thumbnailUrl":"https:\/\/www.directhealthcaregroup.com\/app\/uploads\/Henrik-Jager-2021-1.jpg","datePublished":"2023-06-13T11:04:52+00:00","dateModified":"2024-12-20T13:46:31+00:00","description":"Konsulent konsultation - Find de optimale l\u00f8sninger hos de patienter, borgere eller beboere I har sv\u00e6rt ved at lejre og\/eller forflytte.","breadcrumb":{"@id":"https:\/\/www.directhealthcaregroup.com\/da\/konsulent-konsultation\/#breadcrumb"},"inLanguage":"da-DK","potentialAction":[{"@type":"ReadAction","target":["https:\/\/www.directhealthcaregroup.com\/da\/konsulent-konsultation\/"]}]},{"@type":"ImageObject","inLanguage":"da-DK","@id":"https:\/\/www.directhealthcaregroup.com\/da\/konsulent-konsultation\/#primaryimage","url":"https:\/\/www.directhealthcaregroup.com\/app\/uploads\/Henrik-Jager-2021-1.jpg","contentUrl":"https:\/\/www.directhealthcaregroup.com\/app\/uploads\/Henrik-Jager-2021-1.jpg"},{"@type":"BreadcrumbList","@id":"https:\/\/www.directhealthcaregroup.com\/da\/konsulent-konsultation\/#breadcrumb","itemListElement":[{"@type":"ListItem","position":1,"name":"Home","item":"https:\/\/www.directhealthcaregroup.com\/da\/"},{"@type":"ListItem","position":2,"name":"Konsulent konsultation"}]},{"@type":"WebSite","@id":"https:\/\/www.directhealthcaregroup.com\/#website","url":"https:\/\/www.directhealthcaregroup.com\/","name":"DHG","description":"Moving Health Forward","publisher":{"@id":"https:\/\/www.directhealthcaregroup.com\/#organization"},"potentialAction":[{"@type":"SearchAction","target":{"@type":"EntryPoint","urlTemplate":"https:\/\/www.directhealthcaregroup.com\/?s={search_term_string}"},"query-input":{"@type":"PropertyValueSpecification","valueRequired":true,"valueName":"search_term_string"}}],"inLanguage":"da-DK"},{"@type":"Organization","@id":"https:\/\/www.directhealthcaregroup.com\/#organization","name":"Direct Healthcare Group","url":"https:\/\/www.directhealthcaregroup.com\/","logo":{"@type":"ImageObject","inLanguage":"da-DK","@id":"https:\/\/www.directhealthcaregroup.com\/#\/schema\/logo\/image\/","url":"https:\/\/directhealthcaregroup.com\/app\/uploads\/dhg-logo.png","contentUrl":"https:\/\/directhealthcaregroup.com\/app\/uploads\/dhg-logo.png","width":556,"height":240,"caption":"Direct Healthcare Group"},"image":{"@id":"https:\/\/www.directhealthcaregroup.com\/#\/schema\/logo\/image\/"}}]}},"_links":{"self":[{"href":"https:\/\/www.directhealthcaregroup.com\/da\/wp-json\/wp\/v2\/pages\/185950","targetHints":{"allow":["GET"]}}],"collection":[{"href":"https:\/\/www.directhealthcaregroup.com\/da\/wp-json\/wp\/v2\/pages"}],"about":[{"href":"https:\/\/www.directhealthcaregroup.com\/da\/wp-json\/wp\/v2\/types\/page"}],"author":[{"embeddable":true,"href":"https:\/\/www.directhealthcaregroup.com\/da\/wp-json\/wp\/v2\/users\/40"}],"replies":[{"embeddable":true,"href":"https:\/\/www.directhealthcaregroup.com\/da\/wp-json\/wp\/v2\/comments?post=185950"}],"version-history":[{"count":20,"href":"https:\/\/www.directhealthcaregroup.com\/da\/wp-json\/wp\/v2\/pages\/185950\/revisions"}],"predecessor-version":[{"id":238656,"href":"https:\/\/www.directhealthcaregroup.com\/da\/wp-json\/wp\/v2\/pages\/185950\/revisions\/238656"}],"wp:attachment":[{"href":"https:\/\/www.directhealthcaregroup.com\/da\/wp-json\/wp\/v2\/media?parent=185950"}],"curies":[{"name":"wp","href":"https:\/\/api.w.org\/{rel}","templated":true}]}}