{"id":186001,"date":"2023-06-13T12:43:02","date_gmt":"2023-06-13T11:43:02","guid":{"rendered":"https:\/\/www.directhealthcaregroup.com\/?page_id=186001"},"modified":"2023-08-11T10:55:56","modified_gmt":"2023-08-11T09:55:56","slug":"lokal-temadag","status":"publish","type":"page","link":"https:\/\/www.directhealthcaregroup.com\/da\/lokal-temadag\/","title":{"rendered":"Lokal temadag"},"content":{"rendered":"\n<p>\u00d8nsker i at afholde en temadag p\u00e5 jeres arbejdsplads? Kan I samle en gruppe p\u00e5 minimum 20 personer og s\u00e6tte minimum 4 timer af? <\/p>\n\n\n\n<p>S\u00e5 kommer vi gerne p\u00e5 bes\u00f8g, og inspirerer med faglig viden og praksisn\u00e6re workshops. Det er muligt at f\u00e5 teoretiske opl\u00e6g om f\u00f8lgende emner:<\/p>\n\n\n\n<ul class=\"wp-block-list\"><li>Omsorgsp\u00e5f\u00f8rte s\u00e5r<\/li><li>Praksisn\u00e6r lejring<\/li><li>S\u00f8vn<\/li><li>Biomekanik &#8211; Ergonomi og forflytning<\/li><li>G\u00e6ldende lovgivning p\u00e5 forflytnings-omr\u00e5det<\/li><li>Sansedeprivation &#8211; n\u00e5r sanserne er ramt<\/li><li>Bariatri &#8211; 360 grader omkring den bariatriske borger<\/li><\/ul>\n\n\n\n<p>Temadagen kan v\u00e6re en blanding af teoretiske opl\u00e6g og workshops. I skal selv kunne stille lokaler og undervisningsfaciliteter til r\u00e5dighed, herunder projektor og senge, samt s\u00f8rge for forplejning. Vi medbringer den nyeste viden, samt produkter. Programmet for dagen, dato og tidspunkt aftales med DHG\u00b4s Educational Manager Pia Beck. <\/p>\n\n\n\n<p>Book en lokal temadag ved at sende en mail til&nbsp;<a href=\"mailto:Pia.beck@directhealthcaregroup.com\" target=\"_blank\" rel=\"noreferrer noopener\">Pia.beck@directhealthcaregroup.com<\/a>.<\/p>\n\n\n\n<div class=\"wp-block-image\"><figure class=\"aligncenter size-large is-resized\"><img loading=\"lazy\" decoding=\"async\" src=\"https:\/\/www.directhealthcaregroup.com\/app\/uploads\/Pia-Beck.jpg\" alt=\"\" class=\"wp-image-173418\" width=\"247\" height=\"186\" srcset=\"https:\/\/www.directhealthcaregroup.com\/app\/uploads\/Pia-Beck.jpg 493w, https:\/\/www.directhealthcaregroup.com\/app\/uploads\/Pia-Beck-300x226.jpg 300w, https:\/\/www.directhealthcaregroup.com\/app\/uploads\/Pia-Beck-320x241.jpg 320w, https:\/\/www.directhealthcaregroup.com\/app\/uploads\/Pia-Beck-296x223.jpg 296w\" sizes=\"auto, (max-width: 247px) 100vw, 247px\" \/><\/figure><\/div>\n\n\n\n<h3 class=\"has-text-align-center wp-block-heading\"><strong>Pia Beck | DHG Educational Manager<\/strong><\/h3>\n\n\n\n<p>Pia har mere end 20 \u00e5rs erfaring p\u00e5 hj\u00e6lpemiddelomr\u00e5det og har stor erfaring inden for forflytnings- og lejringsomr\u00e5det. Det v\u00e6rende sig b\u00e5de den teoretiske og kliniske del. Pia har et stort kendskab til komplekse lejrings- og forflytningsudfordringer og bringer b\u00e5de sin teoretiske viden og praktiske erfaring i spil, for at l\u00f8se lige netop jeres udfordringer.<\/p>\n\n\n\n<p>Pia har de sidste 10 \u00e5r st\u00e5et i spidsen for en lang r\u00e6kke seminarer og workshops, hvor deltagerne har repr\u00e6senteret et bredt udsnit af de sundhedsprofessionelle uddannelser, vi har i Danmark. Derudover er Pia ofte med som r\u00e5dgiver i komplekse borgersager, og har derfor indg\u00e5ende kendskab til de daglige udfordringer, der kan udspille sig i arbejdet med plejekr\u00e6vende sengeliggende mennesker, der har brug for hj\u00e6lp.<\/p>\n\n\n\n<p class=\"has-text-align-center\"><br>Pia Beck kan kontaktes p\u00e5:<br><strong>Mobil:<\/strong>&nbsp;61 24 14 04<br><strong>Email:<\/strong>&nbsp;<a href=\"mailto:pia.beck@directhealthcaregroup.com\" target=\"_blank\" rel=\"noreferrer noopener\">pia.beck@directhealthcaregroup.com<\/a><\/p>\n","protected":false},"excerpt":{"rendered":"<p>\u00d8nsker i at afholde en temadag p\u00e5 jeres arbejdsplads? Kan I samle en gruppe p\u00e5 minimum 20 personer og s\u00e6tte minimum 4 timer af? S\u00e5 kommer vi gerne p\u00e5 bes\u00f8g, og inspirerer med faglig viden og praksisn\u00e6re workshops. Det er muligt at f\u00e5 teoretiske opl\u00e6g om f\u00f8lgende emner: Omsorgsp\u00e5f\u00f8rte s\u00e5r Praksisn\u00e6r lejring S\u00f8vn Biomekanik &#8211; &hellip; <a href=\"https:\/\/www.directhealthcaregroup.com\/da\/lokal-temadag\/\">Continued<\/a><\/p>\n","protected":false},"author":40,"featured_media":0,"parent":0,"menu_order":0,"comment_status":"closed","ping_status":"closed","template":"","meta":{"_acf_changed":false,"footnotes":""},"class_list":["post-186001","page","type-page","status-publish","hentry"],"acf":[],"yoast_head":"<!-- This site is optimized with the Yoast SEO plugin v27.4 - https:\/\/yoast.com\/product\/yoast-seo-wordpress\/ -->\n<title>Lokal temadag | DHG<\/title>\n<meta name=\"description\" content=\"Lokal temadag med faglig viden og praksisn\u00e6re workshops inden for af en bred vifte af emner, som vi har indg\u00e5ende viden.\" \/>\n<meta name=\"robots\" content=\"index, follow, max-snippet:-1, max-image-preview:large, max-video-preview:-1\" \/>\n<link rel=\"canonical\" href=\"https:\/\/www.directhealthcaregroup.com\/da\/lokal-temadag\/\" \/>\n<meta property=\"og:locale\" content=\"da_DK\" \/>\n<meta property=\"og:type\" content=\"article\" \/>\n<meta property=\"og:title\" content=\"Lokal temadag | DHG\" \/>\n<meta property=\"og:description\" content=\"Lokal temadag med faglig viden og praksisn\u00e6re workshops inden for af en bred vifte af emner, som vi har indg\u00e5ende viden.\" \/>\n<meta property=\"og:url\" content=\"https:\/\/www.directhealthcaregroup.com\/da\/lokal-temadag\/\" \/>\n<meta property=\"og:site_name\" content=\"DHG\" \/>\n<meta property=\"article:modified_time\" content=\"2023-08-11T09:55:56+00:00\" \/>\n<meta property=\"og:image\" content=\"https:\/\/www.directhealthcaregroup.com\/app\/uploads\/Pia-Beck.jpg\" \/>\n<meta name=\"twitter:card\" content=\"summary_large_image\" \/>\n<meta name=\"twitter:label1\" content=\"Est. reading time\" \/>\n\t<meta name=\"twitter:data1\" content=\"1 minute\" \/>\n<script type=\"application\/ld+json\" class=\"yoast-schema-graph\">{\"@context\":\"https:\\\/\\\/schema.org\",\"@graph\":[{\"@type\":\"WebPage\",\"@id\":\"https:\\\/\\\/www.directhealthcaregroup.com\\\/da\\\/lokal-temadag\\\/\",\"url\":\"https:\\\/\\\/www.directhealthcaregroup.com\\\/da\\\/lokal-temadag\\\/\",\"name\":\"Lokal temadag | DHG\",\"isPartOf\":{\"@id\":\"https:\\\/\\\/www.directhealthcaregroup.com\\\/#website\"},\"primaryImageOfPage\":{\"@id\":\"https:\\\/\\\/www.directhealthcaregroup.com\\\/da\\\/lokal-temadag\\\/#primaryimage\"},\"image\":{\"@id\":\"https:\\\/\\\/www.directhealthcaregroup.com\\\/da\\\/lokal-temadag\\\/#primaryimage\"},\"thumbnailUrl\":\"https:\\\/\\\/www.directhealthcaregroup.com\\\/app\\\/uploads\\\/Pia-Beck.jpg\",\"datePublished\":\"2023-06-13T11:43:02+00:00\",\"dateModified\":\"2023-08-11T09:55:56+00:00\",\"description\":\"Lokal temadag med faglig viden og praksisn\u00e6re workshops inden for af en bred vifte af emner, som vi har indg\u00e5ende viden.\",\"breadcrumb\":{\"@id\":\"https:\\\/\\\/www.directhealthcaregroup.com\\\/da\\\/lokal-temadag\\\/#breadcrumb\"},\"inLanguage\":\"da-DK\",\"potentialAction\":[{\"@type\":\"ReadAction\",\"target\":[\"https:\\\/\\\/www.directhealthcaregroup.com\\\/da\\\/lokal-temadag\\\/\"]}]},{\"@type\":\"ImageObject\",\"inLanguage\":\"da-DK\",\"@id\":\"https:\\\/\\\/www.directhealthcaregroup.com\\\/da\\\/lokal-temadag\\\/#primaryimage\",\"url\":\"https:\\\/\\\/www.directhealthcaregroup.com\\\/app\\\/uploads\\\/Pia-Beck.jpg\",\"contentUrl\":\"https:\\\/\\\/www.directhealthcaregroup.com\\\/app\\\/uploads\\\/Pia-Beck.jpg\"},{\"@type\":\"BreadcrumbList\",\"@id\":\"https:\\\/\\\/www.directhealthcaregroup.com\\\/da\\\/lokal-temadag\\\/#breadcrumb\",\"itemListElement\":[{\"@type\":\"ListItem\",\"position\":1,\"name\":\"Home\",\"item\":\"https:\\\/\\\/www.directhealthcaregroup.com\\\/da\\\/\"},{\"@type\":\"ListItem\",\"position\":2,\"name\":\"Lokal temadag\"}]},{\"@type\":\"WebSite\",\"@id\":\"https:\\\/\\\/www.directhealthcaregroup.com\\\/#website\",\"url\":\"https:\\\/\\\/www.directhealthcaregroup.com\\\/\",\"name\":\"DHG\",\"description\":\"Moving Health Forward\",\"publisher\":{\"@id\":\"https:\\\/\\\/www.directhealthcaregroup.com\\\/#organization\"},\"potentialAction\":[{\"@type\":\"SearchAction\",\"target\":{\"@type\":\"EntryPoint\",\"urlTemplate\":\"https:\\\/\\\/www.directhealthcaregroup.com\\\/?s={search_term_string}\"},\"query-input\":{\"@type\":\"PropertyValueSpecification\",\"valueRequired\":true,\"valueName\":\"search_term_string\"}}],\"inLanguage\":\"da-DK\"},{\"@type\":\"Organization\",\"@id\":\"https:\\\/\\\/www.directhealthcaregroup.com\\\/#organization\",\"name\":\"Direct Healthcare Group\",\"url\":\"https:\\\/\\\/www.directhealthcaregroup.com\\\/\",\"logo\":{\"@type\":\"ImageObject\",\"inLanguage\":\"da-DK\",\"@id\":\"https:\\\/\\\/www.directhealthcaregroup.com\\\/#\\\/schema\\\/logo\\\/image\\\/\",\"url\":\"https:\\\/\\\/directhealthcaregroup.com\\\/app\\\/uploads\\\/dhg-logo.png\",\"contentUrl\":\"https:\\\/\\\/directhealthcaregroup.com\\\/app\\\/uploads\\\/dhg-logo.png\",\"width\":556,\"height\":240,\"caption\":\"Direct Healthcare Group\"},\"image\":{\"@id\":\"https:\\\/\\\/www.directhealthcaregroup.com\\\/#\\\/schema\\\/logo\\\/image\\\/\"}}]}<\/script>\n<!-- \/ Yoast SEO plugin. -->","yoast_head_json":{"title":"Lokal temadag | DHG","description":"Lokal temadag med faglig viden og praksisn\u00e6re workshops inden for af en bred vifte af emner, som vi har indg\u00e5ende viden.","robots":{"index":"index","follow":"follow","max-snippet":"max-snippet:-1","max-image-preview":"max-image-preview:large","max-video-preview":"max-video-preview:-1"},"canonical":"https:\/\/www.directhealthcaregroup.com\/da\/lokal-temadag\/","og_locale":"da_DK","og_type":"article","og_title":"Lokal temadag | DHG","og_description":"Lokal temadag med faglig viden og praksisn\u00e6re workshops inden for af en bred vifte af emner, som vi har indg\u00e5ende viden.","og_url":"https:\/\/www.directhealthcaregroup.com\/da\/lokal-temadag\/","og_site_name":"DHG","article_modified_time":"2023-08-11T09:55:56+00:00","og_image":[{"url":"https:\/\/www.directhealthcaregroup.com\/app\/uploads\/Pia-Beck.jpg","type":"","width":"","height":""}],"twitter_card":"summary_large_image","twitter_misc":{"Est. reading time":"1 minute"},"schema":{"@context":"https:\/\/schema.org","@graph":[{"@type":"WebPage","@id":"https:\/\/www.directhealthcaregroup.com\/da\/lokal-temadag\/","url":"https:\/\/www.directhealthcaregroup.com\/da\/lokal-temadag\/","name":"Lokal temadag | DHG","isPartOf":{"@id":"https:\/\/www.directhealthcaregroup.com\/#website"},"primaryImageOfPage":{"@id":"https:\/\/www.directhealthcaregroup.com\/da\/lokal-temadag\/#primaryimage"},"image":{"@id":"https:\/\/www.directhealthcaregroup.com\/da\/lokal-temadag\/#primaryimage"},"thumbnailUrl":"https:\/\/www.directhealthcaregroup.com\/app\/uploads\/Pia-Beck.jpg","datePublished":"2023-06-13T11:43:02+00:00","dateModified":"2023-08-11T09:55:56+00:00","description":"Lokal temadag med faglig viden og praksisn\u00e6re workshops inden for af en bred vifte af emner, som vi har indg\u00e5ende viden.","breadcrumb":{"@id":"https:\/\/www.directhealthcaregroup.com\/da\/lokal-temadag\/#breadcrumb"},"inLanguage":"da-DK","potentialAction":[{"@type":"ReadAction","target":["https:\/\/www.directhealthcaregroup.com\/da\/lokal-temadag\/"]}]},{"@type":"ImageObject","inLanguage":"da-DK","@id":"https:\/\/www.directhealthcaregroup.com\/da\/lokal-temadag\/#primaryimage","url":"https:\/\/www.directhealthcaregroup.com\/app\/uploads\/Pia-Beck.jpg","contentUrl":"https:\/\/www.directhealthcaregroup.com\/app\/uploads\/Pia-Beck.jpg"},{"@type":"BreadcrumbList","@id":"https:\/\/www.directhealthcaregroup.com\/da\/lokal-temadag\/#breadcrumb","itemListElement":[{"@type":"ListItem","position":1,"name":"Home","item":"https:\/\/www.directhealthcaregroup.com\/da\/"},{"@type":"ListItem","position":2,"name":"Lokal temadag"}]},{"@type":"WebSite","@id":"https:\/\/www.directhealthcaregroup.com\/#website","url":"https:\/\/www.directhealthcaregroup.com\/","name":"DHG","description":"Moving Health Forward","publisher":{"@id":"https:\/\/www.directhealthcaregroup.com\/#organization"},"potentialAction":[{"@type":"SearchAction","target":{"@type":"EntryPoint","urlTemplate":"https:\/\/www.directhealthcaregroup.com\/?s={search_term_string}"},"query-input":{"@type":"PropertyValueSpecification","valueRequired":true,"valueName":"search_term_string"}}],"inLanguage":"da-DK"},{"@type":"Organization","@id":"https:\/\/www.directhealthcaregroup.com\/#organization","name":"Direct Healthcare Group","url":"https:\/\/www.directhealthcaregroup.com\/","logo":{"@type":"ImageObject","inLanguage":"da-DK","@id":"https:\/\/www.directhealthcaregroup.com\/#\/schema\/logo\/image\/","url":"https:\/\/directhealthcaregroup.com\/app\/uploads\/dhg-logo.png","contentUrl":"https:\/\/directhealthcaregroup.com\/app\/uploads\/dhg-logo.png","width":556,"height":240,"caption":"Direct Healthcare Group"},"image":{"@id":"https:\/\/www.directhealthcaregroup.com\/#\/schema\/logo\/image\/"}}]}},"_links":{"self":[{"href":"https:\/\/www.directhealthcaregroup.com\/da\/wp-json\/wp\/v2\/pages\/186001","targetHints":{"allow":["GET"]}}],"collection":[{"href":"https:\/\/www.directhealthcaregroup.com\/da\/wp-json\/wp\/v2\/pages"}],"about":[{"href":"https:\/\/www.directhealthcaregroup.com\/da\/wp-json\/wp\/v2\/types\/page"}],"author":[{"embeddable":true,"href":"https:\/\/www.directhealthcaregroup.com\/da\/wp-json\/wp\/v2\/users\/40"}],"replies":[{"embeddable":true,"href":"https:\/\/www.directhealthcaregroup.com\/da\/wp-json\/wp\/v2\/comments?post=186001"}],"version-history":[{"count":7,"href":"https:\/\/www.directhealthcaregroup.com\/da\/wp-json\/wp\/v2\/pages\/186001\/revisions"}],"predecessor-version":[{"id":189466,"href":"https:\/\/www.directhealthcaregroup.com\/da\/wp-json\/wp\/v2\/pages\/186001\/revisions\/189466"}],"wp:attachment":[{"href":"https:\/\/www.directhealthcaregroup.com\/da\/wp-json\/wp\/v2\/media?parent=186001"}],"curies":[{"name":"wp","href":"https:\/\/api.w.org\/{rel}","templated":true}]}}