{"id":186007,"date":"2023-06-13T13:27:52","date_gmt":"2023-06-13T12:27:52","guid":{"rendered":"https:\/\/www.directhealthcaregroup.com\/?page_id=186007"},"modified":"2026-01-23T10:55:03","modified_gmt":"2026-01-23T10:55:03","slug":"masterclasses","status":"publish","type":"page","link":"https:\/\/www.directhealthcaregroup.com\/da\/masterclasses\/","title":{"rendered":"Masterclasses"},"content":{"rendered":"\n<p>DHG afholder forskellige masterclasses for sundhedsprofessionselle, der arbejder i pleje- og sundhedssektoren. Vores masterclasses har en bred m\u00e5lgruppe, da vi mener, tv\u00e6rfaglighed er en n\u00f8dvendighed i pleje- og sundhedssektoren, og vi har god erfaring med at blande de mange forskellige faggrupper.<\/p>\n\n\n\n<p><br>Alle vores masterclasses indeholder et kort teoretisk opl\u00e6g, efterfulgt af en grundig produktgennemgang. Der vil ogs\u00e5 v\u00e6re afsat tid til, at du selv kan afpr\u00f8ve produkterne.<br><\/p>\n\n\n\n<p>Vores masterclasses arrangeres som halvdags-arrangementer, og afholdes lokalt hos jer. De starter kl. 10.00 og slutter kl. 14.00. <br>Vores masterclasses er gratis &#8211; du skal blot kontakte vores Educational Manager Pia Beck, s\u00e5 kan i sammen f\u00e5 planlagt dato og indhold.<br>Underviserne p\u00e5 vores masterclasses vil v\u00e6re vores egne konsulenter, som alle har en sundhedsfaglig uddannelse.<\/p>\n\n\n\n<hr class=\"wp-block-separator aligncenter has-alpha-channel-opacity\"\/>\n\n\n\n<h2 class=\"wp-block-heading has-text-align-center\"><strong>Vores undervisere er:<\/strong><\/h2>\n\n\n<div class=\"wp-block-image\">\n<figure class=\"aligncenter size-large is-resized\"><img loading=\"lazy\" decoding=\"async\" width=\"493\" height=\"371\" src=\"https:\/\/www.directhealthcaregroup.com\/app\/uploads\/Pia-Beck.jpg\" alt=\"\" class=\"wp-image-173418\" style=\"aspect-ratio:1.3279569892473118;width:247px;height:auto\" srcset=\"https:\/\/www.directhealthcaregroup.com\/app\/uploads\/Pia-Beck.jpg 493w, https:\/\/www.directhealthcaregroup.com\/app\/uploads\/Pia-Beck-300x226.jpg 300w, https:\/\/www.directhealthcaregroup.com\/app\/uploads\/Pia-Beck-320x241.jpg 320w, https:\/\/www.directhealthcaregroup.com\/app\/uploads\/Pia-Beck-296x223.jpg 296w\" sizes=\"auto, (max-width: 493px) 100vw, 493px\" \/><\/figure>\n<\/div>\n\n\n<h3 class=\"wp-block-heading has-text-align-center\"><strong>Pia Beck | DHG Educational Manager<\/strong><\/h3>\n\n\n\n<p>Pia har mere end 20 \u00e5rs erfaring p\u00e5 hj\u00e6lpemiddelomr\u00e5det og har stor erfaring inden for forflytnings- og lejringsomr\u00e5det. Det v\u00e6rende sig b\u00e5de den teoretiske og kliniske del. Pia har et stort kendskab til komplekse lejrings- og forflytningsudfordringer og bringer b\u00e5de sin teoretiske viden og praktiske erfaring i spil, for at l\u00f8se lige netop jeres udfordringer.<\/p>\n\n\n\n<p>Pia har de sidste 10 \u00e5r st\u00e5et i spidsen for en lang r\u00e6kke seminarer og workshops, hvor deltagerne har repr\u00e6senteret et bredt udsnit af de sundhedsprofessionelle uddannelser, vi har i Danmark. Derudover er Pia ofte med som r\u00e5dgiver i komplekse borgersager, og har derfor indg\u00e5ende kendskab til de daglige udfordringer, der kan udspille sig i arbejdet med plejekr\u00e6vende sengeliggende mennesker, der har brug for hj\u00e6lp.<\/p>\n\n\n\n<p class=\"has-text-align-center\">Pia Beck kan kontaktes p\u00e5:<br><strong>Mobil:<\/strong>&nbsp;+ 45 61 24 14 04<br><strong>Email:<\/strong>&nbsp;<a href=\"mailto:pia.beck@directhealthcaregroup.com\" target=\"_blank\" rel=\"noreferrer noopener\">pia.beck@directhealthcaregroup.com<\/a><\/p>\n\n\n\n<hr class=\"wp-block-separator aligncenter has-alpha-channel-opacity\"\/>\n\n\n<div class=\"wp-block-image is-resized\">\n<figure class=\"aligncenter size-large\"><img loading=\"lazy\" decoding=\"async\" width=\"940\" height=\"520\" src=\"https:\/\/www.directhealthcaregroup.com\/app\/uploads\/Henrik-Jager-2021.jpg\" alt=\"\" class=\"wp-image-173255\" style=\"aspect-ratio:1.807727226873802;width:280px;height:auto\" srcset=\"https:\/\/www.directhealthcaregroup.com\/app\/uploads\/Henrik-Jager-2021.jpg 940w, https:\/\/www.directhealthcaregroup.com\/app\/uploads\/Henrik-Jager-2021-300x166.jpg 300w, https:\/\/www.directhealthcaregroup.com\/app\/uploads\/Henrik-Jager-2021-768x425.jpg 768w, https:\/\/www.directhealthcaregroup.com\/app\/uploads\/Henrik-Jager-2021-320x177.jpg 320w, https:\/\/www.directhealthcaregroup.com\/app\/uploads\/Henrik-Jager-2021-800x443.jpg 800w\" sizes=\"auto, (max-width: 940px) 100vw, 940px\" \/><\/figure>\n<\/div>\n\n\n<h2 class=\"wp-block-heading has-text-align-center\"><strong>Henrik Jager Rasmussen | Fysioterapeut og Account Manager. <\/strong><\/h2>\n\n\n\n<p>Henrik har mange \u00e5rs klinisk erfaring i brugen af det elektriske vendesystemer VENDLET, og har igennem \u00e5rene udviklet stor ekspertise i at kombinere brugen af VENDLET og LEJRELET. Henrik er en dygtig formidler, der ofte bringer en god portion humor ind i sin undervisning, og s\u00e5 s\u00e6tter Henrik en stor \u00e6re i at kunne inddrage praksisn\u00e6re eksempler fra publikum.<\/p>\n\n\n\n<p class=\"has-text-align-center\">Henrik Jager Rasmussen kan kontaktes p\u00e5:<br><strong>Mobil:<\/strong>&nbsp;+45 41 99 10 38<br><strong>Email:<\/strong> <a href=\"mailto:henrik.jager.rasmussen@directhealthcaregroup.com\" target=\"_blank\" rel=\"noreferrer noopener\">henrik.jager.rasmussen@directhealthcaregroup.com<\/a><\/p>\n\n\n\n<p><\/p>\n","protected":false},"excerpt":{"rendered":"<p>DHG afholder forskellige masterclasses for sundhedsprofessionselle, der arbejder i pleje- og sundhedssektoren. Vores masterclasses har en bred m\u00e5lgruppe, da vi mener, tv\u00e6rfaglighed er en n\u00f8dvendighed i pleje- og sundhedssektoren, og vi har god erfaring med at blande de mange forskellige faggrupper. Alle vores masterclasses indeholder et kort teoretisk opl\u00e6g, efterfulgt af en grundig produktgennemgang. Der &hellip; <a href=\"https:\/\/www.directhealthcaregroup.com\/da\/masterclasses\/\">Continued<\/a><\/p>\n","protected":false},"author":40,"featured_media":0,"parent":0,"menu_order":0,"comment_status":"closed","ping_status":"closed","template":"","meta":{"_acf_changed":false,"footnotes":""},"class_list":["post-186007","page","type-page","status-publish","hentry"],"acf":[],"yoast_head":"<!-- This site is optimized with the Yoast SEO plugin v26.6 - https:\/\/yoast.com\/wordpress\/plugins\/seo\/ -->\n<title>Masterclasses | DHG<\/title>\n<meta name=\"description\" content=\"Vores Masterclasses har en bred m\u00e5lgruppe, da vi mener, tv\u00e6rfaglighed er en n\u00f8dvendighed i pleje- og sundhedssektoren.\" \/>\n<meta name=\"robots\" content=\"index, follow, max-snippet:-1, max-image-preview:large, max-video-preview:-1\" \/>\n<link rel=\"canonical\" href=\"https:\/\/www.directhealthcaregroup.com\/da\/masterclasses\/\" \/>\n<meta property=\"og:locale\" content=\"da_DK\" \/>\n<meta property=\"og:type\" content=\"article\" \/>\n<meta property=\"og:title\" content=\"Masterclasses | DHG\" \/>\n<meta property=\"og:description\" content=\"Vores Masterclasses har en bred m\u00e5lgruppe, da vi mener, tv\u00e6rfaglighed er en n\u00f8dvendighed i pleje- og sundhedssektoren.\" \/>\n<meta property=\"og:url\" content=\"https:\/\/www.directhealthcaregroup.com\/da\/masterclasses\/\" \/>\n<meta property=\"og:site_name\" content=\"DHG\" \/>\n<meta property=\"article:modified_time\" content=\"2026-01-23T10:55:03+00:00\" \/>\n<meta property=\"og:image\" content=\"https:\/\/www.directhealthcaregroup.com\/app\/uploads\/Pia-Beck.jpg\" \/>\n\t<meta property=\"og:image:width\" content=\"493\" \/>\n\t<meta property=\"og:image:height\" content=\"371\" \/>\n\t<meta property=\"og:image:type\" content=\"image\/jpeg\" \/>\n<meta name=\"twitter:card\" content=\"summary_large_image\" \/>\n<meta name=\"twitter:label1\" content=\"Est. reading time\" \/>\n\t<meta name=\"twitter:data1\" content=\"2 minutes\" \/>\n<script type=\"application\/ld+json\" class=\"yoast-schema-graph\">{\"@context\":\"https:\/\/schema.org\",\"@graph\":[{\"@type\":\"WebPage\",\"@id\":\"https:\/\/www.directhealthcaregroup.com\/da\/masterclasses\/\",\"url\":\"https:\/\/www.directhealthcaregroup.com\/da\/masterclasses\/\",\"name\":\"Masterclasses | DHG\",\"isPartOf\":{\"@id\":\"https:\/\/www.directhealthcaregroup.com\/#website\"},\"primaryImageOfPage\":{\"@id\":\"https:\/\/www.directhealthcaregroup.com\/da\/masterclasses\/#primaryimage\"},\"image\":{\"@id\":\"https:\/\/www.directhealthcaregroup.com\/da\/masterclasses\/#primaryimage\"},\"thumbnailUrl\":\"https:\/\/www.directhealthcaregroup.com\/app\/uploads\/Pia-Beck.jpg\",\"datePublished\":\"2023-06-13T12:27:52+00:00\",\"dateModified\":\"2026-01-23T10:55:03+00:00\",\"description\":\"Vores Masterclasses har en bred m\u00e5lgruppe, da vi mener, tv\u00e6rfaglighed er en n\u00f8dvendighed i pleje- og sundhedssektoren.\",\"breadcrumb\":{\"@id\":\"https:\/\/www.directhealthcaregroup.com\/da\/masterclasses\/#breadcrumb\"},\"inLanguage\":\"da-DK\",\"potentialAction\":[{\"@type\":\"ReadAction\",\"target\":[\"https:\/\/www.directhealthcaregroup.com\/da\/masterclasses\/\"]}]},{\"@type\":\"ImageObject\",\"inLanguage\":\"da-DK\",\"@id\":\"https:\/\/www.directhealthcaregroup.com\/da\/masterclasses\/#primaryimage\",\"url\":\"https:\/\/www.directhealthcaregroup.com\/app\/uploads\/Pia-Beck.jpg\",\"contentUrl\":\"https:\/\/www.directhealthcaregroup.com\/app\/uploads\/Pia-Beck.jpg\"},{\"@type\":\"BreadcrumbList\",\"@id\":\"https:\/\/www.directhealthcaregroup.com\/da\/masterclasses\/#breadcrumb\",\"itemListElement\":[{\"@type\":\"ListItem\",\"position\":1,\"name\":\"Home\",\"item\":\"https:\/\/www.directhealthcaregroup.com\/da\/\"},{\"@type\":\"ListItem\",\"position\":2,\"name\":\"Masterclasses\"}]},{\"@type\":\"WebSite\",\"@id\":\"https:\/\/www.directhealthcaregroup.com\/#website\",\"url\":\"https:\/\/www.directhealthcaregroup.com\/\",\"name\":\"DHG\",\"description\":\"Moving Health Forward\",\"publisher\":{\"@id\":\"https:\/\/www.directhealthcaregroup.com\/#organization\"},\"potentialAction\":[{\"@type\":\"SearchAction\",\"target\":{\"@type\":\"EntryPoint\",\"urlTemplate\":\"https:\/\/www.directhealthcaregroup.com\/?s={search_term_string}\"},\"query-input\":{\"@type\":\"PropertyValueSpecification\",\"valueRequired\":true,\"valueName\":\"search_term_string\"}}],\"inLanguage\":\"da-DK\"},{\"@type\":\"Organization\",\"@id\":\"https:\/\/www.directhealthcaregroup.com\/#organization\",\"name\":\"Direct Healthcare Group\",\"url\":\"https:\/\/www.directhealthcaregroup.com\/\",\"logo\":{\"@type\":\"ImageObject\",\"inLanguage\":\"da-DK\",\"@id\":\"https:\/\/www.directhealthcaregroup.com\/#\/schema\/logo\/image\/\",\"url\":\"https:\/\/directhealthcaregroup.com\/app\/uploads\/dhg-logo.png\",\"contentUrl\":\"https:\/\/directhealthcaregroup.com\/app\/uploads\/dhg-logo.png\",\"width\":556,\"height\":240,\"caption\":\"Direct Healthcare Group\"},\"image\":{\"@id\":\"https:\/\/www.directhealthcaregroup.com\/#\/schema\/logo\/image\/\"}}]}<\/script>\n<!-- \/ Yoast SEO plugin. -->","yoast_head_json":{"title":"Masterclasses | DHG","description":"Vores Masterclasses har en bred m\u00e5lgruppe, da vi mener, tv\u00e6rfaglighed er en n\u00f8dvendighed i pleje- og sundhedssektoren.","robots":{"index":"index","follow":"follow","max-snippet":"max-snippet:-1","max-image-preview":"max-image-preview:large","max-video-preview":"max-video-preview:-1"},"canonical":"https:\/\/www.directhealthcaregroup.com\/da\/masterclasses\/","og_locale":"da_DK","og_type":"article","og_title":"Masterclasses | DHG","og_description":"Vores Masterclasses har en bred m\u00e5lgruppe, da vi mener, tv\u00e6rfaglighed er en n\u00f8dvendighed i pleje- og sundhedssektoren.","og_url":"https:\/\/www.directhealthcaregroup.com\/da\/masterclasses\/","og_site_name":"DHG","article_modified_time":"2026-01-23T10:55:03+00:00","og_image":[{"width":493,"height":371,"url":"https:\/\/www.directhealthcaregroup.com\/app\/uploads\/Pia-Beck.jpg","type":"image\/jpeg"}],"twitter_card":"summary_large_image","twitter_misc":{"Est. reading time":"2 minutes"},"schema":{"@context":"https:\/\/schema.org","@graph":[{"@type":"WebPage","@id":"https:\/\/www.directhealthcaregroup.com\/da\/masterclasses\/","url":"https:\/\/www.directhealthcaregroup.com\/da\/masterclasses\/","name":"Masterclasses | DHG","isPartOf":{"@id":"https:\/\/www.directhealthcaregroup.com\/#website"},"primaryImageOfPage":{"@id":"https:\/\/www.directhealthcaregroup.com\/da\/masterclasses\/#primaryimage"},"image":{"@id":"https:\/\/www.directhealthcaregroup.com\/da\/masterclasses\/#primaryimage"},"thumbnailUrl":"https:\/\/www.directhealthcaregroup.com\/app\/uploads\/Pia-Beck.jpg","datePublished":"2023-06-13T12:27:52+00:00","dateModified":"2026-01-23T10:55:03+00:00","description":"Vores Masterclasses har en bred m\u00e5lgruppe, da vi mener, tv\u00e6rfaglighed er en n\u00f8dvendighed i pleje- og sundhedssektoren.","breadcrumb":{"@id":"https:\/\/www.directhealthcaregroup.com\/da\/masterclasses\/#breadcrumb"},"inLanguage":"da-DK","potentialAction":[{"@type":"ReadAction","target":["https:\/\/www.directhealthcaregroup.com\/da\/masterclasses\/"]}]},{"@type":"ImageObject","inLanguage":"da-DK","@id":"https:\/\/www.directhealthcaregroup.com\/da\/masterclasses\/#primaryimage","url":"https:\/\/www.directhealthcaregroup.com\/app\/uploads\/Pia-Beck.jpg","contentUrl":"https:\/\/www.directhealthcaregroup.com\/app\/uploads\/Pia-Beck.jpg"},{"@type":"BreadcrumbList","@id":"https:\/\/www.directhealthcaregroup.com\/da\/masterclasses\/#breadcrumb","itemListElement":[{"@type":"ListItem","position":1,"name":"Home","item":"https:\/\/www.directhealthcaregroup.com\/da\/"},{"@type":"ListItem","position":2,"name":"Masterclasses"}]},{"@type":"WebSite","@id":"https:\/\/www.directhealthcaregroup.com\/#website","url":"https:\/\/www.directhealthcaregroup.com\/","name":"DHG","description":"Moving Health Forward","publisher":{"@id":"https:\/\/www.directhealthcaregroup.com\/#organization"},"potentialAction":[{"@type":"SearchAction","target":{"@type":"EntryPoint","urlTemplate":"https:\/\/www.directhealthcaregroup.com\/?s={search_term_string}"},"query-input":{"@type":"PropertyValueSpecification","valueRequired":true,"valueName":"search_term_string"}}],"inLanguage":"da-DK"},{"@type":"Organization","@id":"https:\/\/www.directhealthcaregroup.com\/#organization","name":"Direct Healthcare Group","url":"https:\/\/www.directhealthcaregroup.com\/","logo":{"@type":"ImageObject","inLanguage":"da-DK","@id":"https:\/\/www.directhealthcaregroup.com\/#\/schema\/logo\/image\/","url":"https:\/\/directhealthcaregroup.com\/app\/uploads\/dhg-logo.png","contentUrl":"https:\/\/directhealthcaregroup.com\/app\/uploads\/dhg-logo.png","width":556,"height":240,"caption":"Direct Healthcare Group"},"image":{"@id":"https:\/\/www.directhealthcaregroup.com\/#\/schema\/logo\/image\/"}}]}},"_links":{"self":[{"href":"https:\/\/www.directhealthcaregroup.com\/da\/wp-json\/wp\/v2\/pages\/186007","targetHints":{"allow":["GET"]}}],"collection":[{"href":"https:\/\/www.directhealthcaregroup.com\/da\/wp-json\/wp\/v2\/pages"}],"about":[{"href":"https:\/\/www.directhealthcaregroup.com\/da\/wp-json\/wp\/v2\/types\/page"}],"author":[{"embeddable":true,"href":"https:\/\/www.directhealthcaregroup.com\/da\/wp-json\/wp\/v2\/users\/40"}],"replies":[{"embeddable":true,"href":"https:\/\/www.directhealthcaregroup.com\/da\/wp-json\/wp\/v2\/comments?post=186007"}],"version-history":[{"count":10,"href":"https:\/\/www.directhealthcaregroup.com\/da\/wp-json\/wp\/v2\/pages\/186007\/revisions"}],"predecessor-version":[{"id":253941,"href":"https:\/\/www.directhealthcaregroup.com\/da\/wp-json\/wp\/v2\/pages\/186007\/revisions\/253941"}],"wp:attachment":[{"href":"https:\/\/www.directhealthcaregroup.com\/da\/wp-json\/wp\/v2\/media?parent=186007"}],"curies":[{"name":"wp","href":"https:\/\/api.w.org\/{rel}","templated":true}]}}