{"id":186014,"date":"2023-06-13T13:44:16","date_gmt":"2023-06-13T12:44:16","guid":{"rendered":"https:\/\/www.directhealthcaregroup.com\/?page_id=186014"},"modified":"2024-11-08T07:33:56","modified_gmt":"2024-11-08T07:33:56","slug":"produkt-undervisning","status":"publish","type":"page","link":"https:\/\/www.directhealthcaregroup.com\/da\/produkt-undervisning\/","title":{"rendered":"Produktundervisning"},"content":{"rendered":"\n<p>For at kunne levere den bedst mulige produktundervisning, service og r\u00e5dgivning til vores kunder, har alle vores Account Managers en sundhedsfaglig baggrund. De har udover et indg\u00e5ende kendskab til produkternes anvendelsesmuligheder, ogs\u00e5 en stor viden om de mange forskellige problematikker, der ofte kommer i spil, n\u00e5r der er behov for et hj\u00e6lpemiddel. <\/p>\n\n\n\n<p>Vores sundhedsfaglige konsulenter har bred erfaring i forhold til den m\u00e5lgruppe vi m\u00f8der i social- og sundhedssektoren, og det g\u00e6lder p\u00e5 det kommunale og regionale omr\u00e5de.<\/p>\n\n\n\n<p><br>Har I behov for undervisning eller sp\u00f8rgsm\u00e5l omkring emner i relation til vores produkter, er vores sundhedsfaglige konsulenter altid villige til at hj\u00e6lpe. Vi har stor erfaring inden for f\u00f8lgende omr\u00e5der:<\/p>\n\n\n\n<ul class=\"wp-block-list\"><li>Valg af madras<\/li><li>Forflytningsmetoder<\/li><li>Valg af hj\u00e6lpemiddel<\/li><li>Lejring og positionering<\/li><\/ul>\n\n\n\n<p>Et krav for vores produktundervisning er, at I kan samle minimum 15 personer. Hvor lang tid undervisningen skal vare, afh\u00e6nger af jeres behov. Vi tager naturligvis hj\u00e6lpemidlerne med, og har I dem allerede, s\u00e5 indg\u00e5r de blot i den praksisn\u00e6re undervisning.<\/p>\n\n\n\n<p>Er I interesseret i en session med produktundervisning? S\u00e5 kontakt den lokale faglige konsulent og f\u00e5 en snak om jeres behov og hvad vi kan tilbyde jer.<\/p>\n\n\n\n<h2 class=\"has-text-align-center wp-block-heading\"><strong>Kontakt din sundhedsfaglige konsulent<\/strong><\/h2>\n\n\n\n<div class=\"wp-block-image\"><figure class=\"aligncenter size-large is-resized\"><img loading=\"lazy\" decoding=\"async\" src=\"https:\/\/www.directhealthcaregroup.com\/app\/uploads\/Henrik-Jager-2021-1.jpg\" alt=\"\" class=\"wp-image-173266\" width=\"235\" height=\"130\" srcset=\"https:\/\/www.directhealthcaregroup.com\/app\/uploads\/Henrik-Jager-2021-1.jpg 940w, https:\/\/www.directhealthcaregroup.com\/app\/uploads\/Henrik-Jager-2021-1-300x166.jpg 300w, https:\/\/www.directhealthcaregroup.com\/app\/uploads\/Henrik-Jager-2021-1-768x425.jpg 768w, https:\/\/www.directhealthcaregroup.com\/app\/uploads\/Henrik-Jager-2021-1-320x177.jpg 320w, https:\/\/www.directhealthcaregroup.com\/app\/uploads\/Henrik-Jager-2021-1-800x443.jpg 800w\" sizes=\"auto, (max-width: 235px) 100vw, 235px\" \/><\/figure><\/div>\n\n\n\n<p class=\"has-text-align-center\"><strong>Henrik Jager Rasmussen<\/strong><br>Account Manager &amp; fysioterapeut<br>Region Nord\/Midt<br><strong>Tlf.:<\/strong>&nbsp;+45 41 99 10 38<br><strong>Mail:<\/strong>&nbsp;<a rel=\"noreferrer noopener\" href=\"mailto:henrik.jager.rasmussen@directhealthcaregroup.com\" target=\"_blank\">henrik.jager.rasmussen@directhealthcaregroup.com<\/a><\/p>\n\n\n\n<p class=\"has-text-align-center\"><\/p>\n\n\n\n<p class=\"has-text-align-center\"><\/p>\n","protected":false},"excerpt":{"rendered":"<p>For at kunne levere den bedst mulige produktundervisning, service og r\u00e5dgivning til vores kunder, har alle vores Account Managers en sundhedsfaglig baggrund. De har udover et indg\u00e5ende kendskab til produkternes anvendelsesmuligheder, ogs\u00e5 en stor viden om de mange forskellige problematikker, der ofte kommer i spil, n\u00e5r der er behov for et hj\u00e6lpemiddel. Vores sundhedsfaglige konsulenter &hellip; <a href=\"https:\/\/www.directhealthcaregroup.com\/da\/produkt-undervisning\/\">Continued<\/a><\/p>\n","protected":false},"author":40,"featured_media":0,"parent":0,"menu_order":0,"comment_status":"closed","ping_status":"closed","template":"","meta":{"_acf_changed":false,"footnotes":""},"class_list":["post-186014","page","type-page","status-publish","hentry"],"acf":[],"yoast_head":"<!-- This site is optimized with the Yoast SEO plugin v26.6 - https:\/\/yoast.com\/wordpress\/plugins\/seo\/ -->\n<title>Produktundervisning | DHG<\/title>\n<meta name=\"description\" content=\"For at kunne levere den bedst mulige produktundervisning, service og r\u00e5dgivning til vores kunder, har vores Account Managers en sundhedsfaglig baggrund.\" \/>\n<meta name=\"robots\" content=\"index, follow, max-snippet:-1, max-image-preview:large, max-video-preview:-1\" \/>\n<link rel=\"canonical\" href=\"https:\/\/www.directhealthcaregroup.com\/da\/produkt-undervisning\/\" \/>\n<meta property=\"og:locale\" content=\"da_DK\" \/>\n<meta property=\"og:type\" content=\"article\" \/>\n<meta property=\"og:title\" content=\"Produktundervisning | DHG\" \/>\n<meta property=\"og:description\" content=\"For at kunne levere den bedst mulige produktundervisning, service og r\u00e5dgivning til vores kunder, har vores Account Managers en sundhedsfaglig baggrund.\" \/>\n<meta property=\"og:url\" content=\"https:\/\/www.directhealthcaregroup.com\/da\/produkt-undervisning\/\" \/>\n<meta property=\"og:site_name\" content=\"DHG\" \/>\n<meta property=\"article:modified_time\" content=\"2024-11-08T07:33:56+00:00\" \/>\n<meta property=\"og:image\" content=\"https:\/\/www.directhealthcaregroup.com\/app\/uploads\/Henrik-Jager-2021-1.jpg\" \/>\n<meta name=\"twitter:card\" content=\"summary_large_image\" \/>\n<meta name=\"twitter:label1\" content=\"Est. reading time\" \/>\n\t<meta name=\"twitter:data1\" content=\"1 minute\" \/>\n<script type=\"application\/ld+json\" class=\"yoast-schema-graph\">{\"@context\":\"https:\/\/schema.org\",\"@graph\":[{\"@type\":\"WebPage\",\"@id\":\"https:\/\/www.directhealthcaregroup.com\/da\/produkt-undervisning\/\",\"url\":\"https:\/\/www.directhealthcaregroup.com\/da\/produkt-undervisning\/\",\"name\":\"Produktundervisning | DHG\",\"isPartOf\":{\"@id\":\"https:\/\/www.directhealthcaregroup.com\/#website\"},\"primaryImageOfPage\":{\"@id\":\"https:\/\/www.directhealthcaregroup.com\/da\/produkt-undervisning\/#primaryimage\"},\"image\":{\"@id\":\"https:\/\/www.directhealthcaregroup.com\/da\/produkt-undervisning\/#primaryimage\"},\"thumbnailUrl\":\"https:\/\/www.directhealthcaregroup.com\/app\/uploads\/Henrik-Jager-2021-1.jpg\",\"datePublished\":\"2023-06-13T12:44:16+00:00\",\"dateModified\":\"2024-11-08T07:33:56+00:00\",\"description\":\"For at kunne levere den bedst mulige produktundervisning, service og r\u00e5dgivning til vores kunder, har vores Account Managers en sundhedsfaglig baggrund.\",\"breadcrumb\":{\"@id\":\"https:\/\/www.directhealthcaregroup.com\/da\/produkt-undervisning\/#breadcrumb\"},\"inLanguage\":\"da-DK\",\"potentialAction\":[{\"@type\":\"ReadAction\",\"target\":[\"https:\/\/www.directhealthcaregroup.com\/da\/produkt-undervisning\/\"]}]},{\"@type\":\"ImageObject\",\"inLanguage\":\"da-DK\",\"@id\":\"https:\/\/www.directhealthcaregroup.com\/da\/produkt-undervisning\/#primaryimage\",\"url\":\"https:\/\/www.directhealthcaregroup.com\/app\/uploads\/Henrik-Jager-2021-1.jpg\",\"contentUrl\":\"https:\/\/www.directhealthcaregroup.com\/app\/uploads\/Henrik-Jager-2021-1.jpg\"},{\"@type\":\"BreadcrumbList\",\"@id\":\"https:\/\/www.directhealthcaregroup.com\/da\/produkt-undervisning\/#breadcrumb\",\"itemListElement\":[{\"@type\":\"ListItem\",\"position\":1,\"name\":\"Home\",\"item\":\"https:\/\/www.directhealthcaregroup.com\/da\/\"},{\"@type\":\"ListItem\",\"position\":2,\"name\":\"Produktundervisning\"}]},{\"@type\":\"WebSite\",\"@id\":\"https:\/\/www.directhealthcaregroup.com\/#website\",\"url\":\"https:\/\/www.directhealthcaregroup.com\/\",\"name\":\"DHG\",\"description\":\"Moving Health Forward\",\"publisher\":{\"@id\":\"https:\/\/www.directhealthcaregroup.com\/#organization\"},\"potentialAction\":[{\"@type\":\"SearchAction\",\"target\":{\"@type\":\"EntryPoint\",\"urlTemplate\":\"https:\/\/www.directhealthcaregroup.com\/?s={search_term_string}\"},\"query-input\":{\"@type\":\"PropertyValueSpecification\",\"valueRequired\":true,\"valueName\":\"search_term_string\"}}],\"inLanguage\":\"da-DK\"},{\"@type\":\"Organization\",\"@id\":\"https:\/\/www.directhealthcaregroup.com\/#organization\",\"name\":\"Direct Healthcare Group\",\"url\":\"https:\/\/www.directhealthcaregroup.com\/\",\"logo\":{\"@type\":\"ImageObject\",\"inLanguage\":\"da-DK\",\"@id\":\"https:\/\/www.directhealthcaregroup.com\/#\/schema\/logo\/image\/\",\"url\":\"https:\/\/directhealthcaregroup.com\/app\/uploads\/dhg-logo.png\",\"contentUrl\":\"https:\/\/directhealthcaregroup.com\/app\/uploads\/dhg-logo.png\",\"width\":556,\"height\":240,\"caption\":\"Direct Healthcare Group\"},\"image\":{\"@id\":\"https:\/\/www.directhealthcaregroup.com\/#\/schema\/logo\/image\/\"}}]}<\/script>\n<!-- \/ Yoast SEO plugin. -->","yoast_head_json":{"title":"Produktundervisning | DHG","description":"For at kunne levere den bedst mulige produktundervisning, service og r\u00e5dgivning til vores kunder, har vores Account Managers en sundhedsfaglig baggrund.","robots":{"index":"index","follow":"follow","max-snippet":"max-snippet:-1","max-image-preview":"max-image-preview:large","max-video-preview":"max-video-preview:-1"},"canonical":"https:\/\/www.directhealthcaregroup.com\/da\/produkt-undervisning\/","og_locale":"da_DK","og_type":"article","og_title":"Produktundervisning | DHG","og_description":"For at kunne levere den bedst mulige produktundervisning, service og r\u00e5dgivning til vores kunder, har vores Account Managers en sundhedsfaglig baggrund.","og_url":"https:\/\/www.directhealthcaregroup.com\/da\/produkt-undervisning\/","og_site_name":"DHG","article_modified_time":"2024-11-08T07:33:56+00:00","og_image":[{"url":"https:\/\/www.directhealthcaregroup.com\/app\/uploads\/Henrik-Jager-2021-1.jpg","type":"","width":"","height":""}],"twitter_card":"summary_large_image","twitter_misc":{"Est. reading time":"1 minute"},"schema":{"@context":"https:\/\/schema.org","@graph":[{"@type":"WebPage","@id":"https:\/\/www.directhealthcaregroup.com\/da\/produkt-undervisning\/","url":"https:\/\/www.directhealthcaregroup.com\/da\/produkt-undervisning\/","name":"Produktundervisning | DHG","isPartOf":{"@id":"https:\/\/www.directhealthcaregroup.com\/#website"},"primaryImageOfPage":{"@id":"https:\/\/www.directhealthcaregroup.com\/da\/produkt-undervisning\/#primaryimage"},"image":{"@id":"https:\/\/www.directhealthcaregroup.com\/da\/produkt-undervisning\/#primaryimage"},"thumbnailUrl":"https:\/\/www.directhealthcaregroup.com\/app\/uploads\/Henrik-Jager-2021-1.jpg","datePublished":"2023-06-13T12:44:16+00:00","dateModified":"2024-11-08T07:33:56+00:00","description":"For at kunne levere den bedst mulige produktundervisning, service og r\u00e5dgivning til vores kunder, har vores Account Managers en sundhedsfaglig baggrund.","breadcrumb":{"@id":"https:\/\/www.directhealthcaregroup.com\/da\/produkt-undervisning\/#breadcrumb"},"inLanguage":"da-DK","potentialAction":[{"@type":"ReadAction","target":["https:\/\/www.directhealthcaregroup.com\/da\/produkt-undervisning\/"]}]},{"@type":"ImageObject","inLanguage":"da-DK","@id":"https:\/\/www.directhealthcaregroup.com\/da\/produkt-undervisning\/#primaryimage","url":"https:\/\/www.directhealthcaregroup.com\/app\/uploads\/Henrik-Jager-2021-1.jpg","contentUrl":"https:\/\/www.directhealthcaregroup.com\/app\/uploads\/Henrik-Jager-2021-1.jpg"},{"@type":"BreadcrumbList","@id":"https:\/\/www.directhealthcaregroup.com\/da\/produkt-undervisning\/#breadcrumb","itemListElement":[{"@type":"ListItem","position":1,"name":"Home","item":"https:\/\/www.directhealthcaregroup.com\/da\/"},{"@type":"ListItem","position":2,"name":"Produktundervisning"}]},{"@type":"WebSite","@id":"https:\/\/www.directhealthcaregroup.com\/#website","url":"https:\/\/www.directhealthcaregroup.com\/","name":"DHG","description":"Moving Health Forward","publisher":{"@id":"https:\/\/www.directhealthcaregroup.com\/#organization"},"potentialAction":[{"@type":"SearchAction","target":{"@type":"EntryPoint","urlTemplate":"https:\/\/www.directhealthcaregroup.com\/?s={search_term_string}"},"query-input":{"@type":"PropertyValueSpecification","valueRequired":true,"valueName":"search_term_string"}}],"inLanguage":"da-DK"},{"@type":"Organization","@id":"https:\/\/www.directhealthcaregroup.com\/#organization","name":"Direct Healthcare Group","url":"https:\/\/www.directhealthcaregroup.com\/","logo":{"@type":"ImageObject","inLanguage":"da-DK","@id":"https:\/\/www.directhealthcaregroup.com\/#\/schema\/logo\/image\/","url":"https:\/\/directhealthcaregroup.com\/app\/uploads\/dhg-logo.png","contentUrl":"https:\/\/directhealthcaregroup.com\/app\/uploads\/dhg-logo.png","width":556,"height":240,"caption":"Direct Healthcare Group"},"image":{"@id":"https:\/\/www.directhealthcaregroup.com\/#\/schema\/logo\/image\/"}}]}},"_links":{"self":[{"href":"https:\/\/www.directhealthcaregroup.com\/da\/wp-json\/wp\/v2\/pages\/186014","targetHints":{"allow":["GET"]}}],"collection":[{"href":"https:\/\/www.directhealthcaregroup.com\/da\/wp-json\/wp\/v2\/pages"}],"about":[{"href":"https:\/\/www.directhealthcaregroup.com\/da\/wp-json\/wp\/v2\/types\/page"}],"author":[{"embeddable":true,"href":"https:\/\/www.directhealthcaregroup.com\/da\/wp-json\/wp\/v2\/users\/40"}],"replies":[{"embeddable":true,"href":"https:\/\/www.directhealthcaregroup.com\/da\/wp-json\/wp\/v2\/comments?post=186014"}],"version-history":[{"count":9,"href":"https:\/\/www.directhealthcaregroup.com\/da\/wp-json\/wp\/v2\/pages\/186014\/revisions"}],"predecessor-version":[{"id":235440,"href":"https:\/\/www.directhealthcaregroup.com\/da\/wp-json\/wp\/v2\/pages\/186014\/revisions\/235440"}],"wp:attachment":[{"href":"https:\/\/www.directhealthcaregroup.com\/da\/wp-json\/wp\/v2\/media?parent=186014"}],"curies":[{"name":"wp","href":"https:\/\/api.w.org\/{rel}","templated":true}]}}