{"id":186029,"date":"2023-06-13T14:18:09","date_gmt":"2023-06-13T13:18:09","guid":{"rendered":"https:\/\/www.directhealthcaregroup.com\/?page_id=186029"},"modified":"2026-01-23T10:58:50","modified_gmt":"2026-01-23T10:58:50","slug":"webinar","status":"publish","type":"page","link":"https:\/\/www.directhealthcaregroup.com\/da\/webinar\/","title":{"rendered":"Webinar"},"content":{"rendered":"\n<p>Hos DHG tror vi p\u00e5 at vidensdeling er vejen frem til et forbedret sundhedsv\u00e6sen. Derfor udbyder vi en r\u00e6kke gratis webinarer om emner, der relaterer sig til plejekr\u00e6vende og eller sengeliggende mennesker.<br><\/p>\n\n\n\n<h4 class=\"wp-block-heading\"><strong>Faglighed i fokus<\/strong><\/h4>\n\n\n\n<p>Hos DHG tror vi p\u00e5 faglighed frem for alt. Derfor \u00f8nsker vi at bidrage til en god vidensdeling inden for vores kerneomr\u00e5der. Det drejer sig s\u00e6rligt om emner som forflytning, biomekanik, g\u00e6ldende lovgivning og direktiver, lejring, v\u00e6vsskader, demens og s\u00f8vn. Vi har derfor valgt at udbyde en r\u00e6kke gratis webinarer, der netop fokuserer p\u00e5 opkvalificering og udbredelse af kendskab til nyeste forskning p\u00e5 disse omr\u00e5der.<\/p>\n\n\n\n<p><br>Webinarerne har en varighed p\u00e5 1 time og 45 min. og efterf\u00f8lgende 15 min. til evt. sp\u00f8rgsm\u00e5l og kommentarer.<br>Vores webinarer henvender sig til ergoterapeuter, fysioterapeuter, sygeplejersker, social- og sundhedsassistenter, social- og sundhedshj\u00e6lpere samt til p\u00e6dagoger, radiografer og port\u00f8rer\/serviceassistener.<\/p>\n\n\n\n<p><br>Se mere om vores webinarer <a href=\"https:\/\/www.directhealthcaregroup.com\/app\/uploads\/Ethos-program-2026_final.pdf\" target=\"_blank\" rel=\"noreferrer noopener\">her<\/a><\/p>\n\n\n<div class=\"wp-block-image is-resized\">\n<figure class=\"aligncenter size-large\"><img loading=\"lazy\" decoding=\"async\" width=\"493\" height=\"371\" src=\"https:\/\/www.directhealthcaregroup.com\/app\/uploads\/Pia-Beck.jpg\" alt=\"\" class=\"wp-image-173418\" style=\"width:229px;height:auto\" srcset=\"https:\/\/www.directhealthcaregroup.com\/app\/uploads\/Pia-Beck.jpg 493w, https:\/\/www.directhealthcaregroup.com\/app\/uploads\/Pia-Beck-300x226.jpg 300w, https:\/\/www.directhealthcaregroup.com\/app\/uploads\/Pia-Beck-320x241.jpg 320w, https:\/\/www.directhealthcaregroup.com\/app\/uploads\/Pia-Beck-296x223.jpg 296w\" sizes=\"auto, (max-width: 493px) 100vw, 493px\" \/><\/figure>\n<\/div>\n\n\n<h3 class=\"wp-block-heading has-text-align-center\"><strong>Pia Beck | DHG Educational Manager<\/strong><\/h3>\n\n\n\n<p>Pia har mere end 20 \u00e5rs erfaring p\u00e5 hj\u00e6lpemiddelomr\u00e5det og har stor erfaring inden for forflytnings- og lejringsomr\u00e5det. Det v\u00e6rende sig b\u00e5de den teoretiske og kliniske del. Pia har et stort kendskab til komplekse lejrings- og forflytningsudfordringer og bringer b\u00e5de sin teoretiske viden og praktiske erfaring i spil, for at l\u00f8se lige netop jeres udfordringer.<\/p>\n\n\n\n<p>Pia er en sprudlende formidler, der p\u00e5 sin helt s\u00e6rlige provokerende og humoristiske facon s\u00e6tter rammerne. Pia inddrager nyeste forskning og viden i undervisningen, og bringer gerne en lang r\u00e6kke af sine egne kliniske erfaringer i spil. Pia er videbeg\u00e6rlig, og er altid \u00e5ben overfor ny viden, s\u00e5 skulle du stille et sp\u00f8rgsm\u00e5l, som ikke kan besvares med det samme, vil du med garanti h\u00f8re fra Pia, n\u00e5r hun efterf\u00f8lgende har fundet en viden, der p\u00e5 den eller anden m\u00e5de kan belyse emnet.<\/p>\n\n\n\n<p class=\"has-text-align-center\">Pia Beck kan kontaktes p\u00e5:<br><strong>Mobil:<\/strong>&nbsp;+ 45 61 24 14 04<br><strong>Email:<\/strong>&nbsp;<a rel=\"noreferrer noopener\" href=\"mailto:pia.beck@directhealthcaregroup.com\" target=\"_blank\">pia.beck@directhealthcaregroup.com<\/a><\/p>\n","protected":false},"excerpt":{"rendered":"<p>Hos DHG tror vi p\u00e5 at vidensdeling er vejen frem til et forbedret sundhedsv\u00e6sen. Derfor udbyder vi en r\u00e6kke gratis webinarer om emner, der relaterer sig til plejekr\u00e6vende og eller sengeliggende mennesker. Faglighed i fokus Hos DHG tror vi p\u00e5 faglighed frem for alt. Derfor \u00f8nsker vi at bidrage til en god vidensdeling inden for &hellip; <a href=\"https:\/\/www.directhealthcaregroup.com\/da\/webinar\/\">Continued<\/a><\/p>\n","protected":false},"author":40,"featured_media":0,"parent":0,"menu_order":0,"comment_status":"closed","ping_status":"closed","template":"","meta":{"_acf_changed":false,"footnotes":""},"class_list":["post-186029","page","type-page","status-publish","hentry"],"acf":[],"yoast_head":"<!-- This site is optimized with the Yoast SEO plugin v26.6 - https:\/\/yoast.com\/wordpress\/plugins\/seo\/ -->\n<title>Webinar | DHG<\/title>\n<meta name=\"robots\" content=\"index, follow, max-snippet:-1, max-image-preview:large, max-video-preview:-1\" \/>\n<link rel=\"canonical\" href=\"https:\/\/www.directhealthcaregroup.com\/da\/webinar\/\" \/>\n<meta property=\"og:locale\" content=\"da_DK\" \/>\n<meta property=\"og:type\" content=\"article\" \/>\n<meta property=\"og:title\" content=\"Webinar | DHG\" \/>\n<meta property=\"og:description\" content=\"Hos DHG tror vi p\u00e5 at vidensdeling er vejen frem til et forbedret sundhedsv\u00e6sen. Derfor udbyder vi en r\u00e6kke gratis webinarer om emner, der relaterer sig til plejekr\u00e6vende og eller sengeliggende mennesker. Faglighed i fokus Hos DHG tror vi p\u00e5 faglighed frem for alt. Derfor \u00f8nsker vi at bidrage til en god vidensdeling inden for &hellip; Continued\" \/>\n<meta property=\"og:url\" content=\"https:\/\/www.directhealthcaregroup.com\/da\/webinar\/\" \/>\n<meta property=\"og:site_name\" content=\"DHG\" \/>\n<meta property=\"article:modified_time\" content=\"2026-01-23T10:58:50+00:00\" \/>\n<meta property=\"og:image\" content=\"https:\/\/www.directhealthcaregroup.com\/app\/uploads\/Pia-Beck.jpg\" \/>\n\t<meta property=\"og:image:width\" content=\"493\" \/>\n\t<meta property=\"og:image:height\" content=\"371\" \/>\n\t<meta property=\"og:image:type\" content=\"image\/jpeg\" \/>\n<meta name=\"twitter:card\" content=\"summary_large_image\" \/>\n<meta name=\"twitter:label1\" content=\"Est. reading time\" \/>\n\t<meta name=\"twitter:data1\" content=\"2 minutes\" \/>\n<script type=\"application\/ld+json\" class=\"yoast-schema-graph\">{\"@context\":\"https:\/\/schema.org\",\"@graph\":[{\"@type\":\"WebPage\",\"@id\":\"https:\/\/www.directhealthcaregroup.com\/da\/webinar\/\",\"url\":\"https:\/\/www.directhealthcaregroup.com\/da\/webinar\/\",\"name\":\"Webinar | DHG\",\"isPartOf\":{\"@id\":\"https:\/\/www.directhealthcaregroup.com\/#website\"},\"primaryImageOfPage\":{\"@id\":\"https:\/\/www.directhealthcaregroup.com\/da\/webinar\/#primaryimage\"},\"image\":{\"@id\":\"https:\/\/www.directhealthcaregroup.com\/da\/webinar\/#primaryimage\"},\"thumbnailUrl\":\"https:\/\/www.directhealthcaregroup.com\/app\/uploads\/Pia-Beck.jpg\",\"datePublished\":\"2023-06-13T13:18:09+00:00\",\"dateModified\":\"2026-01-23T10:58:50+00:00\",\"breadcrumb\":{\"@id\":\"https:\/\/www.directhealthcaregroup.com\/da\/webinar\/#breadcrumb\"},\"inLanguage\":\"da-DK\",\"potentialAction\":[{\"@type\":\"ReadAction\",\"target\":[\"https:\/\/www.directhealthcaregroup.com\/da\/webinar\/\"]}]},{\"@type\":\"ImageObject\",\"inLanguage\":\"da-DK\",\"@id\":\"https:\/\/www.directhealthcaregroup.com\/da\/webinar\/#primaryimage\",\"url\":\"https:\/\/www.directhealthcaregroup.com\/app\/uploads\/Pia-Beck.jpg\",\"contentUrl\":\"https:\/\/www.directhealthcaregroup.com\/app\/uploads\/Pia-Beck.jpg\"},{\"@type\":\"BreadcrumbList\",\"@id\":\"https:\/\/www.directhealthcaregroup.com\/da\/webinar\/#breadcrumb\",\"itemListElement\":[{\"@type\":\"ListItem\",\"position\":1,\"name\":\"Home\",\"item\":\"https:\/\/www.directhealthcaregroup.com\/da\/\"},{\"@type\":\"ListItem\",\"position\":2,\"name\":\"Webinar\"}]},{\"@type\":\"WebSite\",\"@id\":\"https:\/\/www.directhealthcaregroup.com\/#website\",\"url\":\"https:\/\/www.directhealthcaregroup.com\/\",\"name\":\"DHG\",\"description\":\"Moving Health Forward\",\"publisher\":{\"@id\":\"https:\/\/www.directhealthcaregroup.com\/#organization\"},\"potentialAction\":[{\"@type\":\"SearchAction\",\"target\":{\"@type\":\"EntryPoint\",\"urlTemplate\":\"https:\/\/www.directhealthcaregroup.com\/?s={search_term_string}\"},\"query-input\":{\"@type\":\"PropertyValueSpecification\",\"valueRequired\":true,\"valueName\":\"search_term_string\"}}],\"inLanguage\":\"da-DK\"},{\"@type\":\"Organization\",\"@id\":\"https:\/\/www.directhealthcaregroup.com\/#organization\",\"name\":\"Direct Healthcare Group\",\"url\":\"https:\/\/www.directhealthcaregroup.com\/\",\"logo\":{\"@type\":\"ImageObject\",\"inLanguage\":\"da-DK\",\"@id\":\"https:\/\/www.directhealthcaregroup.com\/#\/schema\/logo\/image\/\",\"url\":\"https:\/\/directhealthcaregroup.com\/app\/uploads\/dhg-logo.png\",\"contentUrl\":\"https:\/\/directhealthcaregroup.com\/app\/uploads\/dhg-logo.png\",\"width\":556,\"height\":240,\"caption\":\"Direct Healthcare Group\"},\"image\":{\"@id\":\"https:\/\/www.directhealthcaregroup.com\/#\/schema\/logo\/image\/\"}}]}<\/script>\n<!-- \/ Yoast SEO plugin. -->","yoast_head_json":{"title":"Webinar | DHG","robots":{"index":"index","follow":"follow","max-snippet":"max-snippet:-1","max-image-preview":"max-image-preview:large","max-video-preview":"max-video-preview:-1"},"canonical":"https:\/\/www.directhealthcaregroup.com\/da\/webinar\/","og_locale":"da_DK","og_type":"article","og_title":"Webinar | DHG","og_description":"Hos DHG tror vi p\u00e5 at vidensdeling er vejen frem til et forbedret sundhedsv\u00e6sen. Derfor udbyder vi en r\u00e6kke gratis webinarer om emner, der relaterer sig til plejekr\u00e6vende og eller sengeliggende mennesker. Faglighed i fokus Hos DHG tror vi p\u00e5 faglighed frem for alt. Derfor \u00f8nsker vi at bidrage til en god vidensdeling inden for &hellip; Continued","og_url":"https:\/\/www.directhealthcaregroup.com\/da\/webinar\/","og_site_name":"DHG","article_modified_time":"2026-01-23T10:58:50+00:00","og_image":[{"width":493,"height":371,"url":"https:\/\/www.directhealthcaregroup.com\/app\/uploads\/Pia-Beck.jpg","type":"image\/jpeg"}],"twitter_card":"summary_large_image","twitter_misc":{"Est. reading time":"2 minutes"},"schema":{"@context":"https:\/\/schema.org","@graph":[{"@type":"WebPage","@id":"https:\/\/www.directhealthcaregroup.com\/da\/webinar\/","url":"https:\/\/www.directhealthcaregroup.com\/da\/webinar\/","name":"Webinar | DHG","isPartOf":{"@id":"https:\/\/www.directhealthcaregroup.com\/#website"},"primaryImageOfPage":{"@id":"https:\/\/www.directhealthcaregroup.com\/da\/webinar\/#primaryimage"},"image":{"@id":"https:\/\/www.directhealthcaregroup.com\/da\/webinar\/#primaryimage"},"thumbnailUrl":"https:\/\/www.directhealthcaregroup.com\/app\/uploads\/Pia-Beck.jpg","datePublished":"2023-06-13T13:18:09+00:00","dateModified":"2026-01-23T10:58:50+00:00","breadcrumb":{"@id":"https:\/\/www.directhealthcaregroup.com\/da\/webinar\/#breadcrumb"},"inLanguage":"da-DK","potentialAction":[{"@type":"ReadAction","target":["https:\/\/www.directhealthcaregroup.com\/da\/webinar\/"]}]},{"@type":"ImageObject","inLanguage":"da-DK","@id":"https:\/\/www.directhealthcaregroup.com\/da\/webinar\/#primaryimage","url":"https:\/\/www.directhealthcaregroup.com\/app\/uploads\/Pia-Beck.jpg","contentUrl":"https:\/\/www.directhealthcaregroup.com\/app\/uploads\/Pia-Beck.jpg"},{"@type":"BreadcrumbList","@id":"https:\/\/www.directhealthcaregroup.com\/da\/webinar\/#breadcrumb","itemListElement":[{"@type":"ListItem","position":1,"name":"Home","item":"https:\/\/www.directhealthcaregroup.com\/da\/"},{"@type":"ListItem","position":2,"name":"Webinar"}]},{"@type":"WebSite","@id":"https:\/\/www.directhealthcaregroup.com\/#website","url":"https:\/\/www.directhealthcaregroup.com\/","name":"DHG","description":"Moving Health Forward","publisher":{"@id":"https:\/\/www.directhealthcaregroup.com\/#organization"},"potentialAction":[{"@type":"SearchAction","target":{"@type":"EntryPoint","urlTemplate":"https:\/\/www.directhealthcaregroup.com\/?s={search_term_string}"},"query-input":{"@type":"PropertyValueSpecification","valueRequired":true,"valueName":"search_term_string"}}],"inLanguage":"da-DK"},{"@type":"Organization","@id":"https:\/\/www.directhealthcaregroup.com\/#organization","name":"Direct Healthcare Group","url":"https:\/\/www.directhealthcaregroup.com\/","logo":{"@type":"ImageObject","inLanguage":"da-DK","@id":"https:\/\/www.directhealthcaregroup.com\/#\/schema\/logo\/image\/","url":"https:\/\/directhealthcaregroup.com\/app\/uploads\/dhg-logo.png","contentUrl":"https:\/\/directhealthcaregroup.com\/app\/uploads\/dhg-logo.png","width":556,"height":240,"caption":"Direct Healthcare Group"},"image":{"@id":"https:\/\/www.directhealthcaregroup.com\/#\/schema\/logo\/image\/"}}]}},"_links":{"self":[{"href":"https:\/\/www.directhealthcaregroup.com\/da\/wp-json\/wp\/v2\/pages\/186029","targetHints":{"allow":["GET"]}}],"collection":[{"href":"https:\/\/www.directhealthcaregroup.com\/da\/wp-json\/wp\/v2\/pages"}],"about":[{"href":"https:\/\/www.directhealthcaregroup.com\/da\/wp-json\/wp\/v2\/types\/page"}],"author":[{"embeddable":true,"href":"https:\/\/www.directhealthcaregroup.com\/da\/wp-json\/wp\/v2\/users\/40"}],"replies":[{"embeddable":true,"href":"https:\/\/www.directhealthcaregroup.com\/da\/wp-json\/wp\/v2\/comments?post=186029"}],"version-history":[{"count":9,"href":"https:\/\/www.directhealthcaregroup.com\/da\/wp-json\/wp\/v2\/pages\/186029\/revisions"}],"predecessor-version":[{"id":253946,"href":"https:\/\/www.directhealthcaregroup.com\/da\/wp-json\/wp\/v2\/pages\/186029\/revisions\/253946"}],"wp:attachment":[{"href":"https:\/\/www.directhealthcaregroup.com\/da\/wp-json\/wp\/v2\/media?parent=186029"}],"curies":[{"name":"wp","href":"https:\/\/api.w.org\/{rel}","templated":true}]}}