{"id":189997,"date":"2023-09-05T14:13:47","date_gmt":"2023-09-05T13:13:47","guid":{"rendered":"https:\/\/www.directhealthcaregroup.com\/?page_id=189997"},"modified":"2025-01-10T15:31:41","modified_gmt":"2025-01-10T15:31:41","slug":"lejringsagentuddannelsen","status":"publish","type":"page","link":"https:\/\/www.directhealthcaregroup.com\/da\/lejringsagentuddannelsen\/","title":{"rendered":"Lejringsagentuddannelsen"},"content":{"rendered":"\n<p>En praksisn\u00e6r uddannelse i tre moduler, der tager udgangspunkt i det daglige pleje- og omsorgsarbejde. Effekten af uddannelsen er velfunderede lejringsagenter, der med fagligheden i fokus, kan systematisere og videreformidle den teoretiske og praktiske lejringsindsats til kolleger, borgere og p\u00e5r\u00f8rende.<\/p>\n\n\n\n<h3 class=\"wp-block-heading\"><strong>Form\u00e5let med uddannelsen<\/strong><\/h3>\n\n\n\n<p>Lejring er et vidensomr\u00e5de, der fylder ganske minimalt p\u00e5 alle de sundhedsprofessionelle uddannelser, og bliver ofte betragtet som sekund\u00e6r i den almene pleje. Lejringsomr\u00e5det fortjener et mere specialiseret fokus i hverdagen, og derfor udbyder DHG nu den f\u00f8rste reelle lejringsuddannelse. <\/p>\n\n\n\n<p>Lejring er et af plejeomr\u00e5dets vigtigste indsatser i kampen mod v\u00e6vsskader, d\u00e5rligt psykisk og fysisk arbejdsmilj\u00f8 samt udadreagerende adf\u00e6rd. Lejringsagentuddannelsen hos DHG bygger p\u00e5 muligheder frem for begr\u00e6nsninger og har udgangspunkt i hverdagens arbejdsopgaver, fysiologisk og anatomisk viden, valg af lejringsmaterialer, sygdoms- billedet hos borgerne samt sundhedspersonalets arbejdsmilj\u00f8.<\/p>\n\n\n\n<h3 class=\"wp-block-heading\"><strong>Indhold<\/strong><\/h3>\n\n\n\n<p>Uddannelsen er opdelt i 3 moduler og best\u00e5r af teoretiske indl\u00e6g, diskussioner og erfaringsudveksling, og endelig praktisk lejringsarbejde, som det v\u00e6sentligste element. <\/p>\n\n\n\n<h3 class=\"wp-block-heading\"><strong>Modul 1: Hvad er lejring?<\/strong> <\/h3>\n\n\n\n<ul class=\"wp-block-list\">\n<li>Grundl\u00e6ggende teori omkring lejring<\/li>\n\n\n\n<li>Lejringsmaterialets betydning for lejringsindsatsen<\/li>\n\n\n\n<li>Kroppens sprog via det autonome nervesystem<\/li>\n\n\n\n<li>Lejring af udadreagerende og tryghedss\u00f8gende borgere<\/li>\n<\/ul>\n\n\n\n<h3 class=\"wp-block-heading\"><strong>Modul 2: Lejring og omsorgsp\u00e5f\u00f8rte s\u00e5r<\/strong> <\/h3>\n\n\n\n<ul class=\"wp-block-list\">\n<li>V\u00e6vsskader<\/li>\n\n\n\n<li>Forebyggende og behandlingsunderst\u00f8ttende lejring<\/li>\n<\/ul>\n\n\n\n<h3 class=\"wp-block-heading\"><strong>Modul 3: Respiration og APV <\/strong><\/h3>\n\n\n\n<ul class=\"wp-block-list\">\n<li>Respirationsunderst\u00f8ttende lejring<\/li>\n\n\n\n<li>Lejring som APV-underst\u00f8ttende redskab<\/li>\n<\/ul>\n\n\n\n<h3 class=\"wp-block-heading\"><strong>M\u00e5lgruppe<\/strong><\/h3>\n\n\n\n<p>M\u00e5lgruppen er: <\/p>\n\n\n\n<ul class=\"wp-block-list\">\n<li>Ergoterapeuter<\/li>\n\n\n\n<li>Fysioterapeuter<\/li>\n\n\n\n<li>Sygeplejersker<\/li>\n\n\n\n<li>Social og sundhedshj\u00e6lpere<\/li>\n\n\n\n<li>Social og sundhedsassistenter<\/li>\n\n\n\n<li>Forflytningsinstrukt\u00f8rer og vejledere<\/li>\n<\/ul>\n\n\n\n<p>\u00d8nsker I at f\u00e5 uddannet lejringsagenter i jeres kommune eller p\u00e5 jeres hospital, skal i blot kunne samle 16 personer, samt stille lokale og senge tilr\u00e5dighed. Kontakt Pia Beck for yderligere information p\u00e5 e-mail: <a href=\"mailto:pia.beck@directhealthcaregroup.com\">pia.beck@directhealthcaregroup.com<\/a>&nbsp;&nbsp;&nbsp;&nbsp;&nbsp;&nbsp;&nbsp;&nbsp;&nbsp;&nbsp;<\/p>\n\n\n\n<p><\/p>\n","protected":false},"excerpt":{"rendered":"<p>En praksisn\u00e6r uddannelse i tre moduler, der tager udgangspunkt i det daglige pleje- og omsorgsarbejde. Effekten af uddannelsen er velfunderede lejringsagenter, der med fagligheden i fokus, kan systematisere og videreformidle den teoretiske og praktiske lejringsindsats til kolleger, borgere og p\u00e5r\u00f8rende. Form\u00e5let med uddannelsen Lejring er et vidensomr\u00e5de, der fylder ganske minimalt p\u00e5 alle de sundhedsprofessionelle &hellip; <a href=\"https:\/\/www.directhealthcaregroup.com\/da\/lejringsagentuddannelsen\/\">Continued<\/a><\/p>\n","protected":false},"author":40,"featured_media":0,"parent":0,"menu_order":0,"comment_status":"closed","ping_status":"closed","template":"","meta":{"_acf_changed":false,"footnotes":""},"class_list":["post-189997","page","type-page","status-publish","hentry"],"acf":[],"yoast_head":"<!-- This site is optimized with the Yoast SEO plugin v26.6 - https:\/\/yoast.com\/wordpress\/plugins\/seo\/ -->\n<title>Lejringsagentuddannelsen | DHG<\/title>\n<meta name=\"description\" content=\"Lejringsagentuddannelsen er en praksisn\u00e6r uddannelse i tre moduler, der tager udgangspunkt i det daglige pleje- og omsorgsarbejde.\" \/>\n<meta name=\"robots\" content=\"index, follow, max-snippet:-1, max-image-preview:large, max-video-preview:-1\" \/>\n<link rel=\"canonical\" href=\"https:\/\/www.directhealthcaregroup.com\/da\/lejringsagentuddannelsen\/\" \/>\n<meta property=\"og:locale\" content=\"da_DK\" \/>\n<meta property=\"og:type\" content=\"article\" \/>\n<meta property=\"og:title\" content=\"Lejringsagentuddannelsen | DHG\" \/>\n<meta property=\"og:description\" content=\"Lejringsagentuddannelsen er en praksisn\u00e6r uddannelse i tre moduler, der tager udgangspunkt i det daglige pleje- og omsorgsarbejde.\" \/>\n<meta property=\"og:url\" content=\"https:\/\/www.directhealthcaregroup.com\/da\/lejringsagentuddannelsen\/\" \/>\n<meta property=\"og:site_name\" content=\"DHG\" \/>\n<meta property=\"article:modified_time\" content=\"2025-01-10T15:31:41+00:00\" \/>\n<meta name=\"twitter:card\" content=\"summary_large_image\" \/>\n<meta name=\"twitter:label1\" content=\"Est. reading time\" \/>\n\t<meta name=\"twitter:data1\" content=\"1 minute\" \/>\n<script type=\"application\/ld+json\" class=\"yoast-schema-graph\">{\"@context\":\"https:\/\/schema.org\",\"@graph\":[{\"@type\":\"WebPage\",\"@id\":\"https:\/\/www.directhealthcaregroup.com\/da\/lejringsagentuddannelsen\/\",\"url\":\"https:\/\/www.directhealthcaregroup.com\/da\/lejringsagentuddannelsen\/\",\"name\":\"Lejringsagentuddannelsen | DHG\",\"isPartOf\":{\"@id\":\"https:\/\/www.directhealthcaregroup.com\/#website\"},\"datePublished\":\"2023-09-05T13:13:47+00:00\",\"dateModified\":\"2025-01-10T15:31:41+00:00\",\"description\":\"Lejringsagentuddannelsen er en praksisn\u00e6r uddannelse i tre moduler, der tager udgangspunkt i det daglige pleje- og omsorgsarbejde.\",\"breadcrumb\":{\"@id\":\"https:\/\/www.directhealthcaregroup.com\/da\/lejringsagentuddannelsen\/#breadcrumb\"},\"inLanguage\":\"da-DK\",\"potentialAction\":[{\"@type\":\"ReadAction\",\"target\":[\"https:\/\/www.directhealthcaregroup.com\/da\/lejringsagentuddannelsen\/\"]}]},{\"@type\":\"BreadcrumbList\",\"@id\":\"https:\/\/www.directhealthcaregroup.com\/da\/lejringsagentuddannelsen\/#breadcrumb\",\"itemListElement\":[{\"@type\":\"ListItem\",\"position\":1,\"name\":\"Home\",\"item\":\"https:\/\/www.directhealthcaregroup.com\/da\/\"},{\"@type\":\"ListItem\",\"position\":2,\"name\":\"Lejringsagentuddannelsen\"}]},{\"@type\":\"WebSite\",\"@id\":\"https:\/\/www.directhealthcaregroup.com\/#website\",\"url\":\"https:\/\/www.directhealthcaregroup.com\/\",\"name\":\"DHG\",\"description\":\"Moving Health Forward\",\"publisher\":{\"@id\":\"https:\/\/www.directhealthcaregroup.com\/#organization\"},\"potentialAction\":[{\"@type\":\"SearchAction\",\"target\":{\"@type\":\"EntryPoint\",\"urlTemplate\":\"https:\/\/www.directhealthcaregroup.com\/?s={search_term_string}\"},\"query-input\":{\"@type\":\"PropertyValueSpecification\",\"valueRequired\":true,\"valueName\":\"search_term_string\"}}],\"inLanguage\":\"da-DK\"},{\"@type\":\"Organization\",\"@id\":\"https:\/\/www.directhealthcaregroup.com\/#organization\",\"name\":\"Direct Healthcare Group\",\"url\":\"https:\/\/www.directhealthcaregroup.com\/\",\"logo\":{\"@type\":\"ImageObject\",\"inLanguage\":\"da-DK\",\"@id\":\"https:\/\/www.directhealthcaregroup.com\/#\/schema\/logo\/image\/\",\"url\":\"https:\/\/directhealthcaregroup.com\/app\/uploads\/dhg-logo.png\",\"contentUrl\":\"https:\/\/directhealthcaregroup.com\/app\/uploads\/dhg-logo.png\",\"width\":556,\"height\":240,\"caption\":\"Direct Healthcare Group\"},\"image\":{\"@id\":\"https:\/\/www.directhealthcaregroup.com\/#\/schema\/logo\/image\/\"}}]}<\/script>\n<!-- \/ Yoast SEO plugin. -->","yoast_head_json":{"title":"Lejringsagentuddannelsen | DHG","description":"Lejringsagentuddannelsen er en praksisn\u00e6r uddannelse i tre moduler, der tager udgangspunkt i det daglige pleje- og omsorgsarbejde.","robots":{"index":"index","follow":"follow","max-snippet":"max-snippet:-1","max-image-preview":"max-image-preview:large","max-video-preview":"max-video-preview:-1"},"canonical":"https:\/\/www.directhealthcaregroup.com\/da\/lejringsagentuddannelsen\/","og_locale":"da_DK","og_type":"article","og_title":"Lejringsagentuddannelsen | DHG","og_description":"Lejringsagentuddannelsen er en praksisn\u00e6r uddannelse i tre moduler, der tager udgangspunkt i det daglige pleje- og omsorgsarbejde.","og_url":"https:\/\/www.directhealthcaregroup.com\/da\/lejringsagentuddannelsen\/","og_site_name":"DHG","article_modified_time":"2025-01-10T15:31:41+00:00","twitter_card":"summary_large_image","twitter_misc":{"Est. reading time":"1 minute"},"schema":{"@context":"https:\/\/schema.org","@graph":[{"@type":"WebPage","@id":"https:\/\/www.directhealthcaregroup.com\/da\/lejringsagentuddannelsen\/","url":"https:\/\/www.directhealthcaregroup.com\/da\/lejringsagentuddannelsen\/","name":"Lejringsagentuddannelsen | DHG","isPartOf":{"@id":"https:\/\/www.directhealthcaregroup.com\/#website"},"datePublished":"2023-09-05T13:13:47+00:00","dateModified":"2025-01-10T15:31:41+00:00","description":"Lejringsagentuddannelsen er en praksisn\u00e6r uddannelse i tre moduler, der tager udgangspunkt i det daglige pleje- og omsorgsarbejde.","breadcrumb":{"@id":"https:\/\/www.directhealthcaregroup.com\/da\/lejringsagentuddannelsen\/#breadcrumb"},"inLanguage":"da-DK","potentialAction":[{"@type":"ReadAction","target":["https:\/\/www.directhealthcaregroup.com\/da\/lejringsagentuddannelsen\/"]}]},{"@type":"BreadcrumbList","@id":"https:\/\/www.directhealthcaregroup.com\/da\/lejringsagentuddannelsen\/#breadcrumb","itemListElement":[{"@type":"ListItem","position":1,"name":"Home","item":"https:\/\/www.directhealthcaregroup.com\/da\/"},{"@type":"ListItem","position":2,"name":"Lejringsagentuddannelsen"}]},{"@type":"WebSite","@id":"https:\/\/www.directhealthcaregroup.com\/#website","url":"https:\/\/www.directhealthcaregroup.com\/","name":"DHG","description":"Moving Health Forward","publisher":{"@id":"https:\/\/www.directhealthcaregroup.com\/#organization"},"potentialAction":[{"@type":"SearchAction","target":{"@type":"EntryPoint","urlTemplate":"https:\/\/www.directhealthcaregroup.com\/?s={search_term_string}"},"query-input":{"@type":"PropertyValueSpecification","valueRequired":true,"valueName":"search_term_string"}}],"inLanguage":"da-DK"},{"@type":"Organization","@id":"https:\/\/www.directhealthcaregroup.com\/#organization","name":"Direct Healthcare Group","url":"https:\/\/www.directhealthcaregroup.com\/","logo":{"@type":"ImageObject","inLanguage":"da-DK","@id":"https:\/\/www.directhealthcaregroup.com\/#\/schema\/logo\/image\/","url":"https:\/\/directhealthcaregroup.com\/app\/uploads\/dhg-logo.png","contentUrl":"https:\/\/directhealthcaregroup.com\/app\/uploads\/dhg-logo.png","width":556,"height":240,"caption":"Direct Healthcare Group"},"image":{"@id":"https:\/\/www.directhealthcaregroup.com\/#\/schema\/logo\/image\/"}}]}},"_links":{"self":[{"href":"https:\/\/www.directhealthcaregroup.com\/da\/wp-json\/wp\/v2\/pages\/189997","targetHints":{"allow":["GET"]}}],"collection":[{"href":"https:\/\/www.directhealthcaregroup.com\/da\/wp-json\/wp\/v2\/pages"}],"about":[{"href":"https:\/\/www.directhealthcaregroup.com\/da\/wp-json\/wp\/v2\/types\/page"}],"author":[{"embeddable":true,"href":"https:\/\/www.directhealthcaregroup.com\/da\/wp-json\/wp\/v2\/users\/40"}],"replies":[{"embeddable":true,"href":"https:\/\/www.directhealthcaregroup.com\/da\/wp-json\/wp\/v2\/comments?post=189997"}],"version-history":[{"count":16,"href":"https:\/\/www.directhealthcaregroup.com\/da\/wp-json\/wp\/v2\/pages\/189997\/revisions"}],"predecessor-version":[{"id":239764,"href":"https:\/\/www.directhealthcaregroup.com\/da\/wp-json\/wp\/v2\/pages\/189997\/revisions\/239764"}],"wp:attachment":[{"href":"https:\/\/www.directhealthcaregroup.com\/da\/wp-json\/wp\/v2\/media?parent=189997"}],"curies":[{"name":"wp","href":"https:\/\/api.w.org\/{rel}","templated":true}]}}