{"id":5649,"date":"2018-01-03T11:56:17","date_gmt":"2018-01-03T11:56:17","guid":{"rendered":"http:\/\/directhealthcaregroup.com\/auditing\/"},"modified":"2018-01-08T11:22:52","modified_gmt":"2018-01-08T11:22:52","slug":"auditing","status":"publish","type":"page","link":"https:\/\/www.directhealthcaregroup.com\/de\/auditing\/","title":{"rendered":"Audit"},"content":{"rendered":"<p><a href=\"http:\/\/directhealthcareservices.co.uk\/wp-content\/uploads\/2013\/01\/auditing.jpg\"><img loading=\"lazy\" decoding=\"async\" class=\"alignright wp-image-3532 size-full\" src=\"http:\/\/directhealthcareservices.co.uk\/wp-content\/uploads\/2013\/01\/auditing.jpg\" alt=\"auditing\" width=\"300\" height=\"212\" \/><\/a>Direct Healthcare Group verf\u00fcgt \u00fcber eine langj\u00e4hrige Erfahrung bei der Produktion und Bereitstellung von Produkten zur Versorgung von Dekubitus. Aufgrund des Wissens und der Fachkompetenz unserer Mitarbeiter im Klinik- und Entwicklungsbereich verf\u00fcgen wir \u00fcber das n\u00f6tige K\u00f6nnen, um ein qualitativ hochwertiges Audit Ihrer Ausstattung anzubieten. Durch die konkreten Erfahrungen auf dem Gebiet des Audits von speziellen Schaummatratzen innerhalb des NHS Trusts (das Gesundheitssystem des Vereinigten K\u00f6nigsreichs) haben unserer Audit-Teams zehntausende von professionellen Evaluierungen von medizinischer Ausr\u00fcstung durchgef\u00fchrt.<\/p>\n<p>Da sich das Bewusstsein f\u00fcr die Infektionsbek\u00e4mpfung und auch die Bedenken hinsichtlich der Sicherheit der Patienten verst\u00e4rkt hat, ist es besonders wichtig, dem Management und dem Pflegepersonal Sicherheit zu bieten, so dass ein zuverl\u00e4ssiger Standard f\u00fcr die Ausr\u00fcstung, die in der gesamten Versorgungeingesetzt wird, gew\u00e4hrleistet wird.<\/p>\n<p>Audits f\u00fcr die Ausr\u00fcstung m\u00fcssen mit dem n\u00f6tigen Feingef\u00fchl durchgef\u00fchrt werden, insbesondere, wenn die Patienten mit der Ausr\u00fcstung, die noch vollst\u00e4ndig evaluiert werden muss, in Kontakt kommen. Es muss mit besonderer Diskretion vorgegangen werden, wenn sich der zu behandelnde Patient in der N\u00e4he der potenziell \u201akaputten oder fehlerhaften\u2018 Ausr\u00fcstung befindet. Unsere Teams haben eine besondere Ausbildung und wissen mit einer solchen Situation umzugehen, indem sie ein System zur verbalen Codierung anwenden, wenn sie ein Audit durchf\u00fchren. Dadurch k\u00f6nnen nur ausgebildete Mitarbeiter (und nat\u00fcrlich die Mitarbeiter des NHS und diejenigen, die unsere Techniken kennen) verstehen, in welchem Zustand sich die Ausr\u00fcstung befindet.<\/p>\n<p>Unsere \u201aVorplanungsbesuche\u2018 erm\u00f6glichen es unseren Audit Managern, die wichtigsten Mitarbeiter, die in den Auditprozess involviert sind, kennenzulernen.<\/p>\n<p>Danach evaluieren wir alle \u00d6rtlichkeiten, die in das Audit involviert sind (oftmals mehrere Krankenh\u00e4user oder Pflegeheime), insbesondere konzentrieren wir uns auf vorbeugende Ma\u00dfnahmen f\u00fcr die Infektionsbek\u00e4mpfung, wenn wir vor Ort sind, und auch den Zugang und Sicherheitsma\u00dfnahmen, um nur einige wenige der Kernbereiche zu nennen.<\/p>\n<p>Die Durchf\u00fchrung eines Audits der Ausstattung ist eine sehr anspruchsvolle Aufgabe und bedarf umfangreicher Planung und eines gro\u00dfen Zeitaufwandes f\u00fcr die Fertigstellung. Wir bieten Ihnen eine Dienstleistung an, die das alles und noch vieles mehr anbietet, ohne dass Sie sich damit befassen m\u00fcssen. Rufen Sie uns einfach an, und wir k\u00f6nnen einen Termin mit einem unserer Audit Manager oder einem unserer ortsans\u00e4ssigen Business Development Managern vereinbaren, mit dem Sie unser Dienstleistungsangebot genauer besprechen k\u00f6nnen.<\/p>\n<p>In den meisten F\u00e4llen kann Direct Healthcare Neukunden diese Dienstleistungen zu einem stark erm\u00e4\u00dfigten Preis anbieten. Sollten sich unsere Kunden dazu entscheiden, bei der Fertigstellung des Audits ein notwendiges Produkt unseres Angebots an Spezialausr\u00fcstung zu kaufen, k\u00f6nnen wir Ihnen die Dienstleistung KOSTENLOS anbieten.<\/p>\n<p>Unsere Teams stehen bereit und freuen sich darauf, Ihre Anforderungen zu besprechen. Wir freuen uns darauf, zu erfahren, wie wir bei Direct Healthcare auch unser \u201aVersprechen an Sie halten k\u00f6nnen\u2018.<\/p>\n","protected":false},"excerpt":{"rendered":"<p>Direct Healthcare Group verf\u00fcgt \u00fcber eine langj\u00e4hrige Erfahrung bei der Produktion und Bereitstellung von Produkten zur Versorgung von Dekubitus. Aufgrund des Wissens und der Fachkompetenz unserer Mitarbeiter im Klinik- und Entwicklungsbereich verf\u00fcgen wir \u00fcber das n\u00f6tige K\u00f6nnen, um ein qualitativ hochwertiges Audit Ihrer Ausstattung anzubieten. Durch die konkreten Erfahrungen auf dem Gebiet des Audits von &hellip; <a href=\"https:\/\/www.directhealthcaregroup.com\/de\/auditing\/\">Continued<\/a><\/p>\n","protected":false},"author":2,"featured_media":0,"parent":0,"menu_order":0,"comment_status":"closed","ping_status":"closed","template":"","meta":{"_acf_changed":false,"footnotes":""},"class_list":["post-5649","page","type-page","status-publish","hentry"],"acf":[],"yoast_head":"<!-- This site is optimized with the Yoast SEO plugin v26.6 - https:\/\/yoast.com\/wordpress\/plugins\/seo\/ -->\n<title>Audit | DHG<\/title>\n<meta name=\"robots\" content=\"index, follow, max-snippet:-1, max-image-preview:large, max-video-preview:-1\" \/>\n<link rel=\"canonical\" href=\"https:\/\/www.directhealthcaregroup.com\/de\/auditing\/\" \/>\n<meta property=\"og:locale\" content=\"de_DE\" \/>\n<meta property=\"og:type\" content=\"article\" \/>\n<meta property=\"og:title\" content=\"Audit | DHG\" \/>\n<meta property=\"og:description\" content=\"Direct Healthcare Group verf\u00fcgt \u00fcber eine langj\u00e4hrige Erfahrung bei der Produktion und Bereitstellung von Produkten zur Versorgung von Dekubitus. Aufgrund des Wissens und der Fachkompetenz unserer Mitarbeiter im Klinik- und Entwicklungsbereich verf\u00fcgen wir \u00fcber das n\u00f6tige K\u00f6nnen, um ein qualitativ hochwertiges Audit Ihrer Ausstattung anzubieten. Durch die konkreten Erfahrungen auf dem Gebiet des Audits von &hellip; Continued\" \/>\n<meta property=\"og:url\" content=\"https:\/\/www.directhealthcaregroup.com\/de\/auditing\/\" \/>\n<meta property=\"og:site_name\" content=\"DHG\" \/>\n<meta property=\"article:modified_time\" content=\"2018-01-08T11:22:52+00:00\" \/>\n<meta name=\"twitter:card\" content=\"summary_large_image\" \/>\n<meta name=\"twitter:label1\" content=\"Est. reading time\" \/>\n\t<meta name=\"twitter:data1\" content=\"2 minutes\" \/>\n<script type=\"application\/ld+json\" class=\"yoast-schema-graph\">{\"@context\":\"https:\/\/schema.org\",\"@graph\":[{\"@type\":\"WebPage\",\"@id\":\"https:\/\/www.directhealthcaregroup.com\/de\/auditing\/\",\"url\":\"https:\/\/www.directhealthcaregroup.com\/de\/auditing\/\",\"name\":\"Audit | DHG\",\"isPartOf\":{\"@id\":\"https:\/\/www.directhealthcaregroup.com\/#website\"},\"primaryImageOfPage\":{\"@id\":\"https:\/\/www.directhealthcaregroup.com\/de\/auditing\/#primaryimage\"},\"image\":{\"@id\":\"https:\/\/www.directhealthcaregroup.com\/de\/auditing\/#primaryimage\"},\"thumbnailUrl\":\"http:\/\/directhealthcareservices.co.uk\/wp-content\/uploads\/2013\/01\/auditing.jpg\",\"datePublished\":\"2018-01-03T11:56:17+00:00\",\"dateModified\":\"2018-01-08T11:22:52+00:00\",\"breadcrumb\":{\"@id\":\"https:\/\/www.directhealthcaregroup.com\/de\/auditing\/#breadcrumb\"},\"inLanguage\":\"de-DE\",\"potentialAction\":[{\"@type\":\"ReadAction\",\"target\":[\"https:\/\/www.directhealthcaregroup.com\/de\/auditing\/\"]}]},{\"@type\":\"ImageObject\",\"inLanguage\":\"de-DE\",\"@id\":\"https:\/\/www.directhealthcaregroup.com\/de\/auditing\/#primaryimage\",\"url\":\"http:\/\/directhealthcareservices.co.uk\/wp-content\/uploads\/2013\/01\/auditing.jpg\",\"contentUrl\":\"http:\/\/directhealthcareservices.co.uk\/wp-content\/uploads\/2013\/01\/auditing.jpg\"},{\"@type\":\"BreadcrumbList\",\"@id\":\"https:\/\/www.directhealthcaregroup.com\/de\/auditing\/#breadcrumb\",\"itemListElement\":[{\"@type\":\"ListItem\",\"position\":1,\"name\":\"Home\",\"item\":\"https:\/\/www.directhealthcaregroup.com\/de\/\"},{\"@type\":\"ListItem\",\"position\":2,\"name\":\"Audit\"}]},{\"@type\":\"WebSite\",\"@id\":\"https:\/\/www.directhealthcaregroup.com\/#website\",\"url\":\"https:\/\/www.directhealthcaregroup.com\/\",\"name\":\"DHG\",\"description\":\"Moving Health Forward\",\"publisher\":{\"@id\":\"https:\/\/www.directhealthcaregroup.com\/#organization\"},\"potentialAction\":[{\"@type\":\"SearchAction\",\"target\":{\"@type\":\"EntryPoint\",\"urlTemplate\":\"https:\/\/www.directhealthcaregroup.com\/?s={search_term_string}\"},\"query-input\":{\"@type\":\"PropertyValueSpecification\",\"valueRequired\":true,\"valueName\":\"search_term_string\"}}],\"inLanguage\":\"de-DE\"},{\"@type\":\"Organization\",\"@id\":\"https:\/\/www.directhealthcaregroup.com\/#organization\",\"name\":\"Direct Healthcare Group\",\"url\":\"https:\/\/www.directhealthcaregroup.com\/\",\"logo\":{\"@type\":\"ImageObject\",\"inLanguage\":\"de-DE\",\"@id\":\"https:\/\/www.directhealthcaregroup.com\/#\/schema\/logo\/image\/\",\"url\":\"https:\/\/directhealthcaregroup.com\/app\/uploads\/dhg-logo.png\",\"contentUrl\":\"https:\/\/directhealthcaregroup.com\/app\/uploads\/dhg-logo.png\",\"width\":556,\"height\":240,\"caption\":\"Direct Healthcare Group\"},\"image\":{\"@id\":\"https:\/\/www.directhealthcaregroup.com\/#\/schema\/logo\/image\/\"}}]}<\/script>\n<!-- \/ Yoast SEO plugin. -->","yoast_head_json":{"title":"Audit | DHG","robots":{"index":"index","follow":"follow","max-snippet":"max-snippet:-1","max-image-preview":"max-image-preview:large","max-video-preview":"max-video-preview:-1"},"canonical":"https:\/\/www.directhealthcaregroup.com\/de\/auditing\/","og_locale":"de_DE","og_type":"article","og_title":"Audit | DHG","og_description":"Direct Healthcare Group verf\u00fcgt \u00fcber eine langj\u00e4hrige Erfahrung bei der Produktion und Bereitstellung von Produkten zur Versorgung von Dekubitus. Aufgrund des Wissens und der Fachkompetenz unserer Mitarbeiter im Klinik- und Entwicklungsbereich verf\u00fcgen wir \u00fcber das n\u00f6tige K\u00f6nnen, um ein qualitativ hochwertiges Audit Ihrer Ausstattung anzubieten. Durch die konkreten Erfahrungen auf dem Gebiet des Audits von &hellip; Continued","og_url":"https:\/\/www.directhealthcaregroup.com\/de\/auditing\/","og_site_name":"DHG","article_modified_time":"2018-01-08T11:22:52+00:00","twitter_card":"summary_large_image","twitter_misc":{"Est. reading time":"2 minutes"},"schema":{"@context":"https:\/\/schema.org","@graph":[{"@type":"WebPage","@id":"https:\/\/www.directhealthcaregroup.com\/de\/auditing\/","url":"https:\/\/www.directhealthcaregroup.com\/de\/auditing\/","name":"Audit | DHG","isPartOf":{"@id":"https:\/\/www.directhealthcaregroup.com\/#website"},"primaryImageOfPage":{"@id":"https:\/\/www.directhealthcaregroup.com\/de\/auditing\/#primaryimage"},"image":{"@id":"https:\/\/www.directhealthcaregroup.com\/de\/auditing\/#primaryimage"},"thumbnailUrl":"http:\/\/directhealthcareservices.co.uk\/wp-content\/uploads\/2013\/01\/auditing.jpg","datePublished":"2018-01-03T11:56:17+00:00","dateModified":"2018-01-08T11:22:52+00:00","breadcrumb":{"@id":"https:\/\/www.directhealthcaregroup.com\/de\/auditing\/#breadcrumb"},"inLanguage":"de-DE","potentialAction":[{"@type":"ReadAction","target":["https:\/\/www.directhealthcaregroup.com\/de\/auditing\/"]}]},{"@type":"ImageObject","inLanguage":"de-DE","@id":"https:\/\/www.directhealthcaregroup.com\/de\/auditing\/#primaryimage","url":"http:\/\/directhealthcareservices.co.uk\/wp-content\/uploads\/2013\/01\/auditing.jpg","contentUrl":"http:\/\/directhealthcareservices.co.uk\/wp-content\/uploads\/2013\/01\/auditing.jpg"},{"@type":"BreadcrumbList","@id":"https:\/\/www.directhealthcaregroup.com\/de\/auditing\/#breadcrumb","itemListElement":[{"@type":"ListItem","position":1,"name":"Home","item":"https:\/\/www.directhealthcaregroup.com\/de\/"},{"@type":"ListItem","position":2,"name":"Audit"}]},{"@type":"WebSite","@id":"https:\/\/www.directhealthcaregroup.com\/#website","url":"https:\/\/www.directhealthcaregroup.com\/","name":"DHG","description":"Moving Health Forward","publisher":{"@id":"https:\/\/www.directhealthcaregroup.com\/#organization"},"potentialAction":[{"@type":"SearchAction","target":{"@type":"EntryPoint","urlTemplate":"https:\/\/www.directhealthcaregroup.com\/?s={search_term_string}"},"query-input":{"@type":"PropertyValueSpecification","valueRequired":true,"valueName":"search_term_string"}}],"inLanguage":"de-DE"},{"@type":"Organization","@id":"https:\/\/www.directhealthcaregroup.com\/#organization","name":"Direct Healthcare Group","url":"https:\/\/www.directhealthcaregroup.com\/","logo":{"@type":"ImageObject","inLanguage":"de-DE","@id":"https:\/\/www.directhealthcaregroup.com\/#\/schema\/logo\/image\/","url":"https:\/\/directhealthcaregroup.com\/app\/uploads\/dhg-logo.png","contentUrl":"https:\/\/directhealthcaregroup.com\/app\/uploads\/dhg-logo.png","width":556,"height":240,"caption":"Direct Healthcare Group"},"image":{"@id":"https:\/\/www.directhealthcaregroup.com\/#\/schema\/logo\/image\/"}}]}},"_links":{"self":[{"href":"https:\/\/www.directhealthcaregroup.com\/de\/wp-json\/wp\/v2\/pages\/5649","targetHints":{"allow":["GET"]}}],"collection":[{"href":"https:\/\/www.directhealthcaregroup.com\/de\/wp-json\/wp\/v2\/pages"}],"about":[{"href":"https:\/\/www.directhealthcaregroup.com\/de\/wp-json\/wp\/v2\/types\/page"}],"author":[{"embeddable":true,"href":"https:\/\/www.directhealthcaregroup.com\/de\/wp-json\/wp\/v2\/users\/2"}],"replies":[{"embeddable":true,"href":"https:\/\/www.directhealthcaregroup.com\/de\/wp-json\/wp\/v2\/comments?post=5649"}],"version-history":[{"count":2,"href":"https:\/\/www.directhealthcaregroup.com\/de\/wp-json\/wp\/v2\/pages\/5649\/revisions"}],"predecessor-version":[{"id":5654,"href":"https:\/\/www.directhealthcaregroup.com\/de\/wp-json\/wp\/v2\/pages\/5649\/revisions\/5654"}],"wp:attachment":[{"href":"https:\/\/www.directhealthcaregroup.com\/de\/wp-json\/wp\/v2\/media?parent=5649"}],"curies":[{"name":"wp","href":"https:\/\/api.w.org\/{rel}","templated":true}]}}