{"id":6952,"date":"2018-01-03T11:50:17","date_gmt":"2018-01-03T11:50:17","guid":{"rendered":"http:\/\/directhealthcaregroup.com\/financial-solutions\/"},"modified":"2018-01-12T11:19:46","modified_gmt":"2018-01-12T11:19:46","slug":"financial-solutions","status":"publish","type":"page","link":"https:\/\/www.directhealthcaregroup.com\/de\/financial-solutions\/","title":{"rendered":"Finanzl\u00f6sungen"},"content":{"rendered":"<p>Wir bei Direct Healthcare Group, dass die Bereitstellung von den besten, innovativsten Wundheilprodukten nur ein Teil der Gesamtl\u00f6sung f\u00fcr unsere Kunden ist.<\/p>\n<p>In unserem Unternehmen, das den Ruf hat, besonders kundenorientiert zu sein, m\u00f6chten wir den Kauf unserer Produkte f\u00fcr unsere Kunden so einfach wie m\u00f6glich gestalten.<\/p>\n<p>Wir sind an einer langj\u00e4hrigen Beziehung mit unseren Kunden interessiert, und mit diesem Ziel im Hinterkopf sind wir immer dazu bereit, flexible Zahlungsl\u00f6sungen in Erw\u00e4gung zu ziehen, um die individuellen finanziellen M\u00f6glichkeiten unserer Kunden nicht zu \u00fcberschreiten.<\/p>\n<p>Unsere flexiblen Zahlungsl\u00f6sungen bieten eine Bandbreite an alternativen Zahlungsm\u00f6glichkeiten, um Ihnen entgegenzukommen.<\/p>\n<p>Einige der Optionen sind:<\/p>\n<ul>\n<li>Anmietung<\/li>\n<li>Ausr\u00fcstungs-Leasingvertrag<\/li>\n<li>Finanzierungsleasing<\/li>\n<li>\u201aManaged Service\u2018 f\u00fcr die Ausr\u00fcstung<\/li>\n<li>J\u00e4hrliche, viertelj\u00e4hrliche oder monatliche Zahlungen<\/li>\n<li>Ratenzahlungen<\/li>\n<li>Geb\u00fchr pro Verwendung<\/li>\n<\/ul>\n<p>Wir bei Direct Healthcare Services k\u00f6nnen Ihnen einen flexiblen Zahlungsplan kreieren, der auf Ihre speziellen Bed\u00fcrfnisse eingeht.<\/p>\n<p>Bitte kontaktieren Sie uns direkt oder per E-Mail, um weitere Informationen zu erhalten <a href=\"mailto:financesolutions@directhealthcaregroup.com\">financesolutions@directhealthcaregroup.com<\/a><\/p>\n","protected":false},"excerpt":{"rendered":"<p>Wir bei Direct Healthcare Group, dass die Bereitstellung von den besten, innovativsten Wundheilprodukten nur ein Teil der Gesamtl\u00f6sung f\u00fcr unsere Kunden ist. In unserem Unternehmen, das den Ruf hat, besonders kundenorientiert zu sein, m\u00f6chten wir den Kauf unserer Produkte f\u00fcr unsere Kunden so einfach wie m\u00f6glich gestalten. Wir sind an einer langj\u00e4hrigen Beziehung mit unseren &hellip; <a href=\"https:\/\/www.directhealthcaregroup.com\/de\/financial-solutions\/\">Continued<\/a><\/p>\n","protected":false},"author":2,"featured_media":0,"parent":0,"menu_order":0,"comment_status":"closed","ping_status":"closed","template":"","meta":{"_acf_changed":false,"footnotes":""},"class_list":["post-6952","page","type-page","status-publish","hentry"],"acf":[],"yoast_head":"<!-- This site is optimized with the Yoast SEO plugin v26.6 - https:\/\/yoast.com\/wordpress\/plugins\/seo\/ -->\n<title>Finanzl\u00f6sungen | DHG<\/title>\n<meta name=\"robots\" content=\"index, follow, max-snippet:-1, max-image-preview:large, max-video-preview:-1\" \/>\n<link rel=\"canonical\" href=\"https:\/\/www.directhealthcaregroup.com\/de\/financial-solutions\/\" \/>\n<meta property=\"og:locale\" content=\"de_DE\" \/>\n<meta property=\"og:type\" content=\"article\" \/>\n<meta property=\"og:title\" content=\"Finanzl\u00f6sungen | DHG\" \/>\n<meta property=\"og:description\" content=\"Wir bei Direct Healthcare Group, dass die Bereitstellung von den besten, innovativsten Wundheilprodukten nur ein Teil der Gesamtl\u00f6sung f\u00fcr unsere Kunden ist. In unserem Unternehmen, das den Ruf hat, besonders kundenorientiert zu sein, m\u00f6chten wir den Kauf unserer Produkte f\u00fcr unsere Kunden so einfach wie m\u00f6glich gestalten. Wir sind an einer langj\u00e4hrigen Beziehung mit unseren &hellip; Continued\" \/>\n<meta property=\"og:url\" content=\"https:\/\/www.directhealthcaregroup.com\/de\/financial-solutions\/\" \/>\n<meta property=\"og:site_name\" content=\"DHG\" \/>\n<meta property=\"article:modified_time\" content=\"2018-01-12T11:19:46+00:00\" \/>\n<meta name=\"twitter:card\" content=\"summary_large_image\" \/>\n<meta name=\"twitter:label1\" content=\"Est. reading time\" \/>\n\t<meta name=\"twitter:data1\" content=\"1 minute\" \/>\n<script type=\"application\/ld+json\" class=\"yoast-schema-graph\">{\"@context\":\"https:\/\/schema.org\",\"@graph\":[{\"@type\":\"WebPage\",\"@id\":\"https:\/\/www.directhealthcaregroup.com\/de\/financial-solutions\/\",\"url\":\"https:\/\/www.directhealthcaregroup.com\/de\/financial-solutions\/\",\"name\":\"Finanzl\u00f6sungen | DHG\",\"isPartOf\":{\"@id\":\"https:\/\/www.directhealthcaregroup.com\/#website\"},\"datePublished\":\"2018-01-03T11:50:17+00:00\",\"dateModified\":\"2018-01-12T11:19:46+00:00\",\"breadcrumb\":{\"@id\":\"https:\/\/www.directhealthcaregroup.com\/de\/financial-solutions\/#breadcrumb\"},\"inLanguage\":\"de-DE\",\"potentialAction\":[{\"@type\":\"ReadAction\",\"target\":[\"https:\/\/www.directhealthcaregroup.com\/de\/financial-solutions\/\"]}]},{\"@type\":\"BreadcrumbList\",\"@id\":\"https:\/\/www.directhealthcaregroup.com\/de\/financial-solutions\/#breadcrumb\",\"itemListElement\":[{\"@type\":\"ListItem\",\"position\":1,\"name\":\"Home\",\"item\":\"https:\/\/www.directhealthcaregroup.com\/de\/\"},{\"@type\":\"ListItem\",\"position\":2,\"name\":\"Finanzl\u00f6sungen\"}]},{\"@type\":\"WebSite\",\"@id\":\"https:\/\/www.directhealthcaregroup.com\/#website\",\"url\":\"https:\/\/www.directhealthcaregroup.com\/\",\"name\":\"DHG\",\"description\":\"Moving Health Forward\",\"publisher\":{\"@id\":\"https:\/\/www.directhealthcaregroup.com\/#organization\"},\"potentialAction\":[{\"@type\":\"SearchAction\",\"target\":{\"@type\":\"EntryPoint\",\"urlTemplate\":\"https:\/\/www.directhealthcaregroup.com\/?s={search_term_string}\"},\"query-input\":{\"@type\":\"PropertyValueSpecification\",\"valueRequired\":true,\"valueName\":\"search_term_string\"}}],\"inLanguage\":\"de-DE\"},{\"@type\":\"Organization\",\"@id\":\"https:\/\/www.directhealthcaregroup.com\/#organization\",\"name\":\"Direct Healthcare Group\",\"url\":\"https:\/\/www.directhealthcaregroup.com\/\",\"logo\":{\"@type\":\"ImageObject\",\"inLanguage\":\"de-DE\",\"@id\":\"https:\/\/www.directhealthcaregroup.com\/#\/schema\/logo\/image\/\",\"url\":\"https:\/\/directhealthcaregroup.com\/app\/uploads\/dhg-logo.png\",\"contentUrl\":\"https:\/\/directhealthcaregroup.com\/app\/uploads\/dhg-logo.png\",\"width\":556,\"height\":240,\"caption\":\"Direct Healthcare Group\"},\"image\":{\"@id\":\"https:\/\/www.directhealthcaregroup.com\/#\/schema\/logo\/image\/\"}}]}<\/script>\n<!-- \/ Yoast SEO plugin. -->","yoast_head_json":{"title":"Finanzl\u00f6sungen | DHG","robots":{"index":"index","follow":"follow","max-snippet":"max-snippet:-1","max-image-preview":"max-image-preview:large","max-video-preview":"max-video-preview:-1"},"canonical":"https:\/\/www.directhealthcaregroup.com\/de\/financial-solutions\/","og_locale":"de_DE","og_type":"article","og_title":"Finanzl\u00f6sungen | DHG","og_description":"Wir bei Direct Healthcare Group, dass die Bereitstellung von den besten, innovativsten Wundheilprodukten nur ein Teil der Gesamtl\u00f6sung f\u00fcr unsere Kunden ist. In unserem Unternehmen, das den Ruf hat, besonders kundenorientiert zu sein, m\u00f6chten wir den Kauf unserer Produkte f\u00fcr unsere Kunden so einfach wie m\u00f6glich gestalten. Wir sind an einer langj\u00e4hrigen Beziehung mit unseren &hellip; Continued","og_url":"https:\/\/www.directhealthcaregroup.com\/de\/financial-solutions\/","og_site_name":"DHG","article_modified_time":"2018-01-12T11:19:46+00:00","twitter_card":"summary_large_image","twitter_misc":{"Est. reading time":"1 minute"},"schema":{"@context":"https:\/\/schema.org","@graph":[{"@type":"WebPage","@id":"https:\/\/www.directhealthcaregroup.com\/de\/financial-solutions\/","url":"https:\/\/www.directhealthcaregroup.com\/de\/financial-solutions\/","name":"Finanzl\u00f6sungen | DHG","isPartOf":{"@id":"https:\/\/www.directhealthcaregroup.com\/#website"},"datePublished":"2018-01-03T11:50:17+00:00","dateModified":"2018-01-12T11:19:46+00:00","breadcrumb":{"@id":"https:\/\/www.directhealthcaregroup.com\/de\/financial-solutions\/#breadcrumb"},"inLanguage":"de-DE","potentialAction":[{"@type":"ReadAction","target":["https:\/\/www.directhealthcaregroup.com\/de\/financial-solutions\/"]}]},{"@type":"BreadcrumbList","@id":"https:\/\/www.directhealthcaregroup.com\/de\/financial-solutions\/#breadcrumb","itemListElement":[{"@type":"ListItem","position":1,"name":"Home","item":"https:\/\/www.directhealthcaregroup.com\/de\/"},{"@type":"ListItem","position":2,"name":"Finanzl\u00f6sungen"}]},{"@type":"WebSite","@id":"https:\/\/www.directhealthcaregroup.com\/#website","url":"https:\/\/www.directhealthcaregroup.com\/","name":"DHG","description":"Moving Health Forward","publisher":{"@id":"https:\/\/www.directhealthcaregroup.com\/#organization"},"potentialAction":[{"@type":"SearchAction","target":{"@type":"EntryPoint","urlTemplate":"https:\/\/www.directhealthcaregroup.com\/?s={search_term_string}"},"query-input":{"@type":"PropertyValueSpecification","valueRequired":true,"valueName":"search_term_string"}}],"inLanguage":"de-DE"},{"@type":"Organization","@id":"https:\/\/www.directhealthcaregroup.com\/#organization","name":"Direct Healthcare Group","url":"https:\/\/www.directhealthcaregroup.com\/","logo":{"@type":"ImageObject","inLanguage":"de-DE","@id":"https:\/\/www.directhealthcaregroup.com\/#\/schema\/logo\/image\/","url":"https:\/\/directhealthcaregroup.com\/app\/uploads\/dhg-logo.png","contentUrl":"https:\/\/directhealthcaregroup.com\/app\/uploads\/dhg-logo.png","width":556,"height":240,"caption":"Direct Healthcare Group"},"image":{"@id":"https:\/\/www.directhealthcaregroup.com\/#\/schema\/logo\/image\/"}}]}},"_links":{"self":[{"href":"https:\/\/www.directhealthcaregroup.com\/de\/wp-json\/wp\/v2\/pages\/6952","targetHints":{"allow":["GET"]}}],"collection":[{"href":"https:\/\/www.directhealthcaregroup.com\/de\/wp-json\/wp\/v2\/pages"}],"about":[{"href":"https:\/\/www.directhealthcaregroup.com\/de\/wp-json\/wp\/v2\/types\/page"}],"author":[{"embeddable":true,"href":"https:\/\/www.directhealthcaregroup.com\/de\/wp-json\/wp\/v2\/users\/2"}],"replies":[{"embeddable":true,"href":"https:\/\/www.directhealthcaregroup.com\/de\/wp-json\/wp\/v2\/comments?post=6952"}],"version-history":[{"count":1,"href":"https:\/\/www.directhealthcaregroup.com\/de\/wp-json\/wp\/v2\/pages\/6952\/revisions"}],"predecessor-version":[{"id":6959,"href":"https:\/\/www.directhealthcaregroup.com\/de\/wp-json\/wp\/v2\/pages\/6952\/revisions\/6959"}],"wp:attachment":[{"href":"https:\/\/www.directhealthcaregroup.com\/de\/wp-json\/wp\/v2\/media?parent=6952"}],"curies":[{"name":"wp","href":"https:\/\/api.w.org\/{rel}","templated":true}]}}