{"id":6967,"date":"2018-01-03T11:46:42","date_gmt":"2018-01-03T11:46:42","guid":{"rendered":"http:\/\/directhealthcaregroup.com\/decontamination\/"},"modified":"2018-01-12T11:24:46","modified_gmt":"2018-01-12T11:24:46","slug":"decontamination","status":"publish","type":"page","link":"https:\/\/www.directhealthcaregroup.com\/de\/decontamination\/","title":{"rendered":"Dekontamination"},"content":{"rendered":"<p><a href=\"http:\/\/directhealthcareservices.co.uk\/wp-content\/uploads\/2013\/01\/decontamination-21.jpg\"><img loading=\"lazy\" decoding=\"async\" class=\"wp-image-3770 alignright\" src=\"http:\/\/directhealthcareservices.co.uk\/wp-content\/uploads\/2013\/01\/decontamination-21.jpg\" alt=\"\" width=\"300\" height=\"223\" \/><\/a>Direct Healthcare Group bietet ein umfangreiches Angebot und Dekontaminationsdienste an, nicht nur f\u00fcr unsere eigenen Produkte, sondern auch f\u00fcr gro\u00df angelegte Dekontaminationsdienste, wie sie beispielsweise in Krankenh\u00e4usern und Gesundheitsorganisationen ben\u00f6tigt werden.<\/p>\n<p>Wir bem\u00fchen uns, den h\u00f6chsten Standard hinsichtlich der verschiedenen Aspekte des Kundendienstes zu halten, und wollen sicherstellen, dass wir einen umfangreichen und effektiven Dekontaminationsprozess anbieten.<\/p>\n<p>Unsere strengen Bestimmungen zur Verminderung des Infektionsrisikos sind Arbeitsgrundlagen, die immer weiter entwickelt werden und darauf ausgerichtet sind, das Infektionsrisiko f\u00fcr unsere Patienten, Kunden und Angestellten zu minimieren.<\/p>\n<p>Uns bei Direct Healthcare Services ist es besonders wichtig, sichere Arbeitsmethoden durch all unsere angebotenen Produkte und Dienstleistungen zu gew\u00e4hren, die sowohl den Patienten sch\u00fctzen, als auch den Dienstleister und das Personal.<\/p>\n<p>Da wir uns an die Standards von ISO 9001 (2008) halten, k\u00f6nnen Sie sich sicher sein, dass wir ein besonderes Augenmerk auf Details legen, auch wenn es sich um einen sehr einfachen Vorgang handelt.<\/p>\n<p>Wir verpflichten uns:<\/p>\n<ul>\n<li>das Risiko einer Kreuzinfektion zu minimieren, indem wir die Mikroorganismen reduzieren, bevor die Ausr\u00fcstung an einem neuen Patienten verwendet wird<\/li>\n<li>die Sicherheit und Unversehrtheit der Wundheilprodukte sicherzustellen<\/li>\n<li>ein sicheres Arbeitsumfeld beizubehalten und sicherere Arbeitsmethoden unter dem DHS Mitarbeitern, die mit m\u00f6glicherweise kontaminierter Ausr\u00fcstung in Kontakt kommen, zu unterst\u00fctzen.<\/li>\n<\/ul>\n<p>&nbsp;<\/p>\n<p><a href=\"http:\/\/directhealthcareservices.co.uk\/wp-content\/uploads\/2013\/01\/decontamination-11.jpg\"><img loading=\"lazy\" decoding=\"async\" class=\"wp-image-3767 size-full alignright\" src=\"http:\/\/directhealthcareservices.co.uk\/wp-content\/uploads\/2013\/01\/decontamination-11.jpg\" alt=\"\" width=\"270\" height=\"180\" \/><\/a><\/p>\n<h3>Infektionsbek\u00e4mpfung<\/h3>\n<p>Direct Healthcare versteht, wie wichtig es ist, dass die verst\u00e4rkten Sicherheitsbestimmungen bei der Infektionsbek\u00e4mpfung im Gesundheitswesen von jedem in diesem Bereich genau verstanden werden. Mit der immer gr\u00f6\u00dfer werdenden Sorge aufgrund von MRSA, Clostridium-difficile- und Hepatitisinfektionen, um nur einige wenige zu nennen, ist es unerl\u00e4sslich, dass Sie mit einer Organisation zusammenarbeiten, die den Einfluss dieser modernen Herausforderungen versteht.<\/p>\n<p>&nbsp;<\/p>\n<h3>Erziehung<\/h3>\n<p>Mikroorganismen sind lebendige Zellen (Bakterien, Pilze, Viren und Einzeller), die mit dem menschlichen Auge nicht erkennbar sind. Sie befinden sich \u00fcberall, sie leben auf unserer Haut, in unserer Nase, unserem Mund und umgeben uns in unserem t\u00e4glichen Leben. Mikroorganismen, die auf unserer Haut leben, hei\u00dfen normale Flora oder Kommensale und sind unter normalen Umst\u00e4nden harmlos.<\/p>\n<p>Mikroorganismen bewegen sich mit Hilfe von K\u00f6rperfl\u00fcssigkeiten oder durch die Luft, durch Wasser oder Tr\u00f6pfchen fort, wie beispielsweise durch Husten. Sie k\u00f6nnen durch direkten Kontakt von einer Person zur anderen weitergegeben werden, zum Beispiel durch Ber\u00fchrungen, oder auch durch indirekten Kontakt wie beispielsweise durch Niesen.<\/p>\n<p>Normalerweise sind Menschen dann anf\u00e4lliger f\u00fcr Infektionen, wenn ihre Abwehrkr\u00e4fte durch eine Krankheit oder ein Leiden schw\u00e4cher sind; in diesem Fall muss sichergestellt werden, dass das Risiko einer Infektion minimiert wird.<\/p>\n<p>Da anf\u00e4llige Patienten in verschiedenen Gesundheitssystemen DHS oder andere Ger\u00e4te verwenden, ist es unerl\u00e4sslich, diese gr\u00fcndlich zu reinigen, um die Anzahl an Mikroorganismen zu verringern und dadurch das Risiko einer Kreuzinfektion ebenfalls zu minimieren.<\/p>\n<p>Sollten Sie weitere Informationen zu unserer detaillierten Infektionsbek\u00e4mpfung und unseren Dekontaminationsrichtlinien ben\u00f6tigen, kontaktieren Sie uns bitte\u00a0<a title=\"Kontakt\" href=\"http:\/\/directhealthcareservices.co.uk\/de\/contact-us\/\">heir<\/a>.<\/p>\n<p><a href=\"http:\/\/directhealthcaregroup.com\/app\/uploads\/CFPP_01-04_Social_care_Final.pdf\">Choice Framework for local Policy and Procedures 01-04 \u2013 Decontamination of linen for health and social care: Social care<\/a><\/p>\n<p>&nbsp;<\/p>\n","protected":false},"excerpt":{"rendered":"<p>Direct Healthcare Group bietet ein umfangreiches Angebot und Dekontaminationsdienste an, nicht nur f\u00fcr unsere eigenen Produkte, sondern auch f\u00fcr gro\u00df angelegte Dekontaminationsdienste, wie sie beispielsweise in Krankenh\u00e4usern und Gesundheitsorganisationen ben\u00f6tigt werden. Wir bem\u00fchen uns, den h\u00f6chsten Standard hinsichtlich der verschiedenen Aspekte des Kundendienstes zu halten, und wollen sicherstellen, dass wir einen umfangreichen und effektiven Dekontaminationsprozess &hellip; <a href=\"https:\/\/www.directhealthcaregroup.com\/de\/decontamination\/\">Continued<\/a><\/p>\n","protected":false},"author":2,"featured_media":0,"parent":0,"menu_order":0,"comment_status":"closed","ping_status":"closed","template":"","meta":{"_acf_changed":false,"footnotes":""},"class_list":["post-6967","page","type-page","status-publish","hentry"],"acf":[],"yoast_head":"<!-- This site is optimized with the Yoast SEO plugin v27.4 - https:\/\/yoast.com\/product\/yoast-seo-wordpress\/ -->\n<title>Dekontamination | DHG<\/title>\n<meta name=\"robots\" content=\"index, follow, max-snippet:-1, max-image-preview:large, max-video-preview:-1\" \/>\n<link rel=\"canonical\" href=\"https:\/\/www.directhealthcaregroup.com\/de\/decontamination\/\" \/>\n<meta property=\"og:locale\" content=\"de_DE\" \/>\n<meta property=\"og:type\" content=\"article\" \/>\n<meta property=\"og:title\" content=\"Dekontamination | DHG\" \/>\n<meta property=\"og:description\" content=\"Direct Healthcare Group bietet ein umfangreiches Angebot und Dekontaminationsdienste an, nicht nur f\u00fcr unsere eigenen Produkte, sondern auch f\u00fcr gro\u00df angelegte Dekontaminationsdienste, wie sie beispielsweise in Krankenh\u00e4usern und Gesundheitsorganisationen ben\u00f6tigt werden. Wir bem\u00fchen uns, den h\u00f6chsten Standard hinsichtlich der verschiedenen Aspekte des Kundendienstes zu halten, und wollen sicherstellen, dass wir einen umfangreichen und effektiven Dekontaminationsprozess &hellip; Continued\" \/>\n<meta property=\"og:url\" content=\"https:\/\/www.directhealthcaregroup.com\/de\/decontamination\/\" \/>\n<meta property=\"og:site_name\" content=\"DHG\" \/>\n<meta property=\"article:modified_time\" content=\"2018-01-12T11:24:46+00:00\" \/>\n<meta name=\"twitter:card\" content=\"summary_large_image\" \/>\n<meta name=\"twitter:label1\" content=\"Est. reading time\" \/>\n\t<meta name=\"twitter:data1\" content=\"2 minutes\" \/>\n<script type=\"application\/ld+json\" class=\"yoast-schema-graph\">{\"@context\":\"https:\\\/\\\/schema.org\",\"@graph\":[{\"@type\":\"WebPage\",\"@id\":\"https:\\\/\\\/www.directhealthcaregroup.com\\\/de\\\/decontamination\\\/\",\"url\":\"https:\\\/\\\/www.directhealthcaregroup.com\\\/de\\\/decontamination\\\/\",\"name\":\"Dekontamination | DHG\",\"isPartOf\":{\"@id\":\"https:\\\/\\\/www.directhealthcaregroup.com\\\/#website\"},\"primaryImageOfPage\":{\"@id\":\"https:\\\/\\\/www.directhealthcaregroup.com\\\/de\\\/decontamination\\\/#primaryimage\"},\"image\":{\"@id\":\"https:\\\/\\\/www.directhealthcaregroup.com\\\/de\\\/decontamination\\\/#primaryimage\"},\"thumbnailUrl\":\"http:\\\/\\\/directhealthcareservices.co.uk\\\/wp-content\\\/uploads\\\/2013\\\/01\\\/decontamination-21.jpg\",\"datePublished\":\"2018-01-03T11:46:42+00:00\",\"dateModified\":\"2018-01-12T11:24:46+00:00\",\"breadcrumb\":{\"@id\":\"https:\\\/\\\/www.directhealthcaregroup.com\\\/de\\\/decontamination\\\/#breadcrumb\"},\"inLanguage\":\"de-DE\",\"potentialAction\":[{\"@type\":\"ReadAction\",\"target\":[\"https:\\\/\\\/www.directhealthcaregroup.com\\\/de\\\/decontamination\\\/\"]}]},{\"@type\":\"ImageObject\",\"inLanguage\":\"de-DE\",\"@id\":\"https:\\\/\\\/www.directhealthcaregroup.com\\\/de\\\/decontamination\\\/#primaryimage\",\"url\":\"http:\\\/\\\/directhealthcareservices.co.uk\\\/wp-content\\\/uploads\\\/2013\\\/01\\\/decontamination-21.jpg\",\"contentUrl\":\"http:\\\/\\\/directhealthcareservices.co.uk\\\/wp-content\\\/uploads\\\/2013\\\/01\\\/decontamination-21.jpg\"},{\"@type\":\"BreadcrumbList\",\"@id\":\"https:\\\/\\\/www.directhealthcaregroup.com\\\/de\\\/decontamination\\\/#breadcrumb\",\"itemListElement\":[{\"@type\":\"ListItem\",\"position\":1,\"name\":\"Home\",\"item\":\"https:\\\/\\\/www.directhealthcaregroup.com\\\/de\\\/\"},{\"@type\":\"ListItem\",\"position\":2,\"name\":\"Dekontamination\"}]},{\"@type\":\"WebSite\",\"@id\":\"https:\\\/\\\/www.directhealthcaregroup.com\\\/#website\",\"url\":\"https:\\\/\\\/www.directhealthcaregroup.com\\\/\",\"name\":\"DHG\",\"description\":\"Moving Health Forward\",\"publisher\":{\"@id\":\"https:\\\/\\\/www.directhealthcaregroup.com\\\/#organization\"},\"potentialAction\":[{\"@type\":\"SearchAction\",\"target\":{\"@type\":\"EntryPoint\",\"urlTemplate\":\"https:\\\/\\\/www.directhealthcaregroup.com\\\/?s={search_term_string}\"},\"query-input\":{\"@type\":\"PropertyValueSpecification\",\"valueRequired\":true,\"valueName\":\"search_term_string\"}}],\"inLanguage\":\"de-DE\"},{\"@type\":\"Organization\",\"@id\":\"https:\\\/\\\/www.directhealthcaregroup.com\\\/#organization\",\"name\":\"Direct Healthcare Group\",\"url\":\"https:\\\/\\\/www.directhealthcaregroup.com\\\/\",\"logo\":{\"@type\":\"ImageObject\",\"inLanguage\":\"de-DE\",\"@id\":\"https:\\\/\\\/www.directhealthcaregroup.com\\\/#\\\/schema\\\/logo\\\/image\\\/\",\"url\":\"https:\\\/\\\/directhealthcaregroup.com\\\/app\\\/uploads\\\/dhg-logo.png\",\"contentUrl\":\"https:\\\/\\\/directhealthcaregroup.com\\\/app\\\/uploads\\\/dhg-logo.png\",\"width\":556,\"height\":240,\"caption\":\"Direct Healthcare Group\"},\"image\":{\"@id\":\"https:\\\/\\\/www.directhealthcaregroup.com\\\/#\\\/schema\\\/logo\\\/image\\\/\"}}]}<\/script>\n<!-- \/ Yoast SEO plugin. -->","yoast_head_json":{"title":"Dekontamination | DHG","robots":{"index":"index","follow":"follow","max-snippet":"max-snippet:-1","max-image-preview":"max-image-preview:large","max-video-preview":"max-video-preview:-1"},"canonical":"https:\/\/www.directhealthcaregroup.com\/de\/decontamination\/","og_locale":"de_DE","og_type":"article","og_title":"Dekontamination | DHG","og_description":"Direct Healthcare Group bietet ein umfangreiches Angebot und Dekontaminationsdienste an, nicht nur f\u00fcr unsere eigenen Produkte, sondern auch f\u00fcr gro\u00df angelegte Dekontaminationsdienste, wie sie beispielsweise in Krankenh\u00e4usern und Gesundheitsorganisationen ben\u00f6tigt werden. Wir bem\u00fchen uns, den h\u00f6chsten Standard hinsichtlich der verschiedenen Aspekte des Kundendienstes zu halten, und wollen sicherstellen, dass wir einen umfangreichen und effektiven Dekontaminationsprozess &hellip; Continued","og_url":"https:\/\/www.directhealthcaregroup.com\/de\/decontamination\/","og_site_name":"DHG","article_modified_time":"2018-01-12T11:24:46+00:00","twitter_card":"summary_large_image","twitter_misc":{"Est. reading time":"2 minutes"},"schema":{"@context":"https:\/\/schema.org","@graph":[{"@type":"WebPage","@id":"https:\/\/www.directhealthcaregroup.com\/de\/decontamination\/","url":"https:\/\/www.directhealthcaregroup.com\/de\/decontamination\/","name":"Dekontamination | DHG","isPartOf":{"@id":"https:\/\/www.directhealthcaregroup.com\/#website"},"primaryImageOfPage":{"@id":"https:\/\/www.directhealthcaregroup.com\/de\/decontamination\/#primaryimage"},"image":{"@id":"https:\/\/www.directhealthcaregroup.com\/de\/decontamination\/#primaryimage"},"thumbnailUrl":"http:\/\/directhealthcareservices.co.uk\/wp-content\/uploads\/2013\/01\/decontamination-21.jpg","datePublished":"2018-01-03T11:46:42+00:00","dateModified":"2018-01-12T11:24:46+00:00","breadcrumb":{"@id":"https:\/\/www.directhealthcaregroup.com\/de\/decontamination\/#breadcrumb"},"inLanguage":"de-DE","potentialAction":[{"@type":"ReadAction","target":["https:\/\/www.directhealthcaregroup.com\/de\/decontamination\/"]}]},{"@type":"ImageObject","inLanguage":"de-DE","@id":"https:\/\/www.directhealthcaregroup.com\/de\/decontamination\/#primaryimage","url":"http:\/\/directhealthcareservices.co.uk\/wp-content\/uploads\/2013\/01\/decontamination-21.jpg","contentUrl":"http:\/\/directhealthcareservices.co.uk\/wp-content\/uploads\/2013\/01\/decontamination-21.jpg"},{"@type":"BreadcrumbList","@id":"https:\/\/www.directhealthcaregroup.com\/de\/decontamination\/#breadcrumb","itemListElement":[{"@type":"ListItem","position":1,"name":"Home","item":"https:\/\/www.directhealthcaregroup.com\/de\/"},{"@type":"ListItem","position":2,"name":"Dekontamination"}]},{"@type":"WebSite","@id":"https:\/\/www.directhealthcaregroup.com\/#website","url":"https:\/\/www.directhealthcaregroup.com\/","name":"DHG","description":"Moving Health Forward","publisher":{"@id":"https:\/\/www.directhealthcaregroup.com\/#organization"},"potentialAction":[{"@type":"SearchAction","target":{"@type":"EntryPoint","urlTemplate":"https:\/\/www.directhealthcaregroup.com\/?s={search_term_string}"},"query-input":{"@type":"PropertyValueSpecification","valueRequired":true,"valueName":"search_term_string"}}],"inLanguage":"de-DE"},{"@type":"Organization","@id":"https:\/\/www.directhealthcaregroup.com\/#organization","name":"Direct Healthcare Group","url":"https:\/\/www.directhealthcaregroup.com\/","logo":{"@type":"ImageObject","inLanguage":"de-DE","@id":"https:\/\/www.directhealthcaregroup.com\/#\/schema\/logo\/image\/","url":"https:\/\/directhealthcaregroup.com\/app\/uploads\/dhg-logo.png","contentUrl":"https:\/\/directhealthcaregroup.com\/app\/uploads\/dhg-logo.png","width":556,"height":240,"caption":"Direct Healthcare Group"},"image":{"@id":"https:\/\/www.directhealthcaregroup.com\/#\/schema\/logo\/image\/"}}]}},"_links":{"self":[{"href":"https:\/\/www.directhealthcaregroup.com\/de\/wp-json\/wp\/v2\/pages\/6967","targetHints":{"allow":["GET"]}}],"collection":[{"href":"https:\/\/www.directhealthcaregroup.com\/de\/wp-json\/wp\/v2\/pages"}],"about":[{"href":"https:\/\/www.directhealthcaregroup.com\/de\/wp-json\/wp\/v2\/types\/page"}],"author":[{"embeddable":true,"href":"https:\/\/www.directhealthcaregroup.com\/de\/wp-json\/wp\/v2\/users\/2"}],"replies":[{"embeddable":true,"href":"https:\/\/www.directhealthcaregroup.com\/de\/wp-json\/wp\/v2\/comments?post=6967"}],"version-history":[{"count":1,"href":"https:\/\/www.directhealthcaregroup.com\/de\/wp-json\/wp\/v2\/pages\/6967\/revisions"}],"predecessor-version":[{"id":6973,"href":"https:\/\/www.directhealthcaregroup.com\/de\/wp-json\/wp\/v2\/pages\/6967\/revisions\/6973"}],"wp:attachment":[{"href":"https:\/\/www.directhealthcaregroup.com\/de\/wp-json\/wp\/v2\/media?parent=6967"}],"curies":[{"name":"wp","href":"https:\/\/api.w.org\/{rel}","templated":true}]}}