{"id":5652,"date":"2018-01-03T11:56:17","date_gmt":"2018-01-03T11:56:17","guid":{"rendered":"http:\/\/directhealthcaregroup.com\/auditing\/"},"modified":"2018-01-08T11:26:37","modified_gmt":"2018-01-08T11:26:37","slug":"auditing","status":"publish","type":"page","link":"https:\/\/www.directhealthcaregroup.com\/es\/auditing\/","title":{"rendered":"Inspecciones"},"content":{"rendered":"<p><a href=\"http:\/\/directhealthcareservices.co.uk\/wp-content\/uploads\/2013\/01\/auditing.jpg\"><img loading=\"lazy\" decoding=\"async\" class=\"alignright wp-image-3532 size-full\" src=\"http:\/\/directhealthcareservices.co.uk\/wp-content\/uploads\/2013\/01\/auditing.jpg\" alt=\"auditing\" width=\"300\" height=\"212\" \/><\/a>Direct Healthcare Group ofrece a\u00f1os de experiencia en el campo de la fabricaci\u00f3n y venta de productos sanitarios de presi\u00f3n. Como resultado del conocimiento y la experiencia de los equipos cl\u00ednicos y de dise\u00f1o, contamos con las capacidades y el conocimiento necesarios para ofrecer una funci\u00f3n de inspecci\u00f3n de los productos de alta calidad. Gracias a su experiencia espec\u00edfica en la inspecci\u00f3n de colchones de espuma sanitarios de presi\u00f3n en consorcio con el NHS, nuestros equipos de inspecci\u00f3n han llevado a cabo evaluaciones profesionales de decenas de miles de productos.<\/p>\n<p>Es crucial ofrecer tranquilidad a todo el personal de gesti\u00f3n y asistencia sanitaria, teniendo en cuenta la importancia del control de las infecciones y la preocupaci\u00f3n sobre la integridad del paciente, para proporcionar seguridad en el equipo utilizado para basar toda la funci\u00f3n asistencial.<\/p>\n<p>Las inspecciones de equipamiento, especialmente aquellas en las que se involucra a pacientes que utilizan los productos que es necesario evaluar, deben ser llevadas a cabo con la mayor sensibilidad. Es necesario que la identificaci\u00f3n de productos potencialmente \u201cdefectuosos o deficientes\u201d, cuando se realizan en el entorno de pacientes que est\u00e1n utilizando dichos productos, sea realizada con discreci\u00f3n. Nuestros equipos est\u00e1n formados para gestionar estos casos y utilizar un c\u00f3digo verbal especial en la inspecci\u00f3n de los productos. Esto permite que solamente el personal con formaci\u00f3n al respecto (y por supuesto el personal del NHS u otro personal informado de nuestras t\u00e9cnicas) sea consciente del estado exacto del equipamiento.<\/p>\n<p>Nuestras visitas planeadas con anticipaci\u00f3n permiten que nuestros gerentes de inspecci\u00f3n se re\u00fanan con el personal relevante durante el proceso de inspecci\u00f3n. Posteriormente se realiza la evaluaci\u00f3n de todos los lugares que forman parte de la inspecci\u00f3n (a menudo son varios hospitales o grupos de residencias asistenciales), incluyendo las medidas preventivas para el control de infecciones o los puntos de acceso y seguridad, entre muchas otras \u00e1reas clave.<\/p>\n<p>La inspecci\u00f3n del equipamiento es una tarea exigente que requiere una amplia planificaci\u00f3n y la administraci\u00f3n de un largo per\u00edodo de tiempo para completarse satisfactoriamente. Nuestro servicio re\u00fane todos estos y m\u00e1s factores, para que no tenga que pens\u00e1rselo dos veces. Simplemente ll\u00e1menos y organizaremos una reuni\u00f3n con nuestro gestor de inspecciones o el gestor de desarrollo empresarial local para hablar sobre nuestra gama de servicios.<\/p>\n<p>En la mayor\u00eda de los casos, Direct Healthcare ofrece este amplio abanico de servicios a los nuevos clientes a un importe muy reducido. Adem\u00e1s, si los clientes deciden adquirir cualquiera de nuestros productos al completar la inspecci\u00f3n, este servicio ser\u00e1 completamente GRATUITO.<\/p>\n","protected":false},"excerpt":{"rendered":"<p>Direct Healthcare Group ofrece a\u00f1os de experiencia en el campo de la fabricaci\u00f3n y venta de productos sanitarios de presi\u00f3n. Como resultado del conocimiento y la experiencia de los equipos cl\u00ednicos y de dise\u00f1o, contamos con las capacidades y el conocimiento necesarios para ofrecer una funci\u00f3n de inspecci\u00f3n de los productos de alta calidad. Gracias &hellip; <a href=\"https:\/\/www.directhealthcaregroup.com\/es\/auditing\/\">Continued<\/a><\/p>\n","protected":false},"author":2,"featured_media":0,"parent":0,"menu_order":0,"comment_status":"closed","ping_status":"closed","template":"","meta":{"_acf_changed":false,"footnotes":""},"class_list":["post-5652","page","type-page","status-publish","hentry"],"acf":[],"yoast_head":"<!-- This site is optimized with the Yoast SEO plugin v26.6 - https:\/\/yoast.com\/wordpress\/plugins\/seo\/ -->\n<title>Inspecciones | DHG<\/title>\n<meta name=\"robots\" content=\"index, follow, max-snippet:-1, max-image-preview:large, max-video-preview:-1\" \/>\n<link rel=\"canonical\" href=\"https:\/\/www.directhealthcaregroup.com\/es\/auditing\/\" \/>\n<meta property=\"og:locale\" content=\"es_ES\" \/>\n<meta property=\"og:type\" content=\"article\" \/>\n<meta property=\"og:title\" content=\"Inspecciones | DHG\" \/>\n<meta property=\"og:description\" content=\"Direct Healthcare Group ofrece a\u00f1os de experiencia en el campo de la fabricaci\u00f3n y venta de productos sanitarios de presi\u00f3n. Como resultado del conocimiento y la experiencia de los equipos cl\u00ednicos y de dise\u00f1o, contamos con las capacidades y el conocimiento necesarios para ofrecer una funci\u00f3n de inspecci\u00f3n de los productos de alta calidad. Gracias &hellip; Continued\" \/>\n<meta property=\"og:url\" content=\"https:\/\/www.directhealthcaregroup.com\/es\/auditing\/\" \/>\n<meta property=\"og:site_name\" content=\"DHG\" \/>\n<meta property=\"article:modified_time\" content=\"2018-01-08T11:26:37+00:00\" \/>\n<meta name=\"twitter:card\" content=\"summary_large_image\" \/>\n<meta name=\"twitter:label1\" content=\"Est. reading time\" \/>\n\t<meta name=\"twitter:data1\" content=\"2 minutes\" \/>\n<script type=\"application\/ld+json\" class=\"yoast-schema-graph\">{\"@context\":\"https:\/\/schema.org\",\"@graph\":[{\"@type\":\"WebPage\",\"@id\":\"https:\/\/www.directhealthcaregroup.com\/es\/auditing\/\",\"url\":\"https:\/\/www.directhealthcaregroup.com\/es\/auditing\/\",\"name\":\"Inspecciones | DHG\",\"isPartOf\":{\"@id\":\"https:\/\/www.directhealthcaregroup.com\/#website\"},\"primaryImageOfPage\":{\"@id\":\"https:\/\/www.directhealthcaregroup.com\/es\/auditing\/#primaryimage\"},\"image\":{\"@id\":\"https:\/\/www.directhealthcaregroup.com\/es\/auditing\/#primaryimage\"},\"thumbnailUrl\":\"http:\/\/directhealthcareservices.co.uk\/wp-content\/uploads\/2013\/01\/auditing.jpg\",\"datePublished\":\"2018-01-03T11:56:17+00:00\",\"dateModified\":\"2018-01-08T11:26:37+00:00\",\"breadcrumb\":{\"@id\":\"https:\/\/www.directhealthcaregroup.com\/es\/auditing\/#breadcrumb\"},\"inLanguage\":\"es-ES\",\"potentialAction\":[{\"@type\":\"ReadAction\",\"target\":[\"https:\/\/www.directhealthcaregroup.com\/es\/auditing\/\"]}]},{\"@type\":\"ImageObject\",\"inLanguage\":\"es-ES\",\"@id\":\"https:\/\/www.directhealthcaregroup.com\/es\/auditing\/#primaryimage\",\"url\":\"http:\/\/directhealthcareservices.co.uk\/wp-content\/uploads\/2013\/01\/auditing.jpg\",\"contentUrl\":\"http:\/\/directhealthcareservices.co.uk\/wp-content\/uploads\/2013\/01\/auditing.jpg\"},{\"@type\":\"BreadcrumbList\",\"@id\":\"https:\/\/www.directhealthcaregroup.com\/es\/auditing\/#breadcrumb\",\"itemListElement\":[{\"@type\":\"ListItem\",\"position\":1,\"name\":\"Home\",\"item\":\"https:\/\/www.directhealthcaregroup.com\/es\/\"},{\"@type\":\"ListItem\",\"position\":2,\"name\":\"Inspecciones\"}]},{\"@type\":\"WebSite\",\"@id\":\"https:\/\/www.directhealthcaregroup.com\/#website\",\"url\":\"https:\/\/www.directhealthcaregroup.com\/\",\"name\":\"DHG\",\"description\":\"Moving Health Forward\",\"publisher\":{\"@id\":\"https:\/\/www.directhealthcaregroup.com\/#organization\"},\"potentialAction\":[{\"@type\":\"SearchAction\",\"target\":{\"@type\":\"EntryPoint\",\"urlTemplate\":\"https:\/\/www.directhealthcaregroup.com\/?s={search_term_string}\"},\"query-input\":{\"@type\":\"PropertyValueSpecification\",\"valueRequired\":true,\"valueName\":\"search_term_string\"}}],\"inLanguage\":\"es-ES\"},{\"@type\":\"Organization\",\"@id\":\"https:\/\/www.directhealthcaregroup.com\/#organization\",\"name\":\"Direct Healthcare Group\",\"url\":\"https:\/\/www.directhealthcaregroup.com\/\",\"logo\":{\"@type\":\"ImageObject\",\"inLanguage\":\"es-ES\",\"@id\":\"https:\/\/www.directhealthcaregroup.com\/#\/schema\/logo\/image\/\",\"url\":\"https:\/\/directhealthcaregroup.com\/app\/uploads\/dhg-logo.png\",\"contentUrl\":\"https:\/\/directhealthcaregroup.com\/app\/uploads\/dhg-logo.png\",\"width\":556,\"height\":240,\"caption\":\"Direct Healthcare Group\"},\"image\":{\"@id\":\"https:\/\/www.directhealthcaregroup.com\/#\/schema\/logo\/image\/\"}}]}<\/script>\n<!-- \/ Yoast SEO plugin. -->","yoast_head_json":{"title":"Inspecciones | DHG","robots":{"index":"index","follow":"follow","max-snippet":"max-snippet:-1","max-image-preview":"max-image-preview:large","max-video-preview":"max-video-preview:-1"},"canonical":"https:\/\/www.directhealthcaregroup.com\/es\/auditing\/","og_locale":"es_ES","og_type":"article","og_title":"Inspecciones | DHG","og_description":"Direct Healthcare Group ofrece a\u00f1os de experiencia en el campo de la fabricaci\u00f3n y venta de productos sanitarios de presi\u00f3n. Como resultado del conocimiento y la experiencia de los equipos cl\u00ednicos y de dise\u00f1o, contamos con las capacidades y el conocimiento necesarios para ofrecer una funci\u00f3n de inspecci\u00f3n de los productos de alta calidad. Gracias &hellip; Continued","og_url":"https:\/\/www.directhealthcaregroup.com\/es\/auditing\/","og_site_name":"DHG","article_modified_time":"2018-01-08T11:26:37+00:00","twitter_card":"summary_large_image","twitter_misc":{"Est. reading time":"2 minutes"},"schema":{"@context":"https:\/\/schema.org","@graph":[{"@type":"WebPage","@id":"https:\/\/www.directhealthcaregroup.com\/es\/auditing\/","url":"https:\/\/www.directhealthcaregroup.com\/es\/auditing\/","name":"Inspecciones | DHG","isPartOf":{"@id":"https:\/\/www.directhealthcaregroup.com\/#website"},"primaryImageOfPage":{"@id":"https:\/\/www.directhealthcaregroup.com\/es\/auditing\/#primaryimage"},"image":{"@id":"https:\/\/www.directhealthcaregroup.com\/es\/auditing\/#primaryimage"},"thumbnailUrl":"http:\/\/directhealthcareservices.co.uk\/wp-content\/uploads\/2013\/01\/auditing.jpg","datePublished":"2018-01-03T11:56:17+00:00","dateModified":"2018-01-08T11:26:37+00:00","breadcrumb":{"@id":"https:\/\/www.directhealthcaregroup.com\/es\/auditing\/#breadcrumb"},"inLanguage":"es-ES","potentialAction":[{"@type":"ReadAction","target":["https:\/\/www.directhealthcaregroup.com\/es\/auditing\/"]}]},{"@type":"ImageObject","inLanguage":"es-ES","@id":"https:\/\/www.directhealthcaregroup.com\/es\/auditing\/#primaryimage","url":"http:\/\/directhealthcareservices.co.uk\/wp-content\/uploads\/2013\/01\/auditing.jpg","contentUrl":"http:\/\/directhealthcareservices.co.uk\/wp-content\/uploads\/2013\/01\/auditing.jpg"},{"@type":"BreadcrumbList","@id":"https:\/\/www.directhealthcaregroup.com\/es\/auditing\/#breadcrumb","itemListElement":[{"@type":"ListItem","position":1,"name":"Home","item":"https:\/\/www.directhealthcaregroup.com\/es\/"},{"@type":"ListItem","position":2,"name":"Inspecciones"}]},{"@type":"WebSite","@id":"https:\/\/www.directhealthcaregroup.com\/#website","url":"https:\/\/www.directhealthcaregroup.com\/","name":"DHG","description":"Moving Health Forward","publisher":{"@id":"https:\/\/www.directhealthcaregroup.com\/#organization"},"potentialAction":[{"@type":"SearchAction","target":{"@type":"EntryPoint","urlTemplate":"https:\/\/www.directhealthcaregroup.com\/?s={search_term_string}"},"query-input":{"@type":"PropertyValueSpecification","valueRequired":true,"valueName":"search_term_string"}}],"inLanguage":"es-ES"},{"@type":"Organization","@id":"https:\/\/www.directhealthcaregroup.com\/#organization","name":"Direct Healthcare Group","url":"https:\/\/www.directhealthcaregroup.com\/","logo":{"@type":"ImageObject","inLanguage":"es-ES","@id":"https:\/\/www.directhealthcaregroup.com\/#\/schema\/logo\/image\/","url":"https:\/\/directhealthcaregroup.com\/app\/uploads\/dhg-logo.png","contentUrl":"https:\/\/directhealthcaregroup.com\/app\/uploads\/dhg-logo.png","width":556,"height":240,"caption":"Direct Healthcare Group"},"image":{"@id":"https:\/\/www.directhealthcaregroup.com\/#\/schema\/logo\/image\/"}}]}},"_links":{"self":[{"href":"https:\/\/www.directhealthcaregroup.com\/es\/wp-json\/wp\/v2\/pages\/5652","targetHints":{"allow":["GET"]}}],"collection":[{"href":"https:\/\/www.directhealthcaregroup.com\/es\/wp-json\/wp\/v2\/pages"}],"about":[{"href":"https:\/\/www.directhealthcaregroup.com\/es\/wp-json\/wp\/v2\/types\/page"}],"author":[{"embeddable":true,"href":"https:\/\/www.directhealthcaregroup.com\/es\/wp-json\/wp\/v2\/users\/2"}],"replies":[{"embeddable":true,"href":"https:\/\/www.directhealthcaregroup.com\/es\/wp-json\/wp\/v2\/comments?post=5652"}],"version-history":[{"count":2,"href":"https:\/\/www.directhealthcaregroup.com\/es\/wp-json\/wp\/v2\/pages\/5652\/revisions"}],"predecessor-version":[{"id":5659,"href":"https:\/\/www.directhealthcaregroup.com\/es\/wp-json\/wp\/v2\/pages\/5652\/revisions\/5659"}],"wp:attachment":[{"href":"https:\/\/www.directhealthcaregroup.com\/es\/wp-json\/wp\/v2\/media?parent=5652"}],"curies":[{"name":"wp","href":"https:\/\/api.w.org\/{rel}","templated":true}]}}