{"id":6970,"date":"2018-01-03T11:46:42","date_gmt":"2018-01-03T11:46:42","guid":{"rendered":"http:\/\/directhealthcaregroup.com\/decontamination\/"},"modified":"2018-01-12T11:27:24","modified_gmt":"2018-01-12T11:27:24","slug":"decontamination","status":"publish","type":"page","link":"https:\/\/www.directhealthcaregroup.com\/es\/decontamination\/","title":{"rendered":"Descontaminaci\u00f3n"},"content":{"rendered":"<p><a href=\"http:\/\/directhealthcareservices.co.uk\/wp-content\/uploads\/2013\/01\/decontamination-21.jpg\"><img loading=\"lazy\" decoding=\"async\" class=\"wp-image-3770 alignright\" src=\"http:\/\/directhealthcareservices.co.uk\/wp-content\/uploads\/2013\/01\/decontamination-21.jpg\" alt=\"\" width=\"300\" height=\"223\" \/><\/a>Direct Healthcare Group ofrece un servicio completo de recogida y descontaminaci\u00f3n, no solo de nuestros productos, sino de todos los servicios de descontaminaci\u00f3n a gran escala requeridos tanto en hospitales como en otras organizaciones sanitarias.<\/p>\n<p>Hacemos lo imposible por mantener altos los est\u00e1ndares en todos los aspectos del servicio al cliente, y nos comprometemos a proporcionar un proceso de descontaminaci\u00f3n completo y efectivo.<\/p>\n<p>Nuestras Pol\u00edticas de Control de Infecciones se basan en documentos de trabajo en continuo desarrollo cuyo objetivo es minimizar el riesgo de infecci\u00f3n de nuestros pacientes, clientes y empleados.<\/p>\n<p>Direct Healthcare Services se compromete a seguir pr\u00e1cticas de trabajo seguras que protejan al paciente, al trabajador sanitario y al personal participante en todos los servicios y procesos de fabricaci\u00f3n. Puesto que seguimos la norma ISO 9001 (2008), nuestros clientes pueden estar seguros de que nuestra atenci\u00f3n al detalle es m\u00e1xima incluso en los aspectos m\u00e1s b\u00e1sicos del proceso.<\/p>\n<p>Nos comprometemos a:<\/p>\n<ul>\n<li>Reducir el riesgo de infecci\u00f3n cruzada mediante la reducci\u00f3n del n\u00famero de microorganismos entre usos del cliente.<\/li>\n<li>Mantener la seguridad e integridad de los productos de presi\u00f3n.<\/li>\n<li>Mantener un entorno de trabajo seguro y promover las pr\u00e1cticas de trabajo seguras para todo el personal de DHS que maneje equipamiento potencialmente contaminado.<\/li>\n<\/ul>\n<p>&nbsp;<\/p>\n<p><a href=\"http:\/\/directhealthcareservices.co.uk\/wp-content\/uploads\/2013\/01\/decontamination-11.jpg\"><img loading=\"lazy\" decoding=\"async\" class=\"wp-image-3767 size-full alignright\" src=\"http:\/\/directhealthcareservices.co.uk\/wp-content\/uploads\/2013\/01\/decontamination-11.jpg\" alt=\"\" width=\"270\" height=\"180\" \/><\/a><strong>Control de infecciones<\/strong><\/p>\n<p>Direct Healthcare comprende que los est\u00e1ndares de control de infecciones en el ambiente sanitario, cada vez mayores, precisan de un entendimiento exhaustivo por parte de cada miembro de la organizaci\u00f3n. Entre otros, el SARM, la Clostridium Difficile o la Hepatitis son motivos de preocupaci\u00f3n, y es imperativo que se trabaje con una organizaci\u00f3n que entienda el impacto de estos desaf\u00edos de la medicina moderna.<\/p>\n<p><strong>Educaci\u00f3n<\/strong><\/p>\n<p>Los microorganismos son c\u00e9lulas vivas (bacterias, hongos, virus y protozoos) que el ojo humano no puede ver a simple vista. Est\u00e1n en todas partes, viven en nuestra piel, en nuestra nariz y boca y nos rodean en nuestro entorno habitual. Los microorganismos que viven en nuestra piel, a los que normalmente llamamos flora cut\u00e1nea o comensal, no resultan da\u00f1inos en condiciones normales.<\/p>\n<p>Los microorganismos se transmiten por el entorno mediante los fluidos corporales, por v\u00eda a\u00e9rea, en el agua o en l\u00edquidos en difusi\u00f3n, por ejemplo al toser. Pueden transmitirse de un individuo a otro por contacto directo, como al tocarse, o por contacto indirecto, como al estornudar.<\/p>\n<p>En general, las personas son m\u00e1s susceptibles a una infecci\u00f3n si su resistencia se ha visto deteriorada por una enfermedad, y en ellos se debe poner toda la atenci\u00f3n para asegurar que el riesgo de infecci\u00f3n se minimice.<\/p>\n<p>Ya que los pacientes vulnerables en varios centros asistenciales utilizan productos de DHS u otro tipo de equipamiento, es de vital importancia que se realice una limpieza exhaustiva que reduzca el n\u00famero de microorganismos y el riesgo de infecci\u00f3n.<\/p>\n<p>Si necesita m\u00e1s informaci\u00f3n sobre nuestras pol\u00edticas de descontaminaci\u00f3n y control de infecciones,\u00a0<a title=\"Contacto\" href=\"http:\/\/directhealthcareservices.co.uk\/es\/contact-us\/\">contacte con nosotros<\/a>.<\/p>\n<p><a href=\"http:\/\/directhealthcaregroup.com\/app\/uploads\/CFPP_01-04_Social_care_Final.pdf\">Choice Framework for local Policy and Procedures 01-04 \u2013 Decontamination of linen for health and social care: Social care<\/a><\/p>\n<p>&nbsp;<\/p>\n","protected":false},"excerpt":{"rendered":"<p>Direct Healthcare Group ofrece un servicio completo de recogida y descontaminaci\u00f3n, no solo de nuestros productos, sino de todos los servicios de descontaminaci\u00f3n a gran escala requeridos tanto en hospitales como en otras organizaciones sanitarias. Hacemos lo imposible por mantener altos los est\u00e1ndares en todos los aspectos del servicio al cliente, y nos comprometemos a &hellip; <a href=\"https:\/\/www.directhealthcaregroup.com\/es\/decontamination\/\">Continued<\/a><\/p>\n","protected":false},"author":2,"featured_media":0,"parent":0,"menu_order":0,"comment_status":"closed","ping_status":"closed","template":"","meta":{"_acf_changed":false,"footnotes":""},"class_list":["post-6970","page","type-page","status-publish","hentry"],"acf":[],"yoast_head":"<!-- This site is optimized with the Yoast SEO plugin v27.4 - https:\/\/yoast.com\/product\/yoast-seo-wordpress\/ -->\n<title>Descontaminaci\u00f3n | DHG<\/title>\n<meta name=\"robots\" content=\"index, follow, max-snippet:-1, max-image-preview:large, max-video-preview:-1\" \/>\n<link rel=\"canonical\" href=\"https:\/\/www.directhealthcaregroup.com\/es\/decontamination\/\" \/>\n<meta property=\"og:locale\" content=\"es_ES\" \/>\n<meta property=\"og:type\" content=\"article\" \/>\n<meta property=\"og:title\" content=\"Descontaminaci\u00f3n | DHG\" \/>\n<meta property=\"og:description\" content=\"Direct Healthcare Group ofrece un servicio completo de recogida y descontaminaci\u00f3n, no solo de nuestros productos, sino de todos los servicios de descontaminaci\u00f3n a gran escala requeridos tanto en hospitales como en otras organizaciones sanitarias. Hacemos lo imposible por mantener altos los est\u00e1ndares en todos los aspectos del servicio al cliente, y nos comprometemos a &hellip; Continued\" \/>\n<meta property=\"og:url\" content=\"https:\/\/www.directhealthcaregroup.com\/es\/decontamination\/\" \/>\n<meta property=\"og:site_name\" content=\"DHG\" \/>\n<meta property=\"article:modified_time\" content=\"2018-01-12T11:27:24+00:00\" \/>\n<meta name=\"twitter:card\" content=\"summary_large_image\" \/>\n<meta name=\"twitter:label1\" content=\"Est. reading time\" \/>\n\t<meta name=\"twitter:data1\" content=\"3 minutes\" \/>\n<script type=\"application\/ld+json\" class=\"yoast-schema-graph\">{\"@context\":\"https:\\\/\\\/schema.org\",\"@graph\":[{\"@type\":\"WebPage\",\"@id\":\"https:\\\/\\\/www.directhealthcaregroup.com\\\/es\\\/decontamination\\\/\",\"url\":\"https:\\\/\\\/www.directhealthcaregroup.com\\\/es\\\/decontamination\\\/\",\"name\":\"Descontaminaci\u00f3n | DHG\",\"isPartOf\":{\"@id\":\"https:\\\/\\\/www.directhealthcaregroup.com\\\/#website\"},\"primaryImageOfPage\":{\"@id\":\"https:\\\/\\\/www.directhealthcaregroup.com\\\/es\\\/decontamination\\\/#primaryimage\"},\"image\":{\"@id\":\"https:\\\/\\\/www.directhealthcaregroup.com\\\/es\\\/decontamination\\\/#primaryimage\"},\"thumbnailUrl\":\"http:\\\/\\\/directhealthcareservices.co.uk\\\/wp-content\\\/uploads\\\/2013\\\/01\\\/decontamination-21.jpg\",\"datePublished\":\"2018-01-03T11:46:42+00:00\",\"dateModified\":\"2018-01-12T11:27:24+00:00\",\"breadcrumb\":{\"@id\":\"https:\\\/\\\/www.directhealthcaregroup.com\\\/es\\\/decontamination\\\/#breadcrumb\"},\"inLanguage\":\"es-ES\",\"potentialAction\":[{\"@type\":\"ReadAction\",\"target\":[\"https:\\\/\\\/www.directhealthcaregroup.com\\\/es\\\/decontamination\\\/\"]}]},{\"@type\":\"ImageObject\",\"inLanguage\":\"es-ES\",\"@id\":\"https:\\\/\\\/www.directhealthcaregroup.com\\\/es\\\/decontamination\\\/#primaryimage\",\"url\":\"http:\\\/\\\/directhealthcareservices.co.uk\\\/wp-content\\\/uploads\\\/2013\\\/01\\\/decontamination-21.jpg\",\"contentUrl\":\"http:\\\/\\\/directhealthcareservices.co.uk\\\/wp-content\\\/uploads\\\/2013\\\/01\\\/decontamination-21.jpg\"},{\"@type\":\"BreadcrumbList\",\"@id\":\"https:\\\/\\\/www.directhealthcaregroup.com\\\/es\\\/decontamination\\\/#breadcrumb\",\"itemListElement\":[{\"@type\":\"ListItem\",\"position\":1,\"name\":\"Home\",\"item\":\"https:\\\/\\\/www.directhealthcaregroup.com\\\/es\\\/\"},{\"@type\":\"ListItem\",\"position\":2,\"name\":\"Descontaminaci\u00f3n\"}]},{\"@type\":\"WebSite\",\"@id\":\"https:\\\/\\\/www.directhealthcaregroup.com\\\/#website\",\"url\":\"https:\\\/\\\/www.directhealthcaregroup.com\\\/\",\"name\":\"DHG\",\"description\":\"Moving Health Forward\",\"publisher\":{\"@id\":\"https:\\\/\\\/www.directhealthcaregroup.com\\\/#organization\"},\"potentialAction\":[{\"@type\":\"SearchAction\",\"target\":{\"@type\":\"EntryPoint\",\"urlTemplate\":\"https:\\\/\\\/www.directhealthcaregroup.com\\\/?s={search_term_string}\"},\"query-input\":{\"@type\":\"PropertyValueSpecification\",\"valueRequired\":true,\"valueName\":\"search_term_string\"}}],\"inLanguage\":\"es-ES\"},{\"@type\":\"Organization\",\"@id\":\"https:\\\/\\\/www.directhealthcaregroup.com\\\/#organization\",\"name\":\"Direct Healthcare Group\",\"url\":\"https:\\\/\\\/www.directhealthcaregroup.com\\\/\",\"logo\":{\"@type\":\"ImageObject\",\"inLanguage\":\"es-ES\",\"@id\":\"https:\\\/\\\/www.directhealthcaregroup.com\\\/#\\\/schema\\\/logo\\\/image\\\/\",\"url\":\"https:\\\/\\\/directhealthcaregroup.com\\\/app\\\/uploads\\\/dhg-logo.png\",\"contentUrl\":\"https:\\\/\\\/directhealthcaregroup.com\\\/app\\\/uploads\\\/dhg-logo.png\",\"width\":556,\"height\":240,\"caption\":\"Direct Healthcare Group\"},\"image\":{\"@id\":\"https:\\\/\\\/www.directhealthcaregroup.com\\\/#\\\/schema\\\/logo\\\/image\\\/\"}}]}<\/script>\n<!-- \/ Yoast SEO plugin. -->","yoast_head_json":{"title":"Descontaminaci\u00f3n | DHG","robots":{"index":"index","follow":"follow","max-snippet":"max-snippet:-1","max-image-preview":"max-image-preview:large","max-video-preview":"max-video-preview:-1"},"canonical":"https:\/\/www.directhealthcaregroup.com\/es\/decontamination\/","og_locale":"es_ES","og_type":"article","og_title":"Descontaminaci\u00f3n | DHG","og_description":"Direct Healthcare Group ofrece un servicio completo de recogida y descontaminaci\u00f3n, no solo de nuestros productos, sino de todos los servicios de descontaminaci\u00f3n a gran escala requeridos tanto en hospitales como en otras organizaciones sanitarias. Hacemos lo imposible por mantener altos los est\u00e1ndares en todos los aspectos del servicio al cliente, y nos comprometemos a &hellip; Continued","og_url":"https:\/\/www.directhealthcaregroup.com\/es\/decontamination\/","og_site_name":"DHG","article_modified_time":"2018-01-12T11:27:24+00:00","twitter_card":"summary_large_image","twitter_misc":{"Est. reading time":"3 minutes"},"schema":{"@context":"https:\/\/schema.org","@graph":[{"@type":"WebPage","@id":"https:\/\/www.directhealthcaregroup.com\/es\/decontamination\/","url":"https:\/\/www.directhealthcaregroup.com\/es\/decontamination\/","name":"Descontaminaci\u00f3n | DHG","isPartOf":{"@id":"https:\/\/www.directhealthcaregroup.com\/#website"},"primaryImageOfPage":{"@id":"https:\/\/www.directhealthcaregroup.com\/es\/decontamination\/#primaryimage"},"image":{"@id":"https:\/\/www.directhealthcaregroup.com\/es\/decontamination\/#primaryimage"},"thumbnailUrl":"http:\/\/directhealthcareservices.co.uk\/wp-content\/uploads\/2013\/01\/decontamination-21.jpg","datePublished":"2018-01-03T11:46:42+00:00","dateModified":"2018-01-12T11:27:24+00:00","breadcrumb":{"@id":"https:\/\/www.directhealthcaregroup.com\/es\/decontamination\/#breadcrumb"},"inLanguage":"es-ES","potentialAction":[{"@type":"ReadAction","target":["https:\/\/www.directhealthcaregroup.com\/es\/decontamination\/"]}]},{"@type":"ImageObject","inLanguage":"es-ES","@id":"https:\/\/www.directhealthcaregroup.com\/es\/decontamination\/#primaryimage","url":"http:\/\/directhealthcareservices.co.uk\/wp-content\/uploads\/2013\/01\/decontamination-21.jpg","contentUrl":"http:\/\/directhealthcareservices.co.uk\/wp-content\/uploads\/2013\/01\/decontamination-21.jpg"},{"@type":"BreadcrumbList","@id":"https:\/\/www.directhealthcaregroup.com\/es\/decontamination\/#breadcrumb","itemListElement":[{"@type":"ListItem","position":1,"name":"Home","item":"https:\/\/www.directhealthcaregroup.com\/es\/"},{"@type":"ListItem","position":2,"name":"Descontaminaci\u00f3n"}]},{"@type":"WebSite","@id":"https:\/\/www.directhealthcaregroup.com\/#website","url":"https:\/\/www.directhealthcaregroup.com\/","name":"DHG","description":"Moving Health Forward","publisher":{"@id":"https:\/\/www.directhealthcaregroup.com\/#organization"},"potentialAction":[{"@type":"SearchAction","target":{"@type":"EntryPoint","urlTemplate":"https:\/\/www.directhealthcaregroup.com\/?s={search_term_string}"},"query-input":{"@type":"PropertyValueSpecification","valueRequired":true,"valueName":"search_term_string"}}],"inLanguage":"es-ES"},{"@type":"Organization","@id":"https:\/\/www.directhealthcaregroup.com\/#organization","name":"Direct Healthcare Group","url":"https:\/\/www.directhealthcaregroup.com\/","logo":{"@type":"ImageObject","inLanguage":"es-ES","@id":"https:\/\/www.directhealthcaregroup.com\/#\/schema\/logo\/image\/","url":"https:\/\/directhealthcaregroup.com\/app\/uploads\/dhg-logo.png","contentUrl":"https:\/\/directhealthcaregroup.com\/app\/uploads\/dhg-logo.png","width":556,"height":240,"caption":"Direct Healthcare Group"},"image":{"@id":"https:\/\/www.directhealthcaregroup.com\/#\/schema\/logo\/image\/"}}]}},"_links":{"self":[{"href":"https:\/\/www.directhealthcaregroup.com\/es\/wp-json\/wp\/v2\/pages\/6970","targetHints":{"allow":["GET"]}}],"collection":[{"href":"https:\/\/www.directhealthcaregroup.com\/es\/wp-json\/wp\/v2\/pages"}],"about":[{"href":"https:\/\/www.directhealthcaregroup.com\/es\/wp-json\/wp\/v2\/types\/page"}],"author":[{"embeddable":true,"href":"https:\/\/www.directhealthcaregroup.com\/es\/wp-json\/wp\/v2\/users\/2"}],"replies":[{"embeddable":true,"href":"https:\/\/www.directhealthcaregroup.com\/es\/wp-json\/wp\/v2\/comments?post=6970"}],"version-history":[{"count":1,"href":"https:\/\/www.directhealthcaregroup.com\/es\/wp-json\/wp\/v2\/pages\/6970\/revisions"}],"predecessor-version":[{"id":6976,"href":"https:\/\/www.directhealthcaregroup.com\/es\/wp-json\/wp\/v2\/pages\/6970\/revisions\/6976"}],"wp:attachment":[{"href":"https:\/\/www.directhealthcaregroup.com\/es\/wp-json\/wp\/v2\/media?parent=6970"}],"curies":[{"name":"wp","href":"https:\/\/api.w.org\/{rel}","templated":true}]}}