{"id":244925,"date":"2025-04-17T12:51:22","date_gmt":"2025-04-17T11:51:22","guid":{"rendered":"https:\/\/www.directhealthcaregroup.com\/?page_id=244925"},"modified":"2025-10-24T12:01:37","modified_gmt":"2025-10-24T11:01:37","slug":"vuokraus","status":"publish","type":"page","link":"https:\/\/www.directhealthcaregroup.com\/fi\/vuokraus\/","title":{"rendered":"Vuokraus"},"content":{"rendered":"\n<div class=\"wp-block-group mm-scope\"><div class=\"wp-block-group__inner-container is-layout-constrained wp-block-group-is-layout-constrained\">\n<style>\n.page-intro {\n    display: none;\n}\n<\/style>\n\n\n\n<style>\n.mm-scope h1.wp-block-heading {\n  text-align: center;\n  color: #38b6ac;\n  font-size: 44px;\n  font-weight: 700;\n  margin-bottom: 40px;\n}\n\n.mm-scope h2.wp-block-heading {\n  color: #38b6ac;\n  font-size: 28px;\n  font-weight: 700;\n  margin: 0 0 10px 0;\n}\n\n.mm-scope p {\n  font-size: 16px;\n  line-height: 1.6;\n  margin-bottom: 10px;\n}\n\n.mm-scope ul,\n.mm-scope ol {\n  font-size: 16px;\n  line-height: 1.6;\n  margin-bottom: 20px;\n  padding-left: 20px;\n}\n\n.mm-scope li {\n  margin-bottom: 8px;\n}\n\n.mm-scope hr.wp-block-separator {\n  border: none;\n  border-top: 1px solid #38B6AC;\n  width: 100%;\n  margin: 60px auto;\n}\n<\/style>\n\n\n\n<h1 class=\"wp-block-heading has-text-align-center has-text-color has-link-color wp-elements-1129fb9935197e2b9e67884e58e0df67\" style=\"color:#38b6ac\">Asiakasl\u00e4ht\u00f6iset vuokrausratkaisut<\/h1>\n\n\n\n<p class=\"has-text-align-center\" style=\"font-size:22px;font-style:normal;font-weight:300\">Tarjoamme joustavia ja luotettavia vuokrausratkaisuja asiakkaidemme muuttuviin tarpeisiin. Vuokrauspalvelumme on helposti ja nopeasti saatavilla juuri silloin, kun sit\u00e4 tarvitaan \u2013 ilman hankintojen alkuinvestointeja. Korkean ja eritt\u00e4in korkean painehaavariskin Carital\u00ae-antideformaatiopatjat ja vaihtuvapaineiset Quattro\u00ae-patjat toimitetaan p\u00e4\u00e4kaupunkiseudulla tarvittaessa jopa saman p\u00e4iv\u00e4n aikana. Vuokravalikoimaamme kuuluvat painehaavapatjat ja Raizer-nostotuoli. Palvelemme sek\u00e4 terveydenhuollon ammattilaisia ett\u00e4 yksityisasiakkaita.<\/p>\n\n\n\n<hr class=\"wp-block-separator has-alpha-channel-opacity\"\/>\n\n\n\n<div class=\"wp-block-columns are-vertically-aligned-top is-layout-flex wp-container-core-columns-is-layout-9d6595d7 wp-block-columns-is-layout-flex\">\n<div class=\"wp-block-column is-vertically-aligned-top is-layout-flow wp-block-column-is-layout-flow\" style=\"flex-basis:58%\">\n<h2 class=\"wp-block-heading\">Kokonaisvaltaista vuokrauspalvelua <br>hoidon tueksi &#8211; helposti ja nopeasti<\/h2>\n\n\n\n<ul class=\"wp-block-list\">\n<li><strong>Joustavat vuokrausratkaisut. <\/strong>Tarjoamme erilaisia vuokrausvaihtoehtoja asiakkaan tilanteen, budjetin ja toiveiden mukaan. My\u00f6s leasing-mahdollisuus saatavilla.<\/li>\n<\/ul>\n\n\n\n<ul class=\"wp-block-list\">\n<li><strong>Luotettava toimitus ja saatavuus.<\/strong> Tuotteiden valmistajana takaamme nopean ja varman toimituksen.<\/li>\n<\/ul>\n\n\n\n<ul class=\"wp-block-list\">\n<li><strong>Taattua laatua ja potilasmukavuutta. <\/strong>Tarjoamme vain korkealaatuisia painehaavapatjoja sek\u00e4 siirron ja nostamisen apuv\u00e4lineit\u00e4.<\/li>\n<\/ul>\n\n\n\n<ul class=\"wp-block-list\">\n<li><strong>Huoltovapaus. <\/strong>Huollamme laitteet puolestanne \u2013 te voitte keskitty\u00e4 potilasty\u00f6h\u00f6n.<\/li>\n<\/ul>\n\n\n\n<ul class=\"wp-block-list\">\n<li><strong>Yksil\u00f6llinen k\u00e4ytt\u00f6koulutus. <\/strong>Teknisen asiakaspalvelumme asiantuntijat tarjoavat r\u00e4\u00e4t\u00e4l\u00f6ity\u00e4 k\u00e4ytt\u00f6\u00f6nottokoulutusta ja asiakastukea.<\/li>\n<\/ul>\n\n\n\n<ul class=\"wp-block-list\">\n<li><strong>Toimintamme perustuu alan parhaisiin k\u00e4yt\u00e4nt\u00f6ihin.<\/strong> Noudatamme vuokraustoiminnassamme Hyv\u00e4t K\u00e4yt\u00e4nn\u00f6t -standardia.<\/li>\n<\/ul>\n<\/div>\n\n\n\n<div class=\"wp-block-column is-vertically-aligned-top is-layout-flow wp-block-column-is-layout-flow\" style=\"flex-basis:42%\"><div class=\"wp-block-image\">\n<figure class=\"alignright size-full\"><img loading=\"lazy\" decoding=\"async\" width=\"480\" height=\"565\" src=\"https:\/\/www.directhealthcaregroup.com\/app\/uploads\/Carital-Optima-controller-027-web-3.jpg\" alt=\"\" class=\"wp-image-245426\" srcset=\"https:\/\/www.directhealthcaregroup.com\/app\/uploads\/Carital-Optima-controller-027-web-3.jpg 480w, https:\/\/www.directhealthcaregroup.com\/app\/uploads\/Carital-Optima-controller-027-web-3-255x300.jpg 255w, https:\/\/www.directhealthcaregroup.com\/app\/uploads\/Carital-Optima-controller-027-web-3-320x377.jpg 320w, https:\/\/www.directhealthcaregroup.com\/app\/uploads\/Carital-Optima-controller-027-web-3-189x223.jpg 189w\" sizes=\"auto, (max-width: 480px) 100vw, 480px\" \/><\/figure>\n<\/div><\/div>\n<\/div>\n\n\n\n<hr class=\"wp-block-separator has-text-color has-alpha-channel-opacity has-background is-style-default\" style=\"background-color:#38b6ac;color:#38b6ac\"\/>\n\n\n\n<h2 class=\"wp-block-heading\">Vuokrattavat tuotteet<\/h2>\n\n\n\n<ul class=\"wp-block-list\">\n<li>Carital\u00ae-antideformaatiopatjat (my\u00f6s Rehab-lis\u00e4osalla):\n<ul class=\"wp-block-list\">\n<li>Carital\u00ae Optima<\/li>\n\n\n\n<li>Carital\u00ae OptimaEZ420<\/li>\n<\/ul>\n<\/li>\n<\/ul>\n\n\n\n<ul class=\"wp-block-list\">\n<li>Lasten ja vastasyntyneiden Carital\u00ae-antideformaatiopatjat:\n<ul class=\"wp-block-list\">\n<li>Carital\u00ae OptimaJuve<\/li>\n\n\n\n<li>Carital\u00ae OptimaCot<\/li>\n\n\n\n<li>Carital\u00ae OptimaNeoICU<\/li>\n\n\n\n<li>Carital\u00ae OptimaNeoGiraffe<\/li>\n<\/ul>\n<\/li>\n<\/ul>\n\n\n\n<ul class=\"wp-block-list\">\n<li>Vaihtuvapaineiset patjat:\n<ul class=\"wp-block-list\">\n<li>Quattro\u00ae Plus<\/li>\n\n\n\n<li>Quattro\u00ae Acute<\/li>\n<\/ul>\n<\/li>\n<\/ul>\n\n\n\n<ul class=\"wp-block-list\">\n<li>Raizer-nostotuoli<\/li>\n<\/ul>\n\n\n\n<ul class=\"wp-block-list\"><\/ul>\n\n\n\n<p><\/p>\n\n\n\n<p><\/p>\n\n\n\n<p><\/p>\n\n\n\n<p>Kysy lis\u00e4\u00e4 vuokrausratkaisuistamme aluep\u00e4\u00e4llik\u00f6ilt\u00e4mme tai asiakaspalvelustamme, puh. 0306 40 40 40.<\/p>\n\n\n\n<div style=\"height:20px\" aria-hidden=\"true\" class=\"wp-block-spacer\"><\/div>\n\n\n\n<h2 class=\"wp-block-heading has-text-color has-link-color wp-elements-d4dc8aa0ded8f68fd5898df43b3672c4\" style=\"color:#38b6ac;font-size:28px\">Vuokrahintaan sis\u00e4ltyy<\/h2>\n\n\n\n<ul class=\"wp-block-list\">\n<li>Toimituskulut<\/li>\n\n\n\n<li>K\u00e4yt\u00f6nopastus ja kirjalliset k\u00e4ytt\u00f6ohjeet<\/li>\n\n\n\n<li>Huolto ja yll\u00e4pito<\/li>\n\n\n\n<li>Puhdistus ja desinfiointi vuokrauksen p\u00e4\u00e4tytty\u00e4<\/li>\n\n\n\n<li>Tekninen tarkastus ja huoltotoimenpiteet vuokrauksen p\u00e4\u00e4tytty\u00e4<\/li>\n<\/ul>\n\n\n\n<div style=\"height:20px\" aria-hidden=\"true\" class=\"wp-block-spacer\"><\/div>\n\n\n\n<h2 class=\"wp-block-heading has-text-color has-link-color wp-elements-acc5d95fde72d9251d529436fd7bc414\" style=\"color:#38b6ac;font-size:28px\">Miten vuokraan<\/h2>\n\n\n\n<p>Vuokraamiseen riitt\u00e4\u00e4 puhelinsoitto, tilaus s\u00e4hk\u00f6postitse asiakaspalvelumme kautta tai vuokrauslomakkeen t\u00e4ytt\u00e4minen:<\/p>\n\n\n\n<ul style=\"font-size:17px\" class=\"wp-block-list\">\n<li>MediMattress asiakaspalvelu, p. 0306 40 40 40.<\/li>\n\n\n\n<li>vuokraus(at)medimattress.fi.<\/li>\n\n\n\n<li>Vuokrauslomakkeet:\n<ul class=\"wp-block-list\">\n<li><a href=\"https:\/\/www.directhealthcaregroup.com\/fi\/painehaavapatjan-vuokrauslomake\/\">Painehaavapatjojen vuokrauslomake<\/a> <\/li>\n\n\n\n<li><a href=\"https:\/\/www.directhealthcaregroup.com\/fi\/nostamisen-ja-siirtamisen-apuvalineiden-vuokrauslomake\/\">Nostamisen ja siirt\u00e4misen apuv\u00e4lineiden vuokrauslomake<\/a>.<\/li>\n<\/ul>\n<\/li>\n<\/ul>\n\n\n\n<p>Ennen klo 12 arkip\u00e4iv\u00e4n\u00e4 saapuneet <strong>painehaavapatjojen vuokratilaukset<\/strong> toimitamme osastolle seuraavana p\u00e4iv\u00e4n\u00e4 tai erikseen sovitun aikataulun mukaisesti.<\/p>\n\n\n\n<div style=\"height:20px\" aria-hidden=\"true\" class=\"wp-block-spacer\"><\/div>\n\n\n\n<h2 class=\"wp-block-heading has-text-color has-link-color wp-elements-9326e571852bbedf37d5a71b6aa9968f\" style=\"color:#38b6ac;font-size:28px\">Vuokrauksen p\u00e4\u00e4tt\u00e4minen ja vuokratuotteen palautus<\/h2>\n\n\n\n<ul class=\"wp-block-list\">\n<li>Vuokrasopimus p\u00e4\u00e4ttyy heti, kun saamme ilmoituksen; p. 0306 40 40 40 (arkisin klo 8-16) tai vuokraus(at)medimattress.fi. <\/li>\n\n\n\n<li>Voit my\u00f6s t\u00e4ytt\u00e4\u00e4 ja l\u00e4hett\u00e4\u00e4 lomakkeen vuokrauksen p\u00e4\u00e4tt\u00e4misest\u00e4:\n<ul class=\"wp-block-list\">\n<li><a href=\"https:\/\/www.directhealthcaregroup.com\/fi\/painehaavapatjan-vuokrauksen-paattaminen\/\">Carital\u00ae- tai Quattro\u00ae-patjan vuokrauksen p\u00e4\u00e4tt\u00e4minen<\/a><\/li>\n\n\n\n<li><a href=\"https:\/\/www.directhealthcaregroup.com\/fi\/nostamisen-ja-siirtamisen-apuvalineiden-vuokrauksen-paattaminen\/\">Nostamisen ja siirt\u00e4misen apuv\u00e4lineiden vuokrauksen p\u00e4\u00e4tt\u00e4minen<\/a><\/li>\n<\/ul>\n<\/li>\n\n\n\n<li>Palautus postitse; ohjeet patjaj\u00e4rjestelm\u00e4n palauttamiseen Postin kautta l\u00f6ytyv\u00e4t <a href=\"https:\/\/www.directhealthcaregroup.com\/app\/uploads\/patjan-lahetysohje-huoltoon-02_2023.pdf\">t\u00e4\u00e4lt\u00e4<\/a>.<\/li>\n<\/ul>\n\n\n\n<div style=\"height:20px\" aria-hidden=\"true\" class=\"wp-block-spacer\"><\/div>\n\n\n\n<h2 class=\"wp-block-heading\">Vuokratuotteen huolto<\/h2>\n\n\n\n<p>Jos vuokrauksen aikana laitteissa ilmenee vika, olkaa yhteydess\u00e4 <a href=\"https:\/\/www.directhealthcaregroup.com\/fi\/huolto\">huoltopalveluumme<\/a>.<\/p>\n\n\n\n<div style=\"height:20px\" aria-hidden=\"true\" class=\"wp-block-spacer\"><\/div>\n\n\n\n<h2 class=\"wp-block-heading has-text-color has-link-color wp-elements-3e67c657d3ce07573355af4033f1629c\" style=\"color:#38b6ac;font-size:28px\">Ota yhteytt\u00e4<\/h2>\n\n\n\n<p>Lis\u00e4tietoja vuokrauksesta <strong>aluep\u00e4\u00e4llik\u00f6ilt\u00e4mme<\/strong> tai <strong>asiakaspalvelustamme<\/strong> puh. 0306 40 40 40, vuokraus(at)medimattress.fi.<\/p>\n\n\n\n<div style=\"height:20px\" aria-hidden=\"true\" class=\"wp-block-spacer\"><\/div>\n\n\n\n<p><\/p>\n<\/div><\/div>\n","protected":false},"excerpt":{"rendered":"<p>Asiakasl\u00e4ht\u00f6iset vuokrausratkaisut Tarjoamme joustavia ja luotettavia vuokrausratkaisuja asiakkaidemme muuttuviin tarpeisiin. Vuokrauspalvelumme on helposti ja nopeasti saatavilla juuri silloin, kun sit\u00e4 tarvitaan \u2013 ilman hankintojen alkuinvestointeja. Korkean ja eritt\u00e4in korkean painehaavariskin Carital\u00ae-antideformaatiopatjat ja vaihtuvapaineiset Quattro\u00ae-patjat toimitetaan p\u00e4\u00e4kaupunkiseudulla tarvittaessa jopa saman p\u00e4iv\u00e4n aikana. Vuokravalikoimaamme kuuluvat painehaavapatjat ja Raizer-nostotuoli. Palvelemme sek\u00e4 terveydenhuollon ammattilaisia ett\u00e4 yksityisasiakkaita. Kokonaisvaltaista vuokrauspalvelua hoidon &hellip; <a href=\"https:\/\/www.directhealthcaregroup.com\/fi\/vuokraus\/\">Continued<\/a><\/p>\n","protected":false},"author":102,"featured_media":248299,"parent":0,"menu_order":0,"comment_status":"closed","ping_status":"closed","template":"","meta":{"_acf_changed":false,"footnotes":""},"class_list":["post-244925","page","type-page","status-publish","has-post-thumbnail","hentry"],"acf":[],"yoast_head":"<!-- This site is optimized with the Yoast SEO plugin v27.4 - https:\/\/yoast.com\/product\/yoast-seo-wordpress\/ -->\n<title>Vuokraus | DHG<\/title>\n<meta name=\"robots\" content=\"index, follow, max-snippet:-1, max-image-preview:large, max-video-preview:-1\" \/>\n<link rel=\"canonical\" href=\"https:\/\/www.directhealthcaregroup.com\/fi\/vuokraus\/\" \/>\n<meta property=\"og:locale\" content=\"fi_FI\" \/>\n<meta property=\"og:type\" content=\"article\" \/>\n<meta property=\"og:title\" content=\"Vuokraus | DHG\" \/>\n<meta property=\"og:description\" content=\"Asiakasl\u00e4ht\u00f6iset vuokrausratkaisut Tarjoamme joustavia ja luotettavia vuokrausratkaisuja asiakkaidemme muuttuviin tarpeisiin. Vuokrauspalvelumme on helposti ja nopeasti saatavilla juuri silloin, kun sit\u00e4 tarvitaan \u2013 ilman hankintojen alkuinvestointeja. Korkean ja eritt\u00e4in korkean painehaavariskin Carital\u00ae-antideformaatiopatjat ja vaihtuvapaineiset Quattro\u00ae-patjat toimitetaan p\u00e4\u00e4kaupunkiseudulla tarvittaessa jopa saman p\u00e4iv\u00e4n aikana. Vuokravalikoimaamme kuuluvat painehaavapatjat ja Raizer-nostotuoli. Palvelemme sek\u00e4 terveydenhuollon ammattilaisia ett\u00e4 yksityisasiakkaita. Kokonaisvaltaista vuokrauspalvelua hoidon &hellip; Continued\" \/>\n<meta property=\"og:url\" content=\"https:\/\/www.directhealthcaregroup.com\/fi\/vuokraus\/\" \/>\n<meta property=\"og:site_name\" content=\"DHG\" \/>\n<meta property=\"article:modified_time\" content=\"2025-10-24T11:01:37+00:00\" \/>\n<meta property=\"og:image\" content=\"https:\/\/www.directhealthcaregroup.com\/app\/uploads\/DHG-Vuokraus-Rent-banner-web-2.jpg\" \/>\n\t<meta property=\"og:image:width\" content=\"2000\" \/>\n\t<meta property=\"og:image:height\" content=\"615\" \/>\n\t<meta property=\"og:image:type\" content=\"image\/jpeg\" \/>\n<meta name=\"twitter:card\" content=\"summary_large_image\" \/>\n<meta name=\"twitter:label1\" content=\"Est. reading time\" \/>\n\t<meta name=\"twitter:data1\" content=\"2 minutes\" \/>\n<script type=\"application\/ld+json\" class=\"yoast-schema-graph\">{\"@context\":\"https:\\\/\\\/schema.org\",\"@graph\":[{\"@type\":\"WebPage\",\"@id\":\"https:\\\/\\\/www.directhealthcaregroup.com\\\/fi\\\/vuokraus\\\/\",\"url\":\"https:\\\/\\\/www.directhealthcaregroup.com\\\/fi\\\/vuokraus\\\/\",\"name\":\"Vuokraus | DHG\",\"isPartOf\":{\"@id\":\"https:\\\/\\\/www.directhealthcaregroup.com\\\/#website\"},\"primaryImageOfPage\":{\"@id\":\"https:\\\/\\\/www.directhealthcaregroup.com\\\/fi\\\/vuokraus\\\/#primaryimage\"},\"image\":{\"@id\":\"https:\\\/\\\/www.directhealthcaregroup.com\\\/fi\\\/vuokraus\\\/#primaryimage\"},\"thumbnailUrl\":\"https:\\\/\\\/www.directhealthcaregroup.com\\\/app\\\/uploads\\\/DHG-Vuokraus-Rent-banner-web-2.jpg\",\"datePublished\":\"2025-04-17T11:51:22+00:00\",\"dateModified\":\"2025-10-24T11:01:37+00:00\",\"breadcrumb\":{\"@id\":\"https:\\\/\\\/www.directhealthcaregroup.com\\\/fi\\\/vuokraus\\\/#breadcrumb\"},\"inLanguage\":\"fi\",\"potentialAction\":[{\"@type\":\"ReadAction\",\"target\":[\"https:\\\/\\\/www.directhealthcaregroup.com\\\/fi\\\/vuokraus\\\/\"]}]},{\"@type\":\"ImageObject\",\"inLanguage\":\"fi\",\"@id\":\"https:\\\/\\\/www.directhealthcaregroup.com\\\/fi\\\/vuokraus\\\/#primaryimage\",\"url\":\"https:\\\/\\\/www.directhealthcaregroup.com\\\/app\\\/uploads\\\/DHG-Vuokraus-Rent-banner-web-2.jpg\",\"contentUrl\":\"https:\\\/\\\/www.directhealthcaregroup.com\\\/app\\\/uploads\\\/DHG-Vuokraus-Rent-banner-web-2.jpg\",\"width\":2000,\"height\":615},{\"@type\":\"BreadcrumbList\",\"@id\":\"https:\\\/\\\/www.directhealthcaregroup.com\\\/fi\\\/vuokraus\\\/#breadcrumb\",\"itemListElement\":[{\"@type\":\"ListItem\",\"position\":1,\"name\":\"Home\",\"item\":\"https:\\\/\\\/www.directhealthcaregroup.com\\\/fi\\\/\"},{\"@type\":\"ListItem\",\"position\":2,\"name\":\"Vuokraus\"}]},{\"@type\":\"WebSite\",\"@id\":\"https:\\\/\\\/www.directhealthcaregroup.com\\\/#website\",\"url\":\"https:\\\/\\\/www.directhealthcaregroup.com\\\/\",\"name\":\"DHG\",\"description\":\"Moving Health Forward\",\"publisher\":{\"@id\":\"https:\\\/\\\/www.directhealthcaregroup.com\\\/#organization\"},\"potentialAction\":[{\"@type\":\"SearchAction\",\"target\":{\"@type\":\"EntryPoint\",\"urlTemplate\":\"https:\\\/\\\/www.directhealthcaregroup.com\\\/?s={search_term_string}\"},\"query-input\":{\"@type\":\"PropertyValueSpecification\",\"valueRequired\":true,\"valueName\":\"search_term_string\"}}],\"inLanguage\":\"fi\"},{\"@type\":\"Organization\",\"@id\":\"https:\\\/\\\/www.directhealthcaregroup.com\\\/#organization\",\"name\":\"Direct Healthcare Group\",\"url\":\"https:\\\/\\\/www.directhealthcaregroup.com\\\/\",\"logo\":{\"@type\":\"ImageObject\",\"inLanguage\":\"fi\",\"@id\":\"https:\\\/\\\/www.directhealthcaregroup.com\\\/#\\\/schema\\\/logo\\\/image\\\/\",\"url\":\"https:\\\/\\\/directhealthcaregroup.com\\\/app\\\/uploads\\\/dhg-logo.png\",\"contentUrl\":\"https:\\\/\\\/directhealthcaregroup.com\\\/app\\\/uploads\\\/dhg-logo.png\",\"width\":556,\"height\":240,\"caption\":\"Direct Healthcare Group\"},\"image\":{\"@id\":\"https:\\\/\\\/www.directhealthcaregroup.com\\\/#\\\/schema\\\/logo\\\/image\\\/\"}}]}<\/script>\n<!-- \/ Yoast SEO plugin. -->","yoast_head_json":{"title":"Vuokraus | DHG","robots":{"index":"index","follow":"follow","max-snippet":"max-snippet:-1","max-image-preview":"max-image-preview:large","max-video-preview":"max-video-preview:-1"},"canonical":"https:\/\/www.directhealthcaregroup.com\/fi\/vuokraus\/","og_locale":"fi_FI","og_type":"article","og_title":"Vuokraus | DHG","og_description":"Asiakasl\u00e4ht\u00f6iset vuokrausratkaisut Tarjoamme joustavia ja luotettavia vuokrausratkaisuja asiakkaidemme muuttuviin tarpeisiin. Vuokrauspalvelumme on helposti ja nopeasti saatavilla juuri silloin, kun sit\u00e4 tarvitaan \u2013 ilman hankintojen alkuinvestointeja. Korkean ja eritt\u00e4in korkean painehaavariskin Carital\u00ae-antideformaatiopatjat ja vaihtuvapaineiset Quattro\u00ae-patjat toimitetaan p\u00e4\u00e4kaupunkiseudulla tarvittaessa jopa saman p\u00e4iv\u00e4n aikana. Vuokravalikoimaamme kuuluvat painehaavapatjat ja Raizer-nostotuoli. Palvelemme sek\u00e4 terveydenhuollon ammattilaisia ett\u00e4 yksityisasiakkaita. Kokonaisvaltaista vuokrauspalvelua hoidon &hellip; Continued","og_url":"https:\/\/www.directhealthcaregroup.com\/fi\/vuokraus\/","og_site_name":"DHG","article_modified_time":"2025-10-24T11:01:37+00:00","og_image":[{"width":2000,"height":615,"url":"https:\/\/www.directhealthcaregroup.com\/app\/uploads\/DHG-Vuokraus-Rent-banner-web-2.jpg","type":"image\/jpeg"}],"twitter_card":"summary_large_image","twitter_misc":{"Est. reading time":"2 minutes"},"schema":{"@context":"https:\/\/schema.org","@graph":[{"@type":"WebPage","@id":"https:\/\/www.directhealthcaregroup.com\/fi\/vuokraus\/","url":"https:\/\/www.directhealthcaregroup.com\/fi\/vuokraus\/","name":"Vuokraus | DHG","isPartOf":{"@id":"https:\/\/www.directhealthcaregroup.com\/#website"},"primaryImageOfPage":{"@id":"https:\/\/www.directhealthcaregroup.com\/fi\/vuokraus\/#primaryimage"},"image":{"@id":"https:\/\/www.directhealthcaregroup.com\/fi\/vuokraus\/#primaryimage"},"thumbnailUrl":"https:\/\/www.directhealthcaregroup.com\/app\/uploads\/DHG-Vuokraus-Rent-banner-web-2.jpg","datePublished":"2025-04-17T11:51:22+00:00","dateModified":"2025-10-24T11:01:37+00:00","breadcrumb":{"@id":"https:\/\/www.directhealthcaregroup.com\/fi\/vuokraus\/#breadcrumb"},"inLanguage":"fi","potentialAction":[{"@type":"ReadAction","target":["https:\/\/www.directhealthcaregroup.com\/fi\/vuokraus\/"]}]},{"@type":"ImageObject","inLanguage":"fi","@id":"https:\/\/www.directhealthcaregroup.com\/fi\/vuokraus\/#primaryimage","url":"https:\/\/www.directhealthcaregroup.com\/app\/uploads\/DHG-Vuokraus-Rent-banner-web-2.jpg","contentUrl":"https:\/\/www.directhealthcaregroup.com\/app\/uploads\/DHG-Vuokraus-Rent-banner-web-2.jpg","width":2000,"height":615},{"@type":"BreadcrumbList","@id":"https:\/\/www.directhealthcaregroup.com\/fi\/vuokraus\/#breadcrumb","itemListElement":[{"@type":"ListItem","position":1,"name":"Home","item":"https:\/\/www.directhealthcaregroup.com\/fi\/"},{"@type":"ListItem","position":2,"name":"Vuokraus"}]},{"@type":"WebSite","@id":"https:\/\/www.directhealthcaregroup.com\/#website","url":"https:\/\/www.directhealthcaregroup.com\/","name":"DHG","description":"Moving Health Forward","publisher":{"@id":"https:\/\/www.directhealthcaregroup.com\/#organization"},"potentialAction":[{"@type":"SearchAction","target":{"@type":"EntryPoint","urlTemplate":"https:\/\/www.directhealthcaregroup.com\/?s={search_term_string}"},"query-input":{"@type":"PropertyValueSpecification","valueRequired":true,"valueName":"search_term_string"}}],"inLanguage":"fi"},{"@type":"Organization","@id":"https:\/\/www.directhealthcaregroup.com\/#organization","name":"Direct Healthcare Group","url":"https:\/\/www.directhealthcaregroup.com\/","logo":{"@type":"ImageObject","inLanguage":"fi","@id":"https:\/\/www.directhealthcaregroup.com\/#\/schema\/logo\/image\/","url":"https:\/\/directhealthcaregroup.com\/app\/uploads\/dhg-logo.png","contentUrl":"https:\/\/directhealthcaregroup.com\/app\/uploads\/dhg-logo.png","width":556,"height":240,"caption":"Direct Healthcare Group"},"image":{"@id":"https:\/\/www.directhealthcaregroup.com\/#\/schema\/logo\/image\/"}}]}},"_links":{"self":[{"href":"https:\/\/www.directhealthcaregroup.com\/fi\/wp-json\/wp\/v2\/pages\/244925","targetHints":{"allow":["GET"]}}],"collection":[{"href":"https:\/\/www.directhealthcaregroup.com\/fi\/wp-json\/wp\/v2\/pages"}],"about":[{"href":"https:\/\/www.directhealthcaregroup.com\/fi\/wp-json\/wp\/v2\/types\/page"}],"author":[{"embeddable":true,"href":"https:\/\/www.directhealthcaregroup.com\/fi\/wp-json\/wp\/v2\/users\/102"}],"replies":[{"embeddable":true,"href":"https:\/\/www.directhealthcaregroup.com\/fi\/wp-json\/wp\/v2\/comments?post=244925"}],"version-history":[{"count":215,"href":"https:\/\/www.directhealthcaregroup.com\/fi\/wp-json\/wp\/v2\/pages\/244925\/revisions"}],"predecessor-version":[{"id":251689,"href":"https:\/\/www.directhealthcaregroup.com\/fi\/wp-json\/wp\/v2\/pages\/244925\/revisions\/251689"}],"wp:featuredmedia":[{"embeddable":true,"href":"https:\/\/www.directhealthcaregroup.com\/fi\/wp-json\/wp\/v2\/media\/248299"}],"wp:attachment":[{"href":"https:\/\/www.directhealthcaregroup.com\/fi\/wp-json\/wp\/v2\/media?parent=244925"}],"curies":[{"name":"wp","href":"https:\/\/api.w.org\/{rel}","templated":true}]}}