{"id":245342,"date":"2025-04-24T13:32:43","date_gmt":"2025-04-24T12:32:43","guid":{"rendered":"https:\/\/www.directhealthcaregroup.com\/?page_id=245342"},"modified":"2025-10-14T16:05:29","modified_gmt":"2025-10-14T15:05:29","slug":"huolto","status":"publish","type":"page","link":"https:\/\/www.directhealthcaregroup.com\/fi\/huolto\/","title":{"rendered":"Huolto"},"content":{"rendered":"\n<div class=\"wp-block-group mm-scope\"><div class=\"wp-block-group__inner-container is-layout-constrained wp-block-group-is-layout-constrained\">\n<style>\n.page-intro {\n    display: none;\n}\n<\/style>\n\n\n\n<style>\n.mm-scope h1.wp-block-heading {\n  text-align: center;\n  color: #38b6ac;\n  font-size: 44px;\n  font-weight: 700;\n  margin-bottom: 40px;\n}\n\n.mm-scope h2.wp-block-heading {\n  color: #38b6ac;\n  font-size: 28px;\n  font-weight: 700;\n  margin: 0 0 10px 0;\n}\n\n.mm-scope p {\n  font-size: 16px;\n  line-height: 1.6;\n  margin-bottom: 10px;\n}\n\n.mm-scope ul,\n.mm-scope ol {\n  font-size: 16px;\n  line-height: 1.6;\n  margin-bottom: 20px;\n  padding-left: 20px;\n}\n\n.mm-scope li {\n  margin-bottom: 8px;\n}\n\n.mm-scope hr.wp-block-separator {\n  border: none;\n  border-top: 1px solid #38B6AC;\n  width: 100%;\n  margin: 60px auto;\n}\n<\/style>\n\n\n\n<h1 class=\"wp-block-heading has-text-align-center\">Huolto-, asennus- ja puhdistuspalvelut<\/h1>\n\n\n\n<p class=\"has-text-align-center\" style=\"font-size:22px;font-style:normal;font-weight:300\">Tarjoamme kattavat huolto-, asennus- ja puhdistuspalvelut laitteillemme. Ammattitaitoinen huoltotiimimme varmistaa, ett\u00e4 laitteet toimivat luotettavasti ja turvallisesti. S\u00e4\u00e4nn\u00f6llinen huolto takaa laitteiden turvallisen k\u00e4yt\u00f6n, pident\u00e4\u00e4 niiden k\u00e4ytt\u00f6ik\u00e4\u00e4 ja auttaa ehk\u00e4isem\u00e4\u00e4n ennakoimattomia vikatilanteita. Hyvin huolletut laitteet s\u00e4\u00e4st\u00e4v\u00e4t my\u00f6s aikaa, rahaa ja resursseja.<\/p>\n\n\n\n<hr class=\"wp-block-separator has-alpha-channel-opacity\"\/>\n\n\n<div class=\"wp-block-image is-style-default\">\n<figure class=\"aligncenter size-full\"><img loading=\"lazy\" decoding=\"async\" width=\"1200\" height=\"400\" src=\"https:\/\/www.directhealthcaregroup.com\/app\/uploads\/DHG-Huolto-ProServices-1200px-web.jpg\" alt=\"\" class=\"wp-image-250291\" srcset=\"https:\/\/www.directhealthcaregroup.com\/app\/uploads\/DHG-Huolto-ProServices-1200px-web.jpg 1200w, https:\/\/www.directhealthcaregroup.com\/app\/uploads\/DHG-Huolto-ProServices-1200px-web-300x100.jpg 300w, https:\/\/www.directhealthcaregroup.com\/app\/uploads\/DHG-Huolto-ProServices-1200px-web-1024x341.jpg 1024w, https:\/\/www.directhealthcaregroup.com\/app\/uploads\/DHG-Huolto-ProServices-1200px-web-768x256.jpg 768w, https:\/\/www.directhealthcaregroup.com\/app\/uploads\/DHG-Huolto-ProServices-1200px-web-320x107.jpg 320w, https:\/\/www.directhealthcaregroup.com\/app\/uploads\/DHG-Huolto-ProServices-1200px-web-800x267.jpg 800w\" sizes=\"auto, (max-width: 1200px) 100vw, 1200px\" \/><\/figure>\n<\/div>\n\n\n<div style=\"height:60px\" aria-hidden=\"true\" class=\"wp-block-spacer\"><\/div>\n\n\n\n<div class=\"wp-block-columns has-background is-layout-flex wp-container-core-columns-is-layout-9d6595d7 wp-block-columns-is-layout-flex\" style=\"background-color:#f1f8f8\">\n<div class=\"wp-block-column is-layout-flow wp-block-column-is-layout-flow\" style=\"flex-basis:100%\">\n<h2 class=\"wp-block-heading\">Carital\u00ae- ja Talley-painehaavapatjojen huolto<\/h2>\n\n\n\n<p><strong>Huollon asiakaspalvelu avoinna arkisin klo 8-16, puh. 0306 40 40 45,<\/strong> <strong>huolto(at)medimattress.fi<\/strong>. <\/p>\n\n\n\n<ul class=\"wp-block-list\">\n<li>Asiakkaan on mahdollisuus saada sijaispatja huollon ajaksi. Sijaispatjan saa takuuaikana korvauksetta, takuuajan j\u00e4lkeen korvausta vastaan.<\/li>\n\n\n\n<li>Yleisimpien varaosien toimitusaika on 1\u20135 ty\u00f6p\u00e4iv\u00e4\u00e4. Klo 13 menness\u00e4 tulleet varaosatilaukset pystymme toimittamaan l\u00e4hes kaikkialle Suomeen seuraavaksi arkip\u00e4iv\u00e4ksi.<\/li>\n\n\n\n<li>Km-korvaus veloitetaan yleisten matkustuss\u00e4\u00e4nt\u00f6jen mukaisesti ja sis\u00e4lt\u00e4\u00e4 matka-ajan veloituksen.<\/li>\n\n\n\n<li>Huollossa k\u00e4yneest\u00e4 patjasta l\u00e4hetet\u00e4\u00e4n aina patjan mukana huoltoraportti. Huoltoty\u00f6n hintaan sis\u00e4ltyy mm. s\u00e4\u00e4t\u00f6laitteen s\u00e4hk\u00f6turvatestaus.<\/li>\n\n\n\n<li>Voit l\u00e4hett\u00e4\u00e4 s\u00e4\u00e4t\u00f6laitteita ja kennostoja huoltoon osoitteella: MediMattress Oy \/ huolto, Haukilahdenkatu 4, 00550 Helsinki<\/li>\n<\/ul>\n\n\n\n<p><strong>Patjan l\u00e4hett\u00e4minen MediMattressille huoltoon<\/strong>:<\/p>\n\n\n\n<ul class=\"wp-block-list\">\n<li>Ennen laitteen l\u00e4hett\u00e4mist\u00e4 meille, t\u00e4yt\u00e4th\u00e4n ensin oheisen <a href=\"https:\/\/www.directhealthcaregroup.com\/fi\/huoltopyyntoilmoitus-painehaavapatjat\/\">painehaavapatjan huoltopyynt\u00f6ilmoituksen<\/a>.<\/li>\n\n\n\n<li>Ohjeet l\u00e4hett\u00e4miseen Postin kautta l\u00f6ytyv\u00e4t <a href=\"https:\/\/www.directhealthcaregroup.com\/app\/uploads\/patjan-lahetysohje-huoltoon-02_2023.pdf\">t\u00e4\u00e4lt\u00e4<\/a>.<\/li>\n<\/ul>\n\n\n\n<p><strong>Painehaavapatjaj\u00e4rjestelmien puhdistuspalvelut<\/strong><\/p>\n\n\n\n<p>Tarjoamme painehaavapatjaj\u00e4rjestelmille puhdistuspalvelua osana kattavaa huoltopalveluamme. Puhdistuksen avulla varmistetaan, ett\u00e4 patjat ovat toimintakunnossa, hygieenisi\u00e4 ja turvallisia k\u00e4ytt\u00e4\u00e4. Puhdistusprosessimme noudattavat terveydenhuollon hygienia- ja turvallisuusstandardeja sek\u00e4 k\u00e4yt\u00e4nt\u00f6j\u00e4.<\/p>\n<\/div>\n<\/div>\n\n\n\n<div style=\"height:20px\" aria-hidden=\"true\" class=\"wp-block-spacer\"><\/div>\n\n\n\n<h2 class=\"wp-block-heading\">Nostamisen ja siirt\u00e4misen apuv\u00e4lineiden huolto<\/h2>\n\n\n\n<p>Huollon asiakaspalvelu avoinna arkisin klo 8-16, puh. 0306 40 40 45, huolto(at)medimattress.fi.<\/p>\n\n\n\n<p>Ennen laitteen l\u00e4hett\u00e4mist\u00e4 meille, t\u00e4yt\u00e4th\u00e4n ensin oheisen <a href=\"https:\/\/www.directhealthcaregroup.com\/fi\/huoltopyyntoilmoitus-nostamisen-ja-siirtamisen-apuvalineet\/\">nostamisen ja siirt\u00e4misen apuv\u00e4lineiden huoltopyynt\u00f6ilmoituksen<\/a>.<\/p>\n\n\n\n<div style=\"height:0px\" aria-hidden=\"true\" class=\"wp-block-spacer\"><\/div>\n\n\n\n<div style=\"height:20px\" aria-hidden=\"true\" class=\"wp-block-spacer\"><\/div>\n\n\n\n<h2 class=\"wp-block-heading\">Varaosat<\/h2>\n\n\n\n<ul class=\"wp-block-list\">\n<li>Varaosatilaukset s\u00e4hk\u00f6postilla: tilaus(at)medimattress.fi<\/li>\n<\/ul>\n\n\n\n<div style=\"height:20px\" aria-hidden=\"true\" class=\"wp-block-spacer\"><\/div>\n\n\n\n<h2 class=\"wp-block-heading\">Ota yhteytt\u00e4<\/h2>\n\n\n\n<ul class=\"wp-block-list\">\n<li>Huollon asiakaspalvelu (avoinna arkisin klo 8-16), puh. 0306 40 40 45<\/li>\n\n\n\n<li>huolto(at)medimattress.fi<\/li>\n\n\n\n<li>MediMattress Oy \/ huolto, Haukilahdenkatu 4, 00550 Helsinki<\/li>\n<\/ul>\n\n\n\n<p><\/p>\n<\/div><\/div>\n","protected":false},"excerpt":{"rendered":"<p>Huolto-, asennus- ja puhdistuspalvelut Tarjoamme kattavat huolto-, asennus- ja puhdistuspalvelut laitteillemme. Ammattitaitoinen huoltotiimimme varmistaa, ett\u00e4 laitteet toimivat luotettavasti ja turvallisesti. S\u00e4\u00e4nn\u00f6llinen huolto takaa laitteiden turvallisen k\u00e4yt\u00f6n, pident\u00e4\u00e4 niiden k\u00e4ytt\u00f6ik\u00e4\u00e4 ja auttaa ehk\u00e4isem\u00e4\u00e4n ennakoimattomia vikatilanteita. Hyvin huolletut laitteet s\u00e4\u00e4st\u00e4v\u00e4t my\u00f6s aikaa, rahaa ja resursseja. Carital\u00ae- ja Talley-painehaavapatjojen huolto Huollon asiakaspalvelu avoinna arkisin klo 8-16, puh. 0306 &hellip; <a href=\"https:\/\/www.directhealthcaregroup.com\/fi\/huolto\/\">Continued<\/a><\/p>\n","protected":false},"author":102,"featured_media":248286,"parent":0,"menu_order":0,"comment_status":"closed","ping_status":"closed","template":"","meta":{"_acf_changed":false,"footnotes":""},"class_list":["post-245342","page","type-page","status-publish","has-post-thumbnail","hentry"],"acf":[],"yoast_head":"<!-- This site is optimized with the Yoast SEO plugin v27.4 - https:\/\/yoast.com\/product\/yoast-seo-wordpress\/ -->\n<title>Huolto | DHG<\/title>\n<meta name=\"description\" content=\"Tarjoamme kattavat huolto-, asennus- ja puhdistuspalvelut laitteillemme. Ammattitaitoinen huoltotiimimme varmistaa, ett\u00e4 laitteet toimivat luotettavasti ja turvallisesti. S\u00e4\u00e4nn\u00f6llinen huolto takaa laitteiden turvallisen k\u00e4yt\u00f6n, pident\u00e4\u00e4 niiden k\u00e4ytt\u00f6ik\u00e4\u00e4 ja auttaa ehk\u00e4isem\u00e4\u00e4n ennakoimattomia vikatilanteita. Hyvin huolletut laitteet s\u00e4\u00e4st\u00e4v\u00e4t my\u00f6s aikaa, rahaa ja resursseja.\" \/>\n<meta name=\"robots\" content=\"index, follow, max-snippet:-1, max-image-preview:large, max-video-preview:-1\" \/>\n<link rel=\"canonical\" href=\"https:\/\/www.directhealthcaregroup.com\/fi\/huolto\/\" \/>\n<meta property=\"og:locale\" content=\"fi_FI\" \/>\n<meta property=\"og:type\" content=\"article\" \/>\n<meta property=\"og:title\" content=\"Huolto | DHG\" \/>\n<meta property=\"og:description\" content=\"Tarjoamme kattavat huolto-, asennus- ja puhdistuspalvelut laitteillemme. Ammattitaitoinen huoltotiimimme varmistaa, ett\u00e4 laitteet toimivat luotettavasti ja turvallisesti. S\u00e4\u00e4nn\u00f6llinen huolto takaa laitteiden turvallisen k\u00e4yt\u00f6n, pident\u00e4\u00e4 niiden k\u00e4ytt\u00f6ik\u00e4\u00e4 ja auttaa ehk\u00e4isem\u00e4\u00e4n ennakoimattomia vikatilanteita. Hyvin huolletut laitteet s\u00e4\u00e4st\u00e4v\u00e4t my\u00f6s aikaa, rahaa ja resursseja.\" \/>\n<meta property=\"og:url\" content=\"https:\/\/www.directhealthcaregroup.com\/fi\/huolto\/\" \/>\n<meta property=\"og:site_name\" content=\"DHG\" \/>\n<meta property=\"article:modified_time\" content=\"2025-10-14T15:05:29+00:00\" \/>\n<meta property=\"og:image\" content=\"https:\/\/www.directhealthcaregroup.com\/app\/uploads\/DHG-Huolto-Service-banner-web.jpg\" \/>\n\t<meta property=\"og:image:width\" content=\"2000\" \/>\n\t<meta property=\"og:image:height\" content=\"615\" \/>\n\t<meta property=\"og:image:type\" content=\"image\/jpeg\" \/>\n<meta name=\"twitter:card\" content=\"summary_large_image\" \/>\n<meta name=\"twitter:label1\" content=\"Est. reading time\" \/>\n\t<meta name=\"twitter:data1\" content=\"2 minutes\" \/>\n<script type=\"application\/ld+json\" class=\"yoast-schema-graph\">{\"@context\":\"https:\\\/\\\/schema.org\",\"@graph\":[{\"@type\":\"WebPage\",\"@id\":\"https:\\\/\\\/www.directhealthcaregroup.com\\\/fi\\\/huolto\\\/\",\"url\":\"https:\\\/\\\/www.directhealthcaregroup.com\\\/fi\\\/huolto\\\/\",\"name\":\"Huolto | DHG\",\"isPartOf\":{\"@id\":\"https:\\\/\\\/www.directhealthcaregroup.com\\\/#website\"},\"primaryImageOfPage\":{\"@id\":\"https:\\\/\\\/www.directhealthcaregroup.com\\\/fi\\\/huolto\\\/#primaryimage\"},\"image\":{\"@id\":\"https:\\\/\\\/www.directhealthcaregroup.com\\\/fi\\\/huolto\\\/#primaryimage\"},\"thumbnailUrl\":\"https:\\\/\\\/www.directhealthcaregroup.com\\\/app\\\/uploads\\\/DHG-Huolto-Service-banner-web.jpg\",\"datePublished\":\"2025-04-24T12:32:43+00:00\",\"dateModified\":\"2025-10-14T15:05:29+00:00\",\"description\":\"Tarjoamme kattavat huolto-, asennus- ja puhdistuspalvelut laitteillemme. Ammattitaitoinen huoltotiimimme varmistaa, ett\u00e4 laitteet toimivat luotettavasti ja turvallisesti. S\u00e4\u00e4nn\u00f6llinen huolto takaa laitteiden turvallisen k\u00e4yt\u00f6n, pident\u00e4\u00e4 niiden k\u00e4ytt\u00f6ik\u00e4\u00e4 ja auttaa ehk\u00e4isem\u00e4\u00e4n ennakoimattomia vikatilanteita. Hyvin huolletut laitteet s\u00e4\u00e4st\u00e4v\u00e4t my\u00f6s aikaa, rahaa ja resursseja.\",\"breadcrumb\":{\"@id\":\"https:\\\/\\\/www.directhealthcaregroup.com\\\/fi\\\/huolto\\\/#breadcrumb\"},\"inLanguage\":\"fi\",\"potentialAction\":[{\"@type\":\"ReadAction\",\"target\":[\"https:\\\/\\\/www.directhealthcaregroup.com\\\/fi\\\/huolto\\\/\"]}]},{\"@type\":\"ImageObject\",\"inLanguage\":\"fi\",\"@id\":\"https:\\\/\\\/www.directhealthcaregroup.com\\\/fi\\\/huolto\\\/#primaryimage\",\"url\":\"https:\\\/\\\/www.directhealthcaregroup.com\\\/app\\\/uploads\\\/DHG-Huolto-Service-banner-web.jpg\",\"contentUrl\":\"https:\\\/\\\/www.directhealthcaregroup.com\\\/app\\\/uploads\\\/DHG-Huolto-Service-banner-web.jpg\",\"width\":2000,\"height\":615},{\"@type\":\"BreadcrumbList\",\"@id\":\"https:\\\/\\\/www.directhealthcaregroup.com\\\/fi\\\/huolto\\\/#breadcrumb\",\"itemListElement\":[{\"@type\":\"ListItem\",\"position\":1,\"name\":\"Home\",\"item\":\"https:\\\/\\\/www.directhealthcaregroup.com\\\/fi\\\/\"},{\"@type\":\"ListItem\",\"position\":2,\"name\":\"Huolto\"}]},{\"@type\":\"WebSite\",\"@id\":\"https:\\\/\\\/www.directhealthcaregroup.com\\\/#website\",\"url\":\"https:\\\/\\\/www.directhealthcaregroup.com\\\/\",\"name\":\"DHG\",\"description\":\"Moving Health Forward\",\"publisher\":{\"@id\":\"https:\\\/\\\/www.directhealthcaregroup.com\\\/#organization\"},\"potentialAction\":[{\"@type\":\"SearchAction\",\"target\":{\"@type\":\"EntryPoint\",\"urlTemplate\":\"https:\\\/\\\/www.directhealthcaregroup.com\\\/?s={search_term_string}\"},\"query-input\":{\"@type\":\"PropertyValueSpecification\",\"valueRequired\":true,\"valueName\":\"search_term_string\"}}],\"inLanguage\":\"fi\"},{\"@type\":\"Organization\",\"@id\":\"https:\\\/\\\/www.directhealthcaregroup.com\\\/#organization\",\"name\":\"Direct Healthcare Group\",\"url\":\"https:\\\/\\\/www.directhealthcaregroup.com\\\/\",\"logo\":{\"@type\":\"ImageObject\",\"inLanguage\":\"fi\",\"@id\":\"https:\\\/\\\/www.directhealthcaregroup.com\\\/#\\\/schema\\\/logo\\\/image\\\/\",\"url\":\"https:\\\/\\\/directhealthcaregroup.com\\\/app\\\/uploads\\\/dhg-logo.png\",\"contentUrl\":\"https:\\\/\\\/directhealthcaregroup.com\\\/app\\\/uploads\\\/dhg-logo.png\",\"width\":556,\"height\":240,\"caption\":\"Direct Healthcare Group\"},\"image\":{\"@id\":\"https:\\\/\\\/www.directhealthcaregroup.com\\\/#\\\/schema\\\/logo\\\/image\\\/\"}}]}<\/script>\n<!-- \/ Yoast SEO plugin. -->","yoast_head_json":{"title":"Huolto | DHG","description":"Tarjoamme kattavat huolto-, asennus- ja puhdistuspalvelut laitteillemme. Ammattitaitoinen huoltotiimimme varmistaa, ett\u00e4 laitteet toimivat luotettavasti ja turvallisesti. S\u00e4\u00e4nn\u00f6llinen huolto takaa laitteiden turvallisen k\u00e4yt\u00f6n, pident\u00e4\u00e4 niiden k\u00e4ytt\u00f6ik\u00e4\u00e4 ja auttaa ehk\u00e4isem\u00e4\u00e4n ennakoimattomia vikatilanteita. Hyvin huolletut laitteet s\u00e4\u00e4st\u00e4v\u00e4t my\u00f6s aikaa, rahaa ja resursseja.","robots":{"index":"index","follow":"follow","max-snippet":"max-snippet:-1","max-image-preview":"max-image-preview:large","max-video-preview":"max-video-preview:-1"},"canonical":"https:\/\/www.directhealthcaregroup.com\/fi\/huolto\/","og_locale":"fi_FI","og_type":"article","og_title":"Huolto | DHG","og_description":"Tarjoamme kattavat huolto-, asennus- ja puhdistuspalvelut laitteillemme. Ammattitaitoinen huoltotiimimme varmistaa, ett\u00e4 laitteet toimivat luotettavasti ja turvallisesti. S\u00e4\u00e4nn\u00f6llinen huolto takaa laitteiden turvallisen k\u00e4yt\u00f6n, pident\u00e4\u00e4 niiden k\u00e4ytt\u00f6ik\u00e4\u00e4 ja auttaa ehk\u00e4isem\u00e4\u00e4n ennakoimattomia vikatilanteita. Hyvin huolletut laitteet s\u00e4\u00e4st\u00e4v\u00e4t my\u00f6s aikaa, rahaa ja resursseja.","og_url":"https:\/\/www.directhealthcaregroup.com\/fi\/huolto\/","og_site_name":"DHG","article_modified_time":"2025-10-14T15:05:29+00:00","og_image":[{"width":2000,"height":615,"url":"https:\/\/www.directhealthcaregroup.com\/app\/uploads\/DHG-Huolto-Service-banner-web.jpg","type":"image\/jpeg"}],"twitter_card":"summary_large_image","twitter_misc":{"Est. reading time":"2 minutes"},"schema":{"@context":"https:\/\/schema.org","@graph":[{"@type":"WebPage","@id":"https:\/\/www.directhealthcaregroup.com\/fi\/huolto\/","url":"https:\/\/www.directhealthcaregroup.com\/fi\/huolto\/","name":"Huolto | DHG","isPartOf":{"@id":"https:\/\/www.directhealthcaregroup.com\/#website"},"primaryImageOfPage":{"@id":"https:\/\/www.directhealthcaregroup.com\/fi\/huolto\/#primaryimage"},"image":{"@id":"https:\/\/www.directhealthcaregroup.com\/fi\/huolto\/#primaryimage"},"thumbnailUrl":"https:\/\/www.directhealthcaregroup.com\/app\/uploads\/DHG-Huolto-Service-banner-web.jpg","datePublished":"2025-04-24T12:32:43+00:00","dateModified":"2025-10-14T15:05:29+00:00","description":"Tarjoamme kattavat huolto-, asennus- ja puhdistuspalvelut laitteillemme. Ammattitaitoinen huoltotiimimme varmistaa, ett\u00e4 laitteet toimivat luotettavasti ja turvallisesti. S\u00e4\u00e4nn\u00f6llinen huolto takaa laitteiden turvallisen k\u00e4yt\u00f6n, pident\u00e4\u00e4 niiden k\u00e4ytt\u00f6ik\u00e4\u00e4 ja auttaa ehk\u00e4isem\u00e4\u00e4n ennakoimattomia vikatilanteita. Hyvin huolletut laitteet s\u00e4\u00e4st\u00e4v\u00e4t my\u00f6s aikaa, rahaa ja resursseja.","breadcrumb":{"@id":"https:\/\/www.directhealthcaregroup.com\/fi\/huolto\/#breadcrumb"},"inLanguage":"fi","potentialAction":[{"@type":"ReadAction","target":["https:\/\/www.directhealthcaregroup.com\/fi\/huolto\/"]}]},{"@type":"ImageObject","inLanguage":"fi","@id":"https:\/\/www.directhealthcaregroup.com\/fi\/huolto\/#primaryimage","url":"https:\/\/www.directhealthcaregroup.com\/app\/uploads\/DHG-Huolto-Service-banner-web.jpg","contentUrl":"https:\/\/www.directhealthcaregroup.com\/app\/uploads\/DHG-Huolto-Service-banner-web.jpg","width":2000,"height":615},{"@type":"BreadcrumbList","@id":"https:\/\/www.directhealthcaregroup.com\/fi\/huolto\/#breadcrumb","itemListElement":[{"@type":"ListItem","position":1,"name":"Home","item":"https:\/\/www.directhealthcaregroup.com\/fi\/"},{"@type":"ListItem","position":2,"name":"Huolto"}]},{"@type":"WebSite","@id":"https:\/\/www.directhealthcaregroup.com\/#website","url":"https:\/\/www.directhealthcaregroup.com\/","name":"DHG","description":"Moving Health Forward","publisher":{"@id":"https:\/\/www.directhealthcaregroup.com\/#organization"},"potentialAction":[{"@type":"SearchAction","target":{"@type":"EntryPoint","urlTemplate":"https:\/\/www.directhealthcaregroup.com\/?s={search_term_string}"},"query-input":{"@type":"PropertyValueSpecification","valueRequired":true,"valueName":"search_term_string"}}],"inLanguage":"fi"},{"@type":"Organization","@id":"https:\/\/www.directhealthcaregroup.com\/#organization","name":"Direct Healthcare Group","url":"https:\/\/www.directhealthcaregroup.com\/","logo":{"@type":"ImageObject","inLanguage":"fi","@id":"https:\/\/www.directhealthcaregroup.com\/#\/schema\/logo\/image\/","url":"https:\/\/directhealthcaregroup.com\/app\/uploads\/dhg-logo.png","contentUrl":"https:\/\/directhealthcaregroup.com\/app\/uploads\/dhg-logo.png","width":556,"height":240,"caption":"Direct Healthcare Group"},"image":{"@id":"https:\/\/www.directhealthcaregroup.com\/#\/schema\/logo\/image\/"}}]}},"_links":{"self":[{"href":"https:\/\/www.directhealthcaregroup.com\/fi\/wp-json\/wp\/v2\/pages\/245342","targetHints":{"allow":["GET"]}}],"collection":[{"href":"https:\/\/www.directhealthcaregroup.com\/fi\/wp-json\/wp\/v2\/pages"}],"about":[{"href":"https:\/\/www.directhealthcaregroup.com\/fi\/wp-json\/wp\/v2\/types\/page"}],"author":[{"embeddable":true,"href":"https:\/\/www.directhealthcaregroup.com\/fi\/wp-json\/wp\/v2\/users\/102"}],"replies":[{"embeddable":true,"href":"https:\/\/www.directhealthcaregroup.com\/fi\/wp-json\/wp\/v2\/comments?post=245342"}],"version-history":[{"count":103,"href":"https:\/\/www.directhealthcaregroup.com\/fi\/wp-json\/wp\/v2\/pages\/245342\/revisions"}],"predecessor-version":[{"id":251388,"href":"https:\/\/www.directhealthcaregroup.com\/fi\/wp-json\/wp\/v2\/pages\/245342\/revisions\/251388"}],"wp:featuredmedia":[{"embeddable":true,"href":"https:\/\/www.directhealthcaregroup.com\/fi\/wp-json\/wp\/v2\/media\/248286"}],"wp:attachment":[{"href":"https:\/\/www.directhealthcaregroup.com\/fi\/wp-json\/wp\/v2\/media?parent=245342"}],"curies":[{"name":"wp","href":"https:\/\/api.w.org\/{rel}","templated":true}]}}