{"id":245541,"date":"2025-04-28T14:56:06","date_gmt":"2025-04-28T13:56:06","guid":{"rendered":"https:\/\/www.directhealthcaregroup.com\/?page_id=245541"},"modified":"2025-10-14T16:08:06","modified_gmt":"2025-10-14T15:08:06","slug":"koulutus","status":"publish","type":"page","link":"https:\/\/www.directhealthcaregroup.com\/fi\/koulutus\/","title":{"rendered":"Koulutus"},"content":{"rendered":"\n<div class=\"wp-block-group mm-scope\"><div class=\"wp-block-group__inner-container is-layout-constrained wp-block-group-is-layout-constrained\">\n<style>\n.page-intro {\n    display: none;\n}\n<\/style>\n\n\n\n<style>\n.mm-scope h1.wp-block-heading {\n  text-align: center;\n  color: #38b6ac;\n  font-size: 44px;\n  font-weight: 700;\n  margin-bottom: 40px;\n}\n\n.mm-scope h2.wp-block-heading {\n  color: #38b6ac;\n  font-size: 28px;\n  font-weight: 700;\n  margin: 0 0 10px 0;\n}\n\n.mm-scope p {\n  font-size: 16px;\n  line-height: 1.6;\n  margin-bottom: 10px;\n}\n\n.mm-scope ul,\n.mm-scope ol {\n  font-size: 16px;\n  line-height: 1.6;\n  margin-bottom: 20px;\n  padding-left: 20px;\n}\n\n.mm-scope li {\n  margin-bottom: 8px;\n}\n\n.mm-scope hr.wp-block-separator {\n  border: none;\n  border-top: 1px solid #38B6AC;\n  width: 100%;\n  margin: 60px auto;\n}\n<\/style>\n\n\n\n<h1 class=\"wp-block-heading has-text-align-center\">Koulutuspalvelut<\/h1>\n\n\n\n<p class=\"has-text-align-center\" style=\"font-size:22px;font-style:normal;font-weight:300\">MediMattressin kokeneet asiantuntijat tarjoavat koulutusta erityisesti painehaavojen ennaltaehk\u00e4isyst\u00e4 ja riskiluokituksesta sek\u00e4 potilassiirrosta ja asentohoidosta. Vuosien aikana olemme kouluttaneet tuhansia hoitoty\u00f6n ammattilaisia ja opiskelijoita eri puolilla Suomea. R\u00e4\u00e4t\u00e4l\u00f6imme koulutukset asiakkaan tarpeiden mukaan, jotta ne tukevat parhaalla mahdollisella tavalla p\u00e4ivitt\u00e4ist\u00e4 hoitoty\u00f6t\u00e4 ja potilasturvallisuutta.<\/p>\n\n\n\n<hr class=\"wp-block-separator has-alpha-channel-opacity\"\/>\n\n\n\n<figure class=\"wp-block-image size-full\"><img loading=\"lazy\" decoding=\"async\" width=\"1200\" height=\"400\" src=\"https:\/\/www.directhealthcaregroup.com\/app\/uploads\/DHG-Education-koulutus-1200px-web-2-1.jpg\" alt=\"\" class=\"wp-image-245743\" srcset=\"https:\/\/www.directhealthcaregroup.com\/app\/uploads\/DHG-Education-koulutus-1200px-web-2-1.jpg 1200w, https:\/\/www.directhealthcaregroup.com\/app\/uploads\/DHG-Education-koulutus-1200px-web-2-1-300x100.jpg 300w, https:\/\/www.directhealthcaregroup.com\/app\/uploads\/DHG-Education-koulutus-1200px-web-2-1-1024x341.jpg 1024w, https:\/\/www.directhealthcaregroup.com\/app\/uploads\/DHG-Education-koulutus-1200px-web-2-1-768x256.jpg 768w, https:\/\/www.directhealthcaregroup.com\/app\/uploads\/DHG-Education-koulutus-1200px-web-2-1-320x107.jpg 320w, https:\/\/www.directhealthcaregroup.com\/app\/uploads\/DHG-Education-koulutus-1200px-web-2-1-800x267.jpg 800w\" sizes=\"auto, (max-width: 1200px) 100vw, 1200px\" \/><\/figure>\n\n\n\n<div style=\"height:50px\" aria-hidden=\"true\" class=\"wp-block-spacer\"><\/div>\n\n\n\n<div class=\"wp-block-columns has-background is-layout-flex wp-container-core-columns-is-layout-9d6595d7 wp-block-columns-is-layout-flex\" style=\"background-color:#f1f8f8\">\n<div class=\"wp-block-column is-vertically-aligned-center is-layout-flow wp-block-column-is-layout-flow\" style=\"flex-basis:90%\">\n<h2 class=\"wp-block-heading\">Koulutustemme aihealueita ovat muun muassa:<\/h2>\n\n\n\n<ul class=\"wp-block-list\">\n<li style=\"font-size:18px\">N\u00e4ytt\u00f6\u00f6n ja vaikuttavuuteen perustuva kokonaisvaltainen painehaavan ehk\u00e4isy ja hoito<\/li>\n\n\n\n<li style=\"font-size:18px\">Potilassiirto- ja ergonomiakoulutus (Tergo\u00aeGlide, SystemRoMedic&#x2122;)<\/li>\n\n\n\n<li style=\"font-size:18px\">Asentohoito ja k\u00e4yt\u00e4nn\u00f6n toteutus<\/li>\n\n\n\n<li style=\"font-size:18px\">Laitteiden k\u00e4ytt\u00f6opastus<\/li>\n\n\n\n<li style=\"font-size:18px\">Patjojen tarkistukset ja tarvearvioinnit<\/li>\n\n\n\n<li style=\"font-size:18px\">Pelastuslakanan ja -p\u00e4\u00e4llisen k\u00e4ytt\u00f6koulutus, k\u00e4yt\u00e4nn\u00f6n pelastusharjoituksin<\/li>\n\n\n\n<li style=\"font-size:18px\">Tuotteiden huolto ja puhdistus<\/li>\n<\/ul>\n\n\n\n<p style=\"font-size:18px\"><strong>Sopimusasiakkaillemme koulutukset ovat maksuttomia.<\/strong><\/p>\n<\/div>\n<\/div>\n\n\n\n<div style=\"height:20px\" aria-hidden=\"true\" class=\"wp-block-spacer\"><\/div>\n\n\n\n<h2 class=\"wp-block-heading\">Ota yhteytt\u00e4<\/h2>\n\n\n\n<p>Lis\u00e4tietoja koulutuspalveluista <strong>aluep\u00e4\u00e4llik\u00f6ilt\u00e4mme<\/strong> tai <strong>asiakaspalvelustamme<\/strong> puh. 0306 40 40 40, asiakaspalvelu(at)medimattress.fi.<\/p>\n<\/div><\/div>\n","protected":false},"excerpt":{"rendered":"<p>Koulutuspalvelut MediMattressin kokeneet asiantuntijat tarjoavat koulutusta erityisesti painehaavojen ennaltaehk\u00e4isyst\u00e4 ja riskiluokituksesta sek\u00e4 potilassiirrosta ja asentohoidosta. Vuosien aikana olemme kouluttaneet tuhansia hoitoty\u00f6n ammattilaisia ja opiskelijoita eri puolilla Suomea. R\u00e4\u00e4t\u00e4l\u00f6imme koulutukset asiakkaan tarpeiden mukaan, jotta ne tukevat parhaalla mahdollisella tavalla p\u00e4ivitt\u00e4ist\u00e4 hoitoty\u00f6t\u00e4 ja potilasturvallisuutta. Koulutustemme aihealueita ovat muun muassa: Sopimusasiakkaillemme koulutukset ovat maksuttomia. Ota yhteytt\u00e4 Lis\u00e4tietoja koulutuspalveluista &hellip; <a href=\"https:\/\/www.directhealthcaregroup.com\/fi\/koulutus\/\">Continued<\/a><\/p>\n","protected":false},"author":102,"featured_media":245691,"parent":0,"menu_order":0,"comment_status":"closed","ping_status":"closed","template":"","meta":{"_acf_changed":false,"footnotes":""},"class_list":["post-245541","page","type-page","status-publish","has-post-thumbnail","hentry"],"acf":[],"yoast_head":"<!-- This site is optimized with the Yoast SEO plugin v26.6 - https:\/\/yoast.com\/wordpress\/plugins\/seo\/ -->\n<title>Koulutus | DHG<\/title>\n<meta name=\"robots\" content=\"index, follow, max-snippet:-1, max-image-preview:large, max-video-preview:-1\" \/>\n<link rel=\"canonical\" href=\"https:\/\/www.directhealthcaregroup.com\/fi\/koulutus\/\" \/>\n<meta property=\"og:locale\" content=\"fi_FI\" \/>\n<meta property=\"og:type\" content=\"article\" \/>\n<meta property=\"og:title\" content=\"Koulutus | DHG\" \/>\n<meta property=\"og:description\" content=\"Koulutuspalvelut MediMattressin kokeneet asiantuntijat tarjoavat koulutusta erityisesti painehaavojen ennaltaehk\u00e4isyst\u00e4 ja riskiluokituksesta sek\u00e4 potilassiirrosta ja asentohoidosta. Vuosien aikana olemme kouluttaneet tuhansia hoitoty\u00f6n ammattilaisia ja opiskelijoita eri puolilla Suomea. R\u00e4\u00e4t\u00e4l\u00f6imme koulutukset asiakkaan tarpeiden mukaan, jotta ne tukevat parhaalla mahdollisella tavalla p\u00e4ivitt\u00e4ist\u00e4 hoitoty\u00f6t\u00e4 ja potilasturvallisuutta. Koulutustemme aihealueita ovat muun muassa: Sopimusasiakkaillemme koulutukset ovat maksuttomia. Ota yhteytt\u00e4 Lis\u00e4tietoja koulutuspalveluista &hellip; Continued\" \/>\n<meta property=\"og:url\" content=\"https:\/\/www.directhealthcaregroup.com\/fi\/koulutus\/\" \/>\n<meta property=\"og:site_name\" content=\"DHG\" \/>\n<meta property=\"article:modified_time\" content=\"2025-10-14T15:08:06+00:00\" \/>\n<meta property=\"og:image\" content=\"https:\/\/www.directhealthcaregroup.com\/app\/uploads\/DHG-MediMattress-Koulutuspalvelut_2000x615px-banner-4.jpg\" \/>\n\t<meta property=\"og:image:width\" content=\"2000\" \/>\n\t<meta property=\"og:image:height\" content=\"615\" \/>\n\t<meta property=\"og:image:type\" content=\"image\/jpeg\" \/>\n<meta name=\"twitter:card\" content=\"summary_large_image\" \/>\n<meta name=\"twitter:label1\" content=\"Est. reading time\" \/>\n\t<meta name=\"twitter:data1\" content=\"1 minute\" \/>\n<script type=\"application\/ld+json\" class=\"yoast-schema-graph\">{\"@context\":\"https:\/\/schema.org\",\"@graph\":[{\"@type\":\"WebPage\",\"@id\":\"https:\/\/www.directhealthcaregroup.com\/fi\/koulutus\/\",\"url\":\"https:\/\/www.directhealthcaregroup.com\/fi\/koulutus\/\",\"name\":\"Koulutus | DHG\",\"isPartOf\":{\"@id\":\"https:\/\/www.directhealthcaregroup.com\/#website\"},\"primaryImageOfPage\":{\"@id\":\"https:\/\/www.directhealthcaregroup.com\/fi\/koulutus\/#primaryimage\"},\"image\":{\"@id\":\"https:\/\/www.directhealthcaregroup.com\/fi\/koulutus\/#primaryimage\"},\"thumbnailUrl\":\"https:\/\/www.directhealthcaregroup.com\/app\/uploads\/DHG-MediMattress-Koulutuspalvelut_2000x615px-banner-4.jpg\",\"datePublished\":\"2025-04-28T13:56:06+00:00\",\"dateModified\":\"2025-10-14T15:08:06+00:00\",\"breadcrumb\":{\"@id\":\"https:\/\/www.directhealthcaregroup.com\/fi\/koulutus\/#breadcrumb\"},\"inLanguage\":\"fi\",\"potentialAction\":[{\"@type\":\"ReadAction\",\"target\":[\"https:\/\/www.directhealthcaregroup.com\/fi\/koulutus\/\"]}]},{\"@type\":\"ImageObject\",\"inLanguage\":\"fi\",\"@id\":\"https:\/\/www.directhealthcaregroup.com\/fi\/koulutus\/#primaryimage\",\"url\":\"https:\/\/www.directhealthcaregroup.com\/app\/uploads\/DHG-MediMattress-Koulutuspalvelut_2000x615px-banner-4.jpg\",\"contentUrl\":\"https:\/\/www.directhealthcaregroup.com\/app\/uploads\/DHG-MediMattress-Koulutuspalvelut_2000x615px-banner-4.jpg\",\"width\":2000,\"height\":615},{\"@type\":\"BreadcrumbList\",\"@id\":\"https:\/\/www.directhealthcaregroup.com\/fi\/koulutus\/#breadcrumb\",\"itemListElement\":[{\"@type\":\"ListItem\",\"position\":1,\"name\":\"Home\",\"item\":\"https:\/\/www.directhealthcaregroup.com\/fi\/\"},{\"@type\":\"ListItem\",\"position\":2,\"name\":\"Koulutus\"}]},{\"@type\":\"WebSite\",\"@id\":\"https:\/\/www.directhealthcaregroup.com\/#website\",\"url\":\"https:\/\/www.directhealthcaregroup.com\/\",\"name\":\"DHG\",\"description\":\"Moving Health Forward\",\"publisher\":{\"@id\":\"https:\/\/www.directhealthcaregroup.com\/#organization\"},\"potentialAction\":[{\"@type\":\"SearchAction\",\"target\":{\"@type\":\"EntryPoint\",\"urlTemplate\":\"https:\/\/www.directhealthcaregroup.com\/?s={search_term_string}\"},\"query-input\":{\"@type\":\"PropertyValueSpecification\",\"valueRequired\":true,\"valueName\":\"search_term_string\"}}],\"inLanguage\":\"fi\"},{\"@type\":\"Organization\",\"@id\":\"https:\/\/www.directhealthcaregroup.com\/#organization\",\"name\":\"Direct Healthcare Group\",\"url\":\"https:\/\/www.directhealthcaregroup.com\/\",\"logo\":{\"@type\":\"ImageObject\",\"inLanguage\":\"fi\",\"@id\":\"https:\/\/www.directhealthcaregroup.com\/#\/schema\/logo\/image\/\",\"url\":\"https:\/\/directhealthcaregroup.com\/app\/uploads\/dhg-logo.png\",\"contentUrl\":\"https:\/\/directhealthcaregroup.com\/app\/uploads\/dhg-logo.png\",\"width\":556,\"height\":240,\"caption\":\"Direct Healthcare Group\"},\"image\":{\"@id\":\"https:\/\/www.directhealthcaregroup.com\/#\/schema\/logo\/image\/\"}}]}<\/script>\n<!-- \/ Yoast SEO plugin. -->","yoast_head_json":{"title":"Koulutus | DHG","robots":{"index":"index","follow":"follow","max-snippet":"max-snippet:-1","max-image-preview":"max-image-preview:large","max-video-preview":"max-video-preview:-1"},"canonical":"https:\/\/www.directhealthcaregroup.com\/fi\/koulutus\/","og_locale":"fi_FI","og_type":"article","og_title":"Koulutus | DHG","og_description":"Koulutuspalvelut MediMattressin kokeneet asiantuntijat tarjoavat koulutusta erityisesti painehaavojen ennaltaehk\u00e4isyst\u00e4 ja riskiluokituksesta sek\u00e4 potilassiirrosta ja asentohoidosta. Vuosien aikana olemme kouluttaneet tuhansia hoitoty\u00f6n ammattilaisia ja opiskelijoita eri puolilla Suomea. R\u00e4\u00e4t\u00e4l\u00f6imme koulutukset asiakkaan tarpeiden mukaan, jotta ne tukevat parhaalla mahdollisella tavalla p\u00e4ivitt\u00e4ist\u00e4 hoitoty\u00f6t\u00e4 ja potilasturvallisuutta. Koulutustemme aihealueita ovat muun muassa: Sopimusasiakkaillemme koulutukset ovat maksuttomia. Ota yhteytt\u00e4 Lis\u00e4tietoja koulutuspalveluista &hellip; Continued","og_url":"https:\/\/www.directhealthcaregroup.com\/fi\/koulutus\/","og_site_name":"DHG","article_modified_time":"2025-10-14T15:08:06+00:00","og_image":[{"width":2000,"height":615,"url":"https:\/\/www.directhealthcaregroup.com\/app\/uploads\/DHG-MediMattress-Koulutuspalvelut_2000x615px-banner-4.jpg","type":"image\/jpeg"}],"twitter_card":"summary_large_image","twitter_misc":{"Est. reading time":"1 minute"},"schema":{"@context":"https:\/\/schema.org","@graph":[{"@type":"WebPage","@id":"https:\/\/www.directhealthcaregroup.com\/fi\/koulutus\/","url":"https:\/\/www.directhealthcaregroup.com\/fi\/koulutus\/","name":"Koulutus | DHG","isPartOf":{"@id":"https:\/\/www.directhealthcaregroup.com\/#website"},"primaryImageOfPage":{"@id":"https:\/\/www.directhealthcaregroup.com\/fi\/koulutus\/#primaryimage"},"image":{"@id":"https:\/\/www.directhealthcaregroup.com\/fi\/koulutus\/#primaryimage"},"thumbnailUrl":"https:\/\/www.directhealthcaregroup.com\/app\/uploads\/DHG-MediMattress-Koulutuspalvelut_2000x615px-banner-4.jpg","datePublished":"2025-04-28T13:56:06+00:00","dateModified":"2025-10-14T15:08:06+00:00","breadcrumb":{"@id":"https:\/\/www.directhealthcaregroup.com\/fi\/koulutus\/#breadcrumb"},"inLanguage":"fi","potentialAction":[{"@type":"ReadAction","target":["https:\/\/www.directhealthcaregroup.com\/fi\/koulutus\/"]}]},{"@type":"ImageObject","inLanguage":"fi","@id":"https:\/\/www.directhealthcaregroup.com\/fi\/koulutus\/#primaryimage","url":"https:\/\/www.directhealthcaregroup.com\/app\/uploads\/DHG-MediMattress-Koulutuspalvelut_2000x615px-banner-4.jpg","contentUrl":"https:\/\/www.directhealthcaregroup.com\/app\/uploads\/DHG-MediMattress-Koulutuspalvelut_2000x615px-banner-4.jpg","width":2000,"height":615},{"@type":"BreadcrumbList","@id":"https:\/\/www.directhealthcaregroup.com\/fi\/koulutus\/#breadcrumb","itemListElement":[{"@type":"ListItem","position":1,"name":"Home","item":"https:\/\/www.directhealthcaregroup.com\/fi\/"},{"@type":"ListItem","position":2,"name":"Koulutus"}]},{"@type":"WebSite","@id":"https:\/\/www.directhealthcaregroup.com\/#website","url":"https:\/\/www.directhealthcaregroup.com\/","name":"DHG","description":"Moving Health Forward","publisher":{"@id":"https:\/\/www.directhealthcaregroup.com\/#organization"},"potentialAction":[{"@type":"SearchAction","target":{"@type":"EntryPoint","urlTemplate":"https:\/\/www.directhealthcaregroup.com\/?s={search_term_string}"},"query-input":{"@type":"PropertyValueSpecification","valueRequired":true,"valueName":"search_term_string"}}],"inLanguage":"fi"},{"@type":"Organization","@id":"https:\/\/www.directhealthcaregroup.com\/#organization","name":"Direct Healthcare Group","url":"https:\/\/www.directhealthcaregroup.com\/","logo":{"@type":"ImageObject","inLanguage":"fi","@id":"https:\/\/www.directhealthcaregroup.com\/#\/schema\/logo\/image\/","url":"https:\/\/directhealthcaregroup.com\/app\/uploads\/dhg-logo.png","contentUrl":"https:\/\/directhealthcaregroup.com\/app\/uploads\/dhg-logo.png","width":556,"height":240,"caption":"Direct Healthcare Group"},"image":{"@id":"https:\/\/www.directhealthcaregroup.com\/#\/schema\/logo\/image\/"}}]}},"_links":{"self":[{"href":"https:\/\/www.directhealthcaregroup.com\/fi\/wp-json\/wp\/v2\/pages\/245541","targetHints":{"allow":["GET"]}}],"collection":[{"href":"https:\/\/www.directhealthcaregroup.com\/fi\/wp-json\/wp\/v2\/pages"}],"about":[{"href":"https:\/\/www.directhealthcaregroup.com\/fi\/wp-json\/wp\/v2\/types\/page"}],"author":[{"embeddable":true,"href":"https:\/\/www.directhealthcaregroup.com\/fi\/wp-json\/wp\/v2\/users\/102"}],"replies":[{"embeddable":true,"href":"https:\/\/www.directhealthcaregroup.com\/fi\/wp-json\/wp\/v2\/comments?post=245541"}],"version-history":[{"count":61,"href":"https:\/\/www.directhealthcaregroup.com\/fi\/wp-json\/wp\/v2\/pages\/245541\/revisions"}],"predecessor-version":[{"id":251390,"href":"https:\/\/www.directhealthcaregroup.com\/fi\/wp-json\/wp\/v2\/pages\/245541\/revisions\/251390"}],"wp:featuredmedia":[{"embeddable":true,"href":"https:\/\/www.directhealthcaregroup.com\/fi\/wp-json\/wp\/v2\/media\/245691"}],"wp:attachment":[{"href":"https:\/\/www.directhealthcaregroup.com\/fi\/wp-json\/wp\/v2\/media?parent=245541"}],"curies":[{"name":"wp","href":"https:\/\/api.w.org\/{rel}","templated":true}]}}