{"id":246112,"date":"2025-05-05T08:45:08","date_gmt":"2025-05-05T07:45:08","guid":{"rendered":"https:\/\/www.directhealthcaregroup.com\/?page_id=246112"},"modified":"2025-10-13T14:07:43","modified_gmt":"2025-10-13T13:07:43","slug":"carital-tutkitusti-vaikuttavin","status":"publish","type":"page","link":"https:\/\/www.directhealthcaregroup.com\/fi\/carital-tutkitusti-vaikuttavin\/","title":{"rendered":"Carital\u00ae \u2013 tutkitusti vaikuttavin"},"content":{"rendered":"\n<div class=\"wp-block-group mm-scope\"><div class=\"wp-block-group__inner-container is-layout-constrained wp-block-group-is-layout-constrained\">\n<style>\n.page-intro {\n    display: none;\n}\n<\/style>\n\n\n\n<style>\n\/* Tyylit koskevat VAIN t\u00e4m\u00e4n sivun Group-blokin sis\u00e4ll\u00e4 olevaa sis\u00e4lt\u00f6\u00e4 *\/\n.mm-scope hr.wp-block-separator {\n  border: none;\n  border-top: 1px solid #38B6AC;\n  width: 100%;\n  margin: 60px auto;\n}\n\n.mm-scope h1.wp-block-heading {\n  text-align: center;\n  color: #38b6ac;\n  font-size: 44px;\n  font-weight: 700;\n  margin-bottom: 40px;\n}\n\n.mm-scope h2.wp-block-heading {\n  color: #38b6ac;\n  font-size: 28px;\n  font-weight: 700;\n  margin: 20px 0 10px 0;\n}\n\n.mm-scope p {\n  font-size: 16px;\n  line-height: 1.6;\n  margin: 10px 0;\n}\n\n.mm-scope ul,\n.mm-scope ol {\n  font-size: 16px;\n  line-height: 1.6;\n  margin-bottom: 20px;\n  padding-left: 20px;\n}\n\n.mm-scope li {\n  margin-bottom: 8px;\n}\n<\/style>\n\n\n\n<h1 class=\"wp-block-heading has-text-align-center\">Carital\u00ae \u2013 tutkitusti vaikuttavin<\/h1>\n\n\n\n<p class=\"has-text-align-center\" style=\"font-size:22px;font-style:normal;font-weight:300\"><strong>Carital\u00ae-antideformaatiopatjat<\/strong> ovat ainutlaatuisen tehokkaita, automaattisesti potilaan mukaan s\u00e4\u00e4tyvi\u00e4, painehaavojen est\u00e4miseen ja hoitoon tarkoitettuja erikoispatjoja. Tuotteet on suunniteltu korkean ja eritt\u00e4in korkean painehaavariskin potilaille.<\/p>\n\n\n\n<p class=\"has-text-align-center\" style=\"font-size:22px;font-style:normal;font-weight:300\">Reaktiivinen <strong>Carital Antideformaatioteknologia\u00ae<\/strong> maksimoi kontaktipinta-alan ja minimoi kontaktipaineen est\u00e4en tehokkaasti paineenalaisten kudosten ja kudossolujen deformaatiota. N\u00e4in kudokseen ei synny paineesta \/ kudosvenytyksest\u00e4 aiheutuvaa vammaa.<\/p>\n\n\n\n<div style=\"height:20px\" aria-hidden=\"true\" class=\"wp-block-spacer\"><\/div>\n\n\n<div class=\"wp-block-image\">\n<figure class=\"aligncenter size-full\"><img loading=\"lazy\" decoding=\"async\" width=\"370\" height=\"97\" src=\"https:\/\/www.directhealthcaregroup.com\/app\/uploads\/Made-in-Finland-Carital-A1-FI.png\" alt=\"\" class=\"wp-image-246342\" srcset=\"https:\/\/www.directhealthcaregroup.com\/app\/uploads\/Made-in-Finland-Carital-A1-FI.png 370w, https:\/\/www.directhealthcaregroup.com\/app\/uploads\/Made-in-Finland-Carital-A1-FI-300x79.png 300w, https:\/\/www.directhealthcaregroup.com\/app\/uploads\/Made-in-Finland-Carital-A1-FI-320x84.png 320w\" sizes=\"auto, (max-width: 370px) 100vw, 370px\" \/><\/figure>\n<\/div>\n\n\n<hr class=\"wp-block-separator has-alpha-channel-opacity\"\/>\n\n\n\n<div class=\"wp-block-columns has-background is-layout-flex wp-container-core-columns-is-layout-9d6595d7 wp-block-columns-is-layout-flex\" style=\"background-color:#f1f8f8\">\n<div class=\"wp-block-column is-vertically-aligned-top is-layout-flow wp-block-column-is-layout-flow\">\n<h2 class=\"wp-block-heading\">Carital Antideformaatioteknologia\u00ae<\/h2>\n\n\n\n<p style=\"font-size:18px;font-style:normal;font-weight:800\">Carital Antideformaatioteknologia\u00ae on tutkitusti vaikuttavin makuualusta painehaavojen ehk\u00e4isyyn ja hoitoon.<\/p>\n\n\n\n<p style=\"font-size:18px\">Carital\u00ae Optimaa koskeva kliininen dokumentaatio on toistaiseksi paras n\u00e4ytt\u00f6 mink\u00e4\u00e4n erikoispatjan tehokkuudesta painehaavojen est\u00e4misess\u00e4.<\/p>\n\n\n\n<p style=\"font-size:18px\"><a href=\"https:\/\/www.directhealthcaregroup.com\/app\/uploads\/br-h-02-fi-1.1-19102022-kliininen-evidenssi-carital.pdf\">Carital\u00ae Optiman kliininen arviointi<\/a><\/p>\n\n\n\n<p style=\"font-size:18px\">Lue lis\u00e4\u00e4 painehaavojen synnyst\u00e4 sek\u00e4 antideformaatiosta <a href=\"https:\/\/www.directhealthcaregroup.com\/app\/uploads\/Deformaatio-aiheuttaa-painehaavat-1-2020-P.pdf\">t\u00e4\u00e4lt\u00e4<\/a>.<\/p>\n\n\n\n<p style=\"font-size:18px\">Koko Carital\u00ae-antideformaatiopatjojen valikoima:<\/p>\n\n\n\n<p style=\"font-size:18px\"><a href=\"https:\/\/www.directhealthcaregroup.com\/fi\/product-type\/antideformaatiopatjat\/\">Carital\u00ae-antideformaatiopatjat<\/a><\/p>\n\n\n\n<div style=\"height:30px\" aria-hidden=\"true\" class=\"wp-block-spacer\"><\/div>\n\n\n\n<figure class=\"wp-block-image size-full\"><img loading=\"lazy\" decoding=\"async\" width=\"78\" height=\"64\" src=\"https:\/\/www.directhealthcaregroup.com\/app\/uploads\/Made-in-Finland-Tehty-Suomessa-1.png\" alt=\"Made in Finland - Tehty Suomessa\" class=\"wp-image-242132\"\/><\/figure>\n<\/div>\n\n\n\n<div class=\"wp-block-column is-layout-flow wp-block-column-is-layout-flow\"><div class=\"wp-block-image\">\n<figure class=\"alignright size-full\"><img loading=\"lazy\" decoding=\"async\" width=\"480\" height=\"565\" src=\"https:\/\/www.directhealthcaregroup.com\/app\/uploads\/Carital-Optima-controller-027-web-3.jpg\" alt=\"\" class=\"wp-image-245426\" srcset=\"https:\/\/www.directhealthcaregroup.com\/app\/uploads\/Carital-Optima-controller-027-web-3.jpg 480w, https:\/\/www.directhealthcaregroup.com\/app\/uploads\/Carital-Optima-controller-027-web-3-255x300.jpg 255w, https:\/\/www.directhealthcaregroup.com\/app\/uploads\/Carital-Optima-controller-027-web-3-320x377.jpg 320w, https:\/\/www.directhealthcaregroup.com\/app\/uploads\/Carital-Optima-controller-027-web-3-189x223.jpg 189w\" sizes=\"auto, (max-width: 480px) 100vw, 480px\" \/><\/figure>\n<\/div><\/div>\n<\/div>\n<\/div><\/div>\n","protected":false},"excerpt":{"rendered":"<p>Carital\u00ae \u2013 tutkitusti vaikuttavin Carital\u00ae-antideformaatiopatjat ovat ainutlaatuisen tehokkaita, automaattisesti potilaan mukaan s\u00e4\u00e4tyvi\u00e4, painehaavojen est\u00e4miseen ja hoitoon tarkoitettuja erikoispatjoja. Tuotteet on suunniteltu korkean ja eritt\u00e4in korkean painehaavariskin potilaille. Reaktiivinen Carital Antideformaatioteknologia\u00ae maksimoi kontaktipinta-alan ja minimoi kontaktipaineen est\u00e4en tehokkaasti paineenalaisten kudosten ja kudossolujen deformaatiota. N\u00e4in kudokseen ei synny paineesta \/ kudosvenytyksest\u00e4 aiheutuvaa vammaa. Carital Antideformaatioteknologia\u00ae Carital Antideformaatioteknologia\u00ae &hellip; <a href=\"https:\/\/www.directhealthcaregroup.com\/fi\/carital-tutkitusti-vaikuttavin\/\">Continued<\/a><\/p>\n","protected":false},"author":102,"featured_media":246208,"parent":0,"menu_order":0,"comment_status":"closed","ping_status":"closed","template":"","meta":{"_acf_changed":false,"footnotes":""},"class_list":["post-246112","page","type-page","status-publish","has-post-thumbnail","hentry"],"acf":[],"yoast_head":"<!-- This site is optimized with the Yoast SEO plugin v27.4 - https:\/\/yoast.com\/product\/yoast-seo-wordpress\/ -->\n<title>Carital\u00ae \u2013 tutkitusti vaikuttavin | DHG<\/title>\n<meta name=\"robots\" content=\"index, follow, max-snippet:-1, max-image-preview:large, max-video-preview:-1\" \/>\n<link rel=\"canonical\" href=\"https:\/\/www.directhealthcaregroup.com\/fi\/carital-tutkitusti-vaikuttavin\/\" \/>\n<meta property=\"og:locale\" content=\"fi_FI\" \/>\n<meta property=\"og:type\" content=\"article\" \/>\n<meta property=\"og:title\" content=\"Carital\u00ae \u2013 tutkitusti vaikuttavin | DHG\" \/>\n<meta property=\"og:description\" content=\"Carital\u00ae \u2013 tutkitusti vaikuttavin Carital\u00ae-antideformaatiopatjat ovat ainutlaatuisen tehokkaita, automaattisesti potilaan mukaan s\u00e4\u00e4tyvi\u00e4, painehaavojen est\u00e4miseen ja hoitoon tarkoitettuja erikoispatjoja. Tuotteet on suunniteltu korkean ja eritt\u00e4in korkean painehaavariskin potilaille. Reaktiivinen Carital Antideformaatioteknologia\u00ae maksimoi kontaktipinta-alan ja minimoi kontaktipaineen est\u00e4en tehokkaasti paineenalaisten kudosten ja kudossolujen deformaatiota. N\u00e4in kudokseen ei synny paineesta \/ kudosvenytyksest\u00e4 aiheutuvaa vammaa. Carital Antideformaatioteknologia\u00ae Carital Antideformaatioteknologia\u00ae &hellip; Continued\" \/>\n<meta property=\"og:url\" content=\"https:\/\/www.directhealthcaregroup.com\/fi\/carital-tutkitusti-vaikuttavin\/\" \/>\n<meta property=\"og:site_name\" content=\"DHG\" \/>\n<meta property=\"article:modified_time\" content=\"2025-10-13T13:07:43+00:00\" \/>\n<meta property=\"og:image\" content=\"https:\/\/www.directhealthcaregroup.com\/app\/uploads\/DHG-MediMattress-Carital-tutkitusti-vaikuttavin_2000x615px-2.jpg\" \/>\n\t<meta property=\"og:image:width\" content=\"2000\" \/>\n\t<meta property=\"og:image:height\" content=\"615\" \/>\n\t<meta property=\"og:image:type\" content=\"image\/jpeg\" \/>\n<meta name=\"twitter:card\" content=\"summary_large_image\" \/>\n<meta name=\"twitter:label1\" content=\"Est. reading time\" \/>\n\t<meta name=\"twitter:data1\" content=\"2 minutes\" \/>\n<script type=\"application\/ld+json\" class=\"yoast-schema-graph\">{\"@context\":\"https:\\\/\\\/schema.org\",\"@graph\":[{\"@type\":\"WebPage\",\"@id\":\"https:\\\/\\\/www.directhealthcaregroup.com\\\/fi\\\/carital-tutkitusti-vaikuttavin\\\/\",\"url\":\"https:\\\/\\\/www.directhealthcaregroup.com\\\/fi\\\/carital-tutkitusti-vaikuttavin\\\/\",\"name\":\"Carital\u00ae \u2013 tutkitusti vaikuttavin | DHG\",\"isPartOf\":{\"@id\":\"https:\\\/\\\/www.directhealthcaregroup.com\\\/#website\"},\"primaryImageOfPage\":{\"@id\":\"https:\\\/\\\/www.directhealthcaregroup.com\\\/fi\\\/carital-tutkitusti-vaikuttavin\\\/#primaryimage\"},\"image\":{\"@id\":\"https:\\\/\\\/www.directhealthcaregroup.com\\\/fi\\\/carital-tutkitusti-vaikuttavin\\\/#primaryimage\"},\"thumbnailUrl\":\"https:\\\/\\\/www.directhealthcaregroup.com\\\/app\\\/uploads\\\/DHG-MediMattress-Carital-tutkitusti-vaikuttavin_2000x615px-2.jpg\",\"datePublished\":\"2025-05-05T07:45:08+00:00\",\"dateModified\":\"2025-10-13T13:07:43+00:00\",\"breadcrumb\":{\"@id\":\"https:\\\/\\\/www.directhealthcaregroup.com\\\/fi\\\/carital-tutkitusti-vaikuttavin\\\/#breadcrumb\"},\"inLanguage\":\"fi\",\"potentialAction\":[{\"@type\":\"ReadAction\",\"target\":[\"https:\\\/\\\/www.directhealthcaregroup.com\\\/fi\\\/carital-tutkitusti-vaikuttavin\\\/\"]}]},{\"@type\":\"ImageObject\",\"inLanguage\":\"fi\",\"@id\":\"https:\\\/\\\/www.directhealthcaregroup.com\\\/fi\\\/carital-tutkitusti-vaikuttavin\\\/#primaryimage\",\"url\":\"https:\\\/\\\/www.directhealthcaregroup.com\\\/app\\\/uploads\\\/DHG-MediMattress-Carital-tutkitusti-vaikuttavin_2000x615px-2.jpg\",\"contentUrl\":\"https:\\\/\\\/www.directhealthcaregroup.com\\\/app\\\/uploads\\\/DHG-MediMattress-Carital-tutkitusti-vaikuttavin_2000x615px-2.jpg\",\"width\":2000,\"height\":615},{\"@type\":\"BreadcrumbList\",\"@id\":\"https:\\\/\\\/www.directhealthcaregroup.com\\\/fi\\\/carital-tutkitusti-vaikuttavin\\\/#breadcrumb\",\"itemListElement\":[{\"@type\":\"ListItem\",\"position\":1,\"name\":\"Home\",\"item\":\"https:\\\/\\\/www.directhealthcaregroup.com\\\/fi\\\/\"},{\"@type\":\"ListItem\",\"position\":2,\"name\":\"Carital\u00ae \u2013 tutkitusti vaikuttavin\"}]},{\"@type\":\"WebSite\",\"@id\":\"https:\\\/\\\/www.directhealthcaregroup.com\\\/#website\",\"url\":\"https:\\\/\\\/www.directhealthcaregroup.com\\\/\",\"name\":\"DHG\",\"description\":\"Moving Health Forward\",\"publisher\":{\"@id\":\"https:\\\/\\\/www.directhealthcaregroup.com\\\/#organization\"},\"potentialAction\":[{\"@type\":\"SearchAction\",\"target\":{\"@type\":\"EntryPoint\",\"urlTemplate\":\"https:\\\/\\\/www.directhealthcaregroup.com\\\/?s={search_term_string}\"},\"query-input\":{\"@type\":\"PropertyValueSpecification\",\"valueRequired\":true,\"valueName\":\"search_term_string\"}}],\"inLanguage\":\"fi\"},{\"@type\":\"Organization\",\"@id\":\"https:\\\/\\\/www.directhealthcaregroup.com\\\/#organization\",\"name\":\"Direct Healthcare Group\",\"url\":\"https:\\\/\\\/www.directhealthcaregroup.com\\\/\",\"logo\":{\"@type\":\"ImageObject\",\"inLanguage\":\"fi\",\"@id\":\"https:\\\/\\\/www.directhealthcaregroup.com\\\/#\\\/schema\\\/logo\\\/image\\\/\",\"url\":\"https:\\\/\\\/directhealthcaregroup.com\\\/app\\\/uploads\\\/dhg-logo.png\",\"contentUrl\":\"https:\\\/\\\/directhealthcaregroup.com\\\/app\\\/uploads\\\/dhg-logo.png\",\"width\":556,\"height\":240,\"caption\":\"Direct Healthcare Group\"},\"image\":{\"@id\":\"https:\\\/\\\/www.directhealthcaregroup.com\\\/#\\\/schema\\\/logo\\\/image\\\/\"}}]}<\/script>\n<!-- \/ Yoast SEO plugin. -->","yoast_head_json":{"title":"Carital\u00ae \u2013 tutkitusti vaikuttavin | DHG","robots":{"index":"index","follow":"follow","max-snippet":"max-snippet:-1","max-image-preview":"max-image-preview:large","max-video-preview":"max-video-preview:-1"},"canonical":"https:\/\/www.directhealthcaregroup.com\/fi\/carital-tutkitusti-vaikuttavin\/","og_locale":"fi_FI","og_type":"article","og_title":"Carital\u00ae \u2013 tutkitusti vaikuttavin | DHG","og_description":"Carital\u00ae \u2013 tutkitusti vaikuttavin Carital\u00ae-antideformaatiopatjat ovat ainutlaatuisen tehokkaita, automaattisesti potilaan mukaan s\u00e4\u00e4tyvi\u00e4, painehaavojen est\u00e4miseen ja hoitoon tarkoitettuja erikoispatjoja. Tuotteet on suunniteltu korkean ja eritt\u00e4in korkean painehaavariskin potilaille. Reaktiivinen Carital Antideformaatioteknologia\u00ae maksimoi kontaktipinta-alan ja minimoi kontaktipaineen est\u00e4en tehokkaasti paineenalaisten kudosten ja kudossolujen deformaatiota. N\u00e4in kudokseen ei synny paineesta \/ kudosvenytyksest\u00e4 aiheutuvaa vammaa. Carital Antideformaatioteknologia\u00ae Carital Antideformaatioteknologia\u00ae &hellip; Continued","og_url":"https:\/\/www.directhealthcaregroup.com\/fi\/carital-tutkitusti-vaikuttavin\/","og_site_name":"DHG","article_modified_time":"2025-10-13T13:07:43+00:00","og_image":[{"width":2000,"height":615,"url":"https:\/\/www.directhealthcaregroup.com\/app\/uploads\/DHG-MediMattress-Carital-tutkitusti-vaikuttavin_2000x615px-2.jpg","type":"image\/jpeg"}],"twitter_card":"summary_large_image","twitter_misc":{"Est. reading time":"2 minutes"},"schema":{"@context":"https:\/\/schema.org","@graph":[{"@type":"WebPage","@id":"https:\/\/www.directhealthcaregroup.com\/fi\/carital-tutkitusti-vaikuttavin\/","url":"https:\/\/www.directhealthcaregroup.com\/fi\/carital-tutkitusti-vaikuttavin\/","name":"Carital\u00ae \u2013 tutkitusti vaikuttavin | DHG","isPartOf":{"@id":"https:\/\/www.directhealthcaregroup.com\/#website"},"primaryImageOfPage":{"@id":"https:\/\/www.directhealthcaregroup.com\/fi\/carital-tutkitusti-vaikuttavin\/#primaryimage"},"image":{"@id":"https:\/\/www.directhealthcaregroup.com\/fi\/carital-tutkitusti-vaikuttavin\/#primaryimage"},"thumbnailUrl":"https:\/\/www.directhealthcaregroup.com\/app\/uploads\/DHG-MediMattress-Carital-tutkitusti-vaikuttavin_2000x615px-2.jpg","datePublished":"2025-05-05T07:45:08+00:00","dateModified":"2025-10-13T13:07:43+00:00","breadcrumb":{"@id":"https:\/\/www.directhealthcaregroup.com\/fi\/carital-tutkitusti-vaikuttavin\/#breadcrumb"},"inLanguage":"fi","potentialAction":[{"@type":"ReadAction","target":["https:\/\/www.directhealthcaregroup.com\/fi\/carital-tutkitusti-vaikuttavin\/"]}]},{"@type":"ImageObject","inLanguage":"fi","@id":"https:\/\/www.directhealthcaregroup.com\/fi\/carital-tutkitusti-vaikuttavin\/#primaryimage","url":"https:\/\/www.directhealthcaregroup.com\/app\/uploads\/DHG-MediMattress-Carital-tutkitusti-vaikuttavin_2000x615px-2.jpg","contentUrl":"https:\/\/www.directhealthcaregroup.com\/app\/uploads\/DHG-MediMattress-Carital-tutkitusti-vaikuttavin_2000x615px-2.jpg","width":2000,"height":615},{"@type":"BreadcrumbList","@id":"https:\/\/www.directhealthcaregroup.com\/fi\/carital-tutkitusti-vaikuttavin\/#breadcrumb","itemListElement":[{"@type":"ListItem","position":1,"name":"Home","item":"https:\/\/www.directhealthcaregroup.com\/fi\/"},{"@type":"ListItem","position":2,"name":"Carital\u00ae \u2013 tutkitusti vaikuttavin"}]},{"@type":"WebSite","@id":"https:\/\/www.directhealthcaregroup.com\/#website","url":"https:\/\/www.directhealthcaregroup.com\/","name":"DHG","description":"Moving Health Forward","publisher":{"@id":"https:\/\/www.directhealthcaregroup.com\/#organization"},"potentialAction":[{"@type":"SearchAction","target":{"@type":"EntryPoint","urlTemplate":"https:\/\/www.directhealthcaregroup.com\/?s={search_term_string}"},"query-input":{"@type":"PropertyValueSpecification","valueRequired":true,"valueName":"search_term_string"}}],"inLanguage":"fi"},{"@type":"Organization","@id":"https:\/\/www.directhealthcaregroup.com\/#organization","name":"Direct Healthcare Group","url":"https:\/\/www.directhealthcaregroup.com\/","logo":{"@type":"ImageObject","inLanguage":"fi","@id":"https:\/\/www.directhealthcaregroup.com\/#\/schema\/logo\/image\/","url":"https:\/\/directhealthcaregroup.com\/app\/uploads\/dhg-logo.png","contentUrl":"https:\/\/directhealthcaregroup.com\/app\/uploads\/dhg-logo.png","width":556,"height":240,"caption":"Direct Healthcare Group"},"image":{"@id":"https:\/\/www.directhealthcaregroup.com\/#\/schema\/logo\/image\/"}}]}},"_links":{"self":[{"href":"https:\/\/www.directhealthcaregroup.com\/fi\/wp-json\/wp\/v2\/pages\/246112","targetHints":{"allow":["GET"]}}],"collection":[{"href":"https:\/\/www.directhealthcaregroup.com\/fi\/wp-json\/wp\/v2\/pages"}],"about":[{"href":"https:\/\/www.directhealthcaregroup.com\/fi\/wp-json\/wp\/v2\/types\/page"}],"author":[{"embeddable":true,"href":"https:\/\/www.directhealthcaregroup.com\/fi\/wp-json\/wp\/v2\/users\/102"}],"replies":[{"embeddable":true,"href":"https:\/\/www.directhealthcaregroup.com\/fi\/wp-json\/wp\/v2\/comments?post=246112"}],"version-history":[{"count":51,"href":"https:\/\/www.directhealthcaregroup.com\/fi\/wp-json\/wp\/v2\/pages\/246112\/revisions"}],"predecessor-version":[{"id":251331,"href":"https:\/\/www.directhealthcaregroup.com\/fi\/wp-json\/wp\/v2\/pages\/246112\/revisions\/251331"}],"wp:featuredmedia":[{"embeddable":true,"href":"https:\/\/www.directhealthcaregroup.com\/fi\/wp-json\/wp\/v2\/media\/246208"}],"wp:attachment":[{"href":"https:\/\/www.directhealthcaregroup.com\/fi\/wp-json\/wp\/v2\/media?parent=246112"}],"curies":[{"name":"wp","href":"https:\/\/api.w.org\/{rel}","templated":true}]}}