{"id":246397,"date":"2025-05-06T11:06:09","date_gmt":"2025-05-06T10:06:09","guid":{"rendered":"https:\/\/www.directhealthcaregroup.com\/?page_id=246397"},"modified":"2025-10-14T16:10:12","modified_gmt":"2025-10-14T15:10:12","slug":"yhteystiedot","status":"publish","type":"page","link":"https:\/\/www.directhealthcaregroup.com\/fi\/yhteystiedot\/","title":{"rendered":"Yhteystiedot"},"content":{"rendered":"\n<div class=\"wp-block-group mm-scope\"><div class=\"wp-block-group__inner-container is-layout-constrained wp-block-group-is-layout-constrained\">\n<style>\n.page-intro {\n    display: none;\n}\n<\/style>\n\n\n\n<style>\n.mm-scope h1.wp-block-heading {\n  text-align: center;\n  color: #38b6ac;\n  font-size: 44px;\n  font-weight: 700;\n  margin-bottom: 40px;\n}\n\n.mm-scope h2.wp-block-heading {\n  color: #38b6ac;\n  font-size: 28px;\n  font-weight: 700;\n  margin: 0 0 10px 0;\n}\n\n.mm-scope p {\n  font-size: 16px;\n  line-height: 1.6;\n  margin-bottom: 10px;\n}\n\n.mm-scope ul,\n.mm-scope ol {\n  font-size: 16px;\n  line-height: 1.6;\n  margin-bottom: 20px;\n  padding-left: 20px;\n}\n\n.mm-scope li {\n  margin-bottom: 8px;\n}\n\n.mm-scope hr.wp-block-separator {\n  border: none;\n  border-top: 1px solid #38B6AC;\n  width: 100%;\n  margin: 60px auto;\n}\n<\/style>\n\n\n\n<h1 class=\"wp-block-heading\">Yhteystiedot<\/h1>\n\n\n\n<h2 class=\"wp-block-heading\">DHG Suomi \/ MediMattress Oy<\/h2>\n\n\n\n<div style=\"height:20px\" aria-hidden=\"true\" class=\"wp-block-spacer\"><\/div>\n\n\n\n<h3 class=\"wp-block-heading\">Johdon ja myynnin yhteystiedot<\/h3>\n\n\n\n<div style=\"height:20px\" aria-hidden=\"true\" class=\"wp-block-spacer\"><\/div>\n\n\n\n<div class=\"wp-block-columns is-layout-flex wp-container-core-columns-is-layout-9d6595d7 wp-block-columns-is-layout-flex\">\n<div class=\"wp-block-column is-layout-flow wp-block-column-is-layout-flow\" style=\"flex-basis:160px\"><\/div>\n\n\n\n<div class=\"wp-block-column is-layout-flow wp-block-column-is-layout-flow\" style=\"flex-basis:65%\">\n<p class=\"has-text-align-left\"><strong>Toimitusjohtaja<\/strong> <br>Kim Kokljuschkin <br>p. 040 562 24 14 <br>kim.kokljuschkin(at)medimattress.fi<\/p>\n<\/div>\n<\/div>\n\n\n\n<div class=\"wp-block-columns is-layout-flex wp-container-core-columns-is-layout-9d6595d7 wp-block-columns-is-layout-flex\">\n<div class=\"wp-block-column is-layout-flow wp-block-column-is-layout-flow\" style=\"flex-basis:160px\"><\/div>\n\n\n\n<div class=\"wp-block-column is-layout-flow wp-block-column-is-layout-flow\" style=\"flex-basis:65%\">\n<p class=\"has-text-align-left\"><strong>Development Manager<\/strong><br>Lauri Haavikko<br>p. 040 584 37 53 <br>lauri.haavikko(at)medimattress.fi<\/p>\n<\/div>\n<\/div>\n\n\n\n<div class=\"wp-block-columns is-layout-flex wp-container-core-columns-is-layout-9d6595d7 wp-block-columns-is-layout-flex\">\n<div class=\"wp-block-column is-layout-flow wp-block-column-is-layout-flow\" style=\"flex-basis:160px\"><div class=\"wp-block-image\">\n<figure class=\"alignleft size-full is-resized\"><img loading=\"lazy\" decoding=\"async\" width=\"150\" height=\"150\" src=\"https:\/\/www.directhealthcaregroup.com\/app\/uploads\/Henna-Sipponen-150x150-1.jpg\" alt=\"\" class=\"wp-image-246414\" style=\"width:147px;height:auto\"\/><\/figure>\n<\/div><\/div>\n\n\n\n<div class=\"wp-block-column is-layout-flow wp-block-column-is-layout-flow\" style=\"flex-basis:65%\">\n<p class=\"has-text-align-left\"><strong>Asiantuntijakonsultti<\/strong><br>Henna Sipponen<br>p. 040 901 09 06<br>henna.sipponen(at)medimattress.fi<\/p>\n\n\n\n<p class=\"has-text-align-left\">Helsinki | Pirkanmaa | Kanta-H\u00e4me | Vantaa | Kerava | Hyvink\u00e4\u00e4<\/p>\n<\/div>\n<\/div>\n\n\n\n<div class=\"wp-block-columns is-layout-flex wp-container-core-columns-is-layout-9d6595d7 wp-block-columns-is-layout-flex\">\n<div class=\"wp-block-column is-layout-flow wp-block-column-is-layout-flow\" style=\"flex-basis:160px\"><div class=\"wp-block-image\">\n<figure class=\"alignleft size-full\"><img loading=\"lazy\" decoding=\"async\" width=\"150\" height=\"150\" src=\"https:\/\/www.directhealthcaregroup.com\/app\/uploads\/Pasi-150x150-1.jpg\" alt=\"\" class=\"wp-image-246433\"\/><\/figure>\n<\/div><\/div>\n\n\n\n<div class=\"wp-block-column is-layout-flow wp-block-column-is-layout-flow\" style=\"flex-basis:70%\">\n<p class=\"has-text-align-left\"><strong>Aluep\u00e4\u00e4llikk\u00f6<\/strong><br>Pasi Ky\u00f6sti<br>p. 040 418 75 70<br>pasi.kyosti(at)medimattress.fi<\/p>\n\n\n\n<p class=\"has-text-align-left\">Varsinais-Suomi | Satakunta | Etel\u00e4-Pohjanmaa | Pohjanmaa | Kanta-H\u00e4me (Forssan seutu) | Pirkanmaa (H\u00e4meenkyr\u00f6, Ikaalinen, Kihni\u00f6, Parkano, Sastamala, Virrat)<\/p>\n<\/div>\n<\/div>\n\n\n\n<div class=\"wp-block-columns is-layout-flex wp-container-core-columns-is-layout-9d6595d7 wp-block-columns-is-layout-flex\">\n<div class=\"wp-block-column is-layout-flow wp-block-column-is-layout-flow\" style=\"flex-basis:160px\"><div class=\"wp-block-image\">\n<figure class=\"alignleft size-full\"><img loading=\"lazy\" decoding=\"async\" width=\"150\" height=\"150\" src=\"https:\/\/www.directhealthcaregroup.com\/app\/uploads\/Olmala_Mari-600x599-150x150-1.jpg\" alt=\"\" class=\"wp-image-246481\"\/><\/figure>\n<\/div><\/div>\n\n\n\n<div class=\"wp-block-column is-layout-flow wp-block-column-is-layout-flow\" style=\"flex-basis:70%\">\n<p class=\"has-text-align-left\"><strong>Aluep\u00e4\u00e4llikk\u00f6 <\/strong><br>Mari Olmala <br>p. 040 746 20 46 <br>mari.olmala(at)medimattress.fi<\/p>\n\n\n\n<p class=\"has-text-align-left\">Keski-Suomi | Pohjois-Savo | Keski-Pohjanmaa | Pohjois-Pohjanmaa | Kainuu | Lappi<\/p>\n<\/div>\n<\/div>\n\n\n\n<div class=\"wp-block-columns is-layout-flex wp-container-core-columns-is-layout-9d6595d7 wp-block-columns-is-layout-flex\">\n<div class=\"wp-block-column is-layout-flow wp-block-column-is-layout-flow\" style=\"flex-basis:160px\"><div class=\"wp-block-image\">\n<figure class=\"alignleft size-full\"><img loading=\"lazy\" decoding=\"async\" width=\"150\" height=\"150\" src=\"https:\/\/www.directhealthcaregroup.com\/app\/uploads\/Jenni-150x150-1.jpg\" alt=\"\" class=\"wp-image-246493\"\/><\/figure>\n<\/div><\/div>\n\n\n\n<div class=\"wp-block-column is-layout-flow wp-block-column-is-layout-flow\" style=\"flex-basis:70%\">\n<p class=\"has-text-align-left\"><strong>Aluep\u00e4\u00e4llikk\u00f6 <\/strong><br>Jenni Nyberg <br>p. 040 739 88 45 <br>jenni.nyberg(at)medimattress.fi<\/p>\n\n\n\n<p class=\"has-text-align-left\">Uusimaa (ei Helsinki, Vantaa, Kerava, Hyvink\u00e4\u00e4) | P\u00e4ij\u00e4t-H\u00e4me | Kymenlaakso | Ahvenanmaa | Etel\u00e4-Karjala | Pohjois-Karjala | Etel\u00e4-Savo<\/p>\n<\/div>\n<\/div>\n\n\n\n<div style=\"height:20px\" aria-hidden=\"true\" class=\"wp-block-spacer\"><\/div>\n\n\n\n<div class=\"wp-block-columns is-layout-flex wp-container-core-columns-is-layout-9d6595d7 wp-block-columns-is-layout-flex\">\n<div class=\"wp-block-column is-layout-flow wp-block-column-is-layout-flow\" style=\"flex-basis:40%\">\n<h3 class=\"wp-block-heading\">Asiakaspalvelu<\/h3>\n\n\n\n<p>arkisin klo 8-16, puh. 030 640 40 40 <br>asiakaspalvelu(at)medimattress.fi <br>vuokraus(at)medimattress.fi <br>tilaus(at)medimattress.fi<\/p>\n<\/div>\n\n\n\n<div class=\"wp-block-column is-layout-flow wp-block-column-is-layout-flow\" style=\"flex-basis:40%\">\n<h3 class=\"wp-block-heading\">Huolto<\/h3>\n\n\n\n<p>arkisin klo 8-16, puh. 030 640 40 45<br>huolto(at)medimattress.fi<\/p>\n<\/div>\n<\/div>\n\n\n\n<div style=\"height:20px\" aria-hidden=\"true\" class=\"wp-block-spacer\"><\/div>\n\n\n\n<h3 class=\"wp-block-heading\">K\u00e4yntiosoite<\/h3>\n\n\n\n<p>MediMattress Oy<br>Haukilahdenkatu 4<br>00550 HELSINKI<\/p>\n\n\n\n<p>Tavaran vastaanotto\/varasto auki <strong>klo 15.00 asti<\/strong>.<\/p>\n\n\n\n<p><em>Huom! Vierailut vain ennakkoon sovitusti, kiitos!<\/em><\/p>\n\n\n\n<div style=\"height:20px\" aria-hidden=\"true\" class=\"wp-block-spacer\"><\/div>\n\n\n\n<h3 class=\"wp-block-heading\">Postiosoite<\/h3>\n\n\n\n<p>MediMattress Oy<br>PL 629<br>00101 Helsinki<\/p>\n\n\n\n<div style=\"height:40px\" aria-hidden=\"true\" class=\"wp-block-spacer\"><\/div>\n\n\n\n<h3 class=\"wp-block-heading\">Ostolaskujen toimitusosoite<\/h3>\n\n\n\n<p>Operaattori: Apix Messaging Oy (003723327487)<br>Verkkolaskuosoite: 003714801108<br>OVT-tunnus: 003714801108<\/p>\n\n\n\n<p>Huomioittehan, ett\u00e4 mik\u00e4li k\u00e4yt\u00f6ss\u00e4nne on jokin seuraavista operaattoreista verkkolaskun l\u00e4hett\u00e4miseen: <strong>Danske Bank Oyj, Handelsbanken, Paikallisosuuspankit tai S\u00e4\u00e4st\u00f6pankit<\/strong>, tulee teid\u00e4n k\u00e4ytt\u00e4\u00e4 Apixin verkkolaskuosoitteenamme seuraavaa osoitetta: verkkolaskuosoite: 003723327487 ja operaattoritunnus: DABAFIHH.<\/p>\n\n\n\n<p>Mik\u00e4li ette voi l\u00e4hett\u00e4\u00e4 verkkolaskuja, pyyd\u00e4mme l\u00e4hett\u00e4m\u00e4\u00e4n laskut ostolaskujen skannauspalveluun.<\/p>\n\n\n\n<p><strong>S\u00e4hk\u00f6postiskannauksen osoite:<\/strong><br>003714801108(at)procountor.apix.fi<\/p>\n\n\n\n<p><strong>Paperilaskujen skannauksen osoite:<\/strong><br>MediMattress Oy (Apix skannauspalvelu)<br>PL 16112<br>00021 LASKUTUS<\/p>\n\n\n\n<p>Jotta skannauspalvelu voi kohdistaa laskunne, tulee t\u00e4m\u00e4 laskutusosoite tulostaa my\u00f6s itse laskuun, eik\u00e4 pelk\u00e4st\u00e4\u00e4n kirjekuoreen. T\u00e4h\u00e4n laskutusosoitteeseen ei tule l\u00e4hett\u00e4\u00e4 muuta materiaalia kuin laskuja.<\/p>\n<\/div><\/div>\n","protected":false},"excerpt":{"rendered":"<p>Yhteystiedot DHG Suomi \/ MediMattress Oy Johdon ja myynnin yhteystiedot Toimitusjohtaja Kim Kokljuschkin p. 040 562 24 14 kim.kokljuschkin(at)medimattress.fi Development ManagerLauri Haavikkop. 040 584 37 53 lauri.haavikko(at)medimattress.fi AsiantuntijakonsulttiHenna Sipponenp. 040 901 09 06henna.sipponen(at)medimattress.fi Helsinki | Pirkanmaa | Kanta-H\u00e4me | Vantaa | Kerava | Hyvink\u00e4\u00e4 Aluep\u00e4\u00e4llikk\u00f6Pasi Ky\u00f6stip. 040 418 75 70pasi.kyosti(at)medimattress.fi Varsinais-Suomi | Satakunta | Etel\u00e4-Pohjanmaa &hellip; <a href=\"https:\/\/www.directhealthcaregroup.com\/fi\/yhteystiedot\/\">Continued<\/a><\/p>\n","protected":false},"author":102,"featured_media":0,"parent":0,"menu_order":0,"comment_status":"closed","ping_status":"closed","template":"","meta":{"_acf_changed":false,"footnotes":""},"class_list":["post-246397","page","type-page","status-publish","hentry"],"acf":[],"yoast_head":"<!-- This site is optimized with the Yoast SEO plugin v27.4 - https:\/\/yoast.com\/product\/yoast-seo-wordpress\/ -->\n<title>Yhteystiedot | DHG<\/title>\n<meta name=\"robots\" content=\"index, follow, max-snippet:-1, max-image-preview:large, max-video-preview:-1\" \/>\n<link rel=\"canonical\" href=\"https:\/\/www.directhealthcaregroup.com\/fi\/yhteystiedot\/\" \/>\n<meta property=\"og:locale\" content=\"fi_FI\" \/>\n<meta property=\"og:type\" content=\"article\" \/>\n<meta property=\"og:title\" content=\"Yhteystiedot | DHG\" \/>\n<meta property=\"og:description\" content=\"Yhteystiedot DHG Suomi \/ MediMattress Oy Johdon ja myynnin yhteystiedot Toimitusjohtaja Kim Kokljuschkin p. 040 562 24 14 kim.kokljuschkin(at)medimattress.fi Development ManagerLauri Haavikkop. 040 584 37 53 lauri.haavikko(at)medimattress.fi AsiantuntijakonsulttiHenna Sipponenp. 040 901 09 06henna.sipponen(at)medimattress.fi Helsinki | Pirkanmaa | Kanta-H\u00e4me | Vantaa | Kerava | Hyvink\u00e4\u00e4 Aluep\u00e4\u00e4llikk\u00f6Pasi Ky\u00f6stip. 040 418 75 70pasi.kyosti(at)medimattress.fi Varsinais-Suomi | Satakunta | Etel\u00e4-Pohjanmaa &hellip; Continued\" \/>\n<meta property=\"og:url\" content=\"https:\/\/www.directhealthcaregroup.com\/fi\/yhteystiedot\/\" \/>\n<meta property=\"og:site_name\" content=\"DHG\" \/>\n<meta property=\"article:modified_time\" content=\"2025-10-14T15:10:12+00:00\" \/>\n<meta property=\"og:image\" content=\"https:\/\/www.directhealthcaregroup.com\/app\/uploads\/Henna-Sipponen-150x150-1.jpg\" \/>\n\t<meta property=\"og:image:width\" content=\"150\" \/>\n\t<meta property=\"og:image:height\" content=\"150\" \/>\n\t<meta property=\"og:image:type\" content=\"image\/jpeg\" \/>\n<meta name=\"twitter:card\" content=\"summary_large_image\" \/>\n<meta name=\"twitter:label1\" content=\"Est. reading time\" \/>\n\t<meta name=\"twitter:data1\" content=\"2 minutes\" \/>\n<script type=\"application\/ld+json\" class=\"yoast-schema-graph\">{\"@context\":\"https:\\\/\\\/schema.org\",\"@graph\":[{\"@type\":\"WebPage\",\"@id\":\"https:\\\/\\\/www.directhealthcaregroup.com\\\/fi\\\/yhteystiedot\\\/\",\"url\":\"https:\\\/\\\/www.directhealthcaregroup.com\\\/fi\\\/yhteystiedot\\\/\",\"name\":\"Yhteystiedot | DHG\",\"isPartOf\":{\"@id\":\"https:\\\/\\\/www.directhealthcaregroup.com\\\/#website\"},\"primaryImageOfPage\":{\"@id\":\"https:\\\/\\\/www.directhealthcaregroup.com\\\/fi\\\/yhteystiedot\\\/#primaryimage\"},\"image\":{\"@id\":\"https:\\\/\\\/www.directhealthcaregroup.com\\\/fi\\\/yhteystiedot\\\/#primaryimage\"},\"thumbnailUrl\":\"https:\\\/\\\/www.directhealthcaregroup.com\\\/app\\\/uploads\\\/Henna-Sipponen-150x150-1.jpg\",\"datePublished\":\"2025-05-06T10:06:09+00:00\",\"dateModified\":\"2025-10-14T15:10:12+00:00\",\"breadcrumb\":{\"@id\":\"https:\\\/\\\/www.directhealthcaregroup.com\\\/fi\\\/yhteystiedot\\\/#breadcrumb\"},\"inLanguage\":\"fi\",\"potentialAction\":[{\"@type\":\"ReadAction\",\"target\":[\"https:\\\/\\\/www.directhealthcaregroup.com\\\/fi\\\/yhteystiedot\\\/\"]}]},{\"@type\":\"ImageObject\",\"inLanguage\":\"fi\",\"@id\":\"https:\\\/\\\/www.directhealthcaregroup.com\\\/fi\\\/yhteystiedot\\\/#primaryimage\",\"url\":\"https:\\\/\\\/www.directhealthcaregroup.com\\\/app\\\/uploads\\\/Henna-Sipponen-150x150-1.jpg\",\"contentUrl\":\"https:\\\/\\\/www.directhealthcaregroup.com\\\/app\\\/uploads\\\/Henna-Sipponen-150x150-1.jpg\"},{\"@type\":\"BreadcrumbList\",\"@id\":\"https:\\\/\\\/www.directhealthcaregroup.com\\\/fi\\\/yhteystiedot\\\/#breadcrumb\",\"itemListElement\":[{\"@type\":\"ListItem\",\"position\":1,\"name\":\"Home\",\"item\":\"https:\\\/\\\/www.directhealthcaregroup.com\\\/fi\\\/\"},{\"@type\":\"ListItem\",\"position\":2,\"name\":\"Yhteystiedot\"}]},{\"@type\":\"WebSite\",\"@id\":\"https:\\\/\\\/www.directhealthcaregroup.com\\\/#website\",\"url\":\"https:\\\/\\\/www.directhealthcaregroup.com\\\/\",\"name\":\"DHG\",\"description\":\"Moving Health Forward\",\"publisher\":{\"@id\":\"https:\\\/\\\/www.directhealthcaregroup.com\\\/#organization\"},\"potentialAction\":[{\"@type\":\"SearchAction\",\"target\":{\"@type\":\"EntryPoint\",\"urlTemplate\":\"https:\\\/\\\/www.directhealthcaregroup.com\\\/?s={search_term_string}\"},\"query-input\":{\"@type\":\"PropertyValueSpecification\",\"valueRequired\":true,\"valueName\":\"search_term_string\"}}],\"inLanguage\":\"fi\"},{\"@type\":\"Organization\",\"@id\":\"https:\\\/\\\/www.directhealthcaregroup.com\\\/#organization\",\"name\":\"Direct Healthcare Group\",\"url\":\"https:\\\/\\\/www.directhealthcaregroup.com\\\/\",\"logo\":{\"@type\":\"ImageObject\",\"inLanguage\":\"fi\",\"@id\":\"https:\\\/\\\/www.directhealthcaregroup.com\\\/#\\\/schema\\\/logo\\\/image\\\/\",\"url\":\"https:\\\/\\\/directhealthcaregroup.com\\\/app\\\/uploads\\\/dhg-logo.png\",\"contentUrl\":\"https:\\\/\\\/directhealthcaregroup.com\\\/app\\\/uploads\\\/dhg-logo.png\",\"width\":556,\"height\":240,\"caption\":\"Direct Healthcare Group\"},\"image\":{\"@id\":\"https:\\\/\\\/www.directhealthcaregroup.com\\\/#\\\/schema\\\/logo\\\/image\\\/\"}}]}<\/script>\n<!-- \/ Yoast SEO plugin. -->","yoast_head_json":{"title":"Yhteystiedot | DHG","robots":{"index":"index","follow":"follow","max-snippet":"max-snippet:-1","max-image-preview":"max-image-preview:large","max-video-preview":"max-video-preview:-1"},"canonical":"https:\/\/www.directhealthcaregroup.com\/fi\/yhteystiedot\/","og_locale":"fi_FI","og_type":"article","og_title":"Yhteystiedot | DHG","og_description":"Yhteystiedot DHG Suomi \/ MediMattress Oy Johdon ja myynnin yhteystiedot Toimitusjohtaja Kim Kokljuschkin p. 040 562 24 14 kim.kokljuschkin(at)medimattress.fi Development ManagerLauri Haavikkop. 040 584 37 53 lauri.haavikko(at)medimattress.fi AsiantuntijakonsulttiHenna Sipponenp. 040 901 09 06henna.sipponen(at)medimattress.fi Helsinki | Pirkanmaa | Kanta-H\u00e4me | Vantaa | Kerava | Hyvink\u00e4\u00e4 Aluep\u00e4\u00e4llikk\u00f6Pasi Ky\u00f6stip. 040 418 75 70pasi.kyosti(at)medimattress.fi Varsinais-Suomi | Satakunta | Etel\u00e4-Pohjanmaa &hellip; Continued","og_url":"https:\/\/www.directhealthcaregroup.com\/fi\/yhteystiedot\/","og_site_name":"DHG","article_modified_time":"2025-10-14T15:10:12+00:00","og_image":[{"width":150,"height":150,"url":"https:\/\/www.directhealthcaregroup.com\/app\/uploads\/Henna-Sipponen-150x150-1.jpg","type":"image\/jpeg"}],"twitter_card":"summary_large_image","twitter_misc":{"Est. reading time":"2 minutes"},"schema":{"@context":"https:\/\/schema.org","@graph":[{"@type":"WebPage","@id":"https:\/\/www.directhealthcaregroup.com\/fi\/yhteystiedot\/","url":"https:\/\/www.directhealthcaregroup.com\/fi\/yhteystiedot\/","name":"Yhteystiedot | DHG","isPartOf":{"@id":"https:\/\/www.directhealthcaregroup.com\/#website"},"primaryImageOfPage":{"@id":"https:\/\/www.directhealthcaregroup.com\/fi\/yhteystiedot\/#primaryimage"},"image":{"@id":"https:\/\/www.directhealthcaregroup.com\/fi\/yhteystiedot\/#primaryimage"},"thumbnailUrl":"https:\/\/www.directhealthcaregroup.com\/app\/uploads\/Henna-Sipponen-150x150-1.jpg","datePublished":"2025-05-06T10:06:09+00:00","dateModified":"2025-10-14T15:10:12+00:00","breadcrumb":{"@id":"https:\/\/www.directhealthcaregroup.com\/fi\/yhteystiedot\/#breadcrumb"},"inLanguage":"fi","potentialAction":[{"@type":"ReadAction","target":["https:\/\/www.directhealthcaregroup.com\/fi\/yhteystiedot\/"]}]},{"@type":"ImageObject","inLanguage":"fi","@id":"https:\/\/www.directhealthcaregroup.com\/fi\/yhteystiedot\/#primaryimage","url":"https:\/\/www.directhealthcaregroup.com\/app\/uploads\/Henna-Sipponen-150x150-1.jpg","contentUrl":"https:\/\/www.directhealthcaregroup.com\/app\/uploads\/Henna-Sipponen-150x150-1.jpg"},{"@type":"BreadcrumbList","@id":"https:\/\/www.directhealthcaregroup.com\/fi\/yhteystiedot\/#breadcrumb","itemListElement":[{"@type":"ListItem","position":1,"name":"Home","item":"https:\/\/www.directhealthcaregroup.com\/fi\/"},{"@type":"ListItem","position":2,"name":"Yhteystiedot"}]},{"@type":"WebSite","@id":"https:\/\/www.directhealthcaregroup.com\/#website","url":"https:\/\/www.directhealthcaregroup.com\/","name":"DHG","description":"Moving Health Forward","publisher":{"@id":"https:\/\/www.directhealthcaregroup.com\/#organization"},"potentialAction":[{"@type":"SearchAction","target":{"@type":"EntryPoint","urlTemplate":"https:\/\/www.directhealthcaregroup.com\/?s={search_term_string}"},"query-input":{"@type":"PropertyValueSpecification","valueRequired":true,"valueName":"search_term_string"}}],"inLanguage":"fi"},{"@type":"Organization","@id":"https:\/\/www.directhealthcaregroup.com\/#organization","name":"Direct Healthcare Group","url":"https:\/\/www.directhealthcaregroup.com\/","logo":{"@type":"ImageObject","inLanguage":"fi","@id":"https:\/\/www.directhealthcaregroup.com\/#\/schema\/logo\/image\/","url":"https:\/\/directhealthcaregroup.com\/app\/uploads\/dhg-logo.png","contentUrl":"https:\/\/directhealthcaregroup.com\/app\/uploads\/dhg-logo.png","width":556,"height":240,"caption":"Direct Healthcare Group"},"image":{"@id":"https:\/\/www.directhealthcaregroup.com\/#\/schema\/logo\/image\/"}}]}},"_links":{"self":[{"href":"https:\/\/www.directhealthcaregroup.com\/fi\/wp-json\/wp\/v2\/pages\/246397","targetHints":{"allow":["GET"]}}],"collection":[{"href":"https:\/\/www.directhealthcaregroup.com\/fi\/wp-json\/wp\/v2\/pages"}],"about":[{"href":"https:\/\/www.directhealthcaregroup.com\/fi\/wp-json\/wp\/v2\/types\/page"}],"author":[{"embeddable":true,"href":"https:\/\/www.directhealthcaregroup.com\/fi\/wp-json\/wp\/v2\/users\/102"}],"replies":[{"embeddable":true,"href":"https:\/\/www.directhealthcaregroup.com\/fi\/wp-json\/wp\/v2\/comments?post=246397"}],"version-history":[{"count":58,"href":"https:\/\/www.directhealthcaregroup.com\/fi\/wp-json\/wp\/v2\/pages\/246397\/revisions"}],"predecessor-version":[{"id":251392,"href":"https:\/\/www.directhealthcaregroup.com\/fi\/wp-json\/wp\/v2\/pages\/246397\/revisions\/251392"}],"wp:attachment":[{"href":"https:\/\/www.directhealthcaregroup.com\/fi\/wp-json\/wp\/v2\/media?parent=246397"}],"curies":[{"name":"wp","href":"https:\/\/api.w.org\/{rel}","templated":true}]}}