{"id":246619,"date":"2025-05-08T11:04:56","date_gmt":"2025-05-08T10:04:56","guid":{"rendered":"https:\/\/www.directhealthcaregroup.com\/?page_id=246619"},"modified":"2025-10-14T16:18:12","modified_gmt":"2025-10-14T15:18:12","slug":"yritys","status":"publish","type":"page","link":"https:\/\/www.directhealthcaregroup.com\/fi\/yritys\/","title":{"rendered":"Yritys"},"content":{"rendered":"\n<div class=\"wp-block-group mm-scope\"><div class=\"wp-block-group__inner-container is-layout-constrained wp-block-group-is-layout-constrained\">\n<style>\n.page-intro {\n    display: none;\n}\n<\/style>\n\n\n\n<style>\n.mm-scope h1.wp-block-heading {\n  text-align: center;\n  color: #38b6ac;\n  font-size: 44px;\n  font-weight: 700;\n  margin-bottom: 40px;\n}\n\n.mm-scope h2.wp-block-heading {\n  color: #38b6ac;\n  font-size: 28px;\n  font-weight: 700;\n  margin: 0 0 10px 0;\n}\n\n.mm-scope p {\n  font-size: 16px;\n  line-height: 1.6;\n  margin-bottom: 10px;\n}\n\n.mm-scope ul,\n.mm-scope ol {\n  font-size: 16px;\n  line-height: 1.6;\n  margin-bottom: 20px;\n  padding-left: 20px;\n}\n\n.mm-scope li {\n  margin-bottom: 8px;\n}\n\n.mm-scope hr.wp-block-separator {\n  border: none;\n  border-top: 1px solid #38B6AC;\n  width: 100%;\n  margin: 60px auto;\n}\n<\/style>\n\n\n\n<h1 class=\"wp-block-heading has-text-align-center\">Yritys, tarina ja missio<\/h1>\n\n\n\n<div style=\"height:10px\" aria-hidden=\"true\" class=\"wp-block-spacer\"><\/div>\n\n\n\n<div style=\"height:40px\" aria-hidden=\"true\" class=\"wp-block-spacer\"><\/div>\n\n\n\n<div class=\"wp-block-group\"><div class=\"wp-block-group__inner-container is-layout-constrained wp-block-group-is-layout-constrained\">\n<div class=\"wp-block-columns is-layout-flex wp-container-core-columns-is-layout-9d6595d7 wp-block-columns-is-layout-flex\">\n<div class=\"wp-block-column is-vertically-aligned-top is-layout-flow wp-block-column-is-layout-flow\" style=\"flex-basis:100%\">\n<h3 class=\"wp-block-heading has-text-align-center has-text-color has-link-color wp-elements-618a52e618650e214126819f1c6f8e04\" style=\"color:#38b6ac;font-size:22px\">DHG Suomi \/ MediMattress Oy lyhyesti<\/h3>\n\n\n\n<p class=\"has-text-align-center\">DHG Suomi \/ MediMattress Oy toimittaa potilasturvallisia, tutkittuja ja toimivia l\u00e4\u00e4kint\u00e4laitteita terveydenhuoltoon. DHG Suomi \/ MediMattress Oy on erikoistunut potilasturvallisten ja tutkitusti vaikuttavimpien painehaavoja ennaltaehk\u00e4isevien ja hoitavien ratkaisujen valmistukseen. Valikoimaamme kuuluu painehaavapatjoja, antideformaatiopatjaj\u00e4rjestelmi\u00e4, korkealuokkaisia vaahtomuovipatjoja sek\u00e4 nostamisen, siirt\u00e4misen ja asentohoidon apuv\u00e4lineit\u00e4 ja&nbsp;p\u00e4\u00e4llisi\u00e4.<\/p>\n\n\n\n<div style=\"height:20px\" aria-hidden=\"true\" class=\"wp-block-spacer\"><\/div>\n\n\n\n<p class=\"has-text-align-center\">MediMattress Oy on osa Direct Healthcare Group -ryhm\u00e4\u00e4. Lokakuussa 2020 MediMattress Oy siirtyi brittil\u00e4isen Direct Healthcare Group -ryhm\u00e4n omistukseen. Direct Healthcare Group (DHG) on nopeasti kasvava eurooppalainen painehaavoja ennaltaehk\u00e4isevien ja hoitavien tuotteiden sek\u00e4 potilassiirtoihin ja istumisratkaisuihin keskittyv\u00e4 valmistaja. Direct Healthcare Group -ryhm\u00e4n p\u00e4\u00e4konttori sijaitsee Caerphillyss\u00e4, Etel\u00e4-Walesissa.<\/p>\n<\/div>\n<\/div>\n\n\n\n<div style=\"height:20px\" aria-hidden=\"true\" class=\"wp-block-spacer\"><\/div>\n\n\n<div class=\"wp-block-image\">\n<figure class=\"aligncenter size-full is-resized\"><img loading=\"lazy\" decoding=\"async\" width=\"700\" height=\"125\" src=\"https:\/\/www.directhealthcaregroup.com\/app\/uploads\/DHG-MediMattress-logo-web.jpg\" alt=\"\" class=\"wp-image-247451\" style=\"width:480px\" srcset=\"https:\/\/www.directhealthcaregroup.com\/app\/uploads\/DHG-MediMattress-logo-web.jpg 700w, https:\/\/www.directhealthcaregroup.com\/app\/uploads\/DHG-MediMattress-logo-web-300x54.jpg 300w, https:\/\/www.directhealthcaregroup.com\/app\/uploads\/DHG-MediMattress-logo-web-320x57.jpg 320w\" sizes=\"auto, (max-width: 700px) 100vw, 700px\" \/><\/figure>\n<\/div><\/div><\/div>\n\n\n\n<hr class=\"wp-block-separator has-alpha-channel-opacity\"\/>\n\n\n\n<h3 class=\"wp-block-heading has-text-color has-link-color wp-elements-9e57b39ee674829131c7b37e62446df5\" style=\"color:#38b6ac;font-size:22px\">Visio<\/h3>\n\n\n\n<p class=\"has-text-align-left\">Edist\u00e4mme liikuntarajoitteisten henkil\u00f6iden terveytt\u00e4 hy\u00f6dynt\u00e4m\u00e4ll\u00e4 innovatiivisia ja tutkittuun n\u00e4ytt\u00f6\u00f6n perustuvia ratkaisuja, jotka parantavat hoidon laatua t\u00e4n\u00e4\u00e4n ja tukevat suunnitelmallista hoitoa tulevaisuudessa.<\/p>\n\n\n\n<div style=\"height:20px\" aria-hidden=\"true\" class=\"wp-block-spacer\"><\/div>\n\n\n\n<h3 class=\"wp-block-heading has-text-color has-link-color wp-elements-129956e88dcc52a5446e09a694ca7d15\" style=\"color:#38b6ac;font-size:22px\">Missio<\/h3>\n\n\n\n<p>Tuemme jatkuvasti terveydenhuollon kumppaneitamme ja heid\u00e4n palvelemiaan ihmisi\u00e4 tarjoamalla ratkaisuja, jotka vahvistavat keskeist\u00e4 yhteytt\u00e4 liikkeen ja terveyden v\u00e4lill\u00e4. Tavoitteenamme on edist\u00e4\u00e4 optimaalista toipumista ja tukea itsen\u00e4ist\u00e4 el\u00e4m\u00e4\u00e4 arjessa.<\/p>\n\n\n\n<div style=\"height:20px\" aria-hidden=\"true\" class=\"wp-block-spacer\"><\/div>\n\n\n\n<h3 class=\"wp-block-heading has-text-color has-link-color wp-elements-baaf0c4d7bd7e5f0bf980920a2414177\" style=\"color:#38b6ac;font-size:22px\">Tarinamme<\/h3>\n\n\n\n<p>Direct Healthcare Group (DHG) on maailmanlaajuinen l\u00e4\u00e4kinn\u00e4llisi\u00e4 laitteita valmistava yritys, joka tarjoaa innovatiivisia ja johtavia ratkaisuja henkil\u00f6ille, joiden el\u00e4m\u00e4\u00e4n liikkumisen rajoitteet vaikuttavat.<\/p>\n\n\n\n<p>Olemme sitoutuneet tukemaan terveydenhuollon toimijoita ja heid\u00e4n asiakkaitaan vahvistamalla liikkeen ja terveyden v\u00e4list\u00e4 yhteytt\u00e4. T\u00e4m\u00e4 mahdollistaa nopeamman toipumisen ja tukee itsen\u00e4ist\u00e4, terveemp\u00e4\u00e4 el\u00e4m\u00e4\u00e4.<\/p>\n\n\n\n<p>DHG tekee tiivist\u00e4 yhteisty\u00f6t\u00e4 terveydenhuollon ammattilaisten kanssa parantaakseen hoitotuloksia, v\u00e4hent\u00e4\u00e4kseen kustannuksia, tehostaakseen toimintaa ja laajentaakseen ratkaisujensa saatavuutta ymp\u00e4ri maailmaa.<\/p>\n\n\n\n<hr class=\"wp-block-separator has-alpha-channel-opacity\"\/>\n\n\n\n<h3 class=\"wp-block-heading has-text-color has-link-color wp-elements-118f56133ee8c417985ddb51789c932b\" style=\"color:#38b6ac;font-size:22px\">TUOTTEEMME JA TUOTEMERKKIMME<\/h3>\n\n\n\n<div style=\"height:20px\" aria-hidden=\"true\" class=\"wp-block-spacer\"><\/div>\n\n\n\n<h4 class=\"wp-block-heading\" style=\"font-size:18px\">PAINEHAAVAN EHK\u00c4ISY JA HOITO<\/h4>\n\n\n\n<p>DHG Suomi \/ MediMattress Oy on erikoistunut potilasturvallisten ja tutkitusti vaikuttavimpien painehaavoja ennaltaehk\u00e4isevien ja hoitavien ratkaisujen valmistukseen.<\/p>\n\n\n\n<p>T\u00e4rkein tuoteryhm\u00e4mme on painehaavojen ennaltaehk\u00e4isyyn ja hoitoon&nbsp;tarkoitetut <strong>Carital<sup>\u00ae<\/sup><\/strong>-antideformaatiopatjaj\u00e4rjestelm\u00e4t.&nbsp;K\u00e4rkituotteen&nbsp;<strong>Carital<sup>\u00ae<\/sup>&nbsp;Optiman<\/strong> kliinisen n\u00e4yt\u00f6n vahvuus on paras mahdollinen&nbsp;<strong>A<\/strong>&nbsp;n\u00e4ytt\u00f6 perustuu tason&nbsp;<strong>1<\/strong>&nbsp;l\u00e4\u00e4ketieteellisiin tutkimuksiin. <strong>Carital Antideformaatioteknologia<sup>\u00ae<\/sup><\/strong>&nbsp;est\u00e4\u00e4 tehokkaasti paineenalaisten kudosten ja kudossolujen deformaation eik\u00e4 kudokseen synny paineesta aiheutuvaa vammaa.<\/p>\n\n\n\n<p>Tuotevalikoimaamme kuuluvat lis\u00e4ksi siirron apuv\u00e4lineet, korkealuokkaiset vaahtomuovipatjat, istuin- ja asentotukityynyt sek\u00e4 psykiatrisen terveydenhuollon tuotteet.<\/p>\n\n\n\n<div style=\"height:20px\" aria-hidden=\"true\" class=\"wp-block-spacer\"><\/div>\n\n\n\n<h4 class=\"wp-block-heading\" style=\"font-size:18px\">NOSTAMISEN, SIIRT\u00c4MISEN JA ASENTOHOIDON APUV\u00c4LINEET<\/h4>\n\n\n\n<p>DHG:n <strong>SystemRoMedic<\/strong>-mallistolla on pitk\u00e4 kokemus k\u00e4ytt\u00e4jien turvallisesta siirt\u00e4misest\u00e4 ja nostamisesta eri hoitoymp\u00e4rist\u00f6iss\u00e4. SystemRoMedic-valikoima tarjoaa ratkaisuja nostoj\u00e4rjestelmiin ja manuaalisten siirtojen apuv\u00e4lineisiin, ja se mahdollistaa turvallisemman ty\u00f6ergonomian hoitajille ja samalla kliinisen tehokkuuden k\u00e4ytt\u00e4j\u00e4lle.<\/p>\n\n\n\n<p><strong>Lejrelet<\/strong>-,<strong> Mega&#x2122;<\/strong>&#8211; ja <strong>Case&#x2122;<\/strong>-asentotukityynyt ovat suunniteltu apuv\u00e4lineeksi asentohoitoon. Oikein suoritetulla asentohoidolla edistet\u00e4\u00e4n hoidettavan hengityst\u00e4 ja verenkiertoa, estet\u00e4\u00e4n nivelten virheasentojen syntymist\u00e4 sek\u00e4 iho- \/ kudosvaurioiden synty\u00e4.<\/p>\n\n\n\n<div style=\"height:20px\" aria-hidden=\"true\" class=\"wp-block-spacer\"><\/div>\n\n\n\n<h4 class=\"wp-block-heading\" style=\"font-size:18px\">ERITYISVAHVAT SAIRAANHOIDON TUOTTEET<\/h4>\n\n\n\n<p><strong>Pro&#x2122;<\/strong>-tuotteet on kehitetty hoidon tukemiseen psykiatrisen terveydenhuollon ja kehitysvammaisterveydenhuollon sek\u00e4 vastaavissa vaativan terveydenhuollon ja kotihoidon ymp\u00e4rist\u00f6iss\u00e4. Pro&#x2122;-tuotteet on suunniteltu k\u00e4ytett\u00e4v\u00e4ksi kohteissa, joissa kalusteilta ja materiaaleilta vaaditaan kovaa kulutuskestoa ja repimiskest\u00e4vyytt\u00e4.<\/p>\n\n\n\n<div style=\"height:20px\" aria-hidden=\"true\" class=\"wp-block-spacer\"><\/div>\n\n\n\n<h4 class=\"wp-block-heading\" style=\"font-size:18px\">VUOKRAUS- JA HUOLTOPALVELUT<\/h4>\n\n\n\n<p>Tarjoamme joustavia ja luotettavia vuokrausratkaisuja asiakkaidemme muuttuviin tarpeisiin. Tuotteiden valmistajana takaamme luotettavan toimituksen ja saatavuuden laitteillemme. Vuokravalikoimaamme kuuluvat painehaavapatjat sek\u00e4 nostamisen ja siirt\u00e4misen apuv\u00e4lineet. Palvelemme sek\u00e4 terveydenhuollon ammattilaisia ett\u00e4 yksityisasiakkaita.<\/p>\n\n\n\n<p>Tarjoamme my\u00f6s kattavat huolto-, asennus- ja pesupalvelut laitteillemme. Ammattitaitoinen huoltotiimimme varmistaa, ett\u00e4 laitteet toimivat luotettavasti ja turvallisesti.<\/p>\n\n\n\n<div style=\"height:45px\" aria-hidden=\"true\" class=\"wp-block-spacer\"><\/div>\n\n\n<div class=\"wp-block-image\">\n<figure class=\"aligncenter size-full is-resized\"><img loading=\"lazy\" decoding=\"async\" width=\"440\" height=\"403\" src=\"https:\/\/www.directhealthcaregroup.com\/app\/uploads\/DHG-Yhdessa-parempaa-hoitoa-rgb-web.jpg\" alt=\"\" class=\"wp-image-247530\" style=\"width:360px\" srcset=\"https:\/\/www.directhealthcaregroup.com\/app\/uploads\/DHG-Yhdessa-parempaa-hoitoa-rgb-web.jpg 440w, https:\/\/www.directhealthcaregroup.com\/app\/uploads\/DHG-Yhdessa-parempaa-hoitoa-rgb-web-300x275.jpg 300w, https:\/\/www.directhealthcaregroup.com\/app\/uploads\/DHG-Yhdessa-parempaa-hoitoa-rgb-web-320x293.jpg 320w, https:\/\/www.directhealthcaregroup.com\/app\/uploads\/DHG-Yhdessa-parempaa-hoitoa-rgb-web-243x223.jpg 243w\" sizes=\"auto, (max-width: 440px) 100vw, 440px\" \/><\/figure>\n<\/div>\n\n\n<div style=\"height:65px\" aria-hidden=\"true\" class=\"wp-block-spacer\"><\/div>\n<\/div><\/div>\n\n\n\n<p><\/p>\n","protected":false},"excerpt":{"rendered":"<p>Yritys, tarina ja missio DHG Suomi \/ MediMattress Oy lyhyesti DHG Suomi \/ MediMattress Oy toimittaa potilasturvallisia, tutkittuja ja toimivia l\u00e4\u00e4kint\u00e4laitteita terveydenhuoltoon. DHG Suomi \/ MediMattress Oy on erikoistunut potilasturvallisten ja tutkitusti vaikuttavimpien painehaavoja ennaltaehk\u00e4isevien ja hoitavien ratkaisujen valmistukseen. Valikoimaamme kuuluu painehaavapatjoja, antideformaatiopatjaj\u00e4rjestelmi\u00e4, korkealuokkaisia vaahtomuovipatjoja sek\u00e4 nostamisen, siirt\u00e4misen ja asentohoidon apuv\u00e4lineit\u00e4 ja&nbsp;p\u00e4\u00e4llisi\u00e4. MediMattress Oy on &hellip; <a href=\"https:\/\/www.directhealthcaregroup.com\/fi\/yritys\/\">Continued<\/a><\/p>\n","protected":false},"author":102,"featured_media":247915,"parent":0,"menu_order":0,"comment_status":"closed","ping_status":"closed","template":"template-brands.php","meta":{"_acf_changed":false,"footnotes":""},"class_list":["post-246619","page","type-page","status-publish","has-post-thumbnail","hentry"],"acf":[],"yoast_head":"<!-- This site is optimized with the Yoast SEO plugin v27.4 - https:\/\/yoast.com\/product\/yoast-seo-wordpress\/ -->\n<title>Yritys | DHG<\/title>\n<meta name=\"description\" content=\"DHG Suomi \/ MediMattress Oy toimittaa potilasturvallisia, tutkittuja ja toimivia l\u00e4\u00e4kint\u00e4laitteita terveydenhuoltoon. DHG Suomi \/ MediMattress Oy on erikoistunut potilasturvallisten ja tutkitusti vaikuttavimpien painehaavoja ennaltaehk\u00e4isevien ja hoitavien ratkaisujen valmistukseen. Valikoimaamme kuuluu painehaavapatjoja, antideformaatiopatjaj\u00e4rjestelmi\u00e4, korkealuokkaisia vaahtomuovipatjoja sek\u00e4 nostamisen, siirt\u00e4misen ja asentohoidon apuv\u00e4lineit\u00e4 ja\u00a0p\u00e4\u00e4llisi\u00e4.\" \/>\n<meta name=\"robots\" content=\"index, follow, max-snippet:-1, max-image-preview:large, max-video-preview:-1\" \/>\n<link rel=\"canonical\" href=\"https:\/\/www.directhealthcaregroup.com\/fi\/yritys\/\" \/>\n<meta property=\"og:locale\" content=\"fi_FI\" \/>\n<meta property=\"og:type\" content=\"article\" \/>\n<meta property=\"og:title\" content=\"Yritys | DHG\" \/>\n<meta property=\"og:description\" content=\"DHG Suomi \/ MediMattress Oy toimittaa potilasturvallisia, tutkittuja ja toimivia l\u00e4\u00e4kint\u00e4laitteita terveydenhuoltoon. DHG Suomi \/ MediMattress Oy on erikoistunut potilasturvallisten ja tutkitusti vaikuttavimpien painehaavoja ennaltaehk\u00e4isevien ja hoitavien ratkaisujen valmistukseen. Valikoimaamme kuuluu painehaavapatjoja, antideformaatiopatjaj\u00e4rjestelmi\u00e4, korkealuokkaisia vaahtomuovipatjoja sek\u00e4 nostamisen, siirt\u00e4misen ja asentohoidon apuv\u00e4lineit\u00e4 ja\u00a0p\u00e4\u00e4llisi\u00e4.\" \/>\n<meta property=\"og:url\" content=\"https:\/\/www.directhealthcaregroup.com\/fi\/yritys\/\" \/>\n<meta property=\"og:site_name\" content=\"DHG\" \/>\n<meta property=\"article:modified_time\" content=\"2025-10-14T15:18:12+00:00\" \/>\n<meta property=\"og:image\" content=\"https:\/\/www.directhealthcaregroup.com\/app\/uploads\/DHG-About-us-banner-2000x615px-web-3.jpg\" \/>\n\t<meta property=\"og:image:width\" content=\"2000\" \/>\n\t<meta property=\"og:image:height\" content=\"615\" \/>\n\t<meta property=\"og:image:type\" content=\"image\/jpeg\" \/>\n<meta name=\"twitter:card\" content=\"summary_large_image\" \/>\n<meta name=\"twitter:label1\" content=\"Est. reading time\" \/>\n\t<meta name=\"twitter:data1\" content=\"3 minutes\" \/>\n<script type=\"application\/ld+json\" class=\"yoast-schema-graph\">{\"@context\":\"https:\\\/\\\/schema.org\",\"@graph\":[{\"@type\":\"WebPage\",\"@id\":\"https:\\\/\\\/www.directhealthcaregroup.com\\\/fi\\\/yritys\\\/\",\"url\":\"https:\\\/\\\/www.directhealthcaregroup.com\\\/fi\\\/yritys\\\/\",\"name\":\"Yritys | DHG\",\"isPartOf\":{\"@id\":\"https:\\\/\\\/www.directhealthcaregroup.com\\\/#website\"},\"primaryImageOfPage\":{\"@id\":\"https:\\\/\\\/www.directhealthcaregroup.com\\\/fi\\\/yritys\\\/#primaryimage\"},\"image\":{\"@id\":\"https:\\\/\\\/www.directhealthcaregroup.com\\\/fi\\\/yritys\\\/#primaryimage\"},\"thumbnailUrl\":\"https:\\\/\\\/www.directhealthcaregroup.com\\\/app\\\/uploads\\\/DHG-About-us-banner-2000x615px-web-3.jpg\",\"datePublished\":\"2025-05-08T10:04:56+00:00\",\"dateModified\":\"2025-10-14T15:18:12+00:00\",\"description\":\"DHG Suomi \\\/ MediMattress Oy toimittaa potilasturvallisia, tutkittuja ja toimivia l\u00e4\u00e4kint\u00e4laitteita terveydenhuoltoon. DHG Suomi \\\/ MediMattress Oy on erikoistunut potilasturvallisten ja tutkitusti vaikuttavimpien painehaavoja ennaltaehk\u00e4isevien ja hoitavien ratkaisujen valmistukseen. Valikoimaamme kuuluu painehaavapatjoja, antideformaatiopatjaj\u00e4rjestelmi\u00e4, korkealuokkaisia vaahtomuovipatjoja sek\u00e4 nostamisen, siirt\u00e4misen ja asentohoidon apuv\u00e4lineit\u00e4 ja\u00a0p\u00e4\u00e4llisi\u00e4.\",\"breadcrumb\":{\"@id\":\"https:\\\/\\\/www.directhealthcaregroup.com\\\/fi\\\/yritys\\\/#breadcrumb\"},\"inLanguage\":\"fi\",\"potentialAction\":[{\"@type\":\"ReadAction\",\"target\":[\"https:\\\/\\\/www.directhealthcaregroup.com\\\/fi\\\/yritys\\\/\"]}]},{\"@type\":\"ImageObject\",\"inLanguage\":\"fi\",\"@id\":\"https:\\\/\\\/www.directhealthcaregroup.com\\\/fi\\\/yritys\\\/#primaryimage\",\"url\":\"https:\\\/\\\/www.directhealthcaregroup.com\\\/app\\\/uploads\\\/DHG-About-us-banner-2000x615px-web-3.jpg\",\"contentUrl\":\"https:\\\/\\\/www.directhealthcaregroup.com\\\/app\\\/uploads\\\/DHG-About-us-banner-2000x615px-web-3.jpg\",\"width\":2000,\"height\":615},{\"@type\":\"BreadcrumbList\",\"@id\":\"https:\\\/\\\/www.directhealthcaregroup.com\\\/fi\\\/yritys\\\/#breadcrumb\",\"itemListElement\":[{\"@type\":\"ListItem\",\"position\":1,\"name\":\"Home\",\"item\":\"https:\\\/\\\/www.directhealthcaregroup.com\\\/fi\\\/\"},{\"@type\":\"ListItem\",\"position\":2,\"name\":\"Yritys\"}]},{\"@type\":\"WebSite\",\"@id\":\"https:\\\/\\\/www.directhealthcaregroup.com\\\/#website\",\"url\":\"https:\\\/\\\/www.directhealthcaregroup.com\\\/\",\"name\":\"DHG\",\"description\":\"Moving Health Forward\",\"publisher\":{\"@id\":\"https:\\\/\\\/www.directhealthcaregroup.com\\\/#organization\"},\"potentialAction\":[{\"@type\":\"SearchAction\",\"target\":{\"@type\":\"EntryPoint\",\"urlTemplate\":\"https:\\\/\\\/www.directhealthcaregroup.com\\\/?s={search_term_string}\"},\"query-input\":{\"@type\":\"PropertyValueSpecification\",\"valueRequired\":true,\"valueName\":\"search_term_string\"}}],\"inLanguage\":\"fi\"},{\"@type\":\"Organization\",\"@id\":\"https:\\\/\\\/www.directhealthcaregroup.com\\\/#organization\",\"name\":\"Direct Healthcare Group\",\"url\":\"https:\\\/\\\/www.directhealthcaregroup.com\\\/\",\"logo\":{\"@type\":\"ImageObject\",\"inLanguage\":\"fi\",\"@id\":\"https:\\\/\\\/www.directhealthcaregroup.com\\\/#\\\/schema\\\/logo\\\/image\\\/\",\"url\":\"https:\\\/\\\/directhealthcaregroup.com\\\/app\\\/uploads\\\/dhg-logo.png\",\"contentUrl\":\"https:\\\/\\\/directhealthcaregroup.com\\\/app\\\/uploads\\\/dhg-logo.png\",\"width\":556,\"height\":240,\"caption\":\"Direct Healthcare Group\"},\"image\":{\"@id\":\"https:\\\/\\\/www.directhealthcaregroup.com\\\/#\\\/schema\\\/logo\\\/image\\\/\"}}]}<\/script>\n<!-- \/ Yoast SEO plugin. -->","yoast_head_json":{"title":"Yritys | DHG","description":"DHG Suomi \/ MediMattress Oy toimittaa potilasturvallisia, tutkittuja ja toimivia l\u00e4\u00e4kint\u00e4laitteita terveydenhuoltoon. DHG Suomi \/ MediMattress Oy on erikoistunut potilasturvallisten ja tutkitusti vaikuttavimpien painehaavoja ennaltaehk\u00e4isevien ja hoitavien ratkaisujen valmistukseen. Valikoimaamme kuuluu painehaavapatjoja, antideformaatiopatjaj\u00e4rjestelmi\u00e4, korkealuokkaisia vaahtomuovipatjoja sek\u00e4 nostamisen, siirt\u00e4misen ja asentohoidon apuv\u00e4lineit\u00e4 ja\u00a0p\u00e4\u00e4llisi\u00e4.","robots":{"index":"index","follow":"follow","max-snippet":"max-snippet:-1","max-image-preview":"max-image-preview:large","max-video-preview":"max-video-preview:-1"},"canonical":"https:\/\/www.directhealthcaregroup.com\/fi\/yritys\/","og_locale":"fi_FI","og_type":"article","og_title":"Yritys | DHG","og_description":"DHG Suomi \/ MediMattress Oy toimittaa potilasturvallisia, tutkittuja ja toimivia l\u00e4\u00e4kint\u00e4laitteita terveydenhuoltoon. DHG Suomi \/ MediMattress Oy on erikoistunut potilasturvallisten ja tutkitusti vaikuttavimpien painehaavoja ennaltaehk\u00e4isevien ja hoitavien ratkaisujen valmistukseen. Valikoimaamme kuuluu painehaavapatjoja, antideformaatiopatjaj\u00e4rjestelmi\u00e4, korkealuokkaisia vaahtomuovipatjoja sek\u00e4 nostamisen, siirt\u00e4misen ja asentohoidon apuv\u00e4lineit\u00e4 ja\u00a0p\u00e4\u00e4llisi\u00e4.","og_url":"https:\/\/www.directhealthcaregroup.com\/fi\/yritys\/","og_site_name":"DHG","article_modified_time":"2025-10-14T15:18:12+00:00","og_image":[{"width":2000,"height":615,"url":"https:\/\/www.directhealthcaregroup.com\/app\/uploads\/DHG-About-us-banner-2000x615px-web-3.jpg","type":"image\/jpeg"}],"twitter_card":"summary_large_image","twitter_misc":{"Est. reading time":"3 minutes"},"schema":{"@context":"https:\/\/schema.org","@graph":[{"@type":"WebPage","@id":"https:\/\/www.directhealthcaregroup.com\/fi\/yritys\/","url":"https:\/\/www.directhealthcaregroup.com\/fi\/yritys\/","name":"Yritys | DHG","isPartOf":{"@id":"https:\/\/www.directhealthcaregroup.com\/#website"},"primaryImageOfPage":{"@id":"https:\/\/www.directhealthcaregroup.com\/fi\/yritys\/#primaryimage"},"image":{"@id":"https:\/\/www.directhealthcaregroup.com\/fi\/yritys\/#primaryimage"},"thumbnailUrl":"https:\/\/www.directhealthcaregroup.com\/app\/uploads\/DHG-About-us-banner-2000x615px-web-3.jpg","datePublished":"2025-05-08T10:04:56+00:00","dateModified":"2025-10-14T15:18:12+00:00","description":"DHG Suomi \/ MediMattress Oy toimittaa potilasturvallisia, tutkittuja ja toimivia l\u00e4\u00e4kint\u00e4laitteita terveydenhuoltoon. DHG Suomi \/ MediMattress Oy on erikoistunut potilasturvallisten ja tutkitusti vaikuttavimpien painehaavoja ennaltaehk\u00e4isevien ja hoitavien ratkaisujen valmistukseen. Valikoimaamme kuuluu painehaavapatjoja, antideformaatiopatjaj\u00e4rjestelmi\u00e4, korkealuokkaisia vaahtomuovipatjoja sek\u00e4 nostamisen, siirt\u00e4misen ja asentohoidon apuv\u00e4lineit\u00e4 ja\u00a0p\u00e4\u00e4llisi\u00e4.","breadcrumb":{"@id":"https:\/\/www.directhealthcaregroup.com\/fi\/yritys\/#breadcrumb"},"inLanguage":"fi","potentialAction":[{"@type":"ReadAction","target":["https:\/\/www.directhealthcaregroup.com\/fi\/yritys\/"]}]},{"@type":"ImageObject","inLanguage":"fi","@id":"https:\/\/www.directhealthcaregroup.com\/fi\/yritys\/#primaryimage","url":"https:\/\/www.directhealthcaregroup.com\/app\/uploads\/DHG-About-us-banner-2000x615px-web-3.jpg","contentUrl":"https:\/\/www.directhealthcaregroup.com\/app\/uploads\/DHG-About-us-banner-2000x615px-web-3.jpg","width":2000,"height":615},{"@type":"BreadcrumbList","@id":"https:\/\/www.directhealthcaregroup.com\/fi\/yritys\/#breadcrumb","itemListElement":[{"@type":"ListItem","position":1,"name":"Home","item":"https:\/\/www.directhealthcaregroup.com\/fi\/"},{"@type":"ListItem","position":2,"name":"Yritys"}]},{"@type":"WebSite","@id":"https:\/\/www.directhealthcaregroup.com\/#website","url":"https:\/\/www.directhealthcaregroup.com\/","name":"DHG","description":"Moving Health Forward","publisher":{"@id":"https:\/\/www.directhealthcaregroup.com\/#organization"},"potentialAction":[{"@type":"SearchAction","target":{"@type":"EntryPoint","urlTemplate":"https:\/\/www.directhealthcaregroup.com\/?s={search_term_string}"},"query-input":{"@type":"PropertyValueSpecification","valueRequired":true,"valueName":"search_term_string"}}],"inLanguage":"fi"},{"@type":"Organization","@id":"https:\/\/www.directhealthcaregroup.com\/#organization","name":"Direct Healthcare Group","url":"https:\/\/www.directhealthcaregroup.com\/","logo":{"@type":"ImageObject","inLanguage":"fi","@id":"https:\/\/www.directhealthcaregroup.com\/#\/schema\/logo\/image\/","url":"https:\/\/directhealthcaregroup.com\/app\/uploads\/dhg-logo.png","contentUrl":"https:\/\/directhealthcaregroup.com\/app\/uploads\/dhg-logo.png","width":556,"height":240,"caption":"Direct Healthcare Group"},"image":{"@id":"https:\/\/www.directhealthcaregroup.com\/#\/schema\/logo\/image\/"}}]}},"_links":{"self":[{"href":"https:\/\/www.directhealthcaregroup.com\/fi\/wp-json\/wp\/v2\/pages\/246619","targetHints":{"allow":["GET"]}}],"collection":[{"href":"https:\/\/www.directhealthcaregroup.com\/fi\/wp-json\/wp\/v2\/pages"}],"about":[{"href":"https:\/\/www.directhealthcaregroup.com\/fi\/wp-json\/wp\/v2\/types\/page"}],"author":[{"embeddable":true,"href":"https:\/\/www.directhealthcaregroup.com\/fi\/wp-json\/wp\/v2\/users\/102"}],"replies":[{"embeddable":true,"href":"https:\/\/www.directhealthcaregroup.com\/fi\/wp-json\/wp\/v2\/comments?post=246619"}],"version-history":[{"count":160,"href":"https:\/\/www.directhealthcaregroup.com\/fi\/wp-json\/wp\/v2\/pages\/246619\/revisions"}],"predecessor-version":[{"id":251411,"href":"https:\/\/www.directhealthcaregroup.com\/fi\/wp-json\/wp\/v2\/pages\/246619\/revisions\/251411"}],"wp:featuredmedia":[{"embeddable":true,"href":"https:\/\/www.directhealthcaregroup.com\/fi\/wp-json\/wp\/v2\/media\/247915"}],"wp:attachment":[{"href":"https:\/\/www.directhealthcaregroup.com\/fi\/wp-json\/wp\/v2\/media?parent=246619"}],"curies":[{"name":"wp","href":"https:\/\/api.w.org\/{rel}","templated":true}]}}