{"id":247143,"date":"2025-05-13T15:10:05","date_gmt":"2025-05-13T14:10:05","guid":{"rendered":"https:\/\/www.directhealthcaregroup.com\/?page_id=247143"},"modified":"2025-08-26T12:44:20","modified_gmt":"2025-08-26T11:44:20","slug":"painehaavapatjan-vuokrauslomake","status":"publish","type":"page","link":"https:\/\/www.directhealthcaregroup.com\/fi\/painehaavapatjan-vuokrauslomake\/","title":{"rendered":"Painehaavapatjan vuokrauslomake"},"content":{"rendered":"\n<script>\ndocument.addEventListener(\"DOMContentLoaded\", function () {\n    const observer = new MutationObserver(function (mutations) {\n        mutations.forEach(function (mutation) {\n            const errors = document.querySelectorAll(\".vfb-error-message\");\n            errors.forEach(function (error) {\n                if (error.textContent.includes(\"This value is required\")) {\n                    error.textContent = \"T\u00e4m\u00e4 kentt\u00e4 on pakollinen.\";\n                }\n            });\n        });\n    });\n\n    observer.observe(document.body, {\n        childList: true,\n        subtree: true\n    });\n});\n<\/script>\n\n\n\n<form method=\"post\" enctype=\"multipart\/form-data\" id=\"vfbp-form-84\" class=\"vfbp-form\"><div style=\"display:none;\"><label for=\"vfbp-EMAIL-AN8fuQyoDLXem\">If you are human, leave this field blank.<\/label><input size=\"25\" autocomplete=\"off\" type=\"text\" name=\"vfbp-EMAIL-AN8fuQyoDLXem\" value=\"\" id=\"\"><\/div><input type=\"hidden\" name=\"_vfb-timestamp-84\" value=\"1777518784\" id=\"\"><input type=\"hidden\" name=\"_vfb-form-id\" value=\"84\" id=\"\"><div class=\"vfb-form-group vfb-col-12\"><div><div class=\"\">Carital\u00ae- tai Quattro\u00ae-painehaavapatjan vuokrauslomake<\/div><span class=\"vfb-help-block\">T\u00e4yt\u00e4 vuokrauslomake soveltuvin osin.\r\n\r\n&nbsp;<\/span><\/div><\/div><div class=\"vfb-col-12 vfb-fieldType-heading\" id=\"vfbField1150\"><\/div><div class=\"vfb-clearfix\"><\/div><div class=\"vfb-col-12 vfb-fieldType-radio\" id=\"vfbField1168\"><label for=\"vfb-field-1168\" class=\"vfb-control-label\">Valitse painehaavapatja <span class=\"vfb-required-asterisk\">*<\/span><\/label><div><div class=\"vfb-radio\"><label><input id=\"vfb-field-1168-0\" class=\"\" placeholder=\"\" required=\"required\" type=\"radio\" name=\"vfb-field-1168\" value=\"Carital&reg; Optima\">Carital\u00ae Optima<\/label><\/div><div class=\"vfb-radio\"><label><input id=\"vfb-field-1168-1\" class=\"\" placeholder=\"\" required=\"required\" type=\"radio\" name=\"vfb-field-1168\" value=\"Carital&reg; OptimaEZ420\">Carital\u00ae OptimaEZ420<\/label><\/div><div class=\"vfb-radio\"><label><input id=\"vfb-field-1168-2\" class=\"\" placeholder=\"\" required=\"required\" type=\"radio\" name=\"vfb-field-1168\" value=\" Carital&reg; OptimaJuve\"> Carital\u00ae OptimaJuve<\/label><\/div><div class=\"vfb-radio\"><label><input id=\"vfb-field-1168-3\" class=\"\" placeholder=\"\" required=\"required\" type=\"radio\" name=\"vfb-field-1168\" value=\"Carital&reg; OptimaCot\">Carital\u00ae OptimaCot<\/label><\/div><div class=\"vfb-radio\"><label><input id=\"vfb-field-1168-4\" class=\"\" placeholder=\"\" required=\"required\" type=\"radio\" name=\"vfb-field-1168\" value=\"Carital&reg; NeoICU\">Carital\u00ae NeoICU<\/label><\/div><div class=\"vfb-radio\"><label><input id=\"vfb-field-1168-5\" class=\"\" placeholder=\"\" required=\"required\" type=\"radio\" name=\"vfb-field-1168\" value=\"Carital&reg; NeoGiraffe\">Carital\u00ae NeoGiraffe<\/label><\/div><div class=\"vfb-radio\"><label><input id=\"vfb-field-1168-6\" class=\"\" placeholder=\"\" required=\"required\" type=\"radio\" name=\"vfb-field-1168\" value=\"Quattro&reg; Plus\">Quattro\u00ae Plus<\/label><\/div><div class=\"vfb-radio\"><label><input id=\"vfb-field-1168-7\" class=\"\" placeholder=\"\" required=\"required\" type=\"radio\" name=\"vfb-field-1168\" value=\"Quattro&reg; Acute\">Quattro\u00ae Acute<\/label><\/div><div class=\"vfb-radio\"><label><input id=\"vfb-field-1168-8\" class=\"\" placeholder=\"\" required=\"required\" type=\"radio\" name=\"vfb-field-1168\" value=\"Muu\">Muu<\/label><\/div><\/div><\/div><div class=\"vfb-clearfix\"><\/div><div class=\"vfb-col-12 vfb-fieldType-text\" id=\"vfbField1176\"><div class=\"vfb-form-group\"><label for=\"vfb-field-1176\" class=\"vfb-control-label\">Jos valitsit painehaavapatjaksi \u201cMuu\u201d, t\u00e4yt\u00e4 alla oleva kentt\u00e4 tarkentaaksesi patjan tuotenimi<\/label><div><input id=\"vfb-field-1176\" class=\"vfb-form-control\" placeholder=\"\" type=\"text\" name=\"vfb-field-1176\" value=\"\"><\/div><\/div><\/div><div class=\"vfb-clearfix\"><\/div><div class=\"vfb-col-12 vfb-fieldType-text\" id=\"vfbField1173\"><div class=\"vfb-form-group\"><label for=\"vfb-field-1173\" class=\"vfb-control-label\">Patjan koko <span class=\"vfb-required-asterisk\">*<\/span><\/label><div><input id=\"vfb-field-1173\" class=\"vfb-form-control\" placeholder=\"\" required=\"required\" type=\"text\" name=\"vfb-field-1173\" value=\"\"><\/div><\/div><\/div><div class=\"vfb-clearfix\"><\/div><div class=\"vfb-col-12 vfb-fieldType-radio\" id=\"vfbField1151\"><label for=\"vfb-field-1151\" class=\"vfb-control-label\">Vuokrauksen tyyppi <span class=\"vfb-required-asterisk\">*<\/span><\/label><div><div class=\"vfb-radio\"><label><input id=\"vfb-field-1151-0\" class=\"\" placeholder=\"\" required=\"required\" checked=\"checked\" type=\"radio\" name=\"vfb-field-1151\" value=\"Uusi vuokraus\">Uusi vuokraus<\/label><\/div><div class=\"vfb-radio\"><label><input id=\"vfb-field-1151-1\" class=\"\" placeholder=\"\" required=\"required\" checked=\"checked\" type=\"radio\" name=\"vfb-field-1151\" value=\"Stand by -vuokraus\">Stand by -vuokraus<\/label><\/div><\/div><\/div><div class=\"vfb-clearfix\"><\/div><div class=\"vfb-col-12 vfb-fieldType-date\" id=\"vfbField1155\"><div class=\"vfb-form-group\"><label for=\"vfb-field-1155\" class=\"vfb-control-label\">Vuokrauksen aloitusp\u00e4iv\u00e4m\u00e4\u00e4r\u00e4 <span class=\"vfb-required-asterisk\">*<\/span><\/label><div><input id=\"vfb-field-1155\" class=\"vfb-form-control\" placeholder=\"\" required=\"required\" data-provide=\"datepicker\" data-date-format=\"dd\/mm\/yyyy\" data-date-week-start=\"1\" data-date-start-view=\"0\" data-date-language=\"fi\" type=\"text\" name=\"vfb-field-1155\" value=\"\"><\/div><\/div><\/div><div class=\"vfb-clearfix\"><\/div><div class=\"vfb-col-12 vfb-fieldType-date\" id=\"vfbField1156\"><div class=\"vfb-form-group\"><label for=\"vfb-field-1156\" class=\"vfb-control-label\">Vuokrauksen p\u00e4\u00e4ttymisp\u00e4iv\u00e4m\u00e4\u00e4r\u00e4<\/label><div><input id=\"vfb-field-1156\" class=\"vfb-form-control\" placeholder=\"\" data-provide=\"datepicker\" data-date-format=\"dd\/mm\/yyyy\" data-date-week-start=\"1\" data-date-start-view=\"0\" data-date-language=\"fi\" type=\"text\" name=\"vfb-field-1156\" value=\"\"><span class=\"vfb-help-block\">Huom! Stand by -vuokrauksessa t\u00e4ytett\u00e4v\u00e4 vuokrauksen p\u00e4\u00e4ttymisp\u00e4iv\u00e4m\u00e4\u00e4r\u00e4<\/span><\/div><\/div><\/div><div class=\"vfb-clearfix\"><\/div><div class=\"vfb-col-12 vfb-fieldType-text\" id=\"vfbField1167\"><div class=\"vfb-form-group\"><label for=\"vfb-field-1167\" class=\"vfb-control-label\">S\u00e4\u00e4t\u00f6laitteen sarjanumero<\/label><div><input id=\"vfb-field-1167\" class=\"vfb-form-control\" placeholder=\"\" type=\"text\" name=\"vfb-field-1167\" value=\"\"><span class=\"vfb-help-block\">S\u00e4\u00e4t\u00f6laitteen sarjanumero l\u00f6ytyy s\u00e4\u00e4t\u00f6laitteen tarrasta.<\/span><\/div><\/div><\/div><div class=\"vfb-clearfix\"><\/div><div class=\"vfb-col-12 vfb-fieldType-text\" id=\"vfbField1157\"><div class=\"vfb-form-group\"><label for=\"vfb-field-1157\" class=\"vfb-control-label\">Toimituspaikka (sairaala ym.) <span class=\"vfb-required-asterisk\">*<\/span><\/label><div><input id=\"vfb-field-1157\" class=\"vfb-form-control\" placeholder=\"\" required=\"required\" type=\"text\" name=\"vfb-field-1157\" value=\"\"><\/div><\/div><\/div><div class=\"vfb-clearfix\"><\/div><div class=\"vfb-col-12 vfb-fieldType-text\" id=\"vfbField1158\"><div class=\"vfb-form-group\"><label for=\"vfb-field-1158\" class=\"vfb-control-label\">Osasto \/ kustannuspaikka <span class=\"vfb-required-asterisk\">*<\/span><\/label><div><input id=\"vfb-field-1158\" class=\"vfb-form-control\" placeholder=\"\" required=\"required\" type=\"text\" name=\"vfb-field-1158\" value=\"\"><\/div><\/div><\/div><div class=\"vfb-clearfix\"><\/div><div class=\"vfb-col-12 vfb-fieldType-text\" id=\"vfbField1159\"><div class=\"vfb-form-group\"><label for=\"vfb-field-1159\" class=\"vfb-control-label\">Laskutuksen kustannuspaikka \/ sopimustiedot<\/label><div><input id=\"vfb-field-1159\" class=\"vfb-form-control\" placeholder=\"\" type=\"text\" name=\"vfb-field-1159\" value=\"\"><\/div><\/div><\/div><div class=\"vfb-clearfix\"><\/div><div class=\"vfb-col-12 vfb-fieldType-text\" id=\"vfbField1161\"><div class=\"vfb-form-group\"><label for=\"vfb-field-1161\" class=\"vfb-control-label\">L\u00e4hiosoite<\/label><div><input id=\"vfb-field-1161\" class=\"vfb-form-control\" placeholder=\"\" type=\"text\" name=\"vfb-field-1161\" value=\"\"><\/div><\/div><\/div><div class=\"vfb-clearfix\"><\/div><div class=\"vfb-col-12 vfb-fieldType-text\" id=\"vfbField1162\"><div class=\"vfb-form-group\"><label for=\"vfb-field-1162\" class=\"vfb-control-label\">Postinumero ja postitoimipaikka <span class=\"vfb-required-asterisk\">*<\/span><\/label><div><input id=\"vfb-field-1162\" class=\"vfb-form-control\" placeholder=\"\" required=\"required\" type=\"text\" name=\"vfb-field-1162\" value=\"\"><\/div><\/div><\/div><div class=\"vfb-clearfix\"><\/div><div class=\"vfb-col-12 vfb-fieldType-text\" id=\"vfbField1164\"><div class=\"vfb-form-group\"><label for=\"vfb-field-1164\" class=\"vfb-control-label\">Tilaajan nimi <span class=\"vfb-required-asterisk\">*<\/span><\/label><div><input id=\"vfb-field-1164\" class=\"vfb-form-control\" placeholder=\"\" required=\"required\" type=\"text\" name=\"vfb-field-1164\" value=\"\"><\/div><\/div><\/div><div class=\"vfb-clearfix\"><\/div><div class=\"vfb-col-12 vfb-fieldType-text\" id=\"vfbField1165\"><div class=\"vfb-form-group\"><label for=\"vfb-field-1165\" class=\"vfb-control-label\">Tilaajan puhelinnumero <span class=\"vfb-required-asterisk\">*<\/span><\/label><div><input id=\"vfb-field-1165\" class=\"vfb-form-control\" placeholder=\"\" required=\"required\" type=\"text\" name=\"vfb-field-1165\" value=\"\"><\/div><\/div><\/div><div class=\"vfb-clearfix\"><\/div><div class=\"vfb-col-12 vfb-fieldType-email\" id=\"vfbField1166\"><div class=\"vfb-form-group\"><label for=\"vfb-field-1166\" class=\"vfb-control-label\">Tilaajan s\u00e4hk\u00f6posti <span class=\"vfb-required-asterisk\">*<\/span><\/label><div><input id=\"vfb-field-1166\" class=\"vfb-form-control\" placeholder=\"\" required=\"required\" type=\"email\" name=\"vfb-field-1166\" value=\"\"><\/div><\/div><\/div><div class=\"vfb-clearfix\"><\/div><div class=\"vfb-col-12 vfb-fieldType-checkbox\" id=\"vfbField1174\"><label for=\"vfb-field-1174\" class=\"vfb-control-label\">Tilauksen vahvistaminen <span class=\"vfb-required-asterisk\">*<\/span><\/label><div><div class=\"vfb-checkbox\"><label><input id=\"vfb-field-1174-0\" class=\"\" placeholder=\"\" data-vfb-multiple=\"vfb-field-1174\" required=\"required\" type=\"checkbox\" name=\"vfb-field-1174[0]\" value=\"1\"><p>Vahvistan vuokratilauksen ja hyv\u00e4ksyn <a href=\"https:\/\/www.directhealthcaregroup.com\/app\/uploads\/MediMattressin-tietosuojaseloste-A4-4-12-2019.pdf\" target=\"_blank\">tietosuojaselosteen<\/a>.<\/p><\/label><\/div><\/div><\/div><div class=\"vfb-clearfix\"><\/div><div class=\"vfb-col-12 vfb-fieldType-submit\" id=\"vfbField1175\"><button id=\"vfb-field-1175\" class=\" btn btn-primary\" placeholder=\"\" type=\"submit\" name=\"_vfb-submit\">L\u00e4het\u00e4<\/button><\/div><div class=\"vfb-clearfix\"><\/div><\/form>\n","protected":false},"excerpt":{"rendered":"","protected":false},"author":102,"featured_media":0,"parent":0,"menu_order":0,"comment_status":"closed","ping_status":"closed","template":"","meta":{"_acf_changed":false,"footnotes":""},"class_list":["post-247143","page","type-page","status-publish","hentry"],"acf":[],"yoast_head":"<!-- This site is optimized with the Yoast SEO plugin v27.4 - https:\/\/yoast.com\/product\/yoast-seo-wordpress\/ -->\n<title>Painehaavapatjan vuokrauslomake | DHG<\/title>\n<meta name=\"robots\" content=\"index, follow, max-snippet:-1, max-image-preview:large, max-video-preview:-1\" \/>\n<link rel=\"canonical\" href=\"https:\/\/www.directhealthcaregroup.com\/fi\/painehaavapatjan-vuokrauslomake\/\" \/>\n<meta property=\"og:locale\" content=\"fi_FI\" \/>\n<meta property=\"og:type\" content=\"article\" \/>\n<meta property=\"og:title\" content=\"Painehaavapatjan vuokrauslomake | DHG\" \/>\n<meta property=\"og:url\" content=\"https:\/\/www.directhealthcaregroup.com\/fi\/painehaavapatjan-vuokrauslomake\/\" \/>\n<meta property=\"og:site_name\" content=\"DHG\" \/>\n<meta property=\"article:modified_time\" content=\"2025-08-26T11:44:20+00:00\" \/>\n<meta name=\"twitter:card\" content=\"summary_large_image\" \/>\n<script type=\"application\/ld+json\" class=\"yoast-schema-graph\">{\"@context\":\"https:\\\/\\\/schema.org\",\"@graph\":[{\"@type\":\"WebPage\",\"@id\":\"https:\\\/\\\/www.directhealthcaregroup.com\\\/fi\\\/painehaavapatjan-vuokrauslomake\\\/\",\"url\":\"https:\\\/\\\/www.directhealthcaregroup.com\\\/fi\\\/painehaavapatjan-vuokrauslomake\\\/\",\"name\":\"Painehaavapatjan vuokrauslomake | DHG\",\"isPartOf\":{\"@id\":\"https:\\\/\\\/www.directhealthcaregroup.com\\\/#website\"},\"datePublished\":\"2025-05-13T14:10:05+00:00\",\"dateModified\":\"2025-08-26T11:44:20+00:00\",\"breadcrumb\":{\"@id\":\"https:\\\/\\\/www.directhealthcaregroup.com\\\/fi\\\/painehaavapatjan-vuokrauslomake\\\/#breadcrumb\"},\"inLanguage\":\"fi\",\"potentialAction\":[{\"@type\":\"ReadAction\",\"target\":[\"https:\\\/\\\/www.directhealthcaregroup.com\\\/fi\\\/painehaavapatjan-vuokrauslomake\\\/\"]}]},{\"@type\":\"BreadcrumbList\",\"@id\":\"https:\\\/\\\/www.directhealthcaregroup.com\\\/fi\\\/painehaavapatjan-vuokrauslomake\\\/#breadcrumb\",\"itemListElement\":[{\"@type\":\"ListItem\",\"position\":1,\"name\":\"Home\",\"item\":\"https:\\\/\\\/www.directhealthcaregroup.com\\\/fi\\\/\"},{\"@type\":\"ListItem\",\"position\":2,\"name\":\"Painehaavapatjan vuokrauslomake\"}]},{\"@type\":\"WebSite\",\"@id\":\"https:\\\/\\\/www.directhealthcaregroup.com\\\/#website\",\"url\":\"https:\\\/\\\/www.directhealthcaregroup.com\\\/\",\"name\":\"DHG\",\"description\":\"Moving Health Forward\",\"publisher\":{\"@id\":\"https:\\\/\\\/www.directhealthcaregroup.com\\\/#organization\"},\"potentialAction\":[{\"@type\":\"SearchAction\",\"target\":{\"@type\":\"EntryPoint\",\"urlTemplate\":\"https:\\\/\\\/www.directhealthcaregroup.com\\\/?s={search_term_string}\"},\"query-input\":{\"@type\":\"PropertyValueSpecification\",\"valueRequired\":true,\"valueName\":\"search_term_string\"}}],\"inLanguage\":\"fi\"},{\"@type\":\"Organization\",\"@id\":\"https:\\\/\\\/www.directhealthcaregroup.com\\\/#organization\",\"name\":\"Direct Healthcare Group\",\"url\":\"https:\\\/\\\/www.directhealthcaregroup.com\\\/\",\"logo\":{\"@type\":\"ImageObject\",\"inLanguage\":\"fi\",\"@id\":\"https:\\\/\\\/www.directhealthcaregroup.com\\\/#\\\/schema\\\/logo\\\/image\\\/\",\"url\":\"https:\\\/\\\/directhealthcaregroup.com\\\/app\\\/uploads\\\/dhg-logo.png\",\"contentUrl\":\"https:\\\/\\\/directhealthcaregroup.com\\\/app\\\/uploads\\\/dhg-logo.png\",\"width\":556,\"height\":240,\"caption\":\"Direct Healthcare Group\"},\"image\":{\"@id\":\"https:\\\/\\\/www.directhealthcaregroup.com\\\/#\\\/schema\\\/logo\\\/image\\\/\"}}]}<\/script>\n<!-- \/ Yoast SEO plugin. -->","yoast_head_json":{"title":"Painehaavapatjan vuokrauslomake | DHG","robots":{"index":"index","follow":"follow","max-snippet":"max-snippet:-1","max-image-preview":"max-image-preview:large","max-video-preview":"max-video-preview:-1"},"canonical":"https:\/\/www.directhealthcaregroup.com\/fi\/painehaavapatjan-vuokrauslomake\/","og_locale":"fi_FI","og_type":"article","og_title":"Painehaavapatjan vuokrauslomake | DHG","og_url":"https:\/\/www.directhealthcaregroup.com\/fi\/painehaavapatjan-vuokrauslomake\/","og_site_name":"DHG","article_modified_time":"2025-08-26T11:44:20+00:00","twitter_card":"summary_large_image","schema":{"@context":"https:\/\/schema.org","@graph":[{"@type":"WebPage","@id":"https:\/\/www.directhealthcaregroup.com\/fi\/painehaavapatjan-vuokrauslomake\/","url":"https:\/\/www.directhealthcaregroup.com\/fi\/painehaavapatjan-vuokrauslomake\/","name":"Painehaavapatjan vuokrauslomake | DHG","isPartOf":{"@id":"https:\/\/www.directhealthcaregroup.com\/#website"},"datePublished":"2025-05-13T14:10:05+00:00","dateModified":"2025-08-26T11:44:20+00:00","breadcrumb":{"@id":"https:\/\/www.directhealthcaregroup.com\/fi\/painehaavapatjan-vuokrauslomake\/#breadcrumb"},"inLanguage":"fi","potentialAction":[{"@type":"ReadAction","target":["https:\/\/www.directhealthcaregroup.com\/fi\/painehaavapatjan-vuokrauslomake\/"]}]},{"@type":"BreadcrumbList","@id":"https:\/\/www.directhealthcaregroup.com\/fi\/painehaavapatjan-vuokrauslomake\/#breadcrumb","itemListElement":[{"@type":"ListItem","position":1,"name":"Home","item":"https:\/\/www.directhealthcaregroup.com\/fi\/"},{"@type":"ListItem","position":2,"name":"Painehaavapatjan vuokrauslomake"}]},{"@type":"WebSite","@id":"https:\/\/www.directhealthcaregroup.com\/#website","url":"https:\/\/www.directhealthcaregroup.com\/","name":"DHG","description":"Moving Health Forward","publisher":{"@id":"https:\/\/www.directhealthcaregroup.com\/#organization"},"potentialAction":[{"@type":"SearchAction","target":{"@type":"EntryPoint","urlTemplate":"https:\/\/www.directhealthcaregroup.com\/?s={search_term_string}"},"query-input":{"@type":"PropertyValueSpecification","valueRequired":true,"valueName":"search_term_string"}}],"inLanguage":"fi"},{"@type":"Organization","@id":"https:\/\/www.directhealthcaregroup.com\/#organization","name":"Direct Healthcare Group","url":"https:\/\/www.directhealthcaregroup.com\/","logo":{"@type":"ImageObject","inLanguage":"fi","@id":"https:\/\/www.directhealthcaregroup.com\/#\/schema\/logo\/image\/","url":"https:\/\/directhealthcaregroup.com\/app\/uploads\/dhg-logo.png","contentUrl":"https:\/\/directhealthcaregroup.com\/app\/uploads\/dhg-logo.png","width":556,"height":240,"caption":"Direct Healthcare Group"},"image":{"@id":"https:\/\/www.directhealthcaregroup.com\/#\/schema\/logo\/image\/"}}]}},"_links":{"self":[{"href":"https:\/\/www.directhealthcaregroup.com\/fi\/wp-json\/wp\/v2\/pages\/247143","targetHints":{"allow":["GET"]}}],"collection":[{"href":"https:\/\/www.directhealthcaregroup.com\/fi\/wp-json\/wp\/v2\/pages"}],"about":[{"href":"https:\/\/www.directhealthcaregroup.com\/fi\/wp-json\/wp\/v2\/types\/page"}],"author":[{"embeddable":true,"href":"https:\/\/www.directhealthcaregroup.com\/fi\/wp-json\/wp\/v2\/users\/102"}],"replies":[{"embeddable":true,"href":"https:\/\/www.directhealthcaregroup.com\/fi\/wp-json\/wp\/v2\/comments?post=247143"}],"version-history":[{"count":6,"href":"https:\/\/www.directhealthcaregroup.com\/fi\/wp-json\/wp\/v2\/pages\/247143\/revisions"}],"predecessor-version":[{"id":249879,"href":"https:\/\/www.directhealthcaregroup.com\/fi\/wp-json\/wp\/v2\/pages\/247143\/revisions\/249879"}],"wp:attachment":[{"href":"https:\/\/www.directhealthcaregroup.com\/fi\/wp-json\/wp\/v2\/media?parent=247143"}],"curies":[{"name":"wp","href":"https:\/\/api.w.org\/{rel}","templated":true}]}}