{"id":247224,"date":"2025-05-15T10:12:14","date_gmt":"2025-05-15T09:12:14","guid":{"rendered":"https:\/\/www.directhealthcaregroup.com\/?page_id=247224"},"modified":"2025-08-26T15:49:54","modified_gmt":"2025-08-26T14:49:54","slug":"painehaavapatjan-vuokrauksen-paattaminen","status":"publish","type":"page","link":"https:\/\/www.directhealthcaregroup.com\/fi\/painehaavapatjan-vuokrauksen-paattaminen\/","title":{"rendered":"Painehaavapatjan vuokrauksen p\u00e4\u00e4tt\u00e4minen"},"content":{"rendered":"\n<script>\ndocument.addEventListener(\"DOMContentLoaded\", function () {\n    const observer = new MutationObserver(function (mutations) {\n        mutations.forEach(function (mutation) {\n            const errors = document.querySelectorAll(\".vfb-error-message\");\n            errors.forEach(function (error) {\n                if (error.textContent.includes(\"This value is required\")) {\n                    error.textContent = \"T\u00e4m\u00e4 kentt\u00e4 on pakollinen.\";\n                }\n            });\n        });\n    });\n\n    observer.observe(document.body, {\n        childList: true,\n        subtree: true\n    });\n});\n<\/script>\n\n\n<form method=\"post\" enctype=\"multipart\/form-data\" id=\"vfbp-form-85\" class=\"vfbp-form\"><div style=\"display:none;\"><label for=\"vfbp-EMAIL-AN8fuQyoDLXem\">If you are human, leave this field blank.<\/label><input size=\"25\" autocomplete=\"off\" type=\"text\" name=\"vfbp-EMAIL-AN8fuQyoDLXem\" value=\"\" id=\"\"><\/div><input type=\"hidden\" name=\"_vfb-timestamp-85\" value=\"1776483232\" id=\"\"><input type=\"hidden\" name=\"_vfb-form-id\" value=\"85\" id=\"\"><div class=\"vfb-form-group vfb-col-12\"><div><div class=\"\">Carital\u00ae- tai Quattro\u00ae-painehaavapatjan vuokrauksen p\u00e4\u00e4tt\u00e4misilmoitus<\/div><span class=\"vfb-help-block\">T\u00e4yt\u00e4 lomake soveltuvin osin.\r\n\r\nVoit ilmoittaa vuokrauksen p\u00e4\u00e4ttymisest\u00e4 my\u00f6s l\u00e4hett\u00e4m\u00e4ll\u00e4 s\u00e4hk\u00f6postia vuokraus(at)medimattress.fi.<\/span><\/div><\/div><div class=\"vfb-col-12 vfb-fieldType-heading\" id=\"vfbField1177\"><\/div><div class=\"vfb-clearfix\"><\/div><div class=\"vfb-col-12 vfb-fieldType-radio\" id=\"vfbField1284\"><label for=\"vfb-field-1284\" class=\"vfb-control-label\">Valitse painehaavapatja <span class=\"vfb-required-asterisk\">*<\/span><\/label><div><div class=\"vfb-radio\"><label><input id=\"vfb-field-1284-0\" class=\"\" placeholder=\"\" required=\"required\" type=\"radio\" name=\"vfb-field-1284\" value=\"Carital&reg; Optima\">Carital\u00ae Optima<\/label><\/div><div class=\"vfb-radio\"><label><input id=\"vfb-field-1284-1\" class=\"\" placeholder=\"\" required=\"required\" type=\"radio\" name=\"vfb-field-1284\" value=\"Carital&reg; OptimaEZ420\">Carital\u00ae OptimaEZ420<\/label><\/div><div class=\"vfb-radio\"><label><input id=\"vfb-field-1284-2\" class=\"\" placeholder=\"\" required=\"required\" type=\"radio\" name=\"vfb-field-1284\" value=\"Carital&reg; OptimaJuve\">Carital\u00ae OptimaJuve<\/label><\/div><div class=\"vfb-radio\"><label><input id=\"vfb-field-1284-3\" class=\"\" placeholder=\"\" required=\"required\" type=\"radio\" name=\"vfb-field-1284\" value=\"Carital&reg; OptimaCot\">Carital\u00ae OptimaCot<\/label><\/div><div class=\"vfb-radio\"><label><input id=\"vfb-field-1284-4\" class=\"\" placeholder=\"\" required=\"required\" type=\"radio\" name=\"vfb-field-1284\" value=\"Carital&reg; NeoICU\">Carital\u00ae NeoICU<\/label><\/div><div class=\"vfb-radio\"><label><input id=\"vfb-field-1284-5\" class=\"\" placeholder=\"\" required=\"required\" type=\"radio\" name=\"vfb-field-1284\" value=\"Carital&reg; NeoGiraffe\">Carital\u00ae NeoGiraffe<\/label><\/div><div class=\"vfb-radio\"><label><input id=\"vfb-field-1284-6\" class=\"\" placeholder=\"\" required=\"required\" type=\"radio\" name=\"vfb-field-1284\" value=\"Quattro&reg; Plus\">Quattro\u00ae Plus<\/label><\/div><div class=\"vfb-radio\"><label><input id=\"vfb-field-1284-7\" class=\"\" placeholder=\"\" required=\"required\" type=\"radio\" name=\"vfb-field-1284\" value=\"Quattro&reg; Acute\">Quattro\u00ae Acute<\/label><\/div><div class=\"vfb-radio\"><label><input id=\"vfb-field-1284-8\" class=\"\" placeholder=\"\" required=\"required\" type=\"radio\" name=\"vfb-field-1284\" value=\"Muu\">Muu<\/label><\/div><\/div><\/div><div class=\"vfb-clearfix\"><\/div><div class=\"vfb-col-12 vfb-fieldType-text\" id=\"vfbField1285\"><div class=\"vfb-form-group\"><label for=\"vfb-field-1285\" class=\"vfb-control-label\">Jos valitsit painehaavapatjaksi \u201cMuu\u201d, t\u00e4yt\u00e4 alla oleva kentt\u00e4 tarkentaaksesi patjan tuotenimi<\/label><div><input id=\"vfb-field-1285\" class=\"vfb-form-control\" placeholder=\"\" type=\"text\" name=\"vfb-field-1285\" value=\"\"><\/div><\/div><\/div><div class=\"vfb-clearfix\"><\/div><div class=\"vfb-col-12 vfb-fieldType-radio\" id=\"vfbField1179\"><label for=\"vfb-field-1179\" class=\"vfb-control-label\">Vuokrauksen tyyppi <span class=\"vfb-required-asterisk\">*<\/span><\/label><div><div class=\"vfb-radio\"><label><input id=\"vfb-field-1179-0\" class=\"\" placeholder=\"\" required=\"required\" type=\"radio\" name=\"vfb-field-1179\" value=\"Vuokrauksen lopetus\">Vuokrauksen lopetus<\/label><\/div><div class=\"vfb-radio\"><label><input id=\"vfb-field-1179-1\" class=\"\" placeholder=\"\" required=\"required\" type=\"radio\" name=\"vfb-field-1179\" value=\" Stand by -vuokrauksen lopetus\"> Stand by -vuokrauksen lopetus<\/label><\/div><\/div><\/div><div class=\"vfb-clearfix\"><\/div><div class=\"vfb-col-12 vfb-fieldType-date\" id=\"vfbField1180\"><div class=\"vfb-form-group\"><label for=\"vfb-field-1180\" class=\"vfb-control-label\">Vuokrauksen aloitusp\u00e4iv\u00e4m\u00e4\u00e4r\u00e4 <span class=\"vfb-required-asterisk\">*<\/span><\/label><div><input id=\"vfb-field-1180\" class=\"vfb-form-control\" placeholder=\"\" required=\"required\" data-provide=\"datepicker\" data-date-format=\"dd.mm.yyyy\" data-date-week-start=\"1\" data-date-start-view=\"0\" data-date-language=\"fi\" type=\"text\" name=\"vfb-field-1180\" value=\"\"><\/div><\/div><\/div><div class=\"vfb-clearfix\"><\/div><div class=\"vfb-col-12 vfb-fieldType-date\" id=\"vfbField1181\"><div class=\"vfb-form-group\"><label for=\"vfb-field-1181\" class=\"vfb-control-label\">Vuokrauksen p\u00e4\u00e4ttymisp\u00e4iv\u00e4m\u00e4\u00e4r\u00e4 <span class=\"vfb-required-asterisk\">*<\/span><\/label><div><input id=\"vfb-field-1181\" class=\"vfb-form-control\" placeholder=\"\" required=\"required\" data-provide=\"datepicker\" data-date-format=\"dd.mm.yyyy\" data-date-week-start=\"1\" data-date-start-view=\"0\" data-date-language=\"fi\" type=\"text\" name=\"vfb-field-1181\" value=\"\"><\/div><\/div><\/div><div class=\"vfb-clearfix\"><\/div><div class=\"vfb-col-12 vfb-fieldType-text\" id=\"vfbField1182\"><div class=\"vfb-form-group\"><label for=\"vfb-field-1182\" class=\"vfb-control-label\">Toimituspaikka (sairaala ym.) <span class=\"vfb-required-asterisk\">*<\/span><\/label><div><input id=\"vfb-field-1182\" class=\"vfb-form-control\" placeholder=\"\" required=\"required\" type=\"text\" name=\"vfb-field-1182\" value=\"\"><\/div><\/div><\/div><div class=\"vfb-clearfix\"><\/div><div class=\"vfb-col-12 vfb-fieldType-text\" id=\"vfbField1183\"><div class=\"vfb-form-group\"><label for=\"vfb-field-1183\" class=\"vfb-control-label\">Osasto \/ kustannuspaikka <span class=\"vfb-required-asterisk\">*<\/span><\/label><div><input id=\"vfb-field-1183\" class=\"vfb-form-control\" placeholder=\"\" required=\"required\" type=\"text\" name=\"vfb-field-1183\" value=\"\"><\/div><\/div><\/div><div class=\"vfb-clearfix\"><\/div><div class=\"vfb-col-12 vfb-fieldType-text\" id=\"vfbField1184\"><div class=\"vfb-form-group\"><label for=\"vfb-field-1184\" class=\"vfb-control-label\">Laskutuksen kustannuspaikka \/ sopimustiedot<\/label><div><input id=\"vfb-field-1184\" class=\"vfb-form-control\" placeholder=\"\" type=\"text\" name=\"vfb-field-1184\" value=\"\"><\/div><\/div><\/div><div class=\"vfb-clearfix\"><\/div><div class=\"vfb-col-12 vfb-fieldType-text\" id=\"vfbField1185\"><div class=\"vfb-form-group\"><label for=\"vfb-field-1185\" class=\"vfb-control-label\">L\u00e4hiosoite<\/label><div><input id=\"vfb-field-1185\" class=\"vfb-form-control\" placeholder=\"\" type=\"text\" name=\"vfb-field-1185\" value=\"\"><\/div><\/div><\/div><div class=\"vfb-clearfix\"><\/div><div class=\"vfb-col-12 vfb-fieldType-text\" id=\"vfbField1186\"><div class=\"vfb-form-group\"><label for=\"vfb-field-1186\" class=\"vfb-control-label\">Postinumero ja postitoimipaikka <span class=\"vfb-required-asterisk\">*<\/span><\/label><div><input id=\"vfb-field-1186\" class=\"vfb-form-control\" placeholder=\"\" required=\"required\" type=\"text\" name=\"vfb-field-1186\" value=\"\"><\/div><\/div><\/div><div class=\"vfb-clearfix\"><\/div><div class=\"vfb-col-12 vfb-fieldType-text\" id=\"vfbField1187\"><div class=\"vfb-form-group\"><label for=\"vfb-field-1187\" class=\"vfb-control-label\">Ilmoittajan nimi <span class=\"vfb-required-asterisk\">*<\/span><\/label><div><input id=\"vfb-field-1187\" class=\"vfb-form-control\" placeholder=\"\" required=\"required\" type=\"text\" name=\"vfb-field-1187\" value=\"\"><\/div><\/div><\/div><div class=\"vfb-clearfix\"><\/div><div class=\"vfb-col-12 vfb-fieldType-phone\" id=\"vfbField1188\"><div class=\"vfb-form-group\"><label for=\"vfb-field-1188\" class=\"vfb-control-label\">Ilmoittajan puhelinnumero <span class=\"vfb-required-asterisk\">*<\/span><\/label><div><input id=\"vfb-field-1188\" class=\"vfb-form-control vfb-intl-phone\" placeholder=\"\" required=\"required\" data-default-country=\"fi\" data-number-type=\"MOBILE\" data-hide-flags=\"1\" data-national-mode=\"1\" data-auto-hide-dial-code=\"1\" type=\"tel\" name=\"vfb-field-1188\" value=\"\"><\/div><\/div><\/div><div class=\"vfb-clearfix\"><\/div><div class=\"vfb-col-12 vfb-fieldType-email\" id=\"vfbField1189\"><div class=\"vfb-form-group\"><label for=\"vfb-field-1189\" class=\"vfb-control-label\">Ilmoittajan s\u00e4hk\u00f6posti <span class=\"vfb-required-asterisk\">*<\/span><\/label><div><input id=\"vfb-field-1189\" class=\"vfb-form-control\" placeholder=\"\" required=\"required\" type=\"email\" name=\"vfb-field-1189\" value=\"\"><\/div><\/div><\/div><div class=\"vfb-clearfix\"><\/div><div class=\"vfb-col-12 vfb-fieldType-text\" id=\"vfbField1190\"><div class=\"vfb-form-group\"><label for=\"vfb-field-1190\" class=\"vfb-control-label\">S\u00e4\u00e4t\u00f6laitteen sarjanumero <span class=\"vfb-required-asterisk\">*<\/span><\/label><div><input id=\"vfb-field-1190\" class=\"vfb-form-control\" placeholder=\"\" required=\"required\" type=\"text\" name=\"vfb-field-1190\" value=\"\"><span class=\"vfb-help-block\">S\u00e4\u00e4t\u00f6laitteen sarjanumero l\u00f6ytyy s\u00e4\u00e4t\u00f6laitteen tarrasta.<\/span><\/div><\/div><\/div><div class=\"vfb-clearfix\"><\/div><div class=\"vfb-col-12 vfb-fieldType-checkbox\" id=\"vfbField1191\"><label for=\"vfb-field-1191\" class=\"vfb-control-label\">Vuokratilauksen p\u00e4\u00e4tt\u00e4misen vahvistaminen <span class=\"vfb-required-asterisk\">*<\/span><\/label><div><div class=\"vfb-checkbox\"><label><input id=\"vfb-field-1191-0\" class=\"\" placeholder=\"\" data-vfb-multiple=\"vfb-field-1191\" required=\"required\" type=\"checkbox\" name=\"vfb-field-1191[0]\" value=\"1\"><p>Vahvistan vuokratilauksen p\u00e4\u00e4tt\u00e4misen ja hyv\u00e4ksyn <a href=\"https:\/\/www.directhealthcaregroup.com\/app\/uploads\/MediMattressin-tietosuojaseloste-A4-4-12-2019.pdf\" target=\"_blank\">tietosuojaselosteen<\/a>.<\/p><\/label><\/div><\/div><\/div><div class=\"vfb-clearfix\"><\/div><div class=\"vfb-col-12 vfb-fieldType-submit\" id=\"vfbField1192\"><button id=\"vfb-field-1192\" class=\" btn btn-primary\" placeholder=\"\" type=\"submit\" name=\"_vfb-submit\">L\u00e4het\u00e4<\/button><\/div><div class=\"vfb-clearfix\"><\/div><\/form>\n\n\n\n<p><\/p>\n","protected":false},"excerpt":{"rendered":"","protected":false},"author":102,"featured_media":0,"parent":0,"menu_order":0,"comment_status":"closed","ping_status":"closed","template":"","meta":{"_acf_changed":false,"footnotes":""},"class_list":["post-247224","page","type-page","status-publish","hentry"],"acf":[],"yoast_head":"<!-- This site is optimized with the Yoast SEO plugin v27.4 - https:\/\/yoast.com\/product\/yoast-seo-wordpress\/ -->\n<title>Painehaavapatjan vuokrauksen p\u00e4\u00e4tt\u00e4minen | DHG<\/title>\n<meta name=\"robots\" content=\"index, follow, max-snippet:-1, max-image-preview:large, max-video-preview:-1\" \/>\n<link rel=\"canonical\" href=\"https:\/\/www.directhealthcaregroup.com\/fi\/painehaavapatjan-vuokrauksen-paattaminen\/\" \/>\n<meta property=\"og:locale\" content=\"fi_FI\" \/>\n<meta property=\"og:type\" content=\"article\" \/>\n<meta property=\"og:title\" content=\"Painehaavapatjan vuokrauksen p\u00e4\u00e4tt\u00e4minen | DHG\" \/>\n<meta property=\"og:url\" content=\"https:\/\/www.directhealthcaregroup.com\/fi\/painehaavapatjan-vuokrauksen-paattaminen\/\" \/>\n<meta property=\"og:site_name\" content=\"DHG\" \/>\n<meta property=\"article:modified_time\" content=\"2025-08-26T14:49:54+00:00\" \/>\n<meta name=\"twitter:card\" content=\"summary_large_image\" \/>\n<script type=\"application\/ld+json\" class=\"yoast-schema-graph\">{\"@context\":\"https:\\\/\\\/schema.org\",\"@graph\":[{\"@type\":\"WebPage\",\"@id\":\"https:\\\/\\\/www.directhealthcaregroup.com\\\/fi\\\/painehaavapatjan-vuokrauksen-paattaminen\\\/\",\"url\":\"https:\\\/\\\/www.directhealthcaregroup.com\\\/fi\\\/painehaavapatjan-vuokrauksen-paattaminen\\\/\",\"name\":\"Painehaavapatjan vuokrauksen p\u00e4\u00e4tt\u00e4minen | DHG\",\"isPartOf\":{\"@id\":\"https:\\\/\\\/www.directhealthcaregroup.com\\\/#website\"},\"datePublished\":\"2025-05-15T09:12:14+00:00\",\"dateModified\":\"2025-08-26T14:49:54+00:00\",\"breadcrumb\":{\"@id\":\"https:\\\/\\\/www.directhealthcaregroup.com\\\/fi\\\/painehaavapatjan-vuokrauksen-paattaminen\\\/#breadcrumb\"},\"inLanguage\":\"fi\",\"potentialAction\":[{\"@type\":\"ReadAction\",\"target\":[\"https:\\\/\\\/www.directhealthcaregroup.com\\\/fi\\\/painehaavapatjan-vuokrauksen-paattaminen\\\/\"]}]},{\"@type\":\"BreadcrumbList\",\"@id\":\"https:\\\/\\\/www.directhealthcaregroup.com\\\/fi\\\/painehaavapatjan-vuokrauksen-paattaminen\\\/#breadcrumb\",\"itemListElement\":[{\"@type\":\"ListItem\",\"position\":1,\"name\":\"Home\",\"item\":\"https:\\\/\\\/www.directhealthcaregroup.com\\\/fi\\\/\"},{\"@type\":\"ListItem\",\"position\":2,\"name\":\"Painehaavapatjan vuokrauksen p\u00e4\u00e4tt\u00e4minen\"}]},{\"@type\":\"WebSite\",\"@id\":\"https:\\\/\\\/www.directhealthcaregroup.com\\\/#website\",\"url\":\"https:\\\/\\\/www.directhealthcaregroup.com\\\/\",\"name\":\"DHG\",\"description\":\"Moving Health Forward\",\"publisher\":{\"@id\":\"https:\\\/\\\/www.directhealthcaregroup.com\\\/#organization\"},\"potentialAction\":[{\"@type\":\"SearchAction\",\"target\":{\"@type\":\"EntryPoint\",\"urlTemplate\":\"https:\\\/\\\/www.directhealthcaregroup.com\\\/?s={search_term_string}\"},\"query-input\":{\"@type\":\"PropertyValueSpecification\",\"valueRequired\":true,\"valueName\":\"search_term_string\"}}],\"inLanguage\":\"fi\"},{\"@type\":\"Organization\",\"@id\":\"https:\\\/\\\/www.directhealthcaregroup.com\\\/#organization\",\"name\":\"Direct Healthcare Group\",\"url\":\"https:\\\/\\\/www.directhealthcaregroup.com\\\/\",\"logo\":{\"@type\":\"ImageObject\",\"inLanguage\":\"fi\",\"@id\":\"https:\\\/\\\/www.directhealthcaregroup.com\\\/#\\\/schema\\\/logo\\\/image\\\/\",\"url\":\"https:\\\/\\\/directhealthcaregroup.com\\\/app\\\/uploads\\\/dhg-logo.png\",\"contentUrl\":\"https:\\\/\\\/directhealthcaregroup.com\\\/app\\\/uploads\\\/dhg-logo.png\",\"width\":556,\"height\":240,\"caption\":\"Direct Healthcare Group\"},\"image\":{\"@id\":\"https:\\\/\\\/www.directhealthcaregroup.com\\\/#\\\/schema\\\/logo\\\/image\\\/\"}}]}<\/script>\n<!-- \/ Yoast SEO plugin. -->","yoast_head_json":{"title":"Painehaavapatjan vuokrauksen p\u00e4\u00e4tt\u00e4minen | DHG","robots":{"index":"index","follow":"follow","max-snippet":"max-snippet:-1","max-image-preview":"max-image-preview:large","max-video-preview":"max-video-preview:-1"},"canonical":"https:\/\/www.directhealthcaregroup.com\/fi\/painehaavapatjan-vuokrauksen-paattaminen\/","og_locale":"fi_FI","og_type":"article","og_title":"Painehaavapatjan vuokrauksen p\u00e4\u00e4tt\u00e4minen | DHG","og_url":"https:\/\/www.directhealthcaregroup.com\/fi\/painehaavapatjan-vuokrauksen-paattaminen\/","og_site_name":"DHG","article_modified_time":"2025-08-26T14:49:54+00:00","twitter_card":"summary_large_image","schema":{"@context":"https:\/\/schema.org","@graph":[{"@type":"WebPage","@id":"https:\/\/www.directhealthcaregroup.com\/fi\/painehaavapatjan-vuokrauksen-paattaminen\/","url":"https:\/\/www.directhealthcaregroup.com\/fi\/painehaavapatjan-vuokrauksen-paattaminen\/","name":"Painehaavapatjan vuokrauksen p\u00e4\u00e4tt\u00e4minen | DHG","isPartOf":{"@id":"https:\/\/www.directhealthcaregroup.com\/#website"},"datePublished":"2025-05-15T09:12:14+00:00","dateModified":"2025-08-26T14:49:54+00:00","breadcrumb":{"@id":"https:\/\/www.directhealthcaregroup.com\/fi\/painehaavapatjan-vuokrauksen-paattaminen\/#breadcrumb"},"inLanguage":"fi","potentialAction":[{"@type":"ReadAction","target":["https:\/\/www.directhealthcaregroup.com\/fi\/painehaavapatjan-vuokrauksen-paattaminen\/"]}]},{"@type":"BreadcrumbList","@id":"https:\/\/www.directhealthcaregroup.com\/fi\/painehaavapatjan-vuokrauksen-paattaminen\/#breadcrumb","itemListElement":[{"@type":"ListItem","position":1,"name":"Home","item":"https:\/\/www.directhealthcaregroup.com\/fi\/"},{"@type":"ListItem","position":2,"name":"Painehaavapatjan vuokrauksen p\u00e4\u00e4tt\u00e4minen"}]},{"@type":"WebSite","@id":"https:\/\/www.directhealthcaregroup.com\/#website","url":"https:\/\/www.directhealthcaregroup.com\/","name":"DHG","description":"Moving Health Forward","publisher":{"@id":"https:\/\/www.directhealthcaregroup.com\/#organization"},"potentialAction":[{"@type":"SearchAction","target":{"@type":"EntryPoint","urlTemplate":"https:\/\/www.directhealthcaregroup.com\/?s={search_term_string}"},"query-input":{"@type":"PropertyValueSpecification","valueRequired":true,"valueName":"search_term_string"}}],"inLanguage":"fi"},{"@type":"Organization","@id":"https:\/\/www.directhealthcaregroup.com\/#organization","name":"Direct Healthcare Group","url":"https:\/\/www.directhealthcaregroup.com\/","logo":{"@type":"ImageObject","inLanguage":"fi","@id":"https:\/\/www.directhealthcaregroup.com\/#\/schema\/logo\/image\/","url":"https:\/\/directhealthcaregroup.com\/app\/uploads\/dhg-logo.png","contentUrl":"https:\/\/directhealthcaregroup.com\/app\/uploads\/dhg-logo.png","width":556,"height":240,"caption":"Direct Healthcare Group"},"image":{"@id":"https:\/\/www.directhealthcaregroup.com\/#\/schema\/logo\/image\/"}}]}},"_links":{"self":[{"href":"https:\/\/www.directhealthcaregroup.com\/fi\/wp-json\/wp\/v2\/pages\/247224","targetHints":{"allow":["GET"]}}],"collection":[{"href":"https:\/\/www.directhealthcaregroup.com\/fi\/wp-json\/wp\/v2\/pages"}],"about":[{"href":"https:\/\/www.directhealthcaregroup.com\/fi\/wp-json\/wp\/v2\/types\/page"}],"author":[{"embeddable":true,"href":"https:\/\/www.directhealthcaregroup.com\/fi\/wp-json\/wp\/v2\/users\/102"}],"replies":[{"embeddable":true,"href":"https:\/\/www.directhealthcaregroup.com\/fi\/wp-json\/wp\/v2\/comments?post=247224"}],"version-history":[{"count":6,"href":"https:\/\/www.directhealthcaregroup.com\/fi\/wp-json\/wp\/v2\/pages\/247224\/revisions"}],"predecessor-version":[{"id":249892,"href":"https:\/\/www.directhealthcaregroup.com\/fi\/wp-json\/wp\/v2\/pages\/247224\/revisions\/249892"}],"wp:attachment":[{"href":"https:\/\/www.directhealthcaregroup.com\/fi\/wp-json\/wp\/v2\/media?parent=247224"}],"curies":[{"name":"wp","href":"https:\/\/api.w.org\/{rel}","templated":true}]}}