{"id":247239,"date":"2025-05-15T11:45:28","date_gmt":"2025-05-15T10:45:28","guid":{"rendered":"https:\/\/www.directhealthcaregroup.com\/?page_id=247239"},"modified":"2025-09-04T17:00:31","modified_gmt":"2025-09-04T16:00:31","slug":"huoltopyyntoilmoitus-painehaavapatjat","status":"publish","type":"page","link":"https:\/\/www.directhealthcaregroup.com\/fi\/huoltopyyntoilmoitus-painehaavapatjat\/","title":{"rendered":"Huoltopyynt\u00f6ilmoitus &#8211; painehaavapatjat"},"content":{"rendered":"\n<script>\ndocument.addEventListener(\"DOMContentLoaded\", function () {\n    const observer = new MutationObserver(function (mutations) {\n        mutations.forEach(function (mutation) {\n            const errors = document.querySelectorAll(\".vfb-error-message\");\n            errors.forEach(function (error) {\n                if (error.textContent.includes(\"This value is required\")) {\n                    error.textContent = \"T\u00e4m\u00e4 kentt\u00e4 on pakollinen.\";\n                }\n            });\n        });\n    });\n\n    observer.observe(document.body, {\n        childList: true,\n        subtree: true\n    });\n});\n<\/script>\n\n\n<form method=\"post\" enctype=\"multipart\/form-data\" id=\"vfbp-form-86\" class=\"vfbp-form\"><div style=\"display:none;\"><label for=\"vfbp-EMAIL-AN8fuQyoDLXem\">If you are human, leave this field blank.<\/label><input size=\"25\" autocomplete=\"off\" type=\"text\" name=\"vfbp-EMAIL-AN8fuQyoDLXem\" value=\"\" id=\"\"><\/div><input type=\"hidden\" name=\"_vfb-timestamp-86\" value=\"1776924496\" id=\"\"><input type=\"hidden\" name=\"_vfb-form-id\" value=\"86\" id=\"\"><div class=\"vfb-form-group vfb-col-12\"><div><div class=\"\">Huoltopyynt\u00f6ilmoitus - Carital\u00ae- tai Quattro\u00ae-painehaavapatjat<\/div><span class=\"vfb-help-block\">T\u00e4yt\u00e4 lomake soveltuvin osin. Huolto arkisin klo 8-16, puh. 030 640 40 45, huolto(at)medimattress.fi.<\/span><\/div><\/div><div class=\"vfb-col-12 vfb-fieldType-heading\" id=\"vfbField1193\"><\/div><div class=\"vfb-clearfix\"><\/div><div class=\"vfb-form-group vfb-col-12\"><div><div class=\"\">Asiakkaan yhteystiedot<\/div><\/div><\/div><div class=\"vfb-col-12 vfb-fieldType-heading\" id=\"vfbField1195\"><\/div><div class=\"vfb-clearfix\"><\/div><div class=\"vfb-col-12 vfb-fieldType-text\" id=\"vfbField1194\"><div class=\"vfb-form-group\"><label for=\"vfb-field-1194\" class=\"vfb-control-label\">Nimi <span class=\"vfb-required-asterisk\">*<\/span><\/label><div><input id=\"vfb-field-1194\" class=\"vfb-form-control\" placeholder=\"\" required=\"required\" type=\"text\" name=\"vfb-field-1194\" value=\"\"><\/div><\/div><\/div><div class=\"vfb-clearfix\"><\/div><div class=\"vfb-col-12 vfb-fieldType-text\" id=\"vfbField1196\"><div class=\"vfb-form-group\"><label for=\"vfb-field-1196\" class=\"vfb-control-label\">Toimipaikka<\/label><div><input id=\"vfb-field-1196\" class=\"vfb-form-control\" placeholder=\"\" type=\"text\" name=\"vfb-field-1196\" value=\"\"><\/div><\/div><\/div><div class=\"vfb-clearfix\"><\/div><div class=\"vfb-col-12 vfb-fieldType-text\" id=\"vfbField1197\"><div class=\"vfb-form-group\"><label for=\"vfb-field-1197\" class=\"vfb-control-label\">Osasto<\/label><div><input id=\"vfb-field-1197\" class=\"vfb-form-control\" placeholder=\"\" type=\"text\" name=\"vfb-field-1197\" value=\"\"><\/div><\/div><\/div><div class=\"vfb-clearfix\"><\/div><div class=\"vfb-col-12 vfb-fieldType-text\" id=\"vfbField1198\"><div class=\"vfb-form-group\"><label for=\"vfb-field-1198\" class=\"vfb-control-label\">L\u00e4hiosoite <span class=\"vfb-required-asterisk\">*<\/span><\/label><div><input id=\"vfb-field-1198\" class=\"vfb-form-control\" placeholder=\"\" required=\"required\" type=\"text\" name=\"vfb-field-1198\" value=\"\"><\/div><\/div><\/div><div class=\"vfb-clearfix\"><\/div><div class=\"vfb-col-12 vfb-fieldType-text\" id=\"vfbField1199\"><div class=\"vfb-form-group\"><label for=\"vfb-field-1199\" class=\"vfb-control-label\">Postinumero <span class=\"vfb-required-asterisk\">*<\/span><\/label><div><input id=\"vfb-field-1199\" class=\"vfb-form-control\" placeholder=\"\" required=\"required\" type=\"text\" name=\"vfb-field-1199\" value=\"\"><\/div><\/div><\/div><div class=\"vfb-clearfix\"><\/div><div class=\"vfb-col-12 vfb-fieldType-text\" id=\"vfbField1200\"><div class=\"vfb-form-group\"><label for=\"vfb-field-1200\" class=\"vfb-control-label\">Postitoimipaikka <span class=\"vfb-required-asterisk\">*<\/span><\/label><div><input id=\"vfb-field-1200\" class=\"vfb-form-control\" placeholder=\"\" required=\"required\" type=\"text\" name=\"vfb-field-1200\" value=\"\"><\/div><\/div><\/div><div class=\"vfb-clearfix\"><\/div><div class=\"vfb-col-12 vfb-fieldType-text\" id=\"vfbField1201\"><div class=\"vfb-form-group\"><label for=\"vfb-field-1201\" class=\"vfb-control-label\">Puhelinnumero <span class=\"vfb-required-asterisk\">*<\/span><\/label><div><input id=\"vfb-field-1201\" class=\"vfb-form-control\" placeholder=\"\" required=\"required\" type=\"text\" name=\"vfb-field-1201\" value=\"\"><\/div><\/div><\/div><div class=\"vfb-clearfix\"><\/div><div class=\"vfb-col-12 vfb-fieldType-email\" id=\"vfbField1203\"><div class=\"vfb-form-group\"><label for=\"vfb-field-1203\" class=\"vfb-control-label\">S\u00e4hk\u00f6posti <span class=\"vfb-required-asterisk\">*<\/span><\/label><div><input id=\"vfb-field-1203\" class=\"vfb-form-control\" placeholder=\"\" required=\"required\" type=\"email\" name=\"vfb-field-1203\" value=\"\"><\/div><\/div><\/div><div class=\"vfb-clearfix\"><\/div><div class=\"vfb-form-group vfb-col-12\"><div><div class=\"\">Jos laite on muussa osoitteessa, niin t\u00e4yt\u00e4 alla olevat tiedot<\/div><\/div><\/div><div class=\"vfb-col-12 vfb-fieldType-heading\" id=\"vfbField1204\"><\/div><div class=\"vfb-clearfix\"><\/div><div class=\"vfb-col-12 vfb-fieldType-text\" id=\"vfbField1205\"><div class=\"vfb-form-group\"><label for=\"vfb-field-1205\" class=\"vfb-control-label\">Nimi<\/label><div><input id=\"vfb-field-1205\" class=\"vfb-form-control\" placeholder=\"\" type=\"text\" name=\"vfb-field-1205\" value=\"\"><\/div><\/div><\/div><div class=\"vfb-clearfix\"><\/div><div class=\"vfb-col-12 vfb-fieldType-text\" id=\"vfbField1206\"><div class=\"vfb-form-group\"><label for=\"vfb-field-1206\" class=\"vfb-control-label\">L\u00e4hiosoite<\/label><div><input id=\"vfb-field-1206\" class=\"vfb-form-control\" placeholder=\"\" type=\"text\" name=\"vfb-field-1206\" value=\"\"><\/div><\/div><\/div><div class=\"vfb-clearfix\"><\/div><div class=\"vfb-col-12 vfb-fieldType-text\" id=\"vfbField1207\"><div class=\"vfb-form-group\"><label for=\"vfb-field-1207\" class=\"vfb-control-label\">Postinumero<\/label><div><input id=\"vfb-field-1207\" class=\"vfb-form-control\" placeholder=\"\" type=\"text\" name=\"vfb-field-1207\" value=\"\"><\/div><\/div><\/div><div class=\"vfb-clearfix\"><\/div><div class=\"vfb-col-12 vfb-fieldType-text\" id=\"vfbField1208\"><div class=\"vfb-form-group\"><label for=\"vfb-field-1208\" class=\"vfb-control-label\">Postitoimipaikka<\/label><div><input id=\"vfb-field-1208\" class=\"vfb-form-control\" placeholder=\"\" type=\"text\" name=\"vfb-field-1208\" value=\"\"><\/div><\/div><\/div><div class=\"vfb-clearfix\"><\/div><div class=\"vfb-col-12 vfb-fieldType-text\" id=\"vfbField1209\"><div class=\"vfb-form-group\"><label for=\"vfb-field-1209\" class=\"vfb-control-label\">Puhelinnumero<\/label><div><input id=\"vfb-field-1209\" class=\"vfb-form-control\" placeholder=\"\" type=\"text\" name=\"vfb-field-1209\" value=\"\"><\/div><\/div><\/div><div class=\"vfb-clearfix\"><\/div><div class=\"vfb-col-12 vfb-fieldType-email\" id=\"vfbField1210\"><div class=\"vfb-form-group\"><label for=\"vfb-field-1210\" class=\"vfb-control-label\">S\u00e4hk\u00f6posti<\/label><div><input id=\"vfb-field-1210\" class=\"vfb-form-control\" placeholder=\"\" type=\"email\" name=\"vfb-field-1210\" value=\"\"><\/div><\/div><\/div><div class=\"vfb-clearfix\"><\/div><div class=\"vfb-form-group vfb-col-12\"><div><div class=\"\">Painehaavapatjan tiedot<\/div><\/div><\/div><div class=\"vfb-col-12 vfb-fieldType-heading\" id=\"vfbField1304\"><\/div><div class=\"vfb-clearfix\"><\/div><div class=\"vfb-col-12 vfb-fieldType-radio\" id=\"vfbField1213\"><label for=\"vfb-field-1213\" class=\"vfb-control-label\">Valitse painehaavapatja<\/label><div><div class=\"vfb-radio\"><label><input id=\"vfb-field-1213-0\" class=\"\" placeholder=\"\" type=\"radio\" name=\"vfb-field-1213\" value=\"Carital&reg; Optima\">Carital\u00ae Optima<\/label><\/div><div class=\"vfb-radio\"><label><input id=\"vfb-field-1213-1\" class=\"\" placeholder=\"\" type=\"radio\" name=\"vfb-field-1213\" value=\"Carital&reg; OptimaEZ420\">Carital\u00ae OptimaEZ420<\/label><\/div><div class=\"vfb-radio\"><label><input id=\"vfb-field-1213-2\" class=\"\" placeholder=\"\" type=\"radio\" name=\"vfb-field-1213\" value=\"Carital&reg; OptimaJuve\">Carital\u00ae OptimaJuve<\/label><\/div><div class=\"vfb-radio\"><label><input id=\"vfb-field-1213-3\" class=\"\" placeholder=\"\" type=\"radio\" name=\"vfb-field-1213\" value=\"Carital&reg; OptimaCot\">Carital\u00ae OptimaCot<\/label><\/div><div class=\"vfb-radio\"><label><input id=\"vfb-field-1213-4\" class=\"\" placeholder=\"\" type=\"radio\" name=\"vfb-field-1213\" value=\"Carital&reg; NeoICU\">Carital\u00ae NeoICU<\/label><\/div><div class=\"vfb-radio\"><label><input id=\"vfb-field-1213-5\" class=\"\" placeholder=\"\" type=\"radio\" name=\"vfb-field-1213\" value=\"Carital&reg; NeoGiraffe\">Carital\u00ae NeoGiraffe<\/label><\/div><div class=\"vfb-radio\"><label><input id=\"vfb-field-1213-6\" class=\"\" placeholder=\"\" type=\"radio\" name=\"vfb-field-1213\" value=\"Quattro&reg; Plus\">Quattro\u00ae Plus<\/label><\/div><div class=\"vfb-radio\"><label><input id=\"vfb-field-1213-7\" class=\"\" placeholder=\"\" type=\"radio\" name=\"vfb-field-1213\" value=\"Quattro&reg; Acute\">Quattro\u00ae Acute<\/label><\/div><div class=\"vfb-radio\"><label><input id=\"vfb-field-1213-8\" class=\"\" placeholder=\"\" type=\"radio\" name=\"vfb-field-1213\" value=\"Muu\">Muu<\/label><\/div><\/div><\/div><div class=\"vfb-clearfix\"><\/div><div class=\"vfb-col-12 vfb-fieldType-text\" id=\"vfbField1214\"><div class=\"vfb-form-group\"><label for=\"vfb-field-1214\" class=\"vfb-control-label\">Jos valitsit makuualustaksi \u201cMuu\u201d, t\u00e4yt\u00e4 alla oleva kentt\u00e4 tarkentaaksesi patjan tuotenimi<\/label><div><input id=\"vfb-field-1214\" class=\"vfb-form-control\" placeholder=\"\" type=\"text\" name=\"vfb-field-1214\" value=\"\"><\/div><\/div><\/div><div class=\"vfb-clearfix\"><\/div><div class=\"vfb-col-12 vfb-fieldType-text\" id=\"vfbField1212\"><div class=\"vfb-form-group\"><label for=\"vfb-field-1212\" class=\"vfb-control-label\">S\u00e4\u00e4t\u00f6laitteen sarjanumero. L\u00f6ytyy s\u00e4\u00e4t\u00f6laitteen tarrasta.<\/label><div><input id=\"vfb-field-1212\" class=\"vfb-form-control\" placeholder=\"\" type=\"text\" name=\"vfb-field-1212\" value=\"\"><\/div><\/div><\/div><div class=\"vfb-clearfix\"><\/div><div class=\"vfb-col-12 vfb-fieldType-textarea\" id=\"vfbField1215\"><div class=\"vfb-form-group\"><label for=\"vfb-field-1215\" class=\"vfb-control-label\">Lyhyt kuvaus huollon tarpeesta<\/label><div><textarea id=\"vfb-field-1215\" class=\"vfb-form-control\" placeholder=\"\" rows=\"12\" name=\"vfb-field-1215\" cols=\"50\"><\/textarea><\/div><\/div><\/div><div class=\"vfb-clearfix\"><\/div><div class=\"vfb-col-12 vfb-fieldType-checkbox\" id=\"vfbField1216\"><label for=\"vfb-field-1216\" class=\"vfb-control-label\">Huoltopyynn\u00f6n vahvistaminen <span class=\"vfb-required-asterisk\">*<\/span><\/label><div><div class=\"vfb-checkbox\"><label><input id=\"vfb-field-1216-0\" class=\"\" placeholder=\"\" data-vfb-multiple=\"vfb-field-1216\" required=\"required\" type=\"checkbox\" name=\"vfb-field-1216[0]\" value=\"1\"><p>Vahvistan huoltopyynn\u00f6n ja hyv\u00e4ksyn <a href=\"https:\/\/www.directhealthcaregroup.com\/app\/uploads\/MediMattressin-tietosuojaseloste-A4-4-12-2019.pdf\" target=\"_blank\">tietosuojaselosteen<\/a>.<\/p><\/label><\/div><\/div><\/div><div class=\"vfb-clearfix\"><\/div><div class=\"vfb-col-12 vfb-fieldType-submit\" id=\"vfbField1217\"><button id=\"vfb-field-1217\" class=\" btn btn-primary\" placeholder=\"\" type=\"submit\" name=\"_vfb-submit\">L\u00e4het\u00e4<\/button><\/div><div class=\"vfb-clearfix\"><\/div><\/form>\n","protected":false},"excerpt":{"rendered":"","protected":false},"author":102,"featured_media":0,"parent":0,"menu_order":0,"comment_status":"closed","ping_status":"closed","template":"","meta":{"_acf_changed":false,"footnotes":""},"class_list":["post-247239","page","type-page","status-publish","hentry"],"acf":[],"yoast_head":"<!-- This site is optimized with the Yoast SEO plugin v27.4 - https:\/\/yoast.com\/product\/yoast-seo-wordpress\/ -->\n<title>Huoltopyynt\u00f6ilmoitus - painehaavapatjat | DHG<\/title>\n<meta name=\"robots\" content=\"index, follow, max-snippet:-1, max-image-preview:large, max-video-preview:-1\" \/>\n<link rel=\"canonical\" href=\"https:\/\/www.directhealthcaregroup.com\/fi\/huoltopyyntoilmoitus-painehaavapatjat\/\" \/>\n<meta property=\"og:locale\" content=\"fi_FI\" \/>\n<meta property=\"og:type\" content=\"article\" \/>\n<meta property=\"og:title\" content=\"Huoltopyynt\u00f6ilmoitus - painehaavapatjat | DHG\" \/>\n<meta property=\"og:url\" content=\"https:\/\/www.directhealthcaregroup.com\/fi\/huoltopyyntoilmoitus-painehaavapatjat\/\" \/>\n<meta property=\"og:site_name\" content=\"DHG\" \/>\n<meta property=\"article:modified_time\" content=\"2025-09-04T16:00:31+00:00\" \/>\n<meta name=\"twitter:card\" content=\"summary_large_image\" \/>\n<script type=\"application\/ld+json\" class=\"yoast-schema-graph\">{\"@context\":\"https:\\\/\\\/schema.org\",\"@graph\":[{\"@type\":\"WebPage\",\"@id\":\"https:\\\/\\\/www.directhealthcaregroup.com\\\/fi\\\/huoltopyyntoilmoitus-painehaavapatjat\\\/\",\"url\":\"https:\\\/\\\/www.directhealthcaregroup.com\\\/fi\\\/huoltopyyntoilmoitus-painehaavapatjat\\\/\",\"name\":\"Huoltopyynt\u00f6ilmoitus - painehaavapatjat | DHG\",\"isPartOf\":{\"@id\":\"https:\\\/\\\/www.directhealthcaregroup.com\\\/#website\"},\"datePublished\":\"2025-05-15T10:45:28+00:00\",\"dateModified\":\"2025-09-04T16:00:31+00:00\",\"breadcrumb\":{\"@id\":\"https:\\\/\\\/www.directhealthcaregroup.com\\\/fi\\\/huoltopyyntoilmoitus-painehaavapatjat\\\/#breadcrumb\"},\"inLanguage\":\"fi\",\"potentialAction\":[{\"@type\":\"ReadAction\",\"target\":[\"https:\\\/\\\/www.directhealthcaregroup.com\\\/fi\\\/huoltopyyntoilmoitus-painehaavapatjat\\\/\"]}]},{\"@type\":\"BreadcrumbList\",\"@id\":\"https:\\\/\\\/www.directhealthcaregroup.com\\\/fi\\\/huoltopyyntoilmoitus-painehaavapatjat\\\/#breadcrumb\",\"itemListElement\":[{\"@type\":\"ListItem\",\"position\":1,\"name\":\"Home\",\"item\":\"https:\\\/\\\/www.directhealthcaregroup.com\\\/fi\\\/\"},{\"@type\":\"ListItem\",\"position\":2,\"name\":\"Huoltopyynt\u00f6ilmoitus &#8211; painehaavapatjat\"}]},{\"@type\":\"WebSite\",\"@id\":\"https:\\\/\\\/www.directhealthcaregroup.com\\\/#website\",\"url\":\"https:\\\/\\\/www.directhealthcaregroup.com\\\/\",\"name\":\"DHG\",\"description\":\"Moving Health Forward\",\"publisher\":{\"@id\":\"https:\\\/\\\/www.directhealthcaregroup.com\\\/#organization\"},\"potentialAction\":[{\"@type\":\"SearchAction\",\"target\":{\"@type\":\"EntryPoint\",\"urlTemplate\":\"https:\\\/\\\/www.directhealthcaregroup.com\\\/?s={search_term_string}\"},\"query-input\":{\"@type\":\"PropertyValueSpecification\",\"valueRequired\":true,\"valueName\":\"search_term_string\"}}],\"inLanguage\":\"fi\"},{\"@type\":\"Organization\",\"@id\":\"https:\\\/\\\/www.directhealthcaregroup.com\\\/#organization\",\"name\":\"Direct Healthcare Group\",\"url\":\"https:\\\/\\\/www.directhealthcaregroup.com\\\/\",\"logo\":{\"@type\":\"ImageObject\",\"inLanguage\":\"fi\",\"@id\":\"https:\\\/\\\/www.directhealthcaregroup.com\\\/#\\\/schema\\\/logo\\\/image\\\/\",\"url\":\"https:\\\/\\\/directhealthcaregroup.com\\\/app\\\/uploads\\\/dhg-logo.png\",\"contentUrl\":\"https:\\\/\\\/directhealthcaregroup.com\\\/app\\\/uploads\\\/dhg-logo.png\",\"width\":556,\"height\":240,\"caption\":\"Direct Healthcare Group\"},\"image\":{\"@id\":\"https:\\\/\\\/www.directhealthcaregroup.com\\\/#\\\/schema\\\/logo\\\/image\\\/\"}}]}<\/script>\n<!-- \/ Yoast SEO plugin. -->","yoast_head_json":{"title":"Huoltopyynt\u00f6ilmoitus - painehaavapatjat | DHG","robots":{"index":"index","follow":"follow","max-snippet":"max-snippet:-1","max-image-preview":"max-image-preview:large","max-video-preview":"max-video-preview:-1"},"canonical":"https:\/\/www.directhealthcaregroup.com\/fi\/huoltopyyntoilmoitus-painehaavapatjat\/","og_locale":"fi_FI","og_type":"article","og_title":"Huoltopyynt\u00f6ilmoitus - painehaavapatjat | DHG","og_url":"https:\/\/www.directhealthcaregroup.com\/fi\/huoltopyyntoilmoitus-painehaavapatjat\/","og_site_name":"DHG","article_modified_time":"2025-09-04T16:00:31+00:00","twitter_card":"summary_large_image","schema":{"@context":"https:\/\/schema.org","@graph":[{"@type":"WebPage","@id":"https:\/\/www.directhealthcaregroup.com\/fi\/huoltopyyntoilmoitus-painehaavapatjat\/","url":"https:\/\/www.directhealthcaregroup.com\/fi\/huoltopyyntoilmoitus-painehaavapatjat\/","name":"Huoltopyynt\u00f6ilmoitus - painehaavapatjat | DHG","isPartOf":{"@id":"https:\/\/www.directhealthcaregroup.com\/#website"},"datePublished":"2025-05-15T10:45:28+00:00","dateModified":"2025-09-04T16:00:31+00:00","breadcrumb":{"@id":"https:\/\/www.directhealthcaregroup.com\/fi\/huoltopyyntoilmoitus-painehaavapatjat\/#breadcrumb"},"inLanguage":"fi","potentialAction":[{"@type":"ReadAction","target":["https:\/\/www.directhealthcaregroup.com\/fi\/huoltopyyntoilmoitus-painehaavapatjat\/"]}]},{"@type":"BreadcrumbList","@id":"https:\/\/www.directhealthcaregroup.com\/fi\/huoltopyyntoilmoitus-painehaavapatjat\/#breadcrumb","itemListElement":[{"@type":"ListItem","position":1,"name":"Home","item":"https:\/\/www.directhealthcaregroup.com\/fi\/"},{"@type":"ListItem","position":2,"name":"Huoltopyynt\u00f6ilmoitus &#8211; painehaavapatjat"}]},{"@type":"WebSite","@id":"https:\/\/www.directhealthcaregroup.com\/#website","url":"https:\/\/www.directhealthcaregroup.com\/","name":"DHG","description":"Moving Health Forward","publisher":{"@id":"https:\/\/www.directhealthcaregroup.com\/#organization"},"potentialAction":[{"@type":"SearchAction","target":{"@type":"EntryPoint","urlTemplate":"https:\/\/www.directhealthcaregroup.com\/?s={search_term_string}"},"query-input":{"@type":"PropertyValueSpecification","valueRequired":true,"valueName":"search_term_string"}}],"inLanguage":"fi"},{"@type":"Organization","@id":"https:\/\/www.directhealthcaregroup.com\/#organization","name":"Direct Healthcare Group","url":"https:\/\/www.directhealthcaregroup.com\/","logo":{"@type":"ImageObject","inLanguage":"fi","@id":"https:\/\/www.directhealthcaregroup.com\/#\/schema\/logo\/image\/","url":"https:\/\/directhealthcaregroup.com\/app\/uploads\/dhg-logo.png","contentUrl":"https:\/\/directhealthcaregroup.com\/app\/uploads\/dhg-logo.png","width":556,"height":240,"caption":"Direct Healthcare Group"},"image":{"@id":"https:\/\/www.directhealthcaregroup.com\/#\/schema\/logo\/image\/"}}]}},"_links":{"self":[{"href":"https:\/\/www.directhealthcaregroup.com\/fi\/wp-json\/wp\/v2\/pages\/247239","targetHints":{"allow":["GET"]}}],"collection":[{"href":"https:\/\/www.directhealthcaregroup.com\/fi\/wp-json\/wp\/v2\/pages"}],"about":[{"href":"https:\/\/www.directhealthcaregroup.com\/fi\/wp-json\/wp\/v2\/types\/page"}],"author":[{"embeddable":true,"href":"https:\/\/www.directhealthcaregroup.com\/fi\/wp-json\/wp\/v2\/users\/102"}],"replies":[{"embeddable":true,"href":"https:\/\/www.directhealthcaregroup.com\/fi\/wp-json\/wp\/v2\/comments?post=247239"}],"version-history":[{"count":7,"href":"https:\/\/www.directhealthcaregroup.com\/fi\/wp-json\/wp\/v2\/pages\/247239\/revisions"}],"predecessor-version":[{"id":250074,"href":"https:\/\/www.directhealthcaregroup.com\/fi\/wp-json\/wp\/v2\/pages\/247239\/revisions\/250074"}],"wp:attachment":[{"href":"https:\/\/www.directhealthcaregroup.com\/fi\/wp-json\/wp\/v2\/media?parent=247239"}],"curies":[{"name":"wp","href":"https:\/\/api.w.org\/{rel}","templated":true}]}}